{"id":23940,"date":"2024-03-01T16:47:36","date_gmt":"2024-03-01T15:47:36","guid":{"rendered":"https:\/\/u15jnbdpoq.preview.infomaniak.website\/produit\/100-weisse-schutzschuerzen-22-mikron\/"},"modified":"2026-05-08T02:16:53","modified_gmt":"2026-05-08T00:16:53","slug":"100-weisse-schutzschuerzen-22-mikron","status":"publish","type":"product","link":"https:\/\/www.csj-emballages.com\/de\/produit\/100-weisse-schutzschuerzen-22-mikron\/","title":{"rendered":"Wei\u00dfe Schutzsch\u00fcrze 22 Mikrometer, 100 St\u00fcck"},"content":{"rendered":"<h2>Schutzsch\u00fcrze<\/h2>\n<hr>\n<h3>Entdecken Sie unsere wei\u00dfe Schutzsch\u00fcrze 22 Mikrometer im 100er-Pack.<\/h3>\n<p><!--more--><\/p>\n<p data-start=\"201\" data-end=\"566\">Diese <strong data-start=\"204\" data-end=\"246\">wei\u00dfe Schutzsch\u00fcrze 22 Mikrometer<\/strong> ist die ideale L\u00f6sung, wenn Sie sich schnell, effektiv und unkompliziert sch\u00fctzen m\u00fcssen. Leicht, aber ausreichend widerstandsf\u00e4hig, bildet sie eine <strong>einfache Barriere gegen Spritzer<\/strong>, <strong>Fl\u00fcssigkeiten und allt\u00e4glichen Schmutz<\/strong>. Sie ist in wenigen Sekunden angelegt, sodass Sie sich auf Ihre Arbeit konzentrieren k\u00f6nnen, ohne dar\u00fcber nachzudenken.  <\/p>\n<p data-start=\"568\" data-end=\"912\">Dank ihrer St\u00e4rke von <strong data-start=\"593\" data-end=\"607\">22 Mikrometern<\/strong> bietet diese <strong>wei\u00dfe Sch\u00fcrze<\/strong> einen guten Kompromiss zwischen Flexibilit\u00e4t und Schutz. Sie macht jede Bewegung mit, ohne zu st\u00f6ren, was sie auch \u00fcber mehrere Stunden hinweg angenehm zu tragen macht. Ihre <strong>wei\u00dfe Farbe<\/strong> vermittelt ein sauberes und professionelles Bild, perfekt geeignet f\u00fcr Umgebungen, in denen Hygiene unerl\u00e4sslich ist.  <\/p>\n<p data-start=\"914\" data-end=\"1262\">Diese Sch\u00fcrze findet in vielen Bereichen ihren Einsatz: Gastronomie, Lebensmittelhandwerk, Lebensmittelindustrie, Reinigung, Labore oder auch \u00f6ffentliche Einrichtungen. Sie sch\u00fctzt die Kleidung und vermeidet wiederholtes Waschen. Und da sie ein Einwegprodukt ist, erm\u00f6glicht sie die Aufrechterhaltung eines konstanten Hygienestandards den ganzen Tag \u00fcber.  <\/p>\n<p data-start=\"1264\" data-end=\"1533\">Verkauft <strong data-start=\"1270\" data-end=\"1288\">im 100er-Pack<\/strong>, erf\u00fcllt sie perfekt die Bed\u00fcrfnisse von Profis, die eine praktische und wirtschaftliche L\u00f6sung suchen. Sie haben immer Vorrat zur Hand, bereit f\u00fcr den Einsatz in Sto\u00dfzeiten oder zur schnellen Ausstattung eines Teams. <\/p>\n<p data-start=\"1535\" data-end=\"1736\">Zusammenfassend l\u00e4sst sich sagen, diese <strong>Schutzsch\u00fcrze<\/strong> tut genau das, was man von ihr erwartet: Sie sch\u00fctzt, man bemerkt sie kaum und sie vereinfacht den Alltag. Ein unverzichtbares Hilfsmittel f\u00fcr sauberes Arbeiten, ohne Komplikationen. <\/p>\n<p data-start=\"1535\" data-end=\"1736\">\n<p data-start=\"1535\" data-end=\"1736\"><!--more--><\/p>\n<h4 data-start=\"1535\" data-end=\"1736\">Vorteile :<\/h4>\n<ul>\n<li data-start=\"1764\" data-end=\"1813\"><strong>St\u00e4rke 22 Mikrometer<\/strong> f\u00fcr guten Schutz.<\/li>\n<li data-start=\"1816\" data-end=\"1848\">Leicht und angenehm zu tragen.<\/li>\n<li data-start=\"1851\" data-end=\"1874\">Schnelles Einrichten.<\/li>\n<li data-start=\"1877\" data-end=\"1910\">Sauberes und professionelles Erscheinungsbild.<\/li>\n<li data-start=\"1913\" data-end=\"1966\">Ideal f\u00fcr hygienisch anspruchsvolle Umgebungen.<\/li>\n<li data-start=\"1969\" data-end=\"2000\">Wirtschaftliches Set von <strong>100 Sch\u00fcrzen<\/strong>.<\/li>\n<\/ul>\n<p>&nbsp;<\/p>\n<p><!--more--><\/p>\n<h4>Weitere Informationen :<\/h4>\n<ul>\n<li><strong>Verpackung: <\/strong>100er-Pack<\/li>\n<li><strong>Abmessungen: <\/strong>700 x 1200 mm (Brustumfang x L\u00e4nge)<\/li>\n<li><strong>Farbe: <\/strong>Wei\u00df<\/li>\n<li><strong>St\u00e4rke: <\/strong>20 \u00b5<\/li>\n<li><strong>Material: <\/strong>PE-LD: Polyethylen niedriger Dichte<\/li>\n<\/ul>\n<p>&nbsp;<\/p>\n<p><!--more--><\/p>\n<p><a href=\"https:\/\/www.csj-emballages.com\/categorie-produit\/hygiene-et-entretiens\/equipements-individuels\/?_gl=1*3fy4i0*_up*MQ..*_ga*MTY1ODY1Mjg3OS4xNzY5Njk4MzI1*_ga_YNVJLRSSZT*czE3Njk2OTgzMjQkbzEkZzAkdDE3Njk2OTgzMzAkajU0JGwwJGgxNTA2NTE1NTg0\">Sehen Sie sich den Rest unseres Sortiments an pers\u00f6nlicher Schutzausr\u00fcstung an<\/a><\/p>\n","protected":false},"excerpt":{"rendered":"<p>Schutzsch\u00fcrze Entdecken Sie unsere wei\u00dfe Schutzsch\u00fcrze 22 Mikrometer im 100er-Pack.<\/p>\n","protected":false},"featured_media":7975,"template":"","meta":{"_acf_changed":false},"product_brand":[],"product_cat":[1218,2348,3594],"product_tag":[],"class_list":{"0":"post-23940","1":"product","2":"type-product","3":"status-publish","4":"has-post-thumbnail","6":"product_cat-hygiene-und-pflege","7":"product_cat-individuelle-ausstattung","8":"product_cat-schurzen","10":"first","11":"outofstock","12":"taxable","13":"shipping-taxable","14":"purchasable","15":"product-type-simple"},"acf":[],"yoast_head":"<!-- This site is optimized with the Yoast SEO Premium plugin v26.6 (Yoast SEO v26.6) - https:\/\/yoast.com\/wordpress\/plugins\/seo\/ -->\n<title>Schutzsch\u00fcrze Wei\u00df 22 Mikrometer, 100 St\u00fcck<\/title>\n<meta name=\"description\" content=\"Wei\u00dfe Schutzsch\u00fcrze 22 Mikrometer. Leicht, praktisch und hygienisch, ideal f\u00fcr Gastronomie, Lebensmittelindustrie und professionelle Berufe.\" \/>\n<meta name=\"robots\" content=\"index, follow, max-snippet:-1, max-image-preview:large, max-video-preview:-1\" \/>\n<link rel=\"canonical\" href=\"https:\/\/www.csj-emballages.com\/de\/produit\/100-weisse-schutzschuerzen-22-mikron\/\" \/>\n<meta property=\"og:locale\" content=\"de_DE\" \/>\n<meta property=\"og:type\" content=\"article\" \/>\n<meta property=\"og:title\" content=\"Wei\u00dfe Schutzsch\u00fcrze 22 Mikrometer, 100 St\u00fcck\" \/>\n<meta property=\"og:description\" content=\"Wei\u00dfe Schutzsch\u00fcrze 22 Mikrometer. Leicht, praktisch und hygienisch, ideal f\u00fcr Gastronomie, Lebensmittelindustrie und professionelle Berufe.\" \/>\n<meta property=\"og:url\" content=\"https:\/\/www.csj-emballages.com\/de\/produit\/100-weisse-schutzschuerzen-22-mikron\/\" \/>\n<meta property=\"og:site_name\" content=\"CSJ Emballages\" \/>\n<meta property=\"article:publisher\" content=\"https:\/\/www.facebook.com\/csjemballages\" \/>\n<meta property=\"article:modified_time\" content=\"2026-05-08T00:16:53+00:00\" \/>\n<meta property=\"og:image\" content=\"https:\/\/www.csj-emballages.com\/wp-content\/uploads\/2024\/03\/tablier-blanc-zoom-jpg.webp\" \/>\n\t<meta property=\"og:image:width\" content=\"800\" \/>\n\t<meta property=\"og:image:height\" content=\"800\" \/>\n\t<meta property=\"og:image:type\" content=\"image\/jpeg\" \/>\n<meta name=\"twitter:card\" content=\"summary_large_image\" \/>\n<meta name=\"twitter:label1\" content=\"Gesch\u00e4tzte Lesezeit\" \/>\n\t<meta name=\"twitter:data1\" content=\"2 Minuten\" \/>\n<script type=\"application\/ld+json\" class=\"yoast-schema-graph\">{\"@context\":\"https:\/\/schema.org\",\"@graph\":[{\"@type\":\"WebPage\",\"@id\":\"https:\/\/www.csj-emballages.com\/de\/produit\/100-weisse-schutzschuerzen-22-mikron\/\",\"url\":\"https:\/\/www.csj-emballages.com\/de\/produit\/100-weisse-schutzschuerzen-22-mikron\/\",\"name\":\"Schutzsch\u00fcrze Wei\u00df 22 Mikrometer, 100 St\u00fcck\",\"isPartOf\":{\"@id\":\"https:\/\/www.csj-emballages.com\/de\/#website\"},\"primaryImageOfPage\":{\"@id\":\"https:\/\/www.csj-emballages.com\/de\/produit\/100-weisse-schutzschuerzen-22-mikron\/#primaryimage\"},\"image\":{\"@id\":\"https:\/\/www.csj-emballages.com\/de\/produit\/100-weisse-schutzschuerzen-22-mikron\/#primaryimage\"},\"thumbnailUrl\":\"https:\/\/www.csj-emballages.com\/wp-content\/uploads\/2024\/03\/tablier-blanc-zoom-jpg.webp\",\"datePublished\":\"2024-03-01T15:47:36+00:00\",\"dateModified\":\"2026-05-08T00:16:53+00:00\",\"description\":\"Wei\u00dfe Schutzsch\u00fcrze 22 Mikrometer. Leicht, praktisch und hygienisch, ideal f\u00fcr Gastronomie, Lebensmittelindustrie und professionelle Berufe.\",\"breadcrumb\":{\"@id\":\"https:\/\/www.csj-emballages.com\/de\/produit\/100-weisse-schutzschuerzen-22-mikron\/#breadcrumb\"},\"inLanguage\":\"de\",\"potentialAction\":[{\"@type\":\"ReadAction\",\"target\":[\"https:\/\/www.csj-emballages.com\/de\/produit\/100-weisse-schutzschuerzen-22-mikron\/\"]}]},{\"@type\":\"ImageObject\",\"inLanguage\":\"de\",\"@id\":\"https:\/\/www.csj-emballages.com\/de\/produit\/100-weisse-schutzschuerzen-22-mikron\/#primaryimage\",\"url\":\"https:\/\/www.csj-emballages.com\/wp-content\/uploads\/2024\/03\/tablier-blanc-zoom-jpg.webp\",\"contentUrl\":\"https:\/\/www.csj-emballages.com\/wp-content\/uploads\/2024\/03\/tablier-blanc-zoom-jpg.webp\",\"width\":800,\"height\":800},{\"@type\":\"BreadcrumbList\",\"@id\":\"https:\/\/www.csj-emballages.com\/de\/produit\/100-weisse-schutzschuerzen-22-mikron\/#breadcrumb\",\"itemListElement\":[{\"@type\":\"ListItem\",\"position\":1,\"name\":\"Accueil\",\"item\":\"https:\/\/www.csj-emballages.com\/de\/universum-lebensmittelverpackungen\/\"},{\"@type\":\"ListItem\",\"position\":2,\"name\":\"Shop\",\"item\":\"https:\/\/www.csj-emballages.com\/shop\/\"},{\"@type\":\"ListItem\",\"position\":3,\"name\":\"Wei\u00dfe Schutzsch\u00fcrze 22 Mikrometer, 100 St\u00fcck\"}]},{\"@type\":\"WebSite\",\"@id\":\"https:\/\/www.csj-emballages.com\/de\/#website\",\"url\":\"https:\/\/www.csj-emballages.com\/de\/\",\"name\":\"CSJ Emballages\",\"description\":\"\",\"publisher\":{\"@id\":\"https:\/\/www.csj-emballages.com\/de\/#organization\"},\"potentialAction\":[{\"@type\":\"SearchAction\",\"target\":{\"@type\":\"EntryPoint\",\"urlTemplate\":\"https:\/\/www.csj-emballages.com\/de\/?s={search_term_string}\"},\"query-input\":{\"@type\":\"PropertyValueSpecification\",\"valueRequired\":true,\"valueName\":\"search_term_string\"}}],\"inLanguage\":\"de\"},{\"@type\":\"Organization\",\"@id\":\"https:\/\/www.csj-emballages.com\/de\/#Organization\/\",\"name\":\"CSJ Emballages\",\"url\":\"https:\/\/www.csj-emballages.com\/de\/\",\"logo\":{\"@type\":\"ImageObject\",\"inLanguage\":\"de\",\"@id\":\"https:\/\/www.csj-emballages.com\/de\/#\/schema\/logo\/image\/\",\"url\":\"https:\/\/www.csj-emballages.com\/wp-content\/uploads\/2023\/10\/logo_csj.webp\",\"contentUrl\":\"https:\/\/www.csj-emballages.com\/wp-content\/uploads\/2023\/10\/logo_csj.webp\",\"width\":250,\"height\":95,\"caption\":\"CSJ Emballages\"},\"image\":{\"@id\":\"https:\/\/www.csj-emballages.com\/de\/#\/schema\/logo\/image\/\"},\"sameAs\":[\"https:\/\/www.facebook.com\/csjemballages\"],\"address\":{\"@type\":\"PostalAddress\",\"streetAddress\":\"ZI La Lechere\",\"addressLocality\":\"Patornay\",\"postalCode\":\"39130\",\"addressCountry\":\"FR\"},\"contactPoint\":[{\"@type\":\"ContactPoint\",\"contactType\":\"Service client\",\"telephone\":\"0384254272\",\"email\":\"contact@csj-emballages.com\"}]}]}<\/script>\n<!-- \/ Yoast SEO Premium plugin. -->","yoast_head_json":{"title":"Schutzsch\u00fcrze Wei\u00df 22 Mikrometer, 100 St\u00fcck","description":"Wei\u00dfe Schutzsch\u00fcrze 22 Mikrometer. Leicht, praktisch und hygienisch, ideal f\u00fcr Gastronomie, Lebensmittelindustrie und professionelle Berufe.","robots":{"index":"index","follow":"follow","max-snippet":"max-snippet:-1","max-image-preview":"max-image-preview:large","max-video-preview":"max-video-preview:-1"},"canonical":"https:\/\/www.csj-emballages.com\/de\/produit\/100-weisse-schutzschuerzen-22-mikron\/","og_locale":"de_DE","og_type":"article","og_title":"Wei\u00dfe Schutzsch\u00fcrze 22 Mikrometer, 100 St\u00fcck","og_description":"Wei\u00dfe Schutzsch\u00fcrze 22 Mikrometer. Leicht, praktisch und hygienisch, ideal f\u00fcr Gastronomie, Lebensmittelindustrie und professionelle Berufe.","og_url":"https:\/\/www.csj-emballages.com\/de\/produit\/100-weisse-schutzschuerzen-22-mikron\/","og_site_name":"CSJ Emballages","article_publisher":"https:\/\/www.facebook.com\/csjemballages","article_modified_time":"2026-05-08T00:16:53+00:00","og_image":[{"width":800,"height":800,"url":"https:\/\/www.csj-emballages.com\/wp-content\/uploads\/2024\/03\/tablier-blanc-zoom-jpg.webp","type":"image\/jpeg"}],"twitter_card":"summary_large_image","twitter_misc":{"Gesch\u00e4tzte Lesezeit":"2 Minuten"},"schema":{"@context":"https:\/\/schema.org","@graph":[{"@type":"WebPage","@id":"https:\/\/www.csj-emballages.com\/de\/produit\/100-weisse-schutzschuerzen-22-mikron\/","url":"https:\/\/www.csj-emballages.com\/de\/produit\/100-weisse-schutzschuerzen-22-mikron\/","name":"Schutzsch\u00fcrze Wei\u00df 22 Mikrometer, 100 St\u00fcck","isPartOf":{"@id":"https:\/\/www.csj-emballages.com\/de\/#website"},"primaryImageOfPage":{"@id":"https:\/\/www.csj-emballages.com\/de\/produit\/100-weisse-schutzschuerzen-22-mikron\/#primaryimage"},"image":{"@id":"https:\/\/www.csj-emballages.com\/de\/produit\/100-weisse-schutzschuerzen-22-mikron\/#primaryimage"},"thumbnailUrl":"https:\/\/www.csj-emballages.com\/wp-content\/uploads\/2024\/03\/tablier-blanc-zoom-jpg.webp","datePublished":"2024-03-01T15:47:36+00:00","dateModified":"2026-05-08T00:16:53+00:00","description":"Wei\u00dfe Schutzsch\u00fcrze 22 Mikrometer. Leicht, praktisch und hygienisch, ideal f\u00fcr Gastronomie, Lebensmittelindustrie und professionelle Berufe.","breadcrumb":{"@id":"https:\/\/www.csj-emballages.com\/de\/produit\/100-weisse-schutzschuerzen-22-mikron\/#breadcrumb"},"inLanguage":"de","potentialAction":[{"@type":"ReadAction","target":["https:\/\/www.csj-emballages.com\/de\/produit\/100-weisse-schutzschuerzen-22-mikron\/"]}]},{"@type":"ImageObject","inLanguage":"de","@id":"https:\/\/www.csj-emballages.com\/de\/produit\/100-weisse-schutzschuerzen-22-mikron\/#primaryimage","url":"https:\/\/www.csj-emballages.com\/wp-content\/uploads\/2024\/03\/tablier-blanc-zoom-jpg.webp","contentUrl":"https:\/\/www.csj-emballages.com\/wp-content\/uploads\/2024\/03\/tablier-blanc-zoom-jpg.webp","width":800,"height":800},{"@type":"BreadcrumbList","@id":"https:\/\/www.csj-emballages.com\/de\/produit\/100-weisse-schutzschuerzen-22-mikron\/#breadcrumb","itemListElement":[{"@type":"ListItem","position":1,"name":"Accueil","item":"https:\/\/www.csj-emballages.com\/de\/universum-lebensmittelverpackungen\/"},{"@type":"ListItem","position":2,"name":"Shop","item":"https:\/\/www.csj-emballages.com\/shop\/"},{"@type":"ListItem","position":3,"name":"Wei\u00dfe Schutzsch\u00fcrze 22 Mikrometer, 100 St\u00fcck"}]},{"@type":"WebSite","@id":"https:\/\/www.csj-emballages.com\/de\/#website","url":"https:\/\/www.csj-emballages.com\/de\/","name":"CSJ Emballages","description":"","publisher":{"@id":"https:\/\/www.csj-emballages.com\/de\/#organization"},"potentialAction":[{"@type":"SearchAction","target":{"@type":"EntryPoint","urlTemplate":"https:\/\/www.csj-emballages.com\/de\/?s={search_term_string}"},"query-input":{"@type":"PropertyValueSpecification","valueRequired":true,"valueName":"search_term_string"}}],"inLanguage":"de"},{"@type":"Organization","@id":"https:\/\/www.csj-emballages.com\/de\/#Organization\/","name":"CSJ Emballages","url":"https:\/\/www.csj-emballages.com\/de\/","logo":{"@type":"ImageObject","inLanguage":"de","@id":"https:\/\/www.csj-emballages.com\/de\/#\/schema\/logo\/image\/","url":"https:\/\/www.csj-emballages.com\/wp-content\/uploads\/2023\/10\/logo_csj.webp","contentUrl":"https:\/\/www.csj-emballages.com\/wp-content\/uploads\/2023\/10\/logo_csj.webp","width":250,"height":95,"caption":"CSJ Emballages"},"image":{"@id":"https:\/\/www.csj-emballages.com\/de\/#\/schema\/logo\/image\/"},"sameAs":["https:\/\/www.facebook.com\/csjemballages"],"address":{"@type":"PostalAddress","streetAddress":"ZI La Lechere","addressLocality":"Patornay","postalCode":"39130","addressCountry":"FR"},"contactPoint":[{"@type":"ContactPoint","contactType":"Service client","telephone":"0384254272","email":"contact@csj-emballages.com"}]}]}},"df_price":5.26,"df_sale_price":"","df_regular_price":5.26,"df_image_link":"https:\/\/www.csj-emballages.com\/wp-content\/uploads\/2024\/03\/tablier-blanc-zoom-300x300.webp","tiered_pricing_type":"fixed","tiered_pricing_fixed_rules":[],"tiered_pricing_percentage_rules":[],"tiered_pricing_minimum":1,"tiered_pricing_roles_data":[],"_links":{"self":[{"href":"https:\/\/www.csj-emballages.com\/de\/wp-json\/wp\/v2\/product\/23940","targetHints":{"allow":["GET"]}}],"collection":[{"href":"https:\/\/www.csj-emballages.com\/de\/wp-json\/wp\/v2\/product"}],"about":[{"href":"https:\/\/www.csj-emballages.com\/de\/wp-json\/wp\/v2\/types\/product"}],"wp:featuredmedia":[{"embeddable":true,"href":"https:\/\/www.csj-emballages.com\/de\/wp-json\/wp\/v2\/media\/7975"}],"wp:attachment":[{"href":"https:\/\/www.csj-emballages.com\/de\/wp-json\/wp\/v2\/media?parent=23940"}],"wp:term":[{"taxonomy":"product_brand","embeddable":true,"href":"https:\/\/www.csj-emballages.com\/de\/wp-json\/wp\/v2\/product_brand?post=23940"},{"taxonomy":"product_cat","embeddable":true,"href":"https:\/\/www.csj-emballages.com\/de\/wp-json\/wp\/v2\/product_cat?post=23940"},{"taxonomy":"product_tag","embeddable":true,"href":"https:\/\/www.csj-emballages.com\/de\/wp-json\/wp\/v2\/product_tag?post=23940"}],"curies":[{"name":"wp","href":"https:\/\/api.w.org\/{rel}","templated":true}]}}