{"id":23927,"date":"2024-03-01T16:47:37","date_gmt":"2024-03-01T15:47:37","guid":{"rendered":"https:\/\/u15jnbdpoq.preview.infomaniak.website\/produit\/ovale-plissierte-kisten-farblich-sortiert-105-x-40-x-25-mm\/"},"modified":"2026-03-12T16:46:31","modified_gmt":"2026-03-12T15:46:31","slug":"ovale-plissierte-kisten-farblich-sortiert-105-x-40-x-25-mm","status":"publish","type":"product","link":"https:\/\/www.csj-emballages.com\/de\/produit\/ovale-plissierte-kisten-farblich-sortiert-105-x-40-x-25-mm\/","title":{"rendered":"Ovale Papierkiste Plissiert Farbe 105 x 40 x 25 mm"},"content":{"rendered":"<h2>Ovale Papierkiste<\/h2>\n<hr>\n<h3>Beschreibung unserer Papierkiste oval plissiert Farbe 105 x 40 x 25 mm<\/h3>\n<p><!--more--><\/p>\n<p data-start=\"104\" data-end=\"593\">Entdecken Sie die <strong data-start=\"117\" data-end=\"176\">ovale, gefaltete, farbige Papierkiste 105 x 40 x 25 mm.<\/strong> Sie ist eine unverzichtbare L\u00f6sung, um Ihre Zubereitungen zu verfeinern und gleichzeitig eine gepflegte Pr\u00e4sentation zu gew\u00e4hrleisten. Sie ist aus <strong data-start=\"296\" data-end=\"329\">hochwertigem Lebensmittelpapier<\/strong> hergestellt und passt sich perfekt an die Bed\u00fcrfnisse von B\u00e4ckern, Konditoren, Feinkosth\u00e4ndlern und Gastronomen an. Dank ihrer <strong data-start=\"438\" data-end=\"461\">ovalen, gefalteten Form<\/strong> k\u00f6nnen Sie Ihre Produkte stabil halten, egal ob es sich um Petits Fours, Mignardises, salzige H\u00e4ppchen oder s\u00fc\u00dfe Leckereien handelt.  <\/p>\n<p data-start=\"595\" data-end=\"996\">Mit den Ma\u00dfen <strong data-start=\"618\" data-end=\"638\">105 x 40 x 25 mm<\/strong> bietet diese <strong>ovale Papierkiste<\/strong> ein praktisches Format f\u00fcr den Verkauf zum Mitnehmen, f\u00fcr die Pr\u00e4sentation im Schaufenster oder auf dem Buffet. Ihr <strong>farbenfrohes Design<\/strong> verleiht ihr einen <strong data-start=\"791\" data-end=\"821\">attraktiven visuellen Touch<\/strong>. Sie ist widerstandsf\u00e4hig und hygienisch, sch\u00fctzt Ihre Speisen und erleichtert die Handhabung.  <\/p>\n<p data-start=\"998\" data-end=\"1407\">Die Verwendung dieser <strong data-start=\"1034\" data-end=\"1051\">plissierten Papierkiste<\/strong> verhindert das Ankleben der Produkte und sorgt f\u00fcr eine schnelle und saubere Entnahme aus der Form. Sie ist auch f\u00fcr den direkten Kontakt mit Lebensmitteln geeignet und erf\u00fcllt somit die Normen f\u00fcr Lebensmittelsicherheit. Ob Sie nun Kuchen, individuelle Desserts oder H\u00e4ppchen anbieten, diese <strong>Kiste<\/strong> ist ein zuverl\u00e4ssiger und \u00e4sthetischer Werbetr\u00e4ger, der Ihr Know-how aufwertet.  <\/p>\n<p data-start=\"1409\" data-end=\"1785\">Die <strong data-start=\"1497\" data-end=\"1526\">ovale Papierkiste<\/strong> ist sowohl f\u00fcr Profis als auch f\u00fcr Privatpersonen mit einer Leidenschaft f\u00fcr Backwaren ideal. Sie ist ein erstklassiger Verb\u00fcndeter f\u00fcr erfolgreiche Pr\u00e4sentationen bei Veranstaltungen, Empf\u00e4ngen oder einfachen t\u00e4glichen Verk\u00e4ufen. Kurz gesagt, ihr raffiniertes Aussehen tr\u00e4gt dazu bei, das Qualit\u00e4tsimage Ihrer Produkte zu verst\u00e4rken und garantiert gleichzeitig eine harmonische und verf\u00fchrerische Pr\u00e4sentation. <\/p>\n<p data-start=\"1409\" data-end=\"1785\">\n<p data-start=\"1469\" data-end=\"1665\"><!--more--><\/p>\n<h4 data-start=\"1469\" data-end=\"1665\">Vorteile :<\/h4>\n<ul>\n<li><strong data-start=\"1810\" data-end=\"1827\">Format geeignet<\/strong> f\u00fcr H\u00e4ppchen, Mignardises und Petit Fours.<\/li>\n<li><strong data-start=\"1874\" data-end=\"1903\">Lebensmittelgeeignetes, plissiertes Papier<\/strong> f\u00fcr ein sauberes und schnelles Herausl\u00f6sen aus der Form.<\/li>\n<li><strong data-start=\"2013\" data-end=\"2040\">Optische Her<\/strong> vorhebung von Kreationen durch die attraktive Farbe.<\/li>\n<li><strong data-start=\"2089\" data-end=\"2126\">Hygienische und strapazierf\u00e4hige L\u00f6sung<\/strong> f\u00fcr das Gastgewerbe.<\/li>\n<\/ul>\n<p>&nbsp;<\/p>\n<p><!--more--><\/p>\n<h4>Weitere Informationen :<\/h4>\n<ul>\n<li><strong>Verpackung<\/strong>: Packung mit 1000 St\u00fcck<\/li>\n<li><strong>Abmessungen<\/strong>: 105 x 40 x 25 (L x B x H in mm)<\/li>\n<li><strong>Material<\/strong>: Papier<\/li>\n<li><strong>Farbe<\/strong>: Anis \/ Fuchsia \/ Zitrone \/ Orange<\/li>\n<\/ul>\n<h3><\/h3>\n<p><!--more--><\/p>\n<p><a href=\"https:\/\/www.csj-emballages.com\/de\/categorie-produit\/lebensmittelverpackungen\/backerei-und-konditorei\/kuchensohlenhalter\/plissierte-kisten\/\">Sehen Sie sich den Rest unseres Sortiments an plissierten Kisten an<\/a><\/p>\n","protected":false},"excerpt":{"rendered":"<p>Ovale Papierkiste Beschreibung unserer Papierkiste oval plissiert Farbe 105 x 40 x 25 mm<\/p>\n","protected":false},"featured_media":215461,"template":"","meta":{"_acf_changed":false},"product_brand":[],"product_cat":[1171,1925,3559,1265],"product_tag":[],"class_list":{"0":"post-23927","1":"product","2":"type-product","3":"status-publish","4":"has-post-thumbnail","6":"product_cat-backerei-und-konditorei","7":"product_cat-kuchensohlenhalter","8":"product_cat-plissierte-kisten","9":"product_cat-lagerbestande-promotion","11":"first","12":"instock","13":"sale","14":"taxable","15":"shipping-taxable","16":"purchasable","17":"product-type-simple"},"acf":[],"yoast_head":"<!-- This site is optimized with the Yoast SEO Premium plugin v26.6 (Yoast SEO v26.6) - https:\/\/yoast.com\/wordpress\/plugins\/seo\/ -->\n<title>Papierkiste Oval Plissiert Farbe 105 x 40 x 25 mm<\/title>\n<meta name=\"description\" content=\"Ovale, plissierte Papierkiste 105 x 40 x 25 mm, farbenfroh und widerstandsf\u00e4hig, ideal zum Pr\u00e4sentieren und Sch\u00fctzen Ihrer s\u00fc\u00dfen oder herzhaften Kreationen.\" \/>\n<meta name=\"robots\" content=\"index, follow, max-snippet:-1, max-image-preview:large, max-video-preview:-1\" \/>\n<link rel=\"canonical\" href=\"https:\/\/www.csj-emballages.com\/de\/produit\/ovale-plissierte-kisten-farblich-sortiert-105-x-40-x-25-mm\/\" \/>\n<meta property=\"og:locale\" content=\"de_DE\" \/>\n<meta property=\"og:type\" content=\"article\" \/>\n<meta property=\"og:title\" content=\"Ovale Papierkiste Plissiert Farbe 105 x 40 x 25 mm\" \/>\n<meta property=\"og:description\" content=\"Ovale, plissierte Papierkiste 105 x 40 x 25 mm, farbenfroh und widerstandsf\u00e4hig, ideal zum Pr\u00e4sentieren und Sch\u00fctzen Ihrer s\u00fc\u00dfen oder herzhaften Kreationen.\" \/>\n<meta property=\"og:url\" content=\"https:\/\/www.csj-emballages.com\/de\/produit\/ovale-plissierte-kisten-farblich-sortiert-105-x-40-x-25-mm\/\" \/>\n<meta property=\"og:site_name\" content=\"CSJ Emballages\" \/>\n<meta property=\"article:publisher\" content=\"https:\/\/www.facebook.com\/csjemballages\" \/>\n<meta property=\"article:modified_time\" content=\"2026-03-12T15:46:31+00:00\" \/>\n<meta property=\"og:image\" content=\"https:\/\/www.csj-emballages.com\/wp-content\/uploads\/2024\/03\/T88COU.webp\" \/>\n\t<meta property=\"og:image:width\" content=\"800\" \/>\n\t<meta property=\"og:image:height\" content=\"800\" \/>\n\t<meta property=\"og:image:type\" content=\"image\/webp\" \/>\n<meta name=\"twitter:card\" content=\"summary_large_image\" \/>\n<meta name=\"twitter:label1\" content=\"Gesch\u00e4tzte Lesezeit\" \/>\n\t<meta name=\"twitter:data1\" content=\"2 Minuten\" \/>\n<script type=\"application\/ld+json\" class=\"yoast-schema-graph\">{\"@context\":\"https:\/\/schema.org\",\"@graph\":[{\"@type\":\"WebPage\",\"@id\":\"https:\/\/www.csj-emballages.com\/de\/produit\/ovale-plissierte-kisten-farblich-sortiert-105-x-40-x-25-mm\/\",\"url\":\"https:\/\/www.csj-emballages.com\/de\/produit\/ovale-plissierte-kisten-farblich-sortiert-105-x-40-x-25-mm\/\",\"name\":\"Papierkiste Oval Plissiert Farbe 105 x 40 x 25 mm\",\"isPartOf\":{\"@id\":\"https:\/\/www.csj-emballages.com\/de\/#website\"},\"primaryImageOfPage\":{\"@id\":\"https:\/\/www.csj-emballages.com\/de\/produit\/ovale-plissierte-kisten-farblich-sortiert-105-x-40-x-25-mm\/#primaryimage\"},\"image\":{\"@id\":\"https:\/\/www.csj-emballages.com\/de\/produit\/ovale-plissierte-kisten-farblich-sortiert-105-x-40-x-25-mm\/#primaryimage\"},\"thumbnailUrl\":\"https:\/\/www.csj-emballages.com\/wp-content\/uploads\/2024\/03\/T88COU.webp\",\"datePublished\":\"2024-03-01T15:47:37+00:00\",\"dateModified\":\"2026-03-12T15:46:31+00:00\",\"description\":\"Ovale, plissierte Papierkiste 105 x 40 x 25 mm, farbenfroh und widerstandsf\u00e4hig, ideal zum Pr\u00e4sentieren und Sch\u00fctzen Ihrer s\u00fc\u00dfen oder herzhaften Kreationen.\",\"breadcrumb\":{\"@id\":\"https:\/\/www.csj-emballages.com\/de\/produit\/ovale-plissierte-kisten-farblich-sortiert-105-x-40-x-25-mm\/#breadcrumb\"},\"inLanguage\":\"de\",\"potentialAction\":[{\"@type\":\"ReadAction\",\"target\":[\"https:\/\/www.csj-emballages.com\/de\/produit\/ovale-plissierte-kisten-farblich-sortiert-105-x-40-x-25-mm\/\"]}]},{\"@type\":\"ImageObject\",\"inLanguage\":\"de\",\"@id\":\"https:\/\/www.csj-emballages.com\/de\/produit\/ovale-plissierte-kisten-farblich-sortiert-105-x-40-x-25-mm\/#primaryimage\",\"url\":\"https:\/\/www.csj-emballages.com\/wp-content\/uploads\/2024\/03\/T88COU.webp\",\"contentUrl\":\"https:\/\/www.csj-emballages.com\/wp-content\/uploads\/2024\/03\/T88COU.webp\",\"width\":800,\"height\":800,\"caption\":\"Caissette papier\"},{\"@type\":\"BreadcrumbList\",\"@id\":\"https:\/\/www.csj-emballages.com\/de\/produit\/ovale-plissierte-kisten-farblich-sortiert-105-x-40-x-25-mm\/#breadcrumb\",\"itemListElement\":[{\"@type\":\"ListItem\",\"position\":1,\"name\":\"Accueil\",\"item\":\"https:\/\/www.csj-emballages.com\/de\/universum-lebensmittelverpackungen\/\"},{\"@type\":\"ListItem\",\"position\":2,\"name\":\"Shop\",\"item\":\"https:\/\/www.csj-emballages.com\/shop\/\"},{\"@type\":\"ListItem\",\"position\":3,\"name\":\"Ovale Papierkiste Plissiert Farbe 105 x 40 x 25 mm\"}]},{\"@type\":\"WebSite\",\"@id\":\"https:\/\/www.csj-emballages.com\/de\/#website\",\"url\":\"https:\/\/www.csj-emballages.com\/de\/\",\"name\":\"CSJ Emballages\",\"description\":\"\",\"publisher\":{\"@id\":\"https:\/\/www.csj-emballages.com\/de\/#organization\"},\"potentialAction\":[{\"@type\":\"SearchAction\",\"target\":{\"@type\":\"EntryPoint\",\"urlTemplate\":\"https:\/\/www.csj-emballages.com\/de\/?s={search_term_string}\"},\"query-input\":{\"@type\":\"PropertyValueSpecification\",\"valueRequired\":true,\"valueName\":\"search_term_string\"}}],\"inLanguage\":\"de\"},{\"@type\":\"Organization\",\"@id\":\"https:\/\/www.csj-emballages.com\/de\/#Organization\/\",\"name\":\"CSJ Emballages\",\"url\":\"https:\/\/www.csj-emballages.com\/de\/\",\"logo\":{\"@type\":\"ImageObject\",\"inLanguage\":\"de\",\"@id\":\"https:\/\/www.csj-emballages.com\/de\/#\/schema\/logo\/image\/\",\"url\":\"https:\/\/www.csj-emballages.com\/wp-content\/uploads\/2023\/10\/logo_csj.webp\",\"contentUrl\":\"https:\/\/www.csj-emballages.com\/wp-content\/uploads\/2023\/10\/logo_csj.webp\",\"width\":250,\"height\":95,\"caption\":\"CSJ Emballages\"},\"image\":{\"@id\":\"https:\/\/www.csj-emballages.com\/de\/#\/schema\/logo\/image\/\"},\"sameAs\":[\"https:\/\/www.facebook.com\/csjemballages\"],\"address\":{\"@type\":\"PostalAddress\",\"streetAddress\":\"ZI La Lechere\",\"addressLocality\":\"Patornay\",\"postalCode\":\"39130\",\"addressCountry\":\"FR\"},\"contactPoint\":[{\"@type\":\"ContactPoint\",\"contactType\":\"Service client\",\"telephone\":\"0384254272\",\"email\":\"contact@csj-emballages.com\"}]}]}<\/script>\n<!-- \/ Yoast SEO Premium plugin. -->","yoast_head_json":{"title":"Papierkiste Oval Plissiert Farbe 105 x 40 x 25 mm","description":"Ovale, plissierte Papierkiste 105 x 40 x 25 mm, farbenfroh und widerstandsf\u00e4hig, ideal zum Pr\u00e4sentieren und Sch\u00fctzen Ihrer s\u00fc\u00dfen oder herzhaften Kreationen.","robots":{"index":"index","follow":"follow","max-snippet":"max-snippet:-1","max-image-preview":"max-image-preview:large","max-video-preview":"max-video-preview:-1"},"canonical":"https:\/\/www.csj-emballages.com\/de\/produit\/ovale-plissierte-kisten-farblich-sortiert-105-x-40-x-25-mm\/","og_locale":"de_DE","og_type":"article","og_title":"Ovale Papierkiste Plissiert Farbe 105 x 40 x 25 mm","og_description":"Ovale, plissierte Papierkiste 105 x 40 x 25 mm, farbenfroh und widerstandsf\u00e4hig, ideal zum Pr\u00e4sentieren und Sch\u00fctzen Ihrer s\u00fc\u00dfen oder herzhaften Kreationen.","og_url":"https:\/\/www.csj-emballages.com\/de\/produit\/ovale-plissierte-kisten-farblich-sortiert-105-x-40-x-25-mm\/","og_site_name":"CSJ Emballages","article_publisher":"https:\/\/www.facebook.com\/csjemballages","article_modified_time":"2026-03-12T15:46:31+00:00","og_image":[{"width":800,"height":800,"url":"https:\/\/www.csj-emballages.com\/wp-content\/uploads\/2024\/03\/T88COU.webp","type":"image\/webp"}],"twitter_card":"summary_large_image","twitter_misc":{"Gesch\u00e4tzte Lesezeit":"2 Minuten"},"schema":{"@context":"https:\/\/schema.org","@graph":[{"@type":"WebPage","@id":"https:\/\/www.csj-emballages.com\/de\/produit\/ovale-plissierte-kisten-farblich-sortiert-105-x-40-x-25-mm\/","url":"https:\/\/www.csj-emballages.com\/de\/produit\/ovale-plissierte-kisten-farblich-sortiert-105-x-40-x-25-mm\/","name":"Papierkiste Oval Plissiert Farbe 105 x 40 x 25 mm","isPartOf":{"@id":"https:\/\/www.csj-emballages.com\/de\/#website"},"primaryImageOfPage":{"@id":"https:\/\/www.csj-emballages.com\/de\/produit\/ovale-plissierte-kisten-farblich-sortiert-105-x-40-x-25-mm\/#primaryimage"},"image":{"@id":"https:\/\/www.csj-emballages.com\/de\/produit\/ovale-plissierte-kisten-farblich-sortiert-105-x-40-x-25-mm\/#primaryimage"},"thumbnailUrl":"https:\/\/www.csj-emballages.com\/wp-content\/uploads\/2024\/03\/T88COU.webp","datePublished":"2024-03-01T15:47:37+00:00","dateModified":"2026-03-12T15:46:31+00:00","description":"Ovale, plissierte Papierkiste 105 x 40 x 25 mm, farbenfroh und widerstandsf\u00e4hig, ideal zum Pr\u00e4sentieren und Sch\u00fctzen Ihrer s\u00fc\u00dfen oder herzhaften Kreationen.","breadcrumb":{"@id":"https:\/\/www.csj-emballages.com\/de\/produit\/ovale-plissierte-kisten-farblich-sortiert-105-x-40-x-25-mm\/#breadcrumb"},"inLanguage":"de","potentialAction":[{"@type":"ReadAction","target":["https:\/\/www.csj-emballages.com\/de\/produit\/ovale-plissierte-kisten-farblich-sortiert-105-x-40-x-25-mm\/"]}]},{"@type":"ImageObject","inLanguage":"de","@id":"https:\/\/www.csj-emballages.com\/de\/produit\/ovale-plissierte-kisten-farblich-sortiert-105-x-40-x-25-mm\/#primaryimage","url":"https:\/\/www.csj-emballages.com\/wp-content\/uploads\/2024\/03\/T88COU.webp","contentUrl":"https:\/\/www.csj-emballages.com\/wp-content\/uploads\/2024\/03\/T88COU.webp","width":800,"height":800,"caption":"Caissette papier"},{"@type":"BreadcrumbList","@id":"https:\/\/www.csj-emballages.com\/de\/produit\/ovale-plissierte-kisten-farblich-sortiert-105-x-40-x-25-mm\/#breadcrumb","itemListElement":[{"@type":"ListItem","position":1,"name":"Accueil","item":"https:\/\/www.csj-emballages.com\/de\/universum-lebensmittelverpackungen\/"},{"@type":"ListItem","position":2,"name":"Shop","item":"https:\/\/www.csj-emballages.com\/shop\/"},{"@type":"ListItem","position":3,"name":"Ovale Papierkiste Plissiert Farbe 105 x 40 x 25 mm"}]},{"@type":"WebSite","@id":"https:\/\/www.csj-emballages.com\/de\/#website","url":"https:\/\/www.csj-emballages.com\/de\/","name":"CSJ Emballages","description":"","publisher":{"@id":"https:\/\/www.csj-emballages.com\/de\/#organization"},"potentialAction":[{"@type":"SearchAction","target":{"@type":"EntryPoint","urlTemplate":"https:\/\/www.csj-emballages.com\/de\/?s={search_term_string}"},"query-input":{"@type":"PropertyValueSpecification","valueRequired":true,"valueName":"search_term_string"}}],"inLanguage":"de"},{"@type":"Organization","@id":"https:\/\/www.csj-emballages.com\/de\/#Organization\/","name":"CSJ Emballages","url":"https:\/\/www.csj-emballages.com\/de\/","logo":{"@type":"ImageObject","inLanguage":"de","@id":"https:\/\/www.csj-emballages.com\/de\/#\/schema\/logo\/image\/","url":"https:\/\/www.csj-emballages.com\/wp-content\/uploads\/2023\/10\/logo_csj.webp","contentUrl":"https:\/\/www.csj-emballages.com\/wp-content\/uploads\/2023\/10\/logo_csj.webp","width":250,"height":95,"caption":"CSJ Emballages"},"image":{"@id":"https:\/\/www.csj-emballages.com\/de\/#\/schema\/logo\/image\/"},"sameAs":["https:\/\/www.facebook.com\/csjemballages"],"address":{"@type":"PostalAddress","streetAddress":"ZI La Lechere","addressLocality":"Patornay","postalCode":"39130","addressCountry":"FR"},"contactPoint":[{"@type":"ContactPoint","contactType":"Service client","telephone":"0384254272","email":"contact@csj-emballages.com"}]}]}},"df_price":20.38,"df_sale_price":20.38,"df_regular_price":25.48,"df_image_link":"https:\/\/www.csj-emballages.com\/wp-content\/uploads\/2024\/03\/T88COU-300x300.webp","tiered_pricing_type":"fixed","tiered_pricing_fixed_rules":[],"tiered_pricing_percentage_rules":[],"tiered_pricing_minimum":1,"tiered_pricing_roles_data":[],"_links":{"self":[{"href":"https:\/\/www.csj-emballages.com\/de\/wp-json\/wp\/v2\/product\/23927","targetHints":{"allow":["GET"]}}],"collection":[{"href":"https:\/\/www.csj-emballages.com\/de\/wp-json\/wp\/v2\/product"}],"about":[{"href":"https:\/\/www.csj-emballages.com\/de\/wp-json\/wp\/v2\/types\/product"}],"wp:featuredmedia":[{"embeddable":true,"href":"https:\/\/www.csj-emballages.com\/de\/wp-json\/wp\/v2\/media\/215461"}],"wp:attachment":[{"href":"https:\/\/www.csj-emballages.com\/de\/wp-json\/wp\/v2\/media?parent=23927"}],"wp:term":[{"taxonomy":"product_brand","embeddable":true,"href":"https:\/\/www.csj-emballages.com\/de\/wp-json\/wp\/v2\/product_brand?post=23927"},{"taxonomy":"product_cat","embeddable":true,"href":"https:\/\/www.csj-emballages.com\/de\/wp-json\/wp\/v2\/product_cat?post=23927"},{"taxonomy":"product_tag","embeddable":true,"href":"https:\/\/www.csj-emballages.com\/de\/wp-json\/wp\/v2\/product_tag?post=23927"}],"curies":[{"name":"wp","href":"https:\/\/api.w.org\/{rel}","templated":true}]}}