{"id":23908,"date":"2024-03-01T16:47:37","date_gmt":"2024-03-01T15:47:37","guid":{"rendered":"https:\/\/u15jnbdpoq.preview.infomaniak.website\/produit\/50-schwarze-halterungen-quadratisch-kunststoff-mundstueck-8-cm\/"},"modified":"2026-05-07T02:20:56","modified_gmt":"2026-05-07T00:20:56","slug":"50-schwarze-halterungen-quadratisch-kunststoff-mundstueck-8-cm","status":"publish","type":"product","link":"https:\/\/www.csj-emballages.com\/de\/produit\/50-schwarze-halterungen-quadratisch-kunststoff-mundstueck-8-cm\/","title":{"rendered":"Schwarzer Halter quadratisch Kunststoff Mundst\u00fcck 8 cm pro 50"},"content":{"rendered":"<h2>Schwarzer St\u00e4nder<\/h2>\n<hr>\n<h3>Beschreibung von unserem schwarzen quadratischen Plastikst\u00e4nder &#8222;mise en bouche&#8220; 8 cm pro 50<\/h3>\n<p><!--more--><\/p>\n<p data-start=\"255\" data-end=\"587\">Entdecken Sie den <strong data-start=\"268\" data-end=\"345\">schwarzen, quadratischen Kunststoffhalter f\u00fcr Appetith\u00e4ppchen &#8211; 8 cm pro 50 St\u00fcck<\/strong>, ein Muss f\u00fcr Ihre kulinarischen Pr\u00e4sentationen. Dieser elegante und praktische St\u00e4nder, der sowohl f\u00fcr die professionelle Gastronomie als auch f\u00fcr passionierte Privatpersonen gedacht ist, bringt Ihre gastronomischen Kreationen perfekt zur Geltung. Mit seinem <strong>quadratischen<\/strong> Format <strong>von 8 cm<\/strong> bietet er ein ideales Gleichgewicht zwischen Schlichtheit und Raffinesse. Dank seiner <strong data-start=\"682\" data-end=\"707\">tiefschwarzen Farbe<\/strong> schafft er einen visuellen Kontrast, der die Farben und Texturen Ihrer Zubereitungen hervorhebt: salzige oder s\u00fc\u00dfe Appetith\u00e4ppchen. Au\u00dferdem wird jedes Detail Ihrer Rezepte ins rechte Licht ger\u00fcckt, um Ihre G\u00e4ste bei einem Cocktail, einem Buffet oder einem Empfang zu beeindrucken.    <\/p>\n<p data-start=\"1015\" data-end=\"1378\">Denn dieser aus hochwertigem <strong>Hartplastik<\/strong> gefertigte <strong>Mundst\u00fcckhalter<\/strong> vereint <strong data-start=\"1073\" data-end=\"1099\">Robustheit und Leichtigkeit<\/strong>. Er h\u00e4lt h\u00e4ufiger Handhabung stand und ist dennoch leicht zu transportieren und auf Ihren Tabletts oder Buffets zu platzieren. Er kann in bestimmten F\u00e4llen wiederverwendet oder einmalig verwendet werden, um Zeit zu sparen, und erf\u00fcllt die Anforderungen von Caterern und Gastronomen nach Schnelligkeit und Effizienz.  <\/p>\n<p data-start=\"1380\" data-end=\"1649\">Da er in Sets von <strong>50<\/strong> St\u00fcck angeboten wird, ist der <strong>Vorrat<\/strong> f\u00fcr Ihre Veranstaltungen ausreichend. Seine praktische Seite spricht sowohl Fachleute als auch Privatpersonen an, die ihren Pr\u00e4sentationen einen <strong data-start=\"1600\" data-end=\"1624\">schicken und modernen Touch<\/strong> verleihen m\u00f6chten. <\/p>\n<p data-start=\"1651\" data-end=\"1862\">Kurz gesagt: Mit diesem <strong>quadratischen schwarzen St\u00e4nder<\/strong> sehen Ihre <strong>Appetith\u00e4ppchen<\/strong> nicht nur k\u00f6stlich aus, sondern werden auch zu einer wahren Augenweide, die Ihr K\u00f6nnen aufwertet und sich in den K\u00f6pfen Ihrer G\u00e4ste festsetzt.<\/p>\n<p data-start=\"1610\" data-end=\"1830\"><!--more--><\/p>\n<h4>Vorteile :<\/h4>\n<ul>\n<li>Elegante und professionelle Pr\u00e4sentation.<\/li>\n<li>Schwarze Farbe, die Ihre Zubereitungen hervorhebt.<\/li>\n<li>Ideale Gr\u00f6\u00dfe f\u00fcr Appetith\u00e4ppchen und Mini-Desserts.<\/li>\n<li>Hartplastik, praktisch und widerstandsf\u00e4hig.<\/li>\n<li>Sparset mit 50 Medien.<\/li>\n<li>Geeignet f\u00fcr Caterer, Restaurants und Privatpersonen.<\/li>\n<\/ul>\n<p>&nbsp;<\/p>\n<p><!--more--><\/p>\n<h4>Weitere Informationen :<\/h4>\n<ul>\n<li><strong>Verpackung<\/strong>: Packung mit 50 St\u00fcck<\/li>\n<li><strong>Abmessungen<\/strong>: 80 x 80 x 26 (L x B x H in mm)<\/li>\n<li><strong>Farbe<\/strong>: Schwarz<\/li>\n<li><strong>Material<\/strong>: Polystyrol<\/li>\n<\/ul>\n<h2><\/h2>\n<p><!--more--><\/p>\n<p>Sie finden diesen Mundst\u00fcckhalter auch in runder Form: <span style=\"color: #d12727;\"><a style=\"color: #d12727;\" href=\"https:\/\/www.csj-emballages.com\/de\/produit\/50-schwarze-runde-kunststoffhalter-fuer-den-mund-8-cm\/\">T80R<\/a><\/span><\/p>\n<p>&nbsp;<\/p>\n<p><!--more--><\/p>\n<p><a href=\"https:\/\/www.csj-emballages.com\/de\/categorie-produit\/lebensmittelverpackungen\/metzgerei-und-feinkostgeschaft\/schalen-topfe-glaser\/unterstutzung-von-mundpflege\/\">Sehen Sie sich den Rest unseres Sortiments an Mundpflegemitteln an<\/a><\/p>\n","protected":false},"excerpt":{"rendered":"<p>Schwarzer St\u00e4nder Beschreibung von unserem schwarzen quadratischen Plastikst\u00e4nder &#8222;mise en bouche&#8220; 8 cm pro 50<\/p>\n","protected":false},"featured_media":240866,"template":"","meta":{"_acf_changed":false},"product_brand":[],"product_cat":[1170,1279,3586],"product_tag":[],"class_list":{"0":"post-23908","1":"product","2":"type-product","3":"status-publish","4":"has-post-thumbnail","6":"product_cat-metzgerei-und-feinkostgeschaft","7":"product_cat-schalen-topfe-glaser","8":"product_cat-unterstutzung-von-mundpflege","10":"first","11":"instock","12":"taxable","13":"shipping-taxable","14":"purchasable","15":"product-type-simple"},"acf":[],"yoast_head":"<!-- This site is optimized with the Yoast SEO Premium plugin v26.6 (Yoast SEO v26.6) - https:\/\/yoast.com\/wordpress\/plugins\/seo\/ -->\n<title>Schwarze quadratische Plastikmundst\u00fcckhalter 8 cm pro 50<\/title>\n<meta name=\"description\" content=\"Schwarzer Halter aus Kunststoff, quadratisch, 8 cm - 50 St\u00fcck. Ideal f\u00fcr Catering und Buffets, veredelt er Ihre Vorspeisen mit Eleganz und Zweckm\u00e4\u00dfigkeit.\" \/>\n<meta name=\"robots\" content=\"index, follow, max-snippet:-1, max-image-preview:large, max-video-preview:-1\" \/>\n<link rel=\"canonical\" href=\"https:\/\/www.csj-emballages.com\/de\/produit\/50-schwarze-halterungen-quadratisch-kunststoff-mundstueck-8-cm\/\" \/>\n<meta property=\"og:locale\" content=\"de_DE\" \/>\n<meta property=\"og:type\" content=\"article\" \/>\n<meta property=\"og:title\" content=\"Schwarzer Halter quadratisch Kunststoff Mundst\u00fcck 8 cm pro 50\" \/>\n<meta property=\"og:description\" content=\"Schwarzer Halter aus Kunststoff, quadratisch, 8 cm - 50 St\u00fcck. Ideal f\u00fcr Catering und Buffets, veredelt er Ihre Vorspeisen mit Eleganz und Zweckm\u00e4\u00dfigkeit.\" \/>\n<meta property=\"og:url\" content=\"https:\/\/www.csj-emballages.com\/de\/produit\/50-schwarze-halterungen-quadratisch-kunststoff-mundstueck-8-cm\/\" \/>\n<meta property=\"og:site_name\" content=\"CSJ Emballages\" \/>\n<meta property=\"article:publisher\" content=\"https:\/\/www.facebook.com\/csjemballages\" \/>\n<meta property=\"article:modified_time\" content=\"2026-05-07T00:20:56+00:00\" \/>\n<meta property=\"og:image\" content=\"https:\/\/www.csj-emballages.com\/wp-content\/uploads\/2024\/03\/T80C.webp\" \/>\n\t<meta property=\"og:image:width\" content=\"800\" \/>\n\t<meta property=\"og:image:height\" content=\"800\" \/>\n\t<meta property=\"og:image:type\" content=\"image\/webp\" \/>\n<meta name=\"twitter:card\" content=\"summary_large_image\" \/>\n<meta name=\"twitter:label1\" content=\"Gesch\u00e4tzte Lesezeit\" \/>\n\t<meta name=\"twitter:data1\" content=\"2 Minuten\" \/>\n<script type=\"application\/ld+json\" class=\"yoast-schema-graph\">{\"@context\":\"https:\/\/schema.org\",\"@graph\":[{\"@type\":\"WebPage\",\"@id\":\"https:\/\/www.csj-emballages.com\/de\/produit\/50-schwarze-halterungen-quadratisch-kunststoff-mundstueck-8-cm\/\",\"url\":\"https:\/\/www.csj-emballages.com\/de\/produit\/50-schwarze-halterungen-quadratisch-kunststoff-mundstueck-8-cm\/\",\"name\":\"Schwarze quadratische Plastikmundst\u00fcckhalter 8 cm pro 50\",\"isPartOf\":{\"@id\":\"https:\/\/www.csj-emballages.com\/de\/#website\"},\"primaryImageOfPage\":{\"@id\":\"https:\/\/www.csj-emballages.com\/de\/produit\/50-schwarze-halterungen-quadratisch-kunststoff-mundstueck-8-cm\/#primaryimage\"},\"image\":{\"@id\":\"https:\/\/www.csj-emballages.com\/de\/produit\/50-schwarze-halterungen-quadratisch-kunststoff-mundstueck-8-cm\/#primaryimage\"},\"thumbnailUrl\":\"https:\/\/www.csj-emballages.com\/wp-content\/uploads\/2024\/03\/T80C.webp\",\"datePublished\":\"2024-03-01T15:47:37+00:00\",\"dateModified\":\"2026-05-07T00:20:56+00:00\",\"description\":\"Schwarzer Halter aus Kunststoff, quadratisch, 8 cm - 50 St\u00fcck. Ideal f\u00fcr Catering und Buffets, veredelt er Ihre Vorspeisen mit Eleganz und Zweckm\u00e4\u00dfigkeit.\",\"breadcrumb\":{\"@id\":\"https:\/\/www.csj-emballages.com\/de\/produit\/50-schwarze-halterungen-quadratisch-kunststoff-mundstueck-8-cm\/#breadcrumb\"},\"inLanguage\":\"de\",\"potentialAction\":[{\"@type\":\"ReadAction\",\"target\":[\"https:\/\/www.csj-emballages.com\/de\/produit\/50-schwarze-halterungen-quadratisch-kunststoff-mundstueck-8-cm\/\"]}]},{\"@type\":\"ImageObject\",\"inLanguage\":\"de\",\"@id\":\"https:\/\/www.csj-emballages.com\/de\/produit\/50-schwarze-halterungen-quadratisch-kunststoff-mundstueck-8-cm\/#primaryimage\",\"url\":\"https:\/\/www.csj-emballages.com\/wp-content\/uploads\/2024\/03\/T80C.webp\",\"contentUrl\":\"https:\/\/www.csj-emballages.com\/wp-content\/uploads\/2024\/03\/T80C.webp\",\"width\":800,\"height\":800,\"caption\":\"Support noir\"},{\"@type\":\"BreadcrumbList\",\"@id\":\"https:\/\/www.csj-emballages.com\/de\/produit\/50-schwarze-halterungen-quadratisch-kunststoff-mundstueck-8-cm\/#breadcrumb\",\"itemListElement\":[{\"@type\":\"ListItem\",\"position\":1,\"name\":\"Accueil\",\"item\":\"https:\/\/www.csj-emballages.com\/de\/universum-lebensmittelverpackungen\/\"},{\"@type\":\"ListItem\",\"position\":2,\"name\":\"Shop\",\"item\":\"https:\/\/www.csj-emballages.com\/shop\/\"},{\"@type\":\"ListItem\",\"position\":3,\"name\":\"Schwarzer Halter quadratisch Kunststoff Mundst\u00fcck 8 cm pro 50\"}]},{\"@type\":\"WebSite\",\"@id\":\"https:\/\/www.csj-emballages.com\/de\/#website\",\"url\":\"https:\/\/www.csj-emballages.com\/de\/\",\"name\":\"CSJ Emballages\",\"description\":\"\",\"publisher\":{\"@id\":\"https:\/\/www.csj-emballages.com\/de\/#organization\"},\"potentialAction\":[{\"@type\":\"SearchAction\",\"target\":{\"@type\":\"EntryPoint\",\"urlTemplate\":\"https:\/\/www.csj-emballages.com\/de\/?s={search_term_string}\"},\"query-input\":{\"@type\":\"PropertyValueSpecification\",\"valueRequired\":true,\"valueName\":\"search_term_string\"}}],\"inLanguage\":\"de\"},{\"@type\":\"Organization\",\"@id\":\"https:\/\/www.csj-emballages.com\/de\/#Organization\/\",\"name\":\"CSJ Emballages\",\"url\":\"https:\/\/www.csj-emballages.com\/de\/\",\"logo\":{\"@type\":\"ImageObject\",\"inLanguage\":\"de\",\"@id\":\"https:\/\/www.csj-emballages.com\/de\/#\/schema\/logo\/image\/\",\"url\":\"https:\/\/www.csj-emballages.com\/wp-content\/uploads\/2023\/10\/logo_csj.webp\",\"contentUrl\":\"https:\/\/www.csj-emballages.com\/wp-content\/uploads\/2023\/10\/logo_csj.webp\",\"width\":250,\"height\":95,\"caption\":\"CSJ Emballages\"},\"image\":{\"@id\":\"https:\/\/www.csj-emballages.com\/de\/#\/schema\/logo\/image\/\"},\"sameAs\":[\"https:\/\/www.facebook.com\/csjemballages\"],\"address\":{\"@type\":\"PostalAddress\",\"streetAddress\":\"ZI La Lechere\",\"addressLocality\":\"Patornay\",\"postalCode\":\"39130\",\"addressCountry\":\"FR\"},\"contactPoint\":[{\"@type\":\"ContactPoint\",\"contactType\":\"Service client\",\"telephone\":\"0384254272\",\"email\":\"contact@csj-emballages.com\"}]}]}<\/script>\n<!-- \/ Yoast SEO Premium plugin. -->","yoast_head_json":{"title":"Schwarze quadratische Plastikmundst\u00fcckhalter 8 cm pro 50","description":"Schwarzer Halter aus Kunststoff, quadratisch, 8 cm - 50 St\u00fcck. Ideal f\u00fcr Catering und Buffets, veredelt er Ihre Vorspeisen mit Eleganz und Zweckm\u00e4\u00dfigkeit.","robots":{"index":"index","follow":"follow","max-snippet":"max-snippet:-1","max-image-preview":"max-image-preview:large","max-video-preview":"max-video-preview:-1"},"canonical":"https:\/\/www.csj-emballages.com\/de\/produit\/50-schwarze-halterungen-quadratisch-kunststoff-mundstueck-8-cm\/","og_locale":"de_DE","og_type":"article","og_title":"Schwarzer Halter quadratisch Kunststoff Mundst\u00fcck 8 cm pro 50","og_description":"Schwarzer Halter aus Kunststoff, quadratisch, 8 cm - 50 St\u00fcck. Ideal f\u00fcr Catering und Buffets, veredelt er Ihre Vorspeisen mit Eleganz und Zweckm\u00e4\u00dfigkeit.","og_url":"https:\/\/www.csj-emballages.com\/de\/produit\/50-schwarze-halterungen-quadratisch-kunststoff-mundstueck-8-cm\/","og_site_name":"CSJ Emballages","article_publisher":"https:\/\/www.facebook.com\/csjemballages","article_modified_time":"2026-05-07T00:20:56+00:00","og_image":[{"width":800,"height":800,"url":"https:\/\/www.csj-emballages.com\/wp-content\/uploads\/2024\/03\/T80C.webp","type":"image\/webp"}],"twitter_card":"summary_large_image","twitter_misc":{"Gesch\u00e4tzte Lesezeit":"2 Minuten"},"schema":{"@context":"https:\/\/schema.org","@graph":[{"@type":"WebPage","@id":"https:\/\/www.csj-emballages.com\/de\/produit\/50-schwarze-halterungen-quadratisch-kunststoff-mundstueck-8-cm\/","url":"https:\/\/www.csj-emballages.com\/de\/produit\/50-schwarze-halterungen-quadratisch-kunststoff-mundstueck-8-cm\/","name":"Schwarze quadratische Plastikmundst\u00fcckhalter 8 cm pro 50","isPartOf":{"@id":"https:\/\/www.csj-emballages.com\/de\/#website"},"primaryImageOfPage":{"@id":"https:\/\/www.csj-emballages.com\/de\/produit\/50-schwarze-halterungen-quadratisch-kunststoff-mundstueck-8-cm\/#primaryimage"},"image":{"@id":"https:\/\/www.csj-emballages.com\/de\/produit\/50-schwarze-halterungen-quadratisch-kunststoff-mundstueck-8-cm\/#primaryimage"},"thumbnailUrl":"https:\/\/www.csj-emballages.com\/wp-content\/uploads\/2024\/03\/T80C.webp","datePublished":"2024-03-01T15:47:37+00:00","dateModified":"2026-05-07T00:20:56+00:00","description":"Schwarzer Halter aus Kunststoff, quadratisch, 8 cm - 50 St\u00fcck. Ideal f\u00fcr Catering und Buffets, veredelt er Ihre Vorspeisen mit Eleganz und Zweckm\u00e4\u00dfigkeit.","breadcrumb":{"@id":"https:\/\/www.csj-emballages.com\/de\/produit\/50-schwarze-halterungen-quadratisch-kunststoff-mundstueck-8-cm\/#breadcrumb"},"inLanguage":"de","potentialAction":[{"@type":"ReadAction","target":["https:\/\/www.csj-emballages.com\/de\/produit\/50-schwarze-halterungen-quadratisch-kunststoff-mundstueck-8-cm\/"]}]},{"@type":"ImageObject","inLanguage":"de","@id":"https:\/\/www.csj-emballages.com\/de\/produit\/50-schwarze-halterungen-quadratisch-kunststoff-mundstueck-8-cm\/#primaryimage","url":"https:\/\/www.csj-emballages.com\/wp-content\/uploads\/2024\/03\/T80C.webp","contentUrl":"https:\/\/www.csj-emballages.com\/wp-content\/uploads\/2024\/03\/T80C.webp","width":800,"height":800,"caption":"Support noir"},{"@type":"BreadcrumbList","@id":"https:\/\/www.csj-emballages.com\/de\/produit\/50-schwarze-halterungen-quadratisch-kunststoff-mundstueck-8-cm\/#breadcrumb","itemListElement":[{"@type":"ListItem","position":1,"name":"Accueil","item":"https:\/\/www.csj-emballages.com\/de\/universum-lebensmittelverpackungen\/"},{"@type":"ListItem","position":2,"name":"Shop","item":"https:\/\/www.csj-emballages.com\/shop\/"},{"@type":"ListItem","position":3,"name":"Schwarzer Halter quadratisch Kunststoff Mundst\u00fcck 8 cm pro 50"}]},{"@type":"WebSite","@id":"https:\/\/www.csj-emballages.com\/de\/#website","url":"https:\/\/www.csj-emballages.com\/de\/","name":"CSJ Emballages","description":"","publisher":{"@id":"https:\/\/www.csj-emballages.com\/de\/#organization"},"potentialAction":[{"@type":"SearchAction","target":{"@type":"EntryPoint","urlTemplate":"https:\/\/www.csj-emballages.com\/de\/?s={search_term_string}"},"query-input":{"@type":"PropertyValueSpecification","valueRequired":true,"valueName":"search_term_string"}}],"inLanguage":"de"},{"@type":"Organization","@id":"https:\/\/www.csj-emballages.com\/de\/#Organization\/","name":"CSJ Emballages","url":"https:\/\/www.csj-emballages.com\/de\/","logo":{"@type":"ImageObject","inLanguage":"de","@id":"https:\/\/www.csj-emballages.com\/de\/#\/schema\/logo\/image\/","url":"https:\/\/www.csj-emballages.com\/wp-content\/uploads\/2023\/10\/logo_csj.webp","contentUrl":"https:\/\/www.csj-emballages.com\/wp-content\/uploads\/2023\/10\/logo_csj.webp","width":250,"height":95,"caption":"CSJ Emballages"},"image":{"@id":"https:\/\/www.csj-emballages.com\/de\/#\/schema\/logo\/image\/"},"sameAs":["https:\/\/www.facebook.com\/csjemballages"],"address":{"@type":"PostalAddress","streetAddress":"ZI La Lechere","addressLocality":"Patornay","postalCode":"39130","addressCountry":"FR"},"contactPoint":[{"@type":"ContactPoint","contactType":"Service client","telephone":"0384254272","email":"contact@csj-emballages.com"}]}]}},"df_price":5.58,"df_sale_price":"","df_regular_price":5.58,"df_image_link":"https:\/\/www.csj-emballages.com\/wp-content\/uploads\/2024\/03\/T80C-300x300.webp","tiered_pricing_type":"fixed","tiered_pricing_fixed_rules":[],"tiered_pricing_percentage_rules":[],"tiered_pricing_minimum":1,"tiered_pricing_roles_data":[],"_links":{"self":[{"href":"https:\/\/www.csj-emballages.com\/de\/wp-json\/wp\/v2\/product\/23908","targetHints":{"allow":["GET"]}}],"collection":[{"href":"https:\/\/www.csj-emballages.com\/de\/wp-json\/wp\/v2\/product"}],"about":[{"href":"https:\/\/www.csj-emballages.com\/de\/wp-json\/wp\/v2\/types\/product"}],"wp:featuredmedia":[{"embeddable":true,"href":"https:\/\/www.csj-emballages.com\/de\/wp-json\/wp\/v2\/media\/240866"}],"wp:attachment":[{"href":"https:\/\/www.csj-emballages.com\/de\/wp-json\/wp\/v2\/media?parent=23908"}],"wp:term":[{"taxonomy":"product_brand","embeddable":true,"href":"https:\/\/www.csj-emballages.com\/de\/wp-json\/wp\/v2\/product_brand?post=23908"},{"taxonomy":"product_cat","embeddable":true,"href":"https:\/\/www.csj-emballages.com\/de\/wp-json\/wp\/v2\/product_cat?post=23908"},{"taxonomy":"product_tag","embeddable":true,"href":"https:\/\/www.csj-emballages.com\/de\/wp-json\/wp\/v2\/product_tag?post=23908"}],"curies":[{"name":"wp","href":"https:\/\/api.w.org\/{rel}","templated":true}]}}