{"id":23902,"date":"2024-03-01T16:47:39","date_gmt":"2024-03-01T15:47:39","guid":{"rendered":"https:\/\/u15jnbdpoq.preview.infomaniak.website\/produit\/100-vakuumbeutel-zur-aufbewahrung-glatt-verstaerkt-35-x-70-cm-150-%c2%b5\/"},"modified":"2026-04-01T17:52:15","modified_gmt":"2026-04-01T15:52:15","slug":"100-vakuumbeutel-zur-aufbewahrung-glatt-verstaerkt-35-x-70-cm-150-%c2%b5","status":"publish","type":"product","link":"https:\/\/www.csj-emballages.com\/de\/produit\/100-vakuumbeutel-zur-aufbewahrung-glatt-verstaerkt-35-x-70-cm-150-%c2%b5\/","title":{"rendered":"Glatter, verst\u00e4rkter Vakuumbeutel zur Aufbewahrung 35 x 70 cm 150 \u00b5 pro 100"},"content":{"rendered":"<h2>Vakuumbeutel<\/h2>\n<hr>\n<h3>Beschreibung von unserem Vakuumbeutel zur Aufbewahrung glatt verst\u00e4rkt 35 x 70 cm 150 \u00b5 per 100<\/h3>\n<p><!--more--><\/p>\n<p data-start=\"110\" data-end=\"366\">Die <strong>glatten Vakuum-Aufbewahrungsbeutel 35 x 70 cm<\/strong> &#8211;<strong> 150 \u00b5<\/strong> sind die ideale L\u00f6sung f\u00fcr professionelle Gastronomen, Caterer, Metzger und Privatpersonen, die die Frische und Qualit\u00e4t ihrer Lebensmittel l\u00e4nger bewahren m\u00f6chten. Dank ihrer <g id=\"gid_2\">verst\u00e4rkten Dicke von 150 \u00b5m<\/g> bieten diese <g id=\"gid_3\">Beutel<\/g> eine optimale Barriere gegen Luft, Feuchtigkeit und Bakterien, wodurch das Risiko von Oxidation und Kontamination verringert wird. Ihre Lebensmittel behalten so viel l\u00e4nger ihren Geschmack, ihre Textur und ihre N\u00e4hrwerte, egal ob sie im K\u00fchlschrank oder im Gefrierschrank aufbewahrt werden.  <\/p>\n<p data-start=\"368\" data-end=\"773\">Sie sind mit <strong data-start=\"792\" data-end=\"841\">Maschinen mit externer Absaugung und Glocken<\/strong> kompatibel und passen sich an die Bed\u00fcrfnisse von anspruchsvollen Profis und Privatpersonen an. Ihr Format <strong>35 x 70 cm<\/strong> ist ideal f\u00fcr die <strong>Vakuumverpackung<\/strong> von Fleisch, Fisch, K\u00e4se, Gem\u00fcse und Fertiggerichten.<\/p>\n<p data-start=\"1057\" data-end=\"1238\">Diese <strong>Taschen<\/strong> sind aus robustem,<strong data-start=\"1089\" data-end=\"1121\"> BPA-freiem<\/strong> Material hergestellt, das den Lebensmittelstandards entspricht und somit eine sichere und gesunde Aufbewahrung Ihrer Produkte gew\u00e4hrleistet.<\/p>\n<p>&nbsp;<\/p>\n<p><!--more--><\/p>\n<p><span style=\"color: #ff0000;\"><strong>*Breite der \u00d6ffnung<\/strong><\/span><\/p>\n<p><span style=\"color: #ff0000;\"><strong>*BPA-freie Vakuumbeutel (Bisphenol A)<\/strong><\/span><\/p>\n<p>&nbsp;<\/p>\n<p><!--more--><\/p>\n<div style=\"font-family: Roboto, sans-serif;\">\n<div style=\"font-family: Roboto, sans-serif;\">\n<div style=\"font-family: Roboto, sans-serif;\">\n<div style=\"font-family: Roboto, sans-serif;\">\n<div style=\"font-family: Roboto, sans-serif;\">\n<div style=\"font-family: Roboto, sans-serif;\">\n<p style=\"text-align: left;\"><strong>Ihre Vorteile :<\/strong><\/p>\n<ul style=\"text-align: left;\">\n<li><strong data-start=\"1260\" data-end=\"1286\">L\u00e4ngere Haltbarkeit<\/strong>: Reduziert die Oxidation und schr\u00e4nkt das Bakterienwachstum ein, um eine lang anhaltende Frische zu gew\u00e4hrleisten.<\/li>\n<li><strong data-start=\"1379\" data-end=\"1399\">Hohe Widerstandsf\u00e4higkeit<\/strong>: Dank ihrer verst\u00e4rkten Dicke von 150 Mikron garantieren sie einen optimalen Schutz vor Durchstichen und Rissen.<\/li>\n<li>Wirksame <strong data-start=\"1506\" data-end=\"1527\">Barriere<\/strong>: Diese Vakuumbeutel sch\u00fctzen vor Feuchtigkeit, \u00e4u\u00dferen Verunreinigungen und schlechten Ger\u00fcchen.<\/li>\n<li><strong data-start=\"1614\" data-end=\"1637\" data-is-only-node=\"\">Vielseitig<\/strong> einsetzbar: Ideal f\u00fcr frische, tiefgefrorene und gekochte Produkte oder zum Vakuumgaren.<\/li>\n<li><strong data-start=\"1721\" data-end=\"1775\">Kompatibel mit Maschinen mit externer Absaugung<\/strong>: Einfach zu verwenden, perfekt f\u00fcr den professionellen und h\u00e4uslichen Gebrauch.<\/li>\n<li><strong data-start=\"1854\" data-end=\"1878\">Lebensmittelsicherheit<\/strong>: BPA-frei und entspricht den geltenden Normen.<\/li>\n<\/ul>\n<\/div>\n<div style=\"font-family: Roboto, sans-serif;\"><\/div>\n<\/div>\n<\/div>\n<\/div>\n<\/div>\n<\/div>\n<p><!--more--><\/p>\n<div style=\"font-family: Roboto, sans-serif;\">\n<div style=\"font-family: Roboto, sans-serif;\">\n<div style=\"font-family: Roboto, sans-serif;\">\n<h4>Weitere Informationen :<\/h4>\n<ul>\n<li><strong>Verpackung<\/strong>: Packung mit 100 St\u00fcck<\/li>\n<li><strong>Ma\u00dfe<\/strong>: 35 x 70 cm<\/li>\n<li><strong>Hei\u00dfsiegelbar<\/strong>: Ja<\/li>\n<li><strong>Schrumpfbar<\/strong>: Nein<\/li>\n<li><strong>Art<\/strong>: Glatt<\/li>\n<li><strong>Widerstand<\/strong>: 150 Mikron<\/li>\n<li><strong>Schwei\u00dfen<\/strong>: 3 Seiten<\/li>\n<li><strong>Verwendungstemperatur<\/strong>: -50\u00b0C \/ +90\u00b0C<\/li>\n<\/ul>\n<\/div>\n<\/div>\n<\/div>\n<div style=\"font-family: Roboto, sans-serif;\">\n<p>&nbsp;<\/p>\n<div style=\"font-family: Roboto, sans-serif;\">\n<div style=\"font-family: Roboto, sans-serif;\">\n<p><!--more--><\/p>\n<p><a href=\"\/?product_cat=sacs-sous-vide-lisses-90-\u03bcm\">Sehen Sie sich den Rest unseres Sortiments an glatten Vakuumbeuteln an<\/a><\/p>\n<\/div>\n<\/div>\n<\/div>\n<div style=\"font-family: Roboto, sans-serif;\">\n<div style=\"font-family: Roboto, sans-serif;\">\n<div style=\"font-family: Roboto, sans-serif;\">\n<div style=\"text-align: center;\">\n<div style=\"font-family: Roboto, sans-serif;\">\n<div style=\"font-family: Roboto, sans-serif;\">\n<div style=\"font-family: Roboto, sans-serif;\">\n<div style=\"font-family: Roboto, sans-serif;\">\n<div style=\"font-family: Roboto, sans-serif;\">\n<div style=\"font-family: Roboto, sans-serif; text-align: left;\"><\/div>\n<\/div>\n<\/div>\n<\/div>\n<\/div>\n<\/div>\n<\/div>\n<\/div>\n<\/div>\n<\/div>\n<div style=\"font-family: Roboto, sans-serif;\">\n<div style=\"font-family: Roboto, sans-serif;\">\n<div style=\"font-family: Roboto, sans-serif;\">\n<div style=\"text-align: center;\">\n<div style=\"font-family: Roboto, sans-serif;\">\n<div style=\"font-family: Roboto, sans-serif;\">\n<div style=\"font-family: Roboto, sans-serif;\">\n<div style=\"font-family: Roboto, sans-serif;\">\n<div style=\"font-family: Roboto, sans-serif;\">\n<div style=\"font-family: Roboto, sans-serif; text-align: left;\"><\/div>\n<\/div>\n<\/div>\n<\/div>\n<\/div>\n<\/div>\n<\/div>\n<\/div>\n<\/div>\n<\/div>\n","protected":false},"excerpt":{"rendered":"<p>Vakuumbeutel Beschreibung von unserem Vakuumbeutel zur Aufbewahrung glatt verst\u00e4rkt 35 x 70 cm 150 \u00b5 per 100<\/p>\n","protected":false},"featured_media":222131,"template":"","meta":{"_acf_changed":false},"product_brand":[],"product_cat":[1137,1170,1235,1236,3556],"product_tag":[],"class_list":{"0":"post-23902","1":"product","2":"type-product","3":"status-publish","4":"has-post-thumbnail","6":"product_cat-lebensmittelverpackungen","7":"product_cat-metzgerei-und-feinkostgeschaft","8":"product_cat-vakuumbeutel","9":"product_cat-glatte-vakuumbeutel","10":"product_cat-glatte-vakuumbeutel-150-m","12":"first","13":"instock","14":"taxable","15":"shipping-taxable","16":"purchasable","17":"product-type-simple"},"acf":[],"yoast_head":"<!-- This site is optimized with the Yoast SEO Premium plugin v26.6 (Yoast SEO v26.6) - https:\/\/yoast.com\/wordpress\/plugins\/seo\/ -->\n<title>Glatter, verst\u00e4rkter Vakuum-Aufbewahrungsbeutel 35 x 70 cm 150 \u00b5<\/title>\n<meta name=\"description\" content=\"Kaufen Sie verst\u00e4rkte Vakuumbeutel f\u00fcr die Aufbewahrung 35 x 70 cm 150\u00b5 glatt! Wir bieten Ihnen eine Packung mit 100 Vakuumbeuteln zu g\u00fcnstigen Preisen an.\" \/>\n<meta name=\"robots\" content=\"index, follow, max-snippet:-1, max-image-preview:large, max-video-preview:-1\" \/>\n<link rel=\"canonical\" href=\"https:\/\/www.csj-emballages.com\/de\/produit\/100-vakuumbeutel-zur-aufbewahrung-glatt-verstaerkt-35-x-70-cm-150-%c2%b5\/\" \/>\n<meta property=\"og:locale\" content=\"de_DE\" \/>\n<meta property=\"og:type\" content=\"article\" \/>\n<meta property=\"og:title\" content=\"Glatter, verst\u00e4rkter Vakuumbeutel zur Aufbewahrung 35 x 70 cm 150 \u00b5 pro 100\" \/>\n<meta property=\"og:description\" content=\"Kaufen Sie verst\u00e4rkte Vakuumbeutel f\u00fcr die Aufbewahrung 35 x 70 cm 150\u00b5 glatt! Wir bieten Ihnen eine Packung mit 100 Vakuumbeuteln zu g\u00fcnstigen Preisen an.\" \/>\n<meta property=\"og:url\" content=\"https:\/\/www.csj-emballages.com\/de\/produit\/100-vakuumbeutel-zur-aufbewahrung-glatt-verstaerkt-35-x-70-cm-150-%c2%b5\/\" \/>\n<meta property=\"og:site_name\" content=\"CSJ Emballages\" \/>\n<meta property=\"article:publisher\" content=\"https:\/\/www.facebook.com\/csjemballages\" \/>\n<meta property=\"article:modified_time\" content=\"2026-04-01T15:52:15+00:00\" \/>\n<meta property=\"og:image\" content=\"https:\/\/www.csj-emballages.com\/wp-content\/uploads\/2025\/02\/Sac-sous-vide-lisse.webp\" \/>\n\t<meta property=\"og:image:width\" content=\"800\" \/>\n\t<meta property=\"og:image:height\" content=\"800\" \/>\n\t<meta property=\"og:image:type\" content=\"image\/webp\" \/>\n<meta name=\"twitter:card\" content=\"summary_large_image\" \/>\n<meta name=\"twitter:label1\" content=\"Gesch\u00e4tzte Lesezeit\" \/>\n\t<meta name=\"twitter:data1\" content=\"2 Minuten\" \/>\n<script type=\"application\/ld+json\" class=\"yoast-schema-graph\">{\"@context\":\"https:\/\/schema.org\",\"@graph\":[{\"@type\":\"WebPage\",\"@id\":\"https:\/\/www.csj-emballages.com\/de\/produit\/100-vakuumbeutel-zur-aufbewahrung-glatt-verstaerkt-35-x-70-cm-150-%c2%b5\/\",\"url\":\"https:\/\/www.csj-emballages.com\/de\/produit\/100-vakuumbeutel-zur-aufbewahrung-glatt-verstaerkt-35-x-70-cm-150-%c2%b5\/\",\"name\":\"Glatter, verst\u00e4rkter Vakuum-Aufbewahrungsbeutel 35 x 70 cm 150 \u00b5\",\"isPartOf\":{\"@id\":\"https:\/\/www.csj-emballages.com\/de\/#website\"},\"primaryImageOfPage\":{\"@id\":\"https:\/\/www.csj-emballages.com\/de\/produit\/100-vakuumbeutel-zur-aufbewahrung-glatt-verstaerkt-35-x-70-cm-150-%c2%b5\/#primaryimage\"},\"image\":{\"@id\":\"https:\/\/www.csj-emballages.com\/de\/produit\/100-vakuumbeutel-zur-aufbewahrung-glatt-verstaerkt-35-x-70-cm-150-%c2%b5\/#primaryimage\"},\"thumbnailUrl\":\"https:\/\/www.csj-emballages.com\/wp-content\/uploads\/2025\/02\/Sac-sous-vide-lisse.webp\",\"datePublished\":\"2024-03-01T15:47:39+00:00\",\"dateModified\":\"2026-04-01T15:52:15+00:00\",\"description\":\"Kaufen Sie verst\u00e4rkte Vakuumbeutel f\u00fcr die Aufbewahrung 35 x 70 cm 150\u00b5 glatt! Wir bieten Ihnen eine Packung mit 100 Vakuumbeuteln zu g\u00fcnstigen Preisen an.\",\"breadcrumb\":{\"@id\":\"https:\/\/www.csj-emballages.com\/de\/produit\/100-vakuumbeutel-zur-aufbewahrung-glatt-verstaerkt-35-x-70-cm-150-%c2%b5\/#breadcrumb\"},\"inLanguage\":\"de\",\"potentialAction\":[{\"@type\":\"ReadAction\",\"target\":[\"https:\/\/www.csj-emballages.com\/de\/produit\/100-vakuumbeutel-zur-aufbewahrung-glatt-verstaerkt-35-x-70-cm-150-%c2%b5\/\"]}]},{\"@type\":\"ImageObject\",\"inLanguage\":\"de\",\"@id\":\"https:\/\/www.csj-emballages.com\/de\/produit\/100-vakuumbeutel-zur-aufbewahrung-glatt-verstaerkt-35-x-70-cm-150-%c2%b5\/#primaryimage\",\"url\":\"https:\/\/www.csj-emballages.com\/wp-content\/uploads\/2025\/02\/Sac-sous-vide-lisse.webp\",\"contentUrl\":\"https:\/\/www.csj-emballages.com\/wp-content\/uploads\/2025\/02\/Sac-sous-vide-lisse.webp\",\"width\":800,\"height\":800,\"caption\":\"Sac sous vide\"},{\"@type\":\"BreadcrumbList\",\"@id\":\"https:\/\/www.csj-emballages.com\/de\/produit\/100-vakuumbeutel-zur-aufbewahrung-glatt-verstaerkt-35-x-70-cm-150-%c2%b5\/#breadcrumb\",\"itemListElement\":[{\"@type\":\"ListItem\",\"position\":1,\"name\":\"Accueil\",\"item\":\"https:\/\/www.csj-emballages.com\/de\/universum-lebensmittelverpackungen\/\"},{\"@type\":\"ListItem\",\"position\":2,\"name\":\"Shop\",\"item\":\"https:\/\/www.csj-emballages.com\/shop\/\"},{\"@type\":\"ListItem\",\"position\":3,\"name\":\"Glatter, verst\u00e4rkter Vakuumbeutel zur Aufbewahrung 35 x 70 cm 150 \u00b5 pro 100\"}]},{\"@type\":\"WebSite\",\"@id\":\"https:\/\/www.csj-emballages.com\/de\/#website\",\"url\":\"https:\/\/www.csj-emballages.com\/de\/\",\"name\":\"CSJ Emballages\",\"description\":\"\",\"publisher\":{\"@id\":\"https:\/\/www.csj-emballages.com\/de\/#organization\"},\"potentialAction\":[{\"@type\":\"SearchAction\",\"target\":{\"@type\":\"EntryPoint\",\"urlTemplate\":\"https:\/\/www.csj-emballages.com\/de\/?s={search_term_string}\"},\"query-input\":{\"@type\":\"PropertyValueSpecification\",\"valueRequired\":true,\"valueName\":\"search_term_string\"}}],\"inLanguage\":\"de\"},{\"@type\":\"Organization\",\"@id\":\"https:\/\/www.csj-emballages.com\/de\/#Organization\/\",\"name\":\"CSJ Emballages\",\"url\":\"https:\/\/www.csj-emballages.com\/de\/\",\"logo\":{\"@type\":\"ImageObject\",\"inLanguage\":\"de\",\"@id\":\"https:\/\/www.csj-emballages.com\/de\/#\/schema\/logo\/image\/\",\"url\":\"https:\/\/www.csj-emballages.com\/wp-content\/uploads\/2023\/10\/logo_csj.webp\",\"contentUrl\":\"https:\/\/www.csj-emballages.com\/wp-content\/uploads\/2023\/10\/logo_csj.webp\",\"width\":250,\"height\":95,\"caption\":\"CSJ Emballages\"},\"image\":{\"@id\":\"https:\/\/www.csj-emballages.com\/de\/#\/schema\/logo\/image\/\"},\"sameAs\":[\"https:\/\/www.facebook.com\/csjemballages\"],\"address\":{\"@type\":\"PostalAddress\",\"streetAddress\":\"ZI La Lechere\",\"addressLocality\":\"Patornay\",\"postalCode\":\"39130\",\"addressCountry\":\"FR\"},\"contactPoint\":[{\"@type\":\"ContactPoint\",\"contactType\":\"Service client\",\"telephone\":\"0384254272\",\"email\":\"contact@csj-emballages.com\"}]}]}<\/script>\n<!-- \/ Yoast SEO Premium plugin. -->","yoast_head_json":{"title":"Glatter, verst\u00e4rkter Vakuum-Aufbewahrungsbeutel 35 x 70 cm 150 \u00b5","description":"Kaufen Sie verst\u00e4rkte Vakuumbeutel f\u00fcr die Aufbewahrung 35 x 70 cm 150\u00b5 glatt! Wir bieten Ihnen eine Packung mit 100 Vakuumbeuteln zu g\u00fcnstigen Preisen an.","robots":{"index":"index","follow":"follow","max-snippet":"max-snippet:-1","max-image-preview":"max-image-preview:large","max-video-preview":"max-video-preview:-1"},"canonical":"https:\/\/www.csj-emballages.com\/de\/produit\/100-vakuumbeutel-zur-aufbewahrung-glatt-verstaerkt-35-x-70-cm-150-%c2%b5\/","og_locale":"de_DE","og_type":"article","og_title":"Glatter, verst\u00e4rkter Vakuumbeutel zur Aufbewahrung 35 x 70 cm 150 \u00b5 pro 100","og_description":"Kaufen Sie verst\u00e4rkte Vakuumbeutel f\u00fcr die Aufbewahrung 35 x 70 cm 150\u00b5 glatt! Wir bieten Ihnen eine Packung mit 100 Vakuumbeuteln zu g\u00fcnstigen Preisen an.","og_url":"https:\/\/www.csj-emballages.com\/de\/produit\/100-vakuumbeutel-zur-aufbewahrung-glatt-verstaerkt-35-x-70-cm-150-%c2%b5\/","og_site_name":"CSJ Emballages","article_publisher":"https:\/\/www.facebook.com\/csjemballages","article_modified_time":"2026-04-01T15:52:15+00:00","og_image":[{"width":800,"height":800,"url":"https:\/\/www.csj-emballages.com\/wp-content\/uploads\/2025\/02\/Sac-sous-vide-lisse.webp","type":"image\/webp"}],"twitter_card":"summary_large_image","twitter_misc":{"Gesch\u00e4tzte Lesezeit":"2 Minuten"},"schema":{"@context":"https:\/\/schema.org","@graph":[{"@type":"WebPage","@id":"https:\/\/www.csj-emballages.com\/de\/produit\/100-vakuumbeutel-zur-aufbewahrung-glatt-verstaerkt-35-x-70-cm-150-%c2%b5\/","url":"https:\/\/www.csj-emballages.com\/de\/produit\/100-vakuumbeutel-zur-aufbewahrung-glatt-verstaerkt-35-x-70-cm-150-%c2%b5\/","name":"Glatter, verst\u00e4rkter Vakuum-Aufbewahrungsbeutel 35 x 70 cm 150 \u00b5","isPartOf":{"@id":"https:\/\/www.csj-emballages.com\/de\/#website"},"primaryImageOfPage":{"@id":"https:\/\/www.csj-emballages.com\/de\/produit\/100-vakuumbeutel-zur-aufbewahrung-glatt-verstaerkt-35-x-70-cm-150-%c2%b5\/#primaryimage"},"image":{"@id":"https:\/\/www.csj-emballages.com\/de\/produit\/100-vakuumbeutel-zur-aufbewahrung-glatt-verstaerkt-35-x-70-cm-150-%c2%b5\/#primaryimage"},"thumbnailUrl":"https:\/\/www.csj-emballages.com\/wp-content\/uploads\/2025\/02\/Sac-sous-vide-lisse.webp","datePublished":"2024-03-01T15:47:39+00:00","dateModified":"2026-04-01T15:52:15+00:00","description":"Kaufen Sie verst\u00e4rkte Vakuumbeutel f\u00fcr die Aufbewahrung 35 x 70 cm 150\u00b5 glatt! Wir bieten Ihnen eine Packung mit 100 Vakuumbeuteln zu g\u00fcnstigen Preisen an.","breadcrumb":{"@id":"https:\/\/www.csj-emballages.com\/de\/produit\/100-vakuumbeutel-zur-aufbewahrung-glatt-verstaerkt-35-x-70-cm-150-%c2%b5\/#breadcrumb"},"inLanguage":"de","potentialAction":[{"@type":"ReadAction","target":["https:\/\/www.csj-emballages.com\/de\/produit\/100-vakuumbeutel-zur-aufbewahrung-glatt-verstaerkt-35-x-70-cm-150-%c2%b5\/"]}]},{"@type":"ImageObject","inLanguage":"de","@id":"https:\/\/www.csj-emballages.com\/de\/produit\/100-vakuumbeutel-zur-aufbewahrung-glatt-verstaerkt-35-x-70-cm-150-%c2%b5\/#primaryimage","url":"https:\/\/www.csj-emballages.com\/wp-content\/uploads\/2025\/02\/Sac-sous-vide-lisse.webp","contentUrl":"https:\/\/www.csj-emballages.com\/wp-content\/uploads\/2025\/02\/Sac-sous-vide-lisse.webp","width":800,"height":800,"caption":"Sac sous vide"},{"@type":"BreadcrumbList","@id":"https:\/\/www.csj-emballages.com\/de\/produit\/100-vakuumbeutel-zur-aufbewahrung-glatt-verstaerkt-35-x-70-cm-150-%c2%b5\/#breadcrumb","itemListElement":[{"@type":"ListItem","position":1,"name":"Accueil","item":"https:\/\/www.csj-emballages.com\/de\/universum-lebensmittelverpackungen\/"},{"@type":"ListItem","position":2,"name":"Shop","item":"https:\/\/www.csj-emballages.com\/shop\/"},{"@type":"ListItem","position":3,"name":"Glatter, verst\u00e4rkter Vakuumbeutel zur Aufbewahrung 35 x 70 cm 150 \u00b5 pro 100"}]},{"@type":"WebSite","@id":"https:\/\/www.csj-emballages.com\/de\/#website","url":"https:\/\/www.csj-emballages.com\/de\/","name":"CSJ Emballages","description":"","publisher":{"@id":"https:\/\/www.csj-emballages.com\/de\/#organization"},"potentialAction":[{"@type":"SearchAction","target":{"@type":"EntryPoint","urlTemplate":"https:\/\/www.csj-emballages.com\/de\/?s={search_term_string}"},"query-input":{"@type":"PropertyValueSpecification","valueRequired":true,"valueName":"search_term_string"}}],"inLanguage":"de"},{"@type":"Organization","@id":"https:\/\/www.csj-emballages.com\/de\/#Organization\/","name":"CSJ Emballages","url":"https:\/\/www.csj-emballages.com\/de\/","logo":{"@type":"ImageObject","inLanguage":"de","@id":"https:\/\/www.csj-emballages.com\/de\/#\/schema\/logo\/image\/","url":"https:\/\/www.csj-emballages.com\/wp-content\/uploads\/2023\/10\/logo_csj.webp","contentUrl":"https:\/\/www.csj-emballages.com\/wp-content\/uploads\/2023\/10\/logo_csj.webp","width":250,"height":95,"caption":"CSJ Emballages"},"image":{"@id":"https:\/\/www.csj-emballages.com\/de\/#\/schema\/logo\/image\/"},"sameAs":["https:\/\/www.facebook.com\/csjemballages"],"address":{"@type":"PostalAddress","streetAddress":"ZI La Lechere","addressLocality":"Patornay","postalCode":"39130","addressCountry":"FR"},"contactPoint":[{"@type":"ContactPoint","contactType":"Service client","telephone":"0384254272","email":"contact@csj-emballages.com"}]}]}},"df_price":60.7,"df_sale_price":"","df_regular_price":60.7,"df_image_link":"https:\/\/www.csj-emballages.com\/wp-content\/uploads\/2025\/02\/Sac-sous-vide-lisse-300x300.webp","tiered_pricing_type":"fixed","tiered_pricing_fixed_rules":[],"tiered_pricing_percentage_rules":[],"tiered_pricing_minimum":1,"tiered_pricing_roles_data":[],"_links":{"self":[{"href":"https:\/\/www.csj-emballages.com\/de\/wp-json\/wp\/v2\/product\/23902","targetHints":{"allow":["GET"]}}],"collection":[{"href":"https:\/\/www.csj-emballages.com\/de\/wp-json\/wp\/v2\/product"}],"about":[{"href":"https:\/\/www.csj-emballages.com\/de\/wp-json\/wp\/v2\/types\/product"}],"wp:featuredmedia":[{"embeddable":true,"href":"https:\/\/www.csj-emballages.com\/de\/wp-json\/wp\/v2\/media\/222131"}],"wp:attachment":[{"href":"https:\/\/www.csj-emballages.com\/de\/wp-json\/wp\/v2\/media?parent=23902"}],"wp:term":[{"taxonomy":"product_brand","embeddable":true,"href":"https:\/\/www.csj-emballages.com\/de\/wp-json\/wp\/v2\/product_brand?post=23902"},{"taxonomy":"product_cat","embeddable":true,"href":"https:\/\/www.csj-emballages.com\/de\/wp-json\/wp\/v2\/product_cat?post=23902"},{"taxonomy":"product_tag","embeddable":true,"href":"https:\/\/www.csj-emballages.com\/de\/wp-json\/wp\/v2\/product_tag?post=23902"}],"curies":[{"name":"wp","href":"https:\/\/api.w.org\/{rel}","templated":true}]}}