{"id":238608,"date":"2025-07-17T11:04:38","date_gmt":"2025-07-17T09:04:38","guid":{"rendered":"https:\/\/www.csj-emballages.com\/produit\/multi-oberflaechen-reiniger-750-ml\/"},"modified":"2026-04-03T02:10:29","modified_gmt":"2026-04-03T00:10:29","slug":"multi-oberflaechen-reiniger-750-ml","status":"publish","type":"product","link":"https:\/\/www.csj-emballages.com\/de\/produit\/multi-oberflaechen-reiniger-750-ml\/","title":{"rendered":"Multi-Oberfl\u00e4chen-Reiniger 750 ml"},"content":{"rendered":"<h2>Multi-Oberfl\u00e4chen-Reiniger<\/h2>\n<hr>\n<h3>Beschreibung unseres Multi-Oberfl\u00e4chenreinigers 750 ml<\/h3>\n<p><!--more--><\/p>\n<p data-start=\"155\" data-end=\"603\">Dieser <strong>750 ml Allzweckreiniger<\/strong> ist ein Muss f\u00fcr die t\u00e4gliche Pflege im Beruf und im Haushalt. Er ist f\u00fcr <strong>alle abwaschbaren Oberfl\u00e4chen<\/strong> geeignet und bietet eine schnelle und wirksame Wirkung, ohne die Materialien anzugreifen. Ob Arbeitsplatten, Tische, T\u00fcrgriffe oder M\u00f6bel aus Kunststoff, Laminat, Edelstahl oder Glas, dieser <strong>Allzweckreiniger<\/strong> erledigt die Arbeit pr\u00e4zise und schonend. Seine vielseitige Formel entfernt \u00d6le, leichte Fette und wasserl\u00f6sliche R\u00fcckst\u00e4nde und hinterl\u00e4sst dabei ein angenehm frisches Gef\u00fchl. Mit einem einzigen Handgriff reinigen und desodorieren Sie Ihre R\u00e4ume und erhalten ein sauberes, reines Ergebnis ohne Streifen und Klebrigkeit.    <\/p>\n<p data-start=\"891\" data-end=\"1154\">Seine <strong>ergonomische 750-ml-Gr\u00f6\u00dfe<\/strong> mit <strong>Spr\u00fchkopf<\/strong> macht ihn sehr benutzerfreundlich: Ein Druck gen\u00fcgt, um die richtige Dosis auf die zu behandelnde Fl\u00e4che aufzutragen. Sie wischen dann mit einem <span style=\"color: #d12727;\"><a style=\"color: #d12727;\" href=\"https:\/\/www.csj-emballages.com\/de\/categorie-produit\/hygiene-und-pflege\/wischtucher\/lavetten\/\"><strong>Mikrofasertuch<\/strong><\/a><\/span> oder einem fusselfreien Papier und schon ist die Sache erledigt. <\/p>\n<p data-start=\"1156\" data-end=\"1371\">Ideal f\u00fcr B\u00fcros, K\u00fcchen, Sanit\u00e4ranlagen, Wartezimmer, Werkst\u00e4tten oder auch zu Hause. Dieser <strong>Allzweckreiniger<\/strong> spart Zeit und ist bei all Ihren routinem\u00e4\u00dfigen Reinigungsarbeiten sehr effizient.<\/p>\n<p data-start=\"1274\" data-end=\"1542\"><!--more--><\/p>\n<h4 data-start=\"1274\" data-end=\"1542\">Ihre Vorteile :<\/h4>\n<ul>\n<li>Geeignet f\u00fcr alle abwaschbaren Oberfl\u00e4chen.<\/li>\n<li>Entfernt wirksam Fette und wasserl\u00f6sliche Verschmutzungen.<\/li>\n<li>Frischer, nicht aufdringlicher Duft.<\/li>\n<li>Einfach zu verwenden dank des praktischen Sprays.<\/li>\n<li>Hinterl\u00e4sst keine Spuren und keinen Fettfilm.<\/li>\n<\/ul>\n<p>&nbsp;<\/p>\n<p><!--more--><\/p>\n<h4>Weitere Informationen :<\/h4>\n<ul>\n<li data-start=\"1274\" data-end=\"1542\"><strong>Verpackung<\/strong>: Einzeln<\/li>\n<li data-start=\"1274\" data-end=\"1542\"><strong>Verwendung<\/strong>: Multi-Oberfl\u00e4chen-Reiniger<\/li>\n<li data-start=\"1274\" data-end=\"1542\"><strong>Volumen<\/strong>: 750 ml<\/li>\n<\/ul>\n<p>&nbsp;<\/p>\n<p><!--more--><\/p>\n<p><a href=\"https:\/\/www.csj-emballages.com\/de\/categorie-produit\/hygiene-und-pflege\/pflegeprodukte\/boden\/\">Sehen Sie sich den Rest unseres Sortiments an Bodenpflegeprodukten an<\/a><\/p>\n","protected":false},"excerpt":{"rendered":"<p>Multi-Oberfl\u00e4chen-Reiniger Beschreibung unseres Multi-Oberfl\u00e4chenreinigers 750 ml<\/p>\n","protected":false},"featured_media":238601,"template":"","meta":{"_acf_changed":false},"product_brand":[],"product_cat":[1137,1218,1219,1390],"product_tag":[],"class_list":{"0":"post-238608","1":"product","2":"type-product","3":"status-publish","4":"has-post-thumbnail","6":"product_cat-lebensmittelverpackungen","7":"product_cat-hygiene-und-pflege","8":"product_cat-pflegeprodukte","9":"product_cat-boden","11":"first","12":"instock","13":"taxable","14":"shipping-taxable","15":"purchasable","16":"product-type-simple"},"acf":[],"yoast_head":"<!-- This site is optimized with the Yoast SEO Premium plugin v26.6 (Yoast SEO v26.6) - https:\/\/yoast.com\/wordpress\/plugins\/seo\/ -->\n<title>Multi-Oberfl\u00e4chen-Reiniger 750ml<\/title>\n<meta name=\"description\" content=\"750 ml Allzweckreiniger: Entfernt \u00d6le und R\u00fcckst\u00e4nde von allen abwaschbaren Oberfl\u00e4chen und verleiht einen frischen Duft. Vielseitig einsetzbar, wirksam, gebrauchsfertig.\" \/>\n<meta name=\"robots\" content=\"index, follow, max-snippet:-1, max-image-preview:large, max-video-preview:-1\" \/>\n<link rel=\"canonical\" href=\"https:\/\/www.csj-emballages.com\/de\/produit\/multi-oberflaechen-reiniger-750-ml\/\" \/>\n<meta property=\"og:locale\" content=\"de_DE\" \/>\n<meta property=\"og:type\" content=\"article\" \/>\n<meta property=\"og:title\" content=\"Multi-Oberfl\u00e4chen-Reiniger 750 ml\" \/>\n<meta property=\"og:description\" content=\"750 ml Allzweckreiniger: Entfernt \u00d6le und R\u00fcckst\u00e4nde von allen abwaschbaren Oberfl\u00e4chen und verleiht einen frischen Duft. Vielseitig einsetzbar, wirksam, gebrauchsfertig.\" \/>\n<meta property=\"og:url\" content=\"https:\/\/www.csj-emballages.com\/de\/produit\/multi-oberflaechen-reiniger-750-ml\/\" \/>\n<meta property=\"og:site_name\" content=\"CSJ Emballages\" \/>\n<meta property=\"article:publisher\" content=\"https:\/\/www.facebook.com\/csjemballages\" \/>\n<meta property=\"article:modified_time\" content=\"2026-04-03T00:10:29+00:00\" \/>\n<meta property=\"og:image\" content=\"https:\/\/www.csj-emballages.com\/wp-content\/uploads\/2025\/07\/0615750.webp\" \/>\n\t<meta property=\"og:image:width\" content=\"800\" \/>\n\t<meta property=\"og:image:height\" content=\"800\" \/>\n\t<meta property=\"og:image:type\" content=\"image\/webp\" \/>\n<meta name=\"twitter:card\" content=\"summary_large_image\" \/>\n<meta name=\"twitter:label1\" content=\"Gesch\u00e4tzte Lesezeit\" \/>\n\t<meta name=\"twitter:data1\" content=\"1\u00a0Minute\" \/>\n<script type=\"application\/ld+json\" class=\"yoast-schema-graph\">{\"@context\":\"https:\/\/schema.org\",\"@graph\":[{\"@type\":\"WebPage\",\"@id\":\"https:\/\/www.csj-emballages.com\/de\/produit\/multi-oberflaechen-reiniger-750-ml\/\",\"url\":\"https:\/\/www.csj-emballages.com\/de\/produit\/multi-oberflaechen-reiniger-750-ml\/\",\"name\":\"Multi-Oberfl\u00e4chen-Reiniger 750ml\",\"isPartOf\":{\"@id\":\"https:\/\/www.csj-emballages.com\/de\/#website\"},\"primaryImageOfPage\":{\"@id\":\"https:\/\/www.csj-emballages.com\/de\/produit\/multi-oberflaechen-reiniger-750-ml\/#primaryimage\"},\"image\":{\"@id\":\"https:\/\/www.csj-emballages.com\/de\/produit\/multi-oberflaechen-reiniger-750-ml\/#primaryimage\"},\"thumbnailUrl\":\"https:\/\/www.csj-emballages.com\/wp-content\/uploads\/2025\/07\/0615750.webp\",\"datePublished\":\"2025-07-17T09:04:38+00:00\",\"dateModified\":\"2026-04-03T00:10:29+00:00\",\"description\":\"750 ml Allzweckreiniger: Entfernt \u00d6le und R\u00fcckst\u00e4nde von allen abwaschbaren Oberfl\u00e4chen und verleiht einen frischen Duft. Vielseitig einsetzbar, wirksam, gebrauchsfertig.\",\"breadcrumb\":{\"@id\":\"https:\/\/www.csj-emballages.com\/de\/produit\/multi-oberflaechen-reiniger-750-ml\/#breadcrumb\"},\"inLanguage\":\"de\",\"potentialAction\":[{\"@type\":\"ReadAction\",\"target\":[\"https:\/\/www.csj-emballages.com\/de\/produit\/multi-oberflaechen-reiniger-750-ml\/\"]}]},{\"@type\":\"ImageObject\",\"inLanguage\":\"de\",\"@id\":\"https:\/\/www.csj-emballages.com\/de\/produit\/multi-oberflaechen-reiniger-750-ml\/#primaryimage\",\"url\":\"https:\/\/www.csj-emballages.com\/wp-content\/uploads\/2025\/07\/0615750.webp\",\"contentUrl\":\"https:\/\/www.csj-emballages.com\/wp-content\/uploads\/2025\/07\/0615750.webp\",\"width\":800,\"height\":800,\"caption\":\"Nettoyant multi surfaces\"},{\"@type\":\"BreadcrumbList\",\"@id\":\"https:\/\/www.csj-emballages.com\/de\/produit\/multi-oberflaechen-reiniger-750-ml\/#breadcrumb\",\"itemListElement\":[{\"@type\":\"ListItem\",\"position\":1,\"name\":\"Accueil\",\"item\":\"https:\/\/www.csj-emballages.com\/de\/universum-lebensmittelverpackungen\/\"},{\"@type\":\"ListItem\",\"position\":2,\"name\":\"Shop\",\"item\":\"https:\/\/www.csj-emballages.com\/shop\/\"},{\"@type\":\"ListItem\",\"position\":3,\"name\":\"Multi-Oberfl\u00e4chen-Reiniger 750 ml\"}]},{\"@type\":\"WebSite\",\"@id\":\"https:\/\/www.csj-emballages.com\/de\/#website\",\"url\":\"https:\/\/www.csj-emballages.com\/de\/\",\"name\":\"CSJ Emballages\",\"description\":\"\",\"publisher\":{\"@id\":\"https:\/\/www.csj-emballages.com\/de\/#organization\"},\"potentialAction\":[{\"@type\":\"SearchAction\",\"target\":{\"@type\":\"EntryPoint\",\"urlTemplate\":\"https:\/\/www.csj-emballages.com\/de\/?s={search_term_string}\"},\"query-input\":{\"@type\":\"PropertyValueSpecification\",\"valueRequired\":true,\"valueName\":\"search_term_string\"}}],\"inLanguage\":\"de\"},{\"@type\":\"Organization\",\"@id\":\"https:\/\/www.csj-emballages.com\/de\/#Organization\/\",\"name\":\"CSJ Emballages\",\"url\":\"https:\/\/www.csj-emballages.com\/de\/\",\"logo\":{\"@type\":\"ImageObject\",\"inLanguage\":\"de\",\"@id\":\"https:\/\/www.csj-emballages.com\/de\/#\/schema\/logo\/image\/\",\"url\":\"https:\/\/www.csj-emballages.com\/wp-content\/uploads\/2023\/10\/logo_csj.webp\",\"contentUrl\":\"https:\/\/www.csj-emballages.com\/wp-content\/uploads\/2023\/10\/logo_csj.webp\",\"width\":250,\"height\":95,\"caption\":\"CSJ Emballages\"},\"image\":{\"@id\":\"https:\/\/www.csj-emballages.com\/de\/#\/schema\/logo\/image\/\"},\"sameAs\":[\"https:\/\/www.facebook.com\/csjemballages\"],\"address\":{\"@type\":\"PostalAddress\",\"streetAddress\":\"ZI La Lechere\",\"addressLocality\":\"Patornay\",\"postalCode\":\"39130\",\"addressCountry\":\"FR\"},\"contactPoint\":[{\"@type\":\"ContactPoint\",\"contactType\":\"Service client\",\"telephone\":\"0384254272\",\"email\":\"contact@csj-emballages.com\"}]}]}<\/script>\n<!-- \/ Yoast SEO Premium plugin. -->","yoast_head_json":{"title":"Multi-Oberfl\u00e4chen-Reiniger 750ml","description":"750 ml Allzweckreiniger: Entfernt \u00d6le und R\u00fcckst\u00e4nde von allen abwaschbaren Oberfl\u00e4chen und verleiht einen frischen Duft. Vielseitig einsetzbar, wirksam, gebrauchsfertig.","robots":{"index":"index","follow":"follow","max-snippet":"max-snippet:-1","max-image-preview":"max-image-preview:large","max-video-preview":"max-video-preview:-1"},"canonical":"https:\/\/www.csj-emballages.com\/de\/produit\/multi-oberflaechen-reiniger-750-ml\/","og_locale":"de_DE","og_type":"article","og_title":"Multi-Oberfl\u00e4chen-Reiniger 750 ml","og_description":"750 ml Allzweckreiniger: Entfernt \u00d6le und R\u00fcckst\u00e4nde von allen abwaschbaren Oberfl\u00e4chen und verleiht einen frischen Duft. Vielseitig einsetzbar, wirksam, gebrauchsfertig.","og_url":"https:\/\/www.csj-emballages.com\/de\/produit\/multi-oberflaechen-reiniger-750-ml\/","og_site_name":"CSJ Emballages","article_publisher":"https:\/\/www.facebook.com\/csjemballages","article_modified_time":"2026-04-03T00:10:29+00:00","og_image":[{"width":800,"height":800,"url":"https:\/\/www.csj-emballages.com\/wp-content\/uploads\/2025\/07\/0615750.webp","type":"image\/webp"}],"twitter_card":"summary_large_image","twitter_misc":{"Gesch\u00e4tzte Lesezeit":"1\u00a0Minute"},"schema":{"@context":"https:\/\/schema.org","@graph":[{"@type":"WebPage","@id":"https:\/\/www.csj-emballages.com\/de\/produit\/multi-oberflaechen-reiniger-750-ml\/","url":"https:\/\/www.csj-emballages.com\/de\/produit\/multi-oberflaechen-reiniger-750-ml\/","name":"Multi-Oberfl\u00e4chen-Reiniger 750ml","isPartOf":{"@id":"https:\/\/www.csj-emballages.com\/de\/#website"},"primaryImageOfPage":{"@id":"https:\/\/www.csj-emballages.com\/de\/produit\/multi-oberflaechen-reiniger-750-ml\/#primaryimage"},"image":{"@id":"https:\/\/www.csj-emballages.com\/de\/produit\/multi-oberflaechen-reiniger-750-ml\/#primaryimage"},"thumbnailUrl":"https:\/\/www.csj-emballages.com\/wp-content\/uploads\/2025\/07\/0615750.webp","datePublished":"2025-07-17T09:04:38+00:00","dateModified":"2026-04-03T00:10:29+00:00","description":"750 ml Allzweckreiniger: Entfernt \u00d6le und R\u00fcckst\u00e4nde von allen abwaschbaren Oberfl\u00e4chen und verleiht einen frischen Duft. Vielseitig einsetzbar, wirksam, gebrauchsfertig.","breadcrumb":{"@id":"https:\/\/www.csj-emballages.com\/de\/produit\/multi-oberflaechen-reiniger-750-ml\/#breadcrumb"},"inLanguage":"de","potentialAction":[{"@type":"ReadAction","target":["https:\/\/www.csj-emballages.com\/de\/produit\/multi-oberflaechen-reiniger-750-ml\/"]}]},{"@type":"ImageObject","inLanguage":"de","@id":"https:\/\/www.csj-emballages.com\/de\/produit\/multi-oberflaechen-reiniger-750-ml\/#primaryimage","url":"https:\/\/www.csj-emballages.com\/wp-content\/uploads\/2025\/07\/0615750.webp","contentUrl":"https:\/\/www.csj-emballages.com\/wp-content\/uploads\/2025\/07\/0615750.webp","width":800,"height":800,"caption":"Nettoyant multi surfaces"},{"@type":"BreadcrumbList","@id":"https:\/\/www.csj-emballages.com\/de\/produit\/multi-oberflaechen-reiniger-750-ml\/#breadcrumb","itemListElement":[{"@type":"ListItem","position":1,"name":"Accueil","item":"https:\/\/www.csj-emballages.com\/de\/universum-lebensmittelverpackungen\/"},{"@type":"ListItem","position":2,"name":"Shop","item":"https:\/\/www.csj-emballages.com\/shop\/"},{"@type":"ListItem","position":3,"name":"Multi-Oberfl\u00e4chen-Reiniger 750 ml"}]},{"@type":"WebSite","@id":"https:\/\/www.csj-emballages.com\/de\/#website","url":"https:\/\/www.csj-emballages.com\/de\/","name":"CSJ Emballages","description":"","publisher":{"@id":"https:\/\/www.csj-emballages.com\/de\/#organization"},"potentialAction":[{"@type":"SearchAction","target":{"@type":"EntryPoint","urlTemplate":"https:\/\/www.csj-emballages.com\/de\/?s={search_term_string}"},"query-input":{"@type":"PropertyValueSpecification","valueRequired":true,"valueName":"search_term_string"}}],"inLanguage":"de"},{"@type":"Organization","@id":"https:\/\/www.csj-emballages.com\/de\/#Organization\/","name":"CSJ Emballages","url":"https:\/\/www.csj-emballages.com\/de\/","logo":{"@type":"ImageObject","inLanguage":"de","@id":"https:\/\/www.csj-emballages.com\/de\/#\/schema\/logo\/image\/","url":"https:\/\/www.csj-emballages.com\/wp-content\/uploads\/2023\/10\/logo_csj.webp","contentUrl":"https:\/\/www.csj-emballages.com\/wp-content\/uploads\/2023\/10\/logo_csj.webp","width":250,"height":95,"caption":"CSJ Emballages"},"image":{"@id":"https:\/\/www.csj-emballages.com\/de\/#\/schema\/logo\/image\/"},"sameAs":["https:\/\/www.facebook.com\/csjemballages"],"address":{"@type":"PostalAddress","streetAddress":"ZI La Lechere","addressLocality":"Patornay","postalCode":"39130","addressCountry":"FR"},"contactPoint":[{"@type":"ContactPoint","contactType":"Service client","telephone":"0384254272","email":"contact@csj-emballages.com"}]}]}},"df_price":2.83,"df_sale_price":"","df_regular_price":2.83,"df_image_link":"https:\/\/www.csj-emballages.com\/wp-content\/uploads\/2025\/07\/0615750-300x300.webp","tiered_pricing_type":"fixed","tiered_pricing_fixed_rules":[],"tiered_pricing_percentage_rules":[],"tiered_pricing_minimum":1,"tiered_pricing_roles_data":[],"_links":{"self":[{"href":"https:\/\/www.csj-emballages.com\/de\/wp-json\/wp\/v2\/product\/238608","targetHints":{"allow":["GET"]}}],"collection":[{"href":"https:\/\/www.csj-emballages.com\/de\/wp-json\/wp\/v2\/product"}],"about":[{"href":"https:\/\/www.csj-emballages.com\/de\/wp-json\/wp\/v2\/types\/product"}],"wp:featuredmedia":[{"embeddable":true,"href":"https:\/\/www.csj-emballages.com\/de\/wp-json\/wp\/v2\/media\/238601"}],"wp:attachment":[{"href":"https:\/\/www.csj-emballages.com\/de\/wp-json\/wp\/v2\/media?parent=238608"}],"wp:term":[{"taxonomy":"product_brand","embeddable":true,"href":"https:\/\/www.csj-emballages.com\/de\/wp-json\/wp\/v2\/product_brand?post=238608"},{"taxonomy":"product_cat","embeddable":true,"href":"https:\/\/www.csj-emballages.com\/de\/wp-json\/wp\/v2\/product_cat?post=238608"},{"taxonomy":"product_tag","embeddable":true,"href":"https:\/\/www.csj-emballages.com\/de\/wp-json\/wp\/v2\/product_tag?post=238608"}],"curies":[{"name":"wp","href":"https:\/\/api.w.org\/{rel}","templated":true}]}}