{"id":23837,"date":"2024-03-01T16:47:39","date_gmt":"2024-03-01T15:47:39","guid":{"rendered":"https:\/\/u15jnbdpoq.preview.infomaniak.website\/produit\/100-beutel-mit-suesswaren-xmas-gift-120-x-260-mm\/"},"modified":"2026-04-03T02:22:22","modified_gmt":"2026-04-03T00:22:22","slug":"100-beutel-mit-suesswaren-xmas-gift-120-x-260-mm","status":"publish","type":"product","link":"https:\/\/www.csj-emballages.com\/de\/produit\/100-beutel-mit-suesswaren-xmas-gift-120-x-260-mm\/","title":{"rendered":"S\u00fc\u00dfwarenbeutel Weihnachten &#8222;Xmas Gift&#8220; 120 x 260 mm pro 100"},"content":{"rendered":"<div style=\"box-sizing: inherit; font-family: Roboto, sans-serif;\">\n<div style=\"box-sizing: inherit; font-family: Roboto, sans-serif;\">\n<div style=\"box-sizing: inherit; font-family: Roboto, sans-serif;\">\n<div style=\"box-sizing: inherit; font-family: Roboto, sans-serif;\">\n<div style=\"box-sizing: inherit; font-family: Roboto, sans-serif;\">\n<div style=\"box-sizing: inherit; font-family: Roboto, sans-serif;\">\n<div style=\"box-sizing: inherit; font-family: Roboto, sans-serif;\">\n<div style=\"box-sizing: inherit; font-family: Roboto, sans-serif;\">\n<div style=\"box-sizing: inherit; font-family: Roboto, sans-serif;\">\n<div style=\"box-sizing: inherit; font-family: Roboto, sans-serif;\">\n<div style=\"box-sizing: inherit; font-family: Roboto, sans-serif;\">\n<div style=\"box-sizing: inherit; font-family: Roboto, sans-serif;\">\n<div style=\"box-sizing: inherit; font-family: Roboto, sans-serif;\">\n<div class=\"flex flex-grow flex-col max-w-full\">\n<div class=\"min-h-[20px] text-message flex flex-col items-start whitespace-pre-wrap break-words [.text-message+&amp;]:mt-5 juice:w-full juice:items-end overflow-x-auto gap-2\" dir=\"auto\" data-message-author-role=\"assistant\" data-message-id=\"2034782e-88f9-44ef-b4dc-07dd7bf0115f\">\n<div class=\"flex w-full flex-col gap-1 juice:empty:hidden juice:first:pt-[3px]\">\n<div class=\"markdown prose w-full break-words dark:prose-invert light\">\n<div style=\"box-sizing: inherit; font-family: Roboto, sans-serif;\">\n<div style=\"box-sizing: inherit; font-family: Roboto, sans-serif;\">\n<div style=\"box-sizing: inherit; font-family: Roboto, sans-serif;\">\n<div style=\"box-sizing: inherit; font-family: Roboto, sans-serif;\">\n<div style=\"box-sizing: inherit; font-family: Roboto, sans-serif;\">\n<div style=\"box-sizing: inherit; font-family: Roboto, sans-serif;\">\n<div style=\"box-sizing: inherit; font-family: Roboto, sans-serif;\">\n<div style=\"box-sizing: inherit; font-family: Roboto, sans-serif;\">\n<div style=\"box-sizing: inherit; font-family: Roboto, sans-serif;\">\n<div style=\"box-sizing: inherit; font-family: Roboto, sans-serif;\">\n<div style=\"box-sizing: inherit; font-family: Roboto, sans-serif;\">\n<div style=\"box-sizing: inherit; font-family: Roboto, sans-serif;\">\n<div style=\"box-sizing: inherit; font-family: Roboto, sans-serif;\">\n<div style=\"box-sizing: inherit; font-family: Roboto, sans-serif;\">\n<div style=\"box-sizing: inherit; font-family: Roboto, sans-serif;\">\n<div style=\"box-sizing: inherit; font-family: Roboto, sans-serif;\">\n<div style=\"box-sizing: inherit; font-family: Roboto, sans-serif;\">\n<div style=\"box-sizing: inherit; font-family: Roboto, sans-serif;\">\n<div style=\"box-sizing: inherit; font-family: Roboto, sans-serif;\">\n<div class=\"flex flex-grow flex-col max-w-full\">\n<div class=\"min-h-[20px] text-message flex flex-col items-start whitespace-pre-wrap break-words [.text-message+&amp;]:mt-5 juice:w-full juice:items-end overflow-x-auto gap-2\" dir=\"auto\" data-message-author-role=\"assistant\" data-message-id=\"2034782e-88f9-44ef-b4dc-07dd7bf0115f\">\n<div class=\"flex w-full flex-col gap-1 juice:empty:hidden juice:first:pt-[3px]\">\n<div class=\"markdown prose w-full break-words dark:prose-invert light\">\n<div style=\"box-sizing: inherit; font-family: Roboto, sans-serif;\">\n<div style=\"box-sizing: inherit; font-family: Roboto, sans-serif;\">\n<div style=\"box-sizing: inherit; font-family: Roboto, sans-serif;\">\n<div style=\"box-sizing: inherit; font-family: Roboto, sans-serif;\">\n<div style=\"box-sizing: inherit; font-family: Roboto, sans-serif;\">\n<div style=\"box-sizing: inherit; font-family: Roboto, sans-serif;\">\n<h2>Beutel mit S\u00fc\u00dfigkeiten Weihnachten<\/h2>\n<div style=\"box-sizing: inherit; font-family: Roboto, sans-serif;\">\n<div style=\"box-sizing: inherit; font-family: Roboto, sans-serif;\">\n<div style=\"box-sizing: inherit; font-family: Roboto, sans-serif;\">\n<div style=\"text-align: center;\">\n<div style=\"box-sizing: inherit; font-family: Roboto, sans-serif;\">\n<div style=\"box-sizing: inherit; font-family: Roboto, sans-serif;\">\n<div style=\"box-sizing: inherit; font-family: Roboto, sans-serif;\">\n<div style=\"box-sizing: inherit; font-family: Roboto, sans-serif;\">\n<div style=\"box-sizing: inherit; font-family: Roboto, sans-serif;\">\n<div style=\"box-sizing: inherit; font-family: Roboto, sans-serif; text-align: left;\">\n<hr>\n<h3 style=\"text-align: left;\">Beschreibung von unserem S\u00fc\u00dfigkeitenbeutel Weihnachten &#8222;Xmas Gift&#8220; 120 x 260 mm pro 100<\/h3>\n<h3 style=\"text-align: left;\"><!--more--><\/h3>\n<\/div>\n<\/div>\n<\/div>\n<\/div>\n<\/div>\n<\/div>\n<\/div>\n<\/div>\n<\/div>\n<\/div>\n<\/div>\n<\/div>\n<\/div>\n<\/div>\n<\/div>\n<\/div>\n<\/div>\n<\/div>\n<\/div>\n<\/div>\n<\/div>\n<\/div>\n<\/div>\n<\/div>\n<\/div>\n<\/div>\n<\/div>\n<\/div>\n<\/div>\n<\/div>\n<\/div>\n<\/div>\n<\/div>\n<div style=\"box-sizing: inherit; font-family: Roboto, sans-serif;\">\n<div style=\"box-sizing: inherit; font-family: Roboto, sans-serif;\">\n<div style=\"box-sizing: inherit; font-family: Roboto, sans-serif;\">\n<div style=\"box-sizing: inherit; font-family: Roboto, sans-serif;\">\n<div style=\"box-sizing: inherit; font-family: Roboto, sans-serif;\">\n<div style=\"box-sizing: inherit; font-family: Roboto, sans-serif;\">\n<div style=\"box-sizing: inherit; font-family: Roboto, sans-serif;\">\n<div style=\"box-sizing: inherit; font-family: Roboto, sans-serif;\">\n<div style=\"box-sizing: inherit; font-family: Roboto, sans-serif;\">\n<div style=\"box-sizing: inherit; font-family: Roboto, sans-serif;\">\n<div style=\"box-sizing: inherit; font-family: Roboto, sans-serif;\">\n<div style=\"box-sizing: inherit; font-family: Roboto, sans-serif;\">\n<div style=\"box-sizing: inherit; font-family: Roboto, sans-serif;\">\n<div class=\"flex flex-grow flex-col max-w-full\">\n<div class=\"min-h-[20px] text-message flex flex-col items-start whitespace-pre-wrap break-words [.text-message+&amp;]:mt-5 juice:w-full juice:items-end overflow-x-auto gap-2\" dir=\"auto\" data-message-author-role=\"assistant\" data-message-id=\"2034782e-88f9-44ef-b4dc-07dd7bf0115f\">\n<div class=\"flex w-full flex-col gap-1 juice:empty:hidden juice:first:pt-[3px]\">\n<div class=\"markdown prose w-full break-words dark:prose-invert light\">\n<div style=\"box-sizing: inherit; font-family: Roboto, sans-serif;\">\n<div style=\"box-sizing: inherit; font-family: Roboto, sans-serif;\">\n<div style=\"box-sizing: inherit; font-family: Roboto, sans-serif;\">\n<div style=\"box-sizing: inherit; font-family: Roboto, sans-serif;\">\n<div style=\"box-sizing: inherit; font-family: Roboto, sans-serif;\">\n<div style=\"box-sizing: inherit; font-family: Roboto, sans-serif;\">\n<p data-start=\"0\" data-end=\"541\">Verleihen Sie Ihren s\u00fc\u00dfen Kreationen eine festliche H\u00fclle mit unserem <strong>S\u00fc\u00dfwarenbeutel Weihnachten &#8222;Xmas Gift&#8220; 120 x 260 mm.<\/strong> Dieser <strong>S\u00fc\u00dfwarenbeutel<\/strong> wurde entwickelt, um Schokolade, Kekse oder Pralinen zur Geltung zu bringen, und erinnert mit seinem <strong data-start=\"218\" data-end=\"236\">eleganten Design<\/strong> an ein echtes Weihnachtsgeschenk. Mit seinem <strong data-start=\"287\" data-end=\"322\">Aufdruck im Stil einer Geschenkverpackung<\/strong> f\u00e4llt es sofort ins Auge und verleiht Ihren Pr\u00e4sentationen eine warme Note. Der <strong data-start=\"416\" data-end=\"440\">feste Boden aus Kraftpapier<\/strong> sorgt f\u00fcr eine ausgezeichnete Stabilit\u00e4t, sodass Sie Ihre Leckereien ohne Gefahr des Zerquetschens anordnen k\u00f6nnen.<\/p>\n<p data-start=\"543\" data-end=\"948\">Dieser <strong>Plastikbeutel<\/strong> aus transparenter, strapazierf\u00e4higer <strong data-start=\"555\" data-end=\"577\">Polypropylenfolie<\/strong> sch\u00fctzt Ihre S\u00fc\u00dfwaren und gibt gleichzeitig den Blick auf ihre Farbe und Textur frei. So genie\u00dfen Ihre Kunden den Weihnachtszauber bereits, bevor sie das Paket \u00f6ffnen. Dar\u00fcber hinaus eignet sich die praktische Gr\u00f6\u00dfe von <strong>120 x 260 mm<\/strong> hervorragend f\u00fcr eine Vielzahl von Produkten: feine Schokolade, Tr\u00fcffel, kleine Kekse oder kandierte Fr\u00fcchte.<\/p>\n<p data-start=\"950\" data-end=\"1306\">Dar\u00fcber hinaus garantiert die Verwendung eines hochwertigen Materials nicht nur eine <strong data-start=\"1030\" data-end=\"1069\">wirksame Barriere gegen Feuchtigkeit<\/strong>, sondern auch eine professionelle Pr\u00e4sentation, die den besten <strong data-start=\"1136\" data-end=\"1168\">Konditoreien und Schokoladenfabriken<\/strong> w\u00fcrdig ist. Ob Sie nun ein Konditor, B\u00e4cker oder Chocolatier sind, dieser Beutel wird schnell zu einem Muss f\u00fcr Ihren Jahresendverkauf werden.<\/p>\n<p data-start=\"1308\" data-end=\"1704\">Alles in allem vereint dieser <strong data-start=\"1321\" data-end=\"1339\">Weihnachtsbeutel<\/strong> <strong data-start=\"1346\" data-end=\"1360\">\u00c4sthetik<\/strong>, Praktikabilit\u00e4t und Robustheit. Damit k\u00f6nnen Sie Ihre Gourmetkreationen veredeln und gleichzeitig Ihren Kunden ein festliches Erlebnis bieten &#8211; vom ersten Blick bis zur Verkostung. Dank seines <strong data-start=\"1551\" data-end=\"1566\">fr\u00f6hlichen Looks<\/strong> und seiner <strong data-start=\"1575\" data-end=\"1602\">professionellen Qualit\u00e4t<\/strong> bietet er sich als ideale L\u00f6sung an, um Ihre Produkte w\u00e4hrend der gesamten Festtagssaison aufzuwerten.<\/p>\n<p><!--more--><\/p>\n<h4 style=\"text-align: left;\">Vorteile :<\/h4>\n<ul style=\"text-align: left;\">\n<li>Fester <strong data-start=\"1921\" data-end=\"1945\">Boden aus Kraftpapier<\/strong> f\u00fcr ausgezeichnete Stabilit\u00e4t.<\/li>\n<li>Transparente, sch\u00fctzende <strong data-start=\"1981\" data-end=\"2003\">Polypropylenfolie<\/strong>.<\/li>\n<li><strong data-start=\"2035\" data-end=\"2052\">Festliches Design<\/strong> imitiertes Geschenkpaket.<\/li>\n<li>Ideal f\u00fcr <strong data-start=\"2093\" data-end=\"2131\">S\u00fc\u00dfigkeiten, Schokolade und Kekse.<\/strong><\/li>\n<li>Professionelle und elegante Pr\u00e4sentation f\u00fcr die <strong data-start=\"2197\" data-end=\"2205\">Weihnachtszeit<\/strong>.<\/li>\n<\/ul>\n<\/div>\n<\/div>\n<\/div>\n<\/div>\n<\/div>\n<\/div>\n<\/div>\n<\/div>\n<\/div>\n<\/div>\n<\/div>\n<\/div>\n<p>&nbsp;<\/p>\n<\/div>\n<\/div>\n<\/div>\n<\/div>\n<\/div>\n<\/div>\n<\/div>\n<\/div>\n<\/div>\n<\/div>\n<\/div>\n<p><!--more--><\/p>\n<h4>Weitere Informationen :<\/h4>\n<ul style=\"box-sizing: inherit; font-family: Roboto, sans-serif;\">\n<li><strong>Verpackung<\/strong>: Packung mit 100 St\u00fcck<\/li>\n<li><span style=\"font-weight: bold;\">Gr\u00f6\u00dfe<\/span>: 120 x 260 mm<\/li>\n<li><strong>Material<\/strong>: OPP<\/li>\n<li><strong>Farbe<\/strong>: Transparent \/ Rot \/ Wei\u00df<\/li>\n<li><strong>Option<\/strong>: Beutel mit Kartonboden<\/li>\n<\/ul>\n<p>&nbsp;<\/p>\n<p><!--more--><\/p>\n<p>Dieses Weihnachtss\u00e4ckchen ist auch in einer kleineren Gr\u00f6\u00dfe erh\u00e4ltlich : <span style=\"color: #d12727;\"><a style=\"color: #d12727;\" href=\"https:\/\/www.csj-emballages.com\/produit\/100-sachet-noel-confiserie-xmas-gift-100-x-220-mm\/\">100 x 220 mm<\/a><\/span><\/p>\n<p>&nbsp;<\/p>\n<p><!--more--><\/p>\n<p><a href=\"https:\/\/www.csj-emballages.com\/de\/categorie-produit\/lebensmittelverpackungen\/backerei-und-konditorei\/sacke-beutel-und-papier\/beutel-fur-suswaren\/themenbeutel\/weihnachtsbeutel\/\">Sehen Sie sich den Rest unseres Sortiments an Weihnachtst\u00fcten an<\/a><\/p>\n<\/div>\n<\/div>\n<\/div>\n<\/div>\n<\/div>\n<\/div>\n<\/div>\n<\/div>\n<\/div>\n<\/div>\n<\/div>\n<\/div>\n<\/div>\n<\/div>\n<\/div>\n<\/div>\n<\/div>\n<\/div>\n<\/div>\n<\/div>\n<\/div>\n<\/div>\n<\/div>\n","protected":false},"excerpt":{"rendered":"<p>Beutel mit S\u00fc\u00dfigkeiten Weihnachten Beschreibung von unserem S\u00fc\u00dfigkeitenbeutel Weihnachten &#8222;Xmas Gift&#8220; 120 x 260 mm pro 100<\/p>\n","protected":false},"featured_media":243610,"template":"","meta":{"_acf_changed":false},"product_brand":[],"product_cat":[1137,1171,1678,3413],"product_tag":[],"class_list":{"0":"post-23837","1":"product","2":"type-product","3":"status-publish","4":"has-post-thumbnail","6":"product_cat-lebensmittelverpackungen","7":"product_cat-backerei-und-konditorei","8":"product_cat-beutel-fur-suswaren","9":"product_cat-weihnachtsbeutel","11":"first","12":"instock","13":"taxable","14":"shipping-taxable","15":"purchasable","16":"product-type-simple"},"acf":[],"yoast_head":"<!-- This site is optimized with the Yoast SEO Premium plugin v26.6 (Yoast SEO v26.6) - https:\/\/yoast.com\/wordpress\/plugins\/seo\/ -->\n<title>S\u00fc\u00dfigkeitent\u00fcte Weihnachten &quot;Xmas Gift&quot; 120 x 260 mm pro 100<\/title>\n<meta name=\"description\" content=\"S\u00fc\u00dfwarenbeutel Weihnachten &quot;Xmas Gift&quot; 120 x 260 mm: fester Kraftboden, Polypropylenfolie, perfekt f\u00fcr festliche Schokolade und Kekse.\" \/>\n<meta name=\"robots\" content=\"index, follow, max-snippet:-1, max-image-preview:large, max-video-preview:-1\" \/>\n<link rel=\"canonical\" href=\"https:\/\/www.csj-emballages.com\/de\/produit\/100-beutel-mit-suesswaren-xmas-gift-120-x-260-mm\/\" \/>\n<meta property=\"og:locale\" content=\"de_DE\" \/>\n<meta property=\"og:type\" content=\"article\" \/>\n<meta property=\"og:title\" content=\"Weihnachtsbeutel &quot;Xmas Gift&quot; 120 x 260 mm\" \/>\n<meta property=\"og:description\" content=\"Weihnachtss\u00fc\u00dfwarenbeutel 120x260 mm pro 100 St\u00fcck. Ideal f\u00fcr Ihre Festtagss\u00fc\u00dfigkeiten, G\u00e4stegeschenke, Veranstaltungen oder den Verkauf in Ihrem Gesch\u00e4ft.\" \/>\n<meta property=\"og:url\" content=\"https:\/\/www.csj-emballages.com\/de\/produit\/100-beutel-mit-suesswaren-xmas-gift-120-x-260-mm\/\" \/>\n<meta property=\"og:site_name\" content=\"CSJ Emballages\" \/>\n<meta property=\"article:publisher\" content=\"https:\/\/www.facebook.com\/csjemballages\" \/>\n<meta property=\"article:modified_time\" content=\"2026-04-03T00:22:22+00:00\" \/>\n<meta property=\"og:image\" content=\"https:\/\/www.csj-emballages.com\/wp-content\/uploads\/2024\/03\/SXMAST1.webp\" \/>\n\t<meta property=\"og:image:width\" content=\"800\" \/>\n\t<meta property=\"og:image:height\" content=\"800\" \/>\n\t<meta property=\"og:image:type\" content=\"image\/webp\" \/>\n<meta name=\"twitter:card\" content=\"summary_large_image\" \/>\n<meta name=\"twitter:title\" content=\"Weihnachtsbeutel &quot;Xmas Gift&quot; 120 x 260 mm\" \/>\n<meta name=\"twitter:description\" content=\"Weihnachtss\u00fc\u00dfwarenbeutel 120x260 mm pro 100 St\u00fcck. Ideal f\u00fcr Ihre Festtagss\u00fc\u00dfigkeiten, G\u00e4stegeschenke, Veranstaltungen oder den Verkauf in Ihrem Gesch\u00e4ft.\" \/>\n<meta name=\"twitter:label1\" content=\"Gesch\u00e4tzte Lesezeit\" \/>\n\t<meta name=\"twitter:data1\" content=\"2 Minuten\" \/>\n<script type=\"application\/ld+json\" class=\"yoast-schema-graph\">{\"@context\":\"https:\/\/schema.org\",\"@graph\":[{\"@type\":\"WebPage\",\"@id\":\"https:\/\/www.csj-emballages.com\/de\/produit\/100-beutel-mit-suesswaren-xmas-gift-120-x-260-mm\/\",\"url\":\"https:\/\/www.csj-emballages.com\/de\/produit\/100-beutel-mit-suesswaren-xmas-gift-120-x-260-mm\/\",\"name\":\"S\u00fc\u00dfigkeitent\u00fcte Weihnachten \\\"Xmas Gift\\\" 120 x 260 mm pro 100\",\"isPartOf\":{\"@id\":\"https:\/\/www.csj-emballages.com\/de\/#website\"},\"primaryImageOfPage\":{\"@id\":\"https:\/\/www.csj-emballages.com\/de\/produit\/100-beutel-mit-suesswaren-xmas-gift-120-x-260-mm\/#primaryimage\"},\"image\":{\"@id\":\"https:\/\/www.csj-emballages.com\/de\/produit\/100-beutel-mit-suesswaren-xmas-gift-120-x-260-mm\/#primaryimage\"},\"thumbnailUrl\":\"https:\/\/www.csj-emballages.com\/wp-content\/uploads\/2024\/03\/SXMAST1.webp\",\"datePublished\":\"2024-03-01T15:47:39+00:00\",\"dateModified\":\"2026-04-03T00:22:22+00:00\",\"description\":\"S\u00fc\u00dfwarenbeutel Weihnachten \\\"Xmas Gift\\\" 120 x 260 mm: fester Kraftboden, Polypropylenfolie, perfekt f\u00fcr festliche Schokolade und Kekse.\",\"breadcrumb\":{\"@id\":\"https:\/\/www.csj-emballages.com\/de\/produit\/100-beutel-mit-suesswaren-xmas-gift-120-x-260-mm\/#breadcrumb\"},\"inLanguage\":\"de\",\"potentialAction\":[{\"@type\":\"ReadAction\",\"target\":[\"https:\/\/www.csj-emballages.com\/de\/produit\/100-beutel-mit-suesswaren-xmas-gift-120-x-260-mm\/\"]}]},{\"@type\":\"ImageObject\",\"inLanguage\":\"de\",\"@id\":\"https:\/\/www.csj-emballages.com\/de\/produit\/100-beutel-mit-suesswaren-xmas-gift-120-x-260-mm\/#primaryimage\",\"url\":\"https:\/\/www.csj-emballages.com\/wp-content\/uploads\/2024\/03\/SXMAST1.webp\",\"contentUrl\":\"https:\/\/www.csj-emballages.com\/wp-content\/uploads\/2024\/03\/SXMAST1.webp\",\"width\":800,\"height\":800,\"caption\":\"Sachet confiseries no\u00ebl\"},{\"@type\":\"BreadcrumbList\",\"@id\":\"https:\/\/www.csj-emballages.com\/de\/produit\/100-beutel-mit-suesswaren-xmas-gift-120-x-260-mm\/#breadcrumb\",\"itemListElement\":[{\"@type\":\"ListItem\",\"position\":1,\"name\":\"Accueil\",\"item\":\"https:\/\/www.csj-emballages.com\/de\/universum-lebensmittelverpackungen\/\"},{\"@type\":\"ListItem\",\"position\":2,\"name\":\"Shop\",\"item\":\"https:\/\/www.csj-emballages.com\/shop\/\"},{\"@type\":\"ListItem\",\"position\":3,\"name\":\"S\u00fc\u00dfwarenbeutel Weihnachten \u00ab\u00a0Xmas Gift\u00a0\u00bb 120 x 260 mm pro 100\"}]},{\"@type\":\"WebSite\",\"@id\":\"https:\/\/www.csj-emballages.com\/de\/#website\",\"url\":\"https:\/\/www.csj-emballages.com\/de\/\",\"name\":\"CSJ Emballages\",\"description\":\"\",\"publisher\":{\"@id\":\"https:\/\/www.csj-emballages.com\/de\/#organization\"},\"potentialAction\":[{\"@type\":\"SearchAction\",\"target\":{\"@type\":\"EntryPoint\",\"urlTemplate\":\"https:\/\/www.csj-emballages.com\/de\/?s={search_term_string}\"},\"query-input\":{\"@type\":\"PropertyValueSpecification\",\"valueRequired\":true,\"valueName\":\"search_term_string\"}}],\"inLanguage\":\"de\"},{\"@type\":\"Organization\",\"@id\":\"https:\/\/www.csj-emballages.com\/de\/#Organization\/\",\"name\":\"CSJ Emballages\",\"url\":\"https:\/\/www.csj-emballages.com\/de\/\",\"logo\":{\"@type\":\"ImageObject\",\"inLanguage\":\"de\",\"@id\":\"https:\/\/www.csj-emballages.com\/de\/#\/schema\/logo\/image\/\",\"url\":\"https:\/\/www.csj-emballages.com\/wp-content\/uploads\/2023\/10\/logo_csj.webp\",\"contentUrl\":\"https:\/\/www.csj-emballages.com\/wp-content\/uploads\/2023\/10\/logo_csj.webp\",\"width\":250,\"height\":95,\"caption\":\"CSJ Emballages\"},\"image\":{\"@id\":\"https:\/\/www.csj-emballages.com\/de\/#\/schema\/logo\/image\/\"},\"sameAs\":[\"https:\/\/www.facebook.com\/csjemballages\"],\"address\":{\"@type\":\"PostalAddress\",\"streetAddress\":\"ZI La Lechere\",\"addressLocality\":\"Patornay\",\"postalCode\":\"39130\",\"addressCountry\":\"FR\"},\"contactPoint\":[{\"@type\":\"ContactPoint\",\"contactType\":\"Service client\",\"telephone\":\"0384254272\",\"email\":\"contact@csj-emballages.com\"}]}]}<\/script>\n<!-- \/ Yoast SEO Premium plugin. -->","yoast_head_json":{"title":"S\u00fc\u00dfigkeitent\u00fcte Weihnachten \"Xmas Gift\" 120 x 260 mm pro 100","description":"S\u00fc\u00dfwarenbeutel Weihnachten \"Xmas Gift\" 120 x 260 mm: fester Kraftboden, Polypropylenfolie, perfekt f\u00fcr festliche Schokolade und Kekse.","robots":{"index":"index","follow":"follow","max-snippet":"max-snippet:-1","max-image-preview":"max-image-preview:large","max-video-preview":"max-video-preview:-1"},"canonical":"https:\/\/www.csj-emballages.com\/de\/produit\/100-beutel-mit-suesswaren-xmas-gift-120-x-260-mm\/","og_locale":"de_DE","og_type":"article","og_title":"Weihnachtsbeutel \"Xmas Gift\" 120 x 260 mm","og_description":"Weihnachtss\u00fc\u00dfwarenbeutel 120x260 mm pro 100 St\u00fcck. Ideal f\u00fcr Ihre Festtagss\u00fc\u00dfigkeiten, G\u00e4stegeschenke, Veranstaltungen oder den Verkauf in Ihrem Gesch\u00e4ft.","og_url":"https:\/\/www.csj-emballages.com\/de\/produit\/100-beutel-mit-suesswaren-xmas-gift-120-x-260-mm\/","og_site_name":"CSJ Emballages","article_publisher":"https:\/\/www.facebook.com\/csjemballages","article_modified_time":"2026-04-03T00:22:22+00:00","og_image":[{"width":800,"height":800,"url":"https:\/\/www.csj-emballages.com\/wp-content\/uploads\/2024\/03\/SXMAST1.webp","type":"image\/webp"}],"twitter_card":"summary_large_image","twitter_title":"Weihnachtsbeutel \"Xmas Gift\" 120 x 260 mm","twitter_description":"Weihnachtss\u00fc\u00dfwarenbeutel 120x260 mm pro 100 St\u00fcck. Ideal f\u00fcr Ihre Festtagss\u00fc\u00dfigkeiten, G\u00e4stegeschenke, Veranstaltungen oder den Verkauf in Ihrem Gesch\u00e4ft.","twitter_misc":{"Gesch\u00e4tzte Lesezeit":"2 Minuten"},"schema":{"@context":"https:\/\/schema.org","@graph":[{"@type":"WebPage","@id":"https:\/\/www.csj-emballages.com\/de\/produit\/100-beutel-mit-suesswaren-xmas-gift-120-x-260-mm\/","url":"https:\/\/www.csj-emballages.com\/de\/produit\/100-beutel-mit-suesswaren-xmas-gift-120-x-260-mm\/","name":"S\u00fc\u00dfigkeitent\u00fcte Weihnachten \"Xmas Gift\" 120 x 260 mm pro 100","isPartOf":{"@id":"https:\/\/www.csj-emballages.com\/de\/#website"},"primaryImageOfPage":{"@id":"https:\/\/www.csj-emballages.com\/de\/produit\/100-beutel-mit-suesswaren-xmas-gift-120-x-260-mm\/#primaryimage"},"image":{"@id":"https:\/\/www.csj-emballages.com\/de\/produit\/100-beutel-mit-suesswaren-xmas-gift-120-x-260-mm\/#primaryimage"},"thumbnailUrl":"https:\/\/www.csj-emballages.com\/wp-content\/uploads\/2024\/03\/SXMAST1.webp","datePublished":"2024-03-01T15:47:39+00:00","dateModified":"2026-04-03T00:22:22+00:00","description":"S\u00fc\u00dfwarenbeutel Weihnachten \"Xmas Gift\" 120 x 260 mm: fester Kraftboden, Polypropylenfolie, perfekt f\u00fcr festliche Schokolade und Kekse.","breadcrumb":{"@id":"https:\/\/www.csj-emballages.com\/de\/produit\/100-beutel-mit-suesswaren-xmas-gift-120-x-260-mm\/#breadcrumb"},"inLanguage":"de","potentialAction":[{"@type":"ReadAction","target":["https:\/\/www.csj-emballages.com\/de\/produit\/100-beutel-mit-suesswaren-xmas-gift-120-x-260-mm\/"]}]},{"@type":"ImageObject","inLanguage":"de","@id":"https:\/\/www.csj-emballages.com\/de\/produit\/100-beutel-mit-suesswaren-xmas-gift-120-x-260-mm\/#primaryimage","url":"https:\/\/www.csj-emballages.com\/wp-content\/uploads\/2024\/03\/SXMAST1.webp","contentUrl":"https:\/\/www.csj-emballages.com\/wp-content\/uploads\/2024\/03\/SXMAST1.webp","width":800,"height":800,"caption":"Sachet confiseries no\u00ebl"},{"@type":"BreadcrumbList","@id":"https:\/\/www.csj-emballages.com\/de\/produit\/100-beutel-mit-suesswaren-xmas-gift-120-x-260-mm\/#breadcrumb","itemListElement":[{"@type":"ListItem","position":1,"name":"Accueil","item":"https:\/\/www.csj-emballages.com\/de\/universum-lebensmittelverpackungen\/"},{"@type":"ListItem","position":2,"name":"Shop","item":"https:\/\/www.csj-emballages.com\/shop\/"},{"@type":"ListItem","position":3,"name":"S\u00fc\u00dfwarenbeutel Weihnachten \u00ab\u00a0Xmas Gift\u00a0\u00bb 120 x 260 mm pro 100"}]},{"@type":"WebSite","@id":"https:\/\/www.csj-emballages.com\/de\/#website","url":"https:\/\/www.csj-emballages.com\/de\/","name":"CSJ Emballages","description":"","publisher":{"@id":"https:\/\/www.csj-emballages.com\/de\/#organization"},"potentialAction":[{"@type":"SearchAction","target":{"@type":"EntryPoint","urlTemplate":"https:\/\/www.csj-emballages.com\/de\/?s={search_term_string}"},"query-input":{"@type":"PropertyValueSpecification","valueRequired":true,"valueName":"search_term_string"}}],"inLanguage":"de"},{"@type":"Organization","@id":"https:\/\/www.csj-emballages.com\/de\/#Organization\/","name":"CSJ Emballages","url":"https:\/\/www.csj-emballages.com\/de\/","logo":{"@type":"ImageObject","inLanguage":"de","@id":"https:\/\/www.csj-emballages.com\/de\/#\/schema\/logo\/image\/","url":"https:\/\/www.csj-emballages.com\/wp-content\/uploads\/2023\/10\/logo_csj.webp","contentUrl":"https:\/\/www.csj-emballages.com\/wp-content\/uploads\/2023\/10\/logo_csj.webp","width":250,"height":95,"caption":"CSJ Emballages"},"image":{"@id":"https:\/\/www.csj-emballages.com\/de\/#\/schema\/logo\/image\/"},"sameAs":["https:\/\/www.facebook.com\/csjemballages"],"address":{"@type":"PostalAddress","streetAddress":"ZI La Lechere","addressLocality":"Patornay","postalCode":"39130","addressCountry":"FR"},"contactPoint":[{"@type":"ContactPoint","contactType":"Service client","telephone":"0384254272","email":"contact@csj-emballages.com"}]}]}},"df_price":21.55,"df_sale_price":"","df_regular_price":21.55,"df_image_link":"https:\/\/www.csj-emballages.com\/wp-content\/uploads\/2024\/03\/SXMAST1-300x300.webp","tiered_pricing_type":"fixed","tiered_pricing_fixed_rules":[],"tiered_pricing_percentage_rules":[],"tiered_pricing_minimum":1,"tiered_pricing_roles_data":[],"_links":{"self":[{"href":"https:\/\/www.csj-emballages.com\/de\/wp-json\/wp\/v2\/product\/23837","targetHints":{"allow":["GET"]}}],"collection":[{"href":"https:\/\/www.csj-emballages.com\/de\/wp-json\/wp\/v2\/product"}],"about":[{"href":"https:\/\/www.csj-emballages.com\/de\/wp-json\/wp\/v2\/types\/product"}],"wp:featuredmedia":[{"embeddable":true,"href":"https:\/\/www.csj-emballages.com\/de\/wp-json\/wp\/v2\/media\/243610"}],"wp:attachment":[{"href":"https:\/\/www.csj-emballages.com\/de\/wp-json\/wp\/v2\/media?parent=23837"}],"wp:term":[{"taxonomy":"product_brand","embeddable":true,"href":"https:\/\/www.csj-emballages.com\/de\/wp-json\/wp\/v2\/product_brand?post=23837"},{"taxonomy":"product_cat","embeddable":true,"href":"https:\/\/www.csj-emballages.com\/de\/wp-json\/wp\/v2\/product_cat?post=23837"},{"taxonomy":"product_tag","embeddable":true,"href":"https:\/\/www.csj-emballages.com\/de\/wp-json\/wp\/v2\/product_tag?post=23837"}],"curies":[{"name":"wp","href":"https:\/\/api.w.org\/{rel}","templated":true}]}}