{"id":23819,"date":"2024-03-01T16:47:38","date_gmt":"2024-03-01T15:47:38","guid":{"rendered":"https:\/\/u15jnbdpoq.preview.infomaniak.website\/produit\/12-rollen-mini-jumbo-toilettenpapier-aus-weisser-watte-2-lagig-180-m\/"},"modified":"2026-04-21T02:18:01","modified_gmt":"2026-04-21T00:18:01","slug":"12-rollen-mini-jumbo-toilettenpapier-aus-weisser-watte-2-lagig-180-m","status":"publish","type":"product","link":"https:\/\/www.csj-emballages.com\/de\/produit\/12-rollen-mini-jumbo-toilettenpapier-aus-weisser-watte-2-lagig-180-m\/","title":{"rendered":"Mini JUMBO Toilettenpapierrolle, wei\u00dfer Zellstoff, 2-lagig, 180 m, 12er-Pack"},"content":{"rendered":"<h2>Toilettenpapierrolle<\/h2>\n<hr>\n<h3>Beschreibung unserer Mini JUMBO Toilettenpapierrolle, wei\u00dfer Zellstoff, 2-lagig, 180 m, 12er-Pack<\/h3>\n<p><!--more--><\/p>\n<div class=\"flex max-w-full flex-col flex-grow\">\n<div class=\"min-h-8 text-message flex w-full flex-col items-end gap-2 whitespace-normal break-words text-start [.text-message+&amp;]:mt-5\" dir=\"auto\" data-message-author-role=\"assistant\" data-message-id=\"266ca6f3-5e07-4948-bd20-80ac5e6da4a5\" data-message-model-slug=\"gpt-4o\">\n<div class=\"flex w-full flex-col gap-1 empty:hidden first:pt-[3px]\">\n<div class=\"markdown prose w-full break-words dark:prose-invert dark\">\n<p>Entscheiden Sie sich f\u00fcr optimalen Komfort mit dieser <strong>Mini JUMBO Toilettenpapierrolle aus wei\u00dfem Zellstoff<\/strong>. Entwickelt mit <strong>2 Lagen<\/strong>, bietet sie eine <strong>angenehme Weichheit<\/strong> und <strong>ideale Rei\u00dffestigkeit<\/strong> f\u00fcr den t\u00e4glichen Gebrauch. Geeignet sowohl f\u00fcr <strong>Gewerbe<\/strong> (Restaurants, Hotels, B\u00fcros) als auch f\u00fcr <strong>Privathaushalte<\/strong>, garantiert dieses 12er-Pack mit <strong>180 m langen Rollen<\/strong> eine <strong>lange Nutzungsdauer<\/strong> und ein hervorragendes Preis-Leistungs-Verh\u00e4ltnis.  <\/p>\n<h3><\/h3>\n<\/div>\n<\/div>\n<\/div>\n<\/div>\n<p><!--more--><\/p>\n<h4>Vorteile :<\/h4>\n<ul>\n<li>Hochwertiger Zellstoff f\u00fcr eine angenehme Nutzung.<\/li>\n<li>2 Lagen f\u00fcr erh\u00f6hte Rei\u00dffestigkeit.<\/li>\n<li>180 m pro Rolle f\u00fcr eine l\u00e4ngere Nutzungsdauer.<\/li>\n<li>Geeignet f\u00fcr gewerbliche und private Sanit\u00e4rbereiche.<\/li>\n<li>12er-Pack Rollen f\u00fcr eine einfache Bevorratung<\/li>\n<\/ul>\n<p>&nbsp;<\/p>\n<p><!--more--><\/p>\n<h4>Weitere Informationen :<\/h4>\n<ul>\n<li><strong>Verpackung<\/strong>: Packung mit 12 St\u00fcck<\/li>\n<li><strong>Material<\/strong>: Reine Zellulose<\/li>\n<li><strong>Lagen<\/strong>: 2<\/li>\n<li><b>L\u00e4nge: <\/b>180 m<\/li>\n<li><strong>Typ<\/strong>: Gepr\u00e4gt<\/li>\n<li><strong>Farbe<\/strong>: Wei\u00df<\/li>\n<\/ul>\n<p>&nbsp;<\/p>\n<p><!--more--><\/p>\n<p>Finden Sie hier unseren passenden Spender f\u00fcr dieses Toilettenpapier: <span style=\"color: #d12727;\"><a style=\"color: #d12727;\" href=\"https:\/\/www.csj-emballages.com\/es\/produit\/dispensador-de-papel-higienico-mini-jumbo-para-ref-t180d60\/\">DISTRITO180<\/a><\/span><\/p>\n<p>&nbsp;<\/p>\n<p><!--more--><\/p>\n<p><a href=\"\/?product_cat=papier-hygieneniques\">Entdecken Sie den Rest unseres Toilettenpapier-Sortiments<\/a><\/p>\n","protected":false},"excerpt":{"rendered":"<p>Toilettenpapierrolle Beschreibung unserer Mini JUMBO Toilettenpapierrolle, wei\u00dfer Zellstoff, 2-lagig, 180 m, 12er-Pack<\/p>\n","protected":false},"featured_media":221747,"template":"","meta":{"_acf_changed":false},"product_brand":[],"product_cat":[1218,1377,1380],"product_tag":[],"class_list":{"0":"post-23819","1":"product","2":"type-product","3":"status-publish","4":"has-post-thumbnail","6":"product_cat-hygiene-und-pflege","7":"product_cat-wischtucher","8":"product_cat-toilettenpapier","10":"first","11":"instock","12":"taxable","13":"shipping-taxable","14":"purchasable","15":"product-type-simple"},"acf":[],"yoast_head":"<!-- This site is optimized with the Yoast SEO Premium plugin v26.6 (Yoast SEO v26.6) - https:\/\/yoast.com\/wordpress\/plugins\/seo\/ -->\n<title>Mini JUMBO Toilettenpapierrolle, wei\u00dfer Zellstoff, 2-lagig, 180 m<\/title>\n<meta name=\"description\" content=\"Entdecken Sie unsere Mini JUMBO Toilettenpapierrolle, wei\u00dfer Zellstoff, 2-lagig, 180 m, 12er-Pack. Entscheiden Sie sich f\u00fcr einen 12er-Pack Toilettenpapier aus reinem Zellstoff.\" \/>\n<meta name=\"robots\" content=\"index, follow, max-snippet:-1, max-image-preview:large, max-video-preview:-1\" \/>\n<link rel=\"canonical\" href=\"https:\/\/www.csj-emballages.com\/de\/produit\/12-rollen-mini-jumbo-toilettenpapier-aus-weisser-watte-2-lagig-180-m\/\" \/>\n<meta property=\"og:locale\" content=\"de_DE\" \/>\n<meta property=\"og:type\" content=\"article\" \/>\n<meta property=\"og:title\" content=\"Mini JUMBO Toilettenpapierrolle, wei\u00dfer Zellstoff, 2-lagig, 180 m, 12er-Pack\" \/>\n<meta property=\"og:description\" content=\"Entdecken Sie unsere Mini JUMBO Toilettenpapierrolle, wei\u00dfer Zellstoff, 2-lagig, 180 m, 12er-Pack. Entscheiden Sie sich f\u00fcr einen 12er-Pack Toilettenpapier aus reinem Zellstoff.\" \/>\n<meta property=\"og:url\" content=\"https:\/\/www.csj-emballages.com\/de\/produit\/12-rollen-mini-jumbo-toilettenpapier-aus-weisser-watte-2-lagig-180-m\/\" \/>\n<meta property=\"og:site_name\" content=\"CSJ Emballages\" \/>\n<meta property=\"article:publisher\" content=\"https:\/\/www.facebook.com\/csjemballages\" \/>\n<meta property=\"article:modified_time\" content=\"2026-04-21T00:18:01+00:00\" \/>\n<meta property=\"og:image\" content=\"https:\/\/www.csj-emballages.com\/wp-content\/uploads\/2024\/03\/T180D60.webp\" \/>\n\t<meta property=\"og:image:width\" content=\"800\" \/>\n\t<meta property=\"og:image:height\" content=\"800\" \/>\n\t<meta property=\"og:image:type\" content=\"image\/webp\" \/>\n<meta name=\"twitter:card\" content=\"summary_large_image\" \/>\n<meta name=\"twitter:label1\" content=\"Gesch\u00e4tzte Lesezeit\" \/>\n\t<meta name=\"twitter:data1\" content=\"1\u00a0Minute\" \/>\n<script type=\"application\/ld+json\" class=\"yoast-schema-graph\">{\"@context\":\"https:\/\/schema.org\",\"@graph\":[{\"@type\":\"WebPage\",\"@id\":\"https:\/\/www.csj-emballages.com\/de\/produit\/12-rollen-mini-jumbo-toilettenpapier-aus-weisser-watte-2-lagig-180-m\/\",\"url\":\"https:\/\/www.csj-emballages.com\/de\/produit\/12-rollen-mini-jumbo-toilettenpapier-aus-weisser-watte-2-lagig-180-m\/\",\"name\":\"Mini JUMBO Toilettenpapierrolle, wei\u00dfer Zellstoff, 2-lagig, 180 m\",\"isPartOf\":{\"@id\":\"https:\/\/www.csj-emballages.com\/de\/#website\"},\"primaryImageOfPage\":{\"@id\":\"https:\/\/www.csj-emballages.com\/de\/produit\/12-rollen-mini-jumbo-toilettenpapier-aus-weisser-watte-2-lagig-180-m\/#primaryimage\"},\"image\":{\"@id\":\"https:\/\/www.csj-emballages.com\/de\/produit\/12-rollen-mini-jumbo-toilettenpapier-aus-weisser-watte-2-lagig-180-m\/#primaryimage\"},\"thumbnailUrl\":\"https:\/\/www.csj-emballages.com\/wp-content\/uploads\/2024\/03\/T180D60.webp\",\"datePublished\":\"2024-03-01T15:47:38+00:00\",\"dateModified\":\"2026-04-21T00:18:01+00:00\",\"description\":\"Entdecken Sie unsere Mini JUMBO Toilettenpapierrolle, wei\u00dfer Zellstoff, 2-lagig, 180 m, 12er-Pack. Entscheiden Sie sich f\u00fcr einen 12er-Pack Toilettenpapier aus reinem Zellstoff.\",\"breadcrumb\":{\"@id\":\"https:\/\/www.csj-emballages.com\/de\/produit\/12-rollen-mini-jumbo-toilettenpapier-aus-weisser-watte-2-lagig-180-m\/#breadcrumb\"},\"inLanguage\":\"de\",\"potentialAction\":[{\"@type\":\"ReadAction\",\"target\":[\"https:\/\/www.csj-emballages.com\/de\/produit\/12-rollen-mini-jumbo-toilettenpapier-aus-weisser-watte-2-lagig-180-m\/\"]}]},{\"@type\":\"ImageObject\",\"inLanguage\":\"de\",\"@id\":\"https:\/\/www.csj-emballages.com\/de\/produit\/12-rollen-mini-jumbo-toilettenpapier-aus-weisser-watte-2-lagig-180-m\/#primaryimage\",\"url\":\"https:\/\/www.csj-emballages.com\/wp-content\/uploads\/2024\/03\/T180D60.webp\",\"contentUrl\":\"https:\/\/www.csj-emballages.com\/wp-content\/uploads\/2024\/03\/T180D60.webp\",\"width\":800,\"height\":800,\"caption\":\"Rouleau papier toilette\"},{\"@type\":\"BreadcrumbList\",\"@id\":\"https:\/\/www.csj-emballages.com\/de\/produit\/12-rollen-mini-jumbo-toilettenpapier-aus-weisser-watte-2-lagig-180-m\/#breadcrumb\",\"itemListElement\":[{\"@type\":\"ListItem\",\"position\":1,\"name\":\"Accueil\",\"item\":\"https:\/\/www.csj-emballages.com\/de\/universum-lebensmittelverpackungen\/\"},{\"@type\":\"ListItem\",\"position\":2,\"name\":\"Shop\",\"item\":\"https:\/\/www.csj-emballages.com\/shop\/\"},{\"@type\":\"ListItem\",\"position\":3,\"name\":\"Mini JUMBO Toilettenpapierrolle, wei\u00dfer Zellstoff, 2-lagig, 180 m, 12er-Pack\"}]},{\"@type\":\"WebSite\",\"@id\":\"https:\/\/www.csj-emballages.com\/de\/#website\",\"url\":\"https:\/\/www.csj-emballages.com\/de\/\",\"name\":\"CSJ Emballages\",\"description\":\"\",\"publisher\":{\"@id\":\"https:\/\/www.csj-emballages.com\/de\/#organization\"},\"potentialAction\":[{\"@type\":\"SearchAction\",\"target\":{\"@type\":\"EntryPoint\",\"urlTemplate\":\"https:\/\/www.csj-emballages.com\/de\/?s={search_term_string}\"},\"query-input\":{\"@type\":\"PropertyValueSpecification\",\"valueRequired\":true,\"valueName\":\"search_term_string\"}}],\"inLanguage\":\"de\"},{\"@type\":\"Organization\",\"@id\":\"https:\/\/www.csj-emballages.com\/de\/#Organization\/\",\"name\":\"CSJ Emballages\",\"url\":\"https:\/\/www.csj-emballages.com\/de\/\",\"logo\":{\"@type\":\"ImageObject\",\"inLanguage\":\"de\",\"@id\":\"https:\/\/www.csj-emballages.com\/de\/#\/schema\/logo\/image\/\",\"url\":\"https:\/\/www.csj-emballages.com\/wp-content\/uploads\/2023\/10\/logo_csj.webp\",\"contentUrl\":\"https:\/\/www.csj-emballages.com\/wp-content\/uploads\/2023\/10\/logo_csj.webp\",\"width\":250,\"height\":95,\"caption\":\"CSJ Emballages\"},\"image\":{\"@id\":\"https:\/\/www.csj-emballages.com\/de\/#\/schema\/logo\/image\/\"},\"sameAs\":[\"https:\/\/www.facebook.com\/csjemballages\"],\"address\":{\"@type\":\"PostalAddress\",\"streetAddress\":\"ZI La Lechere\",\"addressLocality\":\"Patornay\",\"postalCode\":\"39130\",\"addressCountry\":\"FR\"},\"contactPoint\":[{\"@type\":\"ContactPoint\",\"contactType\":\"Service client\",\"telephone\":\"0384254272\",\"email\":\"contact@csj-emballages.com\"}]}]}<\/script>\n<!-- \/ Yoast SEO Premium plugin. -->","yoast_head_json":{"title":"Mini JUMBO Toilettenpapierrolle, wei\u00dfer Zellstoff, 2-lagig, 180 m","description":"Entdecken Sie unsere Mini JUMBO Toilettenpapierrolle, wei\u00dfer Zellstoff, 2-lagig, 180 m, 12er-Pack. Entscheiden Sie sich f\u00fcr einen 12er-Pack Toilettenpapier aus reinem Zellstoff.","robots":{"index":"index","follow":"follow","max-snippet":"max-snippet:-1","max-image-preview":"max-image-preview:large","max-video-preview":"max-video-preview:-1"},"canonical":"https:\/\/www.csj-emballages.com\/de\/produit\/12-rollen-mini-jumbo-toilettenpapier-aus-weisser-watte-2-lagig-180-m\/","og_locale":"de_DE","og_type":"article","og_title":"Mini JUMBO Toilettenpapierrolle, wei\u00dfer Zellstoff, 2-lagig, 180 m, 12er-Pack","og_description":"Entdecken Sie unsere Mini JUMBO Toilettenpapierrolle, wei\u00dfer Zellstoff, 2-lagig, 180 m, 12er-Pack. Entscheiden Sie sich f\u00fcr einen 12er-Pack Toilettenpapier aus reinem Zellstoff.","og_url":"https:\/\/www.csj-emballages.com\/de\/produit\/12-rollen-mini-jumbo-toilettenpapier-aus-weisser-watte-2-lagig-180-m\/","og_site_name":"CSJ Emballages","article_publisher":"https:\/\/www.facebook.com\/csjemballages","article_modified_time":"2026-04-21T00:18:01+00:00","og_image":[{"width":800,"height":800,"url":"https:\/\/www.csj-emballages.com\/wp-content\/uploads\/2024\/03\/T180D60.webp","type":"image\/webp"}],"twitter_card":"summary_large_image","twitter_misc":{"Gesch\u00e4tzte Lesezeit":"1\u00a0Minute"},"schema":{"@context":"https:\/\/schema.org","@graph":[{"@type":"WebPage","@id":"https:\/\/www.csj-emballages.com\/de\/produit\/12-rollen-mini-jumbo-toilettenpapier-aus-weisser-watte-2-lagig-180-m\/","url":"https:\/\/www.csj-emballages.com\/de\/produit\/12-rollen-mini-jumbo-toilettenpapier-aus-weisser-watte-2-lagig-180-m\/","name":"Mini JUMBO Toilettenpapierrolle, wei\u00dfer Zellstoff, 2-lagig, 180 m","isPartOf":{"@id":"https:\/\/www.csj-emballages.com\/de\/#website"},"primaryImageOfPage":{"@id":"https:\/\/www.csj-emballages.com\/de\/produit\/12-rollen-mini-jumbo-toilettenpapier-aus-weisser-watte-2-lagig-180-m\/#primaryimage"},"image":{"@id":"https:\/\/www.csj-emballages.com\/de\/produit\/12-rollen-mini-jumbo-toilettenpapier-aus-weisser-watte-2-lagig-180-m\/#primaryimage"},"thumbnailUrl":"https:\/\/www.csj-emballages.com\/wp-content\/uploads\/2024\/03\/T180D60.webp","datePublished":"2024-03-01T15:47:38+00:00","dateModified":"2026-04-21T00:18:01+00:00","description":"Entdecken Sie unsere Mini JUMBO Toilettenpapierrolle, wei\u00dfer Zellstoff, 2-lagig, 180 m, 12er-Pack. Entscheiden Sie sich f\u00fcr einen 12er-Pack Toilettenpapier aus reinem Zellstoff.","breadcrumb":{"@id":"https:\/\/www.csj-emballages.com\/de\/produit\/12-rollen-mini-jumbo-toilettenpapier-aus-weisser-watte-2-lagig-180-m\/#breadcrumb"},"inLanguage":"de","potentialAction":[{"@type":"ReadAction","target":["https:\/\/www.csj-emballages.com\/de\/produit\/12-rollen-mini-jumbo-toilettenpapier-aus-weisser-watte-2-lagig-180-m\/"]}]},{"@type":"ImageObject","inLanguage":"de","@id":"https:\/\/www.csj-emballages.com\/de\/produit\/12-rollen-mini-jumbo-toilettenpapier-aus-weisser-watte-2-lagig-180-m\/#primaryimage","url":"https:\/\/www.csj-emballages.com\/wp-content\/uploads\/2024\/03\/T180D60.webp","contentUrl":"https:\/\/www.csj-emballages.com\/wp-content\/uploads\/2024\/03\/T180D60.webp","width":800,"height":800,"caption":"Rouleau papier toilette"},{"@type":"BreadcrumbList","@id":"https:\/\/www.csj-emballages.com\/de\/produit\/12-rollen-mini-jumbo-toilettenpapier-aus-weisser-watte-2-lagig-180-m\/#breadcrumb","itemListElement":[{"@type":"ListItem","position":1,"name":"Accueil","item":"https:\/\/www.csj-emballages.com\/de\/universum-lebensmittelverpackungen\/"},{"@type":"ListItem","position":2,"name":"Shop","item":"https:\/\/www.csj-emballages.com\/shop\/"},{"@type":"ListItem","position":3,"name":"Mini JUMBO Toilettenpapierrolle, wei\u00dfer Zellstoff, 2-lagig, 180 m, 12er-Pack"}]},{"@type":"WebSite","@id":"https:\/\/www.csj-emballages.com\/de\/#website","url":"https:\/\/www.csj-emballages.com\/de\/","name":"CSJ Emballages","description":"","publisher":{"@id":"https:\/\/www.csj-emballages.com\/de\/#organization"},"potentialAction":[{"@type":"SearchAction","target":{"@type":"EntryPoint","urlTemplate":"https:\/\/www.csj-emballages.com\/de\/?s={search_term_string}"},"query-input":{"@type":"PropertyValueSpecification","valueRequired":true,"valueName":"search_term_string"}}],"inLanguage":"de"},{"@type":"Organization","@id":"https:\/\/www.csj-emballages.com\/de\/#Organization\/","name":"CSJ Emballages","url":"https:\/\/www.csj-emballages.com\/de\/","logo":{"@type":"ImageObject","inLanguage":"de","@id":"https:\/\/www.csj-emballages.com\/de\/#\/schema\/logo\/image\/","url":"https:\/\/www.csj-emballages.com\/wp-content\/uploads\/2023\/10\/logo_csj.webp","contentUrl":"https:\/\/www.csj-emballages.com\/wp-content\/uploads\/2023\/10\/logo_csj.webp","width":250,"height":95,"caption":"CSJ Emballages"},"image":{"@id":"https:\/\/www.csj-emballages.com\/de\/#\/schema\/logo\/image\/"},"sameAs":["https:\/\/www.facebook.com\/csjemballages"],"address":{"@type":"PostalAddress","streetAddress":"ZI La Lechere","addressLocality":"Patornay","postalCode":"39130","addressCountry":"FR"},"contactPoint":[{"@type":"ContactPoint","contactType":"Service client","telephone":"0384254272","email":"contact@csj-emballages.com"}]}]}},"df_price":21.53,"df_sale_price":"","df_regular_price":21.53,"df_image_link":"https:\/\/www.csj-emballages.com\/wp-content\/uploads\/2024\/03\/T180D60-300x300.webp","tiered_pricing_type":"fixed","tiered_pricing_fixed_rules":[],"tiered_pricing_percentage_rules":[],"tiered_pricing_minimum":1,"tiered_pricing_roles_data":[],"_links":{"self":[{"href":"https:\/\/www.csj-emballages.com\/de\/wp-json\/wp\/v2\/product\/23819","targetHints":{"allow":["GET"]}}],"collection":[{"href":"https:\/\/www.csj-emballages.com\/de\/wp-json\/wp\/v2\/product"}],"about":[{"href":"https:\/\/www.csj-emballages.com\/de\/wp-json\/wp\/v2\/types\/product"}],"wp:featuredmedia":[{"embeddable":true,"href":"https:\/\/www.csj-emballages.com\/de\/wp-json\/wp\/v2\/media\/221747"}],"wp:attachment":[{"href":"https:\/\/www.csj-emballages.com\/de\/wp-json\/wp\/v2\/media?parent=23819"}],"wp:term":[{"taxonomy":"product_brand","embeddable":true,"href":"https:\/\/www.csj-emballages.com\/de\/wp-json\/wp\/v2\/product_brand?post=23819"},{"taxonomy":"product_cat","embeddable":true,"href":"https:\/\/www.csj-emballages.com\/de\/wp-json\/wp\/v2\/product_cat?post=23819"},{"taxonomy":"product_tag","embeddable":true,"href":"https:\/\/www.csj-emballages.com\/de\/wp-json\/wp\/v2\/product_tag?post=23819"}],"curies":[{"name":"wp","href":"https:\/\/api.w.org\/{rel}","templated":true}]}}