{"id":23798,"date":"2024-03-01T16:49:05","date_gmt":"2024-03-01T15:49:05","guid":{"rendered":"https:\/\/u15jnbdpoq.preview.infomaniak.website\/produit\/25-muellsaecke-50-liter-schwarz-35-%c2%b5\/"},"modified":"2026-04-16T11:02:23","modified_gmt":"2026-04-16T09:02:23","slug":"25-muellsaecke-50-liter-schwarz-35-%c2%b5","status":"publish","type":"product","link":"https:\/\/www.csj-emballages.com\/de\/produit\/25-muellsaecke-50-liter-schwarz-35-%c2%b5\/","title":{"rendered":"M\u00fcllsack 50 Liter, schwarz, 35 \u00b5, 25 St\u00fcck"},"content":{"rendered":"<h2>M\u00fcllsack<\/h2>\n<hr>\n<h3>Entdecken Sie unseren M\u00fcllsack 50 Liter, schwarz, 35 \u00b5, 25 St\u00fcck.<\/h3>\n<p><!--more--><\/p>\n<p data-start=\"205\" data-end=\"562\">Diese <strong data-start=\"209\" data-end=\"242\">schwarzen 50-Liter-M\u00fclls\u00e4cke<\/strong> sind daf\u00fcr konzipiert, den t\u00e4glichen Abfall einfach und effizient zu entsorgen. Mit einem Fassungsverm\u00f6gen von <strong>50 Litern<\/strong> eignen sie sich perfekt f\u00fcr <strong>kleine M\u00fclleimer in B\u00fcros, K\u00fcchen, Sanit\u00e4ranlagen oder Gemeinschaftsr\u00e4umen<\/strong>. Es ist das praktische Format, weder zu gro\u00df noch zu klein, das sich leicht an viele Verwendungszwecke anpasst.  <\/p>\n<p data-start=\"564\" data-end=\"940\">Dank ihrer St\u00e4rke von <strong>35 Mikron<\/strong> bieten diese <strong>S\u00e4cke<\/strong> eine gute Widerstandsf\u00e4higkeit im Gebrauch. Sie halten gut an Ort und Stelle, tragen das Gewicht des \u00fcblichen Abfalls und minimieren das Risiko des Rei\u00dfens beim Verschlie\u00dfen oder Transport. Ihre <strong>schwarze Farbe verdeckt den Inhalt<\/strong> f\u00fcr ein saubereres und diskreteres Erscheinungsbild, insbesondere in \u00f6ffentlich zug\u00e4nglichen Bereichen.  <\/p>\n<p data-start=\"942\" data-end=\"1260\">Sie sind einfach einzusetzen, gleiten schnell in den M\u00fclleimer und bleiben w\u00e4hrend des Gebrauchs gut angepasst. Einmal gef\u00fcllt, lassen sie sich einfach verschlie\u00dfen und problemlos handhaben. Ob im professionellen Umfeld oder f\u00fcr den t\u00e4glichen Gebrauch, sie erleichtern die Abfallentsorgung ohne Zeitverlust.  <\/p>\n<p data-start=\"1262\" data-end=\"1521\"><strong data-start=\"1269\" data-end=\"1286\">Im 25er-Pack<\/strong> verkauft, sind diese <strong>M\u00fclls\u00e4cke<\/strong> ideal f\u00fcr eine regelm\u00e4\u00dfige Nachbestellung oder zur Erg\u00e4nzung eines bestehenden Vorrats. Sie eignen sich sowohl f\u00fcr B\u00fcros, Gesch\u00e4fte und \u00f6ffentliche Einrichtungen als auch f\u00fcr professionelle oder private K\u00fcchen. <\/p>\n<p data-start=\"1523\" data-end=\"1711\">Zusammenfassend l\u00e4sst sich sagen, dass diese <strong>50-Liter-M\u00fclls\u00e4cke<\/strong> Praktikabilit\u00e4t, Diskretion und Zuverl\u00e4ssigkeit vereinen. Ein einfaches, aber effektives Must-have, um R\u00e4ume im Alltag sauber und gut organisiert zu halten. <\/p>\n<p data-start=\"1523\" data-end=\"1711\"><!--more--><\/p>\n<h4 data-start=\"1523\" data-end=\"1711\">Vorteile :<\/h4>\n<ul>\n<li data-start=\"1739\" data-end=\"1763\">Fassungsverm\u00f6gen: <strong>50 Liter<\/strong>.<\/li>\n<li data-start=\"1766\" data-end=\"1810\"><strong>St\u00e4rke 35<\/strong> Mikron f\u00fcr guten Halt.<\/li>\n<li data-start=\"1813\" data-end=\"1849\">Farbe Schwarz, diskret und sauber.<\/li>\n<li data-start=\"1852\" data-end=\"1887\">Einfach anzubringen und zu entfernen.<\/li>\n<li data-start=\"1890\" data-end=\"1941\">Geeignet f\u00fcr den professionellen und privaten Gebrauch.<\/li>\n<li data-start=\"1944\" data-end=\"1968\">Praktischer <strong>25er-Pack<\/strong>.<\/li>\n<\/ul>\n<p>&nbsp;<\/p>\n<p><!--more--><\/p>\n<h4>Weitere Informationen :<\/h4>\n<ul style=\"font-family: Roboto, sans-serif;\">\n<li><strong>Verpackung<\/strong>: Rolle mit 25 St\u00fcck<\/li>\n<li><strong>Ma\u00dfe<\/strong>: 750 mm x 680 mm<\/li>\n<li><span style=\"font-weight: bold;\">Volumen: <\/span>50 Liter<\/li>\n<li><strong>Dicke<\/strong>: 35 \u00b5<\/li>\n<li><strong>Farbe<\/strong>: Schwarz<\/li>\n<li><strong>Material<\/strong>: PE HD<\/li>\n<\/ul>\n<p>&nbsp;<\/p>\n<p><!--more--><\/p>\n<p>Dieser 50-Liter-M\u00fcllsack ist in verschiedenen Gr\u00f6\u00dfen erh\u00e4ltlich: <span style=\"color: #d12727;\"><a style=\"color: #d12727;\" href=\"https:\/\/www.csj-emballages.com\/produit\/20-sacs-poubelles-30-litres-noirs-25-%c2%b5\/\">30 Liter<\/a><\/span> \/ <span style=\"color: #d12727;\"><a style=\"color: #d12727;\" href=\"https:\/\/www.csj-emballages.com\/de\/produit\/25-muellsaecke-100-liter-schwarz-35-%c2%b5\/\">100 Liter (35 \u00b5)<\/a><\/span> \/ <span style=\"color: #d12727;\"><a style=\"color: #d12727;\" href=\"https:\/\/www.csj-emballages.com\/de\/produit\/10-muellsaecke-100-liter-schwarz-65-%c2%b5\/\">100 Liter (65 \u00b5)<\/a><\/span> \/ <span style=\"color: #d12727;\"><a style=\"color: #d12727;\" href=\"https:\/\/www.csj-emballages.com\/de\/produit\/25-muellsaecke-110-liter-schwarz-35-%c2%b5\/\">110 Liter (35 \u00b5)<\/a> <\/span>\/ <span style=\"color: #d12727;\"><a style=\"color: #d12727;\" href=\"https:\/\/www.csj-emballages.com\/de\/produit\/20-muellsaecke-110-liter-schwarz-55-%c2%b5\/\">110 Liter (55 \u00b5)<\/a> <\/span>\/ <span style=\"color: #d12727;\"><a style=\"color: #d12727;\" href=\"https:\/\/www.csj-emballages.com\/de\/categorie-produit\/hygiene-und-pflege\/mullsacke\/\">&#8230;<\/a><\/span><\/p>\n<p>&nbsp;<\/p>\n<p><!--more--><\/p>\n<p><a href=\"https:\/\/www.csj-emballages.com\/de\/categorie-produit\/hygiene-und-pflege\/mullsacke\/\">Sehen Sie sich den Rest unseres M\u00fcllsack-Sortiments an  <\/a><\/p>\n","protected":false},"excerpt":{"rendered":"<p>M\u00fcllsack Entdecken Sie unseren M\u00fcllsack 50 Liter, schwarz, 35 \u00b5, 25 St\u00fcck.<\/p>\n","protected":false},"featured_media":222413,"template":"","meta":{"_acf_changed":false},"product_brand":[],"product_cat":[1218,1873],"product_tag":[],"class_list":{"0":"post-23798","1":"product","2":"type-product","3":"status-publish","4":"has-post-thumbnail","6":"product_cat-hygiene-und-pflege","7":"product_cat-mullsacke","9":"first","10":"instock","11":"taxable","12":"shipping-taxable","13":"purchasable","14":"product-type-simple"},"acf":[],"yoast_head":"<!-- This site is optimized with the Yoast SEO Premium plugin v26.6 (Yoast SEO v26.6) - https:\/\/yoast.com\/wordpress\/plugins\/seo\/ -->\n<title>M\u00fcllsack 50 Liter, Schwarz, 35 \u00b5, 25 St\u00fcck<\/title>\n<meta name=\"description\" content=\"M\u00fcllsack 50 Liter, schwarz, 35 Mikron, 25 St\u00fcck. Robust, praktisch und diskret, ideal f\u00fcr B\u00fcros, K\u00fcchen und \u00f6ffentliche Einrichtungen.\" \/>\n<meta name=\"robots\" content=\"index, follow, max-snippet:-1, max-image-preview:large, max-video-preview:-1\" \/>\n<link rel=\"canonical\" href=\"https:\/\/www.csj-emballages.com\/de\/produit\/25-muellsaecke-50-liter-schwarz-35-%c2%b5\/\" \/>\n<meta property=\"og:locale\" content=\"de_DE\" \/>\n<meta property=\"og:type\" content=\"article\" \/>\n<meta property=\"og:title\" content=\"M\u00fcllsack 50 Liter, schwarz, 35 \u00b5, 25 St\u00fcck\" \/>\n<meta property=\"og:description\" content=\"M\u00fcllsack 50 Liter, schwarz, 35 Mikron, 25 St\u00fcck. Robust, praktisch und diskret, ideal f\u00fcr B\u00fcros, K\u00fcchen und \u00f6ffentliche Einrichtungen.\" \/>\n<meta property=\"og:url\" content=\"https:\/\/www.csj-emballages.com\/de\/produit\/25-muellsaecke-50-liter-schwarz-35-%c2%b5\/\" \/>\n<meta property=\"og:site_name\" content=\"CSJ Emballages\" \/>\n<meta property=\"article:publisher\" content=\"https:\/\/www.facebook.com\/csjemballages\" \/>\n<meta property=\"article:modified_time\" content=\"2026-04-16T09:02:23+00:00\" \/>\n<meta property=\"og:image\" content=\"https:\/\/www.csj-emballages.com\/wp-content\/uploads\/2024\/03\/Sac-housse.webp\" \/>\n\t<meta property=\"og:image:width\" content=\"800\" \/>\n\t<meta property=\"og:image:height\" content=\"800\" \/>\n\t<meta property=\"og:image:type\" content=\"image\/webp\" \/>\n<meta name=\"twitter:card\" content=\"summary_large_image\" \/>\n<meta name=\"twitter:label1\" content=\"Gesch\u00e4tzte Lesezeit\" \/>\n\t<meta name=\"twitter:data1\" content=\"2 Minuten\" \/>\n<script type=\"application\/ld+json\" class=\"yoast-schema-graph\">{\"@context\":\"https:\/\/schema.org\",\"@graph\":[{\"@type\":\"WebPage\",\"@id\":\"https:\/\/www.csj-emballages.com\/de\/produit\/25-muellsaecke-50-liter-schwarz-35-%c2%b5\/\",\"url\":\"https:\/\/www.csj-emballages.com\/de\/produit\/25-muellsaecke-50-liter-schwarz-35-%c2%b5\/\",\"name\":\"M\u00fcllsack 50 Liter, Schwarz, 35 \u00b5, 25 St\u00fcck\",\"isPartOf\":{\"@id\":\"https:\/\/www.csj-emballages.com\/de\/#website\"},\"primaryImageOfPage\":{\"@id\":\"https:\/\/www.csj-emballages.com\/de\/produit\/25-muellsaecke-50-liter-schwarz-35-%c2%b5\/#primaryimage\"},\"image\":{\"@id\":\"https:\/\/www.csj-emballages.com\/de\/produit\/25-muellsaecke-50-liter-schwarz-35-%c2%b5\/#primaryimage\"},\"thumbnailUrl\":\"https:\/\/www.csj-emballages.com\/wp-content\/uploads\/2024\/03\/Sac-housse.webp\",\"datePublished\":\"2024-03-01T15:49:05+00:00\",\"dateModified\":\"2026-04-16T09:02:23+00:00\",\"description\":\"M\u00fcllsack 50 Liter, schwarz, 35 Mikron, 25 St\u00fcck. Robust, praktisch und diskret, ideal f\u00fcr B\u00fcros, K\u00fcchen und \u00f6ffentliche Einrichtungen.\",\"breadcrumb\":{\"@id\":\"https:\/\/www.csj-emballages.com\/de\/produit\/25-muellsaecke-50-liter-schwarz-35-%c2%b5\/#breadcrumb\"},\"inLanguage\":\"de\",\"potentialAction\":[{\"@type\":\"ReadAction\",\"target\":[\"https:\/\/www.csj-emballages.com\/de\/produit\/25-muellsaecke-50-liter-schwarz-35-%c2%b5\/\"]}]},{\"@type\":\"ImageObject\",\"inLanguage\":\"de\",\"@id\":\"https:\/\/www.csj-emballages.com\/de\/produit\/25-muellsaecke-50-liter-schwarz-35-%c2%b5\/#primaryimage\",\"url\":\"https:\/\/www.csj-emballages.com\/wp-content\/uploads\/2024\/03\/Sac-housse.webp\",\"contentUrl\":\"https:\/\/www.csj-emballages.com\/wp-content\/uploads\/2024\/03\/Sac-housse.webp\",\"width\":800,\"height\":800,\"caption\":\"Sac poubelle\"},{\"@type\":\"BreadcrumbList\",\"@id\":\"https:\/\/www.csj-emballages.com\/de\/produit\/25-muellsaecke-50-liter-schwarz-35-%c2%b5\/#breadcrumb\",\"itemListElement\":[{\"@type\":\"ListItem\",\"position\":1,\"name\":\"Accueil\",\"item\":\"https:\/\/www.csj-emballages.com\/de\/universum-lebensmittelverpackungen\/\"},{\"@type\":\"ListItem\",\"position\":2,\"name\":\"Shop\",\"item\":\"https:\/\/www.csj-emballages.com\/shop\/\"},{\"@type\":\"ListItem\",\"position\":3,\"name\":\"M\u00fcllsack 50 Liter, schwarz, 35 \u00b5, 25 St\u00fcck\"}]},{\"@type\":\"WebSite\",\"@id\":\"https:\/\/www.csj-emballages.com\/de\/#website\",\"url\":\"https:\/\/www.csj-emballages.com\/de\/\",\"name\":\"CSJ Emballages\",\"description\":\"\",\"publisher\":{\"@id\":\"https:\/\/www.csj-emballages.com\/de\/#organization\"},\"potentialAction\":[{\"@type\":\"SearchAction\",\"target\":{\"@type\":\"EntryPoint\",\"urlTemplate\":\"https:\/\/www.csj-emballages.com\/de\/?s={search_term_string}\"},\"query-input\":{\"@type\":\"PropertyValueSpecification\",\"valueRequired\":true,\"valueName\":\"search_term_string\"}}],\"inLanguage\":\"de\"},{\"@type\":\"Organization\",\"@id\":\"https:\/\/www.csj-emballages.com\/de\/#Organization\/\",\"name\":\"CSJ Emballages\",\"url\":\"https:\/\/www.csj-emballages.com\/de\/\",\"logo\":{\"@type\":\"ImageObject\",\"inLanguage\":\"de\",\"@id\":\"https:\/\/www.csj-emballages.com\/de\/#\/schema\/logo\/image\/\",\"url\":\"https:\/\/www.csj-emballages.com\/wp-content\/uploads\/2023\/10\/logo_csj.webp\",\"contentUrl\":\"https:\/\/www.csj-emballages.com\/wp-content\/uploads\/2023\/10\/logo_csj.webp\",\"width\":250,\"height\":95,\"caption\":\"CSJ Emballages\"},\"image\":{\"@id\":\"https:\/\/www.csj-emballages.com\/de\/#\/schema\/logo\/image\/\"},\"sameAs\":[\"https:\/\/www.facebook.com\/csjemballages\"],\"address\":{\"@type\":\"PostalAddress\",\"streetAddress\":\"ZI La Lechere\",\"addressLocality\":\"Patornay\",\"postalCode\":\"39130\",\"addressCountry\":\"FR\"},\"contactPoint\":[{\"@type\":\"ContactPoint\",\"contactType\":\"Service client\",\"telephone\":\"0384254272\",\"email\":\"contact@csj-emballages.com\"}]}]}<\/script>\n<!-- \/ Yoast SEO Premium plugin. -->","yoast_head_json":{"title":"M\u00fcllsack 50 Liter, Schwarz, 35 \u00b5, 25 St\u00fcck","description":"M\u00fcllsack 50 Liter, schwarz, 35 Mikron, 25 St\u00fcck. Robust, praktisch und diskret, ideal f\u00fcr B\u00fcros, K\u00fcchen und \u00f6ffentliche Einrichtungen.","robots":{"index":"index","follow":"follow","max-snippet":"max-snippet:-1","max-image-preview":"max-image-preview:large","max-video-preview":"max-video-preview:-1"},"canonical":"https:\/\/www.csj-emballages.com\/de\/produit\/25-muellsaecke-50-liter-schwarz-35-%c2%b5\/","og_locale":"de_DE","og_type":"article","og_title":"M\u00fcllsack 50 Liter, schwarz, 35 \u00b5, 25 St\u00fcck","og_description":"M\u00fcllsack 50 Liter, schwarz, 35 Mikron, 25 St\u00fcck. Robust, praktisch und diskret, ideal f\u00fcr B\u00fcros, K\u00fcchen und \u00f6ffentliche Einrichtungen.","og_url":"https:\/\/www.csj-emballages.com\/de\/produit\/25-muellsaecke-50-liter-schwarz-35-%c2%b5\/","og_site_name":"CSJ Emballages","article_publisher":"https:\/\/www.facebook.com\/csjemballages","article_modified_time":"2026-04-16T09:02:23+00:00","og_image":[{"width":800,"height":800,"url":"https:\/\/www.csj-emballages.com\/wp-content\/uploads\/2024\/03\/Sac-housse.webp","type":"image\/webp"}],"twitter_card":"summary_large_image","twitter_misc":{"Gesch\u00e4tzte Lesezeit":"2 Minuten"},"schema":{"@context":"https:\/\/schema.org","@graph":[{"@type":"WebPage","@id":"https:\/\/www.csj-emballages.com\/de\/produit\/25-muellsaecke-50-liter-schwarz-35-%c2%b5\/","url":"https:\/\/www.csj-emballages.com\/de\/produit\/25-muellsaecke-50-liter-schwarz-35-%c2%b5\/","name":"M\u00fcllsack 50 Liter, Schwarz, 35 \u00b5, 25 St\u00fcck","isPartOf":{"@id":"https:\/\/www.csj-emballages.com\/de\/#website"},"primaryImageOfPage":{"@id":"https:\/\/www.csj-emballages.com\/de\/produit\/25-muellsaecke-50-liter-schwarz-35-%c2%b5\/#primaryimage"},"image":{"@id":"https:\/\/www.csj-emballages.com\/de\/produit\/25-muellsaecke-50-liter-schwarz-35-%c2%b5\/#primaryimage"},"thumbnailUrl":"https:\/\/www.csj-emballages.com\/wp-content\/uploads\/2024\/03\/Sac-housse.webp","datePublished":"2024-03-01T15:49:05+00:00","dateModified":"2026-04-16T09:02:23+00:00","description":"M\u00fcllsack 50 Liter, schwarz, 35 Mikron, 25 St\u00fcck. Robust, praktisch und diskret, ideal f\u00fcr B\u00fcros, K\u00fcchen und \u00f6ffentliche Einrichtungen.","breadcrumb":{"@id":"https:\/\/www.csj-emballages.com\/de\/produit\/25-muellsaecke-50-liter-schwarz-35-%c2%b5\/#breadcrumb"},"inLanguage":"de","potentialAction":[{"@type":"ReadAction","target":["https:\/\/www.csj-emballages.com\/de\/produit\/25-muellsaecke-50-liter-schwarz-35-%c2%b5\/"]}]},{"@type":"ImageObject","inLanguage":"de","@id":"https:\/\/www.csj-emballages.com\/de\/produit\/25-muellsaecke-50-liter-schwarz-35-%c2%b5\/#primaryimage","url":"https:\/\/www.csj-emballages.com\/wp-content\/uploads\/2024\/03\/Sac-housse.webp","contentUrl":"https:\/\/www.csj-emballages.com\/wp-content\/uploads\/2024\/03\/Sac-housse.webp","width":800,"height":800,"caption":"Sac poubelle"},{"@type":"BreadcrumbList","@id":"https:\/\/www.csj-emballages.com\/de\/produit\/25-muellsaecke-50-liter-schwarz-35-%c2%b5\/#breadcrumb","itemListElement":[{"@type":"ListItem","position":1,"name":"Accueil","item":"https:\/\/www.csj-emballages.com\/de\/universum-lebensmittelverpackungen\/"},{"@type":"ListItem","position":2,"name":"Shop","item":"https:\/\/www.csj-emballages.com\/shop\/"},{"@type":"ListItem","position":3,"name":"M\u00fcllsack 50 Liter, schwarz, 35 \u00b5, 25 St\u00fcck"}]},{"@type":"WebSite","@id":"https:\/\/www.csj-emballages.com\/de\/#website","url":"https:\/\/www.csj-emballages.com\/de\/","name":"CSJ Emballages","description":"","publisher":{"@id":"https:\/\/www.csj-emballages.com\/de\/#organization"},"potentialAction":[{"@type":"SearchAction","target":{"@type":"EntryPoint","urlTemplate":"https:\/\/www.csj-emballages.com\/de\/?s={search_term_string}"},"query-input":{"@type":"PropertyValueSpecification","valueRequired":true,"valueName":"search_term_string"}}],"inLanguage":"de"},{"@type":"Organization","@id":"https:\/\/www.csj-emballages.com\/de\/#Organization\/","name":"CSJ Emballages","url":"https:\/\/www.csj-emballages.com\/de\/","logo":{"@type":"ImageObject","inLanguage":"de","@id":"https:\/\/www.csj-emballages.com\/de\/#\/schema\/logo\/image\/","url":"https:\/\/www.csj-emballages.com\/wp-content\/uploads\/2023\/10\/logo_csj.webp","contentUrl":"https:\/\/www.csj-emballages.com\/wp-content\/uploads\/2023\/10\/logo_csj.webp","width":250,"height":95,"caption":"CSJ Emballages"},"image":{"@id":"https:\/\/www.csj-emballages.com\/de\/#\/schema\/logo\/image\/"},"sameAs":["https:\/\/www.facebook.com\/csjemballages"],"address":{"@type":"PostalAddress","streetAddress":"ZI La Lechere","addressLocality":"Patornay","postalCode":"39130","addressCountry":"FR"},"contactPoint":[{"@type":"ContactPoint","contactType":"Service client","telephone":"0384254272","email":"contact@csj-emballages.com"}]}]}},"df_price":2.27,"df_sale_price":"","df_regular_price":2.27,"df_image_link":"https:\/\/www.csj-emballages.com\/wp-content\/uploads\/2024\/03\/Sac-housse-300x300.webp","tiered_pricing_type":"fixed","tiered_pricing_fixed_rules":[],"tiered_pricing_percentage_rules":[],"tiered_pricing_minimum":1,"tiered_pricing_roles_data":[],"_links":{"self":[{"href":"https:\/\/www.csj-emballages.com\/de\/wp-json\/wp\/v2\/product\/23798","targetHints":{"allow":["GET"]}}],"collection":[{"href":"https:\/\/www.csj-emballages.com\/de\/wp-json\/wp\/v2\/product"}],"about":[{"href":"https:\/\/www.csj-emballages.com\/de\/wp-json\/wp\/v2\/types\/product"}],"wp:featuredmedia":[{"embeddable":true,"href":"https:\/\/www.csj-emballages.com\/de\/wp-json\/wp\/v2\/media\/222413"}],"wp:attachment":[{"href":"https:\/\/www.csj-emballages.com\/de\/wp-json\/wp\/v2\/media?parent=23798"}],"wp:term":[{"taxonomy":"product_brand","embeddable":true,"href":"https:\/\/www.csj-emballages.com\/de\/wp-json\/wp\/v2\/product_brand?post=23798"},{"taxonomy":"product_cat","embeddable":true,"href":"https:\/\/www.csj-emballages.com\/de\/wp-json\/wp\/v2\/product_cat?post=23798"},{"taxonomy":"product_tag","embeddable":true,"href":"https:\/\/www.csj-emballages.com\/de\/wp-json\/wp\/v2\/product_tag?post=23798"}],"curies":[{"name":"wp","href":"https:\/\/api.w.org\/{rel}","templated":true}]}}