{"id":23783,"date":"2024-03-01T16:49:04","date_gmt":"2024-03-01T15:49:04","guid":{"rendered":"https:\/\/u15jnbdpoq.preview.infomaniak.website\/produit\/5000-holzspachteln-100-mm-in-spenderboxen\/"},"modified":"2026-04-30T02:16:21","modified_gmt":"2026-04-30T00:16:21","slug":"5000-holzspachteln-100-mm-in-spenderboxen","status":"publish","type":"product","link":"https:\/\/www.csj-emballages.com\/de\/produit\/5000-holzspachteln-100-mm-in-spenderboxen\/","title":{"rendered":"Holzwolle 110 mm in Spenderbox zu 5000 St\u00fcck"},"content":{"rendered":"<h2>Holz-Touillette<\/h2>\n<hr>\n<h3>Entdecken Sie unsere Holzr\u00fchrst\u00e4bchen 110 mm in Spenderboxen zu 5000 St\u00fcck<\/h3>\n<p><!--more--><\/p>\n<p data-start=\"279\" data-end=\"723\">Wenn man den ganzen Tag lang Kaffee oder Tee serviert, freut man sich wirklich \u00fcber die kleinen Dinge, die das Servieren vereinfachen. Diese <strong>Spenderbox<\/strong> mit <strong data-start=\"426\" data-end=\"454\">5000 R\u00fchrst\u00e4bchen aus Holz<\/strong> tut genau das: Sie bringt Ihnen einen riesigen Vorrat, der gut sortiert und leicht zug\u00e4nglich ist, ohne jemals Ihren Raum zu \u00fcberf\u00fcllen. Dank der praktischen \u00d6ffnung an der Vorderseite kann jeder mit einem Griff nach einem R\u00fchrst\u00e4bchen greifen, ohne zu w\u00fchlen, zu kleckern oder Zeit zu verlieren.  <\/p>\n<p data-start=\"725\" data-end=\"1134\">Die <strong>R\u00fchrst\u00e4bchen<\/strong> hingegen sind aus <strong>Naturholz<\/strong> gefertigt, das ein authentischeres Gef\u00fchl vermittelt als herk\u00f6mmliches Plastik. Sie sind glatt, liegen gut in der Hand und eignen sich perfekt zum Umr\u00fchren eines starken Kaffees, einer hei\u00dfen Schokolade oder eines Kr\u00e4utertees. Ihre L\u00e4nge von <strong data-start=\"990\" data-end=\"1000\">110 mm<\/strong> eignet sich sowohl f\u00fcr Standardbecher als auch f\u00fcr etwas h\u00f6here Tassen, was sie in jeder Situation vielseitig einsetzbar macht.  <\/p>\n<p data-start=\"1136\" data-end=\"1536\">Diese <strong>gro\u00dfe Box<\/strong>, die als Spender gedacht ist, findet leicht ihren Platz auf einer Theke, in einem Pausenraum, neben einer Kaffeemaschine oder in einem Selbstbedienungsbereich. Sie macht das st\u00e4ndige Nachf\u00fcllen \u00fcberfl\u00fcssig: Sie stellen sie hin, \u00f6ffnen sie und sie h\u00e4lt lange, wirklich lange. Sie ist ideal f\u00fcr Restaurants, B\u00fcros, Hotels, Veranstaltungen oder Empfangsbereiche, in denen ein st\u00e4ndiger Strom von Menschen herrscht.  <\/p>\n<p data-start=\"1538\" data-end=\"1765\">Das ist nicht nur praktisch, sondern auch eine umweltfreundlichere L\u00f6sung, da die R\u00fchrst\u00e4bchen <strong>aus Holz<\/strong>, einem erneuerbaren Material, bestehen. Kein Plastik, keine Schuldgef\u00fchle, nur ein einfaches, sauberes und effektives Werkzeug. <\/p>\n<p data-start=\"1538\" data-end=\"1765\"><!--more--><\/p>\n<h4>Vorteile :<\/h4>\n<ul>\n<li data-start=\"1793\" data-end=\"1830\">Ultrapraktische <strong>Spenderbox<\/strong>.<\/li>\n<li data-start=\"1833\" data-end=\"1880\"><strong>5000 R\u00fchrst\u00e4bchen<\/strong> f\u00fcr maximale Autonomie<\/li>\n<li data-start=\"1883\" data-end=\"1914\">Nat\u00fcrliches Holz, ohne Plastik.<\/li>\n<li data-start=\"1917\" data-end=\"1960\"><strong>110-mm-Format<\/strong> f\u00fcr alle Becher geeignet.<\/li>\n<li data-start=\"1963\" data-end=\"2011\">Ideal f\u00fcr Caf\u00e9s, B\u00fcros, Hotels und Veranstaltungen.<\/li>\n<\/ul>\n<p>&nbsp;<\/p>\n<p><!--more--><\/p>\n<h4>Weitere Informationen :<\/h4>\n<ul>\n<li><strong>Verpackung<\/strong>: Schachtel mit 5000 St\u00fcck<\/li>\n<li><strong>Material<\/strong>: Holz<\/li>\n<li><strong>L\u00e4nge<\/strong> 110 mm<\/li>\n<\/ul>\n<p>&nbsp;<\/p>\n<p><!--more--><\/p>\n<p>Diese Holzfliesen sind auch in einer Verpackung von 1000 St\u00fcck erh\u00e4ltlich: <span style=\"color: #d12727;\"><a style=\"color: #d12727;\" href=\"https:\/\/www.csj-emballages.com\/de\/produit\/1000-holzspatel-100-mm\/\">SPAT<\/a><\/span><\/p>\n<p>&nbsp;<\/p>\n<p><!--more--><\/p>\n<p><a href=\"https:\/\/www.csj-emballages.com\/de\/categorie-produit\/lebensmittelverpackungen\/restauration-de\/becher-glaser-eimer-flaschen\/zubehor-de\/\">Sehen Sie sich den Rest unseres Sortiments an Becherzubeh\u00f6r an<\/a><\/p>\n","protected":false},"excerpt":{"rendered":"<p>Holz-Touillette Entdecken Sie unsere Holzr\u00fchrst\u00e4bchen 110 mm in Spenderboxen zu 5000 St\u00fcck<\/p>\n","protected":false},"featured_media":188170,"template":"","meta":{"_acf_changed":false},"product_brand":[],"product_cat":[1469,3542],"product_tag":[],"class_list":{"0":"post-23783","1":"product","2":"type-product","3":"status-publish","4":"has-post-thumbnail","6":"product_cat-becher-glaser-eimer-flaschen","7":"product_cat-zubehor-de","9":"first","10":"instock","11":"taxable","12":"shipping-taxable","13":"purchasable","14":"product-type-simple"},"acf":[],"yoast_head":"<!-- This site is optimized with the Yoast SEO Premium plugin v26.6 (Yoast SEO v26.6) - https:\/\/yoast.com\/wordpress\/plugins\/seo\/ -->\n<title>Holzpfeife 110 mm in Spenderbox zu 5000 St\u00fcck<\/title>\n<meta name=\"description\" content=\"Holzr\u00fchrst\u00e4bchen 110 mm in Spenderbox zu 5000 St\u00fcck Praktisch, nat\u00fcrlich und perfekt f\u00fcr Caf\u00e9s, B\u00fcros und Servicebereiche.\" \/>\n<meta name=\"robots\" content=\"index, follow, max-snippet:-1, max-image-preview:large, max-video-preview:-1\" \/>\n<link rel=\"canonical\" href=\"https:\/\/www.csj-emballages.com\/de\/produit\/5000-holzspachteln-100-mm-in-spenderboxen\/\" \/>\n<meta property=\"og:locale\" content=\"de_DE\" \/>\n<meta property=\"og:type\" content=\"article\" \/>\n<meta property=\"og:title\" content=\"Holzwolle 110 mm in Spenderbox zu 5000 St\u00fcck\" \/>\n<meta property=\"og:description\" content=\"Holzr\u00fchrst\u00e4bchen 110 mm in Spenderbox zu 5000 St\u00fcck Praktisch, nat\u00fcrlich und perfekt f\u00fcr Caf\u00e9s, B\u00fcros und Servicebereiche.\" \/>\n<meta property=\"og:url\" content=\"https:\/\/www.csj-emballages.com\/de\/produit\/5000-holzspachteln-100-mm-in-spenderboxen\/\" \/>\n<meta property=\"og:site_name\" content=\"CSJ Emballages\" \/>\n<meta property=\"article:publisher\" content=\"https:\/\/www.facebook.com\/csjemballages\" \/>\n<meta property=\"article:modified_time\" content=\"2026-04-30T00:16:21+00:00\" \/>\n<meta property=\"og:image\" content=\"https:\/\/www.csj-emballages.com\/wp-content\/uploads\/2024\/03\/touillette5000.webp\" \/>\n\t<meta property=\"og:image:width\" content=\"803\" \/>\n\t<meta property=\"og:image:height\" content=\"803\" \/>\n\t<meta property=\"og:image:type\" content=\"image\/webp\" \/>\n<meta name=\"twitter:card\" content=\"summary_large_image\" \/>\n<meta name=\"twitter:label1\" content=\"Gesch\u00e4tzte Lesezeit\" \/>\n\t<meta name=\"twitter:data1\" content=\"2 Minuten\" \/>\n<script type=\"application\/ld+json\" class=\"yoast-schema-graph\">{\"@context\":\"https:\/\/schema.org\",\"@graph\":[{\"@type\":\"WebPage\",\"@id\":\"https:\/\/www.csj-emballages.com\/de\/produit\/5000-holzspachteln-100-mm-in-spenderboxen\/\",\"url\":\"https:\/\/www.csj-emballages.com\/de\/produit\/5000-holzspachteln-100-mm-in-spenderboxen\/\",\"name\":\"Holzpfeife 110 mm in Spenderbox zu 5000 St\u00fcck\",\"isPartOf\":{\"@id\":\"https:\/\/www.csj-emballages.com\/de\/#website\"},\"primaryImageOfPage\":{\"@id\":\"https:\/\/www.csj-emballages.com\/de\/produit\/5000-holzspachteln-100-mm-in-spenderboxen\/#primaryimage\"},\"image\":{\"@id\":\"https:\/\/www.csj-emballages.com\/de\/produit\/5000-holzspachteln-100-mm-in-spenderboxen\/#primaryimage\"},\"thumbnailUrl\":\"https:\/\/www.csj-emballages.com\/wp-content\/uploads\/2024\/03\/touillette5000.webp\",\"datePublished\":\"2024-03-01T15:49:04+00:00\",\"dateModified\":\"2026-04-30T00:16:21+00:00\",\"description\":\"Holzr\u00fchrst\u00e4bchen 110 mm in Spenderbox zu 5000 St\u00fcck Praktisch, nat\u00fcrlich und perfekt f\u00fcr Caf\u00e9s, B\u00fcros und Servicebereiche.\",\"breadcrumb\":{\"@id\":\"https:\/\/www.csj-emballages.com\/de\/produit\/5000-holzspachteln-100-mm-in-spenderboxen\/#breadcrumb\"},\"inLanguage\":\"de\",\"potentialAction\":[{\"@type\":\"ReadAction\",\"target\":[\"https:\/\/www.csj-emballages.com\/de\/produit\/5000-holzspachteln-100-mm-in-spenderboxen\/\"]}]},{\"@type\":\"ImageObject\",\"inLanguage\":\"de\",\"@id\":\"https:\/\/www.csj-emballages.com\/de\/produit\/5000-holzspachteln-100-mm-in-spenderboxen\/#primaryimage\",\"url\":\"https:\/\/www.csj-emballages.com\/wp-content\/uploads\/2024\/03\/touillette5000.webp\",\"contentUrl\":\"https:\/\/www.csj-emballages.com\/wp-content\/uploads\/2024\/03\/touillette5000.webp\",\"width\":803,\"height\":803,\"caption\":\"touillette bois\"},{\"@type\":\"BreadcrumbList\",\"@id\":\"https:\/\/www.csj-emballages.com\/de\/produit\/5000-holzspachteln-100-mm-in-spenderboxen\/#breadcrumb\",\"itemListElement\":[{\"@type\":\"ListItem\",\"position\":1,\"name\":\"Accueil\",\"item\":\"https:\/\/www.csj-emballages.com\/de\/universum-lebensmittelverpackungen\/\"},{\"@type\":\"ListItem\",\"position\":2,\"name\":\"Shop\",\"item\":\"https:\/\/www.csj-emballages.com\/shop\/\"},{\"@type\":\"ListItem\",\"position\":3,\"name\":\"Holzwolle 110 mm in Spenderbox zu 5000 St\u00fcck\"}]},{\"@type\":\"WebSite\",\"@id\":\"https:\/\/www.csj-emballages.com\/de\/#website\",\"url\":\"https:\/\/www.csj-emballages.com\/de\/\",\"name\":\"CSJ Emballages\",\"description\":\"\",\"publisher\":{\"@id\":\"https:\/\/www.csj-emballages.com\/de\/#organization\"},\"potentialAction\":[{\"@type\":\"SearchAction\",\"target\":{\"@type\":\"EntryPoint\",\"urlTemplate\":\"https:\/\/www.csj-emballages.com\/de\/?s={search_term_string}\"},\"query-input\":{\"@type\":\"PropertyValueSpecification\",\"valueRequired\":true,\"valueName\":\"search_term_string\"}}],\"inLanguage\":\"de\"},{\"@type\":\"Organization\",\"@id\":\"https:\/\/www.csj-emballages.com\/de\/#Organization\/\",\"name\":\"CSJ Emballages\",\"url\":\"https:\/\/www.csj-emballages.com\/de\/\",\"logo\":{\"@type\":\"ImageObject\",\"inLanguage\":\"de\",\"@id\":\"https:\/\/www.csj-emballages.com\/de\/#\/schema\/logo\/image\/\",\"url\":\"https:\/\/www.csj-emballages.com\/wp-content\/uploads\/2023\/10\/logo_csj.webp\",\"contentUrl\":\"https:\/\/www.csj-emballages.com\/wp-content\/uploads\/2023\/10\/logo_csj.webp\",\"width\":250,\"height\":95,\"caption\":\"CSJ Emballages\"},\"image\":{\"@id\":\"https:\/\/www.csj-emballages.com\/de\/#\/schema\/logo\/image\/\"},\"sameAs\":[\"https:\/\/www.facebook.com\/csjemballages\"],\"address\":{\"@type\":\"PostalAddress\",\"streetAddress\":\"ZI La Lechere\",\"addressLocality\":\"Patornay\",\"postalCode\":\"39130\",\"addressCountry\":\"FR\"},\"contactPoint\":[{\"@type\":\"ContactPoint\",\"contactType\":\"Service client\",\"telephone\":\"0384254272\",\"email\":\"contact@csj-emballages.com\"}]}]}<\/script>\n<!-- \/ Yoast SEO Premium plugin. -->","yoast_head_json":{"title":"Holzpfeife 110 mm in Spenderbox zu 5000 St\u00fcck","description":"Holzr\u00fchrst\u00e4bchen 110 mm in Spenderbox zu 5000 St\u00fcck Praktisch, nat\u00fcrlich und perfekt f\u00fcr Caf\u00e9s, B\u00fcros und Servicebereiche.","robots":{"index":"index","follow":"follow","max-snippet":"max-snippet:-1","max-image-preview":"max-image-preview:large","max-video-preview":"max-video-preview:-1"},"canonical":"https:\/\/www.csj-emballages.com\/de\/produit\/5000-holzspachteln-100-mm-in-spenderboxen\/","og_locale":"de_DE","og_type":"article","og_title":"Holzwolle 110 mm in Spenderbox zu 5000 St\u00fcck","og_description":"Holzr\u00fchrst\u00e4bchen 110 mm in Spenderbox zu 5000 St\u00fcck Praktisch, nat\u00fcrlich und perfekt f\u00fcr Caf\u00e9s, B\u00fcros und Servicebereiche.","og_url":"https:\/\/www.csj-emballages.com\/de\/produit\/5000-holzspachteln-100-mm-in-spenderboxen\/","og_site_name":"CSJ Emballages","article_publisher":"https:\/\/www.facebook.com\/csjemballages","article_modified_time":"2026-04-30T00:16:21+00:00","og_image":[{"width":803,"height":803,"url":"https:\/\/www.csj-emballages.com\/wp-content\/uploads\/2024\/03\/touillette5000.webp","type":"image\/webp"}],"twitter_card":"summary_large_image","twitter_misc":{"Gesch\u00e4tzte Lesezeit":"2 Minuten"},"schema":{"@context":"https:\/\/schema.org","@graph":[{"@type":"WebPage","@id":"https:\/\/www.csj-emballages.com\/de\/produit\/5000-holzspachteln-100-mm-in-spenderboxen\/","url":"https:\/\/www.csj-emballages.com\/de\/produit\/5000-holzspachteln-100-mm-in-spenderboxen\/","name":"Holzpfeife 110 mm in Spenderbox zu 5000 St\u00fcck","isPartOf":{"@id":"https:\/\/www.csj-emballages.com\/de\/#website"},"primaryImageOfPage":{"@id":"https:\/\/www.csj-emballages.com\/de\/produit\/5000-holzspachteln-100-mm-in-spenderboxen\/#primaryimage"},"image":{"@id":"https:\/\/www.csj-emballages.com\/de\/produit\/5000-holzspachteln-100-mm-in-spenderboxen\/#primaryimage"},"thumbnailUrl":"https:\/\/www.csj-emballages.com\/wp-content\/uploads\/2024\/03\/touillette5000.webp","datePublished":"2024-03-01T15:49:04+00:00","dateModified":"2026-04-30T00:16:21+00:00","description":"Holzr\u00fchrst\u00e4bchen 110 mm in Spenderbox zu 5000 St\u00fcck Praktisch, nat\u00fcrlich und perfekt f\u00fcr Caf\u00e9s, B\u00fcros und Servicebereiche.","breadcrumb":{"@id":"https:\/\/www.csj-emballages.com\/de\/produit\/5000-holzspachteln-100-mm-in-spenderboxen\/#breadcrumb"},"inLanguage":"de","potentialAction":[{"@type":"ReadAction","target":["https:\/\/www.csj-emballages.com\/de\/produit\/5000-holzspachteln-100-mm-in-spenderboxen\/"]}]},{"@type":"ImageObject","inLanguage":"de","@id":"https:\/\/www.csj-emballages.com\/de\/produit\/5000-holzspachteln-100-mm-in-spenderboxen\/#primaryimage","url":"https:\/\/www.csj-emballages.com\/wp-content\/uploads\/2024\/03\/touillette5000.webp","contentUrl":"https:\/\/www.csj-emballages.com\/wp-content\/uploads\/2024\/03\/touillette5000.webp","width":803,"height":803,"caption":"touillette bois"},{"@type":"BreadcrumbList","@id":"https:\/\/www.csj-emballages.com\/de\/produit\/5000-holzspachteln-100-mm-in-spenderboxen\/#breadcrumb","itemListElement":[{"@type":"ListItem","position":1,"name":"Accueil","item":"https:\/\/www.csj-emballages.com\/de\/universum-lebensmittelverpackungen\/"},{"@type":"ListItem","position":2,"name":"Shop","item":"https:\/\/www.csj-emballages.com\/shop\/"},{"@type":"ListItem","position":3,"name":"Holzwolle 110 mm in Spenderbox zu 5000 St\u00fcck"}]},{"@type":"WebSite","@id":"https:\/\/www.csj-emballages.com\/de\/#website","url":"https:\/\/www.csj-emballages.com\/de\/","name":"CSJ Emballages","description":"","publisher":{"@id":"https:\/\/www.csj-emballages.com\/de\/#organization"},"potentialAction":[{"@type":"SearchAction","target":{"@type":"EntryPoint","urlTemplate":"https:\/\/www.csj-emballages.com\/de\/?s={search_term_string}"},"query-input":{"@type":"PropertyValueSpecification","valueRequired":true,"valueName":"search_term_string"}}],"inLanguage":"de"},{"@type":"Organization","@id":"https:\/\/www.csj-emballages.com\/de\/#Organization\/","name":"CSJ Emballages","url":"https:\/\/www.csj-emballages.com\/de\/","logo":{"@type":"ImageObject","inLanguage":"de","@id":"https:\/\/www.csj-emballages.com\/de\/#\/schema\/logo\/image\/","url":"https:\/\/www.csj-emballages.com\/wp-content\/uploads\/2023\/10\/logo_csj.webp","contentUrl":"https:\/\/www.csj-emballages.com\/wp-content\/uploads\/2023\/10\/logo_csj.webp","width":250,"height":95,"caption":"CSJ Emballages"},"image":{"@id":"https:\/\/www.csj-emballages.com\/de\/#\/schema\/logo\/image\/"},"sameAs":["https:\/\/www.facebook.com\/csjemballages"],"address":{"@type":"PostalAddress","streetAddress":"ZI La Lechere","addressLocality":"Patornay","postalCode":"39130","addressCountry":"FR"},"contactPoint":[{"@type":"ContactPoint","contactType":"Service client","telephone":"0384254272","email":"contact@csj-emballages.com"}]}]}},"df_price":10.36,"df_sale_price":"","df_regular_price":10.36,"df_image_link":"https:\/\/www.csj-emballages.com\/wp-content\/uploads\/2024\/03\/touillette5000-300x300.webp","tiered_pricing_type":"fixed","tiered_pricing_fixed_rules":[],"tiered_pricing_percentage_rules":[],"tiered_pricing_minimum":1,"tiered_pricing_roles_data":[],"_links":{"self":[{"href":"https:\/\/www.csj-emballages.com\/de\/wp-json\/wp\/v2\/product\/23783","targetHints":{"allow":["GET"]}}],"collection":[{"href":"https:\/\/www.csj-emballages.com\/de\/wp-json\/wp\/v2\/product"}],"about":[{"href":"https:\/\/www.csj-emballages.com\/de\/wp-json\/wp\/v2\/types\/product"}],"wp:featuredmedia":[{"embeddable":true,"href":"https:\/\/www.csj-emballages.com\/de\/wp-json\/wp\/v2\/media\/188170"}],"wp:attachment":[{"href":"https:\/\/www.csj-emballages.com\/de\/wp-json\/wp\/v2\/media?parent=23783"}],"wp:term":[{"taxonomy":"product_brand","embeddable":true,"href":"https:\/\/www.csj-emballages.com\/de\/wp-json\/wp\/v2\/product_brand?post=23783"},{"taxonomy":"product_cat","embeddable":true,"href":"https:\/\/www.csj-emballages.com\/de\/wp-json\/wp\/v2\/product_cat?post=23783"},{"taxonomy":"product_tag","embeddable":true,"href":"https:\/\/www.csj-emballages.com\/de\/wp-json\/wp\/v2\/product_tag?post=23783"}],"curies":[{"name":"wp","href":"https:\/\/api.w.org\/{rel}","templated":true}]}}