{"id":23782,"date":"2024-03-01T16:49:05","date_gmt":"2024-03-01T15:49:05","guid":{"rendered":"https:\/\/u15jnbdpoq.preview.infomaniak.website\/produit\/100-beutel-mit-suesswaren-boden-aus-karton-lebkuchen-140-x-305-mm\/"},"modified":"2026-04-03T02:20:56","modified_gmt":"2026-04-03T00:20:56","slug":"100-beutel-mit-suesswaren-boden-aus-karton-lebkuchen-140-x-305-mm","status":"publish","type":"product","link":"https:\/\/www.csj-emballages.com\/de\/produit\/100-beutel-mit-suesswaren-boden-aus-karton-lebkuchen-140-x-305-mm\/","title":{"rendered":"Weihnachtss\u00fc\u00dfwarenbeutel &#8222;Lebkuchen&#8220; 140 x 305 mm pro 100"},"content":{"rendered":"<div style=\"box-sizing: inherit; font-family: Roboto, sans-serif;\">\n<div style=\"box-sizing: inherit; font-family: Roboto, sans-serif;\">\n<div style=\"box-sizing: inherit; font-family: Roboto, sans-serif;\">\n<div style=\"box-sizing: inherit; font-family: Roboto, sans-serif;\">\n<div style=\"box-sizing: inherit; font-family: Roboto, sans-serif;\">\n<div style=\"box-sizing: inherit; font-family: Roboto, sans-serif;\">\n<div style=\"box-sizing: inherit; font-family: Roboto, sans-serif;\">\n<div style=\"box-sizing: inherit; font-family: Roboto, sans-serif;\">\n<div style=\"box-sizing: inherit; font-family: Roboto, sans-serif;\">\n<div style=\"box-sizing: inherit; font-family: Roboto, sans-serif;\">\n<div style=\"box-sizing: inherit; font-family: Roboto, sans-serif;\">\n<div style=\"box-sizing: inherit; font-family: Roboto, sans-serif;\">\n<div style=\"box-sizing: inherit; font-family: Roboto, sans-serif;\">\n<div class=\"flex flex-grow flex-col max-w-full\">\n<div class=\"min-h-[20px] text-message flex flex-col items-start whitespace-pre-wrap break-words [.text-message+&amp;]:mt-5 juice:w-full juice:items-end overflow-x-auto gap-2\" dir=\"auto\" data-message-author-role=\"assistant\" data-message-id=\"2034782e-88f9-44ef-b4dc-07dd7bf0115f\">\n<div class=\"flex w-full flex-col gap-1 juice:empty:hidden juice:first:pt-[3px]\">\n<div class=\"markdown prose w-full break-words dark:prose-invert light\">\n<div style=\"box-sizing: inherit; font-family: Roboto, sans-serif;\">\n<div style=\"box-sizing: inherit; font-family: Roboto, sans-serif;\">\n<div style=\"box-sizing: inherit; font-family: Roboto, sans-serif;\">\n<div style=\"box-sizing: inherit; font-family: Roboto, sans-serif;\">\n<div style=\"box-sizing: inherit; font-family: Roboto, sans-serif;\">\n<div style=\"box-sizing: inherit; font-family: Roboto, sans-serif;\">\n<div style=\"box-sizing: inherit; font-family: Roboto, sans-serif;\">\n<div style=\"box-sizing: inherit; font-family: Roboto, sans-serif;\">\n<div style=\"box-sizing: inherit; font-family: Roboto, sans-serif;\">\n<div style=\"box-sizing: inherit; font-family: Roboto, sans-serif;\">\n<div style=\"box-sizing: inherit; font-family: Roboto, sans-serif;\">\n<div style=\"box-sizing: inherit; font-family: Roboto, sans-serif;\">\n<div style=\"box-sizing: inherit; font-family: Roboto, sans-serif;\">\n<div style=\"box-sizing: inherit; font-family: Roboto, sans-serif;\">\n<div style=\"box-sizing: inherit; font-family: Roboto, sans-serif;\">\n<div style=\"box-sizing: inherit; font-family: Roboto, sans-serif;\">\n<div style=\"box-sizing: inherit; font-family: Roboto, sans-serif;\">\n<div style=\"box-sizing: inherit; font-family: Roboto, sans-serif;\">\n<div style=\"box-sizing: inherit; font-family: Roboto, sans-serif;\">\n<div class=\"flex flex-grow flex-col max-w-full\">\n<div class=\"min-h-[20px] text-message flex flex-col items-start whitespace-pre-wrap break-words [.text-message+&amp;]:mt-5 juice:w-full juice:items-end overflow-x-auto gap-2\" dir=\"auto\" data-message-author-role=\"assistant\" data-message-id=\"2034782e-88f9-44ef-b4dc-07dd7bf0115f\">\n<div class=\"flex w-full flex-col gap-1 juice:empty:hidden juice:first:pt-[3px]\">\n<div class=\"markdown prose w-full break-words dark:prose-invert light\">\n<div style=\"box-sizing: inherit; font-family: Roboto, sans-serif;\">\n<div style=\"box-sizing: inherit; font-family: Roboto, sans-serif;\">\n<div style=\"box-sizing: inherit; font-family: Roboto, sans-serif;\">\n<div style=\"box-sizing: inherit; font-family: Roboto, sans-serif;\">\n<div style=\"box-sizing: inherit; font-family: Roboto, sans-serif;\">\n<div style=\"box-sizing: inherit; font-family: Roboto, sans-serif;\">\n<h2>Beutel mit S\u00fc\u00dfigkeiten Weihnachten<\/h2>\n<div style=\"box-sizing: inherit; font-family: Roboto, sans-serif;\">\n<div style=\"box-sizing: inherit; font-family: Roboto, sans-serif;\">\n<div style=\"box-sizing: inherit; font-family: Roboto, sans-serif;\">\n<div style=\"text-align: center;\">\n<div style=\"box-sizing: inherit; font-family: Roboto, sans-serif;\">\n<div style=\"box-sizing: inherit; font-family: Roboto, sans-serif;\">\n<div style=\"box-sizing: inherit; font-family: Roboto, sans-serif;\">\n<div style=\"box-sizing: inherit; font-family: Roboto, sans-serif;\">\n<div style=\"box-sizing: inherit; font-family: Roboto, sans-serif;\">\n<div style=\"box-sizing: inherit; font-family: Roboto, sans-serif; text-align: left;\">\n<hr>\n<h3 style=\"text-align: left;\">Beschreibung von unserem Weihnachtss\u00fc\u00dfwarenbeutel &#8222;Lebkuchen&#8220; 140 x 305 mm pro 100<\/h3>\n<h3 style=\"text-align: left;\"><!--more--><\/h3>\n<\/div>\n<\/div>\n<\/div>\n<\/div>\n<\/div>\n<\/div>\n<\/div>\n<\/div>\n<\/div>\n<\/div>\n<\/div>\n<\/div>\n<\/div>\n<\/div>\n<\/div>\n<\/div>\n<\/div>\n<\/div>\n<\/div>\n<\/div>\n<\/div>\n<\/div>\n<\/div>\n<\/div>\n<\/div>\n<\/div>\n<\/div>\n<\/div>\n<\/div>\n<\/div>\n<\/div>\n<\/div>\n<\/div>\n<div style=\"box-sizing: inherit; font-family: Roboto, sans-serif;\">\n<div style=\"box-sizing: inherit; font-family: Roboto, sans-serif;\">\n<div style=\"box-sizing: inherit; font-family: Roboto, sans-serif;\">\n<div style=\"box-sizing: inherit; font-family: Roboto, sans-serif;\">\n<div style=\"box-sizing: inherit; font-family: Roboto, sans-serif;\">\n<div style=\"box-sizing: inherit; font-family: Roboto, sans-serif;\">\n<div style=\"box-sizing: inherit; font-family: Roboto, sans-serif;\">\n<div style=\"box-sizing: inherit; font-family: Roboto, sans-serif;\">\n<div style=\"box-sizing: inherit; font-family: Roboto, sans-serif;\">\n<div style=\"box-sizing: inherit; font-family: Roboto, sans-serif;\">\n<div style=\"box-sizing: inherit; font-family: Roboto, sans-serif;\">\n<div style=\"box-sizing: inherit; font-family: Roboto, sans-serif;\">\n<div style=\"box-sizing: inherit; font-family: Roboto, sans-serif;\">\n<div class=\"flex flex-grow flex-col max-w-full\">\n<div class=\"min-h-[20px] text-message flex flex-col items-start whitespace-pre-wrap break-words [.text-message+&amp;]:mt-5 juice:w-full juice:items-end overflow-x-auto gap-2\" dir=\"auto\" data-message-author-role=\"assistant\" data-message-id=\"2034782e-88f9-44ef-b4dc-07dd7bf0115f\">\n<div class=\"flex w-full flex-col gap-1 juice:empty:hidden juice:first:pt-[3px]\">\n<div class=\"markdown prose w-full break-words dark:prose-invert light\">\n<div style=\"box-sizing: inherit; font-family: Roboto, sans-serif;\">\n<div style=\"box-sizing: inherit; font-family: Roboto, sans-serif;\">\n<div style=\"box-sizing: inherit; font-family: Roboto, sans-serif;\">\n<div style=\"box-sizing: inherit; font-family: Roboto, sans-serif;\">\n<div style=\"box-sizing: inherit; font-family: Roboto, sans-serif;\">\n<div style=\"box-sizing: inherit; font-family: Roboto, sans-serif;\">\n<p data-start=\"0\" data-end=\"510\">Bereiten Sie sich darauf vor, Ihre Kunden mit dem <strong data-start=\"78\" data-end=\"134\">Weihnachtskonfektbeutel &#8222;Lebkuchen&#8220; 140 x 305 mm<\/strong> in Staunen zu versetzen &#8211; der perfekte Verb\u00fcndete, um Ihren Weihnachtss\u00fc\u00dfigkeiten eine <strong data-start=\"169\" data-end=\"199\">festliche und elegante Note<\/strong> zu verleihen. Mit seinen <strong data-start=\"243\" data-end=\"272\">fr\u00f6hlichen und raffinierten Motiven<\/strong> bringt dieser <strong>S\u00fc\u00dfwarenbeutel<\/strong> Ihre Kreationen sofort zur Geltung und zieht die Blicke auf den ersten Blick auf sich. Ob Sie nun Keksmacher <strong data-start=\"389\" data-end=\"440\">, Chocolatier, Confiseur oder Patissier<\/strong> sind, diese kleine Verpackung wird zu einem wahren Schmuckk\u00e4stchen f\u00fcr Ihre Leckereien.<\/p>\n<p data-start=\"512\" data-end=\"865\">Erstens sorgt der <strong data-start=\"525\" data-end=\"539\">geformte Boden<\/strong> f\u00fcr eine <strong data-start=\"551\" data-end=\"571\">hohe Stabilit\u00e4t<\/strong>, was das Bef\u00fcllen erleichtert und eine makellose Pr\u00e4sentation in Ihren Auslagen oder Vitrinen gew\u00e4hrleistet. Keine Angst mehr vor umkippenden <strong>Beuteln<\/strong>! Ebenso sorgt der <strong data-start=\"742\" data-end=\"757\">feste Boden<\/strong> f\u00fcr eine <strong data-start=\"769\" data-end=\"800\">zus\u00e4tzliche Verst\u00e4rkung<\/strong> und sch\u00fctzt Ihre Produkte w\u00e4hrend des Transports oder der Ausstellung.<\/p>\n<p data-start=\"867\" data-end=\"1254\">Zweitens: Um den neuen Umwelterwartungen gerecht zu werden, wurde der Boden, der fr\u00fcher aus Pappe bestand, nun aus <strong data-start=\"983\" data-end=\"1014\">Polypropylen<\/strong> aus <strong data-start=\"983\" data-end=\"1014\">einem einzigen Material<\/strong> hergestellt, wodurch er <strong data-start=\"1027\" data-end=\"1053\">vollst\u00e4ndig recycelbar<\/strong> ist. Diese verantwortungsvolle Wahl entspricht voll und ganz den Anforderungen des <strong data-start=\"1119\" data-end=\"1146\">Umweltgesetzbuchs<\/strong> und des <strong data-start=\"1156\" data-end=\"1173\">Gesetzes AGEC 2025<\/strong>. Eine Konformit\u00e4tsgarantie, die Ihre auf Nachhaltigkeit bedachten Kunden beruhigen wird.<\/p>\n<p data-start=\"1256\" data-end=\"1530\">Au\u00dferdem ist dieser <strong>S\u00fc\u00dfwarenbeutel<\/strong> <strong data-start=\"1280\" data-end=\"1311\">f\u00fcr den Kontakt mit Lebensmitteln geeignet<\/strong>, so dass er ohne Bedenken Kekse, Dragees, Nougat oder Schokolade verpacken kann. Dank seiner praktischen Gr\u00f6\u00dfe von <strong>140 x 305 mm<\/strong> ist er ideal f\u00fcr gro\u00dfz\u00fcgige Portionen, bleibt dabei aber elegant und leicht zu handhaben.<\/p>\n<p data-start=\"1532\" data-end=\"1779\">Zusammenfassend l\u00e4sst sich sagen, dass dieser <strong>Plastikbeutel<\/strong> <strong data-start=\"1559\" data-end=\"1573\">\u00c4sthetik<\/strong>, <strong data-start=\"1575\" data-end=\"1588\">Praktikabilit\u00e4t<\/strong> und <strong data-start=\"1592\" data-end=\"1617\">\u00f6kologisches Engagement<\/strong> vereint. G\u00f6nnen Sie Ihren Kreationen eine Verpackung, die ihrer Qualit\u00e4t gerecht wird, und machen Sie aus jeder Leckerei ein <strong data-start=\"1719\" data-end=\"1744\">einzigartiges Weihnachtsgeschenk<\/strong>, das bereit ist, alle Feinschmecker zu verf\u00fchren.<\/p>\n<p><!--more--><\/p>\n<h4 style=\"text-align: left;\">Vorteile :<\/h4>\n<ul style=\"text-align: left;\">\n<li><strong data-start=\"2012\" data-end=\"2036\">Festliche Aufmachung<\/strong> mit eleganten Weihnachtsmotiven.<\/li>\n<li><strong data-start=\"2071\" data-end=\"2095\">Geformter, fester Boden<\/strong> f\u00fcr perfekte Stabilit\u00e4t<\/li>\n<li><strong data-start=\"2129\" data-end=\"2157\">Recycelbares Mono-Material<\/strong>, entspricht AGEC 2025.<\/li>\n<li><strong data-start=\"2183\" data-end=\"2207\">Lebensmitteleignung<\/strong> f\u00fcr S\u00fc\u00dfwaren, Kekse und Schokolade.<\/li>\n<li>Praktische Gr\u00f6\u00dfe <strong>140 x 305 mm<\/strong> geeignet f\u00fcr viele Kreationen.<\/li>\n<\/ul>\n<\/div>\n<\/div>\n<\/div>\n<\/div>\n<\/div>\n<\/div>\n<\/div>\n<\/div>\n<\/div>\n<\/div>\n<\/div>\n<\/div>\n<p>&nbsp;<\/p>\n<\/div>\n<\/div>\n<\/div>\n<\/div>\n<\/div>\n<\/div>\n<\/div>\n<\/div>\n<\/div>\n<\/div>\n<\/div>\n<p><!--more--><\/p>\n<h4>Weitere Informationen :<\/h4>\n<ul style=\"box-sizing: inherit; font-family: Roboto, sans-serif;\">\n<li><strong>Verpackung<\/strong>: Packung mit 100 St\u00fcck<\/li>\n<li><span style=\"font-weight: bold;\">Gr\u00f6\u00dfe<\/span>: 140 x 305 mm<\/li>\n<li><strong>Material<\/strong>: OPP<\/li>\n<li><strong>Farbe<\/strong>: Transparent \/ Wei\u00df<\/li>\n<li><strong>Option<\/strong>: Beutel mit Kartonboden<\/li>\n<\/ul>\n<p>&nbsp;<\/p>\n<p><!--more--><\/p>\n<p>Dieses Weihnachtss\u00e4ckchen ist in verschiedenen Gr\u00f6\u00dfen erh\u00e4ltlich : <span style=\"color: #d12727;\"><a style=\"color: #d12727;\" href=\"https:\/\/www.csj-emballages.com\/de\/produit\/100-beutel-mit-suesswaren-boden-aus-karton-lebkuchen-100-x-220-mm\/\">SPAINEPICEST1<\/a> <\/span>(100 x 220 mm) \/ <span style=\"color: #d12727;\"><a style=\"color: #d12727;\" href=\"https:\/\/www.csj-emballages.com\/de\/produit\/100-beutel-mit-suesswaren-boden-aus-karton-lebkuchen-120-x-275-mm\/\">SPAINEPICEST2<\/a> <\/span>(120 x 275 mm)<\/p>\n<p>&nbsp;<\/p>\n<p><!--more--><\/p>\n<p><a href=\"https:\/\/www.csj-emballages.com\/de\/categorie-produit\/lebensmittelverpackungen\/backerei-und-konditorei\/sacke-beutel-und-papier\/beutel-fur-suswaren\/themenbeutel\/weihnachtsbeutel\/\">Sehen Sie sich den Rest unseres Sortiments an Weihnachtst\u00fcten an<\/a><\/p>\n<\/div>\n<\/div>\n<\/div>\n<\/div>\n<\/div>\n<\/div>\n<\/div>\n<\/div>\n<\/div>\n<\/div>\n<\/div>\n<\/div>\n<\/div>\n<\/div>\n<\/div>\n<\/div>\n<\/div>\n<\/div>\n<\/div>\n<\/div>\n<\/div>\n<\/div>\n<\/div>\n","protected":false},"excerpt":{"rendered":"<p>Beutel mit S\u00fc\u00dfigkeiten Weihnachten Beschreibung von unserem Weihnachtss\u00fc\u00dfwarenbeutel &#8222;Lebkuchen&#8220; 140 x 305 mm pro 100<\/p>\n","protected":false},"featured_media":243581,"template":"","meta":{"_acf_changed":false},"product_brand":[],"product_cat":[1137,1171,1678,3413],"product_tag":[],"class_list":{"0":"post-23782","1":"product","2":"type-product","3":"status-publish","4":"has-post-thumbnail","6":"product_cat-lebensmittelverpackungen","7":"product_cat-backerei-und-konditorei","8":"product_cat-beutel-fur-suswaren","9":"product_cat-weihnachtsbeutel","11":"first","12":"instock","13":"taxable","14":"shipping-taxable","15":"purchasable","16":"product-type-simple"},"acf":[],"yoast_head":"<!-- This site is optimized with the Yoast SEO Premium plugin v26.6 (Yoast SEO v26.6) - https:\/\/yoast.com\/wordpress\/plugins\/seo\/ -->\n<title>Beutel Weihnachtskonfekt &quot;Lebkuchen&quot; 140 x 305 mm pro 100<\/title>\n<meta name=\"description\" content=\"S\u00fc\u00dfwarenbeutel Weihnachten Lebkuchen 140 x 305 mm: elegant, recycelbar und f\u00fcr den Kontakt mit Lebensmitteln geeignet, ideal f\u00fcr Schokolade, Kekse und S\u00fc\u00dfwaren.\" \/>\n<meta name=\"robots\" content=\"index, follow, max-snippet:-1, max-image-preview:large, max-video-preview:-1\" \/>\n<link rel=\"canonical\" href=\"https:\/\/www.csj-emballages.com\/de\/produit\/100-beutel-mit-suesswaren-boden-aus-karton-lebkuchen-140-x-305-mm\/\" \/>\n<meta property=\"og:locale\" content=\"de_DE\" \/>\n<meta property=\"og:type\" content=\"article\" \/>\n<meta property=\"og:title\" content=\"Beutel Noel &quot;Lebkuchen&quot; 140 x 305 mm\" \/>\n<meta property=\"og:description\" content=\"Weihnachtss\u00fc\u00dfwarenbeutel in 140x305 mm pro 100 St\u00fcck. Ideal f\u00fcr Ihre Festtagss\u00fc\u00dfigkeiten, f\u00fcr Gastgeschenke, Veranstaltungen oder den Verkauf in Ihrem Gesch\u00e4ft.\" \/>\n<meta property=\"og:url\" content=\"https:\/\/www.csj-emballages.com\/de\/produit\/100-beutel-mit-suesswaren-boden-aus-karton-lebkuchen-140-x-305-mm\/\" \/>\n<meta property=\"og:site_name\" content=\"CSJ Emballages\" \/>\n<meta property=\"article:publisher\" content=\"https:\/\/www.facebook.com\/csjemballages\" \/>\n<meta property=\"article:modified_time\" content=\"2026-04-03T00:20:56+00:00\" \/>\n<meta property=\"og:image\" content=\"https:\/\/www.csj-emballages.com\/wp-content\/uploads\/2024\/03\/SPAINEPICEST1.webp\" \/>\n\t<meta property=\"og:image:width\" content=\"800\" \/>\n\t<meta property=\"og:image:height\" content=\"800\" \/>\n\t<meta property=\"og:image:type\" content=\"image\/webp\" \/>\n<meta name=\"twitter:card\" content=\"summary_large_image\" \/>\n<meta name=\"twitter:title\" content=\"Beutel Noel &quot;Lebkuchen&quot; 140 x 305 mm\" \/>\n<meta name=\"twitter:description\" content=\"Weihnachtss\u00fc\u00dfwarenbeutel in 140x305 mm pro 100 St\u00fcck. Ideal f\u00fcr Ihre Festtagss\u00fc\u00dfigkeiten, f\u00fcr Gastgeschenke, Veranstaltungen oder den Verkauf in Ihrem Gesch\u00e4ft.\" \/>\n<meta name=\"twitter:label1\" content=\"Gesch\u00e4tzte Lesezeit\" \/>\n\t<meta name=\"twitter:data1\" content=\"2 Minuten\" \/>\n<script type=\"application\/ld+json\" class=\"yoast-schema-graph\">{\"@context\":\"https:\/\/schema.org\",\"@graph\":[{\"@type\":\"WebPage\",\"@id\":\"https:\/\/www.csj-emballages.com\/de\/produit\/100-beutel-mit-suesswaren-boden-aus-karton-lebkuchen-140-x-305-mm\/\",\"url\":\"https:\/\/www.csj-emballages.com\/de\/produit\/100-beutel-mit-suesswaren-boden-aus-karton-lebkuchen-140-x-305-mm\/\",\"name\":\"Beutel Weihnachtskonfekt \\\"Lebkuchen\\\" 140 x 305 mm pro 100\",\"isPartOf\":{\"@id\":\"https:\/\/www.csj-emballages.com\/de\/#website\"},\"primaryImageOfPage\":{\"@id\":\"https:\/\/www.csj-emballages.com\/de\/produit\/100-beutel-mit-suesswaren-boden-aus-karton-lebkuchen-140-x-305-mm\/#primaryimage\"},\"image\":{\"@id\":\"https:\/\/www.csj-emballages.com\/de\/produit\/100-beutel-mit-suesswaren-boden-aus-karton-lebkuchen-140-x-305-mm\/#primaryimage\"},\"thumbnailUrl\":\"https:\/\/www.csj-emballages.com\/wp-content\/uploads\/2024\/03\/SPAINEPICEST1.webp\",\"datePublished\":\"2024-03-01T15:49:05+00:00\",\"dateModified\":\"2026-04-03T00:20:56+00:00\",\"description\":\"S\u00fc\u00dfwarenbeutel Weihnachten Lebkuchen 140 x 305 mm: elegant, recycelbar und f\u00fcr den Kontakt mit Lebensmitteln geeignet, ideal f\u00fcr Schokolade, Kekse und S\u00fc\u00dfwaren.\",\"breadcrumb\":{\"@id\":\"https:\/\/www.csj-emballages.com\/de\/produit\/100-beutel-mit-suesswaren-boden-aus-karton-lebkuchen-140-x-305-mm\/#breadcrumb\"},\"inLanguage\":\"de\",\"potentialAction\":[{\"@type\":\"ReadAction\",\"target\":[\"https:\/\/www.csj-emballages.com\/de\/produit\/100-beutel-mit-suesswaren-boden-aus-karton-lebkuchen-140-x-305-mm\/\"]}]},{\"@type\":\"ImageObject\",\"inLanguage\":\"de\",\"@id\":\"https:\/\/www.csj-emballages.com\/de\/produit\/100-beutel-mit-suesswaren-boden-aus-karton-lebkuchen-140-x-305-mm\/#primaryimage\",\"url\":\"https:\/\/www.csj-emballages.com\/wp-content\/uploads\/2024\/03\/SPAINEPICEST1.webp\",\"contentUrl\":\"https:\/\/www.csj-emballages.com\/wp-content\/uploads\/2024\/03\/SPAINEPICEST1.webp\",\"width\":800,\"height\":800,\"caption\":\"Sachet confiseries No\u00ebl\"},{\"@type\":\"BreadcrumbList\",\"@id\":\"https:\/\/www.csj-emballages.com\/de\/produit\/100-beutel-mit-suesswaren-boden-aus-karton-lebkuchen-140-x-305-mm\/#breadcrumb\",\"itemListElement\":[{\"@type\":\"ListItem\",\"position\":1,\"name\":\"Accueil\",\"item\":\"https:\/\/www.csj-emballages.com\/de\/universum-lebensmittelverpackungen\/\"},{\"@type\":\"ListItem\",\"position\":2,\"name\":\"Shop\",\"item\":\"https:\/\/www.csj-emballages.com\/shop\/\"},{\"@type\":\"ListItem\",\"position\":3,\"name\":\"Weihnachtss\u00fc\u00dfwarenbeutel \u00ab\u00a0Lebkuchen\u00a0\u00bb 140 x 305 mm pro 100\"}]},{\"@type\":\"WebSite\",\"@id\":\"https:\/\/www.csj-emballages.com\/de\/#website\",\"url\":\"https:\/\/www.csj-emballages.com\/de\/\",\"name\":\"CSJ Emballages\",\"description\":\"\",\"publisher\":{\"@id\":\"https:\/\/www.csj-emballages.com\/de\/#organization\"},\"potentialAction\":[{\"@type\":\"SearchAction\",\"target\":{\"@type\":\"EntryPoint\",\"urlTemplate\":\"https:\/\/www.csj-emballages.com\/de\/?s={search_term_string}\"},\"query-input\":{\"@type\":\"PropertyValueSpecification\",\"valueRequired\":true,\"valueName\":\"search_term_string\"}}],\"inLanguage\":\"de\"},{\"@type\":\"Organization\",\"@id\":\"https:\/\/www.csj-emballages.com\/de\/#Organization\/\",\"name\":\"CSJ Emballages\",\"url\":\"https:\/\/www.csj-emballages.com\/de\/\",\"logo\":{\"@type\":\"ImageObject\",\"inLanguage\":\"de\",\"@id\":\"https:\/\/www.csj-emballages.com\/de\/#\/schema\/logo\/image\/\",\"url\":\"https:\/\/www.csj-emballages.com\/wp-content\/uploads\/2023\/10\/logo_csj.webp\",\"contentUrl\":\"https:\/\/www.csj-emballages.com\/wp-content\/uploads\/2023\/10\/logo_csj.webp\",\"width\":250,\"height\":95,\"caption\":\"CSJ Emballages\"},\"image\":{\"@id\":\"https:\/\/www.csj-emballages.com\/de\/#\/schema\/logo\/image\/\"},\"sameAs\":[\"https:\/\/www.facebook.com\/csjemballages\"],\"address\":{\"@type\":\"PostalAddress\",\"streetAddress\":\"ZI La Lechere\",\"addressLocality\":\"Patornay\",\"postalCode\":\"39130\",\"addressCountry\":\"FR\"},\"contactPoint\":[{\"@type\":\"ContactPoint\",\"contactType\":\"Service client\",\"telephone\":\"0384254272\",\"email\":\"contact@csj-emballages.com\"}]}]}<\/script>\n<!-- \/ Yoast SEO Premium plugin. -->","yoast_head_json":{"title":"Beutel Weihnachtskonfekt \"Lebkuchen\" 140 x 305 mm pro 100","description":"S\u00fc\u00dfwarenbeutel Weihnachten Lebkuchen 140 x 305 mm: elegant, recycelbar und f\u00fcr den Kontakt mit Lebensmitteln geeignet, ideal f\u00fcr Schokolade, Kekse und S\u00fc\u00dfwaren.","robots":{"index":"index","follow":"follow","max-snippet":"max-snippet:-1","max-image-preview":"max-image-preview:large","max-video-preview":"max-video-preview:-1"},"canonical":"https:\/\/www.csj-emballages.com\/de\/produit\/100-beutel-mit-suesswaren-boden-aus-karton-lebkuchen-140-x-305-mm\/","og_locale":"de_DE","og_type":"article","og_title":"Beutel Noel \"Lebkuchen\" 140 x 305 mm","og_description":"Weihnachtss\u00fc\u00dfwarenbeutel in 140x305 mm pro 100 St\u00fcck. Ideal f\u00fcr Ihre Festtagss\u00fc\u00dfigkeiten, f\u00fcr Gastgeschenke, Veranstaltungen oder den Verkauf in Ihrem Gesch\u00e4ft.","og_url":"https:\/\/www.csj-emballages.com\/de\/produit\/100-beutel-mit-suesswaren-boden-aus-karton-lebkuchen-140-x-305-mm\/","og_site_name":"CSJ Emballages","article_publisher":"https:\/\/www.facebook.com\/csjemballages","article_modified_time":"2026-04-03T00:20:56+00:00","og_image":[{"width":800,"height":800,"url":"https:\/\/www.csj-emballages.com\/wp-content\/uploads\/2024\/03\/SPAINEPICEST1.webp","type":"image\/webp"}],"twitter_card":"summary_large_image","twitter_title":"Beutel Noel \"Lebkuchen\" 140 x 305 mm","twitter_description":"Weihnachtss\u00fc\u00dfwarenbeutel in 140x305 mm pro 100 St\u00fcck. Ideal f\u00fcr Ihre Festtagss\u00fc\u00dfigkeiten, f\u00fcr Gastgeschenke, Veranstaltungen oder den Verkauf in Ihrem Gesch\u00e4ft.","twitter_misc":{"Gesch\u00e4tzte Lesezeit":"2 Minuten"},"schema":{"@context":"https:\/\/schema.org","@graph":[{"@type":"WebPage","@id":"https:\/\/www.csj-emballages.com\/de\/produit\/100-beutel-mit-suesswaren-boden-aus-karton-lebkuchen-140-x-305-mm\/","url":"https:\/\/www.csj-emballages.com\/de\/produit\/100-beutel-mit-suesswaren-boden-aus-karton-lebkuchen-140-x-305-mm\/","name":"Beutel Weihnachtskonfekt \"Lebkuchen\" 140 x 305 mm pro 100","isPartOf":{"@id":"https:\/\/www.csj-emballages.com\/de\/#website"},"primaryImageOfPage":{"@id":"https:\/\/www.csj-emballages.com\/de\/produit\/100-beutel-mit-suesswaren-boden-aus-karton-lebkuchen-140-x-305-mm\/#primaryimage"},"image":{"@id":"https:\/\/www.csj-emballages.com\/de\/produit\/100-beutel-mit-suesswaren-boden-aus-karton-lebkuchen-140-x-305-mm\/#primaryimage"},"thumbnailUrl":"https:\/\/www.csj-emballages.com\/wp-content\/uploads\/2024\/03\/SPAINEPICEST1.webp","datePublished":"2024-03-01T15:49:05+00:00","dateModified":"2026-04-03T00:20:56+00:00","description":"S\u00fc\u00dfwarenbeutel Weihnachten Lebkuchen 140 x 305 mm: elegant, recycelbar und f\u00fcr den Kontakt mit Lebensmitteln geeignet, ideal f\u00fcr Schokolade, Kekse und S\u00fc\u00dfwaren.","breadcrumb":{"@id":"https:\/\/www.csj-emballages.com\/de\/produit\/100-beutel-mit-suesswaren-boden-aus-karton-lebkuchen-140-x-305-mm\/#breadcrumb"},"inLanguage":"de","potentialAction":[{"@type":"ReadAction","target":["https:\/\/www.csj-emballages.com\/de\/produit\/100-beutel-mit-suesswaren-boden-aus-karton-lebkuchen-140-x-305-mm\/"]}]},{"@type":"ImageObject","inLanguage":"de","@id":"https:\/\/www.csj-emballages.com\/de\/produit\/100-beutel-mit-suesswaren-boden-aus-karton-lebkuchen-140-x-305-mm\/#primaryimage","url":"https:\/\/www.csj-emballages.com\/wp-content\/uploads\/2024\/03\/SPAINEPICEST1.webp","contentUrl":"https:\/\/www.csj-emballages.com\/wp-content\/uploads\/2024\/03\/SPAINEPICEST1.webp","width":800,"height":800,"caption":"Sachet confiseries No\u00ebl"},{"@type":"BreadcrumbList","@id":"https:\/\/www.csj-emballages.com\/de\/produit\/100-beutel-mit-suesswaren-boden-aus-karton-lebkuchen-140-x-305-mm\/#breadcrumb","itemListElement":[{"@type":"ListItem","position":1,"name":"Accueil","item":"https:\/\/www.csj-emballages.com\/de\/universum-lebensmittelverpackungen\/"},{"@type":"ListItem","position":2,"name":"Shop","item":"https:\/\/www.csj-emballages.com\/shop\/"},{"@type":"ListItem","position":3,"name":"Weihnachtss\u00fc\u00dfwarenbeutel \u00ab\u00a0Lebkuchen\u00a0\u00bb 140 x 305 mm pro 100"}]},{"@type":"WebSite","@id":"https:\/\/www.csj-emballages.com\/de\/#website","url":"https:\/\/www.csj-emballages.com\/de\/","name":"CSJ Emballages","description":"","publisher":{"@id":"https:\/\/www.csj-emballages.com\/de\/#organization"},"potentialAction":[{"@type":"SearchAction","target":{"@type":"EntryPoint","urlTemplate":"https:\/\/www.csj-emballages.com\/de\/?s={search_term_string}"},"query-input":{"@type":"PropertyValueSpecification","valueRequired":true,"valueName":"search_term_string"}}],"inLanguage":"de"},{"@type":"Organization","@id":"https:\/\/www.csj-emballages.com\/de\/#Organization\/","name":"CSJ Emballages","url":"https:\/\/www.csj-emballages.com\/de\/","logo":{"@type":"ImageObject","inLanguage":"de","@id":"https:\/\/www.csj-emballages.com\/de\/#\/schema\/logo\/image\/","url":"https:\/\/www.csj-emballages.com\/wp-content\/uploads\/2023\/10\/logo_csj.webp","contentUrl":"https:\/\/www.csj-emballages.com\/wp-content\/uploads\/2023\/10\/logo_csj.webp","width":250,"height":95,"caption":"CSJ Emballages"},"image":{"@id":"https:\/\/www.csj-emballages.com\/de\/#\/schema\/logo\/image\/"},"sameAs":["https:\/\/www.facebook.com\/csjemballages"],"address":{"@type":"PostalAddress","streetAddress":"ZI La Lechere","addressLocality":"Patornay","postalCode":"39130","addressCountry":"FR"},"contactPoint":[{"@type":"ContactPoint","contactType":"Service client","telephone":"0384254272","email":"contact@csj-emballages.com"}]}]}},"df_price":25.69,"df_sale_price":"","df_regular_price":25.69,"df_image_link":"https:\/\/www.csj-emballages.com\/wp-content\/uploads\/2024\/03\/SPAINEPICEST1-300x300.webp","tiered_pricing_type":"fixed","tiered_pricing_fixed_rules":[],"tiered_pricing_percentage_rules":[],"tiered_pricing_minimum":1,"tiered_pricing_roles_data":[],"_links":{"self":[{"href":"https:\/\/www.csj-emballages.com\/de\/wp-json\/wp\/v2\/product\/23782","targetHints":{"allow":["GET"]}}],"collection":[{"href":"https:\/\/www.csj-emballages.com\/de\/wp-json\/wp\/v2\/product"}],"about":[{"href":"https:\/\/www.csj-emballages.com\/de\/wp-json\/wp\/v2\/types\/product"}],"wp:featuredmedia":[{"embeddable":true,"href":"https:\/\/www.csj-emballages.com\/de\/wp-json\/wp\/v2\/media\/243581"}],"wp:attachment":[{"href":"https:\/\/www.csj-emballages.com\/de\/wp-json\/wp\/v2\/media?parent=23782"}],"wp:term":[{"taxonomy":"product_brand","embeddable":true,"href":"https:\/\/www.csj-emballages.com\/de\/wp-json\/wp\/v2\/product_brand?post=23782"},{"taxonomy":"product_cat","embeddable":true,"href":"https:\/\/www.csj-emballages.com\/de\/wp-json\/wp\/v2\/product_cat?post=23782"},{"taxonomy":"product_tag","embeddable":true,"href":"https:\/\/www.csj-emballages.com\/de\/wp-json\/wp\/v2\/product_tag?post=23782"}],"curies":[{"name":"wp","href":"https:\/\/api.w.org\/{rel}","templated":true}]}}