{"id":23773,"date":"2024-03-01T16:49:06","date_gmt":"2024-03-01T15:49:06","guid":{"rendered":"https:\/\/u15jnbdpoq.preview.infomaniak.website\/produit\/1000-beutel-landbrot-kraft-30-5-x-30-cm\/"},"modified":"2026-05-01T02:15:00","modified_gmt":"2026-05-01T00:15:00","slug":"1000-beutel-landbrot-kraft-30-5-x-30-cm","status":"publish","type":"product","link":"https:\/\/www.csj-emballages.com\/de\/produit\/1000-beutel-landbrot-kraft-30-5-x-30-cm\/","title":{"rendered":"Tasche Landbrot Kraft 30 + 5 x 30 cm pro 1000"},"content":{"rendered":"<h2>Brottasche<\/h2>\n<hr>\n<h3 data-start=\"249\" data-end=\"744\">Entdecken Sie unsere Tasche Landbrot Kraft 30 + 5 x 30 cm pro 1000<\/h3>\n<p data-start=\"249\" data-end=\"744\"><!--more--><\/p>\n<p data-start=\"249\" data-end=\"744\">Die <strong data-start=\"252\" data-end=\"306\">Landbrottasche Kraft 30 + 5 x 30 cm von 1000<\/strong> ist ein Muss f\u00fcr alle Profis, die ihr Landbrot auf einfache Weise verpacken m\u00f6chten. Sobald Sie sie verwenden, werden Sie feststellen, dass sie echten Halt bietet: Sie rei\u00dft nicht so leicht und sch\u00fctzt Ihre Brote perfekt, selbst die gro\u00dfz\u00fcgigsten. Dank ihres <strong>Kraftmaterials<\/strong> vermittelt sie sofort einen nat\u00fcrlichen und authentischen Eindruck, was Ihre Produkte im Schaufenster sofort aufwertet.  <\/p>\n<p data-start=\"746\" data-end=\"1240\">Ebenso k\u00f6nnen Sie dank des gro\u00dfen und durchdachten Formats problemlos ein <strong>Landbrot<\/strong> einpacken. Sie schieben das Brot in Sekundenschnelle hinein und die T\u00fcte beh\u00e4lt ihre Form, ohne die Kruste \u00fcberm\u00e4\u00dfig zu knittern. Das ist im Alltag angenehm, vor allem, wenn es im Laden hektisch zugeht. Da <strong>Kraftpapier <\/strong><strong> recycelbar<\/strong> ist, zeigen Sie Ihren Kunden au\u00dferdem, dass Sie eine verantwortungsvolle Wahl treffen.   <\/p>\n<p data-start=\"1242\" data-end=\"1590\">Wenn Sie sich f\u00fcr diese Verpackung zu <strong data-start=\"1280\" data-end=\"1293\">1000 Beuteln<\/strong> entscheiden, vermeiden Sie Lieferengp\u00e4sse und gewinnen mehr Ruhe. Au\u00dferdem k\u00f6nnen Sie Ihren Bedarf besser vorhersehen und profitieren von einer Verpackung, die kosteng\u00fcnstig bleibt. Letztendlich wird diese <strong>Brott\u00fcte<\/strong> schnell zu einem unverzichtbaren Verb\u00fcndeten: Sie sch\u00fctzt, wertet auf und spart Ihnen Zeit.  <\/p>\n<p data-start=\"1592\" data-end=\"1812\">Kurz gesagt: Wenn Sie eine einfache, solide, praktische und umweltfreundliche Verpackung w\u00fcnschen, dann erf\u00fcllt diese <strong>Krafttasche<\/strong> alle Kriterien. Sie begleitet Ihre Brote vom Ofen bis zum endg\u00fcltigen Kauf, ohne jemals an Qualit\u00e4t zu verlieren. <\/p>\n<p>&nbsp;<\/p>\n<p><!--more--><\/p>\n<h4>Vorteile :<\/h4>\n<ul>\n<li data-start=\"1840\" data-end=\"1878\">Robustes, nat\u00fcrliches und <strong>recycelbares<\/strong> Kraft.<\/li>\n<li data-start=\"1881\" data-end=\"1922\">Ideales Format f\u00fcr <strong>Landbrote<\/strong>.<\/li>\n<li data-start=\"1925\" data-end=\"1969\">Einfach zu verwenden, auch in Zeiten des Ansturms.<\/li>\n<li data-start=\"1972\" data-end=\"2012\">Warmherzige und handwerkliche Pr\u00e4sentation.<\/li>\n<li data-start=\"2015\" data-end=\"2052\">Sparsame Verpackung zu <strong>1000<\/strong> St\u00fcck.<\/li>\n<\/ul>\n<p>&nbsp;<\/p>\n<p><!--more--><\/p>\n<h4>Weitere Informationen :<\/h4>\n<ul>\n<li><strong>Verpackung<\/strong>: Karton mit 1000 St\u00fcck<\/li>\n<li><strong>Ma\u00dfe<\/strong>: 30 + 5 x 30 cm<\/li>\n<li><strong>Grammatur<\/strong>: 35g\/m\u00b2<\/li>\n<li><strong>Farbe<\/strong>: Braun<\/li>\n<li><strong>Material<\/strong>: Papier<\/li>\n<\/ul>\n<p>&nbsp;<\/p>\n<p><!--more--><\/p>\n<p>Hier finden Sie unsere Baguette-Tasche Kraft : <span style=\"color: #d12727;\"><a style=\"color: #d12727;\" href=\"https:\/\/www.csj-emballages.com\/es\/produit\/1000-baguettes-krafts-10-4-x-42-cm\/\">SBAG1<\/a><\/span><\/p>\n<p>&nbsp;<\/p>\n<p><!--more--><\/p>\n<p><a href=\"https:\/\/www.csj-emballages.com\/de\/categorie-produit\/lebensmittelverpackungen\/backerei-und-konditorei\/sacke-beutel-und-papier\/sacheries-de\/baguette-brottaschen\/\">Sehen Sie sich den Rest unseres Sortiments an Baguette-\/Brottaschen an<\/a><\/p>\n","protected":false},"excerpt":{"rendered":"<p>Brottasche Entdecken Sie unsere Tasche Landbrot Kraft 30 + 5 x 30 cm pro 1000<\/p>\n","protected":false},"featured_media":254370,"template":"","meta":{"_acf_changed":false},"product_brand":[],"product_cat":[1171,1661,3421],"product_tag":[],"class_list":{"0":"post-23773","1":"product","2":"type-product","3":"status-publish","4":"has-post-thumbnail","6":"product_cat-backerei-und-konditorei","7":"product_cat-sacheries-de","8":"product_cat-baguette-brottaschen","10":"first","11":"instock","12":"taxable","13":"shipping-taxable","14":"purchasable","15":"product-type-simple"},"acf":[],"yoast_head":"<!-- This site is optimized with the Yoast SEO Premium plugin v26.6 (Yoast SEO v26.6) - https:\/\/yoast.com\/wordpress\/plugins\/seo\/ -->\n<title>Tasche Landbrot Kraft 30 + 5 x 30 cm pro 1000<\/title>\n<meta name=\"description\" content=\"Entscheiden Sie sich f\u00fcr unsere Kraftbrottasche 30 + 5 x 30 cm pro 1000: stabil, praktisch, nat\u00fcrlich und perfekt, um Ihre handwerklich hergestellten Brote zur Geltung zu bringen.\" \/>\n<meta name=\"robots\" content=\"index, follow, max-snippet:-1, max-image-preview:large, max-video-preview:-1\" \/>\n<link rel=\"canonical\" href=\"https:\/\/www.csj-emballages.com\/de\/produit\/1000-beutel-landbrot-kraft-30-5-x-30-cm\/\" \/>\n<meta property=\"og:locale\" content=\"de_DE\" \/>\n<meta property=\"og:type\" content=\"article\" \/>\n<meta property=\"og:title\" content=\"Tasche Landbrot Kraft 30 + 5 x 30 cm pro 1000\" \/>\n<meta property=\"og:description\" content=\"Entscheiden Sie sich f\u00fcr unsere Kraftbrottasche 30 + 5 x 30 cm pro 1000: stabil, praktisch, nat\u00fcrlich und perfekt, um Ihre handwerklich hergestellten Brote zur Geltung zu bringen.\" \/>\n<meta property=\"og:url\" content=\"https:\/\/www.csj-emballages.com\/de\/produit\/1000-beutel-landbrot-kraft-30-5-x-30-cm\/\" \/>\n<meta property=\"og:site_name\" content=\"CSJ Emballages\" \/>\n<meta property=\"article:publisher\" content=\"https:\/\/www.facebook.com\/csjemballages\" \/>\n<meta property=\"article:modified_time\" content=\"2026-05-01T00:15:00+00:00\" \/>\n<meta property=\"og:image\" content=\"https:\/\/www.csj-emballages.com\/wp-content\/uploads\/2024\/03\/SPAIN.webp\" \/>\n\t<meta property=\"og:image:width\" content=\"800\" \/>\n\t<meta property=\"og:image:height\" content=\"800\" \/>\n\t<meta property=\"og:image:type\" content=\"image\/webp\" \/>\n<meta name=\"twitter:card\" content=\"summary_large_image\" \/>\n<meta name=\"twitter:label1\" content=\"Gesch\u00e4tzte Lesezeit\" \/>\n\t<meta name=\"twitter:data1\" content=\"2 Minuten\" \/>\n<script type=\"application\/ld+json\" class=\"yoast-schema-graph\">{\"@context\":\"https:\/\/schema.org\",\"@graph\":[{\"@type\":\"WebPage\",\"@id\":\"https:\/\/www.csj-emballages.com\/de\/produit\/1000-beutel-landbrot-kraft-30-5-x-30-cm\/\",\"url\":\"https:\/\/www.csj-emballages.com\/de\/produit\/1000-beutel-landbrot-kraft-30-5-x-30-cm\/\",\"name\":\"Tasche Landbrot Kraft 30 + 5 x 30 cm pro 1000\",\"isPartOf\":{\"@id\":\"https:\/\/www.csj-emballages.com\/de\/#website\"},\"primaryImageOfPage\":{\"@id\":\"https:\/\/www.csj-emballages.com\/de\/produit\/1000-beutel-landbrot-kraft-30-5-x-30-cm\/#primaryimage\"},\"image\":{\"@id\":\"https:\/\/www.csj-emballages.com\/de\/produit\/1000-beutel-landbrot-kraft-30-5-x-30-cm\/#primaryimage\"},\"thumbnailUrl\":\"https:\/\/www.csj-emballages.com\/wp-content\/uploads\/2024\/03\/SPAIN.webp\",\"datePublished\":\"2024-03-01T15:49:06+00:00\",\"dateModified\":\"2026-05-01T00:15:00+00:00\",\"description\":\"Entscheiden Sie sich f\u00fcr unsere Kraftbrottasche 30 + 5 x 30 cm pro 1000: stabil, praktisch, nat\u00fcrlich und perfekt, um Ihre handwerklich hergestellten Brote zur Geltung zu bringen.\",\"breadcrumb\":{\"@id\":\"https:\/\/www.csj-emballages.com\/de\/produit\/1000-beutel-landbrot-kraft-30-5-x-30-cm\/#breadcrumb\"},\"inLanguage\":\"de\",\"potentialAction\":[{\"@type\":\"ReadAction\",\"target\":[\"https:\/\/www.csj-emballages.com\/de\/produit\/1000-beutel-landbrot-kraft-30-5-x-30-cm\/\"]}]},{\"@type\":\"ImageObject\",\"inLanguage\":\"de\",\"@id\":\"https:\/\/www.csj-emballages.com\/de\/produit\/1000-beutel-landbrot-kraft-30-5-x-30-cm\/#primaryimage\",\"url\":\"https:\/\/www.csj-emballages.com\/wp-content\/uploads\/2024\/03\/SPAIN.webp\",\"contentUrl\":\"https:\/\/www.csj-emballages.com\/wp-content\/uploads\/2024\/03\/SPAIN.webp\",\"width\":800,\"height\":800},{\"@type\":\"BreadcrumbList\",\"@id\":\"https:\/\/www.csj-emballages.com\/de\/produit\/1000-beutel-landbrot-kraft-30-5-x-30-cm\/#breadcrumb\",\"itemListElement\":[{\"@type\":\"ListItem\",\"position\":1,\"name\":\"Accueil\",\"item\":\"https:\/\/www.csj-emballages.com\/de\/universum-lebensmittelverpackungen\/\"},{\"@type\":\"ListItem\",\"position\":2,\"name\":\"Shop\",\"item\":\"https:\/\/www.csj-emballages.com\/shop\/\"},{\"@type\":\"ListItem\",\"position\":3,\"name\":\"Tasche Landbrot Kraft 30 + 5 x 30 cm pro 1000\"}]},{\"@type\":\"WebSite\",\"@id\":\"https:\/\/www.csj-emballages.com\/de\/#website\",\"url\":\"https:\/\/www.csj-emballages.com\/de\/\",\"name\":\"CSJ Emballages\",\"description\":\"\",\"publisher\":{\"@id\":\"https:\/\/www.csj-emballages.com\/de\/#organization\"},\"potentialAction\":[{\"@type\":\"SearchAction\",\"target\":{\"@type\":\"EntryPoint\",\"urlTemplate\":\"https:\/\/www.csj-emballages.com\/de\/?s={search_term_string}\"},\"query-input\":{\"@type\":\"PropertyValueSpecification\",\"valueRequired\":true,\"valueName\":\"search_term_string\"}}],\"inLanguage\":\"de\"},{\"@type\":\"Organization\",\"@id\":\"https:\/\/www.csj-emballages.com\/de\/#Organization\/\",\"name\":\"CSJ Emballages\",\"url\":\"https:\/\/www.csj-emballages.com\/de\/\",\"logo\":{\"@type\":\"ImageObject\",\"inLanguage\":\"de\",\"@id\":\"https:\/\/www.csj-emballages.com\/de\/#\/schema\/logo\/image\/\",\"url\":\"https:\/\/www.csj-emballages.com\/wp-content\/uploads\/2023\/10\/logo_csj.webp\",\"contentUrl\":\"https:\/\/www.csj-emballages.com\/wp-content\/uploads\/2023\/10\/logo_csj.webp\",\"width\":250,\"height\":95,\"caption\":\"CSJ Emballages\"},\"image\":{\"@id\":\"https:\/\/www.csj-emballages.com\/de\/#\/schema\/logo\/image\/\"},\"sameAs\":[\"https:\/\/www.facebook.com\/csjemballages\"],\"address\":{\"@type\":\"PostalAddress\",\"streetAddress\":\"ZI La Lechere\",\"addressLocality\":\"Patornay\",\"postalCode\":\"39130\",\"addressCountry\":\"FR\"},\"contactPoint\":[{\"@type\":\"ContactPoint\",\"contactType\":\"Service client\",\"telephone\":\"0384254272\",\"email\":\"contact@csj-emballages.com\"}]}]}<\/script>\n<!-- \/ Yoast SEO Premium plugin. -->","yoast_head_json":{"title":"Tasche Landbrot Kraft 30 + 5 x 30 cm pro 1000","description":"Entscheiden Sie sich f\u00fcr unsere Kraftbrottasche 30 + 5 x 30 cm pro 1000: stabil, praktisch, nat\u00fcrlich und perfekt, um Ihre handwerklich hergestellten Brote zur Geltung zu bringen.","robots":{"index":"index","follow":"follow","max-snippet":"max-snippet:-1","max-image-preview":"max-image-preview:large","max-video-preview":"max-video-preview:-1"},"canonical":"https:\/\/www.csj-emballages.com\/de\/produit\/1000-beutel-landbrot-kraft-30-5-x-30-cm\/","og_locale":"de_DE","og_type":"article","og_title":"Tasche Landbrot Kraft 30 + 5 x 30 cm pro 1000","og_description":"Entscheiden Sie sich f\u00fcr unsere Kraftbrottasche 30 + 5 x 30 cm pro 1000: stabil, praktisch, nat\u00fcrlich und perfekt, um Ihre handwerklich hergestellten Brote zur Geltung zu bringen.","og_url":"https:\/\/www.csj-emballages.com\/de\/produit\/1000-beutel-landbrot-kraft-30-5-x-30-cm\/","og_site_name":"CSJ Emballages","article_publisher":"https:\/\/www.facebook.com\/csjemballages","article_modified_time":"2026-05-01T00:15:00+00:00","og_image":[{"width":800,"height":800,"url":"https:\/\/www.csj-emballages.com\/wp-content\/uploads\/2024\/03\/SPAIN.webp","type":"image\/webp"}],"twitter_card":"summary_large_image","twitter_misc":{"Gesch\u00e4tzte Lesezeit":"2 Minuten"},"schema":{"@context":"https:\/\/schema.org","@graph":[{"@type":"WebPage","@id":"https:\/\/www.csj-emballages.com\/de\/produit\/1000-beutel-landbrot-kraft-30-5-x-30-cm\/","url":"https:\/\/www.csj-emballages.com\/de\/produit\/1000-beutel-landbrot-kraft-30-5-x-30-cm\/","name":"Tasche Landbrot Kraft 30 + 5 x 30 cm pro 1000","isPartOf":{"@id":"https:\/\/www.csj-emballages.com\/de\/#website"},"primaryImageOfPage":{"@id":"https:\/\/www.csj-emballages.com\/de\/produit\/1000-beutel-landbrot-kraft-30-5-x-30-cm\/#primaryimage"},"image":{"@id":"https:\/\/www.csj-emballages.com\/de\/produit\/1000-beutel-landbrot-kraft-30-5-x-30-cm\/#primaryimage"},"thumbnailUrl":"https:\/\/www.csj-emballages.com\/wp-content\/uploads\/2024\/03\/SPAIN.webp","datePublished":"2024-03-01T15:49:06+00:00","dateModified":"2026-05-01T00:15:00+00:00","description":"Entscheiden Sie sich f\u00fcr unsere Kraftbrottasche 30 + 5 x 30 cm pro 1000: stabil, praktisch, nat\u00fcrlich und perfekt, um Ihre handwerklich hergestellten Brote zur Geltung zu bringen.","breadcrumb":{"@id":"https:\/\/www.csj-emballages.com\/de\/produit\/1000-beutel-landbrot-kraft-30-5-x-30-cm\/#breadcrumb"},"inLanguage":"de","potentialAction":[{"@type":"ReadAction","target":["https:\/\/www.csj-emballages.com\/de\/produit\/1000-beutel-landbrot-kraft-30-5-x-30-cm\/"]}]},{"@type":"ImageObject","inLanguage":"de","@id":"https:\/\/www.csj-emballages.com\/de\/produit\/1000-beutel-landbrot-kraft-30-5-x-30-cm\/#primaryimage","url":"https:\/\/www.csj-emballages.com\/wp-content\/uploads\/2024\/03\/SPAIN.webp","contentUrl":"https:\/\/www.csj-emballages.com\/wp-content\/uploads\/2024\/03\/SPAIN.webp","width":800,"height":800},{"@type":"BreadcrumbList","@id":"https:\/\/www.csj-emballages.com\/de\/produit\/1000-beutel-landbrot-kraft-30-5-x-30-cm\/#breadcrumb","itemListElement":[{"@type":"ListItem","position":1,"name":"Accueil","item":"https:\/\/www.csj-emballages.com\/de\/universum-lebensmittelverpackungen\/"},{"@type":"ListItem","position":2,"name":"Shop","item":"https:\/\/www.csj-emballages.com\/shop\/"},{"@type":"ListItem","position":3,"name":"Tasche Landbrot Kraft 30 + 5 x 30 cm pro 1000"}]},{"@type":"WebSite","@id":"https:\/\/www.csj-emballages.com\/de\/#website","url":"https:\/\/www.csj-emballages.com\/de\/","name":"CSJ Emballages","description":"","publisher":{"@id":"https:\/\/www.csj-emballages.com\/de\/#organization"},"potentialAction":[{"@type":"SearchAction","target":{"@type":"EntryPoint","urlTemplate":"https:\/\/www.csj-emballages.com\/de\/?s={search_term_string}"},"query-input":{"@type":"PropertyValueSpecification","valueRequired":true,"valueName":"search_term_string"}}],"inLanguage":"de"},{"@type":"Organization","@id":"https:\/\/www.csj-emballages.com\/de\/#Organization\/","name":"CSJ Emballages","url":"https:\/\/www.csj-emballages.com\/de\/","logo":{"@type":"ImageObject","inLanguage":"de","@id":"https:\/\/www.csj-emballages.com\/de\/#\/schema\/logo\/image\/","url":"https:\/\/www.csj-emballages.com\/wp-content\/uploads\/2023\/10\/logo_csj.webp","contentUrl":"https:\/\/www.csj-emballages.com\/wp-content\/uploads\/2023\/10\/logo_csj.webp","width":250,"height":95,"caption":"CSJ Emballages"},"image":{"@id":"https:\/\/www.csj-emballages.com\/de\/#\/schema\/logo\/image\/"},"sameAs":["https:\/\/www.facebook.com\/csjemballages"],"address":{"@type":"PostalAddress","streetAddress":"ZI La Lechere","addressLocality":"Patornay","postalCode":"39130","addressCountry":"FR"},"contactPoint":[{"@type":"ContactPoint","contactType":"Service client","telephone":"0384254272","email":"contact@csj-emballages.com"}]}]}},"df_price":43.96,"df_sale_price":"","df_regular_price":43.96,"df_image_link":"https:\/\/www.csj-emballages.com\/wp-content\/uploads\/2024\/03\/SPAIN-300x300.webp","tiered_pricing_type":"fixed","tiered_pricing_fixed_rules":[],"tiered_pricing_percentage_rules":[],"tiered_pricing_minimum":1,"tiered_pricing_roles_data":[],"_links":{"self":[{"href":"https:\/\/www.csj-emballages.com\/de\/wp-json\/wp\/v2\/product\/23773","targetHints":{"allow":["GET"]}}],"collection":[{"href":"https:\/\/www.csj-emballages.com\/de\/wp-json\/wp\/v2\/product"}],"about":[{"href":"https:\/\/www.csj-emballages.com\/de\/wp-json\/wp\/v2\/types\/product"}],"wp:featuredmedia":[{"embeddable":true,"href":"https:\/\/www.csj-emballages.com\/de\/wp-json\/wp\/v2\/media\/254370"}],"wp:attachment":[{"href":"https:\/\/www.csj-emballages.com\/de\/wp-json\/wp\/v2\/media?parent=23773"}],"wp:term":[{"taxonomy":"product_brand","embeddable":true,"href":"https:\/\/www.csj-emballages.com\/de\/wp-json\/wp\/v2\/product_brand?post=23773"},{"taxonomy":"product_cat","embeddable":true,"href":"https:\/\/www.csj-emballages.com\/de\/wp-json\/wp\/v2\/product_cat?post=23773"},{"taxonomy":"product_tag","embeddable":true,"href":"https:\/\/www.csj-emballages.com\/de\/wp-json\/wp\/v2\/product_tag?post=23773"}],"curies":[{"name":"wp","href":"https:\/\/api.w.org\/{rel}","templated":true}]}}