{"id":23762,"date":"2024-03-01T16:49:05","date_gmt":"2024-03-01T15:49:05","guid":{"rendered":"https:\/\/u15jnbdpoq.preview.infomaniak.website\/produit\/1000-holzspatel-100-mm\/"},"modified":"2026-04-23T02:16:13","modified_gmt":"2026-04-23T00:16:13","slug":"1000-holzspatel-100-mm","status":"publish","type":"product","link":"https:\/\/www.csj-emballages.com\/de\/produit\/1000-holzspatel-100-mm\/","title":{"rendered":"Holzwolle 100 mm pro 1000"},"content":{"rendered":"<h2>Holz-Touillette<\/h2>\n<hr>\n<h3>Entdecken Sie unsere Holzfr\u00e4se 100 mm pro 1000 St\u00fcck<\/h3>\n<p><!--more--><\/p>\n<p data-start=\"231\" data-end=\"632\">Um einen Kaffee, eine hei\u00dfe Schokolade oder einen Tee zu begleiten, gibt es nichts Einfacheres und Praktischeres als diesen <strong data-start=\"340\" data-end=\"369\">100 mm Holzr\u00fchrer<\/strong>. Er bringt diese <g id=\"gid_1\">kleine, nat\u00fcrliche Geste<\/g> mit sich, die alles ver\u00e4ndert: sauberes Mischen, angenehmer Griff und kein Gef\u00fchl von Plastik. Sein glattes Holz bietet eine warme Note, die perfekt zu einem gepflegten Kaffeebereich oder einem Getr\u00e4nkeservice zum Mitnehmen passt.  <\/p>\n<p data-start=\"634\" data-end=\"917\">Dank seiner <strong>L\u00e4nge von 10 cm<\/strong> passt er problemlos in einen kleinen Becher, ohne jemals auf den Boden zu fallen. Er mischt Zucker, Milch oder Sirup in Sekundenschnelle. Und da er nicht hei\u00df wird, bleibt er auch bei hei\u00dfen Getr\u00e4nken immer bequem zu bedienen.  <\/p>\n<p data-start=\"919\" data-end=\"1396\">Die ber\u00fchmte <strong data-start=\"929\" data-end=\"944\">1000er-Packung<\/strong> ist ideal f\u00fcr Gewerbetreibende, die einen zuverl\u00e4ssigen Vorrat ben\u00f6tigen, ohne dass es zu Engp\u00e4ssen oder Stress kommt: Caf\u00e9s, B\u00e4ckereien, B\u00fcros, Hotels, Veranstaltungen &#8230; alle kommen hier auf ihre Kosten. Es ist das perfekte Format, um \u00fcber einen l\u00e4ngeren Zeitraum durchzuhalten, ohne die Bestellungen zu vervielfachen. Das Material besteht zu <strong>100 % aus Holz<\/strong> und ist somit eine umweltfreundliche Option f\u00fcr Unternehmen, die ihren Plastikverbrauch reduzieren m\u00f6chten, ohne dabei auf Praktikabilit\u00e4t zu verzichten.  <\/p>\n<p data-start=\"1398\" data-end=\"1605\">Kurz gesagt: Dieser <strong>Kaffeer\u00fchrer<\/strong> ist ein kleines Accessoire, ja, aber ein unverzichtbares Accessoire: einfach, hygienisch, robust und angenehm zu verwenden. Die Art von Werkzeug, das man nicht bemerkt &#8211; bis es fehlt. <\/p>\n<p data-start=\"1398\" data-end=\"1605\">\n<p><!--more--><\/p>\n<h4>Vorteile :<\/h4>\n<ul>\n<li data-start=\"1633\" data-end=\"1664\">Nat\u00fcrliches Holz, ohne Plastik.<\/li>\n<li data-start=\"1667\" data-end=\"1727\"><strong>Ideale L\u00e4nge<\/strong>: 100 mm, perfekt f\u00fcr Kaffeebecher.<\/li>\n<li data-start=\"1730\" data-end=\"1766\">Fest, glatt und angenehm in der Hand.<\/li>\n<li data-start=\"1769\" data-end=\"1801\">Sparset von <strong>1000 St\u00fcck<\/strong>.<\/li>\n<li data-start=\"1804\" data-end=\"1847\">Geeignet f\u00fcr alle Arten von Hei\u00dfgetr\u00e4nken.<\/li>\n<li data-start=\"1850\" data-end=\"1909\">Umweltfreundlichere Option zur Reduzierung von Plastikm\u00fcll.<\/li>\n<\/ul>\n<p>&nbsp;<\/p>\n<p><!--more--><\/p>\n<h4>Weitere Informationen :<\/h4>\n<ul>\n<li><strong>Verpackung<\/strong>: Packung mit 1000 St\u00fcck<\/li>\n<li><strong>Material<\/strong>: Holz<\/li>\n<li><strong>L\u00e4nge<\/strong> 100 mm<\/li>\n<\/ul>\n<p>&nbsp;<\/p>\n<p><!--more--><\/p>\n<p>Finden Sie auch unser R\u00fchrwerk aus Holz 160 mm : <span style=\"color: #d12727;\"><a style=\"color: #d12727;\" href=\"https:\/\/www.csj-emballages.com\/es\/produit\/100-agitadores-de-madera-18-cm\/\">AGITBOIS<\/a><\/span><\/p>\n<p>&nbsp;<\/p>\n<p><!--more--><\/p>\n<p><a href=\"https:\/\/www.csj-emballages.com\/de\/categorie-produit\/lebensmittelverpackungen\/restauration-de\/becher-glaser-eimer-flaschen\/zubehor-de\/\">Sehen Sie sich den Rest unseres Sortiments an Becherzubeh\u00f6r an<\/a><\/p>\n","protected":false},"excerpt":{"rendered":"<p>Holz-Touillette Entdecken Sie unsere Holzfr\u00e4se 100 mm pro 1000 St\u00fcck<\/p>\n","protected":false},"featured_media":188037,"template":"","meta":{"_acf_changed":false},"product_brand":[],"product_cat":[1469,3542],"product_tag":[],"class_list":{"0":"post-23762","1":"product","2":"type-product","3":"status-publish","4":"has-post-thumbnail","6":"product_cat-becher-glaser-eimer-flaschen","7":"product_cat-zubehor-de","9":"first","10":"instock","11":"taxable","12":"shipping-taxable","13":"purchasable","14":"product-type-simple"},"acf":[],"yoast_head":"<!-- This site is optimized with the Yoast SEO Premium plugin v26.6 (Yoast SEO v26.6) - https:\/\/yoast.com\/wordpress\/plugins\/seo\/ -->\n<title>Touillette Holz 100 mm pro 1000<\/title>\n<meta name=\"description\" content=\"Holzr\u00fchrst\u00e4bchen 100 mm, Packung zu 1000 St\u00fcck. Nat\u00fcrlich, robust und ideal f\u00fcr Kaffee, B\u00fcros und Hei\u00dfgetr\u00e4nke. Umweltfreundliche Alternative zu Plastik.\" \/>\n<meta name=\"robots\" content=\"index, follow, max-snippet:-1, max-image-preview:large, max-video-preview:-1\" \/>\n<link rel=\"canonical\" href=\"https:\/\/www.csj-emballages.com\/de\/produit\/1000-holzspatel-100-mm\/\" \/>\n<meta property=\"og:locale\" content=\"de_DE\" \/>\n<meta property=\"og:type\" content=\"article\" \/>\n<meta property=\"og:title\" content=\"Holzwolle 100 mm pro 1000\" \/>\n<meta property=\"og:description\" content=\"Holzr\u00fchrst\u00e4bchen 100 mm, Packung zu 1000 St\u00fcck. Nat\u00fcrlich, robust und ideal f\u00fcr Kaffee, B\u00fcros und Hei\u00dfgetr\u00e4nke. Umweltfreundliche Alternative zu Plastik.\" \/>\n<meta property=\"og:url\" content=\"https:\/\/www.csj-emballages.com\/de\/produit\/1000-holzspatel-100-mm\/\" \/>\n<meta property=\"og:site_name\" content=\"CSJ Emballages\" \/>\n<meta property=\"article:publisher\" content=\"https:\/\/www.facebook.com\/csjemballages\" \/>\n<meta property=\"article:modified_time\" content=\"2026-04-23T00:16:13+00:00\" \/>\n<meta property=\"og:image\" content=\"https:\/\/www.csj-emballages.com\/wp-content\/uploads\/2024\/03\/agitateurbois.webp\" \/>\n\t<meta property=\"og:image:width\" content=\"804\" \/>\n\t<meta property=\"og:image:height\" content=\"804\" \/>\n\t<meta property=\"og:image:type\" content=\"image\/webp\" \/>\n<meta name=\"twitter:card\" content=\"summary_large_image\" \/>\n<meta name=\"twitter:label1\" content=\"Gesch\u00e4tzte Lesezeit\" \/>\n\t<meta name=\"twitter:data1\" content=\"2 Minuten\" \/>\n<script type=\"application\/ld+json\" class=\"yoast-schema-graph\">{\"@context\":\"https:\/\/schema.org\",\"@graph\":[{\"@type\":\"WebPage\",\"@id\":\"https:\/\/www.csj-emballages.com\/de\/produit\/1000-holzspatel-100-mm\/\",\"url\":\"https:\/\/www.csj-emballages.com\/de\/produit\/1000-holzspatel-100-mm\/\",\"name\":\"Touillette Holz 100 mm pro 1000\",\"isPartOf\":{\"@id\":\"https:\/\/www.csj-emballages.com\/de\/#website\"},\"primaryImageOfPage\":{\"@id\":\"https:\/\/www.csj-emballages.com\/de\/produit\/1000-holzspatel-100-mm\/#primaryimage\"},\"image\":{\"@id\":\"https:\/\/www.csj-emballages.com\/de\/produit\/1000-holzspatel-100-mm\/#primaryimage\"},\"thumbnailUrl\":\"https:\/\/www.csj-emballages.com\/wp-content\/uploads\/2024\/03\/agitateurbois.webp\",\"datePublished\":\"2024-03-01T15:49:05+00:00\",\"dateModified\":\"2026-04-23T00:16:13+00:00\",\"description\":\"Holzr\u00fchrst\u00e4bchen 100 mm, Packung zu 1000 St\u00fcck. Nat\u00fcrlich, robust und ideal f\u00fcr Kaffee, B\u00fcros und Hei\u00dfgetr\u00e4nke. Umweltfreundliche Alternative zu Plastik.\",\"breadcrumb\":{\"@id\":\"https:\/\/www.csj-emballages.com\/de\/produit\/1000-holzspatel-100-mm\/#breadcrumb\"},\"inLanguage\":\"de\",\"potentialAction\":[{\"@type\":\"ReadAction\",\"target\":[\"https:\/\/www.csj-emballages.com\/de\/produit\/1000-holzspatel-100-mm\/\"]}]},{\"@type\":\"ImageObject\",\"inLanguage\":\"de\",\"@id\":\"https:\/\/www.csj-emballages.com\/de\/produit\/1000-holzspatel-100-mm\/#primaryimage\",\"url\":\"https:\/\/www.csj-emballages.com\/wp-content\/uploads\/2024\/03\/agitateurbois.webp\",\"contentUrl\":\"https:\/\/www.csj-emballages.com\/wp-content\/uploads\/2024\/03\/agitateurbois.webp\",\"width\":804,\"height\":804,\"caption\":\"Touillette bois\"},{\"@type\":\"BreadcrumbList\",\"@id\":\"https:\/\/www.csj-emballages.com\/de\/produit\/1000-holzspatel-100-mm\/#breadcrumb\",\"itemListElement\":[{\"@type\":\"ListItem\",\"position\":1,\"name\":\"Accueil\",\"item\":\"https:\/\/www.csj-emballages.com\/de\/universum-lebensmittelverpackungen\/\"},{\"@type\":\"ListItem\",\"position\":2,\"name\":\"Shop\",\"item\":\"https:\/\/www.csj-emballages.com\/shop\/\"},{\"@type\":\"ListItem\",\"position\":3,\"name\":\"Holzwolle 100 mm pro 1000\"}]},{\"@type\":\"WebSite\",\"@id\":\"https:\/\/www.csj-emballages.com\/de\/#website\",\"url\":\"https:\/\/www.csj-emballages.com\/de\/\",\"name\":\"CSJ Emballages\",\"description\":\"\",\"publisher\":{\"@id\":\"https:\/\/www.csj-emballages.com\/de\/#organization\"},\"potentialAction\":[{\"@type\":\"SearchAction\",\"target\":{\"@type\":\"EntryPoint\",\"urlTemplate\":\"https:\/\/www.csj-emballages.com\/de\/?s={search_term_string}\"},\"query-input\":{\"@type\":\"PropertyValueSpecification\",\"valueRequired\":true,\"valueName\":\"search_term_string\"}}],\"inLanguage\":\"de\"},{\"@type\":\"Organization\",\"@id\":\"https:\/\/www.csj-emballages.com\/de\/#Organization\/\",\"name\":\"CSJ Emballages\",\"url\":\"https:\/\/www.csj-emballages.com\/de\/\",\"logo\":{\"@type\":\"ImageObject\",\"inLanguage\":\"de\",\"@id\":\"https:\/\/www.csj-emballages.com\/de\/#\/schema\/logo\/image\/\",\"url\":\"https:\/\/www.csj-emballages.com\/wp-content\/uploads\/2023\/10\/logo_csj.webp\",\"contentUrl\":\"https:\/\/www.csj-emballages.com\/wp-content\/uploads\/2023\/10\/logo_csj.webp\",\"width\":250,\"height\":95,\"caption\":\"CSJ Emballages\"},\"image\":{\"@id\":\"https:\/\/www.csj-emballages.com\/de\/#\/schema\/logo\/image\/\"},\"sameAs\":[\"https:\/\/www.facebook.com\/csjemballages\"],\"address\":{\"@type\":\"PostalAddress\",\"streetAddress\":\"ZI La Lechere\",\"addressLocality\":\"Patornay\",\"postalCode\":\"39130\",\"addressCountry\":\"FR\"},\"contactPoint\":[{\"@type\":\"ContactPoint\",\"contactType\":\"Service client\",\"telephone\":\"0384254272\",\"email\":\"contact@csj-emballages.com\"}]}]}<\/script>\n<!-- \/ Yoast SEO Premium plugin. -->","yoast_head_json":{"title":"Touillette Holz 100 mm pro 1000","description":"Holzr\u00fchrst\u00e4bchen 100 mm, Packung zu 1000 St\u00fcck. Nat\u00fcrlich, robust und ideal f\u00fcr Kaffee, B\u00fcros und Hei\u00dfgetr\u00e4nke. Umweltfreundliche Alternative zu Plastik.","robots":{"index":"index","follow":"follow","max-snippet":"max-snippet:-1","max-image-preview":"max-image-preview:large","max-video-preview":"max-video-preview:-1"},"canonical":"https:\/\/www.csj-emballages.com\/de\/produit\/1000-holzspatel-100-mm\/","og_locale":"de_DE","og_type":"article","og_title":"Holzwolle 100 mm pro 1000","og_description":"Holzr\u00fchrst\u00e4bchen 100 mm, Packung zu 1000 St\u00fcck. Nat\u00fcrlich, robust und ideal f\u00fcr Kaffee, B\u00fcros und Hei\u00dfgetr\u00e4nke. Umweltfreundliche Alternative zu Plastik.","og_url":"https:\/\/www.csj-emballages.com\/de\/produit\/1000-holzspatel-100-mm\/","og_site_name":"CSJ Emballages","article_publisher":"https:\/\/www.facebook.com\/csjemballages","article_modified_time":"2026-04-23T00:16:13+00:00","og_image":[{"width":804,"height":804,"url":"https:\/\/www.csj-emballages.com\/wp-content\/uploads\/2024\/03\/agitateurbois.webp","type":"image\/webp"}],"twitter_card":"summary_large_image","twitter_misc":{"Gesch\u00e4tzte Lesezeit":"2 Minuten"},"schema":{"@context":"https:\/\/schema.org","@graph":[{"@type":"WebPage","@id":"https:\/\/www.csj-emballages.com\/de\/produit\/1000-holzspatel-100-mm\/","url":"https:\/\/www.csj-emballages.com\/de\/produit\/1000-holzspatel-100-mm\/","name":"Touillette Holz 100 mm pro 1000","isPartOf":{"@id":"https:\/\/www.csj-emballages.com\/de\/#website"},"primaryImageOfPage":{"@id":"https:\/\/www.csj-emballages.com\/de\/produit\/1000-holzspatel-100-mm\/#primaryimage"},"image":{"@id":"https:\/\/www.csj-emballages.com\/de\/produit\/1000-holzspatel-100-mm\/#primaryimage"},"thumbnailUrl":"https:\/\/www.csj-emballages.com\/wp-content\/uploads\/2024\/03\/agitateurbois.webp","datePublished":"2024-03-01T15:49:05+00:00","dateModified":"2026-04-23T00:16:13+00:00","description":"Holzr\u00fchrst\u00e4bchen 100 mm, Packung zu 1000 St\u00fcck. Nat\u00fcrlich, robust und ideal f\u00fcr Kaffee, B\u00fcros und Hei\u00dfgetr\u00e4nke. Umweltfreundliche Alternative zu Plastik.","breadcrumb":{"@id":"https:\/\/www.csj-emballages.com\/de\/produit\/1000-holzspatel-100-mm\/#breadcrumb"},"inLanguage":"de","potentialAction":[{"@type":"ReadAction","target":["https:\/\/www.csj-emballages.com\/de\/produit\/1000-holzspatel-100-mm\/"]}]},{"@type":"ImageObject","inLanguage":"de","@id":"https:\/\/www.csj-emballages.com\/de\/produit\/1000-holzspatel-100-mm\/#primaryimage","url":"https:\/\/www.csj-emballages.com\/wp-content\/uploads\/2024\/03\/agitateurbois.webp","contentUrl":"https:\/\/www.csj-emballages.com\/wp-content\/uploads\/2024\/03\/agitateurbois.webp","width":804,"height":804,"caption":"Touillette bois"},{"@type":"BreadcrumbList","@id":"https:\/\/www.csj-emballages.com\/de\/produit\/1000-holzspatel-100-mm\/#breadcrumb","itemListElement":[{"@type":"ListItem","position":1,"name":"Accueil","item":"https:\/\/www.csj-emballages.com\/de\/universum-lebensmittelverpackungen\/"},{"@type":"ListItem","position":2,"name":"Shop","item":"https:\/\/www.csj-emballages.com\/shop\/"},{"@type":"ListItem","position":3,"name":"Holzwolle 100 mm pro 1000"}]},{"@type":"WebSite","@id":"https:\/\/www.csj-emballages.com\/de\/#website","url":"https:\/\/www.csj-emballages.com\/de\/","name":"CSJ Emballages","description":"","publisher":{"@id":"https:\/\/www.csj-emballages.com\/de\/#organization"},"potentialAction":[{"@type":"SearchAction","target":{"@type":"EntryPoint","urlTemplate":"https:\/\/www.csj-emballages.com\/de\/?s={search_term_string}"},"query-input":{"@type":"PropertyValueSpecification","valueRequired":true,"valueName":"search_term_string"}}],"inLanguage":"de"},{"@type":"Organization","@id":"https:\/\/www.csj-emballages.com\/de\/#Organization\/","name":"CSJ Emballages","url":"https:\/\/www.csj-emballages.com\/de\/","logo":{"@type":"ImageObject","inLanguage":"de","@id":"https:\/\/www.csj-emballages.com\/de\/#\/schema\/logo\/image\/","url":"https:\/\/www.csj-emballages.com\/wp-content\/uploads\/2023\/10\/logo_csj.webp","contentUrl":"https:\/\/www.csj-emballages.com\/wp-content\/uploads\/2023\/10\/logo_csj.webp","width":250,"height":95,"caption":"CSJ Emballages"},"image":{"@id":"https:\/\/www.csj-emballages.com\/de\/#\/schema\/logo\/image\/"},"sameAs":["https:\/\/www.facebook.com\/csjemballages"],"address":{"@type":"PostalAddress","streetAddress":"ZI La Lechere","addressLocality":"Patornay","postalCode":"39130","addressCountry":"FR"},"contactPoint":[{"@type":"ContactPoint","contactType":"Service client","telephone":"0384254272","email":"contact@csj-emballages.com"}]}]}},"df_price":1.85,"df_sale_price":"","df_regular_price":1.85,"df_image_link":"https:\/\/www.csj-emballages.com\/wp-content\/uploads\/2024\/03\/agitateurbois-300x300.webp","tiered_pricing_type":"fixed","tiered_pricing_fixed_rules":[],"tiered_pricing_percentage_rules":[],"tiered_pricing_minimum":1,"tiered_pricing_roles_data":[],"_links":{"self":[{"href":"https:\/\/www.csj-emballages.com\/de\/wp-json\/wp\/v2\/product\/23762","targetHints":{"allow":["GET"]}}],"collection":[{"href":"https:\/\/www.csj-emballages.com\/de\/wp-json\/wp\/v2\/product"}],"about":[{"href":"https:\/\/www.csj-emballages.com\/de\/wp-json\/wp\/v2\/types\/product"}],"wp:featuredmedia":[{"embeddable":true,"href":"https:\/\/www.csj-emballages.com\/de\/wp-json\/wp\/v2\/media\/188037"}],"wp:attachment":[{"href":"https:\/\/www.csj-emballages.com\/de\/wp-json\/wp\/v2\/media?parent=23762"}],"wp:term":[{"taxonomy":"product_brand","embeddable":true,"href":"https:\/\/www.csj-emballages.com\/de\/wp-json\/wp\/v2\/product_brand?post=23762"},{"taxonomy":"product_cat","embeddable":true,"href":"https:\/\/www.csj-emballages.com\/de\/wp-json\/wp\/v2\/product_cat?post=23762"},{"taxonomy":"product_tag","embeddable":true,"href":"https:\/\/www.csj-emballages.com\/de\/wp-json\/wp\/v2\/product_tag?post=23762"}],"curies":[{"name":"wp","href":"https:\/\/api.w.org\/{rel}","templated":true}]}}