{"id":23751,"date":"2024-03-01T16:49:06","date_gmt":"2024-03-01T15:49:06","guid":{"rendered":"https:\/\/u15jnbdpoq.preview.infomaniak.website\/produit\/250-spitzbeutel-250g\/"},"modified":"2026-05-01T02:14:55","modified_gmt":"2026-05-01T00:14:55","slug":"250-spitzbeutel-250g","status":"publish","type":"product","link":"https:\/\/www.csj-emballages.com\/de\/produit\/250-spitzbeutel-250g\/","title":{"rendered":"Pommes-Spitzt\u00fcte f\u00fcr 250 g, 250 St\u00fcck"},"content":{"rendered":"<h2>Pommes-T\u00fcte<\/h2>\n<hr>\n<h3>Entdecken Sie unsere Pommes-Spitzt\u00fcte f\u00fcr 250 g, 250 St\u00fcck<\/h3>\n<p><!--more--><\/p>\n<p data-start=\"254\" data-end=\"603\">Einfach, effizient und stets beliebt: Diese <strong data-start=\"296\" data-end=\"329\">Pommes-Spitzt\u00fcte 250 g<\/strong> ist ein gro\u00dfer Klassiker im Fast Food&#8230; und das aus gutem Grund. Sein konisches Format erm\u00f6glicht es, eine gro\u00dfz\u00fcgige Portion Pommes zu servieren, w\u00e4hrend es gleichzeitig leicht in der Hand zu halten ist. Ergebnis: Ihre Kunden essen bequem, ohne etwas zu versch\u00fctten, selbst beim Gehen.<\/p>\n<p data-start=\"605\" data-end=\"956\">Sein <strong>Zeitungsdruck<\/strong>-Design verleiht eine originelle und trendige Note. Es durchbricht die zu neutrale Optik klassischer Verpackungen und verleiht Ihrem Angebot sofort einen Streetfood-Stil. Dieser <strong>Zeitungsdruck-Look<\/strong> zieht die Blicke auf sich, wertet Ihre Pommes auf und st\u00e4rkt das sympathische Image Ihres Betriebs, sei es ein Imbiss, Food-Truck, eine Frittenbude oder ein Event-Stand.  <\/p>\n<p data-start=\"958\" data-end=\"1249\">Dank seines <strong>widerstandsf\u00e4higen Papiers<\/strong> absorbiert die T\u00fcte \u00fcbersch\u00fcssiges Fett, ohne aufzuweichen. Die Pommes bleiben so angenehmer im Geschmack und behalten ihre Konsistenz. Das Bef\u00fcllen geht schnell, sodass Sie Bestellungen ohne Zeitverlust abwickeln k\u00f6nnen, besonders in Sto\u00dfzeiten.  <\/p>\n<p data-start=\"1251\" data-end=\"1529\">Verkauft <strong data-start=\"1257\" data-end=\"1275\">im 250er-Pack<\/strong>, ist diese T\u00fcte perfekt f\u00fcr gro\u00dfe Mengen geeignet. Sie sichern Ihren Lagerbestand und gewinnen t\u00e4glich an Gelassenheit. Ob f\u00fcr den Au\u00dfer-Haus-Verkauf, eine Mittagspause oder ein festliches Ereignis \u2013 es l\u00e4sst sich leicht in Ihre Organisation integrieren.<\/p>\n<p data-start=\"1531\" data-end=\"1699\">Zusammenfassend ist diese <strong>Pommes-Spitzt\u00fcte<\/strong> praktisch und effizient. Sie wertet ein einfaches, aber unverzichtbares Produkt auf und erleichtert gleichzeitig Ihren Service. <\/p>\n<p data-start=\"1531\" data-end=\"1699\">\n<p data-start=\"1531\" data-end=\"1699\"><!--more--><\/p>\n<h4 data-start=\"1531\" data-end=\"1699\">Vorteile :<\/h4>\n<ul>\n<li data-start=\"1728\" data-end=\"1770\">Ideales Spitzformat f\u00fcr <strong>250 g<\/strong> <strong>Pommes.<\/strong><\/li>\n<li data-start=\"1773\" data-end=\"1816\"><strong>Zeitungsdruck-Design<\/strong>, modern und ansprechend.<\/li>\n<li data-start=\"1819\" data-end=\"1845\">Gute Fettabsorption.<\/li>\n<li data-start=\"1848\" data-end=\"1885\">Einfache Handhabung f\u00fcr den Kunden.<\/li>\n<li data-start=\"1888\" data-end=\"1918\">Sparpack mit <strong>250 St\u00fcck<\/strong>.<\/li>\n<\/ul>\n<p>&nbsp;<\/p>\n<p><!--more--><\/p>\n<h4><strong>Weitere Informationen :<\/strong><\/h4>\n<ul>\n<li><strong>Verpackung<\/strong>: Packung mit 250<\/li>\n<li><strong>Abmessungen des Beutels<\/strong>: 29,5 x 21 cm<\/li>\n<li><strong>Material<\/strong>: Fettdichtes Papier<\/li>\n<li><strong>Farbe<\/strong>: Zeitungsdruck<\/li>\n<\/ul>\n<p>&nbsp;<\/p>\n<p><!--more--><\/p>\n<p><a href=\"https:\/\/www.csj-emballages.com\/de\/categorie-produit\/lebensmittelverpackungen\/restauration-de\/sacke-und-papier\/raues-papier\/\">Sehen Sie sich unser weiteres Angebot an fettdichtem Papier an.<\/a><\/p>\n","protected":false},"excerpt":{"rendered":"<p>Pommes-T\u00fcte Entdecken Sie unsere Pommes-Spitzt\u00fcte f\u00fcr 250 g, 250 St\u00fcck<\/p>\n","protected":false},"featured_media":259262,"template":"","meta":{"_acf_changed":false},"product_brand":[],"product_cat":[1137,1134,3974,2393,1475,3041,3434],"product_tag":[],"class_list":{"0":"post-23751","1":"product","2":"type-product","3":"status-publish","4":"has-post-thumbnail","6":"product_cat-lebensmittelverpackungen","7":"product_cat-restauration-de","8":"product_cat-dosen-schalen-beutel-konen","9":"product_cat-kegel-und-topfe-fur-pasta-wraps-corn","10":"product_cat-frittierkegel","11":"product_cat-raues-papier","12":"product_cat-tuten-mit-pommes-frites","14":"first","15":"instock","16":"taxable","17":"shipping-taxable","18":"purchasable","19":"product-type-simple"},"acf":[],"yoast_head":"<!-- This site is optimized with the Yoast SEO Premium plugin v26.6 (Yoast SEO v26.6) - https:\/\/yoast.com\/wordpress\/plugins\/seo\/ -->\n<title>Pommes-Spitzt\u00fcte aus fettdichtem Papier \u2013 250 g<\/title>\n<meta name=\"description\" content=\"Entdecken Sie unsere Pommes-Spitzt\u00fcte aus fettdichtem Papier. Praktisch und umweltfreundlich ist diese Spitzt\u00fcte ideal f\u00fcr die Schnellgastronomie.\" \/>\n<meta name=\"robots\" content=\"index, follow, max-snippet:-1, max-image-preview:large, max-video-preview:-1\" \/>\n<link rel=\"canonical\" href=\"https:\/\/www.csj-emballages.com\/de\/produit\/250-spitzbeutel-250g\/\" \/>\n<meta property=\"og:locale\" content=\"de_DE\" \/>\n<meta property=\"og:type\" content=\"article\" \/>\n<meta property=\"og:title\" content=\"Pommes-Spitzt\u00fcte f\u00fcr 250 g, 250 St\u00fcck\" \/>\n<meta property=\"og:description\" content=\"Entdecken Sie unsere Pommes-Spitzt\u00fcte aus fettdichtem Papier. Praktisch und umweltfreundlich ist diese Spitzt\u00fcte ideal f\u00fcr die Schnellgastronomie.\" \/>\n<meta property=\"og:url\" content=\"https:\/\/www.csj-emballages.com\/de\/produit\/250-spitzbeutel-250g\/\" \/>\n<meta property=\"og:site_name\" content=\"CSJ Emballages\" \/>\n<meta property=\"article:publisher\" content=\"https:\/\/www.facebook.com\/csjemballages\" \/>\n<meta property=\"article:modified_time\" content=\"2026-05-01T00:14:55+00:00\" \/>\n<meta property=\"og:image\" content=\"https:\/\/www.csj-emballages.com\/wp-content\/uploads\/2024\/03\/SP250.webp\" \/>\n\t<meta property=\"og:image:width\" content=\"800\" \/>\n\t<meta property=\"og:image:height\" content=\"800\" \/>\n\t<meta property=\"og:image:type\" content=\"image\/webp\" \/>\n<meta name=\"twitter:card\" content=\"summary_large_image\" \/>\n<meta name=\"twitter:label1\" content=\"Gesch\u00e4tzte Lesezeit\" \/>\n\t<meta name=\"twitter:data1\" content=\"1\u00a0Minute\" \/>\n<script type=\"application\/ld+json\" class=\"yoast-schema-graph\">{\"@context\":\"https:\/\/schema.org\",\"@graph\":[{\"@type\":\"WebPage\",\"@id\":\"https:\/\/www.csj-emballages.com\/de\/produit\/250-spitzbeutel-250g\/\",\"url\":\"https:\/\/www.csj-emballages.com\/de\/produit\/250-spitzbeutel-250g\/\",\"name\":\"Pommes-Spitzt\u00fcte aus fettdichtem Papier \u2013 250 g\",\"isPartOf\":{\"@id\":\"https:\/\/www.csj-emballages.com\/de\/#website\"},\"primaryImageOfPage\":{\"@id\":\"https:\/\/www.csj-emballages.com\/de\/produit\/250-spitzbeutel-250g\/#primaryimage\"},\"image\":{\"@id\":\"https:\/\/www.csj-emballages.com\/de\/produit\/250-spitzbeutel-250g\/#primaryimage\"},\"thumbnailUrl\":\"https:\/\/www.csj-emballages.com\/wp-content\/uploads\/2024\/03\/SP250.webp\",\"datePublished\":\"2024-03-01T15:49:06+00:00\",\"dateModified\":\"2026-05-01T00:14:55+00:00\",\"description\":\"Entdecken Sie unsere Pommes-Spitzt\u00fcte aus fettdichtem Papier. Praktisch und umweltfreundlich ist diese Spitzt\u00fcte ideal f\u00fcr die Schnellgastronomie.\",\"breadcrumb\":{\"@id\":\"https:\/\/www.csj-emballages.com\/de\/produit\/250-spitzbeutel-250g\/#breadcrumb\"},\"inLanguage\":\"de\",\"potentialAction\":[{\"@type\":\"ReadAction\",\"target\":[\"https:\/\/www.csj-emballages.com\/de\/produit\/250-spitzbeutel-250g\/\"]}]},{\"@type\":\"ImageObject\",\"inLanguage\":\"de\",\"@id\":\"https:\/\/www.csj-emballages.com\/de\/produit\/250-spitzbeutel-250g\/#primaryimage\",\"url\":\"https:\/\/www.csj-emballages.com\/wp-content\/uploads\/2024\/03\/SP250.webp\",\"contentUrl\":\"https:\/\/www.csj-emballages.com\/wp-content\/uploads\/2024\/03\/SP250.webp\",\"width\":800,\"height\":800,\"caption\":\"Sachet frites en pointe\"},{\"@type\":\"BreadcrumbList\",\"@id\":\"https:\/\/www.csj-emballages.com\/de\/produit\/250-spitzbeutel-250g\/#breadcrumb\",\"itemListElement\":[{\"@type\":\"ListItem\",\"position\":1,\"name\":\"Accueil\",\"item\":\"https:\/\/www.csj-emballages.com\/de\/universum-lebensmittelverpackungen\/\"},{\"@type\":\"ListItem\",\"position\":2,\"name\":\"Shop\",\"item\":\"https:\/\/www.csj-emballages.com\/shop\/\"},{\"@type\":\"ListItem\",\"position\":3,\"name\":\"Pommes-Spitzt\u00fcte f\u00fcr 250 g, 250 St\u00fcck\"}]},{\"@type\":\"WebSite\",\"@id\":\"https:\/\/www.csj-emballages.com\/de\/#website\",\"url\":\"https:\/\/www.csj-emballages.com\/de\/\",\"name\":\"CSJ Emballages\",\"description\":\"\",\"publisher\":{\"@id\":\"https:\/\/www.csj-emballages.com\/de\/#organization\"},\"potentialAction\":[{\"@type\":\"SearchAction\",\"target\":{\"@type\":\"EntryPoint\",\"urlTemplate\":\"https:\/\/www.csj-emballages.com\/de\/?s={search_term_string}\"},\"query-input\":{\"@type\":\"PropertyValueSpecification\",\"valueRequired\":true,\"valueName\":\"search_term_string\"}}],\"inLanguage\":\"de\"},{\"@type\":\"Organization\",\"@id\":\"https:\/\/www.csj-emballages.com\/de\/#Organization\/\",\"name\":\"CSJ Emballages\",\"url\":\"https:\/\/www.csj-emballages.com\/de\/\",\"logo\":{\"@type\":\"ImageObject\",\"inLanguage\":\"de\",\"@id\":\"https:\/\/www.csj-emballages.com\/de\/#\/schema\/logo\/image\/\",\"url\":\"https:\/\/www.csj-emballages.com\/wp-content\/uploads\/2023\/10\/logo_csj.webp\",\"contentUrl\":\"https:\/\/www.csj-emballages.com\/wp-content\/uploads\/2023\/10\/logo_csj.webp\",\"width\":250,\"height\":95,\"caption\":\"CSJ Emballages\"},\"image\":{\"@id\":\"https:\/\/www.csj-emballages.com\/de\/#\/schema\/logo\/image\/\"},\"sameAs\":[\"https:\/\/www.facebook.com\/csjemballages\"],\"address\":{\"@type\":\"PostalAddress\",\"streetAddress\":\"ZI La Lechere\",\"addressLocality\":\"Patornay\",\"postalCode\":\"39130\",\"addressCountry\":\"FR\"},\"contactPoint\":[{\"@type\":\"ContactPoint\",\"contactType\":\"Service client\",\"telephone\":\"0384254272\",\"email\":\"contact@csj-emballages.com\"}]}]}<\/script>\n<!-- \/ Yoast SEO Premium plugin. -->","yoast_head_json":{"title":"Pommes-Spitzt\u00fcte aus fettdichtem Papier \u2013 250 g","description":"Entdecken Sie unsere Pommes-Spitzt\u00fcte aus fettdichtem Papier. Praktisch und umweltfreundlich ist diese Spitzt\u00fcte ideal f\u00fcr die Schnellgastronomie.","robots":{"index":"index","follow":"follow","max-snippet":"max-snippet:-1","max-image-preview":"max-image-preview:large","max-video-preview":"max-video-preview:-1"},"canonical":"https:\/\/www.csj-emballages.com\/de\/produit\/250-spitzbeutel-250g\/","og_locale":"de_DE","og_type":"article","og_title":"Pommes-Spitzt\u00fcte f\u00fcr 250 g, 250 St\u00fcck","og_description":"Entdecken Sie unsere Pommes-Spitzt\u00fcte aus fettdichtem Papier. Praktisch und umweltfreundlich ist diese Spitzt\u00fcte ideal f\u00fcr die Schnellgastronomie.","og_url":"https:\/\/www.csj-emballages.com\/de\/produit\/250-spitzbeutel-250g\/","og_site_name":"CSJ Emballages","article_publisher":"https:\/\/www.facebook.com\/csjemballages","article_modified_time":"2026-05-01T00:14:55+00:00","og_image":[{"width":800,"height":800,"url":"https:\/\/www.csj-emballages.com\/wp-content\/uploads\/2024\/03\/SP250.webp","type":"image\/webp"}],"twitter_card":"summary_large_image","twitter_misc":{"Gesch\u00e4tzte Lesezeit":"1\u00a0Minute"},"schema":{"@context":"https:\/\/schema.org","@graph":[{"@type":"WebPage","@id":"https:\/\/www.csj-emballages.com\/de\/produit\/250-spitzbeutel-250g\/","url":"https:\/\/www.csj-emballages.com\/de\/produit\/250-spitzbeutel-250g\/","name":"Pommes-Spitzt\u00fcte aus fettdichtem Papier \u2013 250 g","isPartOf":{"@id":"https:\/\/www.csj-emballages.com\/de\/#website"},"primaryImageOfPage":{"@id":"https:\/\/www.csj-emballages.com\/de\/produit\/250-spitzbeutel-250g\/#primaryimage"},"image":{"@id":"https:\/\/www.csj-emballages.com\/de\/produit\/250-spitzbeutel-250g\/#primaryimage"},"thumbnailUrl":"https:\/\/www.csj-emballages.com\/wp-content\/uploads\/2024\/03\/SP250.webp","datePublished":"2024-03-01T15:49:06+00:00","dateModified":"2026-05-01T00:14:55+00:00","description":"Entdecken Sie unsere Pommes-Spitzt\u00fcte aus fettdichtem Papier. Praktisch und umweltfreundlich ist diese Spitzt\u00fcte ideal f\u00fcr die Schnellgastronomie.","breadcrumb":{"@id":"https:\/\/www.csj-emballages.com\/de\/produit\/250-spitzbeutel-250g\/#breadcrumb"},"inLanguage":"de","potentialAction":[{"@type":"ReadAction","target":["https:\/\/www.csj-emballages.com\/de\/produit\/250-spitzbeutel-250g\/"]}]},{"@type":"ImageObject","inLanguage":"de","@id":"https:\/\/www.csj-emballages.com\/de\/produit\/250-spitzbeutel-250g\/#primaryimage","url":"https:\/\/www.csj-emballages.com\/wp-content\/uploads\/2024\/03\/SP250.webp","contentUrl":"https:\/\/www.csj-emballages.com\/wp-content\/uploads\/2024\/03\/SP250.webp","width":800,"height":800,"caption":"Sachet frites en pointe"},{"@type":"BreadcrumbList","@id":"https:\/\/www.csj-emballages.com\/de\/produit\/250-spitzbeutel-250g\/#breadcrumb","itemListElement":[{"@type":"ListItem","position":1,"name":"Accueil","item":"https:\/\/www.csj-emballages.com\/de\/universum-lebensmittelverpackungen\/"},{"@type":"ListItem","position":2,"name":"Shop","item":"https:\/\/www.csj-emballages.com\/shop\/"},{"@type":"ListItem","position":3,"name":"Pommes-Spitzt\u00fcte f\u00fcr 250 g, 250 St\u00fcck"}]},{"@type":"WebSite","@id":"https:\/\/www.csj-emballages.com\/de\/#website","url":"https:\/\/www.csj-emballages.com\/de\/","name":"CSJ Emballages","description":"","publisher":{"@id":"https:\/\/www.csj-emballages.com\/de\/#organization"},"potentialAction":[{"@type":"SearchAction","target":{"@type":"EntryPoint","urlTemplate":"https:\/\/www.csj-emballages.com\/de\/?s={search_term_string}"},"query-input":{"@type":"PropertyValueSpecification","valueRequired":true,"valueName":"search_term_string"}}],"inLanguage":"de"},{"@type":"Organization","@id":"https:\/\/www.csj-emballages.com\/de\/#Organization\/","name":"CSJ Emballages","url":"https:\/\/www.csj-emballages.com\/de\/","logo":{"@type":"ImageObject","inLanguage":"de","@id":"https:\/\/www.csj-emballages.com\/de\/#\/schema\/logo\/image\/","url":"https:\/\/www.csj-emballages.com\/wp-content\/uploads\/2023\/10\/logo_csj.webp","contentUrl":"https:\/\/www.csj-emballages.com\/wp-content\/uploads\/2023\/10\/logo_csj.webp","width":250,"height":95,"caption":"CSJ Emballages"},"image":{"@id":"https:\/\/www.csj-emballages.com\/de\/#\/schema\/logo\/image\/"},"sameAs":["https:\/\/www.facebook.com\/csjemballages"],"address":{"@type":"PostalAddress","streetAddress":"ZI La Lechere","addressLocality":"Patornay","postalCode":"39130","addressCountry":"FR"},"contactPoint":[{"@type":"ContactPoint","contactType":"Service client","telephone":"0384254272","email":"contact@csj-emballages.com"}]}]}},"df_price":10.74,"df_sale_price":"","df_regular_price":10.74,"df_image_link":"https:\/\/www.csj-emballages.com\/wp-content\/uploads\/2024\/03\/SP250-300x300.webp","tiered_pricing_type":"fixed","tiered_pricing_fixed_rules":[],"tiered_pricing_percentage_rules":[],"tiered_pricing_minimum":1,"tiered_pricing_roles_data":[],"_links":{"self":[{"href":"https:\/\/www.csj-emballages.com\/de\/wp-json\/wp\/v2\/product\/23751","targetHints":{"allow":["GET"]}}],"collection":[{"href":"https:\/\/www.csj-emballages.com\/de\/wp-json\/wp\/v2\/product"}],"about":[{"href":"https:\/\/www.csj-emballages.com\/de\/wp-json\/wp\/v2\/types\/product"}],"wp:featuredmedia":[{"embeddable":true,"href":"https:\/\/www.csj-emballages.com\/de\/wp-json\/wp\/v2\/media\/259262"}],"wp:attachment":[{"href":"https:\/\/www.csj-emballages.com\/de\/wp-json\/wp\/v2\/media?parent=23751"}],"wp:term":[{"taxonomy":"product_brand","embeddable":true,"href":"https:\/\/www.csj-emballages.com\/de\/wp-json\/wp\/v2\/product_brand?post=23751"},{"taxonomy":"product_cat","embeddable":true,"href":"https:\/\/www.csj-emballages.com\/de\/wp-json\/wp\/v2\/product_cat?post=23751"},{"taxonomy":"product_tag","embeddable":true,"href":"https:\/\/www.csj-emballages.com\/de\/wp-json\/wp\/v2\/product_tag?post=23751"}],"curies":[{"name":"wp","href":"https:\/\/api.w.org\/{rel}","templated":true}]}}