{"id":23735,"date":"2024-03-01T16:49:07","date_gmt":"2024-03-01T15:49:07","guid":{"rendered":"https:\/\/u15jnbdpoq.preview.infomaniak.website\/produit\/10-muellsaecke-130-liter-schwarz-75-%c2%b5\/"},"modified":"2026-05-05T02:19:41","modified_gmt":"2026-05-05T00:19:41","slug":"10-muellsaecke-130-liter-schwarz-75-%c2%b5","status":"publish","type":"product","link":"https:\/\/www.csj-emballages.com\/de\/produit\/10-muellsaecke-130-liter-schwarz-75-%c2%b5\/","title":{"rendered":"M\u00fcllsack 130 Liter, schwarz, 75 \u00b5, 10 St\u00fcck"},"content":{"rendered":"<h2>M\u00fcllsack<\/h2>\n<hr>\n<h3>Entdecken Sie unseren M\u00fcllsack 130 Liter, schwarz, 75 \u00b5, im 10er-Pack.<\/h3>\n<p><!--more--><\/p>\n<p data-start=\"191\" data-end=\"521\">Wenn Sie <strong>gro\u00dfe Abfallmengen<\/strong> ohne Rei\u00dfgefahr entsorgen m\u00fcssen, ist dieser <strong data-start=\"267\" data-end=\"302\">schwarze 130-Liter-M\u00fcllsack<\/strong> ein absolut zuverl\u00e4ssiger Partner. Sein gro\u00dfes Format erm\u00f6glicht das einfache Sammeln von sperrigen Abf\u00e4llen, w\u00e4hrend seine <strong>Dicke<\/strong> von <strong>75 Mikron<\/strong> eine bemerkenswerte Widerstandsf\u00e4higkeit gew\u00e4hrleistet, selbst wenn der Sack gut gef\u00fcllt ist. <\/p>\n<p data-start=\"523\" data-end=\"839\">Dieser <strong>Sack<\/strong> ist besonders geeignet f\u00fcr professionelle Umgebungen mit hoher Frequenz: <strong>Gastronomie, \u00f6ffentliche Einrichtungen, Lagerhallen, Werkst\u00e4tten oder Veranstaltungen<\/strong>. Er h\u00e4lt dem Gewicht stand, ohne zu rei\u00dfen, und bleibt bei der Handhabung stabil, was unangenehme \u00dcberraschungen beim Entnehmen aus dem Beh\u00e4lter vermeidet. <\/p>\n<p data-start=\"841\" data-end=\"1084\">Seine <strong data-start=\"844\" data-end=\"861\">schwarze Farbe<\/strong> garantiert absolute Diskretion, ideal, um den Inhalt zu verbergen und einen optisch sauberen Bereich zu bewahren. Zudem erleichtert sein flexibles Material das Einsetzen in Beh\u00e4lter und erm\u00f6glicht einen einfachen, schnellen und effizienten Verschluss. <\/p>\n<p data-start=\"1086\" data-end=\"1419\">Erh\u00e4ltlich <strong data-start=\"1092\" data-end=\"1109\">im 10er-Pack<\/strong>, bietet dieser <strong>M\u00fcllsack<\/strong> eine gute Balance zwischen Speicherkapazit\u00e4t und Praktikabilit\u00e4t. Sie erhalten eine ausreichende Menge f\u00fcr den regelm\u00e4\u00dfigen Gebrauch, ohne Ihr Lager zu \u00fcberf\u00fcllen. Er l\u00e4sst sich leicht in den t\u00e4glichen Ablauf integrieren und erf\u00fcllt die Anforderungen von Profis sowie anspruchsvollen Privatanwendern.  <\/p>\n<p data-start=\"1421\" data-end=\"1628\">Zusammenfassend kombiniert dieser <strong>130-Liter-M\u00fcllsack<\/strong> Robustheit, gro\u00dfes Volumen und Benutzerfreundlichkeit. Er ist f\u00fcr diejenigen konzipiert, die ein solides, effizientes und kompromissloses Produkt f\u00fcr die Abfallentsorgung w\u00fcnschen. <\/p>\n<p data-start=\"1421\" data-end=\"1628\"><!--more--><\/p>\n<h4 data-start=\"1421\" data-end=\"1628\">Vorteile :<\/h4>\n<ul>\n<li data-start=\"1656\" data-end=\"1688\">Gro\u00dfes Fassungsverm\u00f6gen von <strong>130 Litern<\/strong>.<\/li>\n<li data-start=\"1691\" data-end=\"1736\"><strong>Dicke 75 Mikron<\/strong> f\u00fcr mehr Stabilit\u00e4t.<\/li>\n<li data-start=\"1739\" data-end=\"1782\">Widerstandsf\u00e4hig gegen schwere und sperrige Abf\u00e4lle.<\/li>\n<li data-start=\"1785\" data-end=\"1820\">Diskret dank seiner schwarzen Farbe.<\/li>\n<li data-start=\"1823\" data-end=\"1859\">Leicht zu handhaben und zu installieren.<\/li>\n<li data-start=\"1862\" data-end=\"1886\">Praktisches <strong>10er-Pack<\/strong>.<\/li>\n<\/ul>\n<p>&nbsp;<\/p>\n<p><!--more--><\/p>\n<h4>Weitere Informationen :<\/h4>\n<ul style=\"font-family: Roboto, sans-serif;\">\n<li><strong>Verpackung<\/strong>: 10er-Rolle<\/li>\n<li><strong>Abmessungen<\/strong>: 800 mm x 1150 mm<\/li>\n<li><span style=\"font-weight: bold;\">Volumen: <\/span>130 Liter<\/li>\n<li><strong>Dicke<\/strong>: 75 \u00b5<\/li>\n<li><strong>Farbe<\/strong>: Schwarz<\/li>\n<li><strong>Material<\/strong>: PE HD<\/li>\n<\/ul>\n<p>&nbsp;<\/p>\n<p><!--more--><\/p>\n<p>Dieser 130-Liter-M\u00fcllsack ist in verschiedenen Gr\u00f6\u00dfen erh\u00e4ltlich: <span style=\"color: #d12727;\"><a style=\"color: #d12727;\" href=\"https:\/\/www.csj-emballages.com\/produit\/25-sacs-poubelles-130-litres-noirs-40-%c2%b5\/\">130 Liter (40 \u00b5)<\/a><\/span> \/ <span style=\"color: #d12727;\"><a style=\"color: #d12727;\" href=\"https:\/\/www.csj-emballages.com\/es\/produit\/10-bolsas-de-basura-negras-de-150-litros-y-50-%c2%b5\/\">150 Liter<\/a><\/span> \/ <span style=\"color: #d12727;\"><a style=\"color: #d12727;\" href=\"https:\/\/www.csj-emballages.com\/es\/produit\/10-bolsas-de-basura-transparentes-de-160-litros-y-50-%c2%b5\/\">160 Liter (50 \u00b5)<\/a><\/span> \/ <span style=\"color: #d12727;\"><a style=\"color: #d12727;\" href=\"https:\/\/www.csj-emballages.com\/es\/produit\/10-bolsas-de-basura-negras-de-55-%c2%b5-y-160-litros\/\">160 Liter (55 \u00b5)<\/a> <\/span>\/<span style=\"color: #d12727;\"><a style=\"color: #d12727;\" href=\"https:\/\/www.csj-emballages.com\/de\/categorie-produit\/hygiene-und-pflege\/mullsacke\/\">&#8230;<\/a><\/span><\/p>\n<p>&nbsp;<\/p>\n<p><!--more--><\/p>\n<p><a href=\"https:\/\/www.csj-emballages.com\/de\/categorie-produit\/hygiene-und-pflege\/mullsacke\/\">Sehen Sie sich den Rest unseres Sortiments an M\u00fcllbeuteln an<\/a><\/p>\n","protected":false},"excerpt":{"rendered":"<p>M\u00fcllsack Entdecken Sie unseren M\u00fcllsack 130 Liter, schwarz, 75 \u00b5, im 10er-Pack.<\/p>\n","protected":false},"featured_media":222413,"template":"","meta":{"_acf_changed":false},"product_brand":[],"product_cat":[1218,1873],"product_tag":[],"class_list":{"0":"post-23735","1":"product","2":"type-product","3":"status-publish","4":"has-post-thumbnail","6":"product_cat-hygiene-und-pflege","7":"product_cat-mullsacke","9":"first","10":"instock","11":"taxable","12":"shipping-taxable","13":"purchasable","14":"product-type-simple"},"acf":[],"yoast_head":"<!-- This site is optimized with the Yoast SEO Premium plugin v26.6 (Yoast SEO v26.6) - https:\/\/yoast.com\/wordpress\/plugins\/seo\/ -->\n<title>M\u00fcllsack 130 Liter, Schwarz, 75 \u00b5, 10 St\u00fcck<\/title>\n<meta name=\"description\" content=\"Schwarzer M\u00fcllsack 130 L, 75 \u00b5, im 10er-Pack. Robust, gro\u00dfes Fassungsverm\u00f6gen und ideal f\u00fcr den professionellen oder intensiven Einsatz.\" \/>\n<meta name=\"robots\" content=\"index, follow, max-snippet:-1, max-image-preview:large, max-video-preview:-1\" \/>\n<link rel=\"canonical\" href=\"https:\/\/www.csj-emballages.com\/de\/produit\/10-muellsaecke-130-liter-schwarz-75-%c2%b5\/\" \/>\n<meta property=\"og:locale\" content=\"de_DE\" \/>\n<meta property=\"og:type\" content=\"article\" \/>\n<meta property=\"og:title\" content=\"M\u00fcllsack 130 Liter, schwarz, 75 \u00b5, 10 St\u00fcck\" \/>\n<meta property=\"og:description\" content=\"Schwarzer M\u00fcllsack 130 L, 75 \u00b5, im 10er-Pack. Robust, gro\u00dfes Fassungsverm\u00f6gen und ideal f\u00fcr den professionellen oder intensiven Einsatz.\" \/>\n<meta property=\"og:url\" content=\"https:\/\/www.csj-emballages.com\/de\/produit\/10-muellsaecke-130-liter-schwarz-75-%c2%b5\/\" \/>\n<meta property=\"og:site_name\" content=\"CSJ Emballages\" \/>\n<meta property=\"article:publisher\" content=\"https:\/\/www.facebook.com\/csjemballages\" \/>\n<meta property=\"article:modified_time\" content=\"2026-05-05T00:19:41+00:00\" \/>\n<meta property=\"og:image\" content=\"https:\/\/www.csj-emballages.com\/wp-content\/uploads\/2024\/03\/Sac-housse.webp\" \/>\n\t<meta property=\"og:image:width\" content=\"800\" \/>\n\t<meta property=\"og:image:height\" content=\"800\" \/>\n\t<meta property=\"og:image:type\" content=\"image\/webp\" \/>\n<meta name=\"twitter:card\" content=\"summary_large_image\" \/>\n<meta name=\"twitter:label1\" content=\"Gesch\u00e4tzte Lesezeit\" \/>\n\t<meta name=\"twitter:data1\" content=\"2 Minuten\" \/>\n<script type=\"application\/ld+json\" class=\"yoast-schema-graph\">{\"@context\":\"https:\/\/schema.org\",\"@graph\":[{\"@type\":\"WebPage\",\"@id\":\"https:\/\/www.csj-emballages.com\/de\/produit\/10-muellsaecke-130-liter-schwarz-75-%c2%b5\/\",\"url\":\"https:\/\/www.csj-emballages.com\/de\/produit\/10-muellsaecke-130-liter-schwarz-75-%c2%b5\/\",\"name\":\"M\u00fcllsack 130 Liter, Schwarz, 75 \u00b5, 10 St\u00fcck\",\"isPartOf\":{\"@id\":\"https:\/\/www.csj-emballages.com\/de\/#website\"},\"primaryImageOfPage\":{\"@id\":\"https:\/\/www.csj-emballages.com\/de\/produit\/10-muellsaecke-130-liter-schwarz-75-%c2%b5\/#primaryimage\"},\"image\":{\"@id\":\"https:\/\/www.csj-emballages.com\/de\/produit\/10-muellsaecke-130-liter-schwarz-75-%c2%b5\/#primaryimage\"},\"thumbnailUrl\":\"https:\/\/www.csj-emballages.com\/wp-content\/uploads\/2024\/03\/Sac-housse.webp\",\"datePublished\":\"2024-03-01T15:49:07+00:00\",\"dateModified\":\"2026-05-05T00:19:41+00:00\",\"description\":\"Schwarzer M\u00fcllsack 130 L, 75 \u00b5, im 10er-Pack. Robust, gro\u00dfes Fassungsverm\u00f6gen und ideal f\u00fcr den professionellen oder intensiven Einsatz.\",\"breadcrumb\":{\"@id\":\"https:\/\/www.csj-emballages.com\/de\/produit\/10-muellsaecke-130-liter-schwarz-75-%c2%b5\/#breadcrumb\"},\"inLanguage\":\"de\",\"potentialAction\":[{\"@type\":\"ReadAction\",\"target\":[\"https:\/\/www.csj-emballages.com\/de\/produit\/10-muellsaecke-130-liter-schwarz-75-%c2%b5\/\"]}]},{\"@type\":\"ImageObject\",\"inLanguage\":\"de\",\"@id\":\"https:\/\/www.csj-emballages.com\/de\/produit\/10-muellsaecke-130-liter-schwarz-75-%c2%b5\/#primaryimage\",\"url\":\"https:\/\/www.csj-emballages.com\/wp-content\/uploads\/2024\/03\/Sac-housse.webp\",\"contentUrl\":\"https:\/\/www.csj-emballages.com\/wp-content\/uploads\/2024\/03\/Sac-housse.webp\",\"width\":800,\"height\":800,\"caption\":\"Sac poubelle\"},{\"@type\":\"BreadcrumbList\",\"@id\":\"https:\/\/www.csj-emballages.com\/de\/produit\/10-muellsaecke-130-liter-schwarz-75-%c2%b5\/#breadcrumb\",\"itemListElement\":[{\"@type\":\"ListItem\",\"position\":1,\"name\":\"Accueil\",\"item\":\"https:\/\/www.csj-emballages.com\/de\/universum-lebensmittelverpackungen\/\"},{\"@type\":\"ListItem\",\"position\":2,\"name\":\"Shop\",\"item\":\"https:\/\/www.csj-emballages.com\/shop\/\"},{\"@type\":\"ListItem\",\"position\":3,\"name\":\"M\u00fcllsack 130 Liter, schwarz, 75 \u00b5, 10 St\u00fcck\"}]},{\"@type\":\"WebSite\",\"@id\":\"https:\/\/www.csj-emballages.com\/de\/#website\",\"url\":\"https:\/\/www.csj-emballages.com\/de\/\",\"name\":\"CSJ Emballages\",\"description\":\"\",\"publisher\":{\"@id\":\"https:\/\/www.csj-emballages.com\/de\/#organization\"},\"potentialAction\":[{\"@type\":\"SearchAction\",\"target\":{\"@type\":\"EntryPoint\",\"urlTemplate\":\"https:\/\/www.csj-emballages.com\/de\/?s={search_term_string}\"},\"query-input\":{\"@type\":\"PropertyValueSpecification\",\"valueRequired\":true,\"valueName\":\"search_term_string\"}}],\"inLanguage\":\"de\"},{\"@type\":\"Organization\",\"@id\":\"https:\/\/www.csj-emballages.com\/de\/#Organization\/\",\"name\":\"CSJ Emballages\",\"url\":\"https:\/\/www.csj-emballages.com\/de\/\",\"logo\":{\"@type\":\"ImageObject\",\"inLanguage\":\"de\",\"@id\":\"https:\/\/www.csj-emballages.com\/de\/#\/schema\/logo\/image\/\",\"url\":\"https:\/\/www.csj-emballages.com\/wp-content\/uploads\/2023\/10\/logo_csj.webp\",\"contentUrl\":\"https:\/\/www.csj-emballages.com\/wp-content\/uploads\/2023\/10\/logo_csj.webp\",\"width\":250,\"height\":95,\"caption\":\"CSJ Emballages\"},\"image\":{\"@id\":\"https:\/\/www.csj-emballages.com\/de\/#\/schema\/logo\/image\/\"},\"sameAs\":[\"https:\/\/www.facebook.com\/csjemballages\"],\"address\":{\"@type\":\"PostalAddress\",\"streetAddress\":\"ZI La Lechere\",\"addressLocality\":\"Patornay\",\"postalCode\":\"39130\",\"addressCountry\":\"FR\"},\"contactPoint\":[{\"@type\":\"ContactPoint\",\"contactType\":\"Service client\",\"telephone\":\"0384254272\",\"email\":\"contact@csj-emballages.com\"}]}]}<\/script>\n<!-- \/ Yoast SEO Premium plugin. -->","yoast_head_json":{"title":"M\u00fcllsack 130 Liter, Schwarz, 75 \u00b5, 10 St\u00fcck","description":"Schwarzer M\u00fcllsack 130 L, 75 \u00b5, im 10er-Pack. Robust, gro\u00dfes Fassungsverm\u00f6gen und ideal f\u00fcr den professionellen oder intensiven Einsatz.","robots":{"index":"index","follow":"follow","max-snippet":"max-snippet:-1","max-image-preview":"max-image-preview:large","max-video-preview":"max-video-preview:-1"},"canonical":"https:\/\/www.csj-emballages.com\/de\/produit\/10-muellsaecke-130-liter-schwarz-75-%c2%b5\/","og_locale":"de_DE","og_type":"article","og_title":"M\u00fcllsack 130 Liter, schwarz, 75 \u00b5, 10 St\u00fcck","og_description":"Schwarzer M\u00fcllsack 130 L, 75 \u00b5, im 10er-Pack. Robust, gro\u00dfes Fassungsverm\u00f6gen und ideal f\u00fcr den professionellen oder intensiven Einsatz.","og_url":"https:\/\/www.csj-emballages.com\/de\/produit\/10-muellsaecke-130-liter-schwarz-75-%c2%b5\/","og_site_name":"CSJ Emballages","article_publisher":"https:\/\/www.facebook.com\/csjemballages","article_modified_time":"2026-05-05T00:19:41+00:00","og_image":[{"width":800,"height":800,"url":"https:\/\/www.csj-emballages.com\/wp-content\/uploads\/2024\/03\/Sac-housse.webp","type":"image\/webp"}],"twitter_card":"summary_large_image","twitter_misc":{"Gesch\u00e4tzte Lesezeit":"2 Minuten"},"schema":{"@context":"https:\/\/schema.org","@graph":[{"@type":"WebPage","@id":"https:\/\/www.csj-emballages.com\/de\/produit\/10-muellsaecke-130-liter-schwarz-75-%c2%b5\/","url":"https:\/\/www.csj-emballages.com\/de\/produit\/10-muellsaecke-130-liter-schwarz-75-%c2%b5\/","name":"M\u00fcllsack 130 Liter, Schwarz, 75 \u00b5, 10 St\u00fcck","isPartOf":{"@id":"https:\/\/www.csj-emballages.com\/de\/#website"},"primaryImageOfPage":{"@id":"https:\/\/www.csj-emballages.com\/de\/produit\/10-muellsaecke-130-liter-schwarz-75-%c2%b5\/#primaryimage"},"image":{"@id":"https:\/\/www.csj-emballages.com\/de\/produit\/10-muellsaecke-130-liter-schwarz-75-%c2%b5\/#primaryimage"},"thumbnailUrl":"https:\/\/www.csj-emballages.com\/wp-content\/uploads\/2024\/03\/Sac-housse.webp","datePublished":"2024-03-01T15:49:07+00:00","dateModified":"2026-05-05T00:19:41+00:00","description":"Schwarzer M\u00fcllsack 130 L, 75 \u00b5, im 10er-Pack. Robust, gro\u00dfes Fassungsverm\u00f6gen und ideal f\u00fcr den professionellen oder intensiven Einsatz.","breadcrumb":{"@id":"https:\/\/www.csj-emballages.com\/de\/produit\/10-muellsaecke-130-liter-schwarz-75-%c2%b5\/#breadcrumb"},"inLanguage":"de","potentialAction":[{"@type":"ReadAction","target":["https:\/\/www.csj-emballages.com\/de\/produit\/10-muellsaecke-130-liter-schwarz-75-%c2%b5\/"]}]},{"@type":"ImageObject","inLanguage":"de","@id":"https:\/\/www.csj-emballages.com\/de\/produit\/10-muellsaecke-130-liter-schwarz-75-%c2%b5\/#primaryimage","url":"https:\/\/www.csj-emballages.com\/wp-content\/uploads\/2024\/03\/Sac-housse.webp","contentUrl":"https:\/\/www.csj-emballages.com\/wp-content\/uploads\/2024\/03\/Sac-housse.webp","width":800,"height":800,"caption":"Sac poubelle"},{"@type":"BreadcrumbList","@id":"https:\/\/www.csj-emballages.com\/de\/produit\/10-muellsaecke-130-liter-schwarz-75-%c2%b5\/#breadcrumb","itemListElement":[{"@type":"ListItem","position":1,"name":"Accueil","item":"https:\/\/www.csj-emballages.com\/de\/universum-lebensmittelverpackungen\/"},{"@type":"ListItem","position":2,"name":"Shop","item":"https:\/\/www.csj-emballages.com\/shop\/"},{"@type":"ListItem","position":3,"name":"M\u00fcllsack 130 Liter, schwarz, 75 \u00b5, 10 St\u00fcck"}]},{"@type":"WebSite","@id":"https:\/\/www.csj-emballages.com\/de\/#website","url":"https:\/\/www.csj-emballages.com\/de\/","name":"CSJ Emballages","description":"","publisher":{"@id":"https:\/\/www.csj-emballages.com\/de\/#organization"},"potentialAction":[{"@type":"SearchAction","target":{"@type":"EntryPoint","urlTemplate":"https:\/\/www.csj-emballages.com\/de\/?s={search_term_string}"},"query-input":{"@type":"PropertyValueSpecification","valueRequired":true,"valueName":"search_term_string"}}],"inLanguage":"de"},{"@type":"Organization","@id":"https:\/\/www.csj-emballages.com\/de\/#Organization\/","name":"CSJ Emballages","url":"https:\/\/www.csj-emballages.com\/de\/","logo":{"@type":"ImageObject","inLanguage":"de","@id":"https:\/\/www.csj-emballages.com\/de\/#\/schema\/logo\/image\/","url":"https:\/\/www.csj-emballages.com\/wp-content\/uploads\/2023\/10\/logo_csj.webp","contentUrl":"https:\/\/www.csj-emballages.com\/wp-content\/uploads\/2023\/10\/logo_csj.webp","width":250,"height":95,"caption":"CSJ Emballages"},"image":{"@id":"https:\/\/www.csj-emballages.com\/de\/#\/schema\/logo\/image\/"},"sameAs":["https:\/\/www.facebook.com\/csjemballages"],"address":{"@type":"PostalAddress","streetAddress":"ZI La Lechere","addressLocality":"Patornay","postalCode":"39130","addressCountry":"FR"},"contactPoint":[{"@type":"ContactPoint","contactType":"Service client","telephone":"0384254272","email":"contact@csj-emballages.com"}]}]}},"df_price":3.47,"df_sale_price":"","df_regular_price":3.47,"df_image_link":"https:\/\/www.csj-emballages.com\/wp-content\/uploads\/2024\/03\/Sac-housse-300x300.webp","tiered_pricing_type":"fixed","tiered_pricing_fixed_rules":[],"tiered_pricing_percentage_rules":[],"tiered_pricing_minimum":1,"tiered_pricing_roles_data":[],"_links":{"self":[{"href":"https:\/\/www.csj-emballages.com\/de\/wp-json\/wp\/v2\/product\/23735","targetHints":{"allow":["GET"]}}],"collection":[{"href":"https:\/\/www.csj-emballages.com\/de\/wp-json\/wp\/v2\/product"}],"about":[{"href":"https:\/\/www.csj-emballages.com\/de\/wp-json\/wp\/v2\/types\/product"}],"wp:featuredmedia":[{"embeddable":true,"href":"https:\/\/www.csj-emballages.com\/de\/wp-json\/wp\/v2\/media\/222413"}],"wp:attachment":[{"href":"https:\/\/www.csj-emballages.com\/de\/wp-json\/wp\/v2\/media?parent=23735"}],"wp:term":[{"taxonomy":"product_brand","embeddable":true,"href":"https:\/\/www.csj-emballages.com\/de\/wp-json\/wp\/v2\/product_brand?post=23735"},{"taxonomy":"product_cat","embeddable":true,"href":"https:\/\/www.csj-emballages.com\/de\/wp-json\/wp\/v2\/product_cat?post=23735"},{"taxonomy":"product_tag","embeddable":true,"href":"https:\/\/www.csj-emballages.com\/de\/wp-json\/wp\/v2\/product_tag?post=23735"}],"curies":[{"name":"wp","href":"https:\/\/api.w.org\/{rel}","templated":true}]}}