{"id":237310,"date":"2025-07-03T09:29:07","date_gmt":"2025-07-03T07:29:07","guid":{"rendered":"https:\/\/www.csj-emballages.com\/produit\/desinfektionstuecher-fuer-lebensmittel-ohne-ausspuelen-100-stueck\/"},"modified":"2026-04-17T02:10:59","modified_gmt":"2026-04-17T00:10:59","slug":"desinfektionstuecher-fuer-lebensmittel-ohne-ausspuelen-100-stueck","status":"publish","type":"product","link":"https:\/\/www.csj-emballages.com\/de\/produit\/desinfektionstuecher-fuer-lebensmittel-ohne-ausspuelen-100-stueck\/","title":{"rendered":"Desinfektionst\u00fccher f\u00fcr Lebensmittel ohne Aussp\u00fclen 100 St\u00fcck"},"content":{"rendered":"<h2 class=\"p1 ai-optimize-26 ai-optimize-introduction\">Desinfektionstuch f\u00fcr Lebensmittel<\/h2>\n<hr>\n<h3 class=\"ai-optimize-34\">Beschreibung unseres Desinfektionstuches f\u00fcr Lebensmittel ohne Aussp\u00fclen pro 100 St\u00fcck<\/h3>\n<p><!--more--><\/p>\n<p class=\"ai-optimize-32 ai-optimize-introduction\" data-start=\"255\" data-end=\"632\">Erleichtern Sie sich Ihren K\u00fcchenalltag mit diesen <strong data-start=\"301\" data-end=\"355\">Desinfektionst\u00fcchern f\u00fcr Lebensmittel ohne Aussp\u00fclen<\/strong>, die in Packungen zu <strong>100 St\u00fcck<\/strong> verpackt sind. Sie sind f\u00fcr den professionellen Gebrauch konzipiert und eignen sich perfekt f\u00fcr Caterer, Restaurants, Gastronomiebetriebe, \u00f6ffentliche Einrichtungen und sogar f\u00fcr Privatpersonen, die hohe Anspr\u00fcche an die Hygiene stellen. <\/p>\n<p class=\"ai-optimize-33\" data-start=\"634\" data-end=\"1055\">Diese<strong>Desinfektionst\u00fccher<\/strong> f\u00fcr Lebensmittel sind mit einer <strong>lebensmittelkonformen<\/strong> <strong>Desinfektionsl\u00f6sung<\/strong> getr\u00e4nkt, mit der Sie Oberfl\u00e4chen, die mit Lebensmitteln in Ber\u00fchrung kommen, wie Arbeitsfl\u00e4chen, Waagen, Ger\u00e4te, Vitrinen, Tabletts oder auch die Au\u00dfenseite von Maschinen, wirksam reinigen k\u00f6nnen. Sie k\u00f6nnen ohne Nachsp\u00fclen verwendet werden, wodurch Sie wertvolle Zeit sparen und gleichzeitig die strengsten Hygienevorschriften einhalten. Sie sind gebrauchsfertig, lassen sich leicht anwenden und vermeiden Dosierungsfehler, wie sie bei fl\u00fcssigen Produkten vorkommen k\u00f6nnen. Sie sind kompakt und praktisch und passen problemlos in eine Gro\u00dfk\u00fcche, einen Lieferwagen oder einen Vorbereitungsraum.   <\/p>\n<p class=\"ai-optimize-36\" data-start=\"1447\" data-end=\"1693\">Sie sind ideal f\u00fcr den h\u00e4ufigen Gebrauch und erm\u00f6glichen es Ihnen, eine <strong data-start=\"1517\" data-end=\"1559\">saubere und sichere Arbeitsumgebung<\/strong> aufrechtzuerhalten, ohne Ihren Produktionsrhythmus zu unterbrechen. Sie sind ein t\u00e4gliches Muss f\u00fcr alle, die streng mit Lebensmitteln umgehen. <\/p>\n<p><!--more--><\/p>\n<h4 class=\"ai-optimize-37\"><strong>Seine Vorteile :<\/strong><\/h4>\n<ul>\n<li class=\"ai-optimize-38\">Verwendung ohne Absp\u00fclen, spart Zeit.<\/li>\n<li class=\"ai-optimize-39\">Entspricht den Lebensmittelstandards.<\/li>\n<li class=\"ai-optimize-40\">Wirkt gegen Bakterien.<\/li>\n<li class=\"ai-optimize-42\">Ideal f\u00fcr Profis und Privatpersonen.<\/li>\n<li class=\"ai-optimize-46\">Praktische und hygienische Einwegt\u00fccher.<\/li>\n<li class=\"ai-optimize-30\">Reinigt schnell Oberfl\u00e4chen, Utensilien, Vitrinen usw.<\/li>\n<\/ul>\n<p>&nbsp;<\/p>\n<p><!--more--><\/p>\n<h4 class=\"ai-optimize-44\">Weitere Informationen :<\/h4>\n<ul>\n<li class=\"ai-optimize-45\"><strong>Verpackung<\/strong>: Topf mit 100 T\u00fcchern<\/li>\n<li class=\"ai-optimize-36\"><strong>Verwendung<\/strong>: Desinfektionstuch<\/li>\n<\/ul>\n<p>&nbsp;<\/p>\n<p><!--more--><\/p>\n<p class=\"ai-optimize-34\">Hier finden Sie unsere 200 Desinfektionst\u00fccher f\u00fcr Lebensmittel ohne Sp\u00fclen f\u00fcr Lebensmittel : <span style=\"color: #d12727;\"><a style=\"color: #d12727;\" href=\"https:\/\/www.csj-emballages.com\/es\/produit\/200-toallitas-desinfectantes-sin-aclarado-para-alimentos\/\"><span style=\"color: #d12727;\">1976LIN<\/span><\/a><\/span><\/p>\n<p>&nbsp;<\/p>\n<p><!--more--><\/p>\n<p class=\"ai-optimize-41\"><a href=\"https:\/\/www.csj-emballages.com\/de\/categorie-produit\/lebensmittelverpackungen\/restauration-de\/teller-einwegbesteck-strohhalme\/gabeln-messer-loffel\/biologisch-abbaubares-besteck\/\">Sehen Sie sich den Rest unseres Sortiments an K\u00fcchenreinigern an<\/a><\/p>\n","protected":false},"excerpt":{"rendered":"<p>Desinfektionstuch f\u00fcr Lebensmittel Beschreibung unseres Desinfektionstuches f\u00fcr Lebensmittel ohne Aussp\u00fclen pro 100 St\u00fcck<\/p>\n","protected":false},"featured_media":237305,"template":"","meta":{"_acf_changed":false},"product_brand":[],"product_cat":[1218,1219,1330],"product_tag":[],"class_list":{"0":"post-237310","1":"product","2":"type-product","3":"status-publish","4":"has-post-thumbnail","6":"product_cat-hygiene-und-pflege","7":"product_cat-pflegeprodukte","8":"product_cat-kuche","10":"first","11":"instock","12":"taxable","13":"shipping-taxable","14":"purchasable","15":"product-type-simple"},"acf":[],"yoast_head":"<!-- This site is optimized with the Yoast SEO Premium plugin v26.6 (Yoast SEO v26.6) - https:\/\/yoast.com\/wordpress\/plugins\/seo\/ -->\n<title>Desinfektionst\u00fccher f\u00fcr Lebensmittel ohne Aussp\u00fclen 100 St\u00fcck<\/title>\n<meta name=\"description\" content=\"Desinfektionst\u00fccher ohne Aussp\u00fclen x100 f\u00fcr Lebensmitteloberfl\u00e4chen. Praktisch, wirksam und normgerecht. Ideal f\u00fcr Gewerbe und K\u00fcche.\" \/>\n<meta name=\"robots\" content=\"index, follow, max-snippet:-1, max-image-preview:large, max-video-preview:-1\" \/>\n<link rel=\"canonical\" href=\"https:\/\/www.csj-emballages.com\/de\/produit\/desinfektionstuecher-fuer-lebensmittel-ohne-ausspuelen-100-stueck\/\" \/>\n<meta property=\"og:locale\" content=\"de_DE\" \/>\n<meta property=\"og:type\" content=\"article\" \/>\n<meta property=\"og:title\" content=\"Desinfektionst\u00fccher f\u00fcr Lebensmittel ohne Aussp\u00fclen 100 St\u00fcck\" \/>\n<meta property=\"og:description\" content=\"Desinfektionst\u00fccher ohne Aussp\u00fclen x100 f\u00fcr Lebensmitteloberfl\u00e4chen. Praktisch, wirksam und normgerecht. Ideal f\u00fcr Gewerbe und K\u00fcche.\" \/>\n<meta property=\"og:url\" content=\"https:\/\/www.csj-emballages.com\/de\/produit\/desinfektionstuecher-fuer-lebensmittel-ohne-ausspuelen-100-stueck\/\" \/>\n<meta property=\"og:site_name\" content=\"CSJ Emballages\" \/>\n<meta property=\"article:publisher\" content=\"https:\/\/www.facebook.com\/csjemballages\" \/>\n<meta property=\"article:modified_time\" content=\"2026-04-17T00:10:59+00:00\" \/>\n<meta property=\"og:image\" content=\"https:\/\/www.csj-emballages.com\/wp-content\/uploads\/2025\/07\/1975LIN.webp\" \/>\n\t<meta property=\"og:image:width\" content=\"800\" \/>\n\t<meta property=\"og:image:height\" content=\"800\" \/>\n\t<meta property=\"og:image:type\" content=\"image\/webp\" \/>\n<meta name=\"twitter:card\" content=\"summary_large_image\" \/>\n<meta name=\"twitter:label1\" content=\"Gesch\u00e4tzte Lesezeit\" \/>\n\t<meta name=\"twitter:data1\" content=\"1\u00a0Minute\" \/>\n<script type=\"application\/ld+json\" class=\"yoast-schema-graph\">{\"@context\":\"https:\/\/schema.org\",\"@graph\":[{\"@type\":\"WebPage\",\"@id\":\"https:\/\/www.csj-emballages.com\/de\/produit\/desinfektionstuecher-fuer-lebensmittel-ohne-ausspuelen-100-stueck\/\",\"url\":\"https:\/\/www.csj-emballages.com\/de\/produit\/desinfektionstuecher-fuer-lebensmittel-ohne-ausspuelen-100-stueck\/\",\"name\":\"Desinfektionst\u00fccher f\u00fcr Lebensmittel ohne Aussp\u00fclen 100 St\u00fcck\",\"isPartOf\":{\"@id\":\"https:\/\/www.csj-emballages.com\/de\/#website\"},\"primaryImageOfPage\":{\"@id\":\"https:\/\/www.csj-emballages.com\/de\/produit\/desinfektionstuecher-fuer-lebensmittel-ohne-ausspuelen-100-stueck\/#primaryimage\"},\"image\":{\"@id\":\"https:\/\/www.csj-emballages.com\/de\/produit\/desinfektionstuecher-fuer-lebensmittel-ohne-ausspuelen-100-stueck\/#primaryimage\"},\"thumbnailUrl\":\"https:\/\/www.csj-emballages.com\/wp-content\/uploads\/2025\/07\/1975LIN.webp\",\"datePublished\":\"2025-07-03T07:29:07+00:00\",\"dateModified\":\"2026-04-17T00:10:59+00:00\",\"description\":\"Desinfektionst\u00fccher ohne Aussp\u00fclen x100 f\u00fcr Lebensmitteloberfl\u00e4chen. Praktisch, wirksam und normgerecht. Ideal f\u00fcr Gewerbe und K\u00fcche.\",\"breadcrumb\":{\"@id\":\"https:\/\/www.csj-emballages.com\/de\/produit\/desinfektionstuecher-fuer-lebensmittel-ohne-ausspuelen-100-stueck\/#breadcrumb\"},\"inLanguage\":\"de\",\"potentialAction\":[{\"@type\":\"ReadAction\",\"target\":[\"https:\/\/www.csj-emballages.com\/de\/produit\/desinfektionstuecher-fuer-lebensmittel-ohne-ausspuelen-100-stueck\/\"]}]},{\"@type\":\"ImageObject\",\"inLanguage\":\"de\",\"@id\":\"https:\/\/www.csj-emballages.com\/de\/produit\/desinfektionstuecher-fuer-lebensmittel-ohne-ausspuelen-100-stueck\/#primaryimage\",\"url\":\"https:\/\/www.csj-emballages.com\/wp-content\/uploads\/2025\/07\/1975LIN.webp\",\"contentUrl\":\"https:\/\/www.csj-emballages.com\/wp-content\/uploads\/2025\/07\/1975LIN.webp\",\"width\":800,\"height\":800,\"caption\":\"Lingette d\u00e9sinfectante alimentaire\"},{\"@type\":\"BreadcrumbList\",\"@id\":\"https:\/\/www.csj-emballages.com\/de\/produit\/desinfektionstuecher-fuer-lebensmittel-ohne-ausspuelen-100-stueck\/#breadcrumb\",\"itemListElement\":[{\"@type\":\"ListItem\",\"position\":1,\"name\":\"Accueil\",\"item\":\"https:\/\/www.csj-emballages.com\/de\/universum-lebensmittelverpackungen\/\"},{\"@type\":\"ListItem\",\"position\":2,\"name\":\"Shop\",\"item\":\"https:\/\/www.csj-emballages.com\/shop\/\"},{\"@type\":\"ListItem\",\"position\":3,\"name\":\"Desinfektionst\u00fccher f\u00fcr Lebensmittel ohne Aussp\u00fclen 100 St\u00fcck\"}]},{\"@type\":\"WebSite\",\"@id\":\"https:\/\/www.csj-emballages.com\/de\/#website\",\"url\":\"https:\/\/www.csj-emballages.com\/de\/\",\"name\":\"CSJ Emballages\",\"description\":\"\",\"publisher\":{\"@id\":\"https:\/\/www.csj-emballages.com\/de\/#organization\"},\"potentialAction\":[{\"@type\":\"SearchAction\",\"target\":{\"@type\":\"EntryPoint\",\"urlTemplate\":\"https:\/\/www.csj-emballages.com\/de\/?s={search_term_string}\"},\"query-input\":{\"@type\":\"PropertyValueSpecification\",\"valueRequired\":true,\"valueName\":\"search_term_string\"}}],\"inLanguage\":\"de\"},{\"@type\":\"Organization\",\"@id\":\"https:\/\/www.csj-emballages.com\/de\/#Organization\/\",\"name\":\"CSJ Emballages\",\"url\":\"https:\/\/www.csj-emballages.com\/de\/\",\"logo\":{\"@type\":\"ImageObject\",\"inLanguage\":\"de\",\"@id\":\"https:\/\/www.csj-emballages.com\/de\/#\/schema\/logo\/image\/\",\"url\":\"https:\/\/www.csj-emballages.com\/wp-content\/uploads\/2023\/10\/logo_csj.webp\",\"contentUrl\":\"https:\/\/www.csj-emballages.com\/wp-content\/uploads\/2023\/10\/logo_csj.webp\",\"width\":250,\"height\":95,\"caption\":\"CSJ Emballages\"},\"image\":{\"@id\":\"https:\/\/www.csj-emballages.com\/de\/#\/schema\/logo\/image\/\"},\"sameAs\":[\"https:\/\/www.facebook.com\/csjemballages\"],\"address\":{\"@type\":\"PostalAddress\",\"streetAddress\":\"ZI La Lechere\",\"addressLocality\":\"Patornay\",\"postalCode\":\"39130\",\"addressCountry\":\"FR\"},\"contactPoint\":[{\"@type\":\"ContactPoint\",\"contactType\":\"Service client\",\"telephone\":\"0384254272\",\"email\":\"contact@csj-emballages.com\"}]}]}<\/script>\n<!-- \/ Yoast SEO Premium plugin. -->","yoast_head_json":{"title":"Desinfektionst\u00fccher f\u00fcr Lebensmittel ohne Aussp\u00fclen 100 St\u00fcck","description":"Desinfektionst\u00fccher ohne Aussp\u00fclen x100 f\u00fcr Lebensmitteloberfl\u00e4chen. Praktisch, wirksam und normgerecht. Ideal f\u00fcr Gewerbe und K\u00fcche.","robots":{"index":"index","follow":"follow","max-snippet":"max-snippet:-1","max-image-preview":"max-image-preview:large","max-video-preview":"max-video-preview:-1"},"canonical":"https:\/\/www.csj-emballages.com\/de\/produit\/desinfektionstuecher-fuer-lebensmittel-ohne-ausspuelen-100-stueck\/","og_locale":"de_DE","og_type":"article","og_title":"Desinfektionst\u00fccher f\u00fcr Lebensmittel ohne Aussp\u00fclen 100 St\u00fcck","og_description":"Desinfektionst\u00fccher ohne Aussp\u00fclen x100 f\u00fcr Lebensmitteloberfl\u00e4chen. Praktisch, wirksam und normgerecht. Ideal f\u00fcr Gewerbe und K\u00fcche.","og_url":"https:\/\/www.csj-emballages.com\/de\/produit\/desinfektionstuecher-fuer-lebensmittel-ohne-ausspuelen-100-stueck\/","og_site_name":"CSJ Emballages","article_publisher":"https:\/\/www.facebook.com\/csjemballages","article_modified_time":"2026-04-17T00:10:59+00:00","og_image":[{"width":800,"height":800,"url":"https:\/\/www.csj-emballages.com\/wp-content\/uploads\/2025\/07\/1975LIN.webp","type":"image\/webp"}],"twitter_card":"summary_large_image","twitter_misc":{"Gesch\u00e4tzte Lesezeit":"1\u00a0Minute"},"schema":{"@context":"https:\/\/schema.org","@graph":[{"@type":"WebPage","@id":"https:\/\/www.csj-emballages.com\/de\/produit\/desinfektionstuecher-fuer-lebensmittel-ohne-ausspuelen-100-stueck\/","url":"https:\/\/www.csj-emballages.com\/de\/produit\/desinfektionstuecher-fuer-lebensmittel-ohne-ausspuelen-100-stueck\/","name":"Desinfektionst\u00fccher f\u00fcr Lebensmittel ohne Aussp\u00fclen 100 St\u00fcck","isPartOf":{"@id":"https:\/\/www.csj-emballages.com\/de\/#website"},"primaryImageOfPage":{"@id":"https:\/\/www.csj-emballages.com\/de\/produit\/desinfektionstuecher-fuer-lebensmittel-ohne-ausspuelen-100-stueck\/#primaryimage"},"image":{"@id":"https:\/\/www.csj-emballages.com\/de\/produit\/desinfektionstuecher-fuer-lebensmittel-ohne-ausspuelen-100-stueck\/#primaryimage"},"thumbnailUrl":"https:\/\/www.csj-emballages.com\/wp-content\/uploads\/2025\/07\/1975LIN.webp","datePublished":"2025-07-03T07:29:07+00:00","dateModified":"2026-04-17T00:10:59+00:00","description":"Desinfektionst\u00fccher ohne Aussp\u00fclen x100 f\u00fcr Lebensmitteloberfl\u00e4chen. Praktisch, wirksam und normgerecht. Ideal f\u00fcr Gewerbe und K\u00fcche.","breadcrumb":{"@id":"https:\/\/www.csj-emballages.com\/de\/produit\/desinfektionstuecher-fuer-lebensmittel-ohne-ausspuelen-100-stueck\/#breadcrumb"},"inLanguage":"de","potentialAction":[{"@type":"ReadAction","target":["https:\/\/www.csj-emballages.com\/de\/produit\/desinfektionstuecher-fuer-lebensmittel-ohne-ausspuelen-100-stueck\/"]}]},{"@type":"ImageObject","inLanguage":"de","@id":"https:\/\/www.csj-emballages.com\/de\/produit\/desinfektionstuecher-fuer-lebensmittel-ohne-ausspuelen-100-stueck\/#primaryimage","url":"https:\/\/www.csj-emballages.com\/wp-content\/uploads\/2025\/07\/1975LIN.webp","contentUrl":"https:\/\/www.csj-emballages.com\/wp-content\/uploads\/2025\/07\/1975LIN.webp","width":800,"height":800,"caption":"Lingette d\u00e9sinfectante alimentaire"},{"@type":"BreadcrumbList","@id":"https:\/\/www.csj-emballages.com\/de\/produit\/desinfektionstuecher-fuer-lebensmittel-ohne-ausspuelen-100-stueck\/#breadcrumb","itemListElement":[{"@type":"ListItem","position":1,"name":"Accueil","item":"https:\/\/www.csj-emballages.com\/de\/universum-lebensmittelverpackungen\/"},{"@type":"ListItem","position":2,"name":"Shop","item":"https:\/\/www.csj-emballages.com\/shop\/"},{"@type":"ListItem","position":3,"name":"Desinfektionst\u00fccher f\u00fcr Lebensmittel ohne Aussp\u00fclen 100 St\u00fcck"}]},{"@type":"WebSite","@id":"https:\/\/www.csj-emballages.com\/de\/#website","url":"https:\/\/www.csj-emballages.com\/de\/","name":"CSJ Emballages","description":"","publisher":{"@id":"https:\/\/www.csj-emballages.com\/de\/#organization"},"potentialAction":[{"@type":"SearchAction","target":{"@type":"EntryPoint","urlTemplate":"https:\/\/www.csj-emballages.com\/de\/?s={search_term_string}"},"query-input":{"@type":"PropertyValueSpecification","valueRequired":true,"valueName":"search_term_string"}}],"inLanguage":"de"},{"@type":"Organization","@id":"https:\/\/www.csj-emballages.com\/de\/#Organization\/","name":"CSJ Emballages","url":"https:\/\/www.csj-emballages.com\/de\/","logo":{"@type":"ImageObject","inLanguage":"de","@id":"https:\/\/www.csj-emballages.com\/de\/#\/schema\/logo\/image\/","url":"https:\/\/www.csj-emballages.com\/wp-content\/uploads\/2023\/10\/logo_csj.webp","contentUrl":"https:\/\/www.csj-emballages.com\/wp-content\/uploads\/2023\/10\/logo_csj.webp","width":250,"height":95,"caption":"CSJ Emballages"},"image":{"@id":"https:\/\/www.csj-emballages.com\/de\/#\/schema\/logo\/image\/"},"sameAs":["https:\/\/www.facebook.com\/csjemballages"],"address":{"@type":"PostalAddress","streetAddress":"ZI La Lechere","addressLocality":"Patornay","postalCode":"39130","addressCountry":"FR"},"contactPoint":[{"@type":"ContactPoint","contactType":"Service client","telephone":"0384254272","email":"contact@csj-emballages.com"}]}]}},"df_price":4.97,"df_sale_price":"","df_regular_price":4.97,"df_image_link":"https:\/\/www.csj-emballages.com\/wp-content\/uploads\/2025\/07\/1975LIN-300x300.webp","tiered_pricing_type":"fixed","tiered_pricing_fixed_rules":[],"tiered_pricing_percentage_rules":[],"tiered_pricing_minimum":1,"tiered_pricing_roles_data":[],"_links":{"self":[{"href":"https:\/\/www.csj-emballages.com\/de\/wp-json\/wp\/v2\/product\/237310","targetHints":{"allow":["GET"]}}],"collection":[{"href":"https:\/\/www.csj-emballages.com\/de\/wp-json\/wp\/v2\/product"}],"about":[{"href":"https:\/\/www.csj-emballages.com\/de\/wp-json\/wp\/v2\/types\/product"}],"wp:featuredmedia":[{"embeddable":true,"href":"https:\/\/www.csj-emballages.com\/de\/wp-json\/wp\/v2\/media\/237305"}],"wp:attachment":[{"href":"https:\/\/www.csj-emballages.com\/de\/wp-json\/wp\/v2\/media?parent=237310"}],"wp:term":[{"taxonomy":"product_brand","embeddable":true,"href":"https:\/\/www.csj-emballages.com\/de\/wp-json\/wp\/v2\/product_brand?post=237310"},{"taxonomy":"product_cat","embeddable":true,"href":"https:\/\/www.csj-emballages.com\/de\/wp-json\/wp\/v2\/product_cat?post=237310"},{"taxonomy":"product_tag","embeddable":true,"href":"https:\/\/www.csj-emballages.com\/de\/wp-json\/wp\/v2\/product_tag?post=237310"}],"curies":[{"name":"wp","href":"https:\/\/api.w.org\/{rel}","templated":true}]}}