{"id":23731,"date":"2024-03-01T16:49:07","date_gmt":"2024-03-01T15:49:07","guid":{"rendered":"https:\/\/u15jnbdpoq.preview.infomaniak.website\/produit\/50-muellsaecke-10-liter-weiss-9-%c2%b5\/"},"modified":"2026-05-07T02:19:26","modified_gmt":"2026-05-07T00:19:26","slug":"50-muellsaecke-10-liter-weiss-9-%c2%b5","status":"publish","type":"product","link":"https:\/\/www.csj-emballages.com\/de\/produit\/50-muellsaecke-10-liter-weiss-9-%c2%b5\/","title":{"rendered":"Wei\u00dfer M\u00fcllbeutel 10 L, 9 \u00b5, 50 St\u00fcck"},"content":{"rendered":"<h2><span style=\"font-family: Roboto, sans-serif;\">Wei\u00dfer M\u00fcllbeutel<\/span><\/h2>\n<div style=\"font-family: Roboto, sans-serif;\">\n<div style=\"font-family: Roboto, sans-serif;\">\n<div style=\"font-family: Roboto, sans-serif;\">\n<div style=\"font-family: Roboto, sans-serif;\">\n<div style=\"font-family: Roboto, sans-serif;\">\n<div style=\"font-family: Roboto, sans-serif;\">\n<div style=\"font-family: Roboto, sans-serif;\">\n<div style=\"font-family: Roboto, sans-serif;\">\n<div style=\"font-family: Roboto, sans-serif;\">\n<div style=\"font-family: Roboto, sans-serif;\">\n<div style=\"font-family: Roboto, sans-serif;\">\n<div style=\"font-family: Roboto, sans-serif;\">\n<div style=\"font-family: Roboto, sans-serif;\">\n<div class=\"flex flex-grow flex-col max-w-full\">\n<div class=\"min-h-[20px] text-message flex flex-col items-start whitespace-pre-wrap break-words [.text-message+&amp;]:mt-5 juice:w-full juice:items-end overflow-x-auto gap-2\" dir=\"auto\" data-message-author-role=\"assistant\" data-message-id=\"2034782e-88f9-44ef-b4dc-07dd7bf0115f\">\n<div class=\"flex w-full flex-col gap-1 juice:empty:hidden juice:first:pt-[3px]\">\n<div class=\"markdown prose w-full break-words dark:prose-invert light\">\n<div style=\"font-family: Roboto, sans-serif;\">\n<div style=\"font-family: Roboto, sans-serif;\">\n<div style=\"font-family: Roboto, sans-serif;\">\n<div style=\"font-family: Roboto, sans-serif;\">\n<div style=\"font-family: Roboto, sans-serif;\">\n<div style=\"font-family: Roboto, sans-serif;\">\n<div style=\"font-family: Roboto, sans-serif;\">\n<div style=\"font-family: Roboto, sans-serif;\">\n<div style=\"font-family: Roboto, sans-serif;\">\n<div style=\"text-align: center;\">\n<div style=\"font-family: Roboto, sans-serif;\">\n<div style=\"font-family: Roboto, sans-serif;\">\n<div style=\"font-family: Roboto, sans-serif;\">\n<div style=\"font-family: Roboto, sans-serif;\">\n<div style=\"font-family: Roboto, sans-serif;\">\n<hr>\n<h3 style=\"font-family: Roboto, sans-serif; text-align: left;\">Beschreibung unseres wei\u00dfen M\u00fcllbeutels 10 L, 9 \u00b5, 50 St\u00fcck<\/h3>\n<\/div>\n<\/div>\n<\/div>\n<\/div>\n<\/div>\n<\/div>\n<\/div>\n<\/div>\n<\/div>\n<\/div>\n<\/div>\n<\/div>\n<\/div>\n<\/div>\n<\/div>\n<\/div>\n<\/div>\n<\/div>\n<\/div>\n<\/div>\n<\/div>\n<\/div>\n<\/div>\n<\/div>\n<\/div>\n<\/div>\n<\/div>\n<\/div>\n<\/div>\n<\/div>\n<\/div>\n<\/div>\n<p><!--more--><\/p>\n<div class=\"flex max-w-full flex-col flex-grow\">\n<div class=\"min-h-8 text-message flex w-full flex-col items-end gap-2 whitespace-normal break-words [.text-message+&amp;]:mt-5\" dir=\"auto\" data-message-author-role=\"assistant\" data-message-id=\"438df6e8-49a2-474e-9d5c-14a6d91e27c5\" data-client-thread-id=\"WEB:f9818d6b-cc00-47a9-ba1c-1549baa0484c\" data-message-model-slug=\"gpt-4o\">\n<div class=\"flex w-full flex-col gap-1 empty:hidden first:pt-[3px]\">\n<div class=\"markdown prose w-full break-words dark:prose-invert light\">\n<p data-start=\"178\" data-end=\"564\">Suchen Sie einen <strong>M\u00fcllbeutel<\/strong>, der einfach und effizient f\u00fcr den Alltag oder den leichten professionellen Gebrauch ist? Dieser <strong>M\u00fcllbeutel<\/strong> <strong data-start=\"297\" data-end=\"328\">aus wei\u00dfem HD-Material mit 10 L<\/strong> und einer St\u00e4rke von <strong data-start=\"339\" data-end=\"352\">9 Mikron<\/strong> ist ein diskreter, aber leistungsstarker Begleiter. Verpackt als Rolle mit <strong data-start=\"427\" data-end=\"438\">50 Beuteln<\/strong>, passt er perfekt in B\u00fcro-, Badezimmer- oder kleine Abfalleimer, ohne unn\u00f6tig Platz einzunehmen.  <\/p>\n<p data-start=\"566\" data-end=\"1060\">Hergestellt aus hochwertigem <strong>HD-Polyethylen<\/strong>, widersteht er dem kleinen Alltagsm\u00fcll (K\u00fcchenrolle, Taschent\u00fccher, leichte Verpackungen\u2026) ohne Risse oder Lecks zu bef\u00fcrchten. Seine <strong>wei\u00dfe<\/strong> Farbe, eleganter als Schwarz, verleiht einen Hauch von Sauberkeit und Diskretion, besonders in gepflegten Bereichen (Hotellerie, B\u00fcros, Praxen, G\u00e4stezimmer). Die Sternbodennaht garantiert einen sauberen Verschluss und einen gut geformten Beutel, der einfach zu handhaben ist.  <\/p>\n<p data-start=\"1062\" data-end=\"1395\">Das Abrollen ist fl\u00fcssig und schnell: Ziehen Sie sanft, trennen Sie ab, und schon ist er einsatzbereit. Das <strong>Rollenformat<\/strong> (<strong>50 Beutel<\/strong>) ist praktisch f\u00fcr eine effiziente Verteilung, insbesondere in Unternehmen, \u00f6ffentlichen Einrichtungen oder Hotels. Zudem kann der <strong>Beutel<\/strong> mit Haushaltskunststoffen recycelt werden, was zur Reduzierung der Umweltbelastung beitr\u00e4gt.  <\/p>\n<p data-start=\"1397\" data-end=\"1725\">Ein unverzichtbares Produkt, perfekt f\u00fcr jeden <strong>10-L-M\u00fclleimer<\/strong>, unkompliziert.<\/p>\n<p data-start=\"1397\" data-end=\"1725\">\n<\/div>\n<\/div>\n<\/div>\n<\/div>\n<p><!--more--><\/p>\n<h4>Vorteile :<\/h4>\n<ul>\n<li>Ideal f\u00fcr kleine Beh\u00e4lter, praktisch als 50er-Rolle.<\/li>\n<li>Hochdichtes Polyethylen 9 \u00b5, rei\u00df- und fl\u00fcssigkeitsdicht.<\/li>\n<li>Sauberes, schlichtes Wei\u00df, unterstreicht die Sauberkeit des Raumes.<\/li>\n<li>Ist recyclingf\u00e4hig.<\/li>\n<li>F\u00fcr B\u00fcros, Hotellerie, Wartezimmer, anspruchsvolle Privathaushalte.<\/li>\n<\/ul>\n<p>&nbsp;<\/p>\n<p><!--more--><\/p>\n<h4>Weitere Informationen zu diesem Produkt :<\/h4>\n<ul style=\"font-family: Roboto, sans-serif;\">\n<li><strong>Verpackung<\/strong>: Rolle mit 50 Beuteln<\/li>\n<li><span style=\"font-weight: bold;\">Volumen: <\/span>10 L<\/li>\n<li><strong>Farbe<\/strong>: Wei\u00df<\/li>\n<li><strong>Material<\/strong>: PE HD<\/li>\n<\/ul>\n<p>&nbsp;<\/p>\n<p><!--more--><\/p>\n<p>Dieser M\u00fcllbeutel ist auch in 20 L erh\u00e4ltlich: <span style=\"color: #d12727;\"><a style=\"color: #d12727;\" href=\"https:\/\/www.csj-emballages.com\/de\/produit\/50-muellsaecke-20-liter-weiss-9-%c2%b5\/\">SP20BL<\/a><\/span><\/p>\n<p>&nbsp;<\/p>\n<p style=\"text-align: left;\"><!--more--><\/p>\n<p><a href=\"https:\/\/www.csj-emballages.com\/de\/categorie-produit\/hygiene-und-pflege\/mullsacke\/\">Entdecken Sie unser weiteres M\u00fcllbeutel-Sortiment<\/a><\/p>\n","protected":false},"excerpt":{"rendered":"<p>Wei\u00dfer M\u00fcllbeutel Beschreibung unseres wei\u00dfen M\u00fcllbeutels 10 L, 9 \u00b5, 50 St\u00fcck<\/p>\n","protected":false},"featured_media":263214,"template":"","meta":{"_acf_changed":false},"product_brand":[],"product_cat":[1218,1873],"product_tag":[],"class_list":{"0":"post-23731","1":"product","2":"type-product","3":"status-publish","4":"has-post-thumbnail","6":"product_cat-hygiene-und-pflege","7":"product_cat-mullsacke","9":"first","10":"instock","11":"taxable","12":"shipping-taxable","13":"purchasable","14":"product-type-simple"},"acf":[],"yoast_head":"<!-- This site is optimized with the Yoast SEO Premium plugin v26.6 (Yoast SEO v26.6) - https:\/\/yoast.com\/wordpress\/plugins\/seo\/ -->\n<title>Wei\u00dfer M\u00fcllbeutel 10 L, 9 \u00b5, 50 St\u00fcck<\/title>\n<meta name=\"description\" content=\"Wei\u00dfer HD-M\u00fcllbeutel 10 L, St\u00e4rke 9 \u00b5, Rolle mit 50 St\u00fcck. Diskret, robust und recycelbar \u2013 ideal f\u00fcr B\u00fcros, Badezimmer und leichten professionellen Gebrauch.\" \/>\n<meta name=\"robots\" content=\"index, follow, max-snippet:-1, max-image-preview:large, max-video-preview:-1\" \/>\n<link rel=\"canonical\" href=\"https:\/\/www.csj-emballages.com\/de\/produit\/50-muellsaecke-10-liter-weiss-9-%c2%b5\/\" \/>\n<meta property=\"og:locale\" content=\"de_DE\" \/>\n<meta property=\"og:type\" content=\"article\" \/>\n<meta property=\"og:title\" content=\"Wei\u00dfer M\u00fcllbeutel 10 L, 9 \u00b5, 50 St\u00fcck\" \/>\n<meta property=\"og:description\" content=\"Wei\u00dfer HD-M\u00fcllbeutel 10 L, St\u00e4rke 9 \u00b5, Rolle mit 50 St\u00fcck. Diskret, robust und recycelbar \u2013 ideal f\u00fcr B\u00fcros, Badezimmer und leichten professionellen Gebrauch.\" \/>\n<meta property=\"og:url\" content=\"https:\/\/www.csj-emballages.com\/de\/produit\/50-muellsaecke-10-liter-weiss-9-%c2%b5\/\" \/>\n<meta property=\"og:site_name\" content=\"CSJ Emballages\" \/>\n<meta property=\"article:publisher\" content=\"https:\/\/www.facebook.com\/csjemballages\" \/>\n<meta property=\"article:modified_time\" content=\"2026-05-07T00:19:26+00:00\" \/>\n<meta property=\"og:image\" content=\"https:\/\/www.csj-emballages.com\/wp-content\/uploads\/2024\/03\/SP10.webp\" \/>\n\t<meta property=\"og:image:width\" content=\"800\" \/>\n\t<meta property=\"og:image:height\" content=\"800\" \/>\n\t<meta property=\"og:image:type\" content=\"image\/webp\" \/>\n<meta name=\"twitter:card\" content=\"summary_large_image\" \/>\n<meta name=\"twitter:label1\" content=\"Gesch\u00e4tzte Lesezeit\" \/>\n\t<meta name=\"twitter:data1\" content=\"1\u00a0Minute\" \/>\n<script type=\"application\/ld+json\" class=\"yoast-schema-graph\">{\"@context\":\"https:\/\/schema.org\",\"@graph\":[{\"@type\":\"WebPage\",\"@id\":\"https:\/\/www.csj-emballages.com\/de\/produit\/50-muellsaecke-10-liter-weiss-9-%c2%b5\/\",\"url\":\"https:\/\/www.csj-emballages.com\/de\/produit\/50-muellsaecke-10-liter-weiss-9-%c2%b5\/\",\"name\":\"Wei\u00dfer M\u00fcllbeutel 10 L, 9 \u00b5, 50 St\u00fcck\",\"isPartOf\":{\"@id\":\"https:\/\/www.csj-emballages.com\/de\/#website\"},\"primaryImageOfPage\":{\"@id\":\"https:\/\/www.csj-emballages.com\/de\/produit\/50-muellsaecke-10-liter-weiss-9-%c2%b5\/#primaryimage\"},\"image\":{\"@id\":\"https:\/\/www.csj-emballages.com\/de\/produit\/50-muellsaecke-10-liter-weiss-9-%c2%b5\/#primaryimage\"},\"thumbnailUrl\":\"https:\/\/www.csj-emballages.com\/wp-content\/uploads\/2024\/03\/SP10.webp\",\"datePublished\":\"2024-03-01T15:49:07+00:00\",\"dateModified\":\"2026-05-07T00:19:26+00:00\",\"description\":\"Wei\u00dfer HD-M\u00fcllbeutel 10 L, St\u00e4rke 9 \u00b5, Rolle mit 50 St\u00fcck. Diskret, robust und recycelbar \u2013 ideal f\u00fcr B\u00fcros, Badezimmer und leichten professionellen Gebrauch.\",\"breadcrumb\":{\"@id\":\"https:\/\/www.csj-emballages.com\/de\/produit\/50-muellsaecke-10-liter-weiss-9-%c2%b5\/#breadcrumb\"},\"inLanguage\":\"de\",\"potentialAction\":[{\"@type\":\"ReadAction\",\"target\":[\"https:\/\/www.csj-emballages.com\/de\/produit\/50-muellsaecke-10-liter-weiss-9-%c2%b5\/\"]}]},{\"@type\":\"ImageObject\",\"inLanguage\":\"de\",\"@id\":\"https:\/\/www.csj-emballages.com\/de\/produit\/50-muellsaecke-10-liter-weiss-9-%c2%b5\/#primaryimage\",\"url\":\"https:\/\/www.csj-emballages.com\/wp-content\/uploads\/2024\/03\/SP10.webp\",\"contentUrl\":\"https:\/\/www.csj-emballages.com\/wp-content\/uploads\/2024\/03\/SP10.webp\",\"width\":800,\"height\":800,\"caption\":\"Sac poubelle blanc\"},{\"@type\":\"BreadcrumbList\",\"@id\":\"https:\/\/www.csj-emballages.com\/de\/produit\/50-muellsaecke-10-liter-weiss-9-%c2%b5\/#breadcrumb\",\"itemListElement\":[{\"@type\":\"ListItem\",\"position\":1,\"name\":\"Accueil\",\"item\":\"https:\/\/www.csj-emballages.com\/de\/universum-lebensmittelverpackungen\/\"},{\"@type\":\"ListItem\",\"position\":2,\"name\":\"Shop\",\"item\":\"https:\/\/www.csj-emballages.com\/shop\/\"},{\"@type\":\"ListItem\",\"position\":3,\"name\":\"Wei\u00dfer M\u00fcllbeutel 10 L, 9 \u00b5, 50 St\u00fcck\"}]},{\"@type\":\"WebSite\",\"@id\":\"https:\/\/www.csj-emballages.com\/de\/#website\",\"url\":\"https:\/\/www.csj-emballages.com\/de\/\",\"name\":\"CSJ Emballages\",\"description\":\"\",\"publisher\":{\"@id\":\"https:\/\/www.csj-emballages.com\/de\/#organization\"},\"potentialAction\":[{\"@type\":\"SearchAction\",\"target\":{\"@type\":\"EntryPoint\",\"urlTemplate\":\"https:\/\/www.csj-emballages.com\/de\/?s={search_term_string}\"},\"query-input\":{\"@type\":\"PropertyValueSpecification\",\"valueRequired\":true,\"valueName\":\"search_term_string\"}}],\"inLanguage\":\"de\"},{\"@type\":\"Organization\",\"@id\":\"https:\/\/www.csj-emballages.com\/de\/#Organization\/\",\"name\":\"CSJ Emballages\",\"url\":\"https:\/\/www.csj-emballages.com\/de\/\",\"logo\":{\"@type\":\"ImageObject\",\"inLanguage\":\"de\",\"@id\":\"https:\/\/www.csj-emballages.com\/de\/#\/schema\/logo\/image\/\",\"url\":\"https:\/\/www.csj-emballages.com\/wp-content\/uploads\/2023\/10\/logo_csj.webp\",\"contentUrl\":\"https:\/\/www.csj-emballages.com\/wp-content\/uploads\/2023\/10\/logo_csj.webp\",\"width\":250,\"height\":95,\"caption\":\"CSJ Emballages\"},\"image\":{\"@id\":\"https:\/\/www.csj-emballages.com\/de\/#\/schema\/logo\/image\/\"},\"sameAs\":[\"https:\/\/www.facebook.com\/csjemballages\"],\"address\":{\"@type\":\"PostalAddress\",\"streetAddress\":\"ZI La Lechere\",\"addressLocality\":\"Patornay\",\"postalCode\":\"39130\",\"addressCountry\":\"FR\"},\"contactPoint\":[{\"@type\":\"ContactPoint\",\"contactType\":\"Service client\",\"telephone\":\"0384254272\",\"email\":\"contact@csj-emballages.com\"}]}]}<\/script>\n<!-- \/ Yoast SEO Premium plugin. -->","yoast_head_json":{"title":"Wei\u00dfer M\u00fcllbeutel 10 L, 9 \u00b5, 50 St\u00fcck","description":"Wei\u00dfer HD-M\u00fcllbeutel 10 L, St\u00e4rke 9 \u00b5, Rolle mit 50 St\u00fcck. Diskret, robust und recycelbar \u2013 ideal f\u00fcr B\u00fcros, Badezimmer und leichten professionellen Gebrauch.","robots":{"index":"index","follow":"follow","max-snippet":"max-snippet:-1","max-image-preview":"max-image-preview:large","max-video-preview":"max-video-preview:-1"},"canonical":"https:\/\/www.csj-emballages.com\/de\/produit\/50-muellsaecke-10-liter-weiss-9-%c2%b5\/","og_locale":"de_DE","og_type":"article","og_title":"Wei\u00dfer M\u00fcllbeutel 10 L, 9 \u00b5, 50 St\u00fcck","og_description":"Wei\u00dfer HD-M\u00fcllbeutel 10 L, St\u00e4rke 9 \u00b5, Rolle mit 50 St\u00fcck. Diskret, robust und recycelbar \u2013 ideal f\u00fcr B\u00fcros, Badezimmer und leichten professionellen Gebrauch.","og_url":"https:\/\/www.csj-emballages.com\/de\/produit\/50-muellsaecke-10-liter-weiss-9-%c2%b5\/","og_site_name":"CSJ Emballages","article_publisher":"https:\/\/www.facebook.com\/csjemballages","article_modified_time":"2026-05-07T00:19:26+00:00","og_image":[{"width":800,"height":800,"url":"https:\/\/www.csj-emballages.com\/wp-content\/uploads\/2024\/03\/SP10.webp","type":"image\/webp"}],"twitter_card":"summary_large_image","twitter_misc":{"Gesch\u00e4tzte Lesezeit":"1\u00a0Minute"},"schema":{"@context":"https:\/\/schema.org","@graph":[{"@type":"WebPage","@id":"https:\/\/www.csj-emballages.com\/de\/produit\/50-muellsaecke-10-liter-weiss-9-%c2%b5\/","url":"https:\/\/www.csj-emballages.com\/de\/produit\/50-muellsaecke-10-liter-weiss-9-%c2%b5\/","name":"Wei\u00dfer M\u00fcllbeutel 10 L, 9 \u00b5, 50 St\u00fcck","isPartOf":{"@id":"https:\/\/www.csj-emballages.com\/de\/#website"},"primaryImageOfPage":{"@id":"https:\/\/www.csj-emballages.com\/de\/produit\/50-muellsaecke-10-liter-weiss-9-%c2%b5\/#primaryimage"},"image":{"@id":"https:\/\/www.csj-emballages.com\/de\/produit\/50-muellsaecke-10-liter-weiss-9-%c2%b5\/#primaryimage"},"thumbnailUrl":"https:\/\/www.csj-emballages.com\/wp-content\/uploads\/2024\/03\/SP10.webp","datePublished":"2024-03-01T15:49:07+00:00","dateModified":"2026-05-07T00:19:26+00:00","description":"Wei\u00dfer HD-M\u00fcllbeutel 10 L, St\u00e4rke 9 \u00b5, Rolle mit 50 St\u00fcck. Diskret, robust und recycelbar \u2013 ideal f\u00fcr B\u00fcros, Badezimmer und leichten professionellen Gebrauch.","breadcrumb":{"@id":"https:\/\/www.csj-emballages.com\/de\/produit\/50-muellsaecke-10-liter-weiss-9-%c2%b5\/#breadcrumb"},"inLanguage":"de","potentialAction":[{"@type":"ReadAction","target":["https:\/\/www.csj-emballages.com\/de\/produit\/50-muellsaecke-10-liter-weiss-9-%c2%b5\/"]}]},{"@type":"ImageObject","inLanguage":"de","@id":"https:\/\/www.csj-emballages.com\/de\/produit\/50-muellsaecke-10-liter-weiss-9-%c2%b5\/#primaryimage","url":"https:\/\/www.csj-emballages.com\/wp-content\/uploads\/2024\/03\/SP10.webp","contentUrl":"https:\/\/www.csj-emballages.com\/wp-content\/uploads\/2024\/03\/SP10.webp","width":800,"height":800,"caption":"Sac poubelle blanc"},{"@type":"BreadcrumbList","@id":"https:\/\/www.csj-emballages.com\/de\/produit\/50-muellsaecke-10-liter-weiss-9-%c2%b5\/#breadcrumb","itemListElement":[{"@type":"ListItem","position":1,"name":"Accueil","item":"https:\/\/www.csj-emballages.com\/de\/universum-lebensmittelverpackungen\/"},{"@type":"ListItem","position":2,"name":"Shop","item":"https:\/\/www.csj-emballages.com\/shop\/"},{"@type":"ListItem","position":3,"name":"Wei\u00dfer M\u00fcllbeutel 10 L, 9 \u00b5, 50 St\u00fcck"}]},{"@type":"WebSite","@id":"https:\/\/www.csj-emballages.com\/de\/#website","url":"https:\/\/www.csj-emballages.com\/de\/","name":"CSJ Emballages","description":"","publisher":{"@id":"https:\/\/www.csj-emballages.com\/de\/#organization"},"potentialAction":[{"@type":"SearchAction","target":{"@type":"EntryPoint","urlTemplate":"https:\/\/www.csj-emballages.com\/de\/?s={search_term_string}"},"query-input":{"@type":"PropertyValueSpecification","valueRequired":true,"valueName":"search_term_string"}}],"inLanguage":"de"},{"@type":"Organization","@id":"https:\/\/www.csj-emballages.com\/de\/#Organization\/","name":"CSJ Emballages","url":"https:\/\/www.csj-emballages.com\/de\/","logo":{"@type":"ImageObject","inLanguage":"de","@id":"https:\/\/www.csj-emballages.com\/de\/#\/schema\/logo\/image\/","url":"https:\/\/www.csj-emballages.com\/wp-content\/uploads\/2023\/10\/logo_csj.webp","contentUrl":"https:\/\/www.csj-emballages.com\/wp-content\/uploads\/2023\/10\/logo_csj.webp","width":250,"height":95,"caption":"CSJ Emballages"},"image":{"@id":"https:\/\/www.csj-emballages.com\/de\/#\/schema\/logo\/image\/"},"sameAs":["https:\/\/www.facebook.com\/csjemballages"],"address":{"@type":"PostalAddress","streetAddress":"ZI La Lechere","addressLocality":"Patornay","postalCode":"39130","addressCountry":"FR"},"contactPoint":[{"@type":"ContactPoint","contactType":"Service client","telephone":"0384254272","email":"contact@csj-emballages.com"}]}]}},"df_price":0.8,"df_sale_price":"","df_regular_price":0.8,"df_image_link":"https:\/\/www.csj-emballages.com\/wp-content\/uploads\/2024\/03\/SP10-300x300.webp","tiered_pricing_type":"fixed","tiered_pricing_fixed_rules":[],"tiered_pricing_percentage_rules":[],"tiered_pricing_minimum":1,"tiered_pricing_roles_data":[],"_links":{"self":[{"href":"https:\/\/www.csj-emballages.com\/de\/wp-json\/wp\/v2\/product\/23731","targetHints":{"allow":["GET"]}}],"collection":[{"href":"https:\/\/www.csj-emballages.com\/de\/wp-json\/wp\/v2\/product"}],"about":[{"href":"https:\/\/www.csj-emballages.com\/de\/wp-json\/wp\/v2\/types\/product"}],"wp:featuredmedia":[{"embeddable":true,"href":"https:\/\/www.csj-emballages.com\/de\/wp-json\/wp\/v2\/media\/263214"}],"wp:attachment":[{"href":"https:\/\/www.csj-emballages.com\/de\/wp-json\/wp\/v2\/media?parent=23731"}],"wp:term":[{"taxonomy":"product_brand","embeddable":true,"href":"https:\/\/www.csj-emballages.com\/de\/wp-json\/wp\/v2\/product_brand?post=23731"},{"taxonomy":"product_cat","embeddable":true,"href":"https:\/\/www.csj-emballages.com\/de\/wp-json\/wp\/v2\/product_cat?post=23731"},{"taxonomy":"product_tag","embeddable":true,"href":"https:\/\/www.csj-emballages.com\/de\/wp-json\/wp\/v2\/product_tag?post=23731"}],"curies":[{"name":"wp","href":"https:\/\/api.w.org\/{rel}","templated":true}]}}