{"id":23727,"date":"2024-03-01T16:49:07","date_gmt":"2024-03-01T15:49:07","guid":{"rendered":"https:\/\/u15jnbdpoq.preview.infomaniak.website\/produit\/10-muellsaecke-150-liter-schwarz-50-%c2%b5\/"},"modified":"2026-04-28T02:19:14","modified_gmt":"2026-04-28T00:19:14","slug":"10-muellsaecke-150-liter-schwarz-50-%c2%b5","status":"publish","type":"product","link":"https:\/\/www.csj-emballages.com\/de\/produit\/10-muellsaecke-150-liter-schwarz-50-%c2%b5\/","title":{"rendered":"M\u00fcllsack 150 Liter schwarz 50 \u00b5 im 10er-Pack"},"content":{"rendered":"<h2>M\u00fcllsack<\/h2>\n<hr>\n<h3>Entdecken Sie unseren M\u00fcllsack 130 Liter, schwarz, 75 \u00b5, im 10er-Pack.<\/h3>\n<p><!--more--><\/p>\n<p data-start=\"189\" data-end=\"541\">Wenn die Mengen gro\u00df werden, m\u00fcssen Sie sich auf wirklich zuverl\u00e4ssige S\u00e4cke verlassen k\u00f6nnen. Dieser <strong data-start=\"288\" data-end=\"320\">schwarze 150-Liter-M\u00fcllsack<\/strong> mit einer St\u00e4rke von <strong data-start=\"344\" data-end=\"358\">50 Mikron<\/strong> ist daf\u00fcr konzipiert, schwere und sperrige Abf\u00e4lle ohne b\u00f6se \u00dcberraschungen zu entsorgen. Er bietet eine ausgezeichnete Rei\u00dffestigkeit und minimiert das Risiko von Rissen, selbst wenn er gut gef\u00fcllt ist.  <\/p>\n<p data-start=\"543\" data-end=\"842\">Sein <strong>gro\u00dfes Format<\/strong> erm\u00f6glicht eine effiziente Sammlung von Abf\u00e4llen aus Gro\u00dfk\u00fcchen, Werkst\u00e4tten, \u00f6ffentlichen Einrichtungen oder Lagerbereichen. Zudem sorgt seine <strong>schwarze Farbe<\/strong> f\u00fcr perfekte Opazit\u00e4t, was praktisch ist, um den Inhalt zu verbergen und einen optisch sauberen Bereich zu erhalten. <\/p>\n<p data-start=\"844\" data-end=\"1135\">Dank seiner <strong>verst\u00e4rkten Dicke<\/strong> h\u00e4lt dieser <strong>Sack<\/strong> Gewicht und wiederholten Handhabungen stand. Er l\u00e4sst sich leicht in passende Beh\u00e4lter einsetzen und bleibt w\u00e4hrend der gesamten Nutzungsdauer sicher an seinem Platz. Einmal gef\u00fcllt, l\u00e4sst er sich m\u00fchelos verschlie\u00dfen und ohne Angst vor Undichtigkeiten transportieren.  <\/p>\n<p data-start=\"1137\" data-end=\"1339\"><strong data-start=\"1143\" data-end=\"1160\">Im 10er-Pack<\/strong> verkauft, ist dieses Format ideal f\u00fcr gelegentlichen wie auch f\u00fcr regelm\u00e4\u00dfigen Gebrauch. Es erm\u00f6glicht die Bew\u00e4ltigung gro\u00dfer Mengen, ohne die Artikelnummern zu vervielfachen, und vereinfacht die Lagerverwaltung. <\/p>\n<p data-start=\"1341\" data-end=\"1584\">Zusammenfassend kombiniert dieser <strong>150-Liter-M\u00fcllsack<\/strong> Kapazit\u00e4t, Robustheit und Praktikabilit\u00e4t. Er ist eine einfache und effektive L\u00f6sung, um R\u00e4ume sauber zu halten und die Abfallentsorgung in den anspruchsvollsten professionellen Umgebungen zu organisieren. <\/p>\n<p data-start=\"1341\" data-end=\"1584\">\n<p data-start=\"1421\" data-end=\"1628\"><!--more--><\/p>\n<h4 data-start=\"1421\" data-end=\"1628\">Vorteile :<\/h4>\n<ul>\n<li data-start=\"1612\" data-end=\"1644\">Gro\u00dfes Fassungsverm\u00f6gen von <strong>150 Litern<\/strong>.<\/li>\n<li data-start=\"1647\" data-end=\"1694\"><strong>50 Mikron St\u00e4rke<\/strong> f\u00fcr mehr Widerstandsf\u00e4higkeit.<\/li>\n<li data-start=\"1697\" data-end=\"1720\">Opake schwarze Farbe.<\/li>\n<li data-start=\"1723\" data-end=\"1765\">Geeignet f\u00fcr schwere und sperrige Abf\u00e4lle.<\/li>\n<li data-start=\"1768\" data-end=\"1791\">Einfache Handhabung.<\/li>\n<li data-start=\"1794\" data-end=\"1818\">Praktisches <strong>10er-Pack<\/strong>.<\/li>\n<\/ul>\n<p>&nbsp;<\/p>\n<p><!--more--><\/p>\n<h4>Weitere Informationen :<\/h4>\n<ul style=\"font-family: Roboto, sans-serif;\">\n<li><strong>Verpackung<\/strong>: 10er-Rolle<\/li>\n<li><strong>Abmessungen<\/strong>: 820 mm x 1350 mm<\/li>\n<li><span style=\"font-weight: bold;\">Volumen: <\/span>150 Liter<\/li>\n<li><strong>St\u00e4rke<\/strong>: 50 \u00b5<\/li>\n<li><strong>Farbe<\/strong>: Schwarz<\/li>\n<li><strong>Material<\/strong>: PE HD<\/li>\n<\/ul>\n<p>&nbsp;<\/p>\n<p><!--more--><\/p>\n<p>Dieser 150-Liter-M\u00fcllsack ist in verschiedenen Gr\u00f6\u00dfen erh\u00e4ltlich: <span style=\"color: #d12727;\"><a style=\"color: #d12727;\" href=\"https:\/\/www.csj-emballages.com\/produit\/25-sacs-poubelles-130-litres-noirs-40-%c2%b5\/\">130 Liter (40 \u00b5)<\/a><\/span> \/ <span style=\"color: #d12727;\"><a style=\"color: #d12727;\" href=\"https:\/\/www.csj-emballages.com\/produit\/10-sacs-poubelles-130-litres-noirs-75-%c2%b5\/\">130 Liter (75 \u00b5)<\/a><\/span> \/ <span style=\"color: #d12727;\"><a style=\"color: #d12727;\" href=\"https:\/\/www.csj-emballages.com\/de\/produit\/10-muellsaecke-160-liter-transparent-50-%c2%b5\/\">160 Liter (50 \u00b5)<\/a><\/span> \/ <span style=\"color: #d12727;\"><a style=\"color: #d12727;\" href=\"https:\/\/www.csj-emballages.com\/de\/produit\/10-muellsaecke-160-liter-schwarz-55-%c2%b5\/\">160 Liter (55 \u00b5)<\/a> <\/span>\/<span style=\"color: #d12727;\"><a style=\"color: #d12727;\" href=\"https:\/\/www.csj-emballages.com\/de\/categorie-produit\/hygiene-und-pflege\/mullsacke\/\">&#8230;<\/a><\/span><\/p>\n<p>&nbsp;<\/p>\n<p><!--more--><\/p>\n<p><a href=\"https:\/\/www.csj-emballages.com\/de\/categorie-produit\/hygiene-und-pflege\/mullsacke\/\">Sehen Sie sich den Rest unseres Sortiments an M\u00fcllbeuteln an<\/a><\/p>\n","protected":false},"excerpt":{"rendered":"<p>M\u00fcllsack Entdecken Sie unseren M\u00fcllsack 130 Liter, schwarz, 75 \u00b5, im 10er-Pack.<\/p>\n","protected":false},"featured_media":222413,"template":"","meta":{"_acf_changed":false},"product_brand":[],"product_cat":[1218,1873],"product_tag":[],"class_list":{"0":"post-23727","1":"product","2":"type-product","3":"status-publish","4":"has-post-thumbnail","6":"product_cat-hygiene-und-pflege","7":"product_cat-mullsacke","9":"first","10":"instock","11":"taxable","12":"shipping-taxable","13":"purchasable","14":"product-type-simple"},"acf":[],"yoast_head":"<!-- This site is optimized with the Yoast SEO Premium plugin v26.6 (Yoast SEO v26.6) - https:\/\/yoast.com\/wordpress\/plugins\/seo\/ -->\n<title>M\u00fcllsack 150 Liter Schwarz 50 \u00b5 im 10er-Pack<\/title>\n<meta name=\"description\" content=\"Schwarzer M\u00fcllsack 150 Liter 50 Mikron, im 10er-Pack verkauft. Robust, mit gro\u00dfem Fassungsverm\u00f6gen und ideal f\u00fcr die Abfallentsorgung im professionellen Umfeld.\" \/>\n<meta name=\"robots\" content=\"index, follow, max-snippet:-1, max-image-preview:large, max-video-preview:-1\" \/>\n<link rel=\"canonical\" href=\"https:\/\/www.csj-emballages.com\/de\/produit\/10-muellsaecke-150-liter-schwarz-50-%c2%b5\/\" \/>\n<meta property=\"og:locale\" content=\"de_DE\" \/>\n<meta property=\"og:type\" content=\"article\" \/>\n<meta property=\"og:title\" content=\"M\u00fcllsack 150 Liter schwarz 50 \u00b5 im 10er-Pack\" \/>\n<meta property=\"og:description\" content=\"Schwarzer M\u00fcllsack 150 Liter 50 Mikron, im 10er-Pack verkauft. Robust, mit gro\u00dfem Fassungsverm\u00f6gen und ideal f\u00fcr die Abfallentsorgung im professionellen Umfeld.\" \/>\n<meta property=\"og:url\" content=\"https:\/\/www.csj-emballages.com\/de\/produit\/10-muellsaecke-150-liter-schwarz-50-%c2%b5\/\" \/>\n<meta property=\"og:site_name\" content=\"CSJ Emballages\" \/>\n<meta property=\"article:publisher\" content=\"https:\/\/www.facebook.com\/csjemballages\" \/>\n<meta property=\"article:modified_time\" content=\"2026-04-28T00:19:14+00:00\" \/>\n<meta property=\"og:image\" content=\"https:\/\/www.csj-emballages.com\/wp-content\/uploads\/2024\/03\/Sac-housse.webp\" \/>\n\t<meta property=\"og:image:width\" content=\"800\" \/>\n\t<meta property=\"og:image:height\" content=\"800\" \/>\n\t<meta property=\"og:image:type\" content=\"image\/webp\" \/>\n<meta name=\"twitter:card\" content=\"summary_large_image\" \/>\n<meta name=\"twitter:label1\" content=\"Gesch\u00e4tzte Lesezeit\" \/>\n\t<meta name=\"twitter:data1\" content=\"2 Minuten\" \/>\n<script type=\"application\/ld+json\" class=\"yoast-schema-graph\">{\"@context\":\"https:\/\/schema.org\",\"@graph\":[{\"@type\":\"WebPage\",\"@id\":\"https:\/\/www.csj-emballages.com\/de\/produit\/10-muellsaecke-150-liter-schwarz-50-%c2%b5\/\",\"url\":\"https:\/\/www.csj-emballages.com\/de\/produit\/10-muellsaecke-150-liter-schwarz-50-%c2%b5\/\",\"name\":\"M\u00fcllsack 150 Liter Schwarz 50 \u00b5 im 10er-Pack\",\"isPartOf\":{\"@id\":\"https:\/\/www.csj-emballages.com\/de\/#website\"},\"primaryImageOfPage\":{\"@id\":\"https:\/\/www.csj-emballages.com\/de\/produit\/10-muellsaecke-150-liter-schwarz-50-%c2%b5\/#primaryimage\"},\"image\":{\"@id\":\"https:\/\/www.csj-emballages.com\/de\/produit\/10-muellsaecke-150-liter-schwarz-50-%c2%b5\/#primaryimage\"},\"thumbnailUrl\":\"https:\/\/www.csj-emballages.com\/wp-content\/uploads\/2024\/03\/Sac-housse.webp\",\"datePublished\":\"2024-03-01T15:49:07+00:00\",\"dateModified\":\"2026-04-28T00:19:14+00:00\",\"description\":\"Schwarzer M\u00fcllsack 150 Liter 50 Mikron, im 10er-Pack verkauft. Robust, mit gro\u00dfem Fassungsverm\u00f6gen und ideal f\u00fcr die Abfallentsorgung im professionellen Umfeld.\",\"breadcrumb\":{\"@id\":\"https:\/\/www.csj-emballages.com\/de\/produit\/10-muellsaecke-150-liter-schwarz-50-%c2%b5\/#breadcrumb\"},\"inLanguage\":\"de\",\"potentialAction\":[{\"@type\":\"ReadAction\",\"target\":[\"https:\/\/www.csj-emballages.com\/de\/produit\/10-muellsaecke-150-liter-schwarz-50-%c2%b5\/\"]}]},{\"@type\":\"ImageObject\",\"inLanguage\":\"de\",\"@id\":\"https:\/\/www.csj-emballages.com\/de\/produit\/10-muellsaecke-150-liter-schwarz-50-%c2%b5\/#primaryimage\",\"url\":\"https:\/\/www.csj-emballages.com\/wp-content\/uploads\/2024\/03\/Sac-housse.webp\",\"contentUrl\":\"https:\/\/www.csj-emballages.com\/wp-content\/uploads\/2024\/03\/Sac-housse.webp\",\"width\":800,\"height\":800,\"caption\":\"Sac poubelle\"},{\"@type\":\"BreadcrumbList\",\"@id\":\"https:\/\/www.csj-emballages.com\/de\/produit\/10-muellsaecke-150-liter-schwarz-50-%c2%b5\/#breadcrumb\",\"itemListElement\":[{\"@type\":\"ListItem\",\"position\":1,\"name\":\"Accueil\",\"item\":\"https:\/\/www.csj-emballages.com\/de\/universum-lebensmittelverpackungen\/\"},{\"@type\":\"ListItem\",\"position\":2,\"name\":\"Shop\",\"item\":\"https:\/\/www.csj-emballages.com\/shop\/\"},{\"@type\":\"ListItem\",\"position\":3,\"name\":\"M\u00fcllsack 150 Liter schwarz 50 \u00b5 im 10er-Pack\"}]},{\"@type\":\"WebSite\",\"@id\":\"https:\/\/www.csj-emballages.com\/de\/#website\",\"url\":\"https:\/\/www.csj-emballages.com\/de\/\",\"name\":\"CSJ Emballages\",\"description\":\"\",\"publisher\":{\"@id\":\"https:\/\/www.csj-emballages.com\/de\/#organization\"},\"potentialAction\":[{\"@type\":\"SearchAction\",\"target\":{\"@type\":\"EntryPoint\",\"urlTemplate\":\"https:\/\/www.csj-emballages.com\/de\/?s={search_term_string}\"},\"query-input\":{\"@type\":\"PropertyValueSpecification\",\"valueRequired\":true,\"valueName\":\"search_term_string\"}}],\"inLanguage\":\"de\"},{\"@type\":\"Organization\",\"@id\":\"https:\/\/www.csj-emballages.com\/de\/#Organization\/\",\"name\":\"CSJ Emballages\",\"url\":\"https:\/\/www.csj-emballages.com\/de\/\",\"logo\":{\"@type\":\"ImageObject\",\"inLanguage\":\"de\",\"@id\":\"https:\/\/www.csj-emballages.com\/de\/#\/schema\/logo\/image\/\",\"url\":\"https:\/\/www.csj-emballages.com\/wp-content\/uploads\/2023\/10\/logo_csj.webp\",\"contentUrl\":\"https:\/\/www.csj-emballages.com\/wp-content\/uploads\/2023\/10\/logo_csj.webp\",\"width\":250,\"height\":95,\"caption\":\"CSJ Emballages\"},\"image\":{\"@id\":\"https:\/\/www.csj-emballages.com\/de\/#\/schema\/logo\/image\/\"},\"sameAs\":[\"https:\/\/www.facebook.com\/csjemballages\"],\"address\":{\"@type\":\"PostalAddress\",\"streetAddress\":\"ZI La Lechere\",\"addressLocality\":\"Patornay\",\"postalCode\":\"39130\",\"addressCountry\":\"FR\"},\"contactPoint\":[{\"@type\":\"ContactPoint\",\"contactType\":\"Service client\",\"telephone\":\"0384254272\",\"email\":\"contact@csj-emballages.com\"}]}]}<\/script>\n<!-- \/ Yoast SEO Premium plugin. -->","yoast_head_json":{"title":"M\u00fcllsack 150 Liter Schwarz 50 \u00b5 im 10er-Pack","description":"Schwarzer M\u00fcllsack 150 Liter 50 Mikron, im 10er-Pack verkauft. Robust, mit gro\u00dfem Fassungsverm\u00f6gen und ideal f\u00fcr die Abfallentsorgung im professionellen Umfeld.","robots":{"index":"index","follow":"follow","max-snippet":"max-snippet:-1","max-image-preview":"max-image-preview:large","max-video-preview":"max-video-preview:-1"},"canonical":"https:\/\/www.csj-emballages.com\/de\/produit\/10-muellsaecke-150-liter-schwarz-50-%c2%b5\/","og_locale":"de_DE","og_type":"article","og_title":"M\u00fcllsack 150 Liter schwarz 50 \u00b5 im 10er-Pack","og_description":"Schwarzer M\u00fcllsack 150 Liter 50 Mikron, im 10er-Pack verkauft. Robust, mit gro\u00dfem Fassungsverm\u00f6gen und ideal f\u00fcr die Abfallentsorgung im professionellen Umfeld.","og_url":"https:\/\/www.csj-emballages.com\/de\/produit\/10-muellsaecke-150-liter-schwarz-50-%c2%b5\/","og_site_name":"CSJ Emballages","article_publisher":"https:\/\/www.facebook.com\/csjemballages","article_modified_time":"2026-04-28T00:19:14+00:00","og_image":[{"width":800,"height":800,"url":"https:\/\/www.csj-emballages.com\/wp-content\/uploads\/2024\/03\/Sac-housse.webp","type":"image\/webp"}],"twitter_card":"summary_large_image","twitter_misc":{"Gesch\u00e4tzte Lesezeit":"2 Minuten"},"schema":{"@context":"https:\/\/schema.org","@graph":[{"@type":"WebPage","@id":"https:\/\/www.csj-emballages.com\/de\/produit\/10-muellsaecke-150-liter-schwarz-50-%c2%b5\/","url":"https:\/\/www.csj-emballages.com\/de\/produit\/10-muellsaecke-150-liter-schwarz-50-%c2%b5\/","name":"M\u00fcllsack 150 Liter Schwarz 50 \u00b5 im 10er-Pack","isPartOf":{"@id":"https:\/\/www.csj-emballages.com\/de\/#website"},"primaryImageOfPage":{"@id":"https:\/\/www.csj-emballages.com\/de\/produit\/10-muellsaecke-150-liter-schwarz-50-%c2%b5\/#primaryimage"},"image":{"@id":"https:\/\/www.csj-emballages.com\/de\/produit\/10-muellsaecke-150-liter-schwarz-50-%c2%b5\/#primaryimage"},"thumbnailUrl":"https:\/\/www.csj-emballages.com\/wp-content\/uploads\/2024\/03\/Sac-housse.webp","datePublished":"2024-03-01T15:49:07+00:00","dateModified":"2026-04-28T00:19:14+00:00","description":"Schwarzer M\u00fcllsack 150 Liter 50 Mikron, im 10er-Pack verkauft. Robust, mit gro\u00dfem Fassungsverm\u00f6gen und ideal f\u00fcr die Abfallentsorgung im professionellen Umfeld.","breadcrumb":{"@id":"https:\/\/www.csj-emballages.com\/de\/produit\/10-muellsaecke-150-liter-schwarz-50-%c2%b5\/#breadcrumb"},"inLanguage":"de","potentialAction":[{"@type":"ReadAction","target":["https:\/\/www.csj-emballages.com\/de\/produit\/10-muellsaecke-150-liter-schwarz-50-%c2%b5\/"]}]},{"@type":"ImageObject","inLanguage":"de","@id":"https:\/\/www.csj-emballages.com\/de\/produit\/10-muellsaecke-150-liter-schwarz-50-%c2%b5\/#primaryimage","url":"https:\/\/www.csj-emballages.com\/wp-content\/uploads\/2024\/03\/Sac-housse.webp","contentUrl":"https:\/\/www.csj-emballages.com\/wp-content\/uploads\/2024\/03\/Sac-housse.webp","width":800,"height":800,"caption":"Sac poubelle"},{"@type":"BreadcrumbList","@id":"https:\/\/www.csj-emballages.com\/de\/produit\/10-muellsaecke-150-liter-schwarz-50-%c2%b5\/#breadcrumb","itemListElement":[{"@type":"ListItem","position":1,"name":"Accueil","item":"https:\/\/www.csj-emballages.com\/de\/universum-lebensmittelverpackungen\/"},{"@type":"ListItem","position":2,"name":"Shop","item":"https:\/\/www.csj-emballages.com\/shop\/"},{"@type":"ListItem","position":3,"name":"M\u00fcllsack 150 Liter schwarz 50 \u00b5 im 10er-Pack"}]},{"@type":"WebSite","@id":"https:\/\/www.csj-emballages.com\/de\/#website","url":"https:\/\/www.csj-emballages.com\/de\/","name":"CSJ Emballages","description":"","publisher":{"@id":"https:\/\/www.csj-emballages.com\/de\/#organization"},"potentialAction":[{"@type":"SearchAction","target":{"@type":"EntryPoint","urlTemplate":"https:\/\/www.csj-emballages.com\/de\/?s={search_term_string}"},"query-input":{"@type":"PropertyValueSpecification","valueRequired":true,"valueName":"search_term_string"}}],"inLanguage":"de"},{"@type":"Organization","@id":"https:\/\/www.csj-emballages.com\/de\/#Organization\/","name":"CSJ Emballages","url":"https:\/\/www.csj-emballages.com\/de\/","logo":{"@type":"ImageObject","inLanguage":"de","@id":"https:\/\/www.csj-emballages.com\/de\/#\/schema\/logo\/image\/","url":"https:\/\/www.csj-emballages.com\/wp-content\/uploads\/2023\/10\/logo_csj.webp","contentUrl":"https:\/\/www.csj-emballages.com\/wp-content\/uploads\/2023\/10\/logo_csj.webp","width":250,"height":95,"caption":"CSJ Emballages"},"image":{"@id":"https:\/\/www.csj-emballages.com\/de\/#\/schema\/logo\/image\/"},"sameAs":["https:\/\/www.facebook.com\/csjemballages"],"address":{"@type":"PostalAddress","streetAddress":"ZI La Lechere","addressLocality":"Patornay","postalCode":"39130","addressCountry":"FR"},"contactPoint":[{"@type":"ContactPoint","contactType":"Service client","telephone":"0384254272","email":"contact@csj-emballages.com"}]}]}},"df_price":2.83,"df_sale_price":"","df_regular_price":2.83,"df_image_link":"https:\/\/www.csj-emballages.com\/wp-content\/uploads\/2024\/03\/Sac-housse-300x300.webp","tiered_pricing_type":"fixed","tiered_pricing_fixed_rules":[],"tiered_pricing_percentage_rules":[],"tiered_pricing_minimum":1,"tiered_pricing_roles_data":[],"_links":{"self":[{"href":"https:\/\/www.csj-emballages.com\/de\/wp-json\/wp\/v2\/product\/23727","targetHints":{"allow":["GET"]}}],"collection":[{"href":"https:\/\/www.csj-emballages.com\/de\/wp-json\/wp\/v2\/product"}],"about":[{"href":"https:\/\/www.csj-emballages.com\/de\/wp-json\/wp\/v2\/types\/product"}],"wp:featuredmedia":[{"embeddable":true,"href":"https:\/\/www.csj-emballages.com\/de\/wp-json\/wp\/v2\/media\/222413"}],"wp:attachment":[{"href":"https:\/\/www.csj-emballages.com\/de\/wp-json\/wp\/v2\/media?parent=23727"}],"wp:term":[{"taxonomy":"product_brand","embeddable":true,"href":"https:\/\/www.csj-emballages.com\/de\/wp-json\/wp\/v2\/product_brand?post=23727"},{"taxonomy":"product_cat","embeddable":true,"href":"https:\/\/www.csj-emballages.com\/de\/wp-json\/wp\/v2\/product_cat?post=23727"},{"taxonomy":"product_tag","embeddable":true,"href":"https:\/\/www.csj-emballages.com\/de\/wp-json\/wp\/v2\/product_tag?post=23727"}],"curies":[{"name":"wp","href":"https:\/\/api.w.org\/{rel}","templated":true}]}}