{"id":237220,"date":"2025-07-02T08:28:46","date_gmt":"2025-07-02T06:28:46","guid":{"rendered":"https:\/\/www.csj-emballages.com\/produit\/eisloeffel-cpla-wiederverwendbar-95-mm-pro-100\/"},"modified":"2026-04-25T02:12:09","modified_gmt":"2026-04-25T00:12:09","slug":"eisloeffel-cpla-wiederverwendbar-95-mm-pro-100","status":"publish","type":"product","link":"https:\/\/www.csj-emballages.com\/de\/produit\/eisloeffel-cpla-wiederverwendbar-95-mm-pro-100\/","title":{"rendered":"Wiederverwendbarer Eisl\u00f6ffel farbig CPLA 95 mm pro 100"},"content":{"rendered":"<h2 class=\"p1 ai-optimize-26 ai-optimize-introduction\">Eisl\u00f6ffel<\/h2>\n<hr>\n<h3 class=\"ai-optimize-34\">Beschreibung von unserem wiederverwendbaren Eisl\u00f6ffel farbig CPLA 95 mm pro 100<\/h3>\n<p><!--more--><\/p>\n<p class=\"ai-optimize-26 ai-optimize-introduction\" data-start=\"348\" data-end=\"673\">Suchen Sie nach einer nachhaltigen, praktischen und \u00e4sthetischen Alternative zu herk\u00f6mmlichen <strong>Einwegl\u00f6ffeln<\/strong>? Dieser <strong data-start=\"457\" data-end=\"515\">95 mm gro\u00dfe, farbige, wiederverwendbare Eisl\u00f6ffel aus CPLA<\/strong> ist die ideale L\u00f6sung f\u00fcr professionelle Gastronomen, Eisdielen und Caterer, aber auch f\u00fcr umweltbewusste Privatpersonen. <\/p>\n<p class=\"ai-optimize-27\" data-start=\"675\" data-end=\"1124\">Dieser <strong>L\u00f6ffel<\/strong> wird aus <strong data-start=\"697\" data-end=\"705\">CPLA<\/strong> hergestellt, einem biobasierten Material, das aus pflanzlicher St\u00e4rke gewonnen wird, und ist nicht nur <strong data-start=\"790\" data-end=\"806\">wiederverwendbar<\/strong>, sondern auch <strong data-start=\"822\" data-end=\"854\">industriell kompostierbar<\/strong>. Die ergonomische Form des L\u00f6ffels ist so konzipiert, dass er das Verzehren von Eis, Sorbets und cremigen Desserts erleichtert. <\/p>\n<p class=\"ai-optimize-28\" data-start=\"1126\" data-end=\"1477\">Die <strong>wiederverwendbaren Eisl\u00f6ffel<\/strong> sind <strong data-start=\"1162\" data-end=\"1174\">farbenfroh<\/strong> und verleihen Ihren Pr\u00e4sentationen eine lebendige und fr\u00f6hliche Note. Sie eignen sich ideal f\u00fcr Veranstaltungen, Food Trucks oder Buffets, da sie sich von der Masse abheben und gleichzeitig umweltfreundlich sind. Auch die Gr\u00f6\u00dfe von <strong data-start=\"1385\" data-end=\"1403\">100 St\u00fcck<\/strong> ist praktisch f\u00fcr Gesch\u00e4ftsleute und mittelgro\u00dfe Veranstaltungen.  <\/p>\n<p class=\"ai-optimize-29\" data-start=\"1479\" data-end=\"1653\">Kurz gesagt: Entscheiden Sie sich f\u00fcr ein Produkt <strong data-start=\"1518\" data-end=\"1564\">,<\/strong> das <strong data-start=\"1518\" data-end=\"1564\">Funktionalit\u00e4t, Umweltfreundlichkeit<\/strong> und <strong data-start=\"1568\" data-end=\"1588\">ein ansprechendes Design<\/strong> vereint. Ein echter Mehrwert f\u00fcr Ihre Dienstleistung oder Ihre Veranstaltung. <\/p>\n<p data-start=\"1479\" data-end=\"1653\">\n<p><!--more--><\/p>\n<h4 class=\"ai-optimize-37\"><strong>Seine Vorteile :<\/strong><\/h4>\n<ul>\n<li class=\"ai-optimize-38\">Wiederverwendbar und industriell kompostierbar.<\/li>\n<li class=\"ai-optimize-39\">Diese Eisl\u00f6ffel werden aus biobasiertem CPLA hergestellt.<\/li>\n<li class=\"ai-optimize-40\">Widerstandsf\u00e4hig und angenehm im Mund.<\/li>\n<li class=\"ai-optimize-42\"><strong>Praktisches Format<\/strong>: 95 mm, ideal f\u00fcr Desserts.<\/li>\n<li class=\"ai-optimize-46\">Farbiges Design f\u00fcr ein \u00e4sthetisches Erscheinungsbild.<\/li>\n<li class=\"ai-optimize-30\"><strong>100er-Pack<\/strong>: sparsam und gebrauchsfertig.<\/li>\n<\/ul>\n<p>&nbsp;<\/p>\n<p><!--more--><\/p>\n<h4 class=\"ai-optimize-44\">Weitere Informationen :<\/h4>\n<ul>\n<li class=\"ai-optimize-45\"><strong>Verpackung<\/strong>: Packung mit 100 St\u00fcck<\/li>\n<li class=\"ai-optimize-36\"><strong>Ma\u00dfe<\/strong>: 100 mm<\/li>\n<li class=\"ai-optimize-47\"><b>Material <\/b>: CPLA (kristallisierte Polymilchs\u00e4ure)<\/li>\n<li class=\"ai-optimize-38\"><strong>Farbe<\/strong>: Rot \/ Gr\u00fcn \/ Gelb \/ Blau \/ Rosa<\/li>\n<\/ul>\n<p>&nbsp;<\/p>\n<p><!--more--><\/p>\n<p class=\"ai-optimize-34\">Hier finden Sie unsere Eisl\u00f6ffel aus Holz 95 mm pro 100 : <span style=\"color: #d12727\"><a style=\"color: #d12727\" href=\"https:\/\/www.csj-emballages.com\/es\/produit\/100-cucharas-de-hielo-de-madera-95-mm\/\"><span style=\"color: #d12727\">CD9HOLZ<\/span><\/a><\/span><\/p>\n<p>&nbsp;<\/p>\n<p><!--more--><\/p>\n<p class=\"ai-optimize-41\"><a href=\"https:\/\/www.csj-emballages.com\/de\/categorie-produit\/lebensmittelverpackungen\/restauration-de\/teller-einwegbesteck-strohhalme\/gabeln-messer-loffel\/biologisch-abbaubares-besteck\/\">Sehen Sie sich den Rest unseres Sortiments an biologisch abbaubarem Besteck an<\/a><\/p>\n","protected":false},"excerpt":{"rendered":"<p>Eisl\u00f6ffel Beschreibung von unserem wiederverwendbaren Eisl\u00f6ffel farbig CPLA 95 mm pro 100<\/p>\n","protected":false},"featured_media":237213,"template":"","meta":{"_acf_changed":false},"product_brand":[],"product_cat":[1137,1134,3961,2604,2628],"product_tag":[],"class_list":{"0":"post-237220","1":"product","2":"type-product","3":"status-publish","4":"has-post-thumbnail","6":"product_cat-lebensmittelverpackungen","7":"product_cat-restauration-de","8":"product_cat-teller-einwegbesteck-strohhalme","9":"product_cat-gabeln-messer-loffel","10":"product_cat-biologisch-abbaubares-besteck","12":"first","13":"instock","14":"taxable","15":"shipping-taxable","16":"purchasable","17":"product-type-simple"},"acf":[],"yoast_head":"<!-- This site is optimized with the Yoast SEO Premium plugin v26.6 (Yoast SEO v26.6) - https:\/\/yoast.com\/wordpress\/plugins\/seo\/ -->\n<title>Eisl\u00f6ffel Wiederverwendbar Farbig CPLA 95 mm pro 100<\/title>\n<meta name=\"description\" content=\"Wiederverwendbarer Eisl\u00f6ffel aus CPLA 95 mm - Packung mit 100 St\u00fcck. Bunt, stabil und kompostierbar: die ideale nachhaltige Alternative f\u00fcr Desserts und Eiscreme.\" \/>\n<meta name=\"robots\" content=\"index, follow, max-snippet:-1, max-image-preview:large, max-video-preview:-1\" \/>\n<link rel=\"canonical\" href=\"https:\/\/www.csj-emballages.com\/de\/produit\/eisloeffel-cpla-wiederverwendbar-95-mm-pro-100\/\" \/>\n<meta property=\"og:locale\" content=\"de_DE\" \/>\n<meta property=\"og:type\" content=\"article\" \/>\n<meta property=\"og:title\" content=\"Wiederverwendbarer Eisl\u00f6ffel farbig CPLA 95 mm pro 100\" \/>\n<meta property=\"og:description\" content=\"Wiederverwendbarer Eisl\u00f6ffel aus CPLA 95 mm - Packung mit 100 St\u00fcck. Bunt, stabil und kompostierbar: die ideale nachhaltige Alternative f\u00fcr Desserts und Eiscreme.\" \/>\n<meta property=\"og:url\" content=\"https:\/\/www.csj-emballages.com\/de\/produit\/eisloeffel-cpla-wiederverwendbar-95-mm-pro-100\/\" \/>\n<meta property=\"og:site_name\" content=\"CSJ Emballages\" \/>\n<meta property=\"article:publisher\" content=\"https:\/\/www.facebook.com\/csjemballages\" \/>\n<meta property=\"article:modified_time\" content=\"2026-04-25T00:12:09+00:00\" \/>\n<meta property=\"og:image\" content=\"https:\/\/www.csj-emballages.com\/wp-content\/uploads\/2025\/07\/CD9CPLA.webp\" \/>\n\t<meta property=\"og:image:width\" content=\"800\" \/>\n\t<meta property=\"og:image:height\" content=\"800\" \/>\n\t<meta property=\"og:image:type\" content=\"image\/jpeg\" \/>\n<meta name=\"twitter:card\" content=\"summary_large_image\" \/>\n<meta name=\"twitter:label1\" content=\"Gesch\u00e4tzte Lesezeit\" \/>\n\t<meta name=\"twitter:data1\" content=\"1\u00a0Minute\" \/>\n<script type=\"application\/ld+json\" class=\"yoast-schema-graph\">{\"@context\":\"https:\/\/schema.org\",\"@graph\":[{\"@type\":\"WebPage\",\"@id\":\"https:\/\/www.csj-emballages.com\/de\/produit\/eisloeffel-cpla-wiederverwendbar-95-mm-pro-100\/\",\"url\":\"https:\/\/www.csj-emballages.com\/de\/produit\/eisloeffel-cpla-wiederverwendbar-95-mm-pro-100\/\",\"name\":\"Eisl\u00f6ffel Wiederverwendbar Farbig CPLA 95 mm pro 100\",\"isPartOf\":{\"@id\":\"https:\/\/www.csj-emballages.com\/de\/#website\"},\"primaryImageOfPage\":{\"@id\":\"https:\/\/www.csj-emballages.com\/de\/produit\/eisloeffel-cpla-wiederverwendbar-95-mm-pro-100\/#primaryimage\"},\"image\":{\"@id\":\"https:\/\/www.csj-emballages.com\/de\/produit\/eisloeffel-cpla-wiederverwendbar-95-mm-pro-100\/#primaryimage\"},\"thumbnailUrl\":\"https:\/\/www.csj-emballages.com\/wp-content\/uploads\/2025\/07\/CD9CPLA.webp\",\"datePublished\":\"2025-07-02T06:28:46+00:00\",\"dateModified\":\"2026-04-25T00:12:09+00:00\",\"description\":\"Wiederverwendbarer Eisl\u00f6ffel aus CPLA 95 mm - Packung mit 100 St\u00fcck. Bunt, stabil und kompostierbar: die ideale nachhaltige Alternative f\u00fcr Desserts und Eiscreme.\",\"breadcrumb\":{\"@id\":\"https:\/\/www.csj-emballages.com\/de\/produit\/eisloeffel-cpla-wiederverwendbar-95-mm-pro-100\/#breadcrumb\"},\"inLanguage\":\"de\",\"potentialAction\":[{\"@type\":\"ReadAction\",\"target\":[\"https:\/\/www.csj-emballages.com\/de\/produit\/eisloeffel-cpla-wiederverwendbar-95-mm-pro-100\/\"]}]},{\"@type\":\"ImageObject\",\"inLanguage\":\"de\",\"@id\":\"https:\/\/www.csj-emballages.com\/de\/produit\/eisloeffel-cpla-wiederverwendbar-95-mm-pro-100\/#primaryimage\",\"url\":\"https:\/\/www.csj-emballages.com\/wp-content\/uploads\/2025\/07\/CD9CPLA.webp\",\"contentUrl\":\"https:\/\/www.csj-emballages.com\/wp-content\/uploads\/2025\/07\/CD9CPLA.webp\",\"width\":800,\"height\":800,\"caption\":\"cuill\u00e8re \u00e0 glace\"},{\"@type\":\"BreadcrumbList\",\"@id\":\"https:\/\/www.csj-emballages.com\/de\/produit\/eisloeffel-cpla-wiederverwendbar-95-mm-pro-100\/#breadcrumb\",\"itemListElement\":[{\"@type\":\"ListItem\",\"position\":1,\"name\":\"Accueil\",\"item\":\"https:\/\/www.csj-emballages.com\/de\/universum-lebensmittelverpackungen\/\"},{\"@type\":\"ListItem\",\"position\":2,\"name\":\"Shop\",\"item\":\"https:\/\/www.csj-emballages.com\/shop\/\"},{\"@type\":\"ListItem\",\"position\":3,\"name\":\"Wiederverwendbarer Eisl\u00f6ffel farbig CPLA 95 mm pro 100\"}]},{\"@type\":\"WebSite\",\"@id\":\"https:\/\/www.csj-emballages.com\/de\/#website\",\"url\":\"https:\/\/www.csj-emballages.com\/de\/\",\"name\":\"CSJ Emballages\",\"description\":\"\",\"publisher\":{\"@id\":\"https:\/\/www.csj-emballages.com\/de\/#organization\"},\"potentialAction\":[{\"@type\":\"SearchAction\",\"target\":{\"@type\":\"EntryPoint\",\"urlTemplate\":\"https:\/\/www.csj-emballages.com\/de\/?s={search_term_string}\"},\"query-input\":{\"@type\":\"PropertyValueSpecification\",\"valueRequired\":true,\"valueName\":\"search_term_string\"}}],\"inLanguage\":\"de\"},{\"@type\":\"Organization\",\"@id\":\"https:\/\/www.csj-emballages.com\/de\/#Organization\/\",\"name\":\"CSJ Emballages\",\"url\":\"https:\/\/www.csj-emballages.com\/de\/\",\"logo\":{\"@type\":\"ImageObject\",\"inLanguage\":\"de\",\"@id\":\"https:\/\/www.csj-emballages.com\/de\/#\/schema\/logo\/image\/\",\"url\":\"https:\/\/www.csj-emballages.com\/wp-content\/uploads\/2023\/10\/logo_csj.webp\",\"contentUrl\":\"https:\/\/www.csj-emballages.com\/wp-content\/uploads\/2023\/10\/logo_csj.webp\",\"width\":250,\"height\":95,\"caption\":\"CSJ Emballages\"},\"image\":{\"@id\":\"https:\/\/www.csj-emballages.com\/de\/#\/schema\/logo\/image\/\"},\"sameAs\":[\"https:\/\/www.facebook.com\/csjemballages\"],\"address\":{\"@type\":\"PostalAddress\",\"streetAddress\":\"ZI La Lechere\",\"addressLocality\":\"Patornay\",\"postalCode\":\"39130\",\"addressCountry\":\"FR\"},\"contactPoint\":[{\"@type\":\"ContactPoint\",\"contactType\":\"Service client\",\"telephone\":\"0384254272\",\"email\":\"contact@csj-emballages.com\"}]}]}<\/script>\n<!-- \/ Yoast SEO Premium plugin. -->","yoast_head_json":{"title":"Eisl\u00f6ffel Wiederverwendbar Farbig CPLA 95 mm pro 100","description":"Wiederverwendbarer Eisl\u00f6ffel aus CPLA 95 mm - Packung mit 100 St\u00fcck. Bunt, stabil und kompostierbar: die ideale nachhaltige Alternative f\u00fcr Desserts und Eiscreme.","robots":{"index":"index","follow":"follow","max-snippet":"max-snippet:-1","max-image-preview":"max-image-preview:large","max-video-preview":"max-video-preview:-1"},"canonical":"https:\/\/www.csj-emballages.com\/de\/produit\/eisloeffel-cpla-wiederverwendbar-95-mm-pro-100\/","og_locale":"de_DE","og_type":"article","og_title":"Wiederverwendbarer Eisl\u00f6ffel farbig CPLA 95 mm pro 100","og_description":"Wiederverwendbarer Eisl\u00f6ffel aus CPLA 95 mm - Packung mit 100 St\u00fcck. Bunt, stabil und kompostierbar: die ideale nachhaltige Alternative f\u00fcr Desserts und Eiscreme.","og_url":"https:\/\/www.csj-emballages.com\/de\/produit\/eisloeffel-cpla-wiederverwendbar-95-mm-pro-100\/","og_site_name":"CSJ Emballages","article_publisher":"https:\/\/www.facebook.com\/csjemballages","article_modified_time":"2026-04-25T00:12:09+00:00","og_image":[{"width":800,"height":800,"url":"https:\/\/www.csj-emballages.com\/wp-content\/uploads\/2025\/07\/CD9CPLA.webp","type":"image\/jpeg"}],"twitter_card":"summary_large_image","twitter_misc":{"Gesch\u00e4tzte Lesezeit":"1\u00a0Minute"},"schema":{"@context":"https:\/\/schema.org","@graph":[{"@type":"WebPage","@id":"https:\/\/www.csj-emballages.com\/de\/produit\/eisloeffel-cpla-wiederverwendbar-95-mm-pro-100\/","url":"https:\/\/www.csj-emballages.com\/de\/produit\/eisloeffel-cpla-wiederverwendbar-95-mm-pro-100\/","name":"Eisl\u00f6ffel Wiederverwendbar Farbig CPLA 95 mm pro 100","isPartOf":{"@id":"https:\/\/www.csj-emballages.com\/de\/#website"},"primaryImageOfPage":{"@id":"https:\/\/www.csj-emballages.com\/de\/produit\/eisloeffel-cpla-wiederverwendbar-95-mm-pro-100\/#primaryimage"},"image":{"@id":"https:\/\/www.csj-emballages.com\/de\/produit\/eisloeffel-cpla-wiederverwendbar-95-mm-pro-100\/#primaryimage"},"thumbnailUrl":"https:\/\/www.csj-emballages.com\/wp-content\/uploads\/2025\/07\/CD9CPLA.webp","datePublished":"2025-07-02T06:28:46+00:00","dateModified":"2026-04-25T00:12:09+00:00","description":"Wiederverwendbarer Eisl\u00f6ffel aus CPLA 95 mm - Packung mit 100 St\u00fcck. Bunt, stabil und kompostierbar: die ideale nachhaltige Alternative f\u00fcr Desserts und Eiscreme.","breadcrumb":{"@id":"https:\/\/www.csj-emballages.com\/de\/produit\/eisloeffel-cpla-wiederverwendbar-95-mm-pro-100\/#breadcrumb"},"inLanguage":"de","potentialAction":[{"@type":"ReadAction","target":["https:\/\/www.csj-emballages.com\/de\/produit\/eisloeffel-cpla-wiederverwendbar-95-mm-pro-100\/"]}]},{"@type":"ImageObject","inLanguage":"de","@id":"https:\/\/www.csj-emballages.com\/de\/produit\/eisloeffel-cpla-wiederverwendbar-95-mm-pro-100\/#primaryimage","url":"https:\/\/www.csj-emballages.com\/wp-content\/uploads\/2025\/07\/CD9CPLA.webp","contentUrl":"https:\/\/www.csj-emballages.com\/wp-content\/uploads\/2025\/07\/CD9CPLA.webp","width":800,"height":800,"caption":"cuill\u00e8re \u00e0 glace"},{"@type":"BreadcrumbList","@id":"https:\/\/www.csj-emballages.com\/de\/produit\/eisloeffel-cpla-wiederverwendbar-95-mm-pro-100\/#breadcrumb","itemListElement":[{"@type":"ListItem","position":1,"name":"Accueil","item":"https:\/\/www.csj-emballages.com\/de\/universum-lebensmittelverpackungen\/"},{"@type":"ListItem","position":2,"name":"Shop","item":"https:\/\/www.csj-emballages.com\/shop\/"},{"@type":"ListItem","position":3,"name":"Wiederverwendbarer Eisl\u00f6ffel farbig CPLA 95 mm pro 100"}]},{"@type":"WebSite","@id":"https:\/\/www.csj-emballages.com\/de\/#website","url":"https:\/\/www.csj-emballages.com\/de\/","name":"CSJ Emballages","description":"","publisher":{"@id":"https:\/\/www.csj-emballages.com\/de\/#organization"},"potentialAction":[{"@type":"SearchAction","target":{"@type":"EntryPoint","urlTemplate":"https:\/\/www.csj-emballages.com\/de\/?s={search_term_string}"},"query-input":{"@type":"PropertyValueSpecification","valueRequired":true,"valueName":"search_term_string"}}],"inLanguage":"de"},{"@type":"Organization","@id":"https:\/\/www.csj-emballages.com\/de\/#Organization\/","name":"CSJ Emballages","url":"https:\/\/www.csj-emballages.com\/de\/","logo":{"@type":"ImageObject","inLanguage":"de","@id":"https:\/\/www.csj-emballages.com\/de\/#\/schema\/logo\/image\/","url":"https:\/\/www.csj-emballages.com\/wp-content\/uploads\/2023\/10\/logo_csj.webp","contentUrl":"https:\/\/www.csj-emballages.com\/wp-content\/uploads\/2023\/10\/logo_csj.webp","width":250,"height":95,"caption":"CSJ Emballages"},"image":{"@id":"https:\/\/www.csj-emballages.com\/de\/#\/schema\/logo\/image\/"},"sameAs":["https:\/\/www.facebook.com\/csjemballages"],"address":{"@type":"PostalAddress","streetAddress":"ZI La Lechere","addressLocality":"Patornay","postalCode":"39130","addressCountry":"FR"},"contactPoint":[{"@type":"ContactPoint","contactType":"Service client","telephone":"0384254272","email":"contact@csj-emballages.com"}]}]}},"df_price":2.03,"df_sale_price":"","df_regular_price":2.03,"df_image_link":"https:\/\/www.csj-emballages.com\/wp-content\/uploads\/2025\/07\/CD9CPLA-300x300.webp","tiered_pricing_type":"fixed","tiered_pricing_fixed_rules":[],"tiered_pricing_percentage_rules":[],"tiered_pricing_minimum":1,"tiered_pricing_roles_data":[],"_links":{"self":[{"href":"https:\/\/www.csj-emballages.com\/de\/wp-json\/wp\/v2\/product\/237220","targetHints":{"allow":["GET"]}}],"collection":[{"href":"https:\/\/www.csj-emballages.com\/de\/wp-json\/wp\/v2\/product"}],"about":[{"href":"https:\/\/www.csj-emballages.com\/de\/wp-json\/wp\/v2\/types\/product"}],"wp:featuredmedia":[{"embeddable":true,"href":"https:\/\/www.csj-emballages.com\/de\/wp-json\/wp\/v2\/media\/237213"}],"wp:attachment":[{"href":"https:\/\/www.csj-emballages.com\/de\/wp-json\/wp\/v2\/media?parent=237220"}],"wp:term":[{"taxonomy":"product_brand","embeddable":true,"href":"https:\/\/www.csj-emballages.com\/de\/wp-json\/wp\/v2\/product_brand?post=237220"},{"taxonomy":"product_cat","embeddable":true,"href":"https:\/\/www.csj-emballages.com\/de\/wp-json\/wp\/v2\/product_cat?post=237220"},{"taxonomy":"product_tag","embeddable":true,"href":"https:\/\/www.csj-emballages.com\/de\/wp-json\/wp\/v2\/product_tag?post=237220"}],"curies":[{"name":"wp","href":"https:\/\/api.w.org\/{rel}","templated":true}]}}