{"id":23712,"date":"2024-03-01T16:49:07","date_gmt":"2024-03-01T15:49:07","guid":{"rendered":"https:\/\/u15jnbdpoq.preview.infomaniak.website\/produit\/20-muellsaecke-110-liter-schwarz-55-%c2%b5\/"},"modified":"2026-04-16T02:15:55","modified_gmt":"2026-04-16T00:15:55","slug":"20-muellsaecke-110-liter-schwarz-55-%c2%b5","status":"publish","type":"product","link":"https:\/\/www.csj-emballages.com\/de\/produit\/20-muellsaecke-110-liter-schwarz-55-%c2%b5\/","title":{"rendered":"M\u00fcllsack 110 Liter, schwarz, 55 \u00b5, 20 St\u00fcck"},"content":{"rendered":"<h2>M\u00fcllsack<\/h2>\n<hr>\n<h3>Entdecken Sie unseren M\u00fcllsack 110 Liter, schwarz, 55 \u00b5, 20 St\u00fcck<\/h3>\n<p><!--more--><\/p>\n<p data-start=\"207\" data-end=\"563\">Diese <strong data-start=\"211\" data-end=\"245\">schwarzen 110-Liter-M\u00fclls\u00e4cke<\/strong> sind daf\u00fcr konzipiert, sperrige Abf\u00e4lle problemlos zu entsorgen. Dank ihrer <strong data-start=\"332\" data-end=\"359\">St\u00e4rke von 55<\/strong> <strong data-start=\"332\" data-end=\"359\">Mikron<\/strong> bieten sie eine gute Rei\u00dffestigkeit und halten problemlos auch schwerere Lasten aus, ohne beim Einsammeln zu rei\u00dfen. Sie sind die ideale L\u00f6sung, wenn es schnell gehen und effizient sein muss.  <\/p>\n<p data-start=\"565\" data-end=\"958\">Ihre gro\u00dfe Kapazit\u00e4t von <strong>110 Litern<\/strong> erm\u00f6glicht das Sammeln gro\u00dfer Mengen Abfall, was h\u00e4ufige Sackwechsel reduziert. Ob in der <strong>Gastronomie, in \u00f6ffentlichen Einrichtungen, Unternehmen, Werkst\u00e4tten oder bei Veranstaltungen<\/strong> \u2013 sie eignen sich perfekt f\u00fcr den intensiven Gebrauch. Ihre <strong data-start=\"858\" data-end=\"875\">schwarze Farbe<\/strong> sorgt f\u00fcr eine angenehme Diskretion und verdeckt den Inhalt, f\u00fcr ein saubereres Erscheinungsbild.  <\/p>\n<p data-start=\"960\" data-end=\"1324\">Diese <strong>S\u00e4cke<\/strong> sind einfach einzusetzen und passen gut in die meisten Standard-Gro\u00dfm\u00fclltonnen. Sie lassen sich leicht verschlie\u00dfen und bleiben auch im gef\u00fcllten Zustand handlich. Zudem erm\u00f6glicht ihre Verpackung <strong data-start=\"1196\" data-end=\"1213\">im 20er-Pack<\/strong> eine effiziente Lagerverwaltung ohne Platzprobleme und gew\u00e4hrleistet eine konstante Verf\u00fcgbarkeit.  <\/p>\n<p data-start=\"1326\" data-end=\"1565\">Kurz gesagt, vereinen diese <strong>110-Liter-M\u00fclls\u00e4cke<\/strong> Kapazit\u00e4t, Robustheit und Praktikabilit\u00e4t. Sie erf\u00fcllen sowohl allt\u00e4gliche als auch anspruchsvollere Anforderungen und bieten eine zuverl\u00e4ssige L\u00f6sung, um R\u00e4ume sauber und organisiert zu halten. <\/p>\n<p data-start=\"1523\" data-end=\"1711\"><!--more--><\/p>\n<h4 data-start=\"1523\" data-end=\"1711\">Vorteile :<\/h4>\n<ul>\n<li data-start=\"1593\" data-end=\"1625\">Gro\u00dfe Kapazit\u00e4t von<strong> 110 Litern<\/strong>.<\/li>\n<li data-start=\"1628\" data-end=\"1677\"><strong>St\u00e4rke 55 Mikron<\/strong> f\u00fcr gute Rei\u00dffestigkeit.<\/li>\n<li data-start=\"1680\" data-end=\"1723\">Geeignet f\u00fcr schwere oder volumin\u00f6se Abf\u00e4lle.<\/li>\n<li data-start=\"1726\" data-end=\"1766\"><strong>Schwarze Farbe<\/strong> f\u00fcr mehr Diskretion.<\/li>\n<li data-start=\"1769\" data-end=\"1800\">Einfache und schnelle Anwendung.<\/li>\n<li data-start=\"1803\" data-end=\"1827\">Praktischer <strong>20er-Pack<\/strong>.<\/li>\n<\/ul>\n<p>&nbsp;<\/p>\n<p><!--more--><\/p>\n<h4>Weitere Informationen :<\/h4>\n<ul style=\"font-family: Roboto, sans-serif;\">\n<li><strong>Verpackung<\/strong>: Rolle mit 20 St\u00fcck<\/li>\n<li><strong>Ma\u00dfe<\/strong>: 700 x 1050 mm<\/li>\n<li><span style=\"font-weight: bold;\">Volumen: <\/span>110 Liter<\/li>\n<li><strong>St\u00e4rke<\/strong>: 55 \u00b5<\/li>\n<li><strong>Farbe<\/strong>: Schwarz<\/li>\n<li><strong>Material<\/strong>: PE HD<\/li>\n<\/ul>\n<p>&nbsp;<\/p>\n<p><!--more--><\/p>\n<p>Dieser M\u00fcllsack (110 Liter) ist in verschiedenen Gr\u00f6\u00dfen erh\u00e4ltlich: <span style=\"color: #d12727;\"><a style=\"color: #d12727;\" href=\"https:\/\/www.csj-emballages.com\/produit\/20-sacs-poubelles-30-litres-noirs-25-%c2%b5\/\">30 Liter<\/a><\/span> \/ <span style=\"color: #d12727;\"><a style=\"color: #d12727;\" href=\"https:\/\/www.csj-emballages.com\/es\/produit\/25-bolsas-de-basura-negras-de-50-litros-y-35-%c2%b5\/\">50 Liter<\/a><\/span> \/ <span style=\"color: #d12727;\"><a style=\"color: #d12727;\" href=\"https:\/\/www.csj-emballages.com\/es\/produit\/25-negras-35-%c2%b5-bolsas-de-basura-de-100-litros\/\">100 Liter (35 \u00b5)<\/a><\/span> \/ <span style=\"color: #d12727;\"><a style=\"color: #d12727;\" href=\"https:\/\/www.csj-emballages.com\/produit\/10-sacs-poubelles-100-litres-noirs-65-%c2%b5\/\">100 Liter (65 \u00b5)<\/a> <\/span>\/ <span style=\"color: #d12727;\"><a style=\"color: #d12727;\" href=\"https:\/\/www.csj-emballages.com\/produit\/25-sacs-poubelles-110-litres-noirs-35-%c2%b5\/\">110 Liter (35 \u00b5)<\/a> <\/span>\/ <span style=\"color: #d12727;\"><a style=\"color: #d12727;\" href=\"https:\/\/www.csj-emballages.com\/de\/categorie-produit\/hygiene-und-pflege\/mullsacke\/\">&#8230;<\/a><\/span><\/p>\n<p>&nbsp;<\/p>\n<p><!--more--><\/p>\n<p><a href=\"https:\/\/www.csj-emballages.com\/de\/categorie-produit\/hygiene-und-pflege\/mullsacke\/\">Sehen Sie sich den Rest unseres M\u00fcllsack-Sortiments an  <\/a><\/p>\n","protected":false},"excerpt":{"rendered":"<p>M\u00fcllsack Entdecken Sie unseren M\u00fcllsack 110 Liter, schwarz, 55 \u00b5, 20 St\u00fcck<\/p>\n","protected":false},"featured_media":222413,"template":"","meta":{"_acf_changed":false},"product_brand":[],"product_cat":[1218,1873],"product_tag":[],"class_list":{"0":"post-23712","1":"product","2":"type-product","3":"status-publish","4":"has-post-thumbnail","6":"product_cat-hygiene-und-pflege","7":"product_cat-mullsacke","9":"first","10":"instock","11":"taxable","12":"shipping-taxable","13":"purchasable","14":"product-type-simple"},"acf":[],"yoast_head":"<!-- This site is optimized with the Yoast SEO Premium plugin v26.6 (Yoast SEO v26.6) - https:\/\/yoast.com\/wordpress\/plugins\/seo\/ -->\n<title>M\u00fcllsack 110 Liter, Schwarz, 55 \u00b5, 20 St\u00fcck<\/title>\n<meta name=\"description\" content=\"M\u00fclls\u00e4cke 110 Liter, schwarz, 55 Mikron, im 20er-Pack. Robust und praktisch, ideal f\u00fcr den professionellen Einsatz und sperrige Abf\u00e4lle.\" \/>\n<meta name=\"robots\" content=\"index, follow, max-snippet:-1, max-image-preview:large, max-video-preview:-1\" \/>\n<link rel=\"canonical\" href=\"https:\/\/www.csj-emballages.com\/de\/produit\/20-muellsaecke-110-liter-schwarz-55-%c2%b5\/\" \/>\n<meta property=\"og:locale\" content=\"de_DE\" \/>\n<meta property=\"og:type\" content=\"article\" \/>\n<meta property=\"og:title\" content=\"M\u00fcllsack 110 Liter, schwarz, 55 \u00b5, 20 St\u00fcck\" \/>\n<meta property=\"og:description\" content=\"M\u00fclls\u00e4cke 110 Liter, schwarz, 55 Mikron, im 20er-Pack. Robust und praktisch, ideal f\u00fcr den professionellen Einsatz und sperrige Abf\u00e4lle.\" \/>\n<meta property=\"og:url\" content=\"https:\/\/www.csj-emballages.com\/de\/produit\/20-muellsaecke-110-liter-schwarz-55-%c2%b5\/\" \/>\n<meta property=\"og:site_name\" content=\"CSJ Emballages\" \/>\n<meta property=\"article:publisher\" content=\"https:\/\/www.facebook.com\/csjemballages\" \/>\n<meta property=\"article:modified_time\" content=\"2026-04-16T00:15:55+00:00\" \/>\n<meta property=\"og:image\" content=\"https:\/\/www.csj-emballages.com\/wp-content\/uploads\/2024\/03\/Sac-housse.webp\" \/>\n\t<meta property=\"og:image:width\" content=\"800\" \/>\n\t<meta property=\"og:image:height\" content=\"800\" \/>\n\t<meta property=\"og:image:type\" content=\"image\/webp\" \/>\n<meta name=\"twitter:card\" content=\"summary_large_image\" \/>\n<meta name=\"twitter:label1\" content=\"Gesch\u00e4tzte Lesezeit\" \/>\n\t<meta name=\"twitter:data1\" content=\"1\u00a0Minute\" \/>\n<script type=\"application\/ld+json\" class=\"yoast-schema-graph\">{\"@context\":\"https:\/\/schema.org\",\"@graph\":[{\"@type\":\"WebPage\",\"@id\":\"https:\/\/www.csj-emballages.com\/de\/produit\/20-muellsaecke-110-liter-schwarz-55-%c2%b5\/\",\"url\":\"https:\/\/www.csj-emballages.com\/de\/produit\/20-muellsaecke-110-liter-schwarz-55-%c2%b5\/\",\"name\":\"M\u00fcllsack 110 Liter, Schwarz, 55 \u00b5, 20 St\u00fcck\",\"isPartOf\":{\"@id\":\"https:\/\/www.csj-emballages.com\/de\/#website\"},\"primaryImageOfPage\":{\"@id\":\"https:\/\/www.csj-emballages.com\/de\/produit\/20-muellsaecke-110-liter-schwarz-55-%c2%b5\/#primaryimage\"},\"image\":{\"@id\":\"https:\/\/www.csj-emballages.com\/de\/produit\/20-muellsaecke-110-liter-schwarz-55-%c2%b5\/#primaryimage\"},\"thumbnailUrl\":\"https:\/\/www.csj-emballages.com\/wp-content\/uploads\/2024\/03\/Sac-housse.webp\",\"datePublished\":\"2024-03-01T15:49:07+00:00\",\"dateModified\":\"2026-04-16T00:15:55+00:00\",\"description\":\"M\u00fclls\u00e4cke 110 Liter, schwarz, 55 Mikron, im 20er-Pack. Robust und praktisch, ideal f\u00fcr den professionellen Einsatz und sperrige Abf\u00e4lle.\",\"breadcrumb\":{\"@id\":\"https:\/\/www.csj-emballages.com\/de\/produit\/20-muellsaecke-110-liter-schwarz-55-%c2%b5\/#breadcrumb\"},\"inLanguage\":\"de\",\"potentialAction\":[{\"@type\":\"ReadAction\",\"target\":[\"https:\/\/www.csj-emballages.com\/de\/produit\/20-muellsaecke-110-liter-schwarz-55-%c2%b5\/\"]}]},{\"@type\":\"ImageObject\",\"inLanguage\":\"de\",\"@id\":\"https:\/\/www.csj-emballages.com\/de\/produit\/20-muellsaecke-110-liter-schwarz-55-%c2%b5\/#primaryimage\",\"url\":\"https:\/\/www.csj-emballages.com\/wp-content\/uploads\/2024\/03\/Sac-housse.webp\",\"contentUrl\":\"https:\/\/www.csj-emballages.com\/wp-content\/uploads\/2024\/03\/Sac-housse.webp\",\"width\":800,\"height\":800,\"caption\":\"Sac poubelle\"},{\"@type\":\"BreadcrumbList\",\"@id\":\"https:\/\/www.csj-emballages.com\/de\/produit\/20-muellsaecke-110-liter-schwarz-55-%c2%b5\/#breadcrumb\",\"itemListElement\":[{\"@type\":\"ListItem\",\"position\":1,\"name\":\"Accueil\",\"item\":\"https:\/\/www.csj-emballages.com\/de\/universum-lebensmittelverpackungen\/\"},{\"@type\":\"ListItem\",\"position\":2,\"name\":\"Shop\",\"item\":\"https:\/\/www.csj-emballages.com\/shop\/\"},{\"@type\":\"ListItem\",\"position\":3,\"name\":\"M\u00fcllsack 110 Liter, schwarz, 55 \u00b5, 20 St\u00fcck\"}]},{\"@type\":\"WebSite\",\"@id\":\"https:\/\/www.csj-emballages.com\/de\/#website\",\"url\":\"https:\/\/www.csj-emballages.com\/de\/\",\"name\":\"CSJ Emballages\",\"description\":\"\",\"publisher\":{\"@id\":\"https:\/\/www.csj-emballages.com\/de\/#organization\"},\"potentialAction\":[{\"@type\":\"SearchAction\",\"target\":{\"@type\":\"EntryPoint\",\"urlTemplate\":\"https:\/\/www.csj-emballages.com\/de\/?s={search_term_string}\"},\"query-input\":{\"@type\":\"PropertyValueSpecification\",\"valueRequired\":true,\"valueName\":\"search_term_string\"}}],\"inLanguage\":\"de\"},{\"@type\":\"Organization\",\"@id\":\"https:\/\/www.csj-emballages.com\/de\/#Organization\/\",\"name\":\"CSJ Emballages\",\"url\":\"https:\/\/www.csj-emballages.com\/de\/\",\"logo\":{\"@type\":\"ImageObject\",\"inLanguage\":\"de\",\"@id\":\"https:\/\/www.csj-emballages.com\/de\/#\/schema\/logo\/image\/\",\"url\":\"https:\/\/www.csj-emballages.com\/wp-content\/uploads\/2023\/10\/logo_csj.webp\",\"contentUrl\":\"https:\/\/www.csj-emballages.com\/wp-content\/uploads\/2023\/10\/logo_csj.webp\",\"width\":250,\"height\":95,\"caption\":\"CSJ Emballages\"},\"image\":{\"@id\":\"https:\/\/www.csj-emballages.com\/de\/#\/schema\/logo\/image\/\"},\"sameAs\":[\"https:\/\/www.facebook.com\/csjemballages\"],\"address\":{\"@type\":\"PostalAddress\",\"streetAddress\":\"ZI La Lechere\",\"addressLocality\":\"Patornay\",\"postalCode\":\"39130\",\"addressCountry\":\"FR\"},\"contactPoint\":[{\"@type\":\"ContactPoint\",\"contactType\":\"Service client\",\"telephone\":\"0384254272\",\"email\":\"contact@csj-emballages.com\"}]}]}<\/script>\n<!-- \/ Yoast SEO Premium plugin. -->","yoast_head_json":{"title":"M\u00fcllsack 110 Liter, Schwarz, 55 \u00b5, 20 St\u00fcck","description":"M\u00fclls\u00e4cke 110 Liter, schwarz, 55 Mikron, im 20er-Pack. Robust und praktisch, ideal f\u00fcr den professionellen Einsatz und sperrige Abf\u00e4lle.","robots":{"index":"index","follow":"follow","max-snippet":"max-snippet:-1","max-image-preview":"max-image-preview:large","max-video-preview":"max-video-preview:-1"},"canonical":"https:\/\/www.csj-emballages.com\/de\/produit\/20-muellsaecke-110-liter-schwarz-55-%c2%b5\/","og_locale":"de_DE","og_type":"article","og_title":"M\u00fcllsack 110 Liter, schwarz, 55 \u00b5, 20 St\u00fcck","og_description":"M\u00fclls\u00e4cke 110 Liter, schwarz, 55 Mikron, im 20er-Pack. Robust und praktisch, ideal f\u00fcr den professionellen Einsatz und sperrige Abf\u00e4lle.","og_url":"https:\/\/www.csj-emballages.com\/de\/produit\/20-muellsaecke-110-liter-schwarz-55-%c2%b5\/","og_site_name":"CSJ Emballages","article_publisher":"https:\/\/www.facebook.com\/csjemballages","article_modified_time":"2026-04-16T00:15:55+00:00","og_image":[{"width":800,"height":800,"url":"https:\/\/www.csj-emballages.com\/wp-content\/uploads\/2024\/03\/Sac-housse.webp","type":"image\/webp"}],"twitter_card":"summary_large_image","twitter_misc":{"Gesch\u00e4tzte Lesezeit":"1\u00a0Minute"},"schema":{"@context":"https:\/\/schema.org","@graph":[{"@type":"WebPage","@id":"https:\/\/www.csj-emballages.com\/de\/produit\/20-muellsaecke-110-liter-schwarz-55-%c2%b5\/","url":"https:\/\/www.csj-emballages.com\/de\/produit\/20-muellsaecke-110-liter-schwarz-55-%c2%b5\/","name":"M\u00fcllsack 110 Liter, Schwarz, 55 \u00b5, 20 St\u00fcck","isPartOf":{"@id":"https:\/\/www.csj-emballages.com\/de\/#website"},"primaryImageOfPage":{"@id":"https:\/\/www.csj-emballages.com\/de\/produit\/20-muellsaecke-110-liter-schwarz-55-%c2%b5\/#primaryimage"},"image":{"@id":"https:\/\/www.csj-emballages.com\/de\/produit\/20-muellsaecke-110-liter-schwarz-55-%c2%b5\/#primaryimage"},"thumbnailUrl":"https:\/\/www.csj-emballages.com\/wp-content\/uploads\/2024\/03\/Sac-housse.webp","datePublished":"2024-03-01T15:49:07+00:00","dateModified":"2026-04-16T00:15:55+00:00","description":"M\u00fclls\u00e4cke 110 Liter, schwarz, 55 Mikron, im 20er-Pack. Robust und praktisch, ideal f\u00fcr den professionellen Einsatz und sperrige Abf\u00e4lle.","breadcrumb":{"@id":"https:\/\/www.csj-emballages.com\/de\/produit\/20-muellsaecke-110-liter-schwarz-55-%c2%b5\/#breadcrumb"},"inLanguage":"de","potentialAction":[{"@type":"ReadAction","target":["https:\/\/www.csj-emballages.com\/de\/produit\/20-muellsaecke-110-liter-schwarz-55-%c2%b5\/"]}]},{"@type":"ImageObject","inLanguage":"de","@id":"https:\/\/www.csj-emballages.com\/de\/produit\/20-muellsaecke-110-liter-schwarz-55-%c2%b5\/#primaryimage","url":"https:\/\/www.csj-emballages.com\/wp-content\/uploads\/2024\/03\/Sac-housse.webp","contentUrl":"https:\/\/www.csj-emballages.com\/wp-content\/uploads\/2024\/03\/Sac-housse.webp","width":800,"height":800,"caption":"Sac poubelle"},{"@type":"BreadcrumbList","@id":"https:\/\/www.csj-emballages.com\/de\/produit\/20-muellsaecke-110-liter-schwarz-55-%c2%b5\/#breadcrumb","itemListElement":[{"@type":"ListItem","position":1,"name":"Accueil","item":"https:\/\/www.csj-emballages.com\/de\/universum-lebensmittelverpackungen\/"},{"@type":"ListItem","position":2,"name":"Shop","item":"https:\/\/www.csj-emballages.com\/shop\/"},{"@type":"ListItem","position":3,"name":"M\u00fcllsack 110 Liter, schwarz, 55 \u00b5, 20 St\u00fcck"}]},{"@type":"WebSite","@id":"https:\/\/www.csj-emballages.com\/de\/#website","url":"https:\/\/www.csj-emballages.com\/de\/","name":"CSJ Emballages","description":"","publisher":{"@id":"https:\/\/www.csj-emballages.com\/de\/#organization"},"potentialAction":[{"@type":"SearchAction","target":{"@type":"EntryPoint","urlTemplate":"https:\/\/www.csj-emballages.com\/de\/?s={search_term_string}"},"query-input":{"@type":"PropertyValueSpecification","valueRequired":true,"valueName":"search_term_string"}}],"inLanguage":"de"},{"@type":"Organization","@id":"https:\/\/www.csj-emballages.com\/de\/#Organization\/","name":"CSJ Emballages","url":"https:\/\/www.csj-emballages.com\/de\/","logo":{"@type":"ImageObject","inLanguage":"de","@id":"https:\/\/www.csj-emballages.com\/de\/#\/schema\/logo\/image\/","url":"https:\/\/www.csj-emballages.com\/wp-content\/uploads\/2023\/10\/logo_csj.webp","contentUrl":"https:\/\/www.csj-emballages.com\/wp-content\/uploads\/2023\/10\/logo_csj.webp","width":250,"height":95,"caption":"CSJ Emballages"},"image":{"@id":"https:\/\/www.csj-emballages.com\/de\/#\/schema\/logo\/image\/"},"sameAs":["https:\/\/www.facebook.com\/csjemballages"],"address":{"@type":"PostalAddress","streetAddress":"ZI La Lechere","addressLocality":"Patornay","postalCode":"39130","addressCountry":"FR"},"contactPoint":[{"@type":"ContactPoint","contactType":"Service client","telephone":"0384254272","email":"contact@csj-emballages.com"}]}]}},"df_price":5.22,"df_sale_price":"","df_regular_price":5.22,"df_image_link":"https:\/\/www.csj-emballages.com\/wp-content\/uploads\/2024\/03\/Sac-housse-300x300.webp","tiered_pricing_type":"fixed","tiered_pricing_fixed_rules":[],"tiered_pricing_percentage_rules":[],"tiered_pricing_minimum":1,"tiered_pricing_roles_data":[],"_links":{"self":[{"href":"https:\/\/www.csj-emballages.com\/de\/wp-json\/wp\/v2\/product\/23712","targetHints":{"allow":["GET"]}}],"collection":[{"href":"https:\/\/www.csj-emballages.com\/de\/wp-json\/wp\/v2\/product"}],"about":[{"href":"https:\/\/www.csj-emballages.com\/de\/wp-json\/wp\/v2\/types\/product"}],"wp:featuredmedia":[{"embeddable":true,"href":"https:\/\/www.csj-emballages.com\/de\/wp-json\/wp\/v2\/media\/222413"}],"wp:attachment":[{"href":"https:\/\/www.csj-emballages.com\/de\/wp-json\/wp\/v2\/media?parent=23712"}],"wp:term":[{"taxonomy":"product_brand","embeddable":true,"href":"https:\/\/www.csj-emballages.com\/de\/wp-json\/wp\/v2\/product_brand?post=23712"},{"taxonomy":"product_cat","embeddable":true,"href":"https:\/\/www.csj-emballages.com\/de\/wp-json\/wp\/v2\/product_cat?post=23712"},{"taxonomy":"product_tag","embeddable":true,"href":"https:\/\/www.csj-emballages.com\/de\/wp-json\/wp\/v2\/product_tag?post=23712"}],"curies":[{"name":"wp","href":"https:\/\/api.w.org\/{rel}","templated":true}]}}