{"id":23698,"date":"2024-03-01T16:49:09","date_gmt":"2024-03-01T15:49:09","guid":{"rendered":"https:\/\/u15jnbdpoq.preview.infomaniak.website\/produit\/50-einweg-salatschalen-mit-reissdeckel-aus-kunststoff-1000-ml\/"},"modified":"2026-03-12T16:41:44","modified_gmt":"2026-03-12T15:41:44","slug":"50-einweg-salatschalen-mit-reissdeckel-aus-kunststoff-1000-ml","status":"publish","type":"product","link":"https:\/\/www.csj-emballages.com\/de\/produit\/50-einweg-salatschalen-mit-reissdeckel-aus-kunststoff-1000-ml\/","title":{"rendered":"70 Salatsch\u00fcsseln mit Rei\u00dfdeckel aus Kunststoff 1000 ml"},"content":{"rendered":"<h2><span style=\"text-decoration: underline;font-weight: bold\">Einweg-Salatschalen mit zerrei\u00dfbarem Kunststoffdeckel 1000 ml<\/span><\/h2>\n<p>&nbsp;<\/p>\n<p style=\"font-family: Roboto, sans-serif;margin: 0pt\"><span> <\/span><\/p>\n<p style=\"font-family: Roboto, sans-serif;margin: 0pt\"><span> <span style=\"font-weight: bold;text-decoration: underline\">Beschreibung :<\/span><\/span><\/p>\n<p style=\"font-family: Roboto, sans-serif;margin: 0pt\"><span> <\/span><\/p>\n<p style=\"font-family: Roboto, sans-serif;margin: 0pt\"><span>Entdecken Sie unsere Einweg-Salatschalen aus Kunststoff 1000 ml.<\/span><\/p>\n<p style=\"font-family: Roboto, sans-serif;margin: 0pt\"><span> <\/span><\/p>\n<p style=\"font-family: Roboto, sans-serif;margin: 0pt\"><span>Durchsichtige Einweg-Salatschalen aus Kunststoff mit abrei\u00dfbarem Deckel, die haupts\u00e4chlich in Fast-Food-Restaurants und von H\u00e4ndlern verwendet werden.<\/span><\/p>\n<p style=\"font-family: Roboto, sans-serif;margin: 0pt\"><span>Diese Einwegschalen sind ideal, um Ihre gemischten Salate, aber auch Taboul\u00e9, Oliven oder andere Speisen zu pr\u00e4sentieren&#8230;<\/span><\/p>\n<p style=\"font-family: Roboto, sans-serif;margin: 0pt\"><span>Diese Schalen haben die Besonderheit, dass sie \u00fcbereinander gestapelt werden k\u00f6nnen und einen abrei\u00dfbaren Deckel haben.<\/span><\/p>\n<p style=\"font-family: Roboto, sans-serif;margin: 0pt\"><span>Diese Schalen k\u00f6nnen nicht zwischen bestimmten Temperaturen verwendet werden.<\/span><\/p>\n<p style=\"font-family: Roboto, sans-serif;margin: 0pt\"><span> <span>Temperatur: -40\u00b0C \/ +60\u00b0C<\/span><\/span><\/p>\n<p style=\"font-family: Roboto, sans-serif;margin: 0pt\"><span style=\"font-weight: bold;text-decoration: underline\"> <\/span><\/p>\n<p style=\"font-family: Roboto, sans-serif;margin: 0pt\"><span style=\"font-weight: bold;text-decoration: underline\">Eigenschaften der Einweg-Salatschalen mit Scharnierdeckel :<\/span><\/p>\n<p style=\"font-family: Roboto, sans-serif;margin: 0pt\"><span> <\/span><\/p>\n<ul style=\"font-family: Roboto, sans-serif\">\n<li><span>Verkauft an Privatpersonen und Unternehmen<\/span><\/li>\n<li><span><span style=\"font-weight: bold;text-decoration: underline\">Gr\u00f6\u00dfe<\/span>: 186 x 102 ( \u00d8 x H in mm)<\/span><\/li>\n<li><span><span style=\"font-weight: bold;text-decoration: underline\">Volumen<\/span>: 1000 ml<\/span><\/li>\n<li><span><span style=\"font-weight: bold;text-decoration: underline\">Verpackung<\/span>: Packungen mit 50 Einwegschalen<\/span><\/li>\n<li><span>In Schutzfolie verpackt, um eine bessere Lagerung und einen besseren Schutz zu gew\u00e4hrleisten.<\/span><\/li>\n<li><span><span style=\"font-weight: bold;text-decoration: underline\">Material<\/span>: Polyethylen<\/span><\/li>\n<\/ul>\n<p style=\"font-family: Roboto, sans-serif;margin: 0pt\"><span> <\/span><\/p>\n<h2 style=\"font-family: Roboto, sans-serif\"><span style=\"font-weight: bold\">Entscheiden Sie sich jetzt f\u00fcr Einweg-Salatschalen aus Kunststoff!<\/span><\/h2>\n","protected":false},"excerpt":{"rendered":"<p>Einweg-Salatschalen mit zerrei\u00dfbarem Kunststoffdeckel 1000 ml &nbsp; Beschreibung : Entdecken Sie unsere Einweg-Salatschalen aus Kunststoff 1000 ml. Durchsichtige Einweg-Salatschalen aus Kunststoff mit abrei\u00dfbarem Deckel, die haupts\u00e4chlich in Fast-Food-Restaurants und von H\u00e4ndlern verwendet werden. Diese Einwegschalen sind ideal, um Ihre gemischten Salate, aber auch Taboul\u00e9, Oliven oder andere Speisen zu pr\u00e4sentieren&#8230; Diese Schalen haben die Besonderheit, [&hellip;]<\/p>\n","protected":false},"featured_media":14399,"template":"","meta":{"_acf_changed":false},"product_brand":[],"product_cat":[1170,1513,3538,1134,3539],"product_tag":[],"class_list":{"0":"post-23698","1":"product","2":"type-product","3":"status-publish","4":"has-post-thumbnail","6":"product_cat-metzgerei-und-feinkostgeschaft","7":"product_cat-schalen-dosen-glaser-fur-lebensmittel","8":"product_cat-salatschusseln-mit-aufklappbaren-deckeln","9":"product_cat-restauration-de","10":"product_cat-salatschalen","12":"first","13":"outofstock","14":"taxable","15":"shipping-taxable","16":"purchasable","17":"product-type-simple"},"acf":[],"yoast_head":"<!-- This site is optimized with the Yoast SEO Premium plugin v26.6 (Yoast SEO v26.6) - https:\/\/yoast.com\/wordpress\/plugins\/seo\/ -->\n<title>50 Einweg-Salatschalen mit befestigtem Deckel aus Plastik 1000ml \/ csj-emballages.com<\/title>\n<meta name=\"description\" content=\"Kaufen Sie Einweg-Salatschalen mit zerrei\u00dfbarem Deckel aus Kunststoff 100 cl! Wir bieten Ihnen eine Packung mit 50 Einweg-Plastikbechern zu g\u00fcnstigen DISCOUNT-Preisen an.\" \/>\n<meta name=\"robots\" content=\"index, follow, max-snippet:-1, max-image-preview:large, max-video-preview:-1\" \/>\n<link rel=\"canonical\" href=\"https:\/\/www.csj-emballages.com\/de\/produit\/50-einweg-salatschalen-mit-reissdeckel-aus-kunststoff-1000-ml\/\" \/>\n<meta property=\"og:locale\" content=\"de_DE\" \/>\n<meta property=\"og:type\" content=\"article\" \/>\n<meta property=\"og:title\" content=\"70 Salatsch\u00fcsseln mit Rei\u00dfdeckel aus Kunststoff 1000 ml\" \/>\n<meta property=\"og:description\" content=\"Kaufen Sie Einweg-Salatschalen mit zerrei\u00dfbarem Deckel aus Kunststoff 100 cl! Wir bieten Ihnen eine Packung mit 50 Einweg-Plastikbechern zu g\u00fcnstigen DISCOUNT-Preisen an.\" \/>\n<meta property=\"og:url\" content=\"https:\/\/www.csj-emballages.com\/de\/produit\/50-einweg-salatschalen-mit-reissdeckel-aus-kunststoff-1000-ml\/\" \/>\n<meta property=\"og:site_name\" content=\"CSJ Emballages\" \/>\n<meta property=\"article:publisher\" content=\"https:\/\/www.facebook.com\/csjemballages\" \/>\n<meta property=\"article:modified_time\" content=\"2026-03-12T15:41:44+00:00\" \/>\n<meta property=\"og:image\" content=\"https:\/\/www.csj-emballages.com\/wp-content\/uploads\/2024\/03\/Capture-decran-2024-03-29-a-12.02.05-e1711710211715.png\" \/>\n\t<meta property=\"og:image:width\" content=\"300\" \/>\n\t<meta property=\"og:image:height\" content=\"300\" \/>\n\t<meta property=\"og:image:type\" content=\"image\/png\" \/>\n<meta name=\"twitter:card\" content=\"summary_large_image\" \/>\n<meta name=\"twitter:label1\" content=\"Gesch\u00e4tzte Lesezeit\" \/>\n\t<meta name=\"twitter:data1\" content=\"1\u00a0Minute\" \/>\n<script type=\"application\/ld+json\" class=\"yoast-schema-graph\">{\"@context\":\"https:\/\/schema.org\",\"@graph\":[{\"@type\":\"WebPage\",\"@id\":\"https:\/\/www.csj-emballages.com\/de\/produit\/50-einweg-salatschalen-mit-reissdeckel-aus-kunststoff-1000-ml\/\",\"url\":\"https:\/\/www.csj-emballages.com\/de\/produit\/50-einweg-salatschalen-mit-reissdeckel-aus-kunststoff-1000-ml\/\",\"name\":\"50 Einweg-Salatschalen mit befestigtem Deckel aus Plastik 1000ml \/ csj-emballages.com\",\"isPartOf\":{\"@id\":\"https:\/\/www.csj-emballages.com\/de\/#website\"},\"primaryImageOfPage\":{\"@id\":\"https:\/\/www.csj-emballages.com\/de\/produit\/50-einweg-salatschalen-mit-reissdeckel-aus-kunststoff-1000-ml\/#primaryimage\"},\"image\":{\"@id\":\"https:\/\/www.csj-emballages.com\/de\/produit\/50-einweg-salatschalen-mit-reissdeckel-aus-kunststoff-1000-ml\/#primaryimage\"},\"thumbnailUrl\":\"https:\/\/www.csj-emballages.com\/wp-content\/uploads\/2024\/03\/Capture-decran-2024-03-29-a-12.02.05-e1711710211715.png\",\"datePublished\":\"2024-03-01T15:49:09+00:00\",\"dateModified\":\"2026-03-12T15:41:44+00:00\",\"description\":\"Kaufen Sie Einweg-Salatschalen mit zerrei\u00dfbarem Deckel aus Kunststoff 100 cl! Wir bieten Ihnen eine Packung mit 50 Einweg-Plastikbechern zu g\u00fcnstigen DISCOUNT-Preisen an.\",\"breadcrumb\":{\"@id\":\"https:\/\/www.csj-emballages.com\/de\/produit\/50-einweg-salatschalen-mit-reissdeckel-aus-kunststoff-1000-ml\/#breadcrumb\"},\"inLanguage\":\"de\",\"potentialAction\":[{\"@type\":\"ReadAction\",\"target\":[\"https:\/\/www.csj-emballages.com\/de\/produit\/50-einweg-salatschalen-mit-reissdeckel-aus-kunststoff-1000-ml\/\"]}]},{\"@type\":\"ImageObject\",\"inLanguage\":\"de\",\"@id\":\"https:\/\/www.csj-emballages.com\/de\/produit\/50-einweg-salatschalen-mit-reissdeckel-aus-kunststoff-1000-ml\/#primaryimage\",\"url\":\"https:\/\/www.csj-emballages.com\/wp-content\/uploads\/2024\/03\/Capture-decran-2024-03-29-a-12.02.05-e1711710211715.png\",\"contentUrl\":\"https:\/\/www.csj-emballages.com\/wp-content\/uploads\/2024\/03\/Capture-decran-2024-03-29-a-12.02.05-e1711710211715.png\",\"width\":300,\"height\":300},{\"@type\":\"BreadcrumbList\",\"@id\":\"https:\/\/www.csj-emballages.com\/de\/produit\/50-einweg-salatschalen-mit-reissdeckel-aus-kunststoff-1000-ml\/#breadcrumb\",\"itemListElement\":[{\"@type\":\"ListItem\",\"position\":1,\"name\":\"Accueil\",\"item\":\"https:\/\/www.csj-emballages.com\/de\/universum-lebensmittelverpackungen\/\"},{\"@type\":\"ListItem\",\"position\":2,\"name\":\"Shop\",\"item\":\"https:\/\/www.csj-emballages.com\/shop\/\"},{\"@type\":\"ListItem\",\"position\":3,\"name\":\"70 Salatsch\u00fcsseln mit Rei\u00dfdeckel aus Kunststoff 1000 ml\"}]},{\"@type\":\"WebSite\",\"@id\":\"https:\/\/www.csj-emballages.com\/de\/#website\",\"url\":\"https:\/\/www.csj-emballages.com\/de\/\",\"name\":\"CSJ Emballages\",\"description\":\"\",\"publisher\":{\"@id\":\"https:\/\/www.csj-emballages.com\/de\/#organization\"},\"potentialAction\":[{\"@type\":\"SearchAction\",\"target\":{\"@type\":\"EntryPoint\",\"urlTemplate\":\"https:\/\/www.csj-emballages.com\/de\/?s={search_term_string}\"},\"query-input\":{\"@type\":\"PropertyValueSpecification\",\"valueRequired\":true,\"valueName\":\"search_term_string\"}}],\"inLanguage\":\"de\"},{\"@type\":\"Organization\",\"@id\":\"https:\/\/www.csj-emballages.com\/de\/#Organization\/\",\"name\":\"CSJ Emballages\",\"url\":\"https:\/\/www.csj-emballages.com\/de\/\",\"logo\":{\"@type\":\"ImageObject\",\"inLanguage\":\"de\",\"@id\":\"https:\/\/www.csj-emballages.com\/de\/#\/schema\/logo\/image\/\",\"url\":\"https:\/\/www.csj-emballages.com\/wp-content\/uploads\/2023\/10\/logo_csj.webp\",\"contentUrl\":\"https:\/\/www.csj-emballages.com\/wp-content\/uploads\/2023\/10\/logo_csj.webp\",\"width\":250,\"height\":95,\"caption\":\"CSJ Emballages\"},\"image\":{\"@id\":\"https:\/\/www.csj-emballages.com\/de\/#\/schema\/logo\/image\/\"},\"sameAs\":[\"https:\/\/www.facebook.com\/csjemballages\"],\"address\":{\"@type\":\"PostalAddress\",\"streetAddress\":\"ZI La Lechere\",\"addressLocality\":\"Patornay\",\"postalCode\":\"39130\",\"addressCountry\":\"FR\"},\"contactPoint\":[{\"@type\":\"ContactPoint\",\"contactType\":\"Service client\",\"telephone\":\"0384254272\",\"email\":\"contact@csj-emballages.com\"}]}]}<\/script>\n<!-- \/ Yoast SEO Premium plugin. -->","yoast_head_json":{"title":"50 Einweg-Salatschalen mit befestigtem Deckel aus Plastik 1000ml \/ csj-emballages.com","description":"Kaufen Sie Einweg-Salatschalen mit zerrei\u00dfbarem Deckel aus Kunststoff 100 cl! Wir bieten Ihnen eine Packung mit 50 Einweg-Plastikbechern zu g\u00fcnstigen DISCOUNT-Preisen an.","robots":{"index":"index","follow":"follow","max-snippet":"max-snippet:-1","max-image-preview":"max-image-preview:large","max-video-preview":"max-video-preview:-1"},"canonical":"https:\/\/www.csj-emballages.com\/de\/produit\/50-einweg-salatschalen-mit-reissdeckel-aus-kunststoff-1000-ml\/","og_locale":"de_DE","og_type":"article","og_title":"70 Salatsch\u00fcsseln mit Rei\u00dfdeckel aus Kunststoff 1000 ml","og_description":"Kaufen Sie Einweg-Salatschalen mit zerrei\u00dfbarem Deckel aus Kunststoff 100 cl! Wir bieten Ihnen eine Packung mit 50 Einweg-Plastikbechern zu g\u00fcnstigen DISCOUNT-Preisen an.","og_url":"https:\/\/www.csj-emballages.com\/de\/produit\/50-einweg-salatschalen-mit-reissdeckel-aus-kunststoff-1000-ml\/","og_site_name":"CSJ Emballages","article_publisher":"https:\/\/www.facebook.com\/csjemballages","article_modified_time":"2026-03-12T15:41:44+00:00","og_image":[{"width":300,"height":300,"url":"https:\/\/www.csj-emballages.com\/wp-content\/uploads\/2024\/03\/Capture-decran-2024-03-29-a-12.02.05-e1711710211715.png","type":"image\/png"}],"twitter_card":"summary_large_image","twitter_misc":{"Gesch\u00e4tzte Lesezeit":"1\u00a0Minute"},"schema":{"@context":"https:\/\/schema.org","@graph":[{"@type":"WebPage","@id":"https:\/\/www.csj-emballages.com\/de\/produit\/50-einweg-salatschalen-mit-reissdeckel-aus-kunststoff-1000-ml\/","url":"https:\/\/www.csj-emballages.com\/de\/produit\/50-einweg-salatschalen-mit-reissdeckel-aus-kunststoff-1000-ml\/","name":"50 Einweg-Salatschalen mit befestigtem Deckel aus Plastik 1000ml \/ csj-emballages.com","isPartOf":{"@id":"https:\/\/www.csj-emballages.com\/de\/#website"},"primaryImageOfPage":{"@id":"https:\/\/www.csj-emballages.com\/de\/produit\/50-einweg-salatschalen-mit-reissdeckel-aus-kunststoff-1000-ml\/#primaryimage"},"image":{"@id":"https:\/\/www.csj-emballages.com\/de\/produit\/50-einweg-salatschalen-mit-reissdeckel-aus-kunststoff-1000-ml\/#primaryimage"},"thumbnailUrl":"https:\/\/www.csj-emballages.com\/wp-content\/uploads\/2024\/03\/Capture-decran-2024-03-29-a-12.02.05-e1711710211715.png","datePublished":"2024-03-01T15:49:09+00:00","dateModified":"2026-03-12T15:41:44+00:00","description":"Kaufen Sie Einweg-Salatschalen mit zerrei\u00dfbarem Deckel aus Kunststoff 100 cl! Wir bieten Ihnen eine Packung mit 50 Einweg-Plastikbechern zu g\u00fcnstigen DISCOUNT-Preisen an.","breadcrumb":{"@id":"https:\/\/www.csj-emballages.com\/de\/produit\/50-einweg-salatschalen-mit-reissdeckel-aus-kunststoff-1000-ml\/#breadcrumb"},"inLanguage":"de","potentialAction":[{"@type":"ReadAction","target":["https:\/\/www.csj-emballages.com\/de\/produit\/50-einweg-salatschalen-mit-reissdeckel-aus-kunststoff-1000-ml\/"]}]},{"@type":"ImageObject","inLanguage":"de","@id":"https:\/\/www.csj-emballages.com\/de\/produit\/50-einweg-salatschalen-mit-reissdeckel-aus-kunststoff-1000-ml\/#primaryimage","url":"https:\/\/www.csj-emballages.com\/wp-content\/uploads\/2024\/03\/Capture-decran-2024-03-29-a-12.02.05-e1711710211715.png","contentUrl":"https:\/\/www.csj-emballages.com\/wp-content\/uploads\/2024\/03\/Capture-decran-2024-03-29-a-12.02.05-e1711710211715.png","width":300,"height":300},{"@type":"BreadcrumbList","@id":"https:\/\/www.csj-emballages.com\/de\/produit\/50-einweg-salatschalen-mit-reissdeckel-aus-kunststoff-1000-ml\/#breadcrumb","itemListElement":[{"@type":"ListItem","position":1,"name":"Accueil","item":"https:\/\/www.csj-emballages.com\/de\/universum-lebensmittelverpackungen\/"},{"@type":"ListItem","position":2,"name":"Shop","item":"https:\/\/www.csj-emballages.com\/shop\/"},{"@type":"ListItem","position":3,"name":"70 Salatsch\u00fcsseln mit Rei\u00dfdeckel aus Kunststoff 1000 ml"}]},{"@type":"WebSite","@id":"https:\/\/www.csj-emballages.com\/de\/#website","url":"https:\/\/www.csj-emballages.com\/de\/","name":"CSJ Emballages","description":"","publisher":{"@id":"https:\/\/www.csj-emballages.com\/de\/#organization"},"potentialAction":[{"@type":"SearchAction","target":{"@type":"EntryPoint","urlTemplate":"https:\/\/www.csj-emballages.com\/de\/?s={search_term_string}"},"query-input":{"@type":"PropertyValueSpecification","valueRequired":true,"valueName":"search_term_string"}}],"inLanguage":"de"},{"@type":"Organization","@id":"https:\/\/www.csj-emballages.com\/de\/#Organization\/","name":"CSJ Emballages","url":"https:\/\/www.csj-emballages.com\/de\/","logo":{"@type":"ImageObject","inLanguage":"de","@id":"https:\/\/www.csj-emballages.com\/de\/#\/schema\/logo\/image\/","url":"https:\/\/www.csj-emballages.com\/wp-content\/uploads\/2023\/10\/logo_csj.webp","contentUrl":"https:\/\/www.csj-emballages.com\/wp-content\/uploads\/2023\/10\/logo_csj.webp","width":250,"height":95,"caption":"CSJ Emballages"},"image":{"@id":"https:\/\/www.csj-emballages.com\/de\/#\/schema\/logo\/image\/"},"sameAs":["https:\/\/www.facebook.com\/csjemballages"],"address":{"@type":"PostalAddress","streetAddress":"ZI La Lechere","addressLocality":"Patornay","postalCode":"39130","addressCountry":"FR"},"contactPoint":[{"@type":"ContactPoint","contactType":"Service client","telephone":"0384254272","email":"contact@csj-emballages.com"}]}]}},"df_price":18.28,"df_sale_price":"","df_regular_price":18.28,"df_image_link":"https:\/\/www.csj-emballages.com\/wp-content\/uploads\/2024\/03\/Capture-decran-2024-03-29-a-12.02.05-300x300.png","tiered_pricing_type":"fixed","tiered_pricing_fixed_rules":[],"tiered_pricing_percentage_rules":[],"tiered_pricing_minimum":1,"tiered_pricing_roles_data":[],"_links":{"self":[{"href":"https:\/\/www.csj-emballages.com\/de\/wp-json\/wp\/v2\/product\/23698","targetHints":{"allow":["GET"]}}],"collection":[{"href":"https:\/\/www.csj-emballages.com\/de\/wp-json\/wp\/v2\/product"}],"about":[{"href":"https:\/\/www.csj-emballages.com\/de\/wp-json\/wp\/v2\/types\/product"}],"wp:featuredmedia":[{"embeddable":true,"href":"https:\/\/www.csj-emballages.com\/de\/wp-json\/wp\/v2\/media\/14399"}],"wp:attachment":[{"href":"https:\/\/www.csj-emballages.com\/de\/wp-json\/wp\/v2\/media?parent=23698"}],"wp:term":[{"taxonomy":"product_brand","embeddable":true,"href":"https:\/\/www.csj-emballages.com\/de\/wp-json\/wp\/v2\/product_brand?post=23698"},{"taxonomy":"product_cat","embeddable":true,"href":"https:\/\/www.csj-emballages.com\/de\/wp-json\/wp\/v2\/product_cat?post=23698"},{"taxonomy":"product_tag","embeddable":true,"href":"https:\/\/www.csj-emballages.com\/de\/wp-json\/wp\/v2\/product_tag?post=23698"}],"curies":[{"name":"wp","href":"https:\/\/api.w.org\/{rel}","templated":true}]}}