{"id":23697,"date":"2024-03-01T16:49:08","date_gmt":"2024-03-01T15:49:08","guid":{"rendered":"https:\/\/u15jnbdpoq.preview.infomaniak.website\/produit\/50-nudelglaeser-kraftkarton-780-ml\/"},"modified":"2026-05-01T02:14:48","modified_gmt":"2026-05-01T00:14:48","slug":"50-nudelglaeser-kraftkarton-780-ml","status":"publish","type":"product","link":"https:\/\/www.csj-emballages.com\/de\/produit\/50-nudelglaeser-kraftkarton-780-ml\/","title":{"rendered":"Pasta Box Karton 780 ml pro 50"},"content":{"rendered":"<h2><span style=\"font-family: Roboto, sans-serif;\">Pasta Box<\/span><\/h2>\n<div style=\"box-sizing: inherit; font-family: Roboto, sans-serif;\">\n<div style=\"box-sizing: inherit; font-family: Roboto, sans-serif;\">\n<div style=\"box-sizing: inherit; font-family: Roboto, sans-serif;\">\n<div style=\"box-sizing: inherit; font-family: Roboto, sans-serif;\">\n<div style=\"box-sizing: inherit; font-family: Roboto, sans-serif;\">\n<div style=\"box-sizing: inherit; font-family: Roboto, sans-serif;\">\n<div style=\"box-sizing: inherit; font-family: Roboto, sans-serif;\">\n<div style=\"box-sizing: inherit; font-family: Roboto, sans-serif;\">\n<div style=\"box-sizing: inherit; font-family: Roboto, sans-serif;\">\n<div style=\"box-sizing: inherit; font-family: Roboto, sans-serif;\">\n<div style=\"box-sizing: inherit; font-family: Roboto, sans-serif;\">\n<div style=\"box-sizing: inherit; font-family: Roboto, sans-serif;\">\n<div style=\"box-sizing: inherit; font-family: Roboto, sans-serif;\">\n<div class=\"flex flex-grow flex-col max-w-full\">\n<div class=\"min-h-[20px] text-message flex flex-col items-start whitespace-pre-wrap break-words [.text-message+&amp;]:mt-5 juice:w-full juice:items-end overflow-x-auto gap-2\" dir=\"auto\" data-message-author-role=\"assistant\" data-message-id=\"2034782e-88f9-44ef-b4dc-07dd7bf0115f\">\n<div class=\"flex w-full flex-col gap-1 juice:empty:hidden juice:first:pt-[3px]\">\n<div class=\"markdown prose w-full break-words dark:prose-invert light\">\n<div style=\"box-sizing: inherit; font-family: Roboto, sans-serif;\">\n<div style=\"box-sizing: inherit; font-family: Roboto, sans-serif;\">\n<div style=\"box-sizing: inherit; font-family: Roboto, sans-serif;\">\n<div style=\"box-sizing: inherit; font-family: Roboto, sans-serif;\">\n<div style=\"box-sizing: inherit; font-family: Roboto, sans-serif;\">\n<div style=\"box-sizing: inherit; font-family: Roboto, sans-serif;\">\n<div style=\"box-sizing: inherit; font-family: Roboto, sans-serif;\">\n<div style=\"box-sizing: inherit; font-family: Roboto, sans-serif;\">\n<div style=\"box-sizing: inherit; font-family: Roboto, sans-serif;\">\n<div style=\"text-align: center;\">\n<div style=\"box-sizing: inherit; font-family: Roboto, sans-serif;\">\n<div style=\"box-sizing: inherit; font-family: Roboto, sans-serif;\">\n<div style=\"box-sizing: inherit; font-family: Roboto, sans-serif;\">\n<div style=\"box-sizing: inherit; font-family: Roboto, sans-serif;\">\n<div style=\"box-sizing: inherit; font-family: Roboto, sans-serif;\">\n<div style=\"box-sizing: inherit; font-family: Roboto, sans-serif; text-align: left;\">\n<hr>\n<h3 style=\"text-align: left;\">Beschreibung von unserem Pasta box Karton 780 ml pro 50<!--more--><\/h3>\n<\/div>\n<\/div>\n<\/div>\n<\/div>\n<\/div>\n<\/div>\n<\/div>\n<\/div>\n<\/div>\n<\/div>\n<\/div>\n<\/div>\n<\/div>\n<\/div>\n<\/div>\n<\/div>\n<\/div>\n<\/div>\n<\/div>\n<\/div>\n<\/div>\n<\/div>\n<\/div>\n<\/div>\n<\/div>\n<\/div>\n<\/div>\n<\/div>\n<\/div>\n<\/div>\n<\/div>\n<\/div>\n<\/div>\n<p>Die <strong>Pasta Box<\/strong> aus <strong>Karton<\/strong> <strong>780 ml<\/strong>, die im Set zu <strong>50<\/strong> St\u00fcck verkauft wird, ist der ideale Verb\u00fcndete f\u00fcr Gastronomen. Die Pasta <strong>Box<\/strong> wurde speziell f\u00fcr den Transport und die Pr\u00e4sentation von Nudelgerichten konzipiert und ist sowohl praktisch als auch \u00e4sthetisch ansprechend. Dank ihres gro\u00dfz\u00fcgigen Fassungsverm\u00f6gens von <strong>780 ml<\/strong> bietet sie Platz f\u00fcr gro\u00dfe Portionen, die den W\u00fcnschen der Liebhaber der italienischen K\u00fcche entsprechen.  <\/p>\n<p>Diese <strong>Nudelbox<\/strong> ist aus stabilem Karton gefertigt und bietet eine hervorragende Best\u00e4ndigkeit gegen So\u00dfen und \u00d6le. Sie h\u00e4lt die Gerichte l\u00e4nger warm, was f\u00fcr einen optimalen Genuss unerl\u00e4sslich ist. Nudelgerichte, die in dieser <strong>Nudelbox<\/strong> serviert werden, behalten ihren vollen Geschmack und ihre Konsistenz. Dank des luftdichten Verschlusses bleiben die Speisen sicher an ihrem Platz und k\u00f6nnen nicht versch\u00fcttet werden.   <\/p>\n<p>&nbsp;<\/p>\n<p><!--more--><\/p>\n<h4>Warum sollten Sie unsere <strong>Pasta-Box<\/strong> verwenden?<\/h4>\n<p>Die Verwendung dieser <strong>Pasta-Box<\/strong> vereinfacht den Transport von Speisen. Ob zum Mitnehmen oder als Lieferservice, sie erf\u00fcllt die Anforderungen an Praktikabilit\u00e4t und Lebensmittelsicherheit. Dar\u00fcber hinaus ist sie aus recycelbarem Karton hergestellt und bietet eine umweltfreundliche L\u00f6sung. So tr\u00e4gt jede <strong>Nudelbox<\/strong> dazu bei, den CO2-Fu\u00dfabdruck zu reduzieren und bietet gleichzeitig eine nachhaltige und verantwortungsvolle Option.   <\/p>\n<p>Dar\u00fcber hinaus passt ihr schlichtes Design problemlos zu allen Gastronomiestilen. Ob Sie nun ein Catering-Unternehmen, ein Restaurant oder einen Foodtruck betreiben, diese <strong>Nudelschachtel<\/strong> bringt Ihre kulinarischen Kreationen zur Geltung. Die Kartonoberfl\u00e4che eignet sich hervorragend f\u00fcr Aufkleber oder Logos, so dass Sie jede <strong>Nudelschachtel<\/strong> individuell gestalten und das Image Ihres Unternehmens st\u00e4rken k\u00f6nnen.  <\/p>\n<p>&nbsp;<\/p>\n<p><!--more--><\/p>\n<div style=\"box-sizing: inherit; font-family: Roboto, sans-serif;\">\n<div style=\"box-sizing: inherit; font-family: Roboto, sans-serif;\">\n<div style=\"box-sizing: inherit; font-family: Roboto, sans-serif;\">\n<div style=\"box-sizing: inherit; font-family: Roboto, sans-serif;\">\n<div style=\"box-sizing: inherit; font-family: Roboto, sans-serif;\">\n<div style=\"box-sizing: inherit; font-family: Roboto, sans-serif;\">\n<div style=\"box-sizing: inherit; font-family: Roboto, sans-serif;\">\n<div style=\"box-sizing: inherit; font-family: Roboto, sans-serif;\">\n<div style=\"box-sizing: inherit; font-family: Roboto, sans-serif;\">\n<div style=\"box-sizing: inherit; font-family: Roboto, sans-serif;\">\n<div style=\"box-sizing: inherit; font-family: Roboto, sans-serif;\">\n<div style=\"box-sizing: inherit; font-family: Roboto, sans-serif;\">\n<div style=\"box-sizing: inherit; font-family: Roboto, sans-serif;\">\n<div class=\"flex flex-grow flex-col max-w-full\">\n<div class=\"min-h-[20px] text-message flex flex-col items-start whitespace-pre-wrap break-words [.text-message+&amp;]:mt-5 juice:w-full juice:items-end overflow-x-auto gap-2\" dir=\"auto\" data-message-author-role=\"assistant\" data-message-id=\"2034782e-88f9-44ef-b4dc-07dd7bf0115f\">\n<div class=\"flex w-full flex-col gap-1 juice:empty:hidden juice:first:pt-[3px]\">\n<div class=\"markdown prose w-full break-words dark:prose-invert light\">\n<div style=\"box-sizing: inherit; font-family: Roboto, sans-serif;\">\n<div style=\"box-sizing: inherit; font-family: Roboto, sans-serif;\">\n<div style=\"box-sizing: inherit; font-family: Roboto, sans-serif;\">\n<div style=\"box-sizing: inherit; font-family: Roboto, sans-serif;\">\n<div style=\"box-sizing: inherit; font-family: Roboto, sans-serif;\">\n<div style=\"box-sizing: inherit; font-family: Roboto, sans-serif;\">\n<p>Die <strong>Pasta Box<\/strong> mit <strong>780 ml<\/strong> Inhalt ist nicht nur praktisch, sondern auch preiswert. Sie wird in Packungen zu <strong>50<\/strong> St\u00fcck verkauft und bietet ein unschlagbares Preis-Leistungs-Verh\u00e4ltnis. Sie ist eine gute Wahl f\u00fcr Profis, die ihre Kosten im Griff haben wollen, ohne auf Qualit\u00e4t zu verzichten. Auch die Kunden sch\u00e4tzen diese <strong>Nudeldose<\/strong>, da sie leicht zu handhaben ist und die Nudeln direkt aus der Verpackung heraus genossen werden k\u00f6nnen.   <\/p>\n<p>Schlie\u00dflich ist diese <strong>Nudelbox<\/strong> ideal f\u00fcr verschiedene Arten von Gerichten. Sie kann nicht nur Spaghetti, sondern auch Penne, Ravioli und vieles mehr enthalten. Dieses vielseitige Format erf\u00fcllt die vielf\u00e4ltigen Bed\u00fcrfnisse von Gastronomen, die eine gro\u00dfe Auswahl an Gerichten anbieten m\u00f6chten.  <\/p>\n<p>Alles in allem ist die <strong>Pasta Box<\/strong> aus <strong>Karton 780 ml<\/strong> die perfekte Wahl f\u00fcr jeden Gastronomieprofi. Langlebig, praktisch und \u00e4sthetisch neutral f\u00fcgt sie sich in jede Umgebung ein und sorgt f\u00fcr ein angenehmes Kundenerlebnis. Nutzen Sie jetzt die<b> Pasta Box<\/b> und bieten Sie Ihren Kunden eine praktische, umweltfreundliche und kosteng\u00fcnstige Transportl\u00f6sung.  <\/p>\n<p>&nbsp;<\/p>\n<p><!--more--><\/p>\n<h4 style=\"text-align: left;\"><strong>Die Vorteile unserer <\/strong>Pasta Box Karton 780 ml pro 50 <strong>:<\/strong><\/h4>\n<\/div>\n<\/div>\n<\/div>\n<\/div>\n<\/div>\n<\/div>\n<\/div>\n<\/div>\n<\/div>\n<\/div>\n<\/div>\n<\/div>\n<ul>\n<li><strong>Gro\u00dfes<\/strong> Fassungsverm\u00f6gen: Mit einem Fassungsverm\u00f6gen von 780 ml ist diese <strong>Nudelbox<\/strong> perfekt f\u00fcr gro\u00dfz\u00fcgige Portionen, die sich f\u00fcr verschiedene Gerichte eignen.<\/li>\n<li>Robust <strong>und wider<\/strong> standsf\u00e4hig: Hergestellt aus dicker Pappe, widersteht sie Saucen, \u00d6len und Hitze und sorgt so f\u00fcr einen sicheren und auslaufsicheren Transport.<\/li>\n<li><strong>Warmhalten<\/strong>: Dank ihrer isolierenden Eigenschaften h\u00e4lt diese <strong>Nudelbox<\/strong> die Gerichte l\u00e4nger warm und garantiert so auch bei Lieferungen einen optimalen Genuss.<\/li>\n<li><strong>Umweltfreundlich<\/strong>: Da die <strong>Pasta Box<\/strong> aus recycelbarem Karton besteht, ist sie eine nachhaltige L\u00f6sung, mit der Gastronomen ihre \u00f6kologischen Auswirkungen reduzieren k\u00f6nnen.<\/li>\n<li><strong>Sicherer Verschluss<\/strong>: Sein Design sorgt f\u00fcr einen guten Verschluss, h\u00e4lt die Lebensmittel an ihrem Platz und verhindert das Versch\u00fctten w\u00e4hrend des Transports.<\/li>\n<\/ul>\n<p>&nbsp;<\/p>\n<p><!--more--><\/p>\n<\/div>\n<\/div>\n<\/div>\n<\/div>\n<\/div>\n<\/div>\n<\/div>\n<\/div>\n<\/div>\n<\/div>\n<\/div>\n<h4>Weitere Informationen zu diesem Produkt :<\/h4>\n<ul style=\"box-sizing: inherit; font-family: Roboto, sans-serif;\">\n<li><strong>Verpackung<\/strong>: Packung mit 50 St\u00fcck<\/li>\n<li><b>Volumen <\/b>: 780 ml<\/li>\n<li><strong>Ma\u00dfe<\/strong>: 95 x 93 (Durchmesser x H\u00f6he in mm)<\/li>\n<li><strong>Material<\/strong>: Karton<\/li>\n<\/ul>\n<p>&nbsp;<\/p>\n<p><!--more--><\/p>\n<p>Hier finden Sie die verschiedenen Gr\u00f6\u00dfen, die f\u00fcr dieses Produkt angeboten werden: <span style=\"color: #d12727;\"><a style=\"color: #d12727;\" href=\"https:\/\/www.csj-emballages.com\/produit\/50-pot-a-pates-carton-kraft-480-ml\/\">480 ml<\/a><\/span> \/ <span style=\"color: #d12727;\"><a style=\"color: #d12727;\" href=\"https:\/\/www.csj-emballages.com\/produit\/50-pots-a-pates-carton-kraft-960-ml\/\">960 ml<\/a><\/span><\/p>\n<p>&nbsp;<\/p>\n<p><!--more--><\/p>\n<p><a href=\"\/?product_cat=pot-a-pates\">Sehen Sie sich den Rest unseres Sortiments an Pasta-Boxen an  <\/a><\/p>\n","protected":false},"excerpt":{"rendered":"<p>Pasta Box Beschreibung von unserem Pasta box Karton 780 ml pro 50<\/p>\n","protected":false},"featured_media":164426,"template":"","meta":{"_acf_changed":false},"product_brand":[],"product_cat":[1137,1134,2393,3518],"product_tag":[],"class_list":{"0":"post-23697","1":"product","2":"type-product","3":"status-publish","4":"has-post-thumbnail","6":"product_cat-lebensmittelverpackungen","7":"product_cat-restauration-de","8":"product_cat-kegel-und-topfe-fur-pasta-wraps-corn","9":"product_cat-nudeltopfe","11":"first","12":"instock","13":"taxable","14":"shipping-taxable","15":"purchasable","16":"product-type-simple"},"acf":[],"yoast_head":"<!-- This site is optimized with the Yoast SEO Premium plugin v26.6 (Yoast SEO v26.6) - https:\/\/yoast.com\/wordpress\/plugins\/seo\/ -->\n<title>Pasta Box im Karton - 780 ml<\/title>\n<meta name=\"description\" content=\"Entdecken Sie die Pasta Box aus Karton 780 ml im Set von 50 St\u00fcck, ideal f\u00fcr den umweltfreundlichen und sicheren Transport Ihrer Nudelgerichte.\" \/>\n<meta name=\"robots\" content=\"index, follow, max-snippet:-1, max-image-preview:large, max-video-preview:-1\" \/>\n<link rel=\"canonical\" href=\"https:\/\/www.csj-emballages.com\/de\/produit\/50-nudelglaeser-kraftkarton-780-ml\/\" \/>\n<meta property=\"og:locale\" content=\"de_DE\" \/>\n<meta property=\"og:type\" content=\"article\" \/>\n<meta property=\"og:title\" content=\"Pasta Box im Karton - 780 ml\" \/>\n<meta property=\"og:description\" content=\"Entdecken Sie die Pasta Box aus Karton 780 ml im Set von 50 St\u00fcck, ideal f\u00fcr den umweltfreundlichen und sicheren Transport Ihrer Nudelgerichte.\" \/>\n<meta property=\"og:url\" content=\"https:\/\/www.csj-emballages.com\/de\/produit\/50-nudelglaeser-kraftkarton-780-ml\/\" \/>\n<meta property=\"og:site_name\" content=\"CSJ Emballages\" \/>\n<meta property=\"article:publisher\" content=\"https:\/\/www.facebook.com\/csjemballages\" \/>\n<meta property=\"article:modified_time\" content=\"2026-05-01T00:14:48+00:00\" \/>\n<meta property=\"og:image\" content=\"https:\/\/www.csj-emballages.com\/wp-content\/uploads\/2024\/03\/Capture-decran-2024-11-12-a-11.31.36-Photoroom-png-e1731408178700.webp\" \/>\n\t<meta property=\"og:image:width\" content=\"600\" \/>\n\t<meta property=\"og:image:height\" content=\"600\" \/>\n\t<meta property=\"og:image:type\" content=\"image\/png\" \/>\n<meta name=\"twitter:card\" content=\"summary_large_image\" \/>\n<meta name=\"twitter:title\" content=\"Pasta Box im Karton - 780 ml\" \/>\n<meta name=\"twitter:description\" content=\"Entdecken Sie die Pasta Box aus Karton 780 ml im Set von 50 St\u00fcck, ideal f\u00fcr den umweltfreundlichen und sicheren Transport Ihrer Nudelgerichte.\" \/>\n<meta name=\"twitter:label1\" content=\"Gesch\u00e4tzte Lesezeit\" \/>\n\t<meta name=\"twitter:data1\" content=\"3 Minuten\" \/>\n<script type=\"application\/ld+json\" class=\"yoast-schema-graph\">{\"@context\":\"https:\/\/schema.org\",\"@graph\":[{\"@type\":\"WebPage\",\"@id\":\"https:\/\/www.csj-emballages.com\/de\/produit\/50-nudelglaeser-kraftkarton-780-ml\/\",\"url\":\"https:\/\/www.csj-emballages.com\/de\/produit\/50-nudelglaeser-kraftkarton-780-ml\/\",\"name\":\"Pasta Box im Karton - 780 ml\",\"isPartOf\":{\"@id\":\"https:\/\/www.csj-emballages.com\/de\/#website\"},\"primaryImageOfPage\":{\"@id\":\"https:\/\/www.csj-emballages.com\/de\/produit\/50-nudelglaeser-kraftkarton-780-ml\/#primaryimage\"},\"image\":{\"@id\":\"https:\/\/www.csj-emballages.com\/de\/produit\/50-nudelglaeser-kraftkarton-780-ml\/#primaryimage\"},\"thumbnailUrl\":\"https:\/\/www.csj-emballages.com\/wp-content\/uploads\/2024\/03\/Capture-decran-2024-11-12-a-11.31.36-Photoroom-png-e1731408178700.webp\",\"datePublished\":\"2024-03-01T15:49:08+00:00\",\"dateModified\":\"2026-05-01T00:14:48+00:00\",\"description\":\"Entdecken Sie die Pasta Box aus Karton 780 ml im Set von 50 St\u00fcck, ideal f\u00fcr den umweltfreundlichen und sicheren Transport Ihrer Nudelgerichte.\",\"breadcrumb\":{\"@id\":\"https:\/\/www.csj-emballages.com\/de\/produit\/50-nudelglaeser-kraftkarton-780-ml\/#breadcrumb\"},\"inLanguage\":\"de\",\"potentialAction\":[{\"@type\":\"ReadAction\",\"target\":[\"https:\/\/www.csj-emballages.com\/de\/produit\/50-nudelglaeser-kraftkarton-780-ml\/\"]}]},{\"@type\":\"ImageObject\",\"inLanguage\":\"de\",\"@id\":\"https:\/\/www.csj-emballages.com\/de\/produit\/50-nudelglaeser-kraftkarton-780-ml\/#primaryimage\",\"url\":\"https:\/\/www.csj-emballages.com\/wp-content\/uploads\/2024\/03\/Capture-decran-2024-11-12-a-11.31.36-Photoroom-png-e1731408178700.webp\",\"contentUrl\":\"https:\/\/www.csj-emballages.com\/wp-content\/uploads\/2024\/03\/Capture-decran-2024-11-12-a-11.31.36-Photoroom-png-e1731408178700.webp\",\"width\":600,\"height\":600,\"caption\":\"Pasta box\"},{\"@type\":\"BreadcrumbList\",\"@id\":\"https:\/\/www.csj-emballages.com\/de\/produit\/50-nudelglaeser-kraftkarton-780-ml\/#breadcrumb\",\"itemListElement\":[{\"@type\":\"ListItem\",\"position\":1,\"name\":\"Accueil\",\"item\":\"https:\/\/www.csj-emballages.com\/de\/universum-lebensmittelverpackungen\/\"},{\"@type\":\"ListItem\",\"position\":2,\"name\":\"Shop\",\"item\":\"https:\/\/www.csj-emballages.com\/shop\/\"},{\"@type\":\"ListItem\",\"position\":3,\"name\":\"Pasta Box Karton 780 ml pro 50\"}]},{\"@type\":\"WebSite\",\"@id\":\"https:\/\/www.csj-emballages.com\/de\/#website\",\"url\":\"https:\/\/www.csj-emballages.com\/de\/\",\"name\":\"CSJ Emballages\",\"description\":\"\",\"publisher\":{\"@id\":\"https:\/\/www.csj-emballages.com\/de\/#organization\"},\"potentialAction\":[{\"@type\":\"SearchAction\",\"target\":{\"@type\":\"EntryPoint\",\"urlTemplate\":\"https:\/\/www.csj-emballages.com\/de\/?s={search_term_string}\"},\"query-input\":{\"@type\":\"PropertyValueSpecification\",\"valueRequired\":true,\"valueName\":\"search_term_string\"}}],\"inLanguage\":\"de\"},{\"@type\":\"Organization\",\"@id\":\"https:\/\/www.csj-emballages.com\/de\/#Organization\/\",\"name\":\"CSJ Emballages\",\"url\":\"https:\/\/www.csj-emballages.com\/de\/\",\"logo\":{\"@type\":\"ImageObject\",\"inLanguage\":\"de\",\"@id\":\"https:\/\/www.csj-emballages.com\/de\/#\/schema\/logo\/image\/\",\"url\":\"https:\/\/www.csj-emballages.com\/wp-content\/uploads\/2023\/10\/logo_csj.webp\",\"contentUrl\":\"https:\/\/www.csj-emballages.com\/wp-content\/uploads\/2023\/10\/logo_csj.webp\",\"width\":250,\"height\":95,\"caption\":\"CSJ Emballages\"},\"image\":{\"@id\":\"https:\/\/www.csj-emballages.com\/de\/#\/schema\/logo\/image\/\"},\"sameAs\":[\"https:\/\/www.facebook.com\/csjemballages\"],\"address\":{\"@type\":\"PostalAddress\",\"streetAddress\":\"ZI La Lechere\",\"addressLocality\":\"Patornay\",\"postalCode\":\"39130\",\"addressCountry\":\"FR\"},\"contactPoint\":[{\"@type\":\"ContactPoint\",\"contactType\":\"Service client\",\"telephone\":\"0384254272\",\"email\":\"contact@csj-emballages.com\"}]}]}<\/script>\n<!-- \/ Yoast SEO Premium plugin. -->","yoast_head_json":{"title":"Pasta Box im Karton - 780 ml","description":"Entdecken Sie die Pasta Box aus Karton 780 ml im Set von 50 St\u00fcck, ideal f\u00fcr den umweltfreundlichen und sicheren Transport Ihrer Nudelgerichte.","robots":{"index":"index","follow":"follow","max-snippet":"max-snippet:-1","max-image-preview":"max-image-preview:large","max-video-preview":"max-video-preview:-1"},"canonical":"https:\/\/www.csj-emballages.com\/de\/produit\/50-nudelglaeser-kraftkarton-780-ml\/","og_locale":"de_DE","og_type":"article","og_title":"Pasta Box im Karton - 780 ml","og_description":"Entdecken Sie die Pasta Box aus Karton 780 ml im Set von 50 St\u00fcck, ideal f\u00fcr den umweltfreundlichen und sicheren Transport Ihrer Nudelgerichte.","og_url":"https:\/\/www.csj-emballages.com\/de\/produit\/50-nudelglaeser-kraftkarton-780-ml\/","og_site_name":"CSJ Emballages","article_publisher":"https:\/\/www.facebook.com\/csjemballages","article_modified_time":"2026-05-01T00:14:48+00:00","og_image":[{"width":600,"height":600,"url":"https:\/\/www.csj-emballages.com\/wp-content\/uploads\/2024\/03\/Capture-decran-2024-11-12-a-11.31.36-Photoroom-png-e1731408178700.webp","type":"image\/png"}],"twitter_card":"summary_large_image","twitter_title":"Pasta Box im Karton - 780 ml","twitter_description":"Entdecken Sie die Pasta Box aus Karton 780 ml im Set von 50 St\u00fcck, ideal f\u00fcr den umweltfreundlichen und sicheren Transport Ihrer Nudelgerichte.","twitter_misc":{"Gesch\u00e4tzte Lesezeit":"3 Minuten"},"schema":{"@context":"https:\/\/schema.org","@graph":[{"@type":"WebPage","@id":"https:\/\/www.csj-emballages.com\/de\/produit\/50-nudelglaeser-kraftkarton-780-ml\/","url":"https:\/\/www.csj-emballages.com\/de\/produit\/50-nudelglaeser-kraftkarton-780-ml\/","name":"Pasta Box im Karton - 780 ml","isPartOf":{"@id":"https:\/\/www.csj-emballages.com\/de\/#website"},"primaryImageOfPage":{"@id":"https:\/\/www.csj-emballages.com\/de\/produit\/50-nudelglaeser-kraftkarton-780-ml\/#primaryimage"},"image":{"@id":"https:\/\/www.csj-emballages.com\/de\/produit\/50-nudelglaeser-kraftkarton-780-ml\/#primaryimage"},"thumbnailUrl":"https:\/\/www.csj-emballages.com\/wp-content\/uploads\/2024\/03\/Capture-decran-2024-11-12-a-11.31.36-Photoroom-png-e1731408178700.webp","datePublished":"2024-03-01T15:49:08+00:00","dateModified":"2026-05-01T00:14:48+00:00","description":"Entdecken Sie die Pasta Box aus Karton 780 ml im Set von 50 St\u00fcck, ideal f\u00fcr den umweltfreundlichen und sicheren Transport Ihrer Nudelgerichte.","breadcrumb":{"@id":"https:\/\/www.csj-emballages.com\/de\/produit\/50-nudelglaeser-kraftkarton-780-ml\/#breadcrumb"},"inLanguage":"de","potentialAction":[{"@type":"ReadAction","target":["https:\/\/www.csj-emballages.com\/de\/produit\/50-nudelglaeser-kraftkarton-780-ml\/"]}]},{"@type":"ImageObject","inLanguage":"de","@id":"https:\/\/www.csj-emballages.com\/de\/produit\/50-nudelglaeser-kraftkarton-780-ml\/#primaryimage","url":"https:\/\/www.csj-emballages.com\/wp-content\/uploads\/2024\/03\/Capture-decran-2024-11-12-a-11.31.36-Photoroom-png-e1731408178700.webp","contentUrl":"https:\/\/www.csj-emballages.com\/wp-content\/uploads\/2024\/03\/Capture-decran-2024-11-12-a-11.31.36-Photoroom-png-e1731408178700.webp","width":600,"height":600,"caption":"Pasta box"},{"@type":"BreadcrumbList","@id":"https:\/\/www.csj-emballages.com\/de\/produit\/50-nudelglaeser-kraftkarton-780-ml\/#breadcrumb","itemListElement":[{"@type":"ListItem","position":1,"name":"Accueil","item":"https:\/\/www.csj-emballages.com\/de\/universum-lebensmittelverpackungen\/"},{"@type":"ListItem","position":2,"name":"Shop","item":"https:\/\/www.csj-emballages.com\/shop\/"},{"@type":"ListItem","position":3,"name":"Pasta Box Karton 780 ml pro 50"}]},{"@type":"WebSite","@id":"https:\/\/www.csj-emballages.com\/de\/#website","url":"https:\/\/www.csj-emballages.com\/de\/","name":"CSJ Emballages","description":"","publisher":{"@id":"https:\/\/www.csj-emballages.com\/de\/#organization"},"potentialAction":[{"@type":"SearchAction","target":{"@type":"EntryPoint","urlTemplate":"https:\/\/www.csj-emballages.com\/de\/?s={search_term_string}"},"query-input":{"@type":"PropertyValueSpecification","valueRequired":true,"valueName":"search_term_string"}}],"inLanguage":"de"},{"@type":"Organization","@id":"https:\/\/www.csj-emballages.com\/de\/#Organization\/","name":"CSJ Emballages","url":"https:\/\/www.csj-emballages.com\/de\/","logo":{"@type":"ImageObject","inLanguage":"de","@id":"https:\/\/www.csj-emballages.com\/de\/#\/schema\/logo\/image\/","url":"https:\/\/www.csj-emballages.com\/wp-content\/uploads\/2023\/10\/logo_csj.webp","contentUrl":"https:\/\/www.csj-emballages.com\/wp-content\/uploads\/2023\/10\/logo_csj.webp","width":250,"height":95,"caption":"CSJ Emballages"},"image":{"@id":"https:\/\/www.csj-emballages.com\/de\/#\/schema\/logo\/image\/"},"sameAs":["https:\/\/www.facebook.com\/csjemballages"],"address":{"@type":"PostalAddress","streetAddress":"ZI La Lechere","addressLocality":"Patornay","postalCode":"39130","addressCountry":"FR"},"contactPoint":[{"@type":"ContactPoint","contactType":"Service client","telephone":"0384254272","email":"contact@csj-emballages.com"}]}]}},"df_price":7.03,"df_sale_price":"","df_regular_price":7.03,"df_image_link":"https:\/\/www.csj-emballages.com\/wp-content\/uploads\/2024\/03\/Capture-decran-2024-11-12-a-11.31.36-Photoroom-300x300.webp","tiered_pricing_type":"fixed","tiered_pricing_fixed_rules":[],"tiered_pricing_percentage_rules":[],"tiered_pricing_minimum":1,"tiered_pricing_roles_data":[],"_links":{"self":[{"href":"https:\/\/www.csj-emballages.com\/de\/wp-json\/wp\/v2\/product\/23697","targetHints":{"allow":["GET"]}}],"collection":[{"href":"https:\/\/www.csj-emballages.com\/de\/wp-json\/wp\/v2\/product"}],"about":[{"href":"https:\/\/www.csj-emballages.com\/de\/wp-json\/wp\/v2\/types\/product"}],"wp:featuredmedia":[{"embeddable":true,"href":"https:\/\/www.csj-emballages.com\/de\/wp-json\/wp\/v2\/media\/164426"}],"wp:attachment":[{"href":"https:\/\/www.csj-emballages.com\/de\/wp-json\/wp\/v2\/media?parent=23697"}],"wp:term":[{"taxonomy":"product_brand","embeddable":true,"href":"https:\/\/www.csj-emballages.com\/de\/wp-json\/wp\/v2\/product_brand?post=23697"},{"taxonomy":"product_cat","embeddable":true,"href":"https:\/\/www.csj-emballages.com\/de\/wp-json\/wp\/v2\/product_cat?post=23697"},{"taxonomy":"product_tag","embeddable":true,"href":"https:\/\/www.csj-emballages.com\/de\/wp-json\/wp\/v2\/product_tag?post=23697"}],"curies":[{"name":"wp","href":"https:\/\/api.w.org\/{rel}","templated":true}]}}