{"id":23696,"date":"2024-03-01T16:49:10","date_gmt":"2024-03-01T15:49:10","guid":{"rendered":"https:\/\/u15jnbdpoq.preview.infomaniak.website\/produit\/50-beutel-suesswarenpapier-kraft-noel-70-40-x-200-mm\/"},"modified":"2026-03-12T16:41:38","modified_gmt":"2026-03-12T15:41:38","slug":"50-beutel-suesswarenpapier-kraft-noel-70-40-x-200-mm","status":"publish","type":"product","link":"https:\/\/www.csj-emballages.com\/de\/produit\/50-beutel-suesswarenpapier-kraft-noel-70-40-x-200-mm\/","title":{"rendered":"Weihnachtss\u00fc\u00dfwarenbeutel Papier &#8222;Kraft Weihnachten&#8220; 70 + 40 x 200 mm pro 50"},"content":{"rendered":"<div style=\"box-sizing: inherit; font-family: Roboto, sans-serif;\">\n<div style=\"box-sizing: inherit; font-family: Roboto, sans-serif;\">\n<div style=\"box-sizing: inherit; font-family: Roboto, sans-serif;\">\n<div style=\"box-sizing: inherit; font-family: Roboto, sans-serif;\">\n<div style=\"box-sizing: inherit; font-family: Roboto, sans-serif;\">\n<div style=\"box-sizing: inherit; font-family: Roboto, sans-serif;\">\n<div style=\"box-sizing: inherit; font-family: Roboto, sans-serif;\">\n<div style=\"box-sizing: inherit; font-family: Roboto, sans-serif;\">\n<div style=\"box-sizing: inherit; font-family: Roboto, sans-serif;\">\n<div style=\"box-sizing: inherit; font-family: Roboto, sans-serif;\">\n<div style=\"box-sizing: inherit; font-family: Roboto, sans-serif;\">\n<div style=\"box-sizing: inherit; font-family: Roboto, sans-serif;\">\n<div style=\"box-sizing: inherit; font-family: Roboto, sans-serif;\">\n<div class=\"flex flex-grow flex-col max-w-full\">\n<div class=\"min-h-[20px] text-message flex flex-col items-start whitespace-pre-wrap break-words [.text-message+&amp;]:mt-5 juice:w-full juice:items-end overflow-x-auto gap-2\" dir=\"auto\" data-message-author-role=\"assistant\" data-message-id=\"2034782e-88f9-44ef-b4dc-07dd7bf0115f\">\n<div class=\"flex w-full flex-col gap-1 juice:empty:hidden juice:first:pt-[3px]\">\n<div class=\"markdown prose w-full break-words dark:prose-invert light\">\n<div style=\"box-sizing: inherit; font-family: Roboto, sans-serif;\">\n<div style=\"box-sizing: inherit; font-family: Roboto, sans-serif;\">\n<div style=\"box-sizing: inherit; font-family: Roboto, sans-serif;\">\n<div style=\"box-sizing: inherit; font-family: Roboto, sans-serif;\">\n<div style=\"box-sizing: inherit; font-family: Roboto, sans-serif;\">\n<div style=\"box-sizing: inherit; font-family: Roboto, sans-serif;\">\n<div style=\"box-sizing: inherit; font-family: Roboto, sans-serif;\">\n<div style=\"box-sizing: inherit; font-family: Roboto, sans-serif;\">\n<div style=\"box-sizing: inherit; font-family: Roboto, sans-serif;\">\n<div style=\"box-sizing: inherit; font-family: Roboto, sans-serif;\">\n<div style=\"box-sizing: inherit; font-family: Roboto, sans-serif;\">\n<div style=\"box-sizing: inherit; font-family: Roboto, sans-serif;\">\n<div style=\"box-sizing: inherit; font-family: Roboto, sans-serif;\">\n<div style=\"box-sizing: inherit; font-family: Roboto, sans-serif;\">\n<div style=\"box-sizing: inherit; font-family: Roboto, sans-serif;\">\n<div style=\"box-sizing: inherit; font-family: Roboto, sans-serif;\">\n<div style=\"box-sizing: inherit; font-family: Roboto, sans-serif;\">\n<div style=\"box-sizing: inherit; font-family: Roboto, sans-serif;\">\n<div style=\"box-sizing: inherit; font-family: Roboto, sans-serif;\">\n<div class=\"flex flex-grow flex-col max-w-full\">\n<div class=\"min-h-[20px] text-message flex flex-col items-start whitespace-pre-wrap break-words [.text-message+&amp;]:mt-5 juice:w-full juice:items-end overflow-x-auto gap-2\" dir=\"auto\" data-message-author-role=\"assistant\" data-message-id=\"2034782e-88f9-44ef-b4dc-07dd7bf0115f\">\n<div class=\"flex w-full flex-col gap-1 juice:empty:hidden juice:first:pt-[3px]\">\n<div class=\"markdown prose w-full break-words dark:prose-invert light\">\n<div style=\"box-sizing: inherit; font-family: Roboto, sans-serif;\">\n<div style=\"box-sizing: inherit; font-family: Roboto, sans-serif;\">\n<div style=\"box-sizing: inherit; font-family: Roboto, sans-serif;\">\n<div style=\"box-sizing: inherit; font-family: Roboto, sans-serif;\">\n<div style=\"box-sizing: inherit; font-family: Roboto, sans-serif;\">\n<div style=\"box-sizing: inherit; font-family: Roboto, sans-serif;\">\n<h2>Beutel mit S\u00fc\u00dfigkeiten Weihnachten<\/h2>\n<div style=\"box-sizing: inherit; font-family: Roboto, sans-serif;\">\n<div style=\"box-sizing: inherit; font-family: Roboto, sans-serif;\">\n<div style=\"box-sizing: inherit; font-family: Roboto, sans-serif;\">\n<div style=\"text-align: center;\">\n<div style=\"box-sizing: inherit; font-family: Roboto, sans-serif;\">\n<div style=\"box-sizing: inherit; font-family: Roboto, sans-serif;\">\n<div style=\"box-sizing: inherit; font-family: Roboto, sans-serif;\">\n<div style=\"box-sizing: inherit; font-family: Roboto, sans-serif;\">\n<div style=\"box-sizing: inherit; font-family: Roboto, sans-serif;\">\n<div style=\"box-sizing: inherit; font-family: Roboto, sans-serif; text-align: left;\">\n<hr>\n<h3 style=\"text-align: left;\">Beschreibung von unserem Weihnachtss\u00fc\u00dfwarenbeutel Papier &#8222;Kraft Weihnachten&#8220; 70 + 40 x 200 mm pro 50<\/h3>\n<h3 style=\"text-align: left;\"><!--more--><\/h3>\n<\/div>\n<\/div>\n<\/div>\n<\/div>\n<\/div>\n<\/div>\n<\/div>\n<\/div>\n<\/div>\n<\/div>\n<\/div>\n<\/div>\n<\/div>\n<\/div>\n<\/div>\n<\/div>\n<\/div>\n<\/div>\n<\/div>\n<\/div>\n<\/div>\n<\/div>\n<\/div>\n<\/div>\n<\/div>\n<\/div>\n<\/div>\n<\/div>\n<\/div>\n<\/div>\n<\/div>\n<\/div>\n<\/div>\n<div style=\"box-sizing: inherit; font-family: Roboto, sans-serif;\">\n<div style=\"box-sizing: inherit; font-family: Roboto, sans-serif;\">\n<div style=\"box-sizing: inherit; font-family: Roboto, sans-serif;\">\n<div style=\"box-sizing: inherit; font-family: Roboto, sans-serif;\">\n<div style=\"box-sizing: inherit; font-family: Roboto, sans-serif;\">\n<div style=\"box-sizing: inherit; font-family: Roboto, sans-serif;\">\n<div style=\"box-sizing: inherit; font-family: Roboto, sans-serif;\">\n<div style=\"box-sizing: inherit; font-family: Roboto, sans-serif;\">\n<div style=\"box-sizing: inherit; font-family: Roboto, sans-serif;\">\n<div style=\"box-sizing: inherit; font-family: Roboto, sans-serif;\">\n<div style=\"box-sizing: inherit; font-family: Roboto, sans-serif;\">\n<div style=\"box-sizing: inherit; font-family: Roboto, sans-serif;\">\n<div style=\"box-sizing: inherit; font-family: Roboto, sans-serif;\">\n<div class=\"flex flex-grow flex-col max-w-full\">\n<div class=\"min-h-[20px] text-message flex flex-col items-start whitespace-pre-wrap break-words [.text-message+&amp;]:mt-5 juice:w-full juice:items-end overflow-x-auto gap-2\" dir=\"auto\" data-message-author-role=\"assistant\" data-message-id=\"2034782e-88f9-44ef-b4dc-07dd7bf0115f\">\n<div class=\"flex w-full flex-col gap-1 juice:empty:hidden juice:first:pt-[3px]\">\n<div class=\"markdown prose w-full break-words dark:prose-invert light\">\n<div style=\"box-sizing: inherit; font-family: Roboto, sans-serif;\">\n<div style=\"box-sizing: inherit; font-family: Roboto, sans-serif;\">\n<div style=\"box-sizing: inherit; font-family: Roboto, sans-serif;\">\n<div style=\"box-sizing: inherit; font-family: Roboto, sans-serif;\">\n<div style=\"box-sizing: inherit; font-family: Roboto, sans-serif;\">\n<div style=\"box-sizing: inherit; font-family: Roboto, sans-serif;\">\n<p data-start=\"0\" data-end=\"603\">Bereiten Sie Ihre Feiertage stilvoll vor mit unserem <strong data-start=\"89\" data-end=\"132\">Weihnachtss\u00fc\u00dfwarenbeutel aus Kraftpapier<\/strong> <strong>Weihnachten<\/strong> <strong>70 + 40 x 200 mm,<\/strong> verkauft von <strong>50<\/strong> St\u00fcck. Dieser <strong data-start=\"167\" data-end=\"192\">S\u00fc\u00dfwarenbeutel<\/strong> vereint traditionellen Charme mit moderner Praktikabilit\u00e4t, um all Ihre S\u00fc\u00dfigkeiten zur Geltung zu bringen. Mit seinen <strong data-start=\"294\" data-end=\"312\">festlichen Motiven<\/strong> in warmen Farbt\u00f6nen verleiht er Ihren Kreationen sofort eine <strong data-start=\"364\" data-end=\"384\">fr\u00f6hliche<\/strong> und elegante <strong data-start=\"364\" data-end=\"384\">Atmosph\u00e4re<\/strong>. Ob Sie nun <strong data-start=\"429\" data-end=\"443\">Biskuitb\u00e4cker<\/strong>, <strong data-start=\"445\" data-end=\"460\">Chocolatier<\/strong>, <strong data-start=\"462\" data-end=\"475\" data-is-only-node=\"\">Konditor<\/strong> oder einfach nur ein Liebhaber von Leckereien sind, dieser Beutel wird Ihr bester Verb\u00fcndeter sein, um Ihre Produkte zu veredeln und Ihre Kunden zu begeistern.<\/p>\n<p data-start=\"605\" data-end=\"1030\">Abgesehen von ihrem raffinierten Aussehen ist diese<strong> Kraftpapiert\u00fcte Weihnachten <\/strong>auf Leichtigkeit ausgelegt: Einmal aufgefaltet, steht sie von selbst, auch bevor sie gef\u00fcllt wird. So sparen Sie Zeit beim Verpacken und bieten eine makellose Pr\u00e4sentation. Dank ihrer ausgekl\u00fcgelten Form k\u00f6nnen Sie Ihre empfindlichsten S\u00fc\u00dfwaren wie <strong data-start=\"960\" data-end=\"971\">Dragees<\/strong>, <strong data-start=\"973\" data-end=\"984\">Nougat<\/strong> oder <strong data-start=\"988\" data-end=\"1000\">Kekse<\/strong> sicher verpacken, ohne Gefahr zu laufen, sie zu besch\u00e4digen.<\/p>\n<p data-start=\"1032\" data-end=\"1400\">Dieser <strong>Weihnachtss\u00fc\u00dfwarenbeutel<\/strong> ist selbstverst\u00e4ndlich <strong data-start=\"1059\" data-end=\"1090\">f\u00fcr den Kontakt mit Lebensmitteln geeignet<\/strong>, wodurch perfekte Hygiene und die Erhaltung des Geschmacks gew\u00e4hrleistet sind. Seine Krafttextur ist widerstandsf\u00e4hig und nat\u00fcrlich zugleich und verk\u00f6rpert ein \u00f6kologisches Engagement, das von den Verbrauchern gesch\u00e4tzt wird. Ebenso ist das Format <strong>70 + 40 x 200 mm<\/strong> ideal f\u00fcr gro\u00dfz\u00fcgige Portionen und gleichzeitig praktisch zum Mitnehmen oder Verschenken.<\/p>\n<p data-start=\"1402\" data-end=\"1789\">Wenn Sie sich f\u00fcr diesen <strong data-start=\"1420\" data-end=\"1453\">Kraft-S\u00fc\u00dfwarenbeutel Weihnachten<\/strong> entscheiden, vereinen Sie \u00c4sthetik und Funktionalit\u00e4t. Sie wird zur unumg\u00e4nglichen Verpackung f\u00fcr Ihren Jahresendverkauf, Ihre Weihnachtsm\u00e4rkte oder Ihre Feinschmeckergeschenke. Kurz gesagt: Veredeln Sie <strong>Ihre Kreationen<\/strong> und lassen Sie Ihre Kunst zum Ausdruck kommen, um diese Gl\u00fccksmomente zu feiern und Ihren Kunden ein unvergessliches visuelles und geschmackliches Erlebnis zu bieten.<\/p>\n<p data-start=\"1402\" data-end=\"1789\">\n<p><!--more--><\/p>\n<h4 style=\"text-align: left;\">Vorteile :<\/h4>\n<ul style=\"text-align: left;\">\n<li><strong data-start=\"2013\" data-end=\"2030\">Festliches Design<\/strong>, das Kekse, Schokolade und S\u00fc\u00dfigkeiten in Szene setzt.<\/li>\n<li><strong data-start=\"2089\" data-end=\"2115\">Selbsttragender SOS-Beutel<\/strong>, praktisch zum Bef\u00fcllen.<\/li>\n<li><strong data-start=\"2146\" data-end=\"2177\">Geeignet f\u00fcr den Kontakt mit Lebensmitteln<\/strong> und hygienisch einwandfrei.<\/li>\n<li><strong data-start=\"2211\" data-end=\"2227\">Ideales Format<\/strong> f\u00fcr Verkauf, Geschenke oder Weihnachtsm\u00e4rkte.<\/li>\n<li><strong data-start=\"2280\" data-end=\"2297\">Robustes Kraftpapier<\/strong> mit einem nat\u00fcrlichen und eleganten Stil.<\/li>\n<\/ul>\n<\/div>\n<\/div>\n<\/div>\n<\/div>\n<\/div>\n<\/div>\n<\/div>\n<\/div>\n<\/div>\n<\/div>\n<\/div>\n<\/div>\n<p>&nbsp;<\/p>\n<\/div>\n<\/div>\n<\/div>\n<\/div>\n<\/div>\n<\/div>\n<\/div>\n<\/div>\n<\/div>\n<\/div>\n<\/div>\n<p><!--more--><\/p>\n<h4>Weitere Informationen :<\/h4>\n<ul style=\"box-sizing: inherit; font-family: Roboto, sans-serif;\">\n<li><strong>Verpackung<\/strong>: Packung mit 50 St\u00fcck<\/li>\n<li><span style=\"font-weight: bold;\">Ma\u00dfe<\/span>: 70 + 40 x 200 mm<\/li>\n<li><strong>Material<\/strong>: Kraftpapier \/ PP<\/li>\n<li><strong>Farbe<\/strong>: Kraft \/ Wei\u00df<\/li>\n<\/ul>\n<p>&nbsp;<\/p>\n<p><!--more--><\/p>\n<p>Dieses Weihnachtss\u00e4ckchen ist auch in einer gr\u00f6\u00dferen Gr\u00f6\u00dfe erh\u00e4ltlich : <span style=\"color: #d12727;\"><a style=\"color: #d12727;\" href=\"https:\/\/www.csj-emballages.com\/de\/produit\/50-beutel-suesswarenpapier-kraft-weihnachten-85-50-x-240-mm\/\">85 x 50 x 240 mm<\/a><\/span><\/p>\n<p>&nbsp;<\/p>\n<p><!--more--><\/p>\n<p><a href=\"https:\/\/www.csj-emballages.com\/de\/categorie-produit\/lebensmittelverpackungen\/backerei-und-konditorei\/sacke-beutel-und-papier\/beutel-fur-suswaren\/themenbeutel\/weihnachtsbeutel\/\">Sehen Sie sich den Rest unseres Sortiments an Weihnachtst\u00fcten an<\/a><\/p>\n<\/div>\n<\/div>\n<\/div>\n<\/div>\n<\/div>\n<\/div>\n<\/div>\n<\/div>\n<\/div>\n<\/div>\n<\/div>\n<\/div>\n<\/div>\n<\/div>\n<\/div>\n<\/div>\n<\/div>\n<\/div>\n<\/div>\n<\/div>\n<\/div>\n<\/div>\n<\/div>\n","protected":false},"excerpt":{"rendered":"<p>Beutel mit S\u00fc\u00dfigkeiten Weihnachten Beschreibung von unserem Weihnachtss\u00fc\u00dfwarenbeutel Papier &#8222;Kraft Weihnachten&#8220; 70 + 40 x 200 mm pro 50<\/p>\n","protected":false},"featured_media":243616,"template":"","meta":{"_acf_changed":false},"product_brand":[],"product_cat":[1137,1171,1678,3413,3536,3537],"product_tag":[],"class_list":{"0":"post-23696","1":"product","2":"type-product","3":"status-publish","4":"has-post-thumbnail","6":"product_cat-lebensmittelverpackungen","7":"product_cat-backerei-und-konditorei","8":"product_cat-beutel-fur-suswaren","9":"product_cat-weihnachtsbeutel","10":"product_cat-papierbeutel","11":"product_cat-papiertuten-weihnachten","13":"first","14":"instock","15":"taxable","16":"shipping-taxable","17":"purchasable","18":"product-type-simple"},"acf":[],"yoast_head":"<!-- This site is optimized with the Yoast SEO Premium plugin v26.6 (Yoast SEO v26.6) - https:\/\/yoast.com\/wordpress\/plugins\/seo\/ -->\n<title>Beutel S\u00fc\u00dfwaren Weihnachten Papier &quot;Kraft Weihnachten&quot; 70 + 40 x 200 mm<\/title>\n<meta name=\"description\" content=\"S\u00fc\u00dfwarenbeutel Weihnachten Kraft 70 + 40 x 200 mm pro 50: festliche, widerstandsf\u00e4hige und lebensmittelechte Verpackung, um Ihre S\u00fc\u00dfigkeiten zu veredeln.\" \/>\n<meta name=\"robots\" content=\"index, follow, max-snippet:-1, max-image-preview:large, max-video-preview:-1\" \/>\n<link rel=\"canonical\" href=\"https:\/\/www.csj-emballages.com\/de\/produit\/50-beutel-suesswarenpapier-kraft-noel-70-40-x-200-mm\/\" \/>\n<meta property=\"og:locale\" content=\"de_DE\" \/>\n<meta property=\"og:type\" content=\"article\" \/>\n<meta property=\"og:title\" content=\"SOS-Weihnachtstasche &quot;Kraft Weihnachten&quot; 70 + 40 x 200 mm\" \/>\n<meta property=\"og:description\" content=\"Weihnachtsbeutel aus Papier &quot;Kraft No\u00ebl&quot; (70 + 40 x 200 mm, Packung zu 50): eine festliche und umweltfreundliche Verpackung f\u00fcr S\u00fc\u00dfwaren und kleine Geschenke!\" \/>\n<meta property=\"og:url\" content=\"https:\/\/www.csj-emballages.com\/de\/produit\/50-beutel-suesswarenpapier-kraft-noel-70-40-x-200-mm\/\" \/>\n<meta property=\"og:site_name\" content=\"CSJ Emballages\" \/>\n<meta property=\"article:publisher\" content=\"https:\/\/www.facebook.com\/csjemballages\" \/>\n<meta property=\"article:modified_time\" content=\"2026-03-12T15:41:38+00:00\" \/>\n<meta property=\"og:image\" content=\"https:\/\/www.csj-emballages.com\/wp-content\/uploads\/2024\/03\/SKRAFTNOELT1.webp\" \/>\n\t<meta property=\"og:image:width\" content=\"800\" \/>\n\t<meta property=\"og:image:height\" content=\"800\" \/>\n\t<meta property=\"og:image:type\" content=\"image\/webp\" \/>\n<meta name=\"twitter:card\" content=\"summary_large_image\" \/>\n<meta name=\"twitter:title\" content=\"SOS-Weihnachtstasche &quot;Kraft Weihnachten&quot; 70 + 40 x 200 mm\" \/>\n<meta name=\"twitter:description\" content=\"Weihnachtsbeutel aus Papier &quot;Kraft No\u00ebl&quot; (70 + 40 x 200 mm, Packung zu 50): eine festliche und umweltfreundliche Verpackung f\u00fcr S\u00fc\u00dfwaren und kleine Geschenke!\" \/>\n<meta name=\"twitter:label1\" content=\"Gesch\u00e4tzte Lesezeit\" \/>\n\t<meta name=\"twitter:data1\" content=\"2 Minuten\" \/>\n<script type=\"application\/ld+json\" class=\"yoast-schema-graph\">{\"@context\":\"https:\/\/schema.org\",\"@graph\":[{\"@type\":\"WebPage\",\"@id\":\"https:\/\/www.csj-emballages.com\/de\/produit\/50-beutel-suesswarenpapier-kraft-noel-70-40-x-200-mm\/\",\"url\":\"https:\/\/www.csj-emballages.com\/de\/produit\/50-beutel-suesswarenpapier-kraft-noel-70-40-x-200-mm\/\",\"name\":\"Beutel S\u00fc\u00dfwaren Weihnachten Papier \\\"Kraft Weihnachten\\\" 70 + 40 x 200 mm\",\"isPartOf\":{\"@id\":\"https:\/\/www.csj-emballages.com\/de\/#website\"},\"primaryImageOfPage\":{\"@id\":\"https:\/\/www.csj-emballages.com\/de\/produit\/50-beutel-suesswarenpapier-kraft-noel-70-40-x-200-mm\/#primaryimage\"},\"image\":{\"@id\":\"https:\/\/www.csj-emballages.com\/de\/produit\/50-beutel-suesswarenpapier-kraft-noel-70-40-x-200-mm\/#primaryimage\"},\"thumbnailUrl\":\"https:\/\/www.csj-emballages.com\/wp-content\/uploads\/2024\/03\/SKRAFTNOELT1.webp\",\"datePublished\":\"2024-03-01T15:49:10+00:00\",\"dateModified\":\"2026-03-12T15:41:38+00:00\",\"description\":\"S\u00fc\u00dfwarenbeutel Weihnachten Kraft 70 + 40 x 200 mm pro 50: festliche, widerstandsf\u00e4hige und lebensmittelechte Verpackung, um Ihre S\u00fc\u00dfigkeiten zu veredeln.\",\"breadcrumb\":{\"@id\":\"https:\/\/www.csj-emballages.com\/de\/produit\/50-beutel-suesswarenpapier-kraft-noel-70-40-x-200-mm\/#breadcrumb\"},\"inLanguage\":\"de\",\"potentialAction\":[{\"@type\":\"ReadAction\",\"target\":[\"https:\/\/www.csj-emballages.com\/de\/produit\/50-beutel-suesswarenpapier-kraft-noel-70-40-x-200-mm\/\"]}]},{\"@type\":\"ImageObject\",\"inLanguage\":\"de\",\"@id\":\"https:\/\/www.csj-emballages.com\/de\/produit\/50-beutel-suesswarenpapier-kraft-noel-70-40-x-200-mm\/#primaryimage\",\"url\":\"https:\/\/www.csj-emballages.com\/wp-content\/uploads\/2024\/03\/SKRAFTNOELT1.webp\",\"contentUrl\":\"https:\/\/www.csj-emballages.com\/wp-content\/uploads\/2024\/03\/SKRAFTNOELT1.webp\",\"width\":800,\"height\":800,\"caption\":\"Sachet confiseries No\u00ebl\"},{\"@type\":\"BreadcrumbList\",\"@id\":\"https:\/\/www.csj-emballages.com\/de\/produit\/50-beutel-suesswarenpapier-kraft-noel-70-40-x-200-mm\/#breadcrumb\",\"itemListElement\":[{\"@type\":\"ListItem\",\"position\":1,\"name\":\"Accueil\",\"item\":\"https:\/\/www.csj-emballages.com\/de\/universum-lebensmittelverpackungen\/\"},{\"@type\":\"ListItem\",\"position\":2,\"name\":\"Shop\",\"item\":\"https:\/\/www.csj-emballages.com\/shop\/\"},{\"@type\":\"ListItem\",\"position\":3,\"name\":\"Weihnachtss\u00fc\u00dfwarenbeutel Papier \u00ab\u00a0Kraft Weihnachten\u00a0\u00bb 70 + 40 x 200 mm pro 50\"}]},{\"@type\":\"WebSite\",\"@id\":\"https:\/\/www.csj-emballages.com\/de\/#website\",\"url\":\"https:\/\/www.csj-emballages.com\/de\/\",\"name\":\"CSJ Emballages\",\"description\":\"\",\"publisher\":{\"@id\":\"https:\/\/www.csj-emballages.com\/de\/#organization\"},\"potentialAction\":[{\"@type\":\"SearchAction\",\"target\":{\"@type\":\"EntryPoint\",\"urlTemplate\":\"https:\/\/www.csj-emballages.com\/de\/?s={search_term_string}\"},\"query-input\":{\"@type\":\"PropertyValueSpecification\",\"valueRequired\":true,\"valueName\":\"search_term_string\"}}],\"inLanguage\":\"de\"},{\"@type\":\"Organization\",\"@id\":\"https:\/\/www.csj-emballages.com\/de\/#Organization\/\",\"name\":\"CSJ Emballages\",\"url\":\"https:\/\/www.csj-emballages.com\/de\/\",\"logo\":{\"@type\":\"ImageObject\",\"inLanguage\":\"de\",\"@id\":\"https:\/\/www.csj-emballages.com\/de\/#\/schema\/logo\/image\/\",\"url\":\"https:\/\/www.csj-emballages.com\/wp-content\/uploads\/2023\/10\/logo_csj.webp\",\"contentUrl\":\"https:\/\/www.csj-emballages.com\/wp-content\/uploads\/2023\/10\/logo_csj.webp\",\"width\":250,\"height\":95,\"caption\":\"CSJ Emballages\"},\"image\":{\"@id\":\"https:\/\/www.csj-emballages.com\/de\/#\/schema\/logo\/image\/\"},\"sameAs\":[\"https:\/\/www.facebook.com\/csjemballages\"],\"address\":{\"@type\":\"PostalAddress\",\"streetAddress\":\"ZI La Lechere\",\"addressLocality\":\"Patornay\",\"postalCode\":\"39130\",\"addressCountry\":\"FR\"},\"contactPoint\":[{\"@type\":\"ContactPoint\",\"contactType\":\"Service client\",\"telephone\":\"0384254272\",\"email\":\"contact@csj-emballages.com\"}]}]}<\/script>\n<!-- \/ Yoast SEO Premium plugin. -->","yoast_head_json":{"title":"Beutel S\u00fc\u00dfwaren Weihnachten Papier \"Kraft Weihnachten\" 70 + 40 x 200 mm","description":"S\u00fc\u00dfwarenbeutel Weihnachten Kraft 70 + 40 x 200 mm pro 50: festliche, widerstandsf\u00e4hige und lebensmittelechte Verpackung, um Ihre S\u00fc\u00dfigkeiten zu veredeln.","robots":{"index":"index","follow":"follow","max-snippet":"max-snippet:-1","max-image-preview":"max-image-preview:large","max-video-preview":"max-video-preview:-1"},"canonical":"https:\/\/www.csj-emballages.com\/de\/produit\/50-beutel-suesswarenpapier-kraft-noel-70-40-x-200-mm\/","og_locale":"de_DE","og_type":"article","og_title":"SOS-Weihnachtstasche \"Kraft Weihnachten\" 70 + 40 x 200 mm","og_description":"Weihnachtsbeutel aus Papier \"Kraft No\u00ebl\" (70 + 40 x 200 mm, Packung zu 50): eine festliche und umweltfreundliche Verpackung f\u00fcr S\u00fc\u00dfwaren und kleine Geschenke!","og_url":"https:\/\/www.csj-emballages.com\/de\/produit\/50-beutel-suesswarenpapier-kraft-noel-70-40-x-200-mm\/","og_site_name":"CSJ Emballages","article_publisher":"https:\/\/www.facebook.com\/csjemballages","article_modified_time":"2026-03-12T15:41:38+00:00","og_image":[{"width":800,"height":800,"url":"https:\/\/www.csj-emballages.com\/wp-content\/uploads\/2024\/03\/SKRAFTNOELT1.webp","type":"image\/webp"}],"twitter_card":"summary_large_image","twitter_title":"SOS-Weihnachtstasche \"Kraft Weihnachten\" 70 + 40 x 200 mm","twitter_description":"Weihnachtsbeutel aus Papier \"Kraft No\u00ebl\" (70 + 40 x 200 mm, Packung zu 50): eine festliche und umweltfreundliche Verpackung f\u00fcr S\u00fc\u00dfwaren und kleine Geschenke!","twitter_misc":{"Gesch\u00e4tzte Lesezeit":"2 Minuten"},"schema":{"@context":"https:\/\/schema.org","@graph":[{"@type":"WebPage","@id":"https:\/\/www.csj-emballages.com\/de\/produit\/50-beutel-suesswarenpapier-kraft-noel-70-40-x-200-mm\/","url":"https:\/\/www.csj-emballages.com\/de\/produit\/50-beutel-suesswarenpapier-kraft-noel-70-40-x-200-mm\/","name":"Beutel S\u00fc\u00dfwaren Weihnachten Papier \"Kraft Weihnachten\" 70 + 40 x 200 mm","isPartOf":{"@id":"https:\/\/www.csj-emballages.com\/de\/#website"},"primaryImageOfPage":{"@id":"https:\/\/www.csj-emballages.com\/de\/produit\/50-beutel-suesswarenpapier-kraft-noel-70-40-x-200-mm\/#primaryimage"},"image":{"@id":"https:\/\/www.csj-emballages.com\/de\/produit\/50-beutel-suesswarenpapier-kraft-noel-70-40-x-200-mm\/#primaryimage"},"thumbnailUrl":"https:\/\/www.csj-emballages.com\/wp-content\/uploads\/2024\/03\/SKRAFTNOELT1.webp","datePublished":"2024-03-01T15:49:10+00:00","dateModified":"2026-03-12T15:41:38+00:00","description":"S\u00fc\u00dfwarenbeutel Weihnachten Kraft 70 + 40 x 200 mm pro 50: festliche, widerstandsf\u00e4hige und lebensmittelechte Verpackung, um Ihre S\u00fc\u00dfigkeiten zu veredeln.","breadcrumb":{"@id":"https:\/\/www.csj-emballages.com\/de\/produit\/50-beutel-suesswarenpapier-kraft-noel-70-40-x-200-mm\/#breadcrumb"},"inLanguage":"de","potentialAction":[{"@type":"ReadAction","target":["https:\/\/www.csj-emballages.com\/de\/produit\/50-beutel-suesswarenpapier-kraft-noel-70-40-x-200-mm\/"]}]},{"@type":"ImageObject","inLanguage":"de","@id":"https:\/\/www.csj-emballages.com\/de\/produit\/50-beutel-suesswarenpapier-kraft-noel-70-40-x-200-mm\/#primaryimage","url":"https:\/\/www.csj-emballages.com\/wp-content\/uploads\/2024\/03\/SKRAFTNOELT1.webp","contentUrl":"https:\/\/www.csj-emballages.com\/wp-content\/uploads\/2024\/03\/SKRAFTNOELT1.webp","width":800,"height":800,"caption":"Sachet confiseries No\u00ebl"},{"@type":"BreadcrumbList","@id":"https:\/\/www.csj-emballages.com\/de\/produit\/50-beutel-suesswarenpapier-kraft-noel-70-40-x-200-mm\/#breadcrumb","itemListElement":[{"@type":"ListItem","position":1,"name":"Accueil","item":"https:\/\/www.csj-emballages.com\/de\/universum-lebensmittelverpackungen\/"},{"@type":"ListItem","position":2,"name":"Shop","item":"https:\/\/www.csj-emballages.com\/shop\/"},{"@type":"ListItem","position":3,"name":"Weihnachtss\u00fc\u00dfwarenbeutel Papier \u00ab\u00a0Kraft Weihnachten\u00a0\u00bb 70 + 40 x 200 mm pro 50"}]},{"@type":"WebSite","@id":"https:\/\/www.csj-emballages.com\/de\/#website","url":"https:\/\/www.csj-emballages.com\/de\/","name":"CSJ Emballages","description":"","publisher":{"@id":"https:\/\/www.csj-emballages.com\/de\/#organization"},"potentialAction":[{"@type":"SearchAction","target":{"@type":"EntryPoint","urlTemplate":"https:\/\/www.csj-emballages.com\/de\/?s={search_term_string}"},"query-input":{"@type":"PropertyValueSpecification","valueRequired":true,"valueName":"search_term_string"}}],"inLanguage":"de"},{"@type":"Organization","@id":"https:\/\/www.csj-emballages.com\/de\/#Organization\/","name":"CSJ Emballages","url":"https:\/\/www.csj-emballages.com\/de\/","logo":{"@type":"ImageObject","inLanguage":"de","@id":"https:\/\/www.csj-emballages.com\/de\/#\/schema\/logo\/image\/","url":"https:\/\/www.csj-emballages.com\/wp-content\/uploads\/2023\/10\/logo_csj.webp","contentUrl":"https:\/\/www.csj-emballages.com\/wp-content\/uploads\/2023\/10\/logo_csj.webp","width":250,"height":95,"caption":"CSJ Emballages"},"image":{"@id":"https:\/\/www.csj-emballages.com\/de\/#\/schema\/logo\/image\/"},"sameAs":["https:\/\/www.facebook.com\/csjemballages"],"address":{"@type":"PostalAddress","streetAddress":"ZI La Lechere","addressLocality":"Patornay","postalCode":"39130","addressCountry":"FR"},"contactPoint":[{"@type":"ContactPoint","contactType":"Service client","telephone":"0384254272","email":"contact@csj-emballages.com"}]}]}},"df_price":20.77,"df_sale_price":"","df_regular_price":20.77,"df_image_link":"https:\/\/www.csj-emballages.com\/wp-content\/uploads\/2024\/03\/SKRAFTNOELT1-300x300.webp","tiered_pricing_type":"fixed","tiered_pricing_fixed_rules":[],"tiered_pricing_percentage_rules":[],"tiered_pricing_minimum":1,"tiered_pricing_roles_data":[],"_links":{"self":[{"href":"https:\/\/www.csj-emballages.com\/de\/wp-json\/wp\/v2\/product\/23696","targetHints":{"allow":["GET"]}}],"collection":[{"href":"https:\/\/www.csj-emballages.com\/de\/wp-json\/wp\/v2\/product"}],"about":[{"href":"https:\/\/www.csj-emballages.com\/de\/wp-json\/wp\/v2\/types\/product"}],"wp:featuredmedia":[{"embeddable":true,"href":"https:\/\/www.csj-emballages.com\/de\/wp-json\/wp\/v2\/media\/243616"}],"wp:attachment":[{"href":"https:\/\/www.csj-emballages.com\/de\/wp-json\/wp\/v2\/media?parent=23696"}],"wp:term":[{"taxonomy":"product_brand","embeddable":true,"href":"https:\/\/www.csj-emballages.com\/de\/wp-json\/wp\/v2\/product_brand?post=23696"},{"taxonomy":"product_cat","embeddable":true,"href":"https:\/\/www.csj-emballages.com\/de\/wp-json\/wp\/v2\/product_cat?post=23696"},{"taxonomy":"product_tag","embeddable":true,"href":"https:\/\/www.csj-emballages.com\/de\/wp-json\/wp\/v2\/product_tag?post=23696"}],"curies":[{"name":"wp","href":"https:\/\/api.w.org\/{rel}","templated":true}]}}