{"id":23662,"date":"2024-03-01T16:49:09","date_gmt":"2024-03-01T15:49:09","guid":{"rendered":"https:\/\/u15jnbdpoq.preview.infomaniak.website\/produit\/100-beutel-mit-suesswaren-boden-aus-karton-goldbarren-120-x-275-mm\/"},"modified":"2026-03-12T16:41:42","modified_gmt":"2026-03-12T15:41:42","slug":"100-beutel-mit-suesswaren-boden-aus-karton-goldbarren-120-x-275-mm","status":"publish","type":"product","link":"https:\/\/www.csj-emballages.com\/de\/produit\/100-beutel-mit-suesswaren-boden-aus-karton-goldbarren-120-x-275-mm\/","title":{"rendered":"S\u00fc\u00dfwarenbeutel Goldbarren 120 x 275 mm pro 100"},"content":{"rendered":"<h2 class=\"p1\">S\u00fc\u00dfwarenbeutel<\/h2>\n<hr>\n<h3>Beschreibung von unserem S\u00fc\u00dfwarenbeutel Goldbarren 120 x 275 mm pro 100<\/h3>\n<p><!--more--><\/p>\n<p data-start=\"0\" data-end=\"581\">Verleihen Sie Ihren S\u00fc\u00dfigkeiten eine gl\u00e4nzende Pr\u00e4sentation mit dem <strong>120 x 275 mm gro\u00dfen Lingot d&#8217;Or-S\u00fc\u00dfwarenbeutel<\/strong>, der im <strong>100er-Pack<\/strong> verkauft wird. Dieser hochwertige Beutel wurde speziell f\u00fcr die Veredelung Ihrer s\u00fc\u00dfen Kreationen entwickelt und vereint <g id=\"gid_2\">Eleganz<\/g> und <g id=\"gid_3\">Praktikabilit\u00e4t<\/g>. Dank der <g id=\"gid_4\">Entmetallisierungstechnik<\/g> sind einige Bereiche der Folie absichtlich transparent gelassen, w\u00e4hrend andere einen glitzernden Metallic-Effekt behalten. So werden Ihre Pralinen, Kekse oder Dragees auf subtile Weise enth\u00fcllt und profitieren gleichzeitig von einer goldenen Schachtel, die die Blicke auf sich zieht.   <\/p>\n<p data-start=\"583\" data-end=\"1088\">Ebenso sorgt der <strong data-start=\"596\" data-end=\"620\">geformte, feste Boden<\/strong> f\u00fcr perfekte Stabilit\u00e4t und verhindert ein Umkippen. Ein weiterer bemerkenswerter Vorteil: Der fr\u00fchere Pappboden wurde durch <strong data-start=\"796\" data-end=\"813\">Polypropylen<\/strong> ersetzt, sodass eine vollst\u00e4ndig <strong data-start=\"881\" data-end=\"895\">recycelbare<\/strong> <strong data-start=\"851\" data-end=\"868\">Einstoffverpackung<\/strong> angeboten werden kann. So erf\u00fcllen Sie die geltenden Umweltstandards, insbesondere die des <strong data-start=\"978\" data-end=\"1005\">Umweltgesetzbuchs<\/strong> und des Gesetzes <strong data-start=\"1019\" data-end=\"1032\">AGEC 2025<\/strong>, und verst\u00e4rken gleichzeitig Ihr \u00f6kologisch verantwortungsvolles Engagement.  <\/p>\n<p data-start=\"1090\" data-end=\"1446\">Dieser <strong>Plastikbeutel<\/strong> eignet sich n\u00e4mlich ideal f\u00fcr eine Vielzahl von Verwendungszwecken: <strong data-start=\"1144\" data-end=\"1159\">Kekshersteller<\/strong>, <strong data-start=\"1161\" data-end=\"1177\">Schokoladenhersteller<\/strong>, <strong data-start=\"1179\" data-end=\"1193\">Konditoren<\/strong>, <strong data-start=\"1195\" data-end=\"1209\">Drageehersteller<\/strong>, <strong data-start=\"1211\" data-end=\"1225\">Nougathersteller<\/strong> oder auch <strong data-start=\"1236\" data-end=\"1250\">Konditoren<\/strong> werden in ihm einen erstklassigen Verb\u00fcndeten finden. Der goldene Glanz zieht sofort das Auge des Verbrauchers an, w\u00e4hrend die transparenten Bereiche die Qualit\u00e4t Ihrer handwerklichen Kreationen hervorheben. <\/p>\n<p data-start=\"1448\" data-end=\"1773\">Zusammenfassend l\u00e4sst sich sagen, dass der <strong data-start=\"1462\" data-end=\"1484\">Beutel Lingot d&#8217;Or<\/strong> <strong data-start=\"1494\" data-end=\"1509\">Raffinesse<\/strong>, <strong data-start=\"1511\" data-end=\"1525\">Widerstandsf\u00e4higkeit<\/strong> und <strong data-start=\"1529\" data-end=\"1559\">Umweltfreundlichkeit<\/strong> vereint. Er verwandelt jede S\u00fc\u00dfigkeit in einen wahren Schatz und bietet ein visuelles und geschmackliches Erlebnis, das bei Ihren Kunden einen bleibenden Eindruck hinterlassen wird. Entscheiden Sie sich f\u00fcr diese Premium-Verpackung und verleihen Sie Ihren S\u00fc\u00dfigkeiten den Glanz, den sie verdienen.  <\/p>\n<p data-start=\"1367\" data-end=\"1669\"><!--more--><\/p>\n<h4 data-start=\"1367\" data-end=\"1669\">Vorteile :<\/h4>\n<ul>\n<li data-start=\"1367\" data-end=\"1669\"><strong data-start=\"1990\" data-end=\"2015\">Raffinierte Pr\u00e4sentation<\/strong> durch Goldglanz und transparente Bereiche.<\/li>\n<li data-start=\"1367\" data-end=\"1669\">Fester <strong data-start=\"2075\" data-end=\"2090\">Boden<\/strong> f\u00fcr optimale Stabilit\u00e4t im Schaufenster.<\/li>\n<li data-start=\"1367\" data-end=\"1669\"><strong data-start=\"2135\" data-end=\"2149\">Recycelbar<\/strong>: Boden aus Polypropylen aus einem einzigen Material gem\u00e4\u00df AGEC 2025.<\/li>\n<li data-start=\"1367\" data-end=\"1669\">Ideal f\u00fcr <strong data-start=\"2223\" data-end=\"2278\">Biskuithersteller, Schokoladenhersteller, Konditoren und Patissiers.<\/strong><\/li>\n<li data-start=\"1367\" data-end=\"1669\">Bringt Ihre Kreationen zur Geltung und ist dabei umweltfreundlich.<\/li>\n<\/ul>\n<p>&nbsp;<\/p>\n<p><!--more--><\/p>\n<h4>Weitere Informationen :<\/h4>\n<ul>\n<li><strong>Verpackung<\/strong>: Packung mit 100 St\u00fcck<\/li>\n<li><strong>Ma\u00dfe<\/strong>: 120 x 275 mm<\/li>\n<li><strong>Farbe<\/strong>: Transparent \/ Goldmetallic<\/li>\n<li><strong>Material<\/strong>: OPP<\/li>\n<li><strong>Dicke<\/strong>: 35 Mikron<\/li>\n<\/ul>\n<p>&nbsp;<\/p>\n<p><!--more--><\/p>\n<p><a href=\"https:\/\/www.csj-emballages.com\/de\/categorie-produit\/lebensmittelverpackungen\/backerei-und-konditorei\/sacke-beutel-und-papier\/beutel-fur-suswaren\/themenbeutel\/klassische-beutel\/\">Sehen Sie sich den Rest unseres Sortiments an klassischen S\u00fc\u00dfwarenbeuteln an<\/a><\/p>\n","protected":false},"excerpt":{"rendered":"<p>S\u00fc\u00dfwarenbeutel Beschreibung von unserem S\u00fc\u00dfwarenbeutel Goldbarren 120 x 275 mm pro 100<\/p>\n","protected":false},"featured_media":243530,"template":"","meta":{"_acf_changed":false},"product_brand":[],"product_cat":[1137,1171,1678,1692,1265],"product_tag":[],"class_list":{"0":"post-23662","1":"product","2":"type-product","3":"status-publish","4":"has-post-thumbnail","6":"product_cat-lebensmittelverpackungen","7":"product_cat-backerei-und-konditorei","8":"product_cat-beutel-fur-suswaren","9":"product_cat-klassische-beutel","10":"product_cat-lagerbestande-promotion","12":"first","13":"instock","14":"sale","15":"taxable","16":"shipping-taxable","17":"purchasable","18":"product-type-simple"},"acf":[],"yoast_head":"<!-- This site is optimized with the Yoast SEO Premium plugin v26.6 (Yoast SEO v26.6) - https:\/\/yoast.com\/wordpress\/plugins\/seo\/ -->\n<title>Goldbarren-S\u00fc\u00dfwarenbeutel 120 x 275 mm pro 100<\/title>\n<meta name=\"description\" content=\"S\u00fc\u00dfwarenbeutel Lingot d&#039;Or 120 x 275 mm, aus recycelbarem Mono-Material, das Transparenz und Glanz vereint, um Ihre S\u00fc\u00dfigkeiten zu veredeln.\" \/>\n<meta name=\"robots\" content=\"index, follow, max-snippet:-1, max-image-preview:large, max-video-preview:-1\" \/>\n<link rel=\"canonical\" href=\"https:\/\/www.csj-emballages.com\/de\/produit\/100-beutel-mit-suesswaren-boden-aus-karton-goldbarren-120-x-275-mm\/\" \/>\n<meta property=\"og:locale\" content=\"de_DE\" \/>\n<meta property=\"og:type\" content=\"article\" \/>\n<meta property=\"og:title\" content=\"S\u00fc\u00dfwarenbeutel Goldbarren 120 x 275 mm pro 100\" \/>\n<meta property=\"og:description\" content=\"S\u00fc\u00dfwarenbeutel Lingot d&#039;Or 120 x 275 mm, aus recycelbarem Mono-Material, das Transparenz und Glanz vereint, um Ihre S\u00fc\u00dfigkeiten zu veredeln.\" \/>\n<meta property=\"og:url\" content=\"https:\/\/www.csj-emballages.com\/de\/produit\/100-beutel-mit-suesswaren-boden-aus-karton-goldbarren-120-x-275-mm\/\" \/>\n<meta property=\"og:site_name\" content=\"CSJ Emballages\" \/>\n<meta property=\"article:publisher\" content=\"https:\/\/www.facebook.com\/csjemballages\" \/>\n<meta property=\"article:modified_time\" content=\"2026-03-12T15:41:42+00:00\" \/>\n<meta property=\"og:image\" content=\"https:\/\/www.csj-emballages.com\/wp-content\/uploads\/2024\/03\/SLINGOTORT2.webp\" \/>\n\t<meta property=\"og:image:width\" content=\"800\" \/>\n\t<meta property=\"og:image:height\" content=\"800\" \/>\n\t<meta property=\"og:image:type\" content=\"image\/webp\" \/>\n<meta name=\"twitter:card\" content=\"summary_large_image\" \/>\n<meta name=\"twitter:label1\" content=\"Gesch\u00e4tzte Lesezeit\" \/>\n\t<meta name=\"twitter:data1\" content=\"2 Minuten\" \/>\n<script type=\"application\/ld+json\" class=\"yoast-schema-graph\">{\"@context\":\"https:\/\/schema.org\",\"@graph\":[{\"@type\":\"WebPage\",\"@id\":\"https:\/\/www.csj-emballages.com\/de\/produit\/100-beutel-mit-suesswaren-boden-aus-karton-goldbarren-120-x-275-mm\/\",\"url\":\"https:\/\/www.csj-emballages.com\/de\/produit\/100-beutel-mit-suesswaren-boden-aus-karton-goldbarren-120-x-275-mm\/\",\"name\":\"Goldbarren-S\u00fc\u00dfwarenbeutel 120 x 275 mm pro 100\",\"isPartOf\":{\"@id\":\"https:\/\/www.csj-emballages.com\/de\/#website\"},\"primaryImageOfPage\":{\"@id\":\"https:\/\/www.csj-emballages.com\/de\/produit\/100-beutel-mit-suesswaren-boden-aus-karton-goldbarren-120-x-275-mm\/#primaryimage\"},\"image\":{\"@id\":\"https:\/\/www.csj-emballages.com\/de\/produit\/100-beutel-mit-suesswaren-boden-aus-karton-goldbarren-120-x-275-mm\/#primaryimage\"},\"thumbnailUrl\":\"https:\/\/www.csj-emballages.com\/wp-content\/uploads\/2024\/03\/SLINGOTORT2.webp\",\"datePublished\":\"2024-03-01T15:49:09+00:00\",\"dateModified\":\"2026-03-12T15:41:42+00:00\",\"description\":\"S\u00fc\u00dfwarenbeutel Lingot d'Or 120 x 275 mm, aus recycelbarem Mono-Material, das Transparenz und Glanz vereint, um Ihre S\u00fc\u00dfigkeiten zu veredeln.\",\"breadcrumb\":{\"@id\":\"https:\/\/www.csj-emballages.com\/de\/produit\/100-beutel-mit-suesswaren-boden-aus-karton-goldbarren-120-x-275-mm\/#breadcrumb\"},\"inLanguage\":\"de\",\"potentialAction\":[{\"@type\":\"ReadAction\",\"target\":[\"https:\/\/www.csj-emballages.com\/de\/produit\/100-beutel-mit-suesswaren-boden-aus-karton-goldbarren-120-x-275-mm\/\"]}]},{\"@type\":\"ImageObject\",\"inLanguage\":\"de\",\"@id\":\"https:\/\/www.csj-emballages.com\/de\/produit\/100-beutel-mit-suesswaren-boden-aus-karton-goldbarren-120-x-275-mm\/#primaryimage\",\"url\":\"https:\/\/www.csj-emballages.com\/wp-content\/uploads\/2024\/03\/SLINGOTORT2.webp\",\"contentUrl\":\"https:\/\/www.csj-emballages.com\/wp-content\/uploads\/2024\/03\/SLINGOTORT2.webp\",\"width\":800,\"height\":800,\"caption\":\"Sachet confiseries\"},{\"@type\":\"BreadcrumbList\",\"@id\":\"https:\/\/www.csj-emballages.com\/de\/produit\/100-beutel-mit-suesswaren-boden-aus-karton-goldbarren-120-x-275-mm\/#breadcrumb\",\"itemListElement\":[{\"@type\":\"ListItem\",\"position\":1,\"name\":\"Accueil\",\"item\":\"https:\/\/www.csj-emballages.com\/de\/universum-lebensmittelverpackungen\/\"},{\"@type\":\"ListItem\",\"position\":2,\"name\":\"Shop\",\"item\":\"https:\/\/www.csj-emballages.com\/shop\/\"},{\"@type\":\"ListItem\",\"position\":3,\"name\":\"S\u00fc\u00dfwarenbeutel Goldbarren 120 x 275 mm pro 100\"}]},{\"@type\":\"WebSite\",\"@id\":\"https:\/\/www.csj-emballages.com\/de\/#website\",\"url\":\"https:\/\/www.csj-emballages.com\/de\/\",\"name\":\"CSJ Emballages\",\"description\":\"\",\"publisher\":{\"@id\":\"https:\/\/www.csj-emballages.com\/de\/#organization\"},\"potentialAction\":[{\"@type\":\"SearchAction\",\"target\":{\"@type\":\"EntryPoint\",\"urlTemplate\":\"https:\/\/www.csj-emballages.com\/de\/?s={search_term_string}\"},\"query-input\":{\"@type\":\"PropertyValueSpecification\",\"valueRequired\":true,\"valueName\":\"search_term_string\"}}],\"inLanguage\":\"de\"},{\"@type\":\"Organization\",\"@id\":\"https:\/\/www.csj-emballages.com\/de\/#Organization\/\",\"name\":\"CSJ Emballages\",\"url\":\"https:\/\/www.csj-emballages.com\/de\/\",\"logo\":{\"@type\":\"ImageObject\",\"inLanguage\":\"de\",\"@id\":\"https:\/\/www.csj-emballages.com\/de\/#\/schema\/logo\/image\/\",\"url\":\"https:\/\/www.csj-emballages.com\/wp-content\/uploads\/2023\/10\/logo_csj.webp\",\"contentUrl\":\"https:\/\/www.csj-emballages.com\/wp-content\/uploads\/2023\/10\/logo_csj.webp\",\"width\":250,\"height\":95,\"caption\":\"CSJ Emballages\"},\"image\":{\"@id\":\"https:\/\/www.csj-emballages.com\/de\/#\/schema\/logo\/image\/\"},\"sameAs\":[\"https:\/\/www.facebook.com\/csjemballages\"],\"address\":{\"@type\":\"PostalAddress\",\"streetAddress\":\"ZI La Lechere\",\"addressLocality\":\"Patornay\",\"postalCode\":\"39130\",\"addressCountry\":\"FR\"},\"contactPoint\":[{\"@type\":\"ContactPoint\",\"contactType\":\"Service client\",\"telephone\":\"0384254272\",\"email\":\"contact@csj-emballages.com\"}]}]}<\/script>\n<!-- \/ Yoast SEO Premium plugin. -->","yoast_head_json":{"title":"Goldbarren-S\u00fc\u00dfwarenbeutel 120 x 275 mm pro 100","description":"S\u00fc\u00dfwarenbeutel Lingot d'Or 120 x 275 mm, aus recycelbarem Mono-Material, das Transparenz und Glanz vereint, um Ihre S\u00fc\u00dfigkeiten zu veredeln.","robots":{"index":"index","follow":"follow","max-snippet":"max-snippet:-1","max-image-preview":"max-image-preview:large","max-video-preview":"max-video-preview:-1"},"canonical":"https:\/\/www.csj-emballages.com\/de\/produit\/100-beutel-mit-suesswaren-boden-aus-karton-goldbarren-120-x-275-mm\/","og_locale":"de_DE","og_type":"article","og_title":"S\u00fc\u00dfwarenbeutel Goldbarren 120 x 275 mm pro 100","og_description":"S\u00fc\u00dfwarenbeutel Lingot d'Or 120 x 275 mm, aus recycelbarem Mono-Material, das Transparenz und Glanz vereint, um Ihre S\u00fc\u00dfigkeiten zu veredeln.","og_url":"https:\/\/www.csj-emballages.com\/de\/produit\/100-beutel-mit-suesswaren-boden-aus-karton-goldbarren-120-x-275-mm\/","og_site_name":"CSJ Emballages","article_publisher":"https:\/\/www.facebook.com\/csjemballages","article_modified_time":"2026-03-12T15:41:42+00:00","og_image":[{"width":800,"height":800,"url":"https:\/\/www.csj-emballages.com\/wp-content\/uploads\/2024\/03\/SLINGOTORT2.webp","type":"image\/webp"}],"twitter_card":"summary_large_image","twitter_misc":{"Gesch\u00e4tzte Lesezeit":"2 Minuten"},"schema":{"@context":"https:\/\/schema.org","@graph":[{"@type":"WebPage","@id":"https:\/\/www.csj-emballages.com\/de\/produit\/100-beutel-mit-suesswaren-boden-aus-karton-goldbarren-120-x-275-mm\/","url":"https:\/\/www.csj-emballages.com\/de\/produit\/100-beutel-mit-suesswaren-boden-aus-karton-goldbarren-120-x-275-mm\/","name":"Goldbarren-S\u00fc\u00dfwarenbeutel 120 x 275 mm pro 100","isPartOf":{"@id":"https:\/\/www.csj-emballages.com\/de\/#website"},"primaryImageOfPage":{"@id":"https:\/\/www.csj-emballages.com\/de\/produit\/100-beutel-mit-suesswaren-boden-aus-karton-goldbarren-120-x-275-mm\/#primaryimage"},"image":{"@id":"https:\/\/www.csj-emballages.com\/de\/produit\/100-beutel-mit-suesswaren-boden-aus-karton-goldbarren-120-x-275-mm\/#primaryimage"},"thumbnailUrl":"https:\/\/www.csj-emballages.com\/wp-content\/uploads\/2024\/03\/SLINGOTORT2.webp","datePublished":"2024-03-01T15:49:09+00:00","dateModified":"2026-03-12T15:41:42+00:00","description":"S\u00fc\u00dfwarenbeutel Lingot d'Or 120 x 275 mm, aus recycelbarem Mono-Material, das Transparenz und Glanz vereint, um Ihre S\u00fc\u00dfigkeiten zu veredeln.","breadcrumb":{"@id":"https:\/\/www.csj-emballages.com\/de\/produit\/100-beutel-mit-suesswaren-boden-aus-karton-goldbarren-120-x-275-mm\/#breadcrumb"},"inLanguage":"de","potentialAction":[{"@type":"ReadAction","target":["https:\/\/www.csj-emballages.com\/de\/produit\/100-beutel-mit-suesswaren-boden-aus-karton-goldbarren-120-x-275-mm\/"]}]},{"@type":"ImageObject","inLanguage":"de","@id":"https:\/\/www.csj-emballages.com\/de\/produit\/100-beutel-mit-suesswaren-boden-aus-karton-goldbarren-120-x-275-mm\/#primaryimage","url":"https:\/\/www.csj-emballages.com\/wp-content\/uploads\/2024\/03\/SLINGOTORT2.webp","contentUrl":"https:\/\/www.csj-emballages.com\/wp-content\/uploads\/2024\/03\/SLINGOTORT2.webp","width":800,"height":800,"caption":"Sachet confiseries"},{"@type":"BreadcrumbList","@id":"https:\/\/www.csj-emballages.com\/de\/produit\/100-beutel-mit-suesswaren-boden-aus-karton-goldbarren-120-x-275-mm\/#breadcrumb","itemListElement":[{"@type":"ListItem","position":1,"name":"Accueil","item":"https:\/\/www.csj-emballages.com\/de\/universum-lebensmittelverpackungen\/"},{"@type":"ListItem","position":2,"name":"Shop","item":"https:\/\/www.csj-emballages.com\/shop\/"},{"@type":"ListItem","position":3,"name":"S\u00fc\u00dfwarenbeutel Goldbarren 120 x 275 mm pro 100"}]},{"@type":"WebSite","@id":"https:\/\/www.csj-emballages.com\/de\/#website","url":"https:\/\/www.csj-emballages.com\/de\/","name":"CSJ Emballages","description":"","publisher":{"@id":"https:\/\/www.csj-emballages.com\/de\/#organization"},"potentialAction":[{"@type":"SearchAction","target":{"@type":"EntryPoint","urlTemplate":"https:\/\/www.csj-emballages.com\/de\/?s={search_term_string}"},"query-input":{"@type":"PropertyValueSpecification","valueRequired":true,"valueName":"search_term_string"}}],"inLanguage":"de"},{"@type":"Organization","@id":"https:\/\/www.csj-emballages.com\/de\/#Organization\/","name":"CSJ Emballages","url":"https:\/\/www.csj-emballages.com\/de\/","logo":{"@type":"ImageObject","inLanguage":"de","@id":"https:\/\/www.csj-emballages.com\/de\/#\/schema\/logo\/image\/","url":"https:\/\/www.csj-emballages.com\/wp-content\/uploads\/2023\/10\/logo_csj.webp","contentUrl":"https:\/\/www.csj-emballages.com\/wp-content\/uploads\/2023\/10\/logo_csj.webp","width":250,"height":95,"caption":"CSJ Emballages"},"image":{"@id":"https:\/\/www.csj-emballages.com\/de\/#\/schema\/logo\/image\/"},"sameAs":["https:\/\/www.facebook.com\/csjemballages"],"address":{"@type":"PostalAddress","streetAddress":"ZI La Lechere","addressLocality":"Patornay","postalCode":"39130","addressCountry":"FR"},"contactPoint":[{"@type":"ContactPoint","contactType":"Service client","telephone":"0384254272","email":"contact@csj-emballages.com"}]}]}},"df_price":18.32,"df_sale_price":18.32,"df_regular_price":21.55,"df_image_link":"https:\/\/www.csj-emballages.com\/wp-content\/uploads\/2024\/03\/SLINGOTORT2-300x300.webp","tiered_pricing_type":"fixed","tiered_pricing_fixed_rules":[],"tiered_pricing_percentage_rules":[],"tiered_pricing_minimum":1,"tiered_pricing_roles_data":[],"_links":{"self":[{"href":"https:\/\/www.csj-emballages.com\/de\/wp-json\/wp\/v2\/product\/23662","targetHints":{"allow":["GET"]}}],"collection":[{"href":"https:\/\/www.csj-emballages.com\/de\/wp-json\/wp\/v2\/product"}],"about":[{"href":"https:\/\/www.csj-emballages.com\/de\/wp-json\/wp\/v2\/types\/product"}],"wp:featuredmedia":[{"embeddable":true,"href":"https:\/\/www.csj-emballages.com\/de\/wp-json\/wp\/v2\/media\/243530"}],"wp:attachment":[{"href":"https:\/\/www.csj-emballages.com\/de\/wp-json\/wp\/v2\/media?parent=23662"}],"wp:term":[{"taxonomy":"product_brand","embeddable":true,"href":"https:\/\/www.csj-emballages.com\/de\/wp-json\/wp\/v2\/product_brand?post=23662"},{"taxonomy":"product_cat","embeddable":true,"href":"https:\/\/www.csj-emballages.com\/de\/wp-json\/wp\/v2\/product_cat?post=23662"},{"taxonomy":"product_tag","embeddable":true,"href":"https:\/\/www.csj-emballages.com\/de\/wp-json\/wp\/v2\/product_tag?post=23662"}],"curies":[{"name":"wp","href":"https:\/\/api.w.org\/{rel}","templated":true}]}}