{"id":23647,"date":"2024-03-01T16:49:11","date_gmt":"2024-03-01T15:49:11","guid":{"rendered":"https:\/\/u15jnbdpoq.preview.infomaniak.website\/produit\/100-beutel-mit-suesswaren-girlanden-120-x-260-mm\/"},"modified":"2026-03-12T16:41:24","modified_gmt":"2026-03-12T15:41:24","slug":"100-beutel-mit-suesswaren-girlanden-120-x-260-mm","status":"publish","type":"product","link":"https:\/\/www.csj-emballages.com\/de\/produit\/100-beutel-mit-suesswaren-girlanden-120-x-260-mm\/","title":{"rendered":"S\u00fc\u00dfwarenbeutel Weihnachten &#8222;Girlanden&#8220; 120 x 260 mm pro 100"},"content":{"rendered":"<div style=\"box-sizing: inherit; font-family: Roboto, sans-serif;\">\n<div style=\"box-sizing: inherit; font-family: Roboto, sans-serif;\">\n<div style=\"box-sizing: inherit; font-family: Roboto, sans-serif;\">\n<div style=\"box-sizing: inherit; font-family: Roboto, sans-serif;\">\n<div style=\"box-sizing: inherit; font-family: Roboto, sans-serif;\">\n<div style=\"box-sizing: inherit; font-family: Roboto, sans-serif;\">\n<div style=\"box-sizing: inherit; font-family: Roboto, sans-serif;\">\n<div style=\"box-sizing: inherit; font-family: Roboto, sans-serif;\">\n<div style=\"box-sizing: inherit; font-family: Roboto, sans-serif;\">\n<div style=\"box-sizing: inherit; font-family: Roboto, sans-serif;\">\n<div style=\"box-sizing: inherit; font-family: Roboto, sans-serif;\">\n<div style=\"box-sizing: inherit; font-family: Roboto, sans-serif;\">\n<div style=\"box-sizing: inherit; font-family: Roboto, sans-serif;\">\n<div class=\"flex flex-grow flex-col max-w-full\">\n<div class=\"min-h-[20px] text-message flex flex-col items-start whitespace-pre-wrap break-words [.text-message+&amp;]:mt-5 juice:w-full juice:items-end overflow-x-auto gap-2\" dir=\"auto\" data-message-author-role=\"assistant\" data-message-id=\"2034782e-88f9-44ef-b4dc-07dd7bf0115f\">\n<div class=\"flex w-full flex-col gap-1 juice:empty:hidden juice:first:pt-[3px]\">\n<div class=\"markdown prose w-full break-words dark:prose-invert light\">\n<div style=\"box-sizing: inherit; font-family: Roboto, sans-serif;\">\n<div style=\"box-sizing: inherit; font-family: Roboto, sans-serif;\">\n<div style=\"box-sizing: inherit; font-family: Roboto, sans-serif;\">\n<div style=\"box-sizing: inherit; font-family: Roboto, sans-serif;\">\n<div style=\"box-sizing: inherit; font-family: Roboto, sans-serif;\">\n<div style=\"box-sizing: inherit; font-family: Roboto, sans-serif;\">\n<div style=\"box-sizing: inherit; font-family: Roboto, sans-serif;\">\n<div style=\"box-sizing: inherit; font-family: Roboto, sans-serif;\">\n<div style=\"box-sizing: inherit; font-family: Roboto, sans-serif;\">\n<div style=\"box-sizing: inherit; font-family: Roboto, sans-serif;\">\n<div style=\"box-sizing: inherit; font-family: Roboto, sans-serif;\">\n<div style=\"box-sizing: inherit; font-family: Roboto, sans-serif;\">\n<div style=\"box-sizing: inherit; font-family: Roboto, sans-serif;\">\n<div style=\"box-sizing: inherit; font-family: Roboto, sans-serif;\">\n<div style=\"box-sizing: inherit; font-family: Roboto, sans-serif;\">\n<div style=\"box-sizing: inherit; font-family: Roboto, sans-serif;\">\n<div style=\"box-sizing: inherit; font-family: Roboto, sans-serif;\">\n<div style=\"box-sizing: inherit; font-family: Roboto, sans-serif;\">\n<div style=\"box-sizing: inherit; font-family: Roboto, sans-serif;\">\n<div class=\"flex flex-grow flex-col max-w-full\">\n<div class=\"min-h-[20px] text-message flex flex-col items-start whitespace-pre-wrap break-words [.text-message+&amp;]:mt-5 juice:w-full juice:items-end overflow-x-auto gap-2\" dir=\"auto\" data-message-author-role=\"assistant\" data-message-id=\"2034782e-88f9-44ef-b4dc-07dd7bf0115f\">\n<div class=\"flex w-full flex-col gap-1 juice:empty:hidden juice:first:pt-[3px]\">\n<div class=\"markdown prose w-full break-words dark:prose-invert light\">\n<div style=\"box-sizing: inherit; font-family: Roboto, sans-serif;\">\n<div style=\"box-sizing: inherit; font-family: Roboto, sans-serif;\">\n<div style=\"box-sizing: inherit; font-family: Roboto, sans-serif;\">\n<div style=\"box-sizing: inherit; font-family: Roboto, sans-serif;\">\n<div style=\"box-sizing: inherit; font-family: Roboto, sans-serif;\">\n<div style=\"box-sizing: inherit; font-family: Roboto, sans-serif;\">\n<h2>Beutel mit S\u00fc\u00dfigkeiten Weihnachten<\/h2>\n<div style=\"box-sizing: inherit; font-family: Roboto, sans-serif;\">\n<div style=\"box-sizing: inherit; font-family: Roboto, sans-serif;\">\n<div style=\"box-sizing: inherit; font-family: Roboto, sans-serif;\">\n<div style=\"text-align: center;\">\n<div style=\"box-sizing: inherit; font-family: Roboto, sans-serif;\">\n<div style=\"box-sizing: inherit; font-family: Roboto, sans-serif;\">\n<div style=\"box-sizing: inherit; font-family: Roboto, sans-serif;\">\n<div style=\"box-sizing: inherit; font-family: Roboto, sans-serif;\">\n<div style=\"box-sizing: inherit; font-family: Roboto, sans-serif;\">\n<div style=\"box-sizing: inherit; font-family: Roboto, sans-serif; text-align: left;\">\n<hr>\n<h3 style=\"text-align: left;\">Beschreibung von unserem S\u00fc\u00dfwarenbeutel Weihnachten &#8222;Girlanden&#8220; 120 x 260 mm pro 100<\/h3>\n<h3 style=\"text-align: left;\"><!--more--><\/h3>\n<\/div>\n<\/div>\n<\/div>\n<\/div>\n<\/div>\n<\/div>\n<\/div>\n<\/div>\n<\/div>\n<\/div>\n<\/div>\n<\/div>\n<\/div>\n<\/div>\n<\/div>\n<\/div>\n<\/div>\n<\/div>\n<\/div>\n<\/div>\n<\/div>\n<\/div>\n<\/div>\n<\/div>\n<\/div>\n<\/div>\n<\/div>\n<\/div>\n<\/div>\n<\/div>\n<\/div>\n<\/div>\n<\/div>\n<div style=\"box-sizing: inherit; font-family: Roboto, sans-serif;\">\n<div style=\"box-sizing: inherit; font-family: Roboto, sans-serif;\">\n<div style=\"box-sizing: inherit; font-family: Roboto, sans-serif;\">\n<div style=\"box-sizing: inherit; font-family: Roboto, sans-serif;\">\n<div style=\"box-sizing: inherit; font-family: Roboto, sans-serif;\">\n<div style=\"box-sizing: inherit; font-family: Roboto, sans-serif;\">\n<div style=\"box-sizing: inherit; font-family: Roboto, sans-serif;\">\n<div style=\"box-sizing: inherit; font-family: Roboto, sans-serif;\">\n<div style=\"box-sizing: inherit; font-family: Roboto, sans-serif;\">\n<div style=\"box-sizing: inherit; font-family: Roboto, sans-serif;\">\n<div style=\"box-sizing: inherit; font-family: Roboto, sans-serif;\">\n<div style=\"box-sizing: inherit; font-family: Roboto, sans-serif;\">\n<div style=\"box-sizing: inherit; font-family: Roboto, sans-serif;\">\n<div class=\"flex flex-grow flex-col max-w-full\">\n<div class=\"min-h-[20px] text-message flex flex-col items-start whitespace-pre-wrap break-words [.text-message+&amp;]:mt-5 juice:w-full juice:items-end overflow-x-auto gap-2\" dir=\"auto\" data-message-author-role=\"assistant\" data-message-id=\"2034782e-88f9-44ef-b4dc-07dd7bf0115f\">\n<div class=\"flex w-full flex-col gap-1 juice:empty:hidden juice:first:pt-[3px]\">\n<div class=\"markdown prose w-full break-words dark:prose-invert light\">\n<div style=\"box-sizing: inherit; font-family: Roboto, sans-serif;\">\n<div style=\"box-sizing: inherit; font-family: Roboto, sans-serif;\">\n<div style=\"box-sizing: inherit; font-family: Roboto, sans-serif;\">\n<div style=\"box-sizing: inherit; font-family: Roboto, sans-serif;\">\n<div style=\"box-sizing: inherit; font-family: Roboto, sans-serif;\">\n<div style=\"box-sizing: inherit; font-family: Roboto, sans-serif;\">\n<p data-start=\"0\" data-end=\"508\">Verleihen Sie Ihren Leckereien einen unwiderstehlichen, <strong data-start=\"43\" data-end=\"61\">festlichen Touch<\/strong> mit unserem <strong data-start=\"105\" data-end=\"166\">Weihnachtskonfektbeutel &#8222;Girlanden&#8220; 120 x 260 mm pro 100 St\u00fcck<\/strong>. Dieser <strong>S\u00fc\u00dfwarenbeutel<\/strong> wurde speziell f\u00fcr Gastronomieprofis, Chocolatiers oder leidenschaftliche Konditoren entwickelt und macht aus jeder S\u00fc\u00dfigkeit ein echtes Festtagsgeschenk. Dank des <strong data-start=\"372\" data-end=\"406\">glitzernden Girlandenmotivs<\/strong> spiegelt es die warme Weihnachtsstimmung perfekt wider und zieht die Blicke auf den ersten Blick auf sich.<\/p>\n<p data-start=\"510\" data-end=\"934\">Dieser aus hochwertigem <strong data-start=\"527\" data-end=\"563\">lebensmittelechtem Kunststoff<\/strong> hergestellte Beutel garantiert <strong data-start=\"587\" data-end=\"600\">Frische<\/strong> und <strong data-start=\"607\" data-end=\"621\">Schutz<\/strong> f\u00fcr Ihre Schokolade, Kekse oder Petit Fours. Die Gr\u00f6\u00dfe von <strong data-start=\"679\" data-end=\"695\">120 x 260 mm<\/strong> ist ideal, um sowohl Bonbon-Sortimente als auch selbstgemachte S\u00fc\u00dfigkeiten unterzubringen. Au\u00dferdem erleichtert die praktische \u00d6ffnung das <strong data-start=\"834\" data-end=\"856\">schnelle Bef\u00fcllen<\/strong>&#8211; ein wichtiger Vorteil, wenn sich die Bestellungen w\u00e4hrend der Feiertage h\u00e4ufen.<\/p>\n<p data-start=\"936\" data-end=\"1347\">Aber das ist noch nicht alles! Wenn Sie sich f\u00fcr diesen <strong>Plastikbeutel<\/strong> entscheiden, bieten Sie Ihren Kunden eine gepflegte und professionelle Pr\u00e4sentation und verleihen Ihren Verk\u00e4ufen einen Hauch von <strong data-start=\"1087\" data-end=\"1096\">Magie<\/strong>. Sie k\u00f6nnen sie mit einem Band, einem pers\u00f6nlichen Etikett oder einem einfachen Clip verschlie\u00dfen, um eine einzigartige und elegante Verpackung zu schaffen. So tr\u00e4gt jedes Detail dazu bei, Ihre Kreationen zu veredeln und Ihre <strong data-start=\"1327\" data-end=\"1344\">Kochkunst<\/strong> zum Ausdruck zu bringen.<\/p>\n<p data-start=\"1349\" data-end=\"1724\">Zusammenfassend l\u00e4sst sich sagen, dass dieser <strong data-start=\"1363\" data-end=\"1403\">Weihnachtss\u00fc\u00dfwarenbeutel &#8222;Girlanden&#8220;<\/strong> <strong data-start=\"1410\" data-end=\"1423\">Praktikabilit\u00e4t<\/strong>, <strong data-start=\"1425\" data-end=\"1439\">\u00c4sthetik<\/strong> und <strong data-start=\"1443\" data-end=\"1454\">Qualit\u00e4t<\/strong> vereint. Damit k\u00f6nnen Sie Ihre Leckereien nicht nur sch\u00fctzen, sondern auch raffiniert pr\u00e4sentieren und die festliche Stimmung sofort einfangen. Veredeln <strong data-start=\"1602\" data-end=\"1628\">Sie Ihre Kreationen<\/strong> und teilen Sie den Zauber der Weihnacht mit anderen dank dieser festlichen T\u00fcte, die kleine und gro\u00dfe Naschkatzen verf\u00fchren wird.<\/p>\n<p><!--more--><\/p>\n<h4 style=\"text-align: left;\">Vorteile :<\/h4>\n<ul style=\"text-align: left;\">\n<li><strong data-start=\"1943\" data-end=\"1960\">Festliches Design<\/strong> mit Girlandenmotiv f\u00fcr eine elegante Pr\u00e4sentation;<\/li>\n<li><strong data-start=\"2018\" data-end=\"2037\">Praktisches Format<\/strong> 120 x 260 mm, perfekt f\u00fcr Schokolade und Kekse.<\/li>\n<li><strong data-start=\"2091\" data-end=\"2114\">Lebensmittelqualit\u00e4t<\/strong>, die Frische und Schutz gew\u00e4hrleistet.<\/li>\n<li><strong data-start=\"2152\" data-end=\"2172\">Einfacher Verschluss<\/strong> mit Band oder Clip f\u00fcr einen individuellen Look.<\/li>\n<li>Ideal, um <strong data-start=\"2236\" data-end=\"2263\">Ihre Kreationen aufzuwerten<\/strong> und Ihre Kunden w\u00e4hrend der Feiertage zu begeistern.<\/li>\n<\/ul>\n<\/div>\n<\/div>\n<\/div>\n<\/div>\n<\/div>\n<\/div>\n<\/div>\n<\/div>\n<\/div>\n<\/div>\n<\/div>\n<\/div>\n<p>&nbsp;<\/p>\n<\/div>\n<\/div>\n<\/div>\n<\/div>\n<\/div>\n<\/div>\n<\/div>\n<\/div>\n<\/div>\n<\/div>\n<\/div>\n<p><!--more--><\/p>\n<h4>Weitere Informationen :<\/h4>\n<ul style=\"box-sizing: inherit; font-family: Roboto, sans-serif;\">\n<li><strong>Verpackung<\/strong>: Packung mit 100 St\u00fcck<\/li>\n<li><span style=\"font-weight: bold;\">Ma\u00dfe<\/span>: 120 x 260 mm<\/li>\n<li><strong>Material<\/strong>: OPP<\/li>\n<li><strong>Farbe<\/strong>: Transparent \/ Gr\u00fcn \/ Silber<\/li>\n<\/ul>\n<p>&nbsp;<\/p>\n<p><!--more--><\/p>\n<p><a href=\"https:\/\/www.csj-emballages.com\/de\/categorie-produit\/lebensmittelverpackungen\/backerei-und-konditorei\/sacke-beutel-und-papier\/beutel-fur-suswaren\/themenbeutel\/weihnachtsbeutel\/\">Sehen Sie sich den Rest unseres Sortiments an Weihnachtst\u00fcten an<\/a><\/p>\n<\/div>\n<\/div>\n<\/div>\n<\/div>\n<\/div>\n<\/div>\n<\/div>\n<\/div>\n<\/div>\n<\/div>\n<\/div>\n<\/div>\n<\/div>\n<\/div>\n<\/div>\n<\/div>\n<\/div>\n<\/div>\n<\/div>\n<\/div>\n<\/div>\n<\/div>\n<\/div>\n","protected":false},"excerpt":{"rendered":"<p>Beutel mit S\u00fc\u00dfigkeiten Weihnachten Beschreibung von unserem S\u00fc\u00dfwarenbeutel Weihnachten &#8222;Girlanden&#8220; 120 x 260 mm pro 100<\/p>\n","protected":false},"featured_media":243623,"template":"","meta":{"_acf_changed":false},"product_brand":[],"product_cat":[1137,1171,1678,3413,1265],"product_tag":[],"class_list":{"0":"post-23647","1":"product","2":"type-product","3":"status-publish","4":"has-post-thumbnail","6":"product_cat-lebensmittelverpackungen","7":"product_cat-backerei-und-konditorei","8":"product_cat-beutel-fur-suswaren","9":"product_cat-weihnachtsbeutel","10":"product_cat-lagerbestande-promotion","12":"first","13":"instock","14":"sale","15":"taxable","16":"shipping-taxable","17":"purchasable","18":"product-type-simple"},"acf":[],"yoast_head":"<!-- This site is optimized with the Yoast SEO Premium plugin v26.6 (Yoast SEO v26.6) - https:\/\/yoast.com\/wordpress\/plugins\/seo\/ -->\n<title>Konfektt\u00fcte Weihnachten &quot;Girlanden&quot; 120 x 260 mm pro 100<\/title>\n<meta name=\"description\" content=\"S\u00fc\u00dfwarenbeutel Weihnachten &quot;Girlanden&quot; 120 x 260 mm pro 100: Eine festliche und elegante Verpackung, um Ihre Leckereien zum Jahresende zu veredeln.\" \/>\n<meta name=\"robots\" content=\"index, follow, max-snippet:-1, max-image-preview:large, max-video-preview:-1\" \/>\n<link rel=\"canonical\" href=\"https:\/\/www.csj-emballages.com\/de\/produit\/100-beutel-mit-suesswaren-girlanden-120-x-260-mm\/\" \/>\n<meta property=\"og:locale\" content=\"de_DE\" \/>\n<meta property=\"og:type\" content=\"article\" \/>\n<meta property=\"og:title\" content=\"Beutel Noel &quot;Girlanden&quot; 120 x 260 mm\" \/>\n<meta property=\"og:description\" content=\"Weihnachtss\u00fc\u00dfwarenbeutel 120x260 mm pro 100 St\u00fcck. Ideal f\u00fcr Ihre Festtagss\u00fc\u00dfigkeiten, G\u00e4stegeschenke, Veranstaltungen oder den Verkauf in Ihrem Gesch\u00e4ft.\" \/>\n<meta property=\"og:url\" content=\"https:\/\/www.csj-emballages.com\/de\/produit\/100-beutel-mit-suesswaren-girlanden-120-x-260-mm\/\" \/>\n<meta property=\"og:site_name\" content=\"CSJ Emballages\" \/>\n<meta property=\"article:publisher\" content=\"https:\/\/www.facebook.com\/csjemballages\" \/>\n<meta property=\"article:modified_time\" content=\"2026-03-12T15:41:24+00:00\" \/>\n<meta property=\"og:image\" content=\"https:\/\/www.csj-emballages.com\/wp-content\/uploads\/2024\/03\/SGUIRT2.webp\" \/>\n\t<meta property=\"og:image:width\" content=\"800\" \/>\n\t<meta property=\"og:image:height\" content=\"800\" \/>\n\t<meta property=\"og:image:type\" content=\"image\/webp\" \/>\n<meta name=\"twitter:card\" content=\"summary_large_image\" \/>\n<meta name=\"twitter:title\" content=\"Beutel Noel &quot;Girlanden&quot; 120 x 260 mm\" \/>\n<meta name=\"twitter:description\" content=\"Weihnachtss\u00fc\u00dfwarenbeutel 120x260 mm pro 100 St\u00fcck. Ideal f\u00fcr Ihre Festtagss\u00fc\u00dfigkeiten, G\u00e4stegeschenke, Veranstaltungen oder den Verkauf in Ihrem Gesch\u00e4ft.\" \/>\n<meta name=\"twitter:label1\" content=\"Gesch\u00e4tzte Lesezeit\" \/>\n\t<meta name=\"twitter:data1\" content=\"2 Minuten\" \/>\n<script type=\"application\/ld+json\" class=\"yoast-schema-graph\">{\"@context\":\"https:\/\/schema.org\",\"@graph\":[{\"@type\":\"WebPage\",\"@id\":\"https:\/\/www.csj-emballages.com\/de\/produit\/100-beutel-mit-suesswaren-girlanden-120-x-260-mm\/\",\"url\":\"https:\/\/www.csj-emballages.com\/de\/produit\/100-beutel-mit-suesswaren-girlanden-120-x-260-mm\/\",\"name\":\"Konfektt\u00fcte Weihnachten \\\"Girlanden\\\" 120 x 260 mm pro 100\",\"isPartOf\":{\"@id\":\"https:\/\/www.csj-emballages.com\/de\/#website\"},\"primaryImageOfPage\":{\"@id\":\"https:\/\/www.csj-emballages.com\/de\/produit\/100-beutel-mit-suesswaren-girlanden-120-x-260-mm\/#primaryimage\"},\"image\":{\"@id\":\"https:\/\/www.csj-emballages.com\/de\/produit\/100-beutel-mit-suesswaren-girlanden-120-x-260-mm\/#primaryimage\"},\"thumbnailUrl\":\"https:\/\/www.csj-emballages.com\/wp-content\/uploads\/2024\/03\/SGUIRT2.webp\",\"datePublished\":\"2024-03-01T15:49:11+00:00\",\"dateModified\":\"2026-03-12T15:41:24+00:00\",\"description\":\"S\u00fc\u00dfwarenbeutel Weihnachten \\\"Girlanden\\\" 120 x 260 mm pro 100: Eine festliche und elegante Verpackung, um Ihre Leckereien zum Jahresende zu veredeln.\",\"breadcrumb\":{\"@id\":\"https:\/\/www.csj-emballages.com\/de\/produit\/100-beutel-mit-suesswaren-girlanden-120-x-260-mm\/#breadcrumb\"},\"inLanguage\":\"de\",\"potentialAction\":[{\"@type\":\"ReadAction\",\"target\":[\"https:\/\/www.csj-emballages.com\/de\/produit\/100-beutel-mit-suesswaren-girlanden-120-x-260-mm\/\"]}]},{\"@type\":\"ImageObject\",\"inLanguage\":\"de\",\"@id\":\"https:\/\/www.csj-emballages.com\/de\/produit\/100-beutel-mit-suesswaren-girlanden-120-x-260-mm\/#primaryimage\",\"url\":\"https:\/\/www.csj-emballages.com\/wp-content\/uploads\/2024\/03\/SGUIRT2.webp\",\"contentUrl\":\"https:\/\/www.csj-emballages.com\/wp-content\/uploads\/2024\/03\/SGUIRT2.webp\",\"width\":800,\"height\":800,\"caption\":\"Sachet confiseries No\u00ebl\"},{\"@type\":\"BreadcrumbList\",\"@id\":\"https:\/\/www.csj-emballages.com\/de\/produit\/100-beutel-mit-suesswaren-girlanden-120-x-260-mm\/#breadcrumb\",\"itemListElement\":[{\"@type\":\"ListItem\",\"position\":1,\"name\":\"Accueil\",\"item\":\"https:\/\/www.csj-emballages.com\/de\/universum-lebensmittelverpackungen\/\"},{\"@type\":\"ListItem\",\"position\":2,\"name\":\"Shop\",\"item\":\"https:\/\/www.csj-emballages.com\/shop\/\"},{\"@type\":\"ListItem\",\"position\":3,\"name\":\"S\u00fc\u00dfwarenbeutel Weihnachten \u00ab\u00a0Girlanden\u00a0\u00bb 120 x 260 mm pro 100\"}]},{\"@type\":\"WebSite\",\"@id\":\"https:\/\/www.csj-emballages.com\/de\/#website\",\"url\":\"https:\/\/www.csj-emballages.com\/de\/\",\"name\":\"CSJ Emballages\",\"description\":\"\",\"publisher\":{\"@id\":\"https:\/\/www.csj-emballages.com\/de\/#organization\"},\"potentialAction\":[{\"@type\":\"SearchAction\",\"target\":{\"@type\":\"EntryPoint\",\"urlTemplate\":\"https:\/\/www.csj-emballages.com\/de\/?s={search_term_string}\"},\"query-input\":{\"@type\":\"PropertyValueSpecification\",\"valueRequired\":true,\"valueName\":\"search_term_string\"}}],\"inLanguage\":\"de\"},{\"@type\":\"Organization\",\"@id\":\"https:\/\/www.csj-emballages.com\/de\/#Organization\/\",\"name\":\"CSJ Emballages\",\"url\":\"https:\/\/www.csj-emballages.com\/de\/\",\"logo\":{\"@type\":\"ImageObject\",\"inLanguage\":\"de\",\"@id\":\"https:\/\/www.csj-emballages.com\/de\/#\/schema\/logo\/image\/\",\"url\":\"https:\/\/www.csj-emballages.com\/wp-content\/uploads\/2023\/10\/logo_csj.webp\",\"contentUrl\":\"https:\/\/www.csj-emballages.com\/wp-content\/uploads\/2023\/10\/logo_csj.webp\",\"width\":250,\"height\":95,\"caption\":\"CSJ Emballages\"},\"image\":{\"@id\":\"https:\/\/www.csj-emballages.com\/de\/#\/schema\/logo\/image\/\"},\"sameAs\":[\"https:\/\/www.facebook.com\/csjemballages\"],\"address\":{\"@type\":\"PostalAddress\",\"streetAddress\":\"ZI La Lechere\",\"addressLocality\":\"Patornay\",\"postalCode\":\"39130\",\"addressCountry\":\"FR\"},\"contactPoint\":[{\"@type\":\"ContactPoint\",\"contactType\":\"Service client\",\"telephone\":\"0384254272\",\"email\":\"contact@csj-emballages.com\"}]}]}<\/script>\n<!-- \/ Yoast SEO Premium plugin. -->","yoast_head_json":{"title":"Konfektt\u00fcte Weihnachten \"Girlanden\" 120 x 260 mm pro 100","description":"S\u00fc\u00dfwarenbeutel Weihnachten \"Girlanden\" 120 x 260 mm pro 100: Eine festliche und elegante Verpackung, um Ihre Leckereien zum Jahresende zu veredeln.","robots":{"index":"index","follow":"follow","max-snippet":"max-snippet:-1","max-image-preview":"max-image-preview:large","max-video-preview":"max-video-preview:-1"},"canonical":"https:\/\/www.csj-emballages.com\/de\/produit\/100-beutel-mit-suesswaren-girlanden-120-x-260-mm\/","og_locale":"de_DE","og_type":"article","og_title":"Beutel Noel \"Girlanden\" 120 x 260 mm","og_description":"Weihnachtss\u00fc\u00dfwarenbeutel 120x260 mm pro 100 St\u00fcck. Ideal f\u00fcr Ihre Festtagss\u00fc\u00dfigkeiten, G\u00e4stegeschenke, Veranstaltungen oder den Verkauf in Ihrem Gesch\u00e4ft.","og_url":"https:\/\/www.csj-emballages.com\/de\/produit\/100-beutel-mit-suesswaren-girlanden-120-x-260-mm\/","og_site_name":"CSJ Emballages","article_publisher":"https:\/\/www.facebook.com\/csjemballages","article_modified_time":"2026-03-12T15:41:24+00:00","og_image":[{"width":800,"height":800,"url":"https:\/\/www.csj-emballages.com\/wp-content\/uploads\/2024\/03\/SGUIRT2.webp","type":"image\/webp"}],"twitter_card":"summary_large_image","twitter_title":"Beutel Noel \"Girlanden\" 120 x 260 mm","twitter_description":"Weihnachtss\u00fc\u00dfwarenbeutel 120x260 mm pro 100 St\u00fcck. Ideal f\u00fcr Ihre Festtagss\u00fc\u00dfigkeiten, G\u00e4stegeschenke, Veranstaltungen oder den Verkauf in Ihrem Gesch\u00e4ft.","twitter_misc":{"Gesch\u00e4tzte Lesezeit":"2 Minuten"},"schema":{"@context":"https:\/\/schema.org","@graph":[{"@type":"WebPage","@id":"https:\/\/www.csj-emballages.com\/de\/produit\/100-beutel-mit-suesswaren-girlanden-120-x-260-mm\/","url":"https:\/\/www.csj-emballages.com\/de\/produit\/100-beutel-mit-suesswaren-girlanden-120-x-260-mm\/","name":"Konfektt\u00fcte Weihnachten \"Girlanden\" 120 x 260 mm pro 100","isPartOf":{"@id":"https:\/\/www.csj-emballages.com\/de\/#website"},"primaryImageOfPage":{"@id":"https:\/\/www.csj-emballages.com\/de\/produit\/100-beutel-mit-suesswaren-girlanden-120-x-260-mm\/#primaryimage"},"image":{"@id":"https:\/\/www.csj-emballages.com\/de\/produit\/100-beutel-mit-suesswaren-girlanden-120-x-260-mm\/#primaryimage"},"thumbnailUrl":"https:\/\/www.csj-emballages.com\/wp-content\/uploads\/2024\/03\/SGUIRT2.webp","datePublished":"2024-03-01T15:49:11+00:00","dateModified":"2026-03-12T15:41:24+00:00","description":"S\u00fc\u00dfwarenbeutel Weihnachten \"Girlanden\" 120 x 260 mm pro 100: Eine festliche und elegante Verpackung, um Ihre Leckereien zum Jahresende zu veredeln.","breadcrumb":{"@id":"https:\/\/www.csj-emballages.com\/de\/produit\/100-beutel-mit-suesswaren-girlanden-120-x-260-mm\/#breadcrumb"},"inLanguage":"de","potentialAction":[{"@type":"ReadAction","target":["https:\/\/www.csj-emballages.com\/de\/produit\/100-beutel-mit-suesswaren-girlanden-120-x-260-mm\/"]}]},{"@type":"ImageObject","inLanguage":"de","@id":"https:\/\/www.csj-emballages.com\/de\/produit\/100-beutel-mit-suesswaren-girlanden-120-x-260-mm\/#primaryimage","url":"https:\/\/www.csj-emballages.com\/wp-content\/uploads\/2024\/03\/SGUIRT2.webp","contentUrl":"https:\/\/www.csj-emballages.com\/wp-content\/uploads\/2024\/03\/SGUIRT2.webp","width":800,"height":800,"caption":"Sachet confiseries No\u00ebl"},{"@type":"BreadcrumbList","@id":"https:\/\/www.csj-emballages.com\/de\/produit\/100-beutel-mit-suesswaren-girlanden-120-x-260-mm\/#breadcrumb","itemListElement":[{"@type":"ListItem","position":1,"name":"Accueil","item":"https:\/\/www.csj-emballages.com\/de\/universum-lebensmittelverpackungen\/"},{"@type":"ListItem","position":2,"name":"Shop","item":"https:\/\/www.csj-emballages.com\/shop\/"},{"@type":"ListItem","position":3,"name":"S\u00fc\u00dfwarenbeutel Weihnachten \u00ab\u00a0Girlanden\u00a0\u00bb 120 x 260 mm pro 100"}]},{"@type":"WebSite","@id":"https:\/\/www.csj-emballages.com\/de\/#website","url":"https:\/\/www.csj-emballages.com\/de\/","name":"CSJ Emballages","description":"","publisher":{"@id":"https:\/\/www.csj-emballages.com\/de\/#organization"},"potentialAction":[{"@type":"SearchAction","target":{"@type":"EntryPoint","urlTemplate":"https:\/\/www.csj-emballages.com\/de\/?s={search_term_string}"},"query-input":{"@type":"PropertyValueSpecification","valueRequired":true,"valueName":"search_term_string"}}],"inLanguage":"de"},{"@type":"Organization","@id":"https:\/\/www.csj-emballages.com\/de\/#Organization\/","name":"CSJ Emballages","url":"https:\/\/www.csj-emballages.com\/de\/","logo":{"@type":"ImageObject","inLanguage":"de","@id":"https:\/\/www.csj-emballages.com\/de\/#\/schema\/logo\/image\/","url":"https:\/\/www.csj-emballages.com\/wp-content\/uploads\/2023\/10\/logo_csj.webp","contentUrl":"https:\/\/www.csj-emballages.com\/wp-content\/uploads\/2023\/10\/logo_csj.webp","width":250,"height":95,"caption":"CSJ Emballages"},"image":{"@id":"https:\/\/www.csj-emballages.com\/de\/#\/schema\/logo\/image\/"},"sameAs":["https:\/\/www.facebook.com\/csjemballages"],"address":{"@type":"PostalAddress","streetAddress":"ZI La Lechere","addressLocality":"Patornay","postalCode":"39130","addressCountry":"FR"},"contactPoint":[{"@type":"ContactPoint","contactType":"Service client","telephone":"0384254272","email":"contact@csj-emballages.com"}]}]}},"df_price":17.78,"df_sale_price":17.78,"df_regular_price":20.93,"df_image_link":"https:\/\/www.csj-emballages.com\/wp-content\/uploads\/2024\/03\/SGUIRT2-300x300.webp","tiered_pricing_type":"fixed","tiered_pricing_fixed_rules":[],"tiered_pricing_percentage_rules":[],"tiered_pricing_minimum":1,"tiered_pricing_roles_data":[],"_links":{"self":[{"href":"https:\/\/www.csj-emballages.com\/de\/wp-json\/wp\/v2\/product\/23647","targetHints":{"allow":["GET"]}}],"collection":[{"href":"https:\/\/www.csj-emballages.com\/de\/wp-json\/wp\/v2\/product"}],"about":[{"href":"https:\/\/www.csj-emballages.com\/de\/wp-json\/wp\/v2\/types\/product"}],"wp:featuredmedia":[{"embeddable":true,"href":"https:\/\/www.csj-emballages.com\/de\/wp-json\/wp\/v2\/media\/243623"}],"wp:attachment":[{"href":"https:\/\/www.csj-emballages.com\/de\/wp-json\/wp\/v2\/media?parent=23647"}],"wp:term":[{"taxonomy":"product_brand","embeddable":true,"href":"https:\/\/www.csj-emballages.com\/de\/wp-json\/wp\/v2\/product_brand?post=23647"},{"taxonomy":"product_cat","embeddable":true,"href":"https:\/\/www.csj-emballages.com\/de\/wp-json\/wp\/v2\/product_cat?post=23647"},{"taxonomy":"product_tag","embeddable":true,"href":"https:\/\/www.csj-emballages.com\/de\/wp-json\/wp\/v2\/product_tag?post=23647"}],"curies":[{"name":"wp","href":"https:\/\/api.w.org\/{rel}","templated":true}]}}