{"id":23645,"date":"2024-03-01T16:49:12","date_gmt":"2024-03-01T15:49:12","guid":{"rendered":"https:\/\/u15jnbdpoq.preview.infomaniak.website\/produit\/100-neutrale-sos-beutel-80-40-x-240-mm\/"},"modified":"2026-04-14T02:21:22","modified_gmt":"2026-04-14T00:21:22","slug":"100-neutrale-sos-beutel-80-40-x-240-mm","status":"publish","type":"product","link":"https:\/\/www.csj-emballages.com\/de\/produit\/100-neutrale-sos-beutel-80-40-x-240-mm\/","title":{"rendered":"Beutel S\u00fc\u00dfwaren sos weicher Boden 80 + 40 x 240 mm pro 100"},"content":{"rendered":"<div style=\"box-sizing: inherit; font-family: Roboto, sans-serif;\">\n<div style=\"box-sizing: inherit; font-family: Roboto, sans-serif;\">\n<div style=\"box-sizing: inherit; font-family: Roboto, sans-serif;\">\n<div style=\"box-sizing: inherit; font-family: Roboto, sans-serif;\">\n<div style=\"box-sizing: inherit; font-family: Roboto, sans-serif;\">\n<div style=\"box-sizing: inherit; font-family: Roboto, sans-serif;\">\n<div style=\"box-sizing: inherit; font-family: Roboto, sans-serif;\">\n<div style=\"box-sizing: inherit; font-family: Roboto, sans-serif;\">\n<div style=\"box-sizing: inherit; font-family: Roboto, sans-serif;\">\n<div style=\"box-sizing: inherit; font-family: Roboto, sans-serif;\">\n<div style=\"box-sizing: inherit; font-family: Roboto, sans-serif;\">\n<div style=\"box-sizing: inherit; font-family: Roboto, sans-serif;\">\n<div style=\"box-sizing: inherit; font-family: Roboto, sans-serif;\">\n<div class=\"flex flex-grow flex-col max-w-full\">\n<div class=\"min-h-[20px] text-message flex flex-col items-start whitespace-pre-wrap break-words [.text-message+&amp;]:mt-5 juice:w-full juice:items-end overflow-x-auto gap-2\" dir=\"auto\" data-message-author-role=\"assistant\" data-message-id=\"2034782e-88f9-44ef-b4dc-07dd7bf0115f\">\n<div class=\"flex w-full flex-col gap-1 juice:empty:hidden juice:first:pt-[3px]\">\n<div class=\"markdown prose w-full break-words dark:prose-invert light\">\n<div style=\"box-sizing: inherit; font-family: Roboto, sans-serif;\">\n<div style=\"box-sizing: inherit; font-family: Roboto, sans-serif;\">\n<div style=\"box-sizing: inherit; font-family: Roboto, sans-serif;\">\n<div style=\"box-sizing: inherit; font-family: Roboto, sans-serif;\">\n<div style=\"box-sizing: inherit; font-family: Roboto, sans-serif;\">\n<div style=\"box-sizing: inherit; font-family: Roboto, sans-serif;\">\n<h2>Beutel mit S\u00fc\u00dfigkeiten<\/h2>\n<div style=\"box-sizing: inherit; font-family: Roboto, sans-serif;\">\n<div style=\"box-sizing: inherit; font-family: Roboto, sans-serif;\">\n<div style=\"box-sizing: inherit; font-family: Roboto, sans-serif;\">\n<div style=\"text-align: center;\">\n<div style=\"box-sizing: inherit; font-family: Roboto, sans-serif;\">\n<div style=\"box-sizing: inherit; font-family: Roboto, sans-serif;\">\n<div style=\"box-sizing: inherit; font-family: Roboto, sans-serif;\">\n<div style=\"box-sizing: inherit; font-family: Roboto, sans-serif;\">\n<div style=\"box-sizing: inherit; font-family: Roboto, sans-serif;\">\n<div style=\"box-sizing: inherit; font-family: Roboto, sans-serif; text-align: left;\">\n<hr>\n<h3 style=\"text-align: left;\">Beschreibung von unserem S\u00fc\u00dfwarenbeutel sos weicher Boden 80 + 40 x 240 mm pro 100<\/h3>\n<h3 style=\"text-align: left;\"><!--more--><\/h3>\n<\/div>\n<\/div>\n<\/div>\n<\/div>\n<\/div>\n<\/div>\n<\/div>\n<\/div>\n<\/div>\n<\/div>\n<\/div>\n<\/div>\n<\/div>\n<\/div>\n<\/div>\n<\/div>\n<\/div>\n<\/div>\n<\/div>\n<\/div>\n<\/div>\n<\/div>\n<\/div>\n<\/div>\n<\/div>\n<\/div>\n<\/div>\n<\/div>\n<\/div>\n<\/div>\n<\/div>\n<\/div>\n<\/div>\n<div style=\"box-sizing: inherit; font-family: Roboto, sans-serif;\">\n<div style=\"box-sizing: inherit; font-family: Roboto, sans-serif;\">\n<div style=\"box-sizing: inherit; font-family: Roboto, sans-serif;\">\n<div style=\"box-sizing: inherit; font-family: Roboto, sans-serif;\">\n<div style=\"box-sizing: inherit; font-family: Roboto, sans-serif;\">\n<div style=\"box-sizing: inherit; font-family: Roboto, sans-serif;\">\n<div style=\"box-sizing: inherit; font-family: Roboto, sans-serif;\">\n<div style=\"box-sizing: inherit; font-family: Roboto, sans-serif;\">\n<div style=\"box-sizing: inherit; font-family: Roboto, sans-serif;\">\n<div style=\"box-sizing: inherit; font-family: Roboto, sans-serif;\">\n<div style=\"box-sizing: inherit; font-family: Roboto, sans-serif;\">\n<div style=\"box-sizing: inherit; font-family: Roboto, sans-serif;\">\n<div style=\"box-sizing: inherit; font-family: Roboto, sans-serif;\">\n<div class=\"flex flex-grow flex-col max-w-full\">\n<div class=\"min-h-[20px] text-message flex flex-col items-start whitespace-pre-wrap break-words [.text-message+&amp;]:mt-5 juice:w-full juice:items-end overflow-x-auto gap-2\" dir=\"auto\" data-message-author-role=\"assistant\" data-message-id=\"2034782e-88f9-44ef-b4dc-07dd7bf0115f\">\n<div class=\"flex w-full flex-col gap-1 juice:empty:hidden juice:first:pt-[3px]\">\n<div class=\"markdown prose w-full break-words dark:prose-invert light\">\n<div style=\"box-sizing: inherit; font-family: Roboto, sans-serif;\">\n<div style=\"box-sizing: inherit; font-family: Roboto, sans-serif;\">\n<div style=\"box-sizing: inherit; font-family: Roboto, sans-serif;\">\n<div style=\"box-sizing: inherit; font-family: Roboto, sans-serif;\">\n<div style=\"box-sizing: inherit; font-family: Roboto, sans-serif;\">\n<div style=\"box-sizing: inherit; font-family: Roboto, sans-serif;\">\n<p data-start=\"0\" data-end=\"511\">Lassen Sie Ihre Leckereien das ganze Jahr \u00fcber gl\u00e4nzen mit unserem <strong data-start=\"102\" data-end=\"165\">SOS-S\u00fc\u00dfwarenbeutel mit weichem Boden 80 + 40 x 240 mm pro 100 St\u00fcck<\/strong>. Diese clevere kleine Verpackung hat alles, was das Herz begehrt: perfekte <strong data-start=\"213\" data-end=\"229\">Transparenz<\/strong>, beispielhafte <strong data-start=\"240\" data-end=\"253\">Stabilit\u00e4t<\/strong> und ein praktisches Format. Dank des <strong>weichen Bodens<\/strong>, der sich entfaltet, steht der <strong>Plastikbeutel<\/strong> <strong data-start=\"341\" data-end=\"361\">von selbst<\/strong>, sogar bevor er bef\u00fcllt wird. Das Ergebnis: eine erhebliche Zeitersparnis beim Aufstellen und eine stets makellose Pr\u00e4sentation in Ihren Regalen.   <\/p>\n<p data-start=\"513\" data-end=\"995\">Dieser <strong>SOS-Beutel<\/strong> wurde entwickelt, um Ihre s\u00fc\u00dfen Kreationen zu veredeln. Er eignet sich f\u00fcr <strong data-start=\"591\" data-end=\"606\">Biskuitb\u00e4cker<\/strong>, <strong data-start=\"608\" data-end=\"624\">Chocolatiers<\/strong>, <strong data-start=\"626\" data-end=\"640\">Confiseure<\/strong>, <strong data-start=\"642\" data-end=\"656\">Drageehersteller<\/strong>, <strong data-start=\"658\" data-end=\"672\">Nougathersteller<\/strong>, <strong data-start=\"674\" data-end=\"688\">Konditoren<\/strong> und alle anderen Handwerker, die sich mit s\u00fc\u00dfen Leckereien besch\u00e4ftigen. Ihre geniale Form passt sich den Konturen Ihrer empfindlichsten Produkte an und verhindert so Bruch oder Verformung. So k\u00f6nnen Sie Ihre s\u00fc\u00dfen K\u00f6stlichkeiten <strong data-start=\"897\" data-end=\"910\">getrost<\/strong> verpacken, egal ob es sich um bunte Dragees, knuspriges M\u00fcrbegeb\u00e4ck oder feine Schokolade handelt.  <\/p>\n<p data-start=\"997\" data-end=\"1293\">Dar\u00fcber hinaus entspricht dieser <strong>Plastikbeutel<\/strong> den geltenden Normen: Er ist <strong data-start=\"1052\" data-end=\"1083\">f\u00fcr den Kontakt mit Lebensmitteln geeignet<\/strong>, entspricht dem <strong data-start=\"1104\" data-end=\"1131\">Umweltgesetzbuch<\/strong> und ist bereits auf die Anforderungen des <strong data-start=\"1170\" data-end=\"1187\">AGEC 2025-Gesetzes<\/strong> vorbereitet. Damit zeigen Sie ein umweltbewusstes Engagement, das Ihre auf Nachhaltigkeit bedachte Kundschaft begeistern wird. <\/p>\n<p data-start=\"1295\" data-end=\"1631\">Wenn Sie sich f\u00fcr diesen <strong>transparenten Beutel<\/strong> entscheiden, werten Sie Ihre Produkte auf und bieten gleichzeitig ein visuelles Erlebnis f\u00fcr Feinschmecker. Durch seine <strong data-start=\"1415\" data-end=\"1432\">Klarheit<\/strong> hebt er die Farben und Texturen Ihrer S\u00fc\u00dfwaren hervor, was die Augen der Kunden nat\u00fcrlich anzieht. Da er in Packungen zu <strong>100<\/strong> St\u00fcck verkauft wird, ist er zudem kosteng\u00fcnstig und praktisch f\u00fcr den professionellen Gebrauch.  <\/p>\n<p data-start=\"1633\" data-end=\"1863\">Zusammenfassend l\u00e4sst sich sagen, dass dieser <strong>SOS-S\u00fc\u00dfwarenbeutel<\/strong> <strong data-start=\"1678\" data-end=\"1692\">\u00c4sthetik<\/strong>, <strong data-start=\"1694\" data-end=\"1718\">Lebensmittelsicherheit<\/strong> und <strong data-start=\"1722\" data-end=\"1750\">einfache Handhabung ver<\/strong>eint. Er ist die ideale Verpackung, um Ihre handgemachten S\u00fc\u00dfigkeiten das ganze Jahr \u00fcber zu pr\u00e4sentieren, zu sch\u00fctzen und zu verherrlichen. <\/p>\n<p><!--more--><\/p>\n<h4 style=\"text-align: left;\">Vorteile :<\/h4>\n<ul style=\"text-align: left;\">\n<li><strong data-start=\"2070\" data-end=\"2085\">Weicher Hintergrund<\/strong>: steht ohne Unterst\u00fctzung.<\/li>\n<li><strong data-start=\"2119\" data-end=\"2135\">Transparenz<\/strong>: hebt Ihre Kreationen hervor.<\/li>\n<li><strong data-start=\"2171\" data-end=\"2194\">Lebensmittelkontakt<\/strong>: AGEC 2025-konform.<\/li>\n<li><strong data-start=\"2221\" data-end=\"2240\">Praktisches Format<\/strong>: ideal f\u00fcr Konditoren, Patissiers und Chocolatiers.<\/li>\n<\/ul>\n<\/div>\n<\/div>\n<\/div>\n<\/div>\n<\/div>\n<\/div>\n<\/div>\n<\/div>\n<\/div>\n<\/div>\n<\/div>\n<\/div>\n<p>&nbsp;<\/p>\n<\/div>\n<\/div>\n<\/div>\n<\/div>\n<\/div>\n<\/div>\n<\/div>\n<\/div>\n<\/div>\n<\/div>\n<\/div>\n<p><!--more--><\/p>\n<h4>Weitere Informationen :<\/h4>\n<ul style=\"box-sizing: inherit; font-family: Roboto, sans-serif;\">\n<li><strong>Verpackung<\/strong>: Packung mit 100 St\u00fcck<\/li>\n<li><span style=\"font-weight: bold;\">Ma\u00dfe<\/span>: 80 + 40 x 240 mm<\/li>\n<li><strong>Material<\/strong>: Polypropylen<\/li>\n<li><strong>Farbe<\/strong>: Transparent<\/li>\n<li><strong>Widerstand<\/strong>: 40\u00b5<\/li>\n<\/ul>\n<p>&nbsp;<\/p>\n<p><!--more--><\/p>\n<p>Dieser Beutel ist in verschiedenen Gr\u00f6\u00dfen erh\u00e4ltlich : <span style=\"color: #d12727;\"><a style=\"color: #d12727;\" href=\"https:\/\/www.csj-emballages.com\/produit\/100-sachets-sos-neutres-65-45-x-200-mm\/\">65 + 45 x 200 mm<\/a><\/span> \/ <span style=\"color: #d12727;\"><a style=\"color: #d12727;\" href=\"https:\/\/www.csj-emballages.com\/produit\/100-sachets-sos-neutres-80-40-x-240-mm\/\">80 + 40 x 240 mm<\/a><\/span><\/p>\n<div style=\"box-sizing: inherit; font-family: Roboto, sans-serif;\">\n<div style=\"box-sizing: inherit; font-family: Roboto, sans-serif;\">\n<div style=\"box-sizing: inherit; font-family: Roboto, sans-serif;\">\n<div style=\"box-sizing: inherit; font-family: Roboto, sans-serif;\">\n<div style=\"box-sizing: inherit; font-family: Roboto, sans-serif;\">\n<div style=\"box-sizing: inherit; font-family: Roboto, sans-serif;\">\n<p>&nbsp;<\/p>\n<p><!--more--><\/p>\n<p><a href=\"https:\/\/www.csj-emballages.com\/de\/categorie-produit\/lebensmittelverpackungen\/backerei-und-konditorei\/sacke-beutel-und-papier\/beutel-fur-suswaren\/beutel-ohne-boden-de\/sos-beutel-ohne-boden-aus-karton\/\">Sehen Sie sich den Rest unseres Sortiments an SOS-Beuteln mit weichem Boden an<\/a><\/p>\n<\/div>\n<\/div>\n<\/div>\n<\/div>\n<\/div>\n<\/div>\n","protected":false},"excerpt":{"rendered":"<p>Beutel mit S\u00fc\u00dfigkeiten Beschreibung von unserem S\u00fc\u00dfwarenbeutel sos weicher Boden 80 + 40 x 240 mm pro 100<\/p>\n","protected":false},"featured_media":243796,"template":"","meta":{"_acf_changed":false},"product_brand":[],"product_cat":[1137,1171,1678,3500],"product_tag":[],"class_list":{"0":"post-23645","1":"product","2":"type-product","3":"status-publish","4":"has-post-thumbnail","6":"product_cat-lebensmittelverpackungen","7":"product_cat-backerei-und-konditorei","8":"product_cat-beutel-fur-suswaren","9":"product_cat-sos-beutel-ohne-boden-aus-karton","11":"first","12":"instock","13":"taxable","14":"shipping-taxable","15":"purchasable","16":"product-type-simple"},"acf":[],"yoast_head":"<!-- This site is optimized with the Yoast SEO Premium plugin v26.6 (Yoast SEO v26.6) - https:\/\/yoast.com\/wordpress\/plugins\/seo\/ -->\n<title>Beutel Confiserie Sos Weicher Boden 80 + 40 x 240 mm pro 100<\/title>\n<meta name=\"description\" content=\"SOS-S\u00fc\u00dfwarenbeutel 80 + 40 x 240 mm: stabil, f\u00fcr Lebensmittelkontakt geeignet, ideal f\u00fcr Schokolade, Kekse und Dragees. Los von 100.\" \/>\n<meta name=\"robots\" content=\"index, follow, max-snippet:-1, max-image-preview:large, max-video-preview:-1\" \/>\n<link rel=\"canonical\" href=\"https:\/\/www.csj-emballages.com\/de\/produit\/100-neutrale-sos-beutel-80-40-x-240-mm\/\" \/>\n<meta property=\"og:locale\" content=\"de_DE\" \/>\n<meta property=\"og:type\" content=\"article\" \/>\n<meta property=\"og:title\" content=\"Beutel S\u00fc\u00dfwaren sos weicher Boden 80 + 40 x 240 mm pro 100\" \/>\n<meta property=\"og:description\" content=\"SOS-S\u00fc\u00dfwarenbeutel 80 + 40 x 240 mm: stabil, f\u00fcr Lebensmittelkontakt geeignet, ideal f\u00fcr Schokolade, Kekse und Dragees. Los von 100.\" \/>\n<meta property=\"og:url\" content=\"https:\/\/www.csj-emballages.com\/de\/produit\/100-neutrale-sos-beutel-80-40-x-240-mm\/\" \/>\n<meta property=\"og:site_name\" content=\"CSJ Emballages\" \/>\n<meta property=\"article:publisher\" content=\"https:\/\/www.facebook.com\/csjemballages\" \/>\n<meta property=\"article:modified_time\" content=\"2026-04-14T00:21:22+00:00\" \/>\n<meta property=\"og:image\" content=\"https:\/\/www.csj-emballages.com\/wp-content\/uploads\/2024\/03\/SFSOS.webp\" \/>\n\t<meta property=\"og:image:width\" content=\"800\" \/>\n\t<meta property=\"og:image:height\" content=\"800\" \/>\n\t<meta property=\"og:image:type\" content=\"image\/webp\" \/>\n<meta name=\"twitter:card\" content=\"summary_large_image\" \/>\n<meta name=\"twitter:label1\" content=\"Gesch\u00e4tzte Lesezeit\" \/>\n\t<meta name=\"twitter:data1\" content=\"2 Minuten\" \/>\n<script type=\"application\/ld+json\" class=\"yoast-schema-graph\">{\"@context\":\"https:\/\/schema.org\",\"@graph\":[{\"@type\":\"WebPage\",\"@id\":\"https:\/\/www.csj-emballages.com\/de\/produit\/100-neutrale-sos-beutel-80-40-x-240-mm\/\",\"url\":\"https:\/\/www.csj-emballages.com\/de\/produit\/100-neutrale-sos-beutel-80-40-x-240-mm\/\",\"name\":\"Beutel Confiserie Sos Weicher Boden 80 + 40 x 240 mm pro 100\",\"isPartOf\":{\"@id\":\"https:\/\/www.csj-emballages.com\/de\/#website\"},\"primaryImageOfPage\":{\"@id\":\"https:\/\/www.csj-emballages.com\/de\/produit\/100-neutrale-sos-beutel-80-40-x-240-mm\/#primaryimage\"},\"image\":{\"@id\":\"https:\/\/www.csj-emballages.com\/de\/produit\/100-neutrale-sos-beutel-80-40-x-240-mm\/#primaryimage\"},\"thumbnailUrl\":\"https:\/\/www.csj-emballages.com\/wp-content\/uploads\/2024\/03\/SFSOS.webp\",\"datePublished\":\"2024-03-01T15:49:12+00:00\",\"dateModified\":\"2026-04-14T00:21:22+00:00\",\"description\":\"SOS-S\u00fc\u00dfwarenbeutel 80 + 40 x 240 mm: stabil, f\u00fcr Lebensmittelkontakt geeignet, ideal f\u00fcr Schokolade, Kekse und Dragees. Los von 100.\",\"breadcrumb\":{\"@id\":\"https:\/\/www.csj-emballages.com\/de\/produit\/100-neutrale-sos-beutel-80-40-x-240-mm\/#breadcrumb\"},\"inLanguage\":\"de\",\"potentialAction\":[{\"@type\":\"ReadAction\",\"target\":[\"https:\/\/www.csj-emballages.com\/de\/produit\/100-neutrale-sos-beutel-80-40-x-240-mm\/\"]}]},{\"@type\":\"ImageObject\",\"inLanguage\":\"de\",\"@id\":\"https:\/\/www.csj-emballages.com\/de\/produit\/100-neutrale-sos-beutel-80-40-x-240-mm\/#primaryimage\",\"url\":\"https:\/\/www.csj-emballages.com\/wp-content\/uploads\/2024\/03\/SFSOS.webp\",\"contentUrl\":\"https:\/\/www.csj-emballages.com\/wp-content\/uploads\/2024\/03\/SFSOS.webp\",\"width\":800,\"height\":800,\"caption\":\"Sachet confiseries\"},{\"@type\":\"BreadcrumbList\",\"@id\":\"https:\/\/www.csj-emballages.com\/de\/produit\/100-neutrale-sos-beutel-80-40-x-240-mm\/#breadcrumb\",\"itemListElement\":[{\"@type\":\"ListItem\",\"position\":1,\"name\":\"Accueil\",\"item\":\"https:\/\/www.csj-emballages.com\/de\/universum-lebensmittelverpackungen\/\"},{\"@type\":\"ListItem\",\"position\":2,\"name\":\"Shop\",\"item\":\"https:\/\/www.csj-emballages.com\/shop\/\"},{\"@type\":\"ListItem\",\"position\":3,\"name\":\"Beutel S\u00fc\u00dfwaren sos weicher Boden 80 + 40 x 240 mm pro 100\"}]},{\"@type\":\"WebSite\",\"@id\":\"https:\/\/www.csj-emballages.com\/de\/#website\",\"url\":\"https:\/\/www.csj-emballages.com\/de\/\",\"name\":\"CSJ Emballages\",\"description\":\"\",\"publisher\":{\"@id\":\"https:\/\/www.csj-emballages.com\/de\/#organization\"},\"potentialAction\":[{\"@type\":\"SearchAction\",\"target\":{\"@type\":\"EntryPoint\",\"urlTemplate\":\"https:\/\/www.csj-emballages.com\/de\/?s={search_term_string}\"},\"query-input\":{\"@type\":\"PropertyValueSpecification\",\"valueRequired\":true,\"valueName\":\"search_term_string\"}}],\"inLanguage\":\"de\"},{\"@type\":\"Organization\",\"@id\":\"https:\/\/www.csj-emballages.com\/de\/#Organization\/\",\"name\":\"CSJ Emballages\",\"url\":\"https:\/\/www.csj-emballages.com\/de\/\",\"logo\":{\"@type\":\"ImageObject\",\"inLanguage\":\"de\",\"@id\":\"https:\/\/www.csj-emballages.com\/de\/#\/schema\/logo\/image\/\",\"url\":\"https:\/\/www.csj-emballages.com\/wp-content\/uploads\/2023\/10\/logo_csj.webp\",\"contentUrl\":\"https:\/\/www.csj-emballages.com\/wp-content\/uploads\/2023\/10\/logo_csj.webp\",\"width\":250,\"height\":95,\"caption\":\"CSJ Emballages\"},\"image\":{\"@id\":\"https:\/\/www.csj-emballages.com\/de\/#\/schema\/logo\/image\/\"},\"sameAs\":[\"https:\/\/www.facebook.com\/csjemballages\"],\"address\":{\"@type\":\"PostalAddress\",\"streetAddress\":\"ZI La Lechere\",\"addressLocality\":\"Patornay\",\"postalCode\":\"39130\",\"addressCountry\":\"FR\"},\"contactPoint\":[{\"@type\":\"ContactPoint\",\"contactType\":\"Service client\",\"telephone\":\"0384254272\",\"email\":\"contact@csj-emballages.com\"}]}]}<\/script>\n<!-- \/ Yoast SEO Premium plugin. -->","yoast_head_json":{"title":"Beutel Confiserie Sos Weicher Boden 80 + 40 x 240 mm pro 100","description":"SOS-S\u00fc\u00dfwarenbeutel 80 + 40 x 240 mm: stabil, f\u00fcr Lebensmittelkontakt geeignet, ideal f\u00fcr Schokolade, Kekse und Dragees. Los von 100.","robots":{"index":"index","follow":"follow","max-snippet":"max-snippet:-1","max-image-preview":"max-image-preview:large","max-video-preview":"max-video-preview:-1"},"canonical":"https:\/\/www.csj-emballages.com\/de\/produit\/100-neutrale-sos-beutel-80-40-x-240-mm\/","og_locale":"de_DE","og_type":"article","og_title":"Beutel S\u00fc\u00dfwaren sos weicher Boden 80 + 40 x 240 mm pro 100","og_description":"SOS-S\u00fc\u00dfwarenbeutel 80 + 40 x 240 mm: stabil, f\u00fcr Lebensmittelkontakt geeignet, ideal f\u00fcr Schokolade, Kekse und Dragees. Los von 100.","og_url":"https:\/\/www.csj-emballages.com\/de\/produit\/100-neutrale-sos-beutel-80-40-x-240-mm\/","og_site_name":"CSJ Emballages","article_publisher":"https:\/\/www.facebook.com\/csjemballages","article_modified_time":"2026-04-14T00:21:22+00:00","og_image":[{"width":800,"height":800,"url":"https:\/\/www.csj-emballages.com\/wp-content\/uploads\/2024\/03\/SFSOS.webp","type":"image\/webp"}],"twitter_card":"summary_large_image","twitter_misc":{"Gesch\u00e4tzte Lesezeit":"2 Minuten"},"schema":{"@context":"https:\/\/schema.org","@graph":[{"@type":"WebPage","@id":"https:\/\/www.csj-emballages.com\/de\/produit\/100-neutrale-sos-beutel-80-40-x-240-mm\/","url":"https:\/\/www.csj-emballages.com\/de\/produit\/100-neutrale-sos-beutel-80-40-x-240-mm\/","name":"Beutel Confiserie Sos Weicher Boden 80 + 40 x 240 mm pro 100","isPartOf":{"@id":"https:\/\/www.csj-emballages.com\/de\/#website"},"primaryImageOfPage":{"@id":"https:\/\/www.csj-emballages.com\/de\/produit\/100-neutrale-sos-beutel-80-40-x-240-mm\/#primaryimage"},"image":{"@id":"https:\/\/www.csj-emballages.com\/de\/produit\/100-neutrale-sos-beutel-80-40-x-240-mm\/#primaryimage"},"thumbnailUrl":"https:\/\/www.csj-emballages.com\/wp-content\/uploads\/2024\/03\/SFSOS.webp","datePublished":"2024-03-01T15:49:12+00:00","dateModified":"2026-04-14T00:21:22+00:00","description":"SOS-S\u00fc\u00dfwarenbeutel 80 + 40 x 240 mm: stabil, f\u00fcr Lebensmittelkontakt geeignet, ideal f\u00fcr Schokolade, Kekse und Dragees. Los von 100.","breadcrumb":{"@id":"https:\/\/www.csj-emballages.com\/de\/produit\/100-neutrale-sos-beutel-80-40-x-240-mm\/#breadcrumb"},"inLanguage":"de","potentialAction":[{"@type":"ReadAction","target":["https:\/\/www.csj-emballages.com\/de\/produit\/100-neutrale-sos-beutel-80-40-x-240-mm\/"]}]},{"@type":"ImageObject","inLanguage":"de","@id":"https:\/\/www.csj-emballages.com\/de\/produit\/100-neutrale-sos-beutel-80-40-x-240-mm\/#primaryimage","url":"https:\/\/www.csj-emballages.com\/wp-content\/uploads\/2024\/03\/SFSOS.webp","contentUrl":"https:\/\/www.csj-emballages.com\/wp-content\/uploads\/2024\/03\/SFSOS.webp","width":800,"height":800,"caption":"Sachet confiseries"},{"@type":"BreadcrumbList","@id":"https:\/\/www.csj-emballages.com\/de\/produit\/100-neutrale-sos-beutel-80-40-x-240-mm\/#breadcrumb","itemListElement":[{"@type":"ListItem","position":1,"name":"Accueil","item":"https:\/\/www.csj-emballages.com\/de\/universum-lebensmittelverpackungen\/"},{"@type":"ListItem","position":2,"name":"Shop","item":"https:\/\/www.csj-emballages.com\/shop\/"},{"@type":"ListItem","position":3,"name":"Beutel S\u00fc\u00dfwaren sos weicher Boden 80 + 40 x 240 mm pro 100"}]},{"@type":"WebSite","@id":"https:\/\/www.csj-emballages.com\/de\/#website","url":"https:\/\/www.csj-emballages.com\/de\/","name":"CSJ Emballages","description":"","publisher":{"@id":"https:\/\/www.csj-emballages.com\/de\/#organization"},"potentialAction":[{"@type":"SearchAction","target":{"@type":"EntryPoint","urlTemplate":"https:\/\/www.csj-emballages.com\/de\/?s={search_term_string}"},"query-input":{"@type":"PropertyValueSpecification","valueRequired":true,"valueName":"search_term_string"}}],"inLanguage":"de"},{"@type":"Organization","@id":"https:\/\/www.csj-emballages.com\/de\/#Organization\/","name":"CSJ Emballages","url":"https:\/\/www.csj-emballages.com\/de\/","logo":{"@type":"ImageObject","inLanguage":"de","@id":"https:\/\/www.csj-emballages.com\/de\/#\/schema\/logo\/image\/","url":"https:\/\/www.csj-emballages.com\/wp-content\/uploads\/2023\/10\/logo_csj.webp","contentUrl":"https:\/\/www.csj-emballages.com\/wp-content\/uploads\/2023\/10\/logo_csj.webp","width":250,"height":95,"caption":"CSJ Emballages"},"image":{"@id":"https:\/\/www.csj-emballages.com\/de\/#\/schema\/logo\/image\/"},"sameAs":["https:\/\/www.facebook.com\/csjemballages"],"address":{"@type":"PostalAddress","streetAddress":"ZI La Lechere","addressLocality":"Patornay","postalCode":"39130","addressCountry":"FR"},"contactPoint":[{"@type":"ContactPoint","contactType":"Service client","telephone":"0384254272","email":"contact@csj-emballages.com"}]}]}},"df_price":10.69,"df_sale_price":"","df_regular_price":10.69,"df_image_link":"https:\/\/www.csj-emballages.com\/wp-content\/uploads\/2024\/03\/SFSOS-300x300.webp","tiered_pricing_type":"fixed","tiered_pricing_fixed_rules":[],"tiered_pricing_percentage_rules":[],"tiered_pricing_minimum":1,"tiered_pricing_roles_data":[],"_links":{"self":[{"href":"https:\/\/www.csj-emballages.com\/de\/wp-json\/wp\/v2\/product\/23645","targetHints":{"allow":["GET"]}}],"collection":[{"href":"https:\/\/www.csj-emballages.com\/de\/wp-json\/wp\/v2\/product"}],"about":[{"href":"https:\/\/www.csj-emballages.com\/de\/wp-json\/wp\/v2\/types\/product"}],"wp:featuredmedia":[{"embeddable":true,"href":"https:\/\/www.csj-emballages.com\/de\/wp-json\/wp\/v2\/media\/243796"}],"wp:attachment":[{"href":"https:\/\/www.csj-emballages.com\/de\/wp-json\/wp\/v2\/media?parent=23645"}],"wp:term":[{"taxonomy":"product_brand","embeddable":true,"href":"https:\/\/www.csj-emballages.com\/de\/wp-json\/wp\/v2\/product_brand?post=23645"},{"taxonomy":"product_cat","embeddable":true,"href":"https:\/\/www.csj-emballages.com\/de\/wp-json\/wp\/v2\/product_cat?post=23645"},{"taxonomy":"product_tag","embeddable":true,"href":"https:\/\/www.csj-emballages.com\/de\/wp-json\/wp\/v2\/product_tag?post=23645"}],"curies":[{"name":"wp","href":"https:\/\/api.w.org\/{rel}","templated":true}]}}