{"id":236286,"date":"2025-06-20T13:49:34","date_gmt":"2025-06-20T11:49:34","guid":{"rendered":"https:\/\/www.csj-emballages.com\/produit\/pappbecher-kalt-25cl-pro-50-2\/"},"modified":"2026-03-12T16:26:11","modified_gmt":"2026-03-12T15:26:11","slug":"pappbecher-kalt-25cl-pro-50-2","status":"publish","type":"product","link":"https:\/\/www.csj-emballages.com\/de\/produit\/pappbecher-kalt-25cl-pro-50-2\/","title":{"rendered":"Pappbecher kalt 25cl pro 50"},"content":{"rendered":"<h2 class=\"p1 ai-optimize-26\">Pappbecher<\/h2>\n<div style=\"font-family: Roboto, sans-serif;\">\n<div style=\"font-family: Roboto, sans-serif;\">\n<div style=\"font-family: Roboto, sans-serif;\">\n<div style=\"font-family: Roboto, sans-serif;\">\n<div style=\"font-family: Roboto, sans-serif;\">\n<div style=\"font-family: Roboto, sans-serif;\">\n<div style=\"font-family: Roboto, sans-serif;\">\n<div style=\"font-family: Roboto, sans-serif;\">\n<div style=\"font-family: Roboto, sans-serif;\">\n<div style=\"font-family: Roboto, sans-serif;\">\n<div style=\"font-family: Roboto, sans-serif;\">\n<div style=\"font-family: Roboto, sans-serif;\">\n<div style=\"font-family: Roboto, sans-serif;\">\n<div class=\"flex flex-grow flex-col max-w-full\">\n<div class=\"min-h-[20px] text-message flex flex-col items-start whitespace-pre-wrap break-words [.text-message+&amp;]:mt-5 juice:w-full juice:items-end overflow-x-auto gap-2\" dir=\"auto\" data-message-author-role=\"assistant\" data-message-id=\"2034782e-88f9-44ef-b4dc-07dd7bf0115f\">\n<div class=\"flex w-full flex-col gap-1 juice:empty:hidden juice:first:pt-[3px]\">\n<div class=\"markdown prose w-full break-words dark:prose-invert light\">\n<div style=\"font-family: Roboto, sans-serif;\">\n<div style=\"font-family: Roboto, sans-serif;\">\n<div style=\"font-family: Roboto, sans-serif;\">\n<div style=\"font-family: Roboto, sans-serif;\">\n<div style=\"font-family: Roboto, sans-serif;\">\n<div style=\"font-family: Roboto, sans-serif;\">\n<div style=\"font-family: Roboto, sans-serif;\">\n<div style=\"font-family: Roboto, sans-serif;\">\n<div style=\"font-family: Roboto, sans-serif;\">\n<div style=\"text-align: center;\">\n<div style=\"font-family: Roboto, sans-serif;\">\n<div style=\"font-family: Roboto, sans-serif;\">\n<div style=\"font-family: Roboto, sans-serif;\">\n<div style=\"font-family: Roboto, sans-serif;\">\n<div style=\"font-family: Roboto, sans-serif;\">\n<hr>\n<h3 class=\"ai-optimize-27\" style=\"font-family: Roboto, sans-serif; text-align: left;\">Beschreibung von unserem Pappbecher kalt 25cl pro 50<\/h3>\n<\/div>\n<\/div>\n<\/div>\n<\/div>\n<\/div>\n<\/div>\n<\/div>\n<\/div>\n<\/div>\n<\/div>\n<\/div>\n<\/div>\n<\/div>\n<\/div>\n<\/div>\n<\/div>\n<\/div>\n<\/div>\n<\/div>\n<\/div>\n<\/div>\n<\/div>\n<\/div>\n<\/div>\n<\/div>\n<\/div>\n<\/div>\n<\/div>\n<\/div>\n<\/div>\n<\/div>\n<\/div>\n<p><!--more--><\/p>\n<div class=\"flex max-w-full flex-col flex-grow\">\n<div class=\"min-h-8 text-message flex w-full flex-col items-end gap-2 whitespace-normal break-words [.text-message+&amp;]:mt-5\" dir=\"auto\" data-message-author-role=\"assistant\" data-message-id=\"438df6e8-49a2-474e-9d5c-14a6d91e27c5\" data-client-thread-id=\"WEB:f9818d6b-cc00-47a9-ba1c-1549baa0484c\" data-message-model-slug=\"gpt-4o\">\n<div class=\"flex w-full flex-col gap-1 empty:hidden first:pt-[3px]\">\n<div class=\"markdown prose w-full break-words dark:prose-invert light\">\n<p class=\"ai-optimize-28 ai-optimize-introduction\" data-start=\"283\" data-end=\"707\">Dieses Set aus <strong data-start=\"330\" data-end=\"360\">50 Pappbechern (25cl<\/strong> ) ist stabil, praktisch und umweltfreundlich und eignet sich f\u00fcr alle Ihre Veranstaltungen, Take-aways oder Erfrischungspausen. Das Format <strong>25cl<\/strong> (250 ml) <strong>ist<\/strong> ideal f\u00fcr Einzelportionen, sowohl im beruflichen als auch im privaten Bereich. <\/p>\n<p class=\"ai-optimize-29\" data-start=\"709\" data-end=\"1046\">Diese <strong>Becher<\/strong> eignen sich perfekt f\u00fcr <strong data-start=\"751\" data-end=\"766\">Food Trucks<\/strong>, <strong data-start=\"768\" data-end=\"777\">Caf\u00e9s<\/strong>, <strong data-start=\"779\" data-end=\"789\">Imbisse<\/strong>, aber auch f\u00fcr <strong data-start=\"806\" data-end=\"822\">Vereine<\/strong>, <strong data-start=\"824\" data-end=\"839\">Unternehmen<\/strong>, <strong data-start=\"841\" data-end=\"854\">Caterer<\/strong> oder <strong data-start=\"858\" data-end=\"874\">Privatpersonen<\/strong> bei Picknicks, Festivals oder Geburtstagen. Ihre \u00e4u\u00dfere Beschaffenheit sorgt daf\u00fcr, dass sie gut in der Hand liegen und beim Kontakt mit dem Getr\u00e4nk nicht weich werden oder sich verformen. <\/p>\n<p class=\"ai-optimize-30\" data-start=\"1048\" data-end=\"1274\">Die Verpackung zu <strong>50 St\u00fcck<\/strong> bietet ein ausgewogenes Verh\u00e4ltnis zwischen einmaligem Bedarf und regelm\u00e4\u00dfigem Gebrauch. Wenn Sie eine zuverl\u00e4ssige, \u00e4sthetische und leicht zu lagernde L\u00f6sung suchen, erf\u00fcllen diese <strong>kalten Pappbecher<\/strong> ihre Aufgabe effizient. <\/p>\n<p class=\"ai-optimize-31\" data-start=\"1276\" data-end=\"1497\">Diese <strong>Pappbecher<\/strong> sind bereits mit <strong data-start=\"318\" data-end=\"342\">h\u00fcbschen, farbenfrohen Motiven<\/strong> versehen, die an die Welt des Sommers, der Partys und des Fastfoods erinnern. Diese <strong>Becher<\/strong> eignen sich perfekt, um m\u00fchelos eine freundliche Atmosph\u00e4re zu schaffen, und sind sowohl praktisch als auch \u00e4sthetisch ansprechend. Eine einfache, aber immer effektive Wahl, um Ihre kalten Getr\u00e4nke unter den besten Bedingungen zu servieren.  <\/p>\n<p data-start=\"1276\" data-end=\"1497\">\n<\/div>\n<\/div>\n<\/div>\n<\/div>\n<p><!--more--><\/p>\n<h4 class=\"ai-optimize-39\">Seine Vorteile :<\/h4>\n<ul>\n<li class=\"ai-optimize-40\"><strong>Bereits gedruckte Motive<\/strong>: Sommerstimmung, Imbiss, Party.<\/li>\n<li class=\"ai-optimize-41\">Ideal f\u00fcr alle kalten Getr\u00e4nke.<\/li>\n<li class=\"ai-optimize-42\">Starker, fester Karton.<\/li>\n<li class=\"ai-optimize-43\">25cl-Format, praktisch und vielseitig.<\/li>\n<li class=\"ai-optimize-44\">50er-Set, leicht zu lagern.<\/li>\n<\/ul>\n<p>&nbsp;<\/p>\n<p><!--more--><\/p>\n<h4 class=\"ai-optimize-30\">Weitere Informationen zu diesem Produkt :<\/h4>\n<ul style=\"font-family: Roboto, sans-serif;\">\n<li class=\"ai-optimize-31\"><strong>Verpackung<\/strong>: Packung mit 50 St\u00fcck<\/li>\n<li class=\"ai-optimize-32\"><strong>Unterer Durchmesser<\/strong>: 50 mm<\/li>\n<li class=\"ai-optimize-33\"><strong>Durchmesser oben<\/strong>: 77 mm<\/li>\n<li class=\"ai-optimize-34\"><strong>H\u00f6he<\/strong>: 115 mm<\/li>\n<li class=\"ai-optimize-33\"><span style=\"font-weight: bold;\">Volumen <\/span>: 25 cl<\/li>\n<li class=\"ai-optimize-33\"><strong>Farbe<\/strong>: Wei\u00df \/ Muster<\/li>\n<li class=\"ai-optimize-48\"><strong>Material<\/strong>: Karton<\/li>\n<\/ul>\n<p>&nbsp;<\/p>\n<p><!--more--><\/p>\n<p class=\"ai-optimize-45\">Diese Becher sind auch in 40 cl erh\u00e4ltlich: <span style=\"color: #d12727;\"><a style=\"color: #d12727;\" href=\"https:\/\/www.csj-emballages.com\/es\/produit\/vaso-de-papel-frio-25cl-por-50\/\">GM400CART<\/a><\/span><\/p>\n<p>&nbsp;<\/p>\n<p style=\"text-align: left;\"><!--more--><\/p>\n<p class=\"ai-optimize-34\"><a href=\"https:\/\/www.csj-emballages.com\/de\/categorie-produit\/lebensmittelverpackungen\/restauration-de\/becher-glaser-eimer-flaschen\/pappbecher\/weise-becher\/\">Sehen Sie sich den Rest unseres Sortiments an Pappbechern an<\/a><\/p>\n","protected":false},"excerpt":{"rendered":"<p>Pappbecher Beschreibung von unserem Pappbecher kalt 25cl pro 50<\/p>\n","protected":false},"featured_media":236305,"template":"","meta":{"_acf_changed":false},"product_brand":[],"product_cat":[1137,1134,1469,11575],"product_tag":[],"class_list":{"0":"post-236286","1":"product","2":"type-product","3":"status-publish","4":"has-post-thumbnail","6":"product_cat-lebensmittelverpackungen","7":"product_cat-restauration-de","8":"product_cat-becher-glaser-eimer-flaschen","9":"product_cat-smoothie-becher-aus-karton","11":"first","12":"instock","13":"taxable","14":"shipping-taxable","15":"purchasable","16":"product-type-simple"},"acf":[],"yoast_head":"<!-- This site is optimized with the Yoast SEO Premium plugin v26.6 (Yoast SEO v26.6) - https:\/\/yoast.com\/wordpress\/plugins\/seo\/ -->\n<title>Becher Karton Kalt 25cl pro 50<\/title>\n<meta name=\"description\" content=\"Pappbecher 25cl mit Sommer\/Snack-Motiven - 50 St\u00fcck. Praktisch, festlich und perfekt f\u00fcr kalte Getr\u00e4nke zum Mitnehmen oder f\u00fcr Veranstaltungen.\" \/>\n<meta name=\"robots\" content=\"index, follow, max-snippet:-1, max-image-preview:large, max-video-preview:-1\" \/>\n<link rel=\"canonical\" href=\"https:\/\/www.csj-emballages.com\/de\/produit\/pappbecher-kalt-25cl-pro-50-2\/\" \/>\n<meta property=\"og:locale\" content=\"de_DE\" \/>\n<meta property=\"og:type\" content=\"article\" \/>\n<meta property=\"og:title\" content=\"Pappbecher kalt 25cl pro 50\" \/>\n<meta property=\"og:description\" content=\"Pappbecher 25cl mit Sommer\/Snack-Motiven - 50 St\u00fcck. Praktisch, festlich und perfekt f\u00fcr kalte Getr\u00e4nke zum Mitnehmen oder f\u00fcr Veranstaltungen.\" \/>\n<meta property=\"og:url\" content=\"https:\/\/www.csj-emballages.com\/de\/produit\/pappbecher-kalt-25cl-pro-50-2\/\" \/>\n<meta property=\"og:site_name\" content=\"CSJ Emballages\" \/>\n<meta property=\"article:publisher\" content=\"https:\/\/www.facebook.com\/csjemballages\" \/>\n<meta property=\"article:modified_time\" content=\"2026-03-12T15:26:11+00:00\" \/>\n<meta property=\"og:image\" content=\"https:\/\/www.csj-emballages.com\/wp-content\/uploads\/2025\/06\/GM2533CART-1.webp\" \/>\n\t<meta property=\"og:image:width\" content=\"800\" \/>\n\t<meta property=\"og:image:height\" content=\"801\" \/>\n\t<meta property=\"og:image:type\" content=\"image\/webp\" \/>\n<meta name=\"twitter:card\" content=\"summary_large_image\" \/>\n<meta name=\"twitter:label1\" content=\"Gesch\u00e4tzte Lesezeit\" \/>\n\t<meta name=\"twitter:data1\" content=\"1\u00a0Minute\" \/>\n<script type=\"application\/ld+json\" class=\"yoast-schema-graph\">{\"@context\":\"https:\/\/schema.org\",\"@graph\":[{\"@type\":\"WebPage\",\"@id\":\"https:\/\/www.csj-emballages.com\/de\/produit\/pappbecher-kalt-25cl-pro-50-2\/\",\"url\":\"https:\/\/www.csj-emballages.com\/de\/produit\/pappbecher-kalt-25cl-pro-50-2\/\",\"name\":\"Becher Karton Kalt 25cl pro 50\",\"isPartOf\":{\"@id\":\"https:\/\/www.csj-emballages.com\/de\/#website\"},\"primaryImageOfPage\":{\"@id\":\"https:\/\/www.csj-emballages.com\/de\/produit\/pappbecher-kalt-25cl-pro-50-2\/#primaryimage\"},\"image\":{\"@id\":\"https:\/\/www.csj-emballages.com\/de\/produit\/pappbecher-kalt-25cl-pro-50-2\/#primaryimage\"},\"thumbnailUrl\":\"https:\/\/www.csj-emballages.com\/wp-content\/uploads\/2025\/06\/GM2533CART-1.webp\",\"datePublished\":\"2025-06-20T11:49:34+00:00\",\"dateModified\":\"2026-03-12T15:26:11+00:00\",\"description\":\"Pappbecher 25cl mit Sommer\/Snack-Motiven - 50 St\u00fcck. Praktisch, festlich und perfekt f\u00fcr kalte Getr\u00e4nke zum Mitnehmen oder f\u00fcr Veranstaltungen.\",\"breadcrumb\":{\"@id\":\"https:\/\/www.csj-emballages.com\/de\/produit\/pappbecher-kalt-25cl-pro-50-2\/#breadcrumb\"},\"inLanguage\":\"de\",\"potentialAction\":[{\"@type\":\"ReadAction\",\"target\":[\"https:\/\/www.csj-emballages.com\/de\/produit\/pappbecher-kalt-25cl-pro-50-2\/\"]}]},{\"@type\":\"ImageObject\",\"inLanguage\":\"de\",\"@id\":\"https:\/\/www.csj-emballages.com\/de\/produit\/pappbecher-kalt-25cl-pro-50-2\/#primaryimage\",\"url\":\"https:\/\/www.csj-emballages.com\/wp-content\/uploads\/2025\/06\/GM2533CART-1.webp\",\"contentUrl\":\"https:\/\/www.csj-emballages.com\/wp-content\/uploads\/2025\/06\/GM2533CART-1.webp\",\"width\":800,\"height\":801,\"caption\":\"Gobelet carton\"},{\"@type\":\"BreadcrumbList\",\"@id\":\"https:\/\/www.csj-emballages.com\/de\/produit\/pappbecher-kalt-25cl-pro-50-2\/#breadcrumb\",\"itemListElement\":[{\"@type\":\"ListItem\",\"position\":1,\"name\":\"Accueil\",\"item\":\"https:\/\/www.csj-emballages.com\/de\/universum-lebensmittelverpackungen\/\"},{\"@type\":\"ListItem\",\"position\":2,\"name\":\"Shop\",\"item\":\"https:\/\/www.csj-emballages.com\/shop\/\"},{\"@type\":\"ListItem\",\"position\":3,\"name\":\"Pappbecher kalt 25cl pro 50\"}]},{\"@type\":\"WebSite\",\"@id\":\"https:\/\/www.csj-emballages.com\/de\/#website\",\"url\":\"https:\/\/www.csj-emballages.com\/de\/\",\"name\":\"CSJ Emballages\",\"description\":\"\",\"publisher\":{\"@id\":\"https:\/\/www.csj-emballages.com\/de\/#organization\"},\"potentialAction\":[{\"@type\":\"SearchAction\",\"target\":{\"@type\":\"EntryPoint\",\"urlTemplate\":\"https:\/\/www.csj-emballages.com\/de\/?s={search_term_string}\"},\"query-input\":{\"@type\":\"PropertyValueSpecification\",\"valueRequired\":true,\"valueName\":\"search_term_string\"}}],\"inLanguage\":\"de\"},{\"@type\":\"Organization\",\"@id\":\"https:\/\/www.csj-emballages.com\/de\/#Organization\/\",\"name\":\"CSJ Emballages\",\"url\":\"https:\/\/www.csj-emballages.com\/de\/\",\"logo\":{\"@type\":\"ImageObject\",\"inLanguage\":\"de\",\"@id\":\"https:\/\/www.csj-emballages.com\/de\/#\/schema\/logo\/image\/\",\"url\":\"https:\/\/www.csj-emballages.com\/wp-content\/uploads\/2023\/10\/logo_csj.webp\",\"contentUrl\":\"https:\/\/www.csj-emballages.com\/wp-content\/uploads\/2023\/10\/logo_csj.webp\",\"width\":250,\"height\":95,\"caption\":\"CSJ Emballages\"},\"image\":{\"@id\":\"https:\/\/www.csj-emballages.com\/de\/#\/schema\/logo\/image\/\"},\"sameAs\":[\"https:\/\/www.facebook.com\/csjemballages\"],\"address\":{\"@type\":\"PostalAddress\",\"streetAddress\":\"ZI La Lechere\",\"addressLocality\":\"Patornay\",\"postalCode\":\"39130\",\"addressCountry\":\"FR\"},\"contactPoint\":[{\"@type\":\"ContactPoint\",\"contactType\":\"Service client\",\"telephone\":\"0384254272\",\"email\":\"contact@csj-emballages.com\"}]}]}<\/script>\n<!-- \/ Yoast SEO Premium plugin. -->","yoast_head_json":{"title":"Becher Karton Kalt 25cl pro 50","description":"Pappbecher 25cl mit Sommer\/Snack-Motiven - 50 St\u00fcck. Praktisch, festlich und perfekt f\u00fcr kalte Getr\u00e4nke zum Mitnehmen oder f\u00fcr Veranstaltungen.","robots":{"index":"index","follow":"follow","max-snippet":"max-snippet:-1","max-image-preview":"max-image-preview:large","max-video-preview":"max-video-preview:-1"},"canonical":"https:\/\/www.csj-emballages.com\/de\/produit\/pappbecher-kalt-25cl-pro-50-2\/","og_locale":"de_DE","og_type":"article","og_title":"Pappbecher kalt 25cl pro 50","og_description":"Pappbecher 25cl mit Sommer\/Snack-Motiven - 50 St\u00fcck. Praktisch, festlich und perfekt f\u00fcr kalte Getr\u00e4nke zum Mitnehmen oder f\u00fcr Veranstaltungen.","og_url":"https:\/\/www.csj-emballages.com\/de\/produit\/pappbecher-kalt-25cl-pro-50-2\/","og_site_name":"CSJ Emballages","article_publisher":"https:\/\/www.facebook.com\/csjemballages","article_modified_time":"2026-03-12T15:26:11+00:00","og_image":[{"width":800,"height":801,"url":"https:\/\/www.csj-emballages.com\/wp-content\/uploads\/2025\/06\/GM2533CART-1.webp","type":"image\/webp"}],"twitter_card":"summary_large_image","twitter_misc":{"Gesch\u00e4tzte Lesezeit":"1\u00a0Minute"},"schema":{"@context":"https:\/\/schema.org","@graph":[{"@type":"WebPage","@id":"https:\/\/www.csj-emballages.com\/de\/produit\/pappbecher-kalt-25cl-pro-50-2\/","url":"https:\/\/www.csj-emballages.com\/de\/produit\/pappbecher-kalt-25cl-pro-50-2\/","name":"Becher Karton Kalt 25cl pro 50","isPartOf":{"@id":"https:\/\/www.csj-emballages.com\/de\/#website"},"primaryImageOfPage":{"@id":"https:\/\/www.csj-emballages.com\/de\/produit\/pappbecher-kalt-25cl-pro-50-2\/#primaryimage"},"image":{"@id":"https:\/\/www.csj-emballages.com\/de\/produit\/pappbecher-kalt-25cl-pro-50-2\/#primaryimage"},"thumbnailUrl":"https:\/\/www.csj-emballages.com\/wp-content\/uploads\/2025\/06\/GM2533CART-1.webp","datePublished":"2025-06-20T11:49:34+00:00","dateModified":"2026-03-12T15:26:11+00:00","description":"Pappbecher 25cl mit Sommer\/Snack-Motiven - 50 St\u00fcck. Praktisch, festlich und perfekt f\u00fcr kalte Getr\u00e4nke zum Mitnehmen oder f\u00fcr Veranstaltungen.","breadcrumb":{"@id":"https:\/\/www.csj-emballages.com\/de\/produit\/pappbecher-kalt-25cl-pro-50-2\/#breadcrumb"},"inLanguage":"de","potentialAction":[{"@type":"ReadAction","target":["https:\/\/www.csj-emballages.com\/de\/produit\/pappbecher-kalt-25cl-pro-50-2\/"]}]},{"@type":"ImageObject","inLanguage":"de","@id":"https:\/\/www.csj-emballages.com\/de\/produit\/pappbecher-kalt-25cl-pro-50-2\/#primaryimage","url":"https:\/\/www.csj-emballages.com\/wp-content\/uploads\/2025\/06\/GM2533CART-1.webp","contentUrl":"https:\/\/www.csj-emballages.com\/wp-content\/uploads\/2025\/06\/GM2533CART-1.webp","width":800,"height":801,"caption":"Gobelet carton"},{"@type":"BreadcrumbList","@id":"https:\/\/www.csj-emballages.com\/de\/produit\/pappbecher-kalt-25cl-pro-50-2\/#breadcrumb","itemListElement":[{"@type":"ListItem","position":1,"name":"Accueil","item":"https:\/\/www.csj-emballages.com\/de\/universum-lebensmittelverpackungen\/"},{"@type":"ListItem","position":2,"name":"Shop","item":"https:\/\/www.csj-emballages.com\/shop\/"},{"@type":"ListItem","position":3,"name":"Pappbecher kalt 25cl pro 50"}]},{"@type":"WebSite","@id":"https:\/\/www.csj-emballages.com\/de\/#website","url":"https:\/\/www.csj-emballages.com\/de\/","name":"CSJ Emballages","description":"","publisher":{"@id":"https:\/\/www.csj-emballages.com\/de\/#organization"},"potentialAction":[{"@type":"SearchAction","target":{"@type":"EntryPoint","urlTemplate":"https:\/\/www.csj-emballages.com\/de\/?s={search_term_string}"},"query-input":{"@type":"PropertyValueSpecification","valueRequired":true,"valueName":"search_term_string"}}],"inLanguage":"de"},{"@type":"Organization","@id":"https:\/\/www.csj-emballages.com\/de\/#Organization\/","name":"CSJ Emballages","url":"https:\/\/www.csj-emballages.com\/de\/","logo":{"@type":"ImageObject","inLanguage":"de","@id":"https:\/\/www.csj-emballages.com\/de\/#\/schema\/logo\/image\/","url":"https:\/\/www.csj-emballages.com\/wp-content\/uploads\/2023\/10\/logo_csj.webp","contentUrl":"https:\/\/www.csj-emballages.com\/wp-content\/uploads\/2023\/10\/logo_csj.webp","width":250,"height":95,"caption":"CSJ Emballages"},"image":{"@id":"https:\/\/www.csj-emballages.com\/de\/#\/schema\/logo\/image\/"},"sameAs":["https:\/\/www.facebook.com\/csjemballages"],"address":{"@type":"PostalAddress","streetAddress":"ZI La Lechere","addressLocality":"Patornay","postalCode":"39130","addressCountry":"FR"},"contactPoint":[{"@type":"ContactPoint","contactType":"Service client","telephone":"0384254272","email":"contact@csj-emballages.com"}]}]}},"df_price":4.16,"df_sale_price":"","df_regular_price":4.16,"df_image_link":"https:\/\/www.csj-emballages.com\/wp-content\/uploads\/2025\/06\/GM2533CART-1-300x300.webp","tiered_pricing_type":"fixed","tiered_pricing_fixed_rules":[],"tiered_pricing_percentage_rules":[],"tiered_pricing_minimum":1,"tiered_pricing_roles_data":[],"_links":{"self":[{"href":"https:\/\/www.csj-emballages.com\/de\/wp-json\/wp\/v2\/product\/236286","targetHints":{"allow":["GET"]}}],"collection":[{"href":"https:\/\/www.csj-emballages.com\/de\/wp-json\/wp\/v2\/product"}],"about":[{"href":"https:\/\/www.csj-emballages.com\/de\/wp-json\/wp\/v2\/types\/product"}],"wp:featuredmedia":[{"embeddable":true,"href":"https:\/\/www.csj-emballages.com\/de\/wp-json\/wp\/v2\/media\/236305"}],"wp:attachment":[{"href":"https:\/\/www.csj-emballages.com\/de\/wp-json\/wp\/v2\/media?parent=236286"}],"wp:term":[{"taxonomy":"product_brand","embeddable":true,"href":"https:\/\/www.csj-emballages.com\/de\/wp-json\/wp\/v2\/product_brand?post=236286"},{"taxonomy":"product_cat","embeddable":true,"href":"https:\/\/www.csj-emballages.com\/de\/wp-json\/wp\/v2\/product_cat?post=236286"},{"taxonomy":"product_tag","embeddable":true,"href":"https:\/\/www.csj-emballages.com\/de\/wp-json\/wp\/v2\/product_tag?post=236286"}],"curies":[{"name":"wp","href":"https:\/\/api.w.org\/{rel}","templated":true}]}}