{"id":236255,"date":"2025-06-20T13:47:47","date_gmt":"2025-06-20T11:47:47","guid":{"rendered":"https:\/\/www.csj-emballages.com\/produit\/kraft-wrap-box-mit-fenster-150-x-93-x-53-mm-pro-50\/"},"modified":"2026-04-18T02:12:36","modified_gmt":"2026-04-18T00:12:36","slug":"kraft-wrap-box-mit-fenster-150-x-93-x-53-mm-pro-50","status":"publish","type":"product","link":"https:\/\/www.csj-emballages.com\/de\/produit\/kraft-wrap-box-mit-fenster-150-x-93-x-53-mm-pro-50\/","title":{"rendered":"Kraft Wrap Box mit Fenster 150 x 93 x 53 mm pro 50"},"content":{"rendered":"<div style=\"font-family: Roboto, sans-serif;\">\n<div style=\"font-family: Roboto, sans-serif;\">\n<div style=\"font-family: Roboto, sans-serif;\">\n<div style=\"font-family: Roboto, sans-serif;\">\n<div style=\"font-family: Roboto, sans-serif;\">\n<div style=\"font-family: Roboto, sans-serif;\">\n<div style=\"font-family: Roboto, sans-serif;\">\n<div style=\"font-family: Roboto, sans-serif;\">\n<div style=\"font-family: Roboto, sans-serif;\">\n<div style=\"font-family: Roboto, sans-serif;\">\n<div style=\"font-family: Roboto, sans-serif;\">\n<div style=\"font-family: Roboto, sans-serif;\">\n<div style=\"font-family: Roboto, sans-serif;\">\n<div class=\"flex flex-grow flex-col max-w-full\">\n<div class=\"min-h-[20px] text-message flex flex-col items-start whitespace-pre-wrap break-words [.text-message+&amp;]:mt-5 juice:w-full juice:items-end overflow-x-auto gap-2\" dir=\"auto\" data-message-author-role=\"assistant\" data-message-id=\"2034782e-88f9-44ef-b4dc-07dd7bf0115f\">\n<div class=\"flex w-full flex-col gap-1 juice:empty:hidden juice:first:pt-[3px]\">\n<div class=\"markdown prose w-full break-words dark:prose-invert light\">\n<div style=\"font-family: Roboto, sans-serif;\">\n<div style=\"font-family: Roboto, sans-serif;\">\n<div style=\"font-family: Roboto, sans-serif;\">\n<div style=\"font-family: Roboto, sans-serif;\">\n<div style=\"font-family: Roboto, sans-serif;\">\n<div style=\"font-family: Roboto, sans-serif;\">\n<h2>Wrap-Box<\/h2>\n<div style=\"font-family: Roboto, sans-serif;\">\n<div style=\"font-family: Roboto, sans-serif;\">\n<div style=\"font-family: Roboto, sans-serif;\">\n<div style=\"text-align: center;\">\n<div style=\"font-family: Roboto, sans-serif;\">\n<div style=\"font-family: Roboto, sans-serif;\">\n<div style=\"font-family: Roboto, sans-serif;\">\n<div style=\"font-family: Roboto, sans-serif;\">\n<div style=\"font-family: Roboto, sans-serif;\">\n<hr>\n<h3 style=\"font-family: Roboto, sans-serif; text-align: left;\">Beschreibung unserer Kraft Wrap Box mit Fenster 150 x 93 x 53 mm pro 50 St\u00fcck<\/h3>\n<\/div>\n<\/div>\n<\/div>\n<\/div>\n<\/div>\n<\/div>\n<\/div>\n<\/div>\n<\/div>\n<\/div>\n<\/div>\n<\/div>\n<\/div>\n<\/div>\n<\/div>\n<\/div>\n<\/div>\n<\/div>\n<\/div>\n<\/div>\n<\/div>\n<\/div>\n<\/div>\n<\/div>\n<\/div>\n<\/div>\n<\/div>\n<\/div>\n<\/div>\n<\/div>\n<\/div>\n<\/div>\n<p><!--more--><\/p>\n<div class=\"flex max-w-full flex-col flex-grow\">\n<div class=\"min-h-8 text-message flex w-full flex-col items-end gap-2 whitespace-normal break-words [.text-message+&amp;]:mt-5\" dir=\"auto\" data-message-author-role=\"assistant\" data-message-id=\"438df6e8-49a2-474e-9d5c-14a6d91e27c5\" data-client-thread-id=\"WEB:f9818d6b-cc00-47a9-ba1c-1549baa0484c\" data-message-model-slug=\"gpt-4o\">\n<div class=\"flex w-full flex-col gap-1 empty:hidden first:pt-[3px]\">\n<div class=\"markdown prose w-full break-words dark:prose-invert light\">\n<p data-start=\"353\" data-end=\"844\">Wenn Sie eine einfache und elegante M\u00f6glichkeit suchen, Ihre <strong>Wraps<\/strong> zu pr\u00e4sentieren, wird diese <strong>Kraftbox mit Fenster<\/strong> schnell zu einem Muss in Ihrem Verkaufsraum werden. Schon auf den ersten Blick inspiriert sie zu Frische: Ihre <g id=\"gid_2\">nat\u00fcrliche Farbe<\/g> hebt die Produkte hervor, w\u00e4hrend das gro\u00dfe <g id=\"gid_3\">transparente Fenster<\/g> den Blick auf den <g id=\"gid_4\">Wrap<\/g> freigibt, ohne ihn zu \u00f6ffnen. Das Ergebnis: Ihre Kunden sehen sofort, was sie kaufen, was ein Gef\u00fchl von Vertrauen schafft und noch mehr Lust auf den Geschmack macht.  <\/p>\n<p data-start=\"846\" data-end=\"1337\">Dank seines Formats von <strong data-start=\"865\" data-end=\"885\">150 x 93 x 53 mm<\/strong> nimmt es einen <strong>gro\u00dfz\u00fcgigen<\/strong>, gut gef\u00fcllten und gerade gehaltenen <strong>Wrap<\/strong> perfekt auf. Der leichte und gleichzeitig robuste <strong>Kraftkarton<\/strong> sch\u00fctzt den Inhalt und sieht dabei authentisch und modern aus. Ebenso verhindert der clevere Verschluss, dass der <strong>Wrap <\/strong>selbst beim Transport verrutscht oder umkippt. Das macht die <strong>Schachtel<\/strong> ideal f\u00fcr Take-away, Lunch Corners, Foodtrucks und Imbisse, die auf Schnelligkeit setzen, ohne auf eine ansprechende Pr\u00e4sentation zu verzichten.   <\/p>\n<p data-start=\"1339\" data-end=\"1784\">Dar\u00fcber hinaus f\u00fcgt sich diese <strong>Wrap-Schachtel<\/strong> dank ihres ungebleichten <strong>Kraftliner-Looks<\/strong> perfekt in einen verantwortungsvolleren Ansatz ein. Sie vermittelt sofort ein nat\u00fcrlicheres und koh\u00e4renteres Image f\u00fcr Einzelh\u00e4ndler, die ihre frischen Produkte oder ihr \u00f6kologisches Engagement aufwerten m\u00f6chten. Und da sie <strong data-start=\"1642\" data-end=\"1659\">in Packungen zu 50 St\u00fcck<\/strong> verkauft wird, haben Sie eine praktische Menge: genug f\u00fcr mehrere G\u00e4nge, aber nicht zu viel, um einen fl\u00fcssigen Umschlag beizubehalten.  <\/p>\n<p data-start=\"1786\" data-end=\"2012\">Zusammenfassend l\u00e4sst sich sagen, dass diese <strong>Wrap-Box<\/strong> eine einfache Verpackung in ein echtes Highlight verwandelt und so das Kundenerlebnis vom ersten Blick bis zur Verkostung verbessert.<\/p>\n<p data-start=\"1786\" data-end=\"2012\">\n<\/div>\n<\/div>\n<\/div>\n<\/div>\n<p><!--more--><\/p>\n<h4>Vorteile :<\/h4>\n<ul>\n<li data-start=\"2040\" data-end=\"2094\"><strong>Gro\u00dfes durchsichtiges Fenster<\/strong>, das das Produkt aufwertet.<\/li>\n<li data-start=\"2097\" data-end=\"2136\">Format, das f\u00fcr <strong>gro\u00dfz\u00fcgige Wraps<\/strong> gedacht ist.<\/li>\n<li data-start=\"2139\" data-end=\"2171\">Nat\u00fcrlicher und moderner Kraft-Look.<\/li>\n<li data-start=\"2174\" data-end=\"2211\">Zuverl\u00e4ssiger Verschluss f\u00fcr den Transport.<\/li>\n<li data-start=\"2214\" data-end=\"2263\">Packung mit <strong>50<\/strong> St\u00fcck, ideal f\u00fcr den beruflichen Bedarf.<\/li>\n<\/ul>\n<p>&nbsp;<\/p>\n<p><!--more--><\/p>\n<h4>Weitere Informationen :<\/h4>\n<ul style=\"font-family: Roboto, sans-serif;\">\n<li><strong>Verpackung<\/strong>: Packung mit 50 St\u00fcck<\/li>\n<li><span style=\"font-weight: bold;\">Gr\u00f6\u00dfe<\/span>: 95 x 53 (L x B in mm)<\/li>\n<li><strong>Mindesth\u00f6he<\/strong>: 110 mm<\/li>\n<li><strong>H\u00f6he<\/strong>: 152 mm<\/li>\n<li><strong>Farbe<\/strong>: Natural<\/li>\n<li><strong>Material<\/strong>: Karton \/ PLA<\/li>\n<\/ul>\n<p>&nbsp;<\/p>\n<p style=\"text-align: left;\"><!--more--><\/p>\n<p><a href=\"https:\/\/www.csj-emballages.com\/de\/categorie-produit\/lebensmittelverpackungen\/restauration-de\/dosen-schalen-beutel-konen\/frittierte-taschen-pfannkuchen-tacos-wraps\/\">Sehen Sie sich den Rest unseres Sortiments an Pommes frites- \/ Pfannkuchen- \/ Taco- \/ Wrap-Packungen an.<\/a><\/p>\n","protected":false},"excerpt":{"rendered":"<p>Wrap-Box Beschreibung unserer Kraft Wrap Box mit Fenster 150 x 93 x 53 mm pro 50 St\u00fcck<\/p>\n","protected":false},"featured_media":255924,"template":"","meta":{"_acf_changed":false},"product_brand":[],"product_cat":[1137,1134,3974,3085],"product_tag":[],"class_list":{"0":"post-236255","1":"product","2":"type-product","3":"status-publish","4":"has-post-thumbnail","6":"product_cat-lebensmittelverpackungen","7":"product_cat-restauration-de","8":"product_cat-dosen-schalen-beutel-konen","9":"product_cat-frittierte-taschen-pfannkuchen-tacos-wraps","11":"first","12":"instock","13":"taxable","14":"shipping-taxable","15":"purchasable","16":"product-type-simple"},"acf":[],"yoast_head":"<!-- This site is optimized with the Yoast SEO Premium plugin v26.6 (Yoast SEO v26.6) - https:\/\/yoast.com\/wordpress\/plugins\/seo\/ -->\n<title>Kraft Wrap Box mit Fenster 150 x 93 x 53 mm per 50<\/title>\n<meta name=\"description\" content=\"Kraft-Wrap-Box mit PLA-Fenster 150 x 93 x 53 mm - ideal f\u00fcr Wraps zum Mitnehmen. Widerstandsf\u00e4hig, recycelbar und perfekt f\u00fcr den Verkauf.\" \/>\n<meta name=\"robots\" content=\"index, follow, max-snippet:-1, max-image-preview:large, max-video-preview:-1\" \/>\n<link rel=\"canonical\" href=\"https:\/\/www.csj-emballages.com\/de\/produit\/kraft-wrap-box-mit-fenster-150-x-93-x-53-mm-pro-50\/\" \/>\n<meta property=\"og:locale\" content=\"de_DE\" \/>\n<meta property=\"og:type\" content=\"article\" \/>\n<meta property=\"og:title\" content=\"Kraft Wrap Box mit Fenster 150 x 93 x 53 mm pro 50\" \/>\n<meta property=\"og:description\" content=\"Kraft-Wrap-Box mit PLA-Fenster 150 x 93 x 53 mm - ideal f\u00fcr Wraps zum Mitnehmen. Widerstandsf\u00e4hig, recycelbar und perfekt f\u00fcr den Verkauf.\" \/>\n<meta property=\"og:url\" content=\"https:\/\/www.csj-emballages.com\/de\/produit\/kraft-wrap-box-mit-fenster-150-x-93-x-53-mm-pro-50\/\" \/>\n<meta property=\"og:site_name\" content=\"CSJ Emballages\" \/>\n<meta property=\"article:publisher\" content=\"https:\/\/www.facebook.com\/csjemballages\" \/>\n<meta property=\"article:modified_time\" content=\"2026-04-18T00:12:36+00:00\" \/>\n<meta property=\"og:image\" content=\"https:\/\/www.csj-emballages.com\/wp-content\/uploads\/2025\/06\/BPWRAP-1.webp\" \/>\n\t<meta property=\"og:image:width\" content=\"800\" \/>\n\t<meta property=\"og:image:height\" content=\"800\" \/>\n\t<meta property=\"og:image:type\" content=\"image\/webp\" \/>\n<meta name=\"twitter:card\" content=\"summary_large_image\" \/>\n<meta name=\"twitter:label1\" content=\"Gesch\u00e4tzte Lesezeit\" \/>\n\t<meta name=\"twitter:data1\" content=\"2 Minuten\" \/>\n<script type=\"application\/ld+json\" class=\"yoast-schema-graph\">{\"@context\":\"https:\/\/schema.org\",\"@graph\":[{\"@type\":\"WebPage\",\"@id\":\"https:\/\/www.csj-emballages.com\/de\/produit\/kraft-wrap-box-mit-fenster-150-x-93-x-53-mm-pro-50\/\",\"url\":\"https:\/\/www.csj-emballages.com\/de\/produit\/kraft-wrap-box-mit-fenster-150-x-93-x-53-mm-pro-50\/\",\"name\":\"Kraft Wrap Box mit Fenster 150 x 93 x 53 mm per 50\",\"isPartOf\":{\"@id\":\"https:\/\/www.csj-emballages.com\/de\/#website\"},\"primaryImageOfPage\":{\"@id\":\"https:\/\/www.csj-emballages.com\/de\/produit\/kraft-wrap-box-mit-fenster-150-x-93-x-53-mm-pro-50\/#primaryimage\"},\"image\":{\"@id\":\"https:\/\/www.csj-emballages.com\/de\/produit\/kraft-wrap-box-mit-fenster-150-x-93-x-53-mm-pro-50\/#primaryimage\"},\"thumbnailUrl\":\"https:\/\/www.csj-emballages.com\/wp-content\/uploads\/2025\/06\/BPWRAP-1.webp\",\"datePublished\":\"2025-06-20T11:47:47+00:00\",\"dateModified\":\"2026-04-18T00:12:36+00:00\",\"description\":\"Kraft-Wrap-Box mit PLA-Fenster 150 x 93 x 53 mm - ideal f\u00fcr Wraps zum Mitnehmen. Widerstandsf\u00e4hig, recycelbar und perfekt f\u00fcr den Verkauf.\",\"breadcrumb\":{\"@id\":\"https:\/\/www.csj-emballages.com\/de\/produit\/kraft-wrap-box-mit-fenster-150-x-93-x-53-mm-pro-50\/#breadcrumb\"},\"inLanguage\":\"de\",\"potentialAction\":[{\"@type\":\"ReadAction\",\"target\":[\"https:\/\/www.csj-emballages.com\/de\/produit\/kraft-wrap-box-mit-fenster-150-x-93-x-53-mm-pro-50\/\"]}]},{\"@type\":\"ImageObject\",\"inLanguage\":\"de\",\"@id\":\"https:\/\/www.csj-emballages.com\/de\/produit\/kraft-wrap-box-mit-fenster-150-x-93-x-53-mm-pro-50\/#primaryimage\",\"url\":\"https:\/\/www.csj-emballages.com\/wp-content\/uploads\/2025\/06\/BPWRAP-1.webp\",\"contentUrl\":\"https:\/\/www.csj-emballages.com\/wp-content\/uploads\/2025\/06\/BPWRAP-1.webp\",\"width\":800,\"height\":800,\"caption\":\"Boite wrap\"},{\"@type\":\"BreadcrumbList\",\"@id\":\"https:\/\/www.csj-emballages.com\/de\/produit\/kraft-wrap-box-mit-fenster-150-x-93-x-53-mm-pro-50\/#breadcrumb\",\"itemListElement\":[{\"@type\":\"ListItem\",\"position\":1,\"name\":\"Accueil\",\"item\":\"https:\/\/www.csj-emballages.com\/de\/universum-lebensmittelverpackungen\/\"},{\"@type\":\"ListItem\",\"position\":2,\"name\":\"Shop\",\"item\":\"https:\/\/www.csj-emballages.com\/shop\/\"},{\"@type\":\"ListItem\",\"position\":3,\"name\":\"Kraft Wrap Box mit Fenster 150 x 93 x 53 mm pro 50\"}]},{\"@type\":\"WebSite\",\"@id\":\"https:\/\/www.csj-emballages.com\/de\/#website\",\"url\":\"https:\/\/www.csj-emballages.com\/de\/\",\"name\":\"CSJ Emballages\",\"description\":\"\",\"publisher\":{\"@id\":\"https:\/\/www.csj-emballages.com\/de\/#organization\"},\"potentialAction\":[{\"@type\":\"SearchAction\",\"target\":{\"@type\":\"EntryPoint\",\"urlTemplate\":\"https:\/\/www.csj-emballages.com\/de\/?s={search_term_string}\"},\"query-input\":{\"@type\":\"PropertyValueSpecification\",\"valueRequired\":true,\"valueName\":\"search_term_string\"}}],\"inLanguage\":\"de\"},{\"@type\":\"Organization\",\"@id\":\"https:\/\/www.csj-emballages.com\/de\/#Organization\/\",\"name\":\"CSJ Emballages\",\"url\":\"https:\/\/www.csj-emballages.com\/de\/\",\"logo\":{\"@type\":\"ImageObject\",\"inLanguage\":\"de\",\"@id\":\"https:\/\/www.csj-emballages.com\/de\/#\/schema\/logo\/image\/\",\"url\":\"https:\/\/www.csj-emballages.com\/wp-content\/uploads\/2023\/10\/logo_csj.webp\",\"contentUrl\":\"https:\/\/www.csj-emballages.com\/wp-content\/uploads\/2023\/10\/logo_csj.webp\",\"width\":250,\"height\":95,\"caption\":\"CSJ Emballages\"},\"image\":{\"@id\":\"https:\/\/www.csj-emballages.com\/de\/#\/schema\/logo\/image\/\"},\"sameAs\":[\"https:\/\/www.facebook.com\/csjemballages\"],\"address\":{\"@type\":\"PostalAddress\",\"streetAddress\":\"ZI La Lechere\",\"addressLocality\":\"Patornay\",\"postalCode\":\"39130\",\"addressCountry\":\"FR\"},\"contactPoint\":[{\"@type\":\"ContactPoint\",\"contactType\":\"Service client\",\"telephone\":\"0384254272\",\"email\":\"contact@csj-emballages.com\"}]}]}<\/script>\n<!-- \/ Yoast SEO Premium plugin. -->","yoast_head_json":{"title":"Kraft Wrap Box mit Fenster 150 x 93 x 53 mm per 50","description":"Kraft-Wrap-Box mit PLA-Fenster 150 x 93 x 53 mm - ideal f\u00fcr Wraps zum Mitnehmen. Widerstandsf\u00e4hig, recycelbar und perfekt f\u00fcr den Verkauf.","robots":{"index":"index","follow":"follow","max-snippet":"max-snippet:-1","max-image-preview":"max-image-preview:large","max-video-preview":"max-video-preview:-1"},"canonical":"https:\/\/www.csj-emballages.com\/de\/produit\/kraft-wrap-box-mit-fenster-150-x-93-x-53-mm-pro-50\/","og_locale":"de_DE","og_type":"article","og_title":"Kraft Wrap Box mit Fenster 150 x 93 x 53 mm pro 50","og_description":"Kraft-Wrap-Box mit PLA-Fenster 150 x 93 x 53 mm - ideal f\u00fcr Wraps zum Mitnehmen. Widerstandsf\u00e4hig, recycelbar und perfekt f\u00fcr den Verkauf.","og_url":"https:\/\/www.csj-emballages.com\/de\/produit\/kraft-wrap-box-mit-fenster-150-x-93-x-53-mm-pro-50\/","og_site_name":"CSJ Emballages","article_publisher":"https:\/\/www.facebook.com\/csjemballages","article_modified_time":"2026-04-18T00:12:36+00:00","og_image":[{"width":800,"height":800,"url":"https:\/\/www.csj-emballages.com\/wp-content\/uploads\/2025\/06\/BPWRAP-1.webp","type":"image\/webp"}],"twitter_card":"summary_large_image","twitter_misc":{"Gesch\u00e4tzte Lesezeit":"2 Minuten"},"schema":{"@context":"https:\/\/schema.org","@graph":[{"@type":"WebPage","@id":"https:\/\/www.csj-emballages.com\/de\/produit\/kraft-wrap-box-mit-fenster-150-x-93-x-53-mm-pro-50\/","url":"https:\/\/www.csj-emballages.com\/de\/produit\/kraft-wrap-box-mit-fenster-150-x-93-x-53-mm-pro-50\/","name":"Kraft Wrap Box mit Fenster 150 x 93 x 53 mm per 50","isPartOf":{"@id":"https:\/\/www.csj-emballages.com\/de\/#website"},"primaryImageOfPage":{"@id":"https:\/\/www.csj-emballages.com\/de\/produit\/kraft-wrap-box-mit-fenster-150-x-93-x-53-mm-pro-50\/#primaryimage"},"image":{"@id":"https:\/\/www.csj-emballages.com\/de\/produit\/kraft-wrap-box-mit-fenster-150-x-93-x-53-mm-pro-50\/#primaryimage"},"thumbnailUrl":"https:\/\/www.csj-emballages.com\/wp-content\/uploads\/2025\/06\/BPWRAP-1.webp","datePublished":"2025-06-20T11:47:47+00:00","dateModified":"2026-04-18T00:12:36+00:00","description":"Kraft-Wrap-Box mit PLA-Fenster 150 x 93 x 53 mm - ideal f\u00fcr Wraps zum Mitnehmen. Widerstandsf\u00e4hig, recycelbar und perfekt f\u00fcr den Verkauf.","breadcrumb":{"@id":"https:\/\/www.csj-emballages.com\/de\/produit\/kraft-wrap-box-mit-fenster-150-x-93-x-53-mm-pro-50\/#breadcrumb"},"inLanguage":"de","potentialAction":[{"@type":"ReadAction","target":["https:\/\/www.csj-emballages.com\/de\/produit\/kraft-wrap-box-mit-fenster-150-x-93-x-53-mm-pro-50\/"]}]},{"@type":"ImageObject","inLanguage":"de","@id":"https:\/\/www.csj-emballages.com\/de\/produit\/kraft-wrap-box-mit-fenster-150-x-93-x-53-mm-pro-50\/#primaryimage","url":"https:\/\/www.csj-emballages.com\/wp-content\/uploads\/2025\/06\/BPWRAP-1.webp","contentUrl":"https:\/\/www.csj-emballages.com\/wp-content\/uploads\/2025\/06\/BPWRAP-1.webp","width":800,"height":800,"caption":"Boite wrap"},{"@type":"BreadcrumbList","@id":"https:\/\/www.csj-emballages.com\/de\/produit\/kraft-wrap-box-mit-fenster-150-x-93-x-53-mm-pro-50\/#breadcrumb","itemListElement":[{"@type":"ListItem","position":1,"name":"Accueil","item":"https:\/\/www.csj-emballages.com\/de\/universum-lebensmittelverpackungen\/"},{"@type":"ListItem","position":2,"name":"Shop","item":"https:\/\/www.csj-emballages.com\/shop\/"},{"@type":"ListItem","position":3,"name":"Kraft Wrap Box mit Fenster 150 x 93 x 53 mm pro 50"}]},{"@type":"WebSite","@id":"https:\/\/www.csj-emballages.com\/de\/#website","url":"https:\/\/www.csj-emballages.com\/de\/","name":"CSJ Emballages","description":"","publisher":{"@id":"https:\/\/www.csj-emballages.com\/de\/#organization"},"potentialAction":[{"@type":"SearchAction","target":{"@type":"EntryPoint","urlTemplate":"https:\/\/www.csj-emballages.com\/de\/?s={search_term_string}"},"query-input":{"@type":"PropertyValueSpecification","valueRequired":true,"valueName":"search_term_string"}}],"inLanguage":"de"},{"@type":"Organization","@id":"https:\/\/www.csj-emballages.com\/de\/#Organization\/","name":"CSJ Emballages","url":"https:\/\/www.csj-emballages.com\/de\/","logo":{"@type":"ImageObject","inLanguage":"de","@id":"https:\/\/www.csj-emballages.com\/de\/#\/schema\/logo\/image\/","url":"https:\/\/www.csj-emballages.com\/wp-content\/uploads\/2023\/10\/logo_csj.webp","contentUrl":"https:\/\/www.csj-emballages.com\/wp-content\/uploads\/2023\/10\/logo_csj.webp","width":250,"height":95,"caption":"CSJ Emballages"},"image":{"@id":"https:\/\/www.csj-emballages.com\/de\/#\/schema\/logo\/image\/"},"sameAs":["https:\/\/www.facebook.com\/csjemballages"],"address":{"@type":"PostalAddress","streetAddress":"ZI La Lechere","addressLocality":"Patornay","postalCode":"39130","addressCountry":"FR"},"contactPoint":[{"@type":"ContactPoint","contactType":"Service client","telephone":"0384254272","email":"contact@csj-emballages.com"}]}]}},"df_price":12.23,"df_sale_price":"","df_regular_price":12.23,"df_image_link":"https:\/\/www.csj-emballages.com\/wp-content\/uploads\/2025\/06\/BPWRAP-1-300x300.webp","tiered_pricing_type":"fixed","tiered_pricing_fixed_rules":[],"tiered_pricing_percentage_rules":[],"tiered_pricing_minimum":1,"tiered_pricing_roles_data":[],"_links":{"self":[{"href":"https:\/\/www.csj-emballages.com\/de\/wp-json\/wp\/v2\/product\/236255","targetHints":{"allow":["GET"]}}],"collection":[{"href":"https:\/\/www.csj-emballages.com\/de\/wp-json\/wp\/v2\/product"}],"about":[{"href":"https:\/\/www.csj-emballages.com\/de\/wp-json\/wp\/v2\/types\/product"}],"wp:featuredmedia":[{"embeddable":true,"href":"https:\/\/www.csj-emballages.com\/de\/wp-json\/wp\/v2\/media\/255924"}],"wp:attachment":[{"href":"https:\/\/www.csj-emballages.com\/de\/wp-json\/wp\/v2\/media?parent=236255"}],"wp:term":[{"taxonomy":"product_brand","embeddable":true,"href":"https:\/\/www.csj-emballages.com\/de\/wp-json\/wp\/v2\/product_brand?post=236255"},{"taxonomy":"product_cat","embeddable":true,"href":"https:\/\/www.csj-emballages.com\/de\/wp-json\/wp\/v2\/product_cat?post=236255"},{"taxonomy":"product_tag","embeddable":true,"href":"https:\/\/www.csj-emballages.com\/de\/wp-json\/wp\/v2\/product_tag?post=236255"}],"curies":[{"name":"wp","href":"https:\/\/api.w.org\/{rel}","templated":true}]}}