{"id":23618,"date":"2024-03-01T16:49:11","date_gmt":"2024-03-01T15:49:11","guid":{"rendered":"https:\/\/u15jnbdpoq.preview.infomaniak.website\/produit\/100-beutel-mit-suesswaren-boden-aus-goldfarbenem-glanzkarton-120-x-275-mm\/"},"modified":"2026-03-12T16:41:20","modified_gmt":"2026-03-12T15:41:20","slug":"100-beutel-mit-suesswaren-boden-aus-goldfarbenem-glanzkarton-120-x-275-mm","status":"publish","type":"product","link":"https:\/\/www.csj-emballages.com\/de\/produit\/100-beutel-mit-suesswaren-boden-aus-goldfarbenem-glanzkarton-120-x-275-mm\/","title":{"rendered":"Zuckerguss-S\u00fc\u00dfwarenbeutel Gold 120 x 275 mm pro 100"},"content":{"rendered":"<h2 class=\"p1\">S\u00fc\u00dfwarenbeutel<\/h2>\n<hr>\n<h3>Beschreibung von unserem Eiskonfekt Beutel Gold 120 x 275 mm pro 100<\/h3>\n<p><!--more--><\/p>\n<p data-start=\"0\" data-end=\"494\">Mit der eleganten und praktischen Verpackung <strong data-start=\"77\" data-end=\"121\">Glac\u00e9 OR 120 x 275 mm<\/strong> kommen Ihre s\u00fc\u00dfen Kreationen besonders gut zur Geltung. Dank seiner <strong data-start=\"183\" data-end=\"205\">metallischen<\/strong> Oberfl\u00e4che und seiner <strong data-start=\"221\" data-end=\"228\">matten<\/strong> Haptik, die durch eine Entmetallisierungstechnik in Verbindung mit einem mattierenden Lack erreicht wird, zieht dieser <strong>S\u00fc\u00dfwarenbeutel<\/strong> sofort die Aufmerksamkeit auf sich. Er vereint auf subtile Weise <strong data-start=\"373\" data-end=\"400\">Opazit\u00e4t und Transparenz<\/strong>, sodass Ihre S\u00fc\u00dfigkeiten der wahre Star sind und gleichzeitig perfekt gesch\u00fctzt bleiben.  <\/p>\n<p data-start=\"496\" data-end=\"958\">Da der <strong>Kunststoffbeutel<\/strong> mit einem <strong data-start=\"510\" data-end=\"534\">festen, geformten Boden<\/strong> ausgestattet ist, bietet er beim Bef\u00fcllen und Pr\u00e4sentieren eine <strong>hervorragende Stabilit\u00e4t<\/strong>. Fr\u00fcher bestand der Boden aus Karton, jetzt aus <strong data-start=\"669\" data-end=\"697\">recycelbarem Polypropylen<\/strong>, wodurch die Verpackung aus <strong data-start=\"719\" data-end=\"736\">einem einzigen Material<\/strong> besteht und somit umweltfreundlicher ist. Diese Innovation entspricht der Logik des<strong data-start=\"830\" data-end=\"847\">\u00d6kodesigns<\/strong> und erf\u00fcllt die Anforderungen des <strong data-start=\"878\" data-end=\"895\">Gesetzes AGEC 2025<\/strong>, wobei die Verpackung weiterhin vollst\u00e4ndig <strong data-start=\"924\" data-end=\"955\">f\u00fcr den Kontakt mit Lebensmitteln geeignet ist<\/strong>.  <\/p>\n<p data-start=\"960\" data-end=\"1425\">Denn ob Sie nun <strong data-start=\"975\" data-end=\"989\">Biskuit-<\/strong>, <strong data-start=\"991\" data-end=\"1006\">Schokoladen-<\/strong>, <strong data-start=\"1008\" data-end=\"1021\">Zuckerb\u00e4cker-<\/strong>, <strong data-start=\"1023\" data-end=\"1036\">Drag\u00e9-<\/strong>, <strong data-start=\"1038\" data-end=\"1051\">Nougat-<\/strong> oder <strong data-start=\"1055\" data-end=\"1068\">Konditoreibetrieb<\/strong> sind, dieser <strong>elegante Beutel<\/strong> wird zu einem Trumpf, um Ihre Produkte zu veredeln. Seine selektive Transparenz verr\u00e4t die Qualit\u00e4t Ihrer S\u00fc\u00dfwaren, w\u00e4hrend sein <strong data-start=\"1218\" data-end=\"1230\">eisgoldener<\/strong> Farbton an Raffinesse und Festlichkeit erinnert. Der Beutel eignet sich sowohl f\u00fcr handwerkliche Kreationen als auch f\u00fcr eine gr\u00f6\u00dfere Produktion, erleichtert das Einr\u00e4umen der Regale und wertet Ihre Leckereien schon auf den ersten Blick auf.  <\/p>\n<p data-start=\"1427\" data-end=\"1807\">Wenn Sie sich f\u00fcr diesen <strong>S\u00fc\u00dfwarenbeutel<\/strong> entscheiden, vereinen Sie <strong data-start=\"1465\" data-end=\"1495\">hochwertige Pr\u00e4sentation<\/strong>, <strong data-start=\"1497\" data-end=\"1510\">Zweckm\u00e4\u00dfigkeit<\/strong> und <strong data-start=\"1514\" data-end=\"1544\">Umweltengagement<\/strong>. Das Format <strong>120 x 275 mm<\/strong> eignet sich sowohl f\u00fcr kleine Sortimente als auch f\u00fcr gr\u00f6\u00dfere S\u00fc\u00dfwaren. Kurzum, eine Verpackungsl\u00f6sung, die durch ihr zeitloses Design und ihre <strong data-start=\"1727\" data-end=\"1752\">Umweltfreundlichkeit<\/strong> besticht und gleichzeitig Ihr Know-how in den Vordergrund stellt.  <\/p>\n<p data-start=\"1367\" data-end=\"1669\"><!--more--><\/p>\n<h4 data-start=\"1367\" data-end=\"1669\">Vorteile :<\/h4>\n<ul>\n<li data-start=\"1367\" data-end=\"1669\"><strong data-start=\"2005\" data-end=\"2025\">Premium-Eleganz<\/strong>: Gold-Metallic-Effekt und mattierender Lack.<\/li>\n<li data-start=\"1367\" data-end=\"1669\"><strong data-start=\"2072\" data-end=\"2095\">Verst\u00e4rkte Stabilit\u00e4t<\/strong>: geformter und fester Boden f\u00fcr eine sch\u00f6ne Pr\u00e4sentation.<\/li>\n<li data-start=\"1367\" data-end=\"1669\"><strong data-start=\"2152\" data-end=\"2166\">Umweltfreundlich<\/strong>: Mono-Material aus Polypropylen, 100 % recycelbar.<\/li>\n<li data-start=\"1367\" data-end=\"1669\"><strong data-start=\"2223\" data-end=\"2237\">Vielseitig<\/strong>: perfekt f\u00fcr S\u00fc\u00dfigkeiten, Kekse, Nougat und Schokolade.<\/li>\n<li data-start=\"1367\" data-end=\"1669\"><strong data-start=\"2302\" data-end=\"2324\">AGEC 2025-konform<\/strong>: f\u00fcr den Kontakt mit Lebensmitteln geeignet und umweltfreundlich.<\/li>\n<\/ul>\n<p>&nbsp;<\/p>\n<p><!--more--><\/p>\n<h4>Weitere Informationen :<\/h4>\n<ul>\n<li><strong>Verpackung<\/strong>: Packung mit 100 St\u00fcck<\/li>\n<li><strong>Ma\u00dfe<\/strong>: 120 x 275 mm<\/li>\n<li><strong>Farbe<\/strong>: Transparent \/ Goldmetallic<\/li>\n<li><strong>Material<\/strong>: OPP<\/li>\n<li><strong>Dicke<\/strong>: 35 Mikron<\/li>\n<\/ul>\n<p>&nbsp;<\/p>\n<p><!--more--><\/p>\n<p>Dieser Plastikbeutel ist in einer kleineren Gr\u00f6\u00dfe erh\u00e4ltlich : <span style=\"color: #d12727;\"><a style=\"color: #d12727;\" href=\"https:\/\/www.csj-emballages.com\/de\/produit\/100-beutel-mit-suesswaren-aus-goldfarbenem-glanzkarton-100-x-220-mm\/\">100 x 220 mm<\/a><\/span><\/p>\n<p>&nbsp;<\/p>\n<p><!--more--><\/p>\n<p><a href=\"https:\/\/www.csj-emballages.com\/de\/categorie-produit\/lebensmittelverpackungen\/backerei-und-konditorei\/sacke-beutel-und-papier\/beutel-fur-suswaren\/themenbeutel\/klassische-beutel\/\">Sehen Sie sich den Rest unseres Sortiments an klassischen S\u00fc\u00dfwarenbeuteln an<\/a><\/p>\n","protected":false},"excerpt":{"rendered":"<p>S\u00fc\u00dfwarenbeutel Beschreibung von unserem Eiskonfekt Beutel Gold 120 x 275 mm pro 100<\/p>\n","protected":false},"featured_media":243523,"template":"","meta":{"_acf_changed":false},"product_brand":[],"product_cat":[1137,1171,1678,1692],"product_tag":[],"class_list":{"0":"post-23618","1":"product","2":"type-product","3":"status-publish","4":"has-post-thumbnail","6":"product_cat-lebensmittelverpackungen","7":"product_cat-backerei-und-konditorei","8":"product_cat-beutel-fur-suswaren","9":"product_cat-klassische-beutel","11":"first","12":"instock","13":"taxable","14":"shipping-taxable","15":"purchasable","16":"product-type-simple"},"acf":[],"yoast_head":"<!-- This site is optimized with the Yoast SEO Premium plugin v26.6 (Yoast SEO v26.6) - https:\/\/yoast.com\/wordpress\/plugins\/seo\/ -->\n<title>Beutel Konfekt Eis Gold 120 x 275 mm pro 100<\/title>\n<meta name=\"description\" content=\"S\u00fc\u00dfwarenbeutel Glac\u00e9 OR 120 x 275 mm: elegant, recycelbar und stabil. Ideal f\u00fcr Chocolatiers, Konditoren und Patissiers.\" \/>\n<meta name=\"robots\" content=\"index, follow, max-snippet:-1, max-image-preview:large, max-video-preview:-1\" \/>\n<link rel=\"canonical\" href=\"https:\/\/www.csj-emballages.com\/de\/produit\/100-beutel-mit-suesswaren-boden-aus-goldfarbenem-glanzkarton-120-x-275-mm\/\" \/>\n<meta property=\"og:locale\" content=\"de_DE\" \/>\n<meta property=\"og:type\" content=\"article\" \/>\n<meta property=\"og:title\" content=\"Zuckerguss-S\u00fc\u00dfwarenbeutel Gold 120 x 275 mm pro 100\" \/>\n<meta property=\"og:description\" content=\"S\u00fc\u00dfwarenbeutel Glac\u00e9 OR 120 x 275 mm: elegant, recycelbar und stabil. Ideal f\u00fcr Chocolatiers, Konditoren und Patissiers.\" \/>\n<meta property=\"og:url\" content=\"https:\/\/www.csj-emballages.com\/de\/produit\/100-beutel-mit-suesswaren-boden-aus-goldfarbenem-glanzkarton-120-x-275-mm\/\" \/>\n<meta property=\"og:site_name\" content=\"CSJ Emballages\" \/>\n<meta property=\"article:publisher\" content=\"https:\/\/www.facebook.com\/csjemballages\" \/>\n<meta property=\"article:modified_time\" content=\"2026-03-12T15:41:20+00:00\" \/>\n<meta property=\"og:image\" content=\"https:\/\/www.csj-emballages.com\/wp-content\/uploads\/2024\/03\/SGLACEORT1.webp\" \/>\n\t<meta property=\"og:image:width\" content=\"800\" \/>\n\t<meta property=\"og:image:height\" content=\"800\" \/>\n\t<meta property=\"og:image:type\" content=\"image\/webp\" \/>\n<meta name=\"twitter:card\" content=\"summary_large_image\" \/>\n<meta name=\"twitter:label1\" content=\"Gesch\u00e4tzte Lesezeit\" \/>\n\t<meta name=\"twitter:data1\" content=\"2 Minuten\" \/>\n<script type=\"application\/ld+json\" class=\"yoast-schema-graph\">{\"@context\":\"https:\/\/schema.org\",\"@graph\":[{\"@type\":\"WebPage\",\"@id\":\"https:\/\/www.csj-emballages.com\/de\/produit\/100-beutel-mit-suesswaren-boden-aus-goldfarbenem-glanzkarton-120-x-275-mm\/\",\"url\":\"https:\/\/www.csj-emballages.com\/de\/produit\/100-beutel-mit-suesswaren-boden-aus-goldfarbenem-glanzkarton-120-x-275-mm\/\",\"name\":\"Beutel Konfekt Eis Gold 120 x 275 mm pro 100\",\"isPartOf\":{\"@id\":\"https:\/\/www.csj-emballages.com\/de\/#website\"},\"primaryImageOfPage\":{\"@id\":\"https:\/\/www.csj-emballages.com\/de\/produit\/100-beutel-mit-suesswaren-boden-aus-goldfarbenem-glanzkarton-120-x-275-mm\/#primaryimage\"},\"image\":{\"@id\":\"https:\/\/www.csj-emballages.com\/de\/produit\/100-beutel-mit-suesswaren-boden-aus-goldfarbenem-glanzkarton-120-x-275-mm\/#primaryimage\"},\"thumbnailUrl\":\"https:\/\/www.csj-emballages.com\/wp-content\/uploads\/2024\/03\/SGLACEORT1.webp\",\"datePublished\":\"2024-03-01T15:49:11+00:00\",\"dateModified\":\"2026-03-12T15:41:20+00:00\",\"description\":\"S\u00fc\u00dfwarenbeutel Glac\u00e9 OR 120 x 275 mm: elegant, recycelbar und stabil. Ideal f\u00fcr Chocolatiers, Konditoren und Patissiers.\",\"breadcrumb\":{\"@id\":\"https:\/\/www.csj-emballages.com\/de\/produit\/100-beutel-mit-suesswaren-boden-aus-goldfarbenem-glanzkarton-120-x-275-mm\/#breadcrumb\"},\"inLanguage\":\"de\",\"potentialAction\":[{\"@type\":\"ReadAction\",\"target\":[\"https:\/\/www.csj-emballages.com\/de\/produit\/100-beutel-mit-suesswaren-boden-aus-goldfarbenem-glanzkarton-120-x-275-mm\/\"]}]},{\"@type\":\"ImageObject\",\"inLanguage\":\"de\",\"@id\":\"https:\/\/www.csj-emballages.com\/de\/produit\/100-beutel-mit-suesswaren-boden-aus-goldfarbenem-glanzkarton-120-x-275-mm\/#primaryimage\",\"url\":\"https:\/\/www.csj-emballages.com\/wp-content\/uploads\/2024\/03\/SGLACEORT1.webp\",\"contentUrl\":\"https:\/\/www.csj-emballages.com\/wp-content\/uploads\/2024\/03\/SGLACEORT1.webp\",\"width\":800,\"height\":800,\"caption\":\"sachet confiseries\"},{\"@type\":\"BreadcrumbList\",\"@id\":\"https:\/\/www.csj-emballages.com\/de\/produit\/100-beutel-mit-suesswaren-boden-aus-goldfarbenem-glanzkarton-120-x-275-mm\/#breadcrumb\",\"itemListElement\":[{\"@type\":\"ListItem\",\"position\":1,\"name\":\"Accueil\",\"item\":\"https:\/\/www.csj-emballages.com\/de\/universum-lebensmittelverpackungen\/\"},{\"@type\":\"ListItem\",\"position\":2,\"name\":\"Shop\",\"item\":\"https:\/\/www.csj-emballages.com\/shop\/\"},{\"@type\":\"ListItem\",\"position\":3,\"name\":\"Zuckerguss-S\u00fc\u00dfwarenbeutel Gold 120 x 275 mm pro 100\"}]},{\"@type\":\"WebSite\",\"@id\":\"https:\/\/www.csj-emballages.com\/de\/#website\",\"url\":\"https:\/\/www.csj-emballages.com\/de\/\",\"name\":\"CSJ Emballages\",\"description\":\"\",\"publisher\":{\"@id\":\"https:\/\/www.csj-emballages.com\/de\/#organization\"},\"potentialAction\":[{\"@type\":\"SearchAction\",\"target\":{\"@type\":\"EntryPoint\",\"urlTemplate\":\"https:\/\/www.csj-emballages.com\/de\/?s={search_term_string}\"},\"query-input\":{\"@type\":\"PropertyValueSpecification\",\"valueRequired\":true,\"valueName\":\"search_term_string\"}}],\"inLanguage\":\"de\"},{\"@type\":\"Organization\",\"@id\":\"https:\/\/www.csj-emballages.com\/de\/#Organization\/\",\"name\":\"CSJ Emballages\",\"url\":\"https:\/\/www.csj-emballages.com\/de\/\",\"logo\":{\"@type\":\"ImageObject\",\"inLanguage\":\"de\",\"@id\":\"https:\/\/www.csj-emballages.com\/de\/#\/schema\/logo\/image\/\",\"url\":\"https:\/\/www.csj-emballages.com\/wp-content\/uploads\/2023\/10\/logo_csj.webp\",\"contentUrl\":\"https:\/\/www.csj-emballages.com\/wp-content\/uploads\/2023\/10\/logo_csj.webp\",\"width\":250,\"height\":95,\"caption\":\"CSJ Emballages\"},\"image\":{\"@id\":\"https:\/\/www.csj-emballages.com\/de\/#\/schema\/logo\/image\/\"},\"sameAs\":[\"https:\/\/www.facebook.com\/csjemballages\"],\"address\":{\"@type\":\"PostalAddress\",\"streetAddress\":\"ZI La Lechere\",\"addressLocality\":\"Patornay\",\"postalCode\":\"39130\",\"addressCountry\":\"FR\"},\"contactPoint\":[{\"@type\":\"ContactPoint\",\"contactType\":\"Service client\",\"telephone\":\"0384254272\",\"email\":\"contact@csj-emballages.com\"}]}]}<\/script>\n<!-- \/ Yoast SEO Premium plugin. -->","yoast_head_json":{"title":"Beutel Konfekt Eis Gold 120 x 275 mm pro 100","description":"S\u00fc\u00dfwarenbeutel Glac\u00e9 OR 120 x 275 mm: elegant, recycelbar und stabil. Ideal f\u00fcr Chocolatiers, Konditoren und Patissiers.","robots":{"index":"index","follow":"follow","max-snippet":"max-snippet:-1","max-image-preview":"max-image-preview:large","max-video-preview":"max-video-preview:-1"},"canonical":"https:\/\/www.csj-emballages.com\/de\/produit\/100-beutel-mit-suesswaren-boden-aus-goldfarbenem-glanzkarton-120-x-275-mm\/","og_locale":"de_DE","og_type":"article","og_title":"Zuckerguss-S\u00fc\u00dfwarenbeutel Gold 120 x 275 mm pro 100","og_description":"S\u00fc\u00dfwarenbeutel Glac\u00e9 OR 120 x 275 mm: elegant, recycelbar und stabil. Ideal f\u00fcr Chocolatiers, Konditoren und Patissiers.","og_url":"https:\/\/www.csj-emballages.com\/de\/produit\/100-beutel-mit-suesswaren-boden-aus-goldfarbenem-glanzkarton-120-x-275-mm\/","og_site_name":"CSJ Emballages","article_publisher":"https:\/\/www.facebook.com\/csjemballages","article_modified_time":"2026-03-12T15:41:20+00:00","og_image":[{"width":800,"height":800,"url":"https:\/\/www.csj-emballages.com\/wp-content\/uploads\/2024\/03\/SGLACEORT1.webp","type":"image\/webp"}],"twitter_card":"summary_large_image","twitter_misc":{"Gesch\u00e4tzte Lesezeit":"2 Minuten"},"schema":{"@context":"https:\/\/schema.org","@graph":[{"@type":"WebPage","@id":"https:\/\/www.csj-emballages.com\/de\/produit\/100-beutel-mit-suesswaren-boden-aus-goldfarbenem-glanzkarton-120-x-275-mm\/","url":"https:\/\/www.csj-emballages.com\/de\/produit\/100-beutel-mit-suesswaren-boden-aus-goldfarbenem-glanzkarton-120-x-275-mm\/","name":"Beutel Konfekt Eis Gold 120 x 275 mm pro 100","isPartOf":{"@id":"https:\/\/www.csj-emballages.com\/de\/#website"},"primaryImageOfPage":{"@id":"https:\/\/www.csj-emballages.com\/de\/produit\/100-beutel-mit-suesswaren-boden-aus-goldfarbenem-glanzkarton-120-x-275-mm\/#primaryimage"},"image":{"@id":"https:\/\/www.csj-emballages.com\/de\/produit\/100-beutel-mit-suesswaren-boden-aus-goldfarbenem-glanzkarton-120-x-275-mm\/#primaryimage"},"thumbnailUrl":"https:\/\/www.csj-emballages.com\/wp-content\/uploads\/2024\/03\/SGLACEORT1.webp","datePublished":"2024-03-01T15:49:11+00:00","dateModified":"2026-03-12T15:41:20+00:00","description":"S\u00fc\u00dfwarenbeutel Glac\u00e9 OR 120 x 275 mm: elegant, recycelbar und stabil. Ideal f\u00fcr Chocolatiers, Konditoren und Patissiers.","breadcrumb":{"@id":"https:\/\/www.csj-emballages.com\/de\/produit\/100-beutel-mit-suesswaren-boden-aus-goldfarbenem-glanzkarton-120-x-275-mm\/#breadcrumb"},"inLanguage":"de","potentialAction":[{"@type":"ReadAction","target":["https:\/\/www.csj-emballages.com\/de\/produit\/100-beutel-mit-suesswaren-boden-aus-goldfarbenem-glanzkarton-120-x-275-mm\/"]}]},{"@type":"ImageObject","inLanguage":"de","@id":"https:\/\/www.csj-emballages.com\/de\/produit\/100-beutel-mit-suesswaren-boden-aus-goldfarbenem-glanzkarton-120-x-275-mm\/#primaryimage","url":"https:\/\/www.csj-emballages.com\/wp-content\/uploads\/2024\/03\/SGLACEORT1.webp","contentUrl":"https:\/\/www.csj-emballages.com\/wp-content\/uploads\/2024\/03\/SGLACEORT1.webp","width":800,"height":800,"caption":"sachet confiseries"},{"@type":"BreadcrumbList","@id":"https:\/\/www.csj-emballages.com\/de\/produit\/100-beutel-mit-suesswaren-boden-aus-goldfarbenem-glanzkarton-120-x-275-mm\/#breadcrumb","itemListElement":[{"@type":"ListItem","position":1,"name":"Accueil","item":"https:\/\/www.csj-emballages.com\/de\/universum-lebensmittelverpackungen\/"},{"@type":"ListItem","position":2,"name":"Shop","item":"https:\/\/www.csj-emballages.com\/shop\/"},{"@type":"ListItem","position":3,"name":"Zuckerguss-S\u00fc\u00dfwarenbeutel Gold 120 x 275 mm pro 100"}]},{"@type":"WebSite","@id":"https:\/\/www.csj-emballages.com\/de\/#website","url":"https:\/\/www.csj-emballages.com\/de\/","name":"CSJ Emballages","description":"","publisher":{"@id":"https:\/\/www.csj-emballages.com\/de\/#organization"},"potentialAction":[{"@type":"SearchAction","target":{"@type":"EntryPoint","urlTemplate":"https:\/\/www.csj-emballages.com\/de\/?s={search_term_string}"},"query-input":{"@type":"PropertyValueSpecification","valueRequired":true,"valueName":"search_term_string"}}],"inLanguage":"de"},{"@type":"Organization","@id":"https:\/\/www.csj-emballages.com\/de\/#Organization\/","name":"CSJ Emballages","url":"https:\/\/www.csj-emballages.com\/de\/","logo":{"@type":"ImageObject","inLanguage":"de","@id":"https:\/\/www.csj-emballages.com\/de\/#\/schema\/logo\/image\/","url":"https:\/\/www.csj-emballages.com\/wp-content\/uploads\/2023\/10\/logo_csj.webp","contentUrl":"https:\/\/www.csj-emballages.com\/wp-content\/uploads\/2023\/10\/logo_csj.webp","width":250,"height":95,"caption":"CSJ Emballages"},"image":{"@id":"https:\/\/www.csj-emballages.com\/de\/#\/schema\/logo\/image\/"},"sameAs":["https:\/\/www.facebook.com\/csjemballages"],"address":{"@type":"PostalAddress","streetAddress":"ZI La Lechere","addressLocality":"Patornay","postalCode":"39130","addressCountry":"FR"},"contactPoint":[{"@type":"ContactPoint","contactType":"Service client","telephone":"0384254272","email":"contact@csj-emballages.com"}]}]}},"df_price":23.71,"df_sale_price":"","df_regular_price":23.71,"df_image_link":"https:\/\/www.csj-emballages.com\/wp-content\/uploads\/2024\/03\/SGLACEORT1-300x300.webp","tiered_pricing_type":"fixed","tiered_pricing_fixed_rules":[],"tiered_pricing_percentage_rules":[],"tiered_pricing_minimum":1,"tiered_pricing_roles_data":[],"_links":{"self":[{"href":"https:\/\/www.csj-emballages.com\/de\/wp-json\/wp\/v2\/product\/23618","targetHints":{"allow":["GET"]}}],"collection":[{"href":"https:\/\/www.csj-emballages.com\/de\/wp-json\/wp\/v2\/product"}],"about":[{"href":"https:\/\/www.csj-emballages.com\/de\/wp-json\/wp\/v2\/types\/product"}],"wp:featuredmedia":[{"embeddable":true,"href":"https:\/\/www.csj-emballages.com\/de\/wp-json\/wp\/v2\/media\/243523"}],"wp:attachment":[{"href":"https:\/\/www.csj-emballages.com\/de\/wp-json\/wp\/v2\/media?parent=23618"}],"wp:term":[{"taxonomy":"product_brand","embeddable":true,"href":"https:\/\/www.csj-emballages.com\/de\/wp-json\/wp\/v2\/product_brand?post=23618"},{"taxonomy":"product_cat","embeddable":true,"href":"https:\/\/www.csj-emballages.com\/de\/wp-json\/wp\/v2\/product_cat?post=23618"},{"taxonomy":"product_tag","embeddable":true,"href":"https:\/\/www.csj-emballages.com\/de\/wp-json\/wp\/v2\/product_tag?post=23618"}],"curies":[{"name":"wp","href":"https:\/\/api.w.org\/{rel}","templated":true}]}}