{"id":236155,"date":"2025-06-19T15:08:25","date_gmt":"2025-06-19T13:08:25","guid":{"rendered":"https:\/\/www.csj-emballages.com\/produit\/runde-weisse-spitze-o24-cm-pro-250\/"},"modified":"2026-04-11T02:12:44","modified_gmt":"2026-04-11T00:12:44","slug":"runde-weisse-spitze-o24-cm-pro-250","status":"publish","type":"product","link":"https:\/\/www.csj-emballages.com\/de\/produit\/runde-weisse-spitze-o24-cm-pro-250\/","title":{"rendered":"Runde wei\u00dfe Spitze \u00d824 cm pro 250"},"content":{"rendered":"<h2 class=\"p1 ai-optimize-33\">Runde wei\u00dfe Spitze<\/h2>\n<hr>\n<h3 class=\"ai-optimize-34\">Beschreibung unserer runden wei\u00dfen Spitze \u00d824 cm pro 250<\/h3>\n<p><!--more--><\/p>\n<p class=\"ai-optimize-33 ai-optimize-introduction\" data-start=\"348\" data-end=\"636\">Da bei der Pr\u00e4sentation Ihrer Produkte oder Zubereitungen jedes Detail z\u00e4hlt, sind diese <strong data-start=\"437\" data-end=\"473\">runden wei\u00dfen Spitzen \u00d824 cm<\/strong> das perfekte Accessoire, um Ihre s\u00fc\u00dfen oder salzigen Kreationen zu veredeln. Sie sind aus hochwertigem Papier gefertigt und vereinen <strong data-start=\"591\" data-end=\"603\">Eleganz<\/strong>, <strong data-start=\"605\" data-end=\"616\">Hygiene<\/strong> und <strong data-start=\"620\" data-end=\"635\">Vielseitigkeit<\/strong>. Die <strong>Spitzen<\/strong> eignen sich perfekt f\u00fcr <strong data-start=\"657\" data-end=\"670\">Caterer<\/strong>, <strong data-start=\"672\" data-end=\"697\">B\u00e4cker und Konditoren<\/strong>, <strong data-start=\"699\" data-end=\"716\">Restaurants<\/strong> und sogar f\u00fcr <strong data-start=\"729\" data-end=\"755\">anspruchsvolle Privatpersonen<\/strong>. Sie bringen eine <strong data-start=\"793\" data-end=\"809\">Torte<\/strong>, einen <strong data-start=\"814\" data-end=\"824\">Kuchen<\/strong>, eine <strong data-start=\"829\" data-end=\"852\">K\u00e4seplatte<\/strong> oder <strong data-start=\"860\" data-end=\"880\">feine Wurstwaren<\/strong> zur Geltung und sorgen gleichzeitig f\u00fcr eine saubere Trennung zwischen der Zubereitung und der Unterlage.  <\/p>\n<p class=\"ai-optimize-35\" data-start=\"967\" data-end=\"1244\">Ihr Durchmesser von <strong data-start=\"984\" data-end=\"993\">24 cm<\/strong> ist ideal f\u00fcr individuelle Pr\u00e4sentationen oder zum Teilen, auf Tellern, in Konditoreidosen oder auf Tabletts f\u00fcr Empf\u00e4nge. Dieses Format eignet sich auch f\u00fcr K\u00fchlvitrinen oder Buffets, um sofort einen Hauch von Raffinesse zu erzielen. <\/p>\n<p class=\"ai-optimize-36\" data-start=\"1246\" data-end=\"1537\">Die <strong>Spitzen<\/strong> werden in <strong data-start=\"1260\" data-end=\"1281\">Sets zu 250 St\u00fcck<\/strong> angeboten, so dass Sie bei Veranstaltungen, Catering oder Serienproduktionen immer einen guten Vorrat haben. Das fein gearbeitete Muster verleiht dem Ganzen eine <strong data-start=\"1431\" data-end=\"1464\">traditionelle und gepflegte Note<\/strong> und passt sowohl zu klassischen als auch zu modernen Wohnwelten. <\/p>\n<p class=\"ai-optimize-37\" data-start=\"1539\" data-end=\"1637\">Alles in allem ist es ein Muss f\u00fcr alle, die <strong data-start=\"1593\" data-end=\"1636\">Praktikabilit\u00e4t mit professioneller \u00c4sthetik<\/strong> verbinden m\u00f6chten.<\/p>\n<p data-start=\"1539\" data-end=\"1637\">\n<p data-start=\"100\" data-end=\"556\"><!--more--><\/p>\n<h4 class=\"ai-optimize-39\" data-start=\"100\" data-end=\"556\">Ihre Vorteile :<\/h4>\n<ul>\n<li class=\"ai-optimize-40\" data-start=\"678\" data-end=\"771\">Verleiht Ihren Pr\u00e4sentationen ein elegantes und professionelles Finish.<\/li>\n<li class=\"ai-optimize-41\" data-start=\"772\" data-end=\"865\">Vielseitiges Format \u00d824 cm, ideal f\u00fcr Kuchen und Tabletts.<\/li>\n<li class=\"ai-optimize-42\" data-start=\"866\" data-end=\"963\"><strong>Hygienisch<\/strong>: Vermeidet den direkten Kontakt mit dem Untergrund.<\/li>\n<li class=\"ai-optimize-43\" data-start=\"964\" data-end=\"1046\" data-is-only-node=\"\">Packung mit 250 St\u00fcck: kosteng\u00fcnstig f\u00fcr den regelm\u00e4\u00dfigen Gebrauch.<\/li>\n<\/ul>\n<p>&nbsp;<\/p>\n<p><!--more--><\/p>\n<h4 class=\"ai-optimize-44\" data-start=\"558\" data-end=\"575\">Weitere Informationen :<\/h4>\n<ul>\n<li class=\"ai-optimize-45\"><strong>Verpackung<\/strong>: Packung mit 250<\/li>\n<li class=\"ai-optimize-47\"><strong>Durchmesser<\/strong>: 24 cm<\/li>\n<li class=\"ai-optimize-50\"><strong>Material<\/strong>: Fettdichtes Papier<\/li>\n<li class=\"ai-optimize-40\"><strong>Grammatur<\/strong>: 55 Grs\/m\u00b2<\/li>\n<li class=\"ai-optimize-51\"><strong>Farbe<\/strong>: Wei\u00df<\/li>\n<\/ul>\n<p>&nbsp;<\/p>\n<p><!--more--><\/p>\n<p class=\"ai-optimize-41\">Hier finden Sie alle verf\u00fcgbaren Gr\u00f6\u00dfen f\u00fcr diese Spitzen : <span style=\"color: #d12727;\"><a style=\"color: #d12727;\" href=\"https:\/\/www.csj-emballages.com\/es\/produit\/250-encaje-blanco-redondo-o-22-cm\/\">\u00d822<\/a><\/span> \/ <span style=\"color: #d12727;\"><a style=\"color: #d12727;\" href=\"https:\/\/www.csj-emballages.com\/produit\/250-dentelles-rondes-blanches-o-26-cm\/\">\u00d826<\/a><\/span> \/ <span style=\"color: #d12727;\"><a style=\"color: #d12727;\" href=\"https:\/\/www.csj-emballages.com\/produit\/250-dentelle-ronde-blanche-o-27-cm-2\/\">\u00d827<\/a><\/span> \/ <span style=\"color: #d12727;\"><a style=\"color: #d12727;\" href=\"https:\/\/www.csj-emballages.com\/produit\/250-dentelles-rondes-blanches-o-27-cm\/\">\u00d828<\/a><\/span> \/ <span style=\"color: #d12727;\"><a style=\"color: #d12727;\" href=\"https:\/\/www.csj-emballages.com\/produit\/250-dentelles-rondes-blanches-o-30-cm\/\">\u00d830<\/a><\/span> \/ <span style=\"color: #d12727;\"><a style=\"color: #d12727;\" href=\"https:\/\/www.csj-emballages.com\/produit\/250-dentelles-rondes-blanches-o-40-cm\/\">\u00d840<\/a><\/span><\/p>\n<p>&nbsp;<\/p>\n<p><!--more--><\/p>\n<p class=\"ai-optimize-53\"><a href=\"https:\/\/www.csj-emballages.com\/de\/categorie-produit\/lebensmittelverpackungen\/restauration-de\/dosen-schalen-beutel-konen\/schalen-kartons\/pommes-frites-schalen-aus-karton\/\">Sehen Sie sich den Rest unseres Sortiments an Pommes frites-Schalen aus Karton an.<\/a><\/p>\n","protected":false},"excerpt":{"rendered":"<p>Runde wei\u00dfe Spitze Beschreibung unserer runden wei\u00dfen Spitze \u00d824 cm pro 250<\/p>\n","protected":false},"featured_media":236149,"template":"","meta":{"_acf_changed":false},"product_brand":[],"product_cat":[1137,1171,1925,2548,2550],"product_tag":[],"class_list":{"0":"post-236155","1":"product","2":"type-product","3":"status-publish","4":"has-post-thumbnail","6":"product_cat-lebensmittelverpackungen","7":"product_cat-backerei-und-konditorei","8":"product_cat-kuchensohlenhalter","9":"product_cat-spitzen","10":"product_cat-runde-spitzen","12":"first","13":"instock","14":"taxable","15":"shipping-taxable","16":"purchasable","17":"product-type-simple"},"acf":[],"yoast_head":"<!-- This site is optimized with the Yoast SEO Premium plugin v26.6 (Yoast SEO v26.6) - https:\/\/yoast.com\/wordpress\/plugins\/seo\/ -->\n<title>Runde Spitze Wei\u00df \u00d824 cm pro 250<\/title>\n<meta name=\"description\" content=\"Wei\u00dfe runde Spitze \u00d824 cm aus Papier - 250 St\u00fcck. Perfekt, um Ihre Torten, Tabletts und Catering-Pr\u00e4sentationen mit Eleganz zu veredeln.\" \/>\n<meta name=\"robots\" content=\"index, follow, max-snippet:-1, max-image-preview:large, max-video-preview:-1\" \/>\n<link rel=\"canonical\" href=\"https:\/\/www.csj-emballages.com\/de\/produit\/runde-weisse-spitze-o24-cm-pro-250\/\" \/>\n<meta property=\"og:locale\" content=\"de_DE\" \/>\n<meta property=\"og:type\" content=\"article\" \/>\n<meta property=\"og:title\" content=\"Runde wei\u00dfe Spitze \u00d824 cm pro 250\" \/>\n<meta property=\"og:description\" content=\"Wei\u00dfe runde Spitze \u00d824 cm aus Papier - 250 St\u00fcck. Perfekt, um Ihre Torten, Tabletts und Catering-Pr\u00e4sentationen mit Eleganz zu veredeln.\" \/>\n<meta property=\"og:url\" content=\"https:\/\/www.csj-emballages.com\/de\/produit\/runde-weisse-spitze-o24-cm-pro-250\/\" \/>\n<meta property=\"og:site_name\" content=\"CSJ Emballages\" \/>\n<meta property=\"article:publisher\" content=\"https:\/\/www.facebook.com\/csjemballages\" \/>\n<meta property=\"article:modified_time\" content=\"2026-04-11T00:12:44+00:00\" \/>\n<meta property=\"og:image\" content=\"https:\/\/www.csj-emballages.com\/wp-content\/uploads\/2025\/06\/DENT24.webp\" \/>\n\t<meta property=\"og:image:width\" content=\"800\" \/>\n\t<meta property=\"og:image:height\" content=\"800\" \/>\n\t<meta property=\"og:image:type\" content=\"image\/webp\" \/>\n<meta name=\"twitter:card\" content=\"summary_large_image\" \/>\n<meta name=\"twitter:label1\" content=\"Gesch\u00e4tzte Lesezeit\" \/>\n\t<meta name=\"twitter:data1\" content=\"1\u00a0Minute\" \/>\n<script type=\"application\/ld+json\" class=\"yoast-schema-graph\">{\"@context\":\"https:\/\/schema.org\",\"@graph\":[{\"@type\":\"WebPage\",\"@id\":\"https:\/\/www.csj-emballages.com\/de\/produit\/runde-weisse-spitze-o24-cm-pro-250\/\",\"url\":\"https:\/\/www.csj-emballages.com\/de\/produit\/runde-weisse-spitze-o24-cm-pro-250\/\",\"name\":\"Runde Spitze Wei\u00df \u00d824 cm pro 250\",\"isPartOf\":{\"@id\":\"https:\/\/www.csj-emballages.com\/de\/#website\"},\"primaryImageOfPage\":{\"@id\":\"https:\/\/www.csj-emballages.com\/de\/produit\/runde-weisse-spitze-o24-cm-pro-250\/#primaryimage\"},\"image\":{\"@id\":\"https:\/\/www.csj-emballages.com\/de\/produit\/runde-weisse-spitze-o24-cm-pro-250\/#primaryimage\"},\"thumbnailUrl\":\"https:\/\/www.csj-emballages.com\/wp-content\/uploads\/2025\/06\/DENT24.webp\",\"datePublished\":\"2025-06-19T13:08:25+00:00\",\"dateModified\":\"2026-04-11T00:12:44+00:00\",\"description\":\"Wei\u00dfe runde Spitze \u00d824 cm aus Papier - 250 St\u00fcck. Perfekt, um Ihre Torten, Tabletts und Catering-Pr\u00e4sentationen mit Eleganz zu veredeln.\",\"breadcrumb\":{\"@id\":\"https:\/\/www.csj-emballages.com\/de\/produit\/runde-weisse-spitze-o24-cm-pro-250\/#breadcrumb\"},\"inLanguage\":\"de\",\"potentialAction\":[{\"@type\":\"ReadAction\",\"target\":[\"https:\/\/www.csj-emballages.com\/de\/produit\/runde-weisse-spitze-o24-cm-pro-250\/\"]}]},{\"@type\":\"ImageObject\",\"inLanguage\":\"de\",\"@id\":\"https:\/\/www.csj-emballages.com\/de\/produit\/runde-weisse-spitze-o24-cm-pro-250\/#primaryimage\",\"url\":\"https:\/\/www.csj-emballages.com\/wp-content\/uploads\/2025\/06\/DENT24.webp\",\"contentUrl\":\"https:\/\/www.csj-emballages.com\/wp-content\/uploads\/2025\/06\/DENT24.webp\",\"width\":800,\"height\":800,\"caption\":\"Dentelle ronde blanche\"},{\"@type\":\"BreadcrumbList\",\"@id\":\"https:\/\/www.csj-emballages.com\/de\/produit\/runde-weisse-spitze-o24-cm-pro-250\/#breadcrumb\",\"itemListElement\":[{\"@type\":\"ListItem\",\"position\":1,\"name\":\"Accueil\",\"item\":\"https:\/\/www.csj-emballages.com\/de\/universum-lebensmittelverpackungen\/\"},{\"@type\":\"ListItem\",\"position\":2,\"name\":\"Shop\",\"item\":\"https:\/\/www.csj-emballages.com\/shop\/\"},{\"@type\":\"ListItem\",\"position\":3,\"name\":\"Runde wei\u00dfe Spitze \u00d824 cm pro 250\"}]},{\"@type\":\"WebSite\",\"@id\":\"https:\/\/www.csj-emballages.com\/de\/#website\",\"url\":\"https:\/\/www.csj-emballages.com\/de\/\",\"name\":\"CSJ Emballages\",\"description\":\"\",\"publisher\":{\"@id\":\"https:\/\/www.csj-emballages.com\/de\/#organization\"},\"potentialAction\":[{\"@type\":\"SearchAction\",\"target\":{\"@type\":\"EntryPoint\",\"urlTemplate\":\"https:\/\/www.csj-emballages.com\/de\/?s={search_term_string}\"},\"query-input\":{\"@type\":\"PropertyValueSpecification\",\"valueRequired\":true,\"valueName\":\"search_term_string\"}}],\"inLanguage\":\"de\"},{\"@type\":\"Organization\",\"@id\":\"https:\/\/www.csj-emballages.com\/de\/#Organization\/\",\"name\":\"CSJ Emballages\",\"url\":\"https:\/\/www.csj-emballages.com\/de\/\",\"logo\":{\"@type\":\"ImageObject\",\"inLanguage\":\"de\",\"@id\":\"https:\/\/www.csj-emballages.com\/de\/#\/schema\/logo\/image\/\",\"url\":\"https:\/\/www.csj-emballages.com\/wp-content\/uploads\/2023\/10\/logo_csj.webp\",\"contentUrl\":\"https:\/\/www.csj-emballages.com\/wp-content\/uploads\/2023\/10\/logo_csj.webp\",\"width\":250,\"height\":95,\"caption\":\"CSJ Emballages\"},\"image\":{\"@id\":\"https:\/\/www.csj-emballages.com\/de\/#\/schema\/logo\/image\/\"},\"sameAs\":[\"https:\/\/www.facebook.com\/csjemballages\"],\"address\":{\"@type\":\"PostalAddress\",\"streetAddress\":\"ZI La Lechere\",\"addressLocality\":\"Patornay\",\"postalCode\":\"39130\",\"addressCountry\":\"FR\"},\"contactPoint\":[{\"@type\":\"ContactPoint\",\"contactType\":\"Service client\",\"telephone\":\"0384254272\",\"email\":\"contact@csj-emballages.com\"}]}]}<\/script>\n<!-- \/ Yoast SEO Premium plugin. -->","yoast_head_json":{"title":"Runde Spitze Wei\u00df \u00d824 cm pro 250","description":"Wei\u00dfe runde Spitze \u00d824 cm aus Papier - 250 St\u00fcck. Perfekt, um Ihre Torten, Tabletts und Catering-Pr\u00e4sentationen mit Eleganz zu veredeln.","robots":{"index":"index","follow":"follow","max-snippet":"max-snippet:-1","max-image-preview":"max-image-preview:large","max-video-preview":"max-video-preview:-1"},"canonical":"https:\/\/www.csj-emballages.com\/de\/produit\/runde-weisse-spitze-o24-cm-pro-250\/","og_locale":"de_DE","og_type":"article","og_title":"Runde wei\u00dfe Spitze \u00d824 cm pro 250","og_description":"Wei\u00dfe runde Spitze \u00d824 cm aus Papier - 250 St\u00fcck. Perfekt, um Ihre Torten, Tabletts und Catering-Pr\u00e4sentationen mit Eleganz zu veredeln.","og_url":"https:\/\/www.csj-emballages.com\/de\/produit\/runde-weisse-spitze-o24-cm-pro-250\/","og_site_name":"CSJ Emballages","article_publisher":"https:\/\/www.facebook.com\/csjemballages","article_modified_time":"2026-04-11T00:12:44+00:00","og_image":[{"width":800,"height":800,"url":"https:\/\/www.csj-emballages.com\/wp-content\/uploads\/2025\/06\/DENT24.webp","type":"image\/webp"}],"twitter_card":"summary_large_image","twitter_misc":{"Gesch\u00e4tzte Lesezeit":"1\u00a0Minute"},"schema":{"@context":"https:\/\/schema.org","@graph":[{"@type":"WebPage","@id":"https:\/\/www.csj-emballages.com\/de\/produit\/runde-weisse-spitze-o24-cm-pro-250\/","url":"https:\/\/www.csj-emballages.com\/de\/produit\/runde-weisse-spitze-o24-cm-pro-250\/","name":"Runde Spitze Wei\u00df \u00d824 cm pro 250","isPartOf":{"@id":"https:\/\/www.csj-emballages.com\/de\/#website"},"primaryImageOfPage":{"@id":"https:\/\/www.csj-emballages.com\/de\/produit\/runde-weisse-spitze-o24-cm-pro-250\/#primaryimage"},"image":{"@id":"https:\/\/www.csj-emballages.com\/de\/produit\/runde-weisse-spitze-o24-cm-pro-250\/#primaryimage"},"thumbnailUrl":"https:\/\/www.csj-emballages.com\/wp-content\/uploads\/2025\/06\/DENT24.webp","datePublished":"2025-06-19T13:08:25+00:00","dateModified":"2026-04-11T00:12:44+00:00","description":"Wei\u00dfe runde Spitze \u00d824 cm aus Papier - 250 St\u00fcck. Perfekt, um Ihre Torten, Tabletts und Catering-Pr\u00e4sentationen mit Eleganz zu veredeln.","breadcrumb":{"@id":"https:\/\/www.csj-emballages.com\/de\/produit\/runde-weisse-spitze-o24-cm-pro-250\/#breadcrumb"},"inLanguage":"de","potentialAction":[{"@type":"ReadAction","target":["https:\/\/www.csj-emballages.com\/de\/produit\/runde-weisse-spitze-o24-cm-pro-250\/"]}]},{"@type":"ImageObject","inLanguage":"de","@id":"https:\/\/www.csj-emballages.com\/de\/produit\/runde-weisse-spitze-o24-cm-pro-250\/#primaryimage","url":"https:\/\/www.csj-emballages.com\/wp-content\/uploads\/2025\/06\/DENT24.webp","contentUrl":"https:\/\/www.csj-emballages.com\/wp-content\/uploads\/2025\/06\/DENT24.webp","width":800,"height":800,"caption":"Dentelle ronde blanche"},{"@type":"BreadcrumbList","@id":"https:\/\/www.csj-emballages.com\/de\/produit\/runde-weisse-spitze-o24-cm-pro-250\/#breadcrumb","itemListElement":[{"@type":"ListItem","position":1,"name":"Accueil","item":"https:\/\/www.csj-emballages.com\/de\/universum-lebensmittelverpackungen\/"},{"@type":"ListItem","position":2,"name":"Shop","item":"https:\/\/www.csj-emballages.com\/shop\/"},{"@type":"ListItem","position":3,"name":"Runde wei\u00dfe Spitze \u00d824 cm pro 250"}]},{"@type":"WebSite","@id":"https:\/\/www.csj-emballages.com\/de\/#website","url":"https:\/\/www.csj-emballages.com\/de\/","name":"CSJ Emballages","description":"","publisher":{"@id":"https:\/\/www.csj-emballages.com\/de\/#organization"},"potentialAction":[{"@type":"SearchAction","target":{"@type":"EntryPoint","urlTemplate":"https:\/\/www.csj-emballages.com\/de\/?s={search_term_string}"},"query-input":{"@type":"PropertyValueSpecification","valueRequired":true,"valueName":"search_term_string"}}],"inLanguage":"de"},{"@type":"Organization","@id":"https:\/\/www.csj-emballages.com\/de\/#Organization\/","name":"CSJ Emballages","url":"https:\/\/www.csj-emballages.com\/de\/","logo":{"@type":"ImageObject","inLanguage":"de","@id":"https:\/\/www.csj-emballages.com\/de\/#\/schema\/logo\/image\/","url":"https:\/\/www.csj-emballages.com\/wp-content\/uploads\/2023\/10\/logo_csj.webp","contentUrl":"https:\/\/www.csj-emballages.com\/wp-content\/uploads\/2023\/10\/logo_csj.webp","width":250,"height":95,"caption":"CSJ Emballages"},"image":{"@id":"https:\/\/www.csj-emballages.com\/de\/#\/schema\/logo\/image\/"},"sameAs":["https:\/\/www.facebook.com\/csjemballages"],"address":{"@type":"PostalAddress","streetAddress":"ZI La Lechere","addressLocality":"Patornay","postalCode":"39130","addressCountry":"FR"},"contactPoint":[{"@type":"ContactPoint","contactType":"Service client","telephone":"0384254272","email":"contact@csj-emballages.com"}]}]}},"df_price":8.29,"df_sale_price":"","df_regular_price":8.29,"df_image_link":"https:\/\/www.csj-emballages.com\/wp-content\/uploads\/2025\/06\/DENT24-300x300.webp","tiered_pricing_type":"fixed","tiered_pricing_fixed_rules":[],"tiered_pricing_percentage_rules":[],"tiered_pricing_minimum":1,"tiered_pricing_roles_data":[],"_links":{"self":[{"href":"https:\/\/www.csj-emballages.com\/de\/wp-json\/wp\/v2\/product\/236155","targetHints":{"allow":["GET"]}}],"collection":[{"href":"https:\/\/www.csj-emballages.com\/de\/wp-json\/wp\/v2\/product"}],"about":[{"href":"https:\/\/www.csj-emballages.com\/de\/wp-json\/wp\/v2\/types\/product"}],"wp:featuredmedia":[{"embeddable":true,"href":"https:\/\/www.csj-emballages.com\/de\/wp-json\/wp\/v2\/media\/236149"}],"wp:attachment":[{"href":"https:\/\/www.csj-emballages.com\/de\/wp-json\/wp\/v2\/media?parent=236155"}],"wp:term":[{"taxonomy":"product_brand","embeddable":true,"href":"https:\/\/www.csj-emballages.com\/de\/wp-json\/wp\/v2\/product_brand?post=236155"},{"taxonomy":"product_cat","embeddable":true,"href":"https:\/\/www.csj-emballages.com\/de\/wp-json\/wp\/v2\/product_cat?post=236155"},{"taxonomy":"product_tag","embeddable":true,"href":"https:\/\/www.csj-emballages.com\/de\/wp-json\/wp\/v2\/product_tag?post=236155"}],"curies":[{"name":"wp","href":"https:\/\/api.w.org\/{rel}","templated":true}]}}