{"id":236116,"date":"2025-06-19T15:06:31","date_gmt":"2025-06-19T13:06:31","guid":{"rendered":"https:\/\/www.csj-emballages.com\/produit\/patisserie-kiste-mit-griff-morgan-farbig-11-x-10-5-x-5-cm-pro-50\/"},"modified":"2026-04-10T02:12:49","modified_gmt":"2026-04-10T00:12:49","slug":"patisserie-kiste-mit-griff-morgan-farbig-11-x-10-5-x-5-cm-pro-50","status":"publish","type":"product","link":"https:\/\/www.csj-emballages.com\/de\/produit\/patisserie-kiste-mit-griff-morgan-farbig-11-x-10-5-x-5-cm-pro-50\/","title":{"rendered":"Patisserie-Kiste mit Griff Morgan farbig 11 x 10.5 x 5 cm pro 50"},"content":{"rendered":"<h2 class=\"p1 ai-optimize-26 ai-optimize-introduction\">Geb\u00e4ckkiste<\/h2>\n<hr>\n<h3 class=\"ai-optimize-34\">Beschreibung unserer Patisseriekiste mit Griff Morgan farbig 11 x 10.5 x 5 cm pro 50 St\u00fcck<\/h3>\n<p><!--more--><\/p>\n<p class=\"ai-optimize-28 ai-optimize-introduction\" data-start=\"374\" data-end=\"674\">Diese speziell f\u00fcr professionelle Konditoren, Caterer, B\u00e4ckereien oder auch passionierte Privatpersonen entwickelte <strong>Patisserie-Kiste<\/strong> ist ideal, um <strong data-start=\"537\" data-end=\"603\">Ihre individuellen Kreationen zu verpacken, zu transportieren und aufzuwerten<\/strong>: S\u00fc\u00dfspeisen, Kuchenst\u00fccke, Torten, Mignardises oder s\u00fc\u00dfe Leckereien.<\/p>\n<p class=\"ai-optimize-29\" data-start=\"676\" data-end=\"996\">Mit seinem <strong data-start=\"685\" data-end=\"725\">kompakten Format von 11 x 10,5 x 5 cm<\/strong> bietet er perfekt Platz f\u00fcr ein einzelnes Geb\u00e4ckst\u00fcck. Dank des <strong data-start=\"787\" data-end=\"807\">integrierten Griffs<\/strong> ist sie ultrapraktisch zum Mitnehmen und erspart zus\u00e4tzliche T\u00fcten. Das <strong>farbenfrohe<\/strong> und festliche <strong>Design<\/strong> \u00fcberzeugt auf den ersten Blick.  <\/p>\n<p class=\"ai-optimize-30\" data-start=\"998\" data-end=\"1285\">Diese <strong>Kiste<\/strong> ist aus lebensmittelechtem <strong>Hartkarton<\/strong> gefertigt und sorgt f\u00fcr einen festen Halt und optimale Sicherheit beim Transport. Sie wird <strong data-start=\"1144\" data-end=\"1162\">flach geliefert<\/strong>, was bei der Lagerung <strong data-start=\"1181\" data-end=\"1211\">viel Platz spart<\/strong>, und l\u00e4sst sich <strong data-start=\"1231\" data-end=\"1261\">in wenigen Sekunden<\/strong> ohne Klebstoff oder Klammern <strong data-start=\"1231\" data-end=\"1261\">aufstellen<\/strong>. <\/p>\n<p class=\"ai-optimize-31\" data-start=\"1287\" data-end=\"1429\">Diese Kiste eignet sich perfekt f\u00fcr Veranstaltungen, Schaufenster, Mitnahmeverk\u00e4ufe oder Feinschmeckergeschenke und vereint \u00c4sthetik und Funktionalit\u00e4t.<\/p>\n<p class=\"ai-optimize-32\" data-start=\"1431\" data-end=\"1551\">Eine clevere, stilvolle und professionelle Verpackung, die dazu gedacht ist, Ihre Backwaren zu verfeinern und gleichzeitig Ihren Alltag zu vereinfachen<strong data-start=\"1431\" data-end=\"1551\">.<\/strong><\/p>\n<p><!--more--><\/p>\n<h4 class=\"ai-optimize-37\"><strong>Seine Vorteile :<\/strong><\/h4>\n<ul>\n<li class=\"ai-optimize-38\">Diese Geb\u00e4ckkisten haben einen integrierten Griff, der praktisch f\u00fcr den Transport ist.<\/li>\n<li class=\"ai-optimize-39\"><strong>Starrer Karton<\/strong>: guter Halt und Sicherheit der Produkte.<\/li>\n<li class=\"ai-optimize-40\"><strong>Farbiges Design<\/strong>: wertet Ihre Backkreationen auf.<\/li>\n<li class=\"ai-optimize-42\"><strong>Flach geliefert<\/strong>: spart Platz bei der Lagerung.<\/li>\n<li class=\"ai-optimize-46\">Ideales Format f\u00fcr individuelles Geb\u00e4ck.<\/li>\n<\/ul>\n<p>&nbsp;<\/p>\n<p><!--more--><\/p>\n<h4 class=\"ai-optimize-44\">Weitere Informationen :<\/h4>\n<ul>\n<li class=\"ai-optimize-45\"><strong>Verpackung<\/strong>: Packung mit 50 St\u00fcck<\/li>\n<li class=\"ai-optimize-36\"><strong>Ma\u00dfe<\/strong>: 11 x 10,5 x 5 (L x B x H in cm)<\/li>\n<li class=\"ai-optimize-47\"><b>Material <\/b>: Karton<\/li>\n<li class=\"ai-optimize-37\"><strong>Modell<\/strong>: Morgan<\/li>\n<li class=\"ai-optimize-38\"><strong>Farbe<\/strong>: Wei\u00df \/ Schwarz \/ Pink<\/li>\n<\/ul>\n<p>&nbsp;<\/p>\n<p><!--more--><\/p>\n<p class=\"ai-optimize-34\">Hier finden Sie unsere Patisserie-Kiste mit farbigem Morgan-Griff, 10 x 18 x 7 cm: <span style=\"color: #d12727;\"><a style=\"color: #d12727;\" href=\"https:\/\/www.csj-emballages.com\/es\/produit\/estuche-de-reposteria-con-asa-morgan-de-color-10-x-18-x-7-cm-x-50\/\">CPP1018MOR<\/a><\/span><\/p>\n<p>&nbsp;<\/p>\n<p><!--more--><\/p>\n<p class=\"ai-optimize-41\"><a href=\"https:\/\/www.csj-emballages.com\/de\/categorie-produit\/lebensmittelverpackungen\/backerei-und-konditorei\/kisten-de\/gebackkisten-mit-griffen\/farbige-gebackkisten\/\">Sehen Sie sich den Rest unseres Sortiments an farbigen Geb\u00e4ckkisten an.<\/a><\/p>\n","protected":false},"excerpt":{"rendered":"<p>Geb\u00e4ckkiste Beschreibung unserer Patisseriekiste mit Griff Morgan farbig 11 x 10.5 x 5 cm pro 50 St\u00fcck<\/p>\n","protected":false},"featured_media":236111,"template":"","meta":{"_acf_changed":false},"product_brand":[],"product_cat":[1137,1171,3965,1243,1244],"product_tag":[],"class_list":{"0":"post-236116","1":"product","2":"type-product","3":"status-publish","4":"has-post-thumbnail","6":"product_cat-lebensmittelverpackungen","7":"product_cat-backerei-und-konditorei","8":"product_cat-kisten-de","9":"product_cat-gebackkisten-mit-griffen","10":"product_cat-farbige-gebackkisten","12":"first","13":"instock","14":"taxable","15":"shipping-taxable","16":"purchasable","17":"product-type-simple"},"acf":[],"yoast_head":"<!-- This site is optimized with the Yoast SEO Premium plugin v26.6 (Yoast SEO v26.6) - https:\/\/yoast.com\/wordpress\/plugins\/seo\/ -->\n<title>Patisserie-Kiste mit Morgan-Griff 11 x 10.5 x 5 cm per 50<\/title>\n<meta name=\"description\" content=\"Patisserie-Kiste mit farbigem Morgan-Griff (11 x 10,5 x 5 cm). Ideal f\u00fcr Ihre individuellen Desserts. Im Set mit 50 St\u00fcck. Praktisch, stabil und elegant.\" \/>\n<meta name=\"robots\" content=\"index, follow, max-snippet:-1, max-image-preview:large, max-video-preview:-1\" \/>\n<link rel=\"canonical\" href=\"https:\/\/www.csj-emballages.com\/de\/produit\/patisserie-kiste-mit-griff-morgan-farbig-11-x-10-5-x-5-cm-pro-50\/\" \/>\n<meta property=\"og:locale\" content=\"de_DE\" \/>\n<meta property=\"og:type\" content=\"article\" \/>\n<meta property=\"og:title\" content=\"Patisserie-Kiste mit Griff Morgan farbig 11 x 10.5 x 5 cm pro 50\" \/>\n<meta property=\"og:description\" content=\"Patisserie-Kiste mit farbigem Morgan-Griff (11 x 10,5 x 5 cm). Ideal f\u00fcr Ihre individuellen Desserts. Im Set mit 50 St\u00fcck. Praktisch, stabil und elegant.\" \/>\n<meta property=\"og:url\" content=\"https:\/\/www.csj-emballages.com\/de\/produit\/patisserie-kiste-mit-griff-morgan-farbig-11-x-10-5-x-5-cm-pro-50\/\" \/>\n<meta property=\"og:site_name\" content=\"CSJ Emballages\" \/>\n<meta property=\"article:publisher\" content=\"https:\/\/www.facebook.com\/csjemballages\" \/>\n<meta property=\"article:modified_time\" content=\"2026-04-10T00:12:49+00:00\" \/>\n<meta property=\"og:image\" content=\"https:\/\/www.csj-emballages.com\/wp-content\/uploads\/2025\/06\/CPP1010MOR.webp\" \/>\n\t<meta property=\"og:image:width\" content=\"800\" \/>\n\t<meta property=\"og:image:height\" content=\"799\" \/>\n\t<meta property=\"og:image:type\" content=\"image\/webp\" \/>\n<meta name=\"twitter:card\" content=\"summary_large_image\" \/>\n<meta name=\"twitter:label1\" content=\"Gesch\u00e4tzte Lesezeit\" \/>\n\t<meta name=\"twitter:data1\" content=\"1\u00a0Minute\" \/>\n<script type=\"application\/ld+json\" class=\"yoast-schema-graph\">{\"@context\":\"https:\/\/schema.org\",\"@graph\":[{\"@type\":\"WebPage\",\"@id\":\"https:\/\/www.csj-emballages.com\/de\/produit\/patisserie-kiste-mit-griff-morgan-farbig-11-x-10-5-x-5-cm-pro-50\/\",\"url\":\"https:\/\/www.csj-emballages.com\/de\/produit\/patisserie-kiste-mit-griff-morgan-farbig-11-x-10-5-x-5-cm-pro-50\/\",\"name\":\"Patisserie-Kiste mit Morgan-Griff 11 x 10.5 x 5 cm per 50\",\"isPartOf\":{\"@id\":\"https:\/\/www.csj-emballages.com\/de\/#website\"},\"primaryImageOfPage\":{\"@id\":\"https:\/\/www.csj-emballages.com\/de\/produit\/patisserie-kiste-mit-griff-morgan-farbig-11-x-10-5-x-5-cm-pro-50\/#primaryimage\"},\"image\":{\"@id\":\"https:\/\/www.csj-emballages.com\/de\/produit\/patisserie-kiste-mit-griff-morgan-farbig-11-x-10-5-x-5-cm-pro-50\/#primaryimage\"},\"thumbnailUrl\":\"https:\/\/www.csj-emballages.com\/wp-content\/uploads\/2025\/06\/CPP1010MOR.webp\",\"datePublished\":\"2025-06-19T13:06:31+00:00\",\"dateModified\":\"2026-04-10T00:12:49+00:00\",\"description\":\"Patisserie-Kiste mit farbigem Morgan-Griff (11 x 10,5 x 5 cm). Ideal f\u00fcr Ihre individuellen Desserts. Im Set mit 50 St\u00fcck. Praktisch, stabil und elegant.\",\"breadcrumb\":{\"@id\":\"https:\/\/www.csj-emballages.com\/de\/produit\/patisserie-kiste-mit-griff-morgan-farbig-11-x-10-5-x-5-cm-pro-50\/#breadcrumb\"},\"inLanguage\":\"de\",\"potentialAction\":[{\"@type\":\"ReadAction\",\"target\":[\"https:\/\/www.csj-emballages.com\/de\/produit\/patisserie-kiste-mit-griff-morgan-farbig-11-x-10-5-x-5-cm-pro-50\/\"]}]},{\"@type\":\"ImageObject\",\"inLanguage\":\"de\",\"@id\":\"https:\/\/www.csj-emballages.com\/de\/produit\/patisserie-kiste-mit-griff-morgan-farbig-11-x-10-5-x-5-cm-pro-50\/#primaryimage\",\"url\":\"https:\/\/www.csj-emballages.com\/wp-content\/uploads\/2025\/06\/CPP1010MOR.webp\",\"contentUrl\":\"https:\/\/www.csj-emballages.com\/wp-content\/uploads\/2025\/06\/CPP1010MOR.webp\",\"width\":800,\"height\":799,\"caption\":\"Caissette p\u00e2tissi\u00e8re\"},{\"@type\":\"BreadcrumbList\",\"@id\":\"https:\/\/www.csj-emballages.com\/de\/produit\/patisserie-kiste-mit-griff-morgan-farbig-11-x-10-5-x-5-cm-pro-50\/#breadcrumb\",\"itemListElement\":[{\"@type\":\"ListItem\",\"position\":1,\"name\":\"Accueil\",\"item\":\"https:\/\/www.csj-emballages.com\/de\/universum-lebensmittelverpackungen\/\"},{\"@type\":\"ListItem\",\"position\":2,\"name\":\"Shop\",\"item\":\"https:\/\/www.csj-emballages.com\/shop\/\"},{\"@type\":\"ListItem\",\"position\":3,\"name\":\"Patisserie-Kiste mit Griff Morgan farbig 11 x 10.5 x 5 cm pro 50\"}]},{\"@type\":\"WebSite\",\"@id\":\"https:\/\/www.csj-emballages.com\/de\/#website\",\"url\":\"https:\/\/www.csj-emballages.com\/de\/\",\"name\":\"CSJ Emballages\",\"description\":\"\",\"publisher\":{\"@id\":\"https:\/\/www.csj-emballages.com\/de\/#organization\"},\"potentialAction\":[{\"@type\":\"SearchAction\",\"target\":{\"@type\":\"EntryPoint\",\"urlTemplate\":\"https:\/\/www.csj-emballages.com\/de\/?s={search_term_string}\"},\"query-input\":{\"@type\":\"PropertyValueSpecification\",\"valueRequired\":true,\"valueName\":\"search_term_string\"}}],\"inLanguage\":\"de\"},{\"@type\":\"Organization\",\"@id\":\"https:\/\/www.csj-emballages.com\/de\/#Organization\/\",\"name\":\"CSJ Emballages\",\"url\":\"https:\/\/www.csj-emballages.com\/de\/\",\"logo\":{\"@type\":\"ImageObject\",\"inLanguage\":\"de\",\"@id\":\"https:\/\/www.csj-emballages.com\/de\/#\/schema\/logo\/image\/\",\"url\":\"https:\/\/www.csj-emballages.com\/wp-content\/uploads\/2023\/10\/logo_csj.webp\",\"contentUrl\":\"https:\/\/www.csj-emballages.com\/wp-content\/uploads\/2023\/10\/logo_csj.webp\",\"width\":250,\"height\":95,\"caption\":\"CSJ Emballages\"},\"image\":{\"@id\":\"https:\/\/www.csj-emballages.com\/de\/#\/schema\/logo\/image\/\"},\"sameAs\":[\"https:\/\/www.facebook.com\/csjemballages\"],\"address\":{\"@type\":\"PostalAddress\",\"streetAddress\":\"ZI La Lechere\",\"addressLocality\":\"Patornay\",\"postalCode\":\"39130\",\"addressCountry\":\"FR\"},\"contactPoint\":[{\"@type\":\"ContactPoint\",\"contactType\":\"Service client\",\"telephone\":\"0384254272\",\"email\":\"contact@csj-emballages.com\"}]}]}<\/script>\n<!-- \/ Yoast SEO Premium plugin. -->","yoast_head_json":{"title":"Patisserie-Kiste mit Morgan-Griff 11 x 10.5 x 5 cm per 50","description":"Patisserie-Kiste mit farbigem Morgan-Griff (11 x 10,5 x 5 cm). Ideal f\u00fcr Ihre individuellen Desserts. Im Set mit 50 St\u00fcck. Praktisch, stabil und elegant.","robots":{"index":"index","follow":"follow","max-snippet":"max-snippet:-1","max-image-preview":"max-image-preview:large","max-video-preview":"max-video-preview:-1"},"canonical":"https:\/\/www.csj-emballages.com\/de\/produit\/patisserie-kiste-mit-griff-morgan-farbig-11-x-10-5-x-5-cm-pro-50\/","og_locale":"de_DE","og_type":"article","og_title":"Patisserie-Kiste mit Griff Morgan farbig 11 x 10.5 x 5 cm pro 50","og_description":"Patisserie-Kiste mit farbigem Morgan-Griff (11 x 10,5 x 5 cm). Ideal f\u00fcr Ihre individuellen Desserts. Im Set mit 50 St\u00fcck. Praktisch, stabil und elegant.","og_url":"https:\/\/www.csj-emballages.com\/de\/produit\/patisserie-kiste-mit-griff-morgan-farbig-11-x-10-5-x-5-cm-pro-50\/","og_site_name":"CSJ Emballages","article_publisher":"https:\/\/www.facebook.com\/csjemballages","article_modified_time":"2026-04-10T00:12:49+00:00","og_image":[{"width":800,"height":799,"url":"https:\/\/www.csj-emballages.com\/wp-content\/uploads\/2025\/06\/CPP1010MOR.webp","type":"image\/webp"}],"twitter_card":"summary_large_image","twitter_misc":{"Gesch\u00e4tzte Lesezeit":"1\u00a0Minute"},"schema":{"@context":"https:\/\/schema.org","@graph":[{"@type":"WebPage","@id":"https:\/\/www.csj-emballages.com\/de\/produit\/patisserie-kiste-mit-griff-morgan-farbig-11-x-10-5-x-5-cm-pro-50\/","url":"https:\/\/www.csj-emballages.com\/de\/produit\/patisserie-kiste-mit-griff-morgan-farbig-11-x-10-5-x-5-cm-pro-50\/","name":"Patisserie-Kiste mit Morgan-Griff 11 x 10.5 x 5 cm per 50","isPartOf":{"@id":"https:\/\/www.csj-emballages.com\/de\/#website"},"primaryImageOfPage":{"@id":"https:\/\/www.csj-emballages.com\/de\/produit\/patisserie-kiste-mit-griff-morgan-farbig-11-x-10-5-x-5-cm-pro-50\/#primaryimage"},"image":{"@id":"https:\/\/www.csj-emballages.com\/de\/produit\/patisserie-kiste-mit-griff-morgan-farbig-11-x-10-5-x-5-cm-pro-50\/#primaryimage"},"thumbnailUrl":"https:\/\/www.csj-emballages.com\/wp-content\/uploads\/2025\/06\/CPP1010MOR.webp","datePublished":"2025-06-19T13:06:31+00:00","dateModified":"2026-04-10T00:12:49+00:00","description":"Patisserie-Kiste mit farbigem Morgan-Griff (11 x 10,5 x 5 cm). Ideal f\u00fcr Ihre individuellen Desserts. Im Set mit 50 St\u00fcck. Praktisch, stabil und elegant.","breadcrumb":{"@id":"https:\/\/www.csj-emballages.com\/de\/produit\/patisserie-kiste-mit-griff-morgan-farbig-11-x-10-5-x-5-cm-pro-50\/#breadcrumb"},"inLanguage":"de","potentialAction":[{"@type":"ReadAction","target":["https:\/\/www.csj-emballages.com\/de\/produit\/patisserie-kiste-mit-griff-morgan-farbig-11-x-10-5-x-5-cm-pro-50\/"]}]},{"@type":"ImageObject","inLanguage":"de","@id":"https:\/\/www.csj-emballages.com\/de\/produit\/patisserie-kiste-mit-griff-morgan-farbig-11-x-10-5-x-5-cm-pro-50\/#primaryimage","url":"https:\/\/www.csj-emballages.com\/wp-content\/uploads\/2025\/06\/CPP1010MOR.webp","contentUrl":"https:\/\/www.csj-emballages.com\/wp-content\/uploads\/2025\/06\/CPP1010MOR.webp","width":800,"height":799,"caption":"Caissette p\u00e2tissi\u00e8re"},{"@type":"BreadcrumbList","@id":"https:\/\/www.csj-emballages.com\/de\/produit\/patisserie-kiste-mit-griff-morgan-farbig-11-x-10-5-x-5-cm-pro-50\/#breadcrumb","itemListElement":[{"@type":"ListItem","position":1,"name":"Accueil","item":"https:\/\/www.csj-emballages.com\/de\/universum-lebensmittelverpackungen\/"},{"@type":"ListItem","position":2,"name":"Shop","item":"https:\/\/www.csj-emballages.com\/shop\/"},{"@type":"ListItem","position":3,"name":"Patisserie-Kiste mit Griff Morgan farbig 11 x 10.5 x 5 cm pro 50"}]},{"@type":"WebSite","@id":"https:\/\/www.csj-emballages.com\/de\/#website","url":"https:\/\/www.csj-emballages.com\/de\/","name":"CSJ Emballages","description":"","publisher":{"@id":"https:\/\/www.csj-emballages.com\/de\/#organization"},"potentialAction":[{"@type":"SearchAction","target":{"@type":"EntryPoint","urlTemplate":"https:\/\/www.csj-emballages.com\/de\/?s={search_term_string}"},"query-input":{"@type":"PropertyValueSpecification","valueRequired":true,"valueName":"search_term_string"}}],"inLanguage":"de"},{"@type":"Organization","@id":"https:\/\/www.csj-emballages.com\/de\/#Organization\/","name":"CSJ Emballages","url":"https:\/\/www.csj-emballages.com\/de\/","logo":{"@type":"ImageObject","inLanguage":"de","@id":"https:\/\/www.csj-emballages.com\/de\/#\/schema\/logo\/image\/","url":"https:\/\/www.csj-emballages.com\/wp-content\/uploads\/2023\/10\/logo_csj.webp","contentUrl":"https:\/\/www.csj-emballages.com\/wp-content\/uploads\/2023\/10\/logo_csj.webp","width":250,"height":95,"caption":"CSJ Emballages"},"image":{"@id":"https:\/\/www.csj-emballages.com\/de\/#\/schema\/logo\/image\/"},"sameAs":["https:\/\/www.facebook.com\/csjemballages"],"address":{"@type":"PostalAddress","streetAddress":"ZI La Lechere","addressLocality":"Patornay","postalCode":"39130","addressCountry":"FR"},"contactPoint":[{"@type":"ContactPoint","contactType":"Service client","telephone":"0384254272","email":"contact@csj-emballages.com"}]}]}},"df_price":14.18,"df_sale_price":"","df_regular_price":14.18,"df_image_link":"https:\/\/www.csj-emballages.com\/wp-content\/uploads\/2025\/06\/CPP1010MOR-300x300.webp","tiered_pricing_type":"fixed","tiered_pricing_fixed_rules":[],"tiered_pricing_percentage_rules":[],"tiered_pricing_minimum":1,"tiered_pricing_roles_data":[],"_links":{"self":[{"href":"https:\/\/www.csj-emballages.com\/de\/wp-json\/wp\/v2\/product\/236116","targetHints":{"allow":["GET"]}}],"collection":[{"href":"https:\/\/www.csj-emballages.com\/de\/wp-json\/wp\/v2\/product"}],"about":[{"href":"https:\/\/www.csj-emballages.com\/de\/wp-json\/wp\/v2\/types\/product"}],"wp:featuredmedia":[{"embeddable":true,"href":"https:\/\/www.csj-emballages.com\/de\/wp-json\/wp\/v2\/media\/236111"}],"wp:attachment":[{"href":"https:\/\/www.csj-emballages.com\/de\/wp-json\/wp\/v2\/media?parent=236116"}],"wp:term":[{"taxonomy":"product_brand","embeddable":true,"href":"https:\/\/www.csj-emballages.com\/de\/wp-json\/wp\/v2\/product_brand?post=236116"},{"taxonomy":"product_cat","embeddable":true,"href":"https:\/\/www.csj-emballages.com\/de\/wp-json\/wp\/v2\/product_cat?post=236116"},{"taxonomy":"product_tag","embeddable":true,"href":"https:\/\/www.csj-emballages.com\/de\/wp-json\/wp\/v2\/product_tag?post=236116"}],"curies":[{"name":"wp","href":"https:\/\/api.w.org\/{rel}","templated":true}]}}