{"id":23603,"date":"2024-03-01T16:49:13","date_gmt":"2024-03-01T15:49:13","guid":{"rendered":"https:\/\/u15jnbdpoq.preview.infomaniak.website\/produit\/50-papiertueten-himbeerkonfekt-70-40-x-200-mm\/"},"modified":"2026-03-12T16:41:05","modified_gmt":"2026-03-12T15:41:05","slug":"50-papiertueten-himbeerkonfekt-70-40-x-200-mm","status":"publish","type":"product","link":"https:\/\/www.csj-emballages.com\/de\/produit\/50-papiertueten-himbeerkonfekt-70-40-x-200-mm\/","title":{"rendered":"Papierkonfektbeutel Himbeere 70 + 40 x 200 mm per 50"},"content":{"rendered":"<div style=\"box-sizing: inherit; font-family: Roboto, sans-serif;\">\n<div style=\"box-sizing: inherit; font-family: Roboto, sans-serif;\">\n<div style=\"box-sizing: inherit; font-family: Roboto, sans-serif;\">\n<div style=\"box-sizing: inherit; font-family: Roboto, sans-serif;\">\n<div style=\"box-sizing: inherit; font-family: Roboto, sans-serif;\">\n<div style=\"box-sizing: inherit; font-family: Roboto, sans-serif;\">\n<div style=\"box-sizing: inherit; font-family: Roboto, sans-serif;\">\n<div style=\"box-sizing: inherit; font-family: Roboto, sans-serif;\">\n<div style=\"box-sizing: inherit; font-family: Roboto, sans-serif;\">\n<div style=\"box-sizing: inherit; font-family: Roboto, sans-serif;\">\n<div style=\"box-sizing: inherit; font-family: Roboto, sans-serif;\">\n<div style=\"box-sizing: inherit; font-family: Roboto, sans-serif;\">\n<div style=\"box-sizing: inherit; font-family: Roboto, sans-serif;\">\n<div class=\"flex flex-grow flex-col max-w-full\">\n<div class=\"min-h-[20px] text-message flex flex-col items-start whitespace-pre-wrap break-words [.text-message+&amp;]:mt-5 juice:w-full juice:items-end overflow-x-auto gap-2\" dir=\"auto\" data-message-author-role=\"assistant\" data-message-id=\"2034782e-88f9-44ef-b4dc-07dd7bf0115f\">\n<div class=\"flex w-full flex-col gap-1 juice:empty:hidden juice:first:pt-[3px]\">\n<div class=\"markdown prose w-full break-words dark:prose-invert light\">\n<div style=\"box-sizing: inherit; font-family: Roboto, sans-serif;\">\n<div style=\"box-sizing: inherit; font-family: Roboto, sans-serif;\">\n<div style=\"box-sizing: inherit; font-family: Roboto, sans-serif;\">\n<div style=\"box-sizing: inherit; font-family: Roboto, sans-serif;\">\n<div style=\"box-sizing: inherit; font-family: Roboto, sans-serif;\">\n<div style=\"box-sizing: inherit; font-family: Roboto, sans-serif;\">\n<h2>Papier-S\u00fc\u00dfigkeiten-Beutel<\/h2>\n<div style=\"box-sizing: inherit; font-family: Roboto, sans-serif;\">\n<div style=\"box-sizing: inherit; font-family: Roboto, sans-serif;\">\n<div style=\"box-sizing: inherit; font-family: Roboto, sans-serif;\">\n<div style=\"text-align: center;\">\n<div style=\"box-sizing: inherit; font-family: Roboto, sans-serif;\">\n<div style=\"box-sizing: inherit; font-family: Roboto, sans-serif;\">\n<div style=\"box-sizing: inherit; font-family: Roboto, sans-serif;\">\n<div style=\"box-sizing: inherit; font-family: Roboto, sans-serif;\">\n<div style=\"box-sizing: inherit; font-family: Roboto, sans-serif;\">\n<div style=\"box-sizing: inherit; font-family: Roboto, sans-serif; text-align: left;\">\n<hr>\n<h3 style=\"text-align: left;\">Beschreibung von unserem S\u00fc\u00dfwarenbeutel Papier Himbeere 70 + 40 x 200 mm pro 50<\/h3>\n<h3 style=\"text-align: left;\"><!--more--><\/h3>\n<\/div>\n<\/div>\n<\/div>\n<\/div>\n<\/div>\n<\/div>\n<\/div>\n<\/div>\n<\/div>\n<\/div>\n<\/div>\n<\/div>\n<\/div>\n<\/div>\n<\/div>\n<\/div>\n<\/div>\n<\/div>\n<\/div>\n<\/div>\n<\/div>\n<\/div>\n<\/div>\n<\/div>\n<\/div>\n<\/div>\n<\/div>\n<\/div>\n<\/div>\n<\/div>\n<\/div>\n<\/div>\n<\/div>\n<div style=\"box-sizing: inherit; font-family: Roboto, sans-serif;\">\n<div style=\"box-sizing: inherit; font-family: Roboto, sans-serif;\">\n<div style=\"box-sizing: inherit; font-family: Roboto, sans-serif;\">\n<div style=\"box-sizing: inherit; font-family: Roboto, sans-serif;\">\n<div style=\"box-sizing: inherit; font-family: Roboto, sans-serif;\">\n<div style=\"box-sizing: inherit; font-family: Roboto, sans-serif;\">\n<div style=\"box-sizing: inherit; font-family: Roboto, sans-serif;\">\n<div style=\"box-sizing: inherit; font-family: Roboto, sans-serif;\">\n<div style=\"box-sizing: inherit; font-family: Roboto, sans-serif;\">\n<div style=\"box-sizing: inherit; font-family: Roboto, sans-serif;\">\n<div style=\"box-sizing: inherit; font-family: Roboto, sans-serif;\">\n<div style=\"box-sizing: inherit; font-family: Roboto, sans-serif;\">\n<div style=\"box-sizing: inherit; font-family: Roboto, sans-serif;\">\n<div class=\"flex flex-grow flex-col max-w-full\">\n<div class=\"min-h-[20px] text-message flex flex-col items-start whitespace-pre-wrap break-words [.text-message+&amp;]:mt-5 juice:w-full juice:items-end overflow-x-auto gap-2\" dir=\"auto\" data-message-author-role=\"assistant\" data-message-id=\"2034782e-88f9-44ef-b4dc-07dd7bf0115f\">\n<div class=\"flex w-full flex-col gap-1 juice:empty:hidden juice:first:pt-[3px]\">\n<div class=\"markdown prose w-full break-words dark:prose-invert light\">\n<div style=\"box-sizing: inherit; font-family: Roboto, sans-serif;\">\n<div style=\"box-sizing: inherit; font-family: Roboto, sans-serif;\">\n<div style=\"box-sizing: inherit; font-family: Roboto, sans-serif;\">\n<div style=\"box-sizing: inherit; font-family: Roboto, sans-serif;\">\n<div style=\"box-sizing: inherit; font-family: Roboto, sans-serif;\">\n<div style=\"box-sizing: inherit; font-family: Roboto, sans-serif;\">\n<p data-start=\"36\" data-end=\"562\">Entscheiden Sie sich f\u00fcr Gourmet-Eleganz mit dem <strong data-start=\"76\" data-end=\"132\">Papierkonfektbeutel Himbeere 70 + 40 x 200 mm<\/strong> zu <strong>50<\/strong>, einem unverzichtbaren Begleiter, um Ihre handgemachten S\u00fc\u00dfigkeiten zu veredeln. Dieser hochwertige <strong>Pralinenbeutel<\/strong> aus der <strong data-start=\"210\" data-end=\"227\">Reihe Cabosse<\/strong> stellt die <strong data-start=\"277\" data-end=\"289\">Schokolade<\/strong> und alle Ihre s\u00fc\u00dfen Kreationen in den <strong data-start=\"333\" data-end=\"353\">Vordergrund, denn das Fenster auf der Vorderseite<\/strong> gibt den Blick auf Ihre s\u00fc\u00dfen Sch\u00e4tze frei. Schon auf den ersten Blick werden Ihre Kunden von der <strong data-start=\"460\" data-end=\"489\">intensiven Himbeerfarbe<\/strong> begeistert sein, die modern und warm zugleich ist und nat\u00fcrlich die Aufmerksamkeit auf sich zieht.  <\/p>\n<p data-start=\"564\" data-end=\"1051\">Dieser praktische und einfallsreiche <strong data-start=\"590\" data-end=\"604\">SOS-Beutel<\/strong> l\u00e4sst sich leicht aufklappen und <strong data-start=\"629\" data-end=\"655\">steht<\/strong> von <strong data-start=\"629\" data-end=\"655\">selbst<\/strong>, sogar bevor er gef\u00fcllt wird. Diese Eigenschaft erleichtert nicht nur das Aufstellen in Ihren Regalen, sondern sch\u00fctzt auch Ihre empfindlichsten Zubereitungen. Dank der <strong data-start=\"821\" data-end=\"837\">stabilen Form<\/strong> und des robusten Designs k\u00f6nnen Sie zerbrechliche Produkte wie feine Schokolade, M\u00fcrbegeb\u00e4ck oder Nougatst\u00fccke zuverl\u00e4ssig verpacken, ohne bef\u00fcrchten zu m\u00fcssen, dass sie zerdr\u00fcckt werden oder zerbrechen.  <\/p>\n<p data-start=\"1053\" data-end=\"1470\">Dieser vielseitig einsetzbare <strong>Beutel<\/strong> wurde f\u00fcr <strong data-start=\"1068\" data-end=\"1104\">professionelle Naschkatzen<\/strong> entwickelt und eignet sich sowohl f\u00fcr <strong data-start=\"1152\" data-end=\"1168\">Chocolatiers<\/strong>, <strong data-start=\"1170\" data-end=\"1184\">Confiseure<\/strong>, <strong data-start=\"1186\" data-end=\"1200\">Konditoren<\/strong>, <strong data-start=\"1202\" data-end=\"1216\">Drageespezialisten<\/strong> als auch f\u00fcr <strong data-start=\"1225\" data-end=\"1240\">Keksb\u00e4cker<\/strong>. Er garantiert die <strong data-start=\"1258\" data-end=\"1293\">Eignung f\u00fcr den Kontakt mit Lebensmitteln<\/strong> und sorgt so f\u00fcr eine gepflegte Pr\u00e4sentation und eine optimale Haltbarkeit Ihrer S\u00fc\u00dfigkeiten. In Gesch\u00e4ften oder bei Veranstaltungen bietet es ein einzigartiges visuelles und geschmackliches Erlebnis.  <\/p>\n<p data-start=\"1472\" data-end=\"1863\">Mit diesem <strong>Papierbeutel<\/strong> f\u00fcr <strong>S\u00fc\u00dfwaren<\/strong> <strong>in Himbeere<\/strong> verbinden Sie <strong data-start=\"1531\" data-end=\"1544\">Praktikabilit\u00e4t<\/strong>, <strong data-start=\"1546\" data-end=\"1560\">\u00c4sthetik<\/strong> und <strong data-start=\"1564\" data-end=\"1591\">professionelle Qualit\u00e4t<\/strong>. Sie wird zu einem diskreten, aber wirkungsvollen Marketingtrumpf, der Ihr handwerkliches K\u00f6nnen hervorhebt und gleichzeitig das raffinierte Image Ihrer Marke st\u00e4rkt. G\u00f6nnen Sie Ihren S\u00fc\u00dfigkeiten die Verpackung, die sie verdienen, und verwandeln Sie jede Verkostung in eine wahre Augenweide.  <\/p>\n<p data-start=\"1472\" data-end=\"1863\">\n<p><!--more--><\/p>\n<h4 style=\"text-align: left;\">Vorteile :<\/h4>\n<ul style=\"text-align: left;\">\n<li><strong data-start=\"2096\" data-end=\"2120\">Transparentes Fenster<\/strong> f\u00fcr eine elegante Pr\u00e4sentation Ihrer Kreationen.<\/li>\n<li><strong data-start=\"2174\" data-end=\"2195\">Stabiler SOS-Beutel<\/strong>: steht vor dem Bef\u00fcllen aufrecht, ideal f\u00fcr schnelles Bef\u00fcllen.<\/li>\n<li><strong data-start=\"2268\" data-end=\"2306\">Papier<\/strong>, das f\u00fcr <strong data-start=\"2268\" data-end=\"2306\">den Kontakt mit Lebensmitteln geeignet<\/strong> ist und sich perfekt f\u00fcr Schokolade, Kekse und S\u00fc\u00dfwaren eignet.<\/li>\n<li><strong data-start=\"2361\" data-end=\"2393\">Attraktive Himbeerfarbe<\/strong>, die ins Auge f\u00e4llt und Ihre Produkte aufwertet.<\/li>\n<li>Praktische <strong data-start=\"2458\" data-end=\"2468\">50er-Packung<\/strong> f\u00fcr den professionellen Einsatz.<\/li>\n<\/ul>\n<\/div>\n<\/div>\n<\/div>\n<\/div>\n<\/div>\n<\/div>\n<\/div>\n<\/div>\n<\/div>\n<\/div>\n<\/div>\n<\/div>\n<p>&nbsp;<\/p>\n<\/div>\n<\/div>\n<\/div>\n<\/div>\n<\/div>\n<\/div>\n<\/div>\n<\/div>\n<\/div>\n<\/div>\n<\/div>\n<p><!--more--><\/p>\n<h4>Weitere Informationen :<\/h4>\n<ul style=\"box-sizing: inherit; font-family: Roboto, sans-serif;\">\n<li><strong>Verpackung<\/strong>: Packung mit 50 St\u00fcck<\/li>\n<li><span style=\"font-weight: bold;\">Ma\u00dfe<\/span>: 70 + 40 x 200 mm<\/li>\n<li><strong>Material<\/strong>: SOS-Papier \/ PP<\/li>\n<li><strong>Farbe<\/strong>: Himbeere<\/li>\n<\/ul>\n<p>&nbsp;<\/p>\n<p><!--more--><\/p>\n<p>Diese T\u00fcte ist in verschiedenen Farben erh\u00e4ltlich : <span style=\"color: #d12727;\"><a style=\"color: #d12727;\" href=\"https:\/\/www.csj-emballages.com\/de\/produit\/50-beutel-suesswarenpapier-limone-70-40-x-200-mm\/\">Limette<\/a><\/span> \/ <span style=\"color: #d12727;\"><a style=\"color: #d12727;\" href=\"https:\/\/www.csj-emballages.com\/de\/produit\/50-beutel-suesswarenpapier-mandarine-70-40-x-200-mm\/\">Mandarine<\/a><\/span> \/ <span style=\"color: #d12727;\"><a style=\"color: #d12727;\" href=\"https:\/\/www.csj-emballages.com\/de\/produit\/50-beutel-vanille-konfektpapier-70-40-x-200-mm\/\">Vanille<\/a><\/span><\/p>\n<p>&nbsp;<\/p>\n<p><!--more--><\/p>\n<p><a href=\"https:\/\/www.csj-emballages.com\/de\/categorie-produit\/lebensmittelverpackungen\/backerei-und-konditorei\/sacke-beutel-und-papier\/beutel-fur-suswaren\/papierbeutel\/sos-papiertuten\/\">Sehen Sie sich den Rest unseres Sortiments an SOS-Papierbeuteln an<\/a><\/p>\n","protected":false},"excerpt":{"rendered":"<p>Papier-S\u00fc\u00dfigkeiten-Beutel Beschreibung von unserem S\u00fc\u00dfwarenbeutel Papier Himbeere 70 + 40 x 200 mm pro 50<\/p>\n","protected":false},"featured_media":243651,"template":"","meta":{"_acf_changed":false},"product_brand":[],"product_cat":[1137,1171,1678,1711,1487],"product_tag":[],"class_list":{"0":"post-23603","1":"product","2":"type-product","3":"status-publish","4":"has-post-thumbnail","6":"product_cat-lebensmittelverpackungen","7":"product_cat-backerei-und-konditorei","8":"product_cat-beutel-fur-suswaren","9":"product_cat-sos-papiertuten","10":"product_cat-boutique-und-geschaft","12":"first","13":"instock","14":"taxable","15":"shipping-taxable","16":"purchasable","17":"product-type-simple"},"acf":[],"yoast_head":"<!-- This site is optimized with the Yoast SEO Premium plugin v26.6 (Yoast SEO v26.6) - https:\/\/yoast.com\/wordpress\/plugins\/seo\/ -->\n<title>Beutel Papierkonfekt Himbeere 70 + 40 x 200 mm pro 50<\/title>\n<meta name=\"description\" content=\"Bringen Sie Ihre Schokolade mit dem Papier-S\u00fc\u00dfwarenbeutel Himbeere 70 + 40 x 200 mm zur Geltung. Frontfenster, Lebensmittelkontakt, professionelle Qualit\u00e4t.\" \/>\n<meta name=\"robots\" content=\"index, follow, max-snippet:-1, max-image-preview:large, max-video-preview:-1\" \/>\n<link rel=\"canonical\" href=\"https:\/\/www.csj-emballages.com\/de\/produit\/50-papiertueten-himbeerkonfekt-70-40-x-200-mm\/\" \/>\n<meta property=\"og:locale\" content=\"de_DE\" \/>\n<meta property=\"og:type\" content=\"article\" \/>\n<meta property=\"og:title\" content=\"Papierkonfektbeutel Himbeere 70 + 40 x 200 mm per 50\" \/>\n<meta property=\"og:description\" content=\"Bringen Sie Ihre Schokolade mit dem Papier-S\u00fc\u00dfwarenbeutel Himbeere 70 + 40 x 200 mm zur Geltung. Frontfenster, Lebensmittelkontakt, professionelle Qualit\u00e4t.\" \/>\n<meta property=\"og:url\" content=\"https:\/\/www.csj-emballages.com\/de\/produit\/50-papiertueten-himbeerkonfekt-70-40-x-200-mm\/\" \/>\n<meta property=\"og:site_name\" content=\"CSJ Emballages\" \/>\n<meta property=\"article:publisher\" content=\"https:\/\/www.facebook.com\/csjemballages\" \/>\n<meta property=\"article:modified_time\" content=\"2026-03-12T15:41:05+00:00\" \/>\n<meta property=\"og:image\" content=\"https:\/\/www.csj-emballages.com\/wp-content\/uploads\/2024\/03\/SFRAMBOISET1.webp\" \/>\n\t<meta property=\"og:image:width\" content=\"800\" \/>\n\t<meta property=\"og:image:height\" content=\"800\" \/>\n\t<meta property=\"og:image:type\" content=\"image\/webp\" \/>\n<meta name=\"twitter:card\" content=\"summary_large_image\" \/>\n<meta name=\"twitter:label1\" content=\"Gesch\u00e4tzte Lesezeit\" \/>\n\t<meta name=\"twitter:data1\" content=\"2 Minuten\" \/>\n<script type=\"application\/ld+json\" class=\"yoast-schema-graph\">{\"@context\":\"https:\/\/schema.org\",\"@graph\":[{\"@type\":\"WebPage\",\"@id\":\"https:\/\/www.csj-emballages.com\/de\/produit\/50-papiertueten-himbeerkonfekt-70-40-x-200-mm\/\",\"url\":\"https:\/\/www.csj-emballages.com\/de\/produit\/50-papiertueten-himbeerkonfekt-70-40-x-200-mm\/\",\"name\":\"Beutel Papierkonfekt Himbeere 70 + 40 x 200 mm pro 50\",\"isPartOf\":{\"@id\":\"https:\/\/www.csj-emballages.com\/de\/#website\"},\"primaryImageOfPage\":{\"@id\":\"https:\/\/www.csj-emballages.com\/de\/produit\/50-papiertueten-himbeerkonfekt-70-40-x-200-mm\/#primaryimage\"},\"image\":{\"@id\":\"https:\/\/www.csj-emballages.com\/de\/produit\/50-papiertueten-himbeerkonfekt-70-40-x-200-mm\/#primaryimage\"},\"thumbnailUrl\":\"https:\/\/www.csj-emballages.com\/wp-content\/uploads\/2024\/03\/SFRAMBOISET1.webp\",\"datePublished\":\"2024-03-01T15:49:13+00:00\",\"dateModified\":\"2026-03-12T15:41:05+00:00\",\"description\":\"Bringen Sie Ihre Schokolade mit dem Papier-S\u00fc\u00dfwarenbeutel Himbeere 70 + 40 x 200 mm zur Geltung. Frontfenster, Lebensmittelkontakt, professionelle Qualit\u00e4t.\",\"breadcrumb\":{\"@id\":\"https:\/\/www.csj-emballages.com\/de\/produit\/50-papiertueten-himbeerkonfekt-70-40-x-200-mm\/#breadcrumb\"},\"inLanguage\":\"de\",\"potentialAction\":[{\"@type\":\"ReadAction\",\"target\":[\"https:\/\/www.csj-emballages.com\/de\/produit\/50-papiertueten-himbeerkonfekt-70-40-x-200-mm\/\"]}]},{\"@type\":\"ImageObject\",\"inLanguage\":\"de\",\"@id\":\"https:\/\/www.csj-emballages.com\/de\/produit\/50-papiertueten-himbeerkonfekt-70-40-x-200-mm\/#primaryimage\",\"url\":\"https:\/\/www.csj-emballages.com\/wp-content\/uploads\/2024\/03\/SFRAMBOISET1.webp\",\"contentUrl\":\"https:\/\/www.csj-emballages.com\/wp-content\/uploads\/2024\/03\/SFRAMBOISET1.webp\",\"width\":800,\"height\":800,\"caption\":\"Sachet confiseries papier\"},{\"@type\":\"BreadcrumbList\",\"@id\":\"https:\/\/www.csj-emballages.com\/de\/produit\/50-papiertueten-himbeerkonfekt-70-40-x-200-mm\/#breadcrumb\",\"itemListElement\":[{\"@type\":\"ListItem\",\"position\":1,\"name\":\"Accueil\",\"item\":\"https:\/\/www.csj-emballages.com\/de\/universum-lebensmittelverpackungen\/\"},{\"@type\":\"ListItem\",\"position\":2,\"name\":\"Shop\",\"item\":\"https:\/\/www.csj-emballages.com\/shop\/\"},{\"@type\":\"ListItem\",\"position\":3,\"name\":\"Papierkonfektbeutel Himbeere 70 + 40 x 200 mm per 50\"}]},{\"@type\":\"WebSite\",\"@id\":\"https:\/\/www.csj-emballages.com\/de\/#website\",\"url\":\"https:\/\/www.csj-emballages.com\/de\/\",\"name\":\"CSJ Emballages\",\"description\":\"\",\"publisher\":{\"@id\":\"https:\/\/www.csj-emballages.com\/de\/#organization\"},\"potentialAction\":[{\"@type\":\"SearchAction\",\"target\":{\"@type\":\"EntryPoint\",\"urlTemplate\":\"https:\/\/www.csj-emballages.com\/de\/?s={search_term_string}\"},\"query-input\":{\"@type\":\"PropertyValueSpecification\",\"valueRequired\":true,\"valueName\":\"search_term_string\"}}],\"inLanguage\":\"de\"},{\"@type\":\"Organization\",\"@id\":\"https:\/\/www.csj-emballages.com\/de\/#Organization\/\",\"name\":\"CSJ Emballages\",\"url\":\"https:\/\/www.csj-emballages.com\/de\/\",\"logo\":{\"@type\":\"ImageObject\",\"inLanguage\":\"de\",\"@id\":\"https:\/\/www.csj-emballages.com\/de\/#\/schema\/logo\/image\/\",\"url\":\"https:\/\/www.csj-emballages.com\/wp-content\/uploads\/2023\/10\/logo_csj.webp\",\"contentUrl\":\"https:\/\/www.csj-emballages.com\/wp-content\/uploads\/2023\/10\/logo_csj.webp\",\"width\":250,\"height\":95,\"caption\":\"CSJ Emballages\"},\"image\":{\"@id\":\"https:\/\/www.csj-emballages.com\/de\/#\/schema\/logo\/image\/\"},\"sameAs\":[\"https:\/\/www.facebook.com\/csjemballages\"],\"address\":{\"@type\":\"PostalAddress\",\"streetAddress\":\"ZI La Lechere\",\"addressLocality\":\"Patornay\",\"postalCode\":\"39130\",\"addressCountry\":\"FR\"},\"contactPoint\":[{\"@type\":\"ContactPoint\",\"contactType\":\"Service client\",\"telephone\":\"0384254272\",\"email\":\"contact@csj-emballages.com\"}]}]}<\/script>\n<!-- \/ Yoast SEO Premium plugin. -->","yoast_head_json":{"title":"Beutel Papierkonfekt Himbeere 70 + 40 x 200 mm pro 50","description":"Bringen Sie Ihre Schokolade mit dem Papier-S\u00fc\u00dfwarenbeutel Himbeere 70 + 40 x 200 mm zur Geltung. Frontfenster, Lebensmittelkontakt, professionelle Qualit\u00e4t.","robots":{"index":"index","follow":"follow","max-snippet":"max-snippet:-1","max-image-preview":"max-image-preview:large","max-video-preview":"max-video-preview:-1"},"canonical":"https:\/\/www.csj-emballages.com\/de\/produit\/50-papiertueten-himbeerkonfekt-70-40-x-200-mm\/","og_locale":"de_DE","og_type":"article","og_title":"Papierkonfektbeutel Himbeere 70 + 40 x 200 mm per 50","og_description":"Bringen Sie Ihre Schokolade mit dem Papier-S\u00fc\u00dfwarenbeutel Himbeere 70 + 40 x 200 mm zur Geltung. Frontfenster, Lebensmittelkontakt, professionelle Qualit\u00e4t.","og_url":"https:\/\/www.csj-emballages.com\/de\/produit\/50-papiertueten-himbeerkonfekt-70-40-x-200-mm\/","og_site_name":"CSJ Emballages","article_publisher":"https:\/\/www.facebook.com\/csjemballages","article_modified_time":"2026-03-12T15:41:05+00:00","og_image":[{"width":800,"height":800,"url":"https:\/\/www.csj-emballages.com\/wp-content\/uploads\/2024\/03\/SFRAMBOISET1.webp","type":"image\/webp"}],"twitter_card":"summary_large_image","twitter_misc":{"Gesch\u00e4tzte Lesezeit":"2 Minuten"},"schema":{"@context":"https:\/\/schema.org","@graph":[{"@type":"WebPage","@id":"https:\/\/www.csj-emballages.com\/de\/produit\/50-papiertueten-himbeerkonfekt-70-40-x-200-mm\/","url":"https:\/\/www.csj-emballages.com\/de\/produit\/50-papiertueten-himbeerkonfekt-70-40-x-200-mm\/","name":"Beutel Papierkonfekt Himbeere 70 + 40 x 200 mm pro 50","isPartOf":{"@id":"https:\/\/www.csj-emballages.com\/de\/#website"},"primaryImageOfPage":{"@id":"https:\/\/www.csj-emballages.com\/de\/produit\/50-papiertueten-himbeerkonfekt-70-40-x-200-mm\/#primaryimage"},"image":{"@id":"https:\/\/www.csj-emballages.com\/de\/produit\/50-papiertueten-himbeerkonfekt-70-40-x-200-mm\/#primaryimage"},"thumbnailUrl":"https:\/\/www.csj-emballages.com\/wp-content\/uploads\/2024\/03\/SFRAMBOISET1.webp","datePublished":"2024-03-01T15:49:13+00:00","dateModified":"2026-03-12T15:41:05+00:00","description":"Bringen Sie Ihre Schokolade mit dem Papier-S\u00fc\u00dfwarenbeutel Himbeere 70 + 40 x 200 mm zur Geltung. Frontfenster, Lebensmittelkontakt, professionelle Qualit\u00e4t.","breadcrumb":{"@id":"https:\/\/www.csj-emballages.com\/de\/produit\/50-papiertueten-himbeerkonfekt-70-40-x-200-mm\/#breadcrumb"},"inLanguage":"de","potentialAction":[{"@type":"ReadAction","target":["https:\/\/www.csj-emballages.com\/de\/produit\/50-papiertueten-himbeerkonfekt-70-40-x-200-mm\/"]}]},{"@type":"ImageObject","inLanguage":"de","@id":"https:\/\/www.csj-emballages.com\/de\/produit\/50-papiertueten-himbeerkonfekt-70-40-x-200-mm\/#primaryimage","url":"https:\/\/www.csj-emballages.com\/wp-content\/uploads\/2024\/03\/SFRAMBOISET1.webp","contentUrl":"https:\/\/www.csj-emballages.com\/wp-content\/uploads\/2024\/03\/SFRAMBOISET1.webp","width":800,"height":800,"caption":"Sachet confiseries papier"},{"@type":"BreadcrumbList","@id":"https:\/\/www.csj-emballages.com\/de\/produit\/50-papiertueten-himbeerkonfekt-70-40-x-200-mm\/#breadcrumb","itemListElement":[{"@type":"ListItem","position":1,"name":"Accueil","item":"https:\/\/www.csj-emballages.com\/de\/universum-lebensmittelverpackungen\/"},{"@type":"ListItem","position":2,"name":"Shop","item":"https:\/\/www.csj-emballages.com\/shop\/"},{"@type":"ListItem","position":3,"name":"Papierkonfektbeutel Himbeere 70 + 40 x 200 mm per 50"}]},{"@type":"WebSite","@id":"https:\/\/www.csj-emballages.com\/de\/#website","url":"https:\/\/www.csj-emballages.com\/de\/","name":"CSJ Emballages","description":"","publisher":{"@id":"https:\/\/www.csj-emballages.com\/de\/#organization"},"potentialAction":[{"@type":"SearchAction","target":{"@type":"EntryPoint","urlTemplate":"https:\/\/www.csj-emballages.com\/de\/?s={search_term_string}"},"query-input":{"@type":"PropertyValueSpecification","valueRequired":true,"valueName":"search_term_string"}}],"inLanguage":"de"},{"@type":"Organization","@id":"https:\/\/www.csj-emballages.com\/de\/#Organization\/","name":"CSJ Emballages","url":"https:\/\/www.csj-emballages.com\/de\/","logo":{"@type":"ImageObject","inLanguage":"de","@id":"https:\/\/www.csj-emballages.com\/de\/#\/schema\/logo\/image\/","url":"https:\/\/www.csj-emballages.com\/wp-content\/uploads\/2023\/10\/logo_csj.webp","contentUrl":"https:\/\/www.csj-emballages.com\/wp-content\/uploads\/2023\/10\/logo_csj.webp","width":250,"height":95,"caption":"CSJ Emballages"},"image":{"@id":"https:\/\/www.csj-emballages.com\/de\/#\/schema\/logo\/image\/"},"sameAs":["https:\/\/www.facebook.com\/csjemballages"],"address":{"@type":"PostalAddress","streetAddress":"ZI La Lechere","addressLocality":"Patornay","postalCode":"39130","addressCountry":"FR"},"contactPoint":[{"@type":"ContactPoint","contactType":"Service client","telephone":"0384254272","email":"contact@csj-emballages.com"}]}]}},"df_price":23.3,"df_sale_price":"","df_regular_price":23.3,"df_image_link":"https:\/\/www.csj-emballages.com\/wp-content\/uploads\/2024\/03\/SFRAMBOISET1-300x300.webp","tiered_pricing_type":"fixed","tiered_pricing_fixed_rules":[],"tiered_pricing_percentage_rules":[],"tiered_pricing_minimum":1,"tiered_pricing_roles_data":[],"_links":{"self":[{"href":"https:\/\/www.csj-emballages.com\/de\/wp-json\/wp\/v2\/product\/23603","targetHints":{"allow":["GET"]}}],"collection":[{"href":"https:\/\/www.csj-emballages.com\/de\/wp-json\/wp\/v2\/product"}],"about":[{"href":"https:\/\/www.csj-emballages.com\/de\/wp-json\/wp\/v2\/types\/product"}],"wp:featuredmedia":[{"embeddable":true,"href":"https:\/\/www.csj-emballages.com\/de\/wp-json\/wp\/v2\/media\/243651"}],"wp:attachment":[{"href":"https:\/\/www.csj-emballages.com\/de\/wp-json\/wp\/v2\/media?parent=23603"}],"wp:term":[{"taxonomy":"product_brand","embeddable":true,"href":"https:\/\/www.csj-emballages.com\/de\/wp-json\/wp\/v2\/product_brand?post=23603"},{"taxonomy":"product_cat","embeddable":true,"href":"https:\/\/www.csj-emballages.com\/de\/wp-json\/wp\/v2\/product_cat?post=23603"},{"taxonomy":"product_tag","embeddable":true,"href":"https:\/\/www.csj-emballages.com\/de\/wp-json\/wp\/v2\/product_tag?post=23603"}],"curies":[{"name":"wp","href":"https:\/\/api.w.org\/{rel}","templated":true}]}}