{"id":235972,"date":"2025-06-18T09:52:52","date_gmt":"2025-06-18T07:52:52","guid":{"rendered":"https:\/\/www.csj-emballages.com\/produit\/packung-mit-250-etiketten-fuer-kontrollproben\/"},"modified":"2026-03-12T16:05:52","modified_gmt":"2026-03-12T15:05:52","slug":"packung-mit-250-etiketten-fuer-kontrollproben","status":"publish","type":"product","link":"https:\/\/www.csj-emballages.com\/de\/produit\/packung-mit-250-etiketten-fuer-kontrollproben\/","title":{"rendered":"Etikett f\u00fcr Kontrollprobe pro 250"},"content":{"rendered":"<h2 class=\"p1 ai-optimize-35 ai-optimize-introduction\">Etikett Kontrollprobe<\/h2>\n<hr>\n<h3 class=\"ai-optimize-34\">Beschreibung unseres Etiketts Musterprobe pro 250<\/h3>\n<p><!--more--><\/p>\n<p class=\"ai-optimize-32 ai-optimize-introduction\" data-start=\"245\" data-end=\"561\">In einer professionellen K\u00fcche sind die <strong>R\u00fcckverfolgbarkeit<\/strong> und die Lebensmittelsicherheit nicht verhandelbar. Deshalb sind die <strong data-start=\"365\" data-end=\"405\">Musteretiketten<\/strong> f\u00fcr alle, die in der Gastronomie t\u00e4tig sind, unverzichtbar geworden: Restaurants, Cateringunternehmen, \u00f6ffentliche Einrichtungen oder auch Zentralk\u00fcchen.<\/p>\n<p class=\"ai-optimize-33\" data-start=\"563\" data-end=\"859\">Diese Packung mit <strong>250 Etiketten<\/strong> wurde entwickelt, um die <strong data-start=\"618\" data-end=\"656\">strenge Verfolgung von Fertiggerichten<\/strong> im Rahmen der Gesundheitsverpflichtungen zu erleichtern. Jedes <strong>Etikett<\/strong> l\u00e4sst sich einfach auf den Deckel der Kontrollprobe (Schale, Glas oder auch Beutel) kleben und h\u00e4lt<strong data-start=\"810\" data-end=\"855\">die wichtigsten Informationen fest<\/strong>:<\/p>\n<ul data-start=\"860\" data-end=\"994\">\n<li class=\"ai-optimize-34\" data-start=\"860\" data-end=\"902\">\n<p class=\"ai-optimize-35\" data-start=\"862\" data-end=\"902\">das <strong data-start=\"865\" data-end=\"899\">Datum und die Uhrzeit der Probenahme<\/strong>,<\/p>\n<\/li>\n<li class=\"ai-optimize-36\" data-start=\"903\" data-end=\"926\">\n<p class=\"ai-optimize-37\" data-start=\"905\" data-end=\"926\">den <strong data-start=\"908\" data-end=\"923\">Namen des Gerichts<\/strong>,<\/p>\n<\/li>\n<li class=\"ai-optimize-38\" data-start=\"927\" data-end=\"957\">\n<p class=\"ai-optimize-39\" data-start=\"929\" data-end=\"957\">den <strong data-start=\"932\" data-end=\"954\">Namen des Operators<\/strong>,<\/p>\n<\/li>\n<li class=\"ai-optimize-40\" data-start=\"958\" data-end=\"994\">\n<p class=\"ai-optimize-41\" data-start=\"960\" data-end=\"994\">und die <strong data-start=\"966\" data-end=\"993\">Lagertemperatur<\/strong>.<\/p>\n<\/li>\n<\/ul>\n<p class=\"ai-optimize-42\" data-start=\"996\" data-end=\"1272\">Mit diesem einfach und schnell einzurichtenden System gew\u00e4hrleisten Sie eine <strong>vollst\u00e4ndige R\u00fcckverfolgbarkeit<\/strong> im Falle einer Gesundheitskontrolle oder eines Verdachts auf Lebensmittelvergiftung. Diese allt\u00e4gliche Geste wird oft untersch\u00e4tzt, ist aber ein <strong data-start=\"1224\" data-end=\"1269\">Beweis f\u00fcr Professionalit\u00e4t und Gr\u00fcndlichkeit<\/strong>.<\/p>\n<p class=\"ai-optimize-43\" data-start=\"1274\" data-end=\"1430\">Die <strong>Etiketten<\/strong> werden in einer <strong>praktischen<\/strong>, gebrauchsfertigen <strong>Spenderbox<\/strong> geliefert. Das Format ist \u00fcbersichtlich, gut lesbar und perfekt auf die Bed\u00fcrfnisse in der K\u00fcche abgestimmt.<\/p>\n<p class=\"ai-optimize-44\" data-start=\"1432\" data-end=\"1592\">Anspruchsvolle Berufst\u00e4tige? Hier haben Sie das richtige Werkzeug, um Ihre Kontrollproben ohne Zeitverlust zu verwalten und dabei die HACCP-Normen einzuhalten.<\/p>\n<p data-start=\"1432\" data-end=\"1592\">\n<p><!--more--><\/p>\n<h4 class=\"ai-optimize-37\"><strong>Seine Vorteile :<\/strong><\/h4>\n<ul>\n<li class=\"ai-optimize-38\">Erm\u00f6glicht die vollst\u00e4ndige R\u00fcckverfolgbarkeit von Fertiggerichten.<\/li>\n<li class=\"ai-optimize-39\">Klares Format: Datum, Uhrzeit, Gericht, Operator, Temperatur.<\/li>\n<li class=\"ai-optimize-42\">Ideal f\u00fcr Gesundheitskontrollen.<\/li>\n<li class=\"ai-optimize-39\">Praktische Spenderbox.<\/li>\n<\/ul>\n<p>&nbsp;<\/p>\n<p><!--more--><\/p>\n<h4 class=\"ai-optimize-44\">Weitere Informationen :<\/h4>\n<ul>\n<li class=\"ai-optimize-45\"><strong>Verpackung<\/strong>: Packung mit 250<\/li>\n<li class=\"ai-optimize-47\"><b>Abmessungen Etikett: <\/b>50 x 35 (L x B in mm)<\/li>\n<li class=\"ai-optimize-45\"><strong>Abmessungen der Schachtel<\/strong>: 80 x 80 x 40 (L x B x H in mm)<\/li>\n<li class=\"ai-optimize-35\"><b>Verwendung <\/b>: Selbstklebeetikett<\/li>\n<\/ul>\n<p>&nbsp;<\/p>\n<p><!--more--><\/p>\n<p class=\"ai-optimize-41\"><a href=\"https:\/\/www.csj-emballages.com\/de\/categorie-produit\/lebensmittelverpackungen\/boutique-und-geschaft\/zubehor-und-ausstattung-de\/etiketten-de\/\">Sehen Sie sich den Rest unseres Etikettenangebots an.<\/a><\/p>\n","protected":false},"excerpt":{"rendered":"<p>Etikett Kontrollprobe Beschreibung unseres Etiketts Musterprobe pro 250<\/p>\n","protected":false},"featured_media":235962,"template":"","meta":{"_acf_changed":false},"product_brand":[],"product_cat":[1137,1487,3969,3970,1825],"product_tag":[],"class_list":{"0":"post-235972","1":"product","2":"type-product","3":"status-publish","4":"has-post-thumbnail","6":"product_cat-lebensmittelverpackungen","7":"product_cat-boutique-und-geschaft","8":"product_cat-sacke-beutel","9":"product_cat-zubehor-und-ausstattung-de","10":"product_cat-etiketten-de","12":"first","13":"instock","14":"taxable","15":"shipping-taxable","16":"purchasable","17":"product-type-simple"},"acf":[],"yoast_head":"<!-- This site is optimized with the Yoast SEO Premium plugin v26.6 (Yoast SEO v26.6) - https:\/\/yoast.com\/wordpress\/plugins\/seo\/ -->\n<title>Etikett Probe Kontrollprobe pro 250<\/title>\n<meta name=\"description\" content=\"Kontrollmuster-Etikett pro 250 zum Aufkleben auf Schalen, Gl\u00e4ser oder Beutel: R\u00fcckverfolgbarkeit, Lebensmittelsicherheit, HACCP-Konformit\u00e4t in der Gro\u00dfk\u00fcche.\" \/>\n<meta name=\"robots\" content=\"index, follow, max-snippet:-1, max-image-preview:large, max-video-preview:-1\" \/>\n<link rel=\"canonical\" href=\"https:\/\/www.csj-emballages.com\/de\/produit\/packung-mit-250-etiketten-fuer-kontrollproben\/\" \/>\n<meta property=\"og:locale\" content=\"de_DE\" \/>\n<meta property=\"og:type\" content=\"article\" \/>\n<meta property=\"og:title\" content=\"Etikett f\u00fcr Kontrollprobe pro 250\" \/>\n<meta property=\"og:description\" content=\"Kontrollmuster-Etikett pro 250 zum Aufkleben auf Schalen, Gl\u00e4ser oder Beutel: R\u00fcckverfolgbarkeit, Lebensmittelsicherheit, HACCP-Konformit\u00e4t in der Gro\u00dfk\u00fcche.\" \/>\n<meta property=\"og:url\" content=\"https:\/\/www.csj-emballages.com\/de\/produit\/packung-mit-250-etiketten-fuer-kontrollproben\/\" \/>\n<meta property=\"og:site_name\" content=\"CSJ Emballages\" \/>\n<meta property=\"article:publisher\" content=\"https:\/\/www.facebook.com\/csjemballages\" \/>\n<meta property=\"article:modified_time\" content=\"2026-03-12T15:05:52+00:00\" \/>\n<meta property=\"og:image\" content=\"https:\/\/www.csj-emballages.com\/wp-content\/uploads\/2025\/06\/129602.webp\" \/>\n\t<meta property=\"og:image:width\" content=\"800\" \/>\n\t<meta property=\"og:image:height\" content=\"800\" \/>\n\t<meta property=\"og:image:type\" content=\"image\/webp\" \/>\n<meta name=\"twitter:card\" content=\"summary_large_image\" \/>\n<meta name=\"twitter:label1\" content=\"Gesch\u00e4tzte Lesezeit\" \/>\n\t<meta name=\"twitter:data1\" content=\"1\u00a0Minute\" \/>\n<script type=\"application\/ld+json\" class=\"yoast-schema-graph\">{\"@context\":\"https:\/\/schema.org\",\"@graph\":[{\"@type\":\"WebPage\",\"@id\":\"https:\/\/www.csj-emballages.com\/de\/produit\/packung-mit-250-etiketten-fuer-kontrollproben\/\",\"url\":\"https:\/\/www.csj-emballages.com\/de\/produit\/packung-mit-250-etiketten-fuer-kontrollproben\/\",\"name\":\"Etikett Probe Kontrollprobe pro 250\",\"isPartOf\":{\"@id\":\"https:\/\/www.csj-emballages.com\/de\/#website\"},\"primaryImageOfPage\":{\"@id\":\"https:\/\/www.csj-emballages.com\/de\/produit\/packung-mit-250-etiketten-fuer-kontrollproben\/#primaryimage\"},\"image\":{\"@id\":\"https:\/\/www.csj-emballages.com\/de\/produit\/packung-mit-250-etiketten-fuer-kontrollproben\/#primaryimage\"},\"thumbnailUrl\":\"https:\/\/www.csj-emballages.com\/wp-content\/uploads\/2025\/06\/129602.webp\",\"datePublished\":\"2025-06-18T07:52:52+00:00\",\"dateModified\":\"2026-03-12T15:05:52+00:00\",\"description\":\"Kontrollmuster-Etikett pro 250 zum Aufkleben auf Schalen, Gl\u00e4ser oder Beutel: R\u00fcckverfolgbarkeit, Lebensmittelsicherheit, HACCP-Konformit\u00e4t in der Gro\u00dfk\u00fcche.\",\"breadcrumb\":{\"@id\":\"https:\/\/www.csj-emballages.com\/de\/produit\/packung-mit-250-etiketten-fuer-kontrollproben\/#breadcrumb\"},\"inLanguage\":\"de\",\"potentialAction\":[{\"@type\":\"ReadAction\",\"target\":[\"https:\/\/www.csj-emballages.com\/de\/produit\/packung-mit-250-etiketten-fuer-kontrollproben\/\"]}]},{\"@type\":\"ImageObject\",\"inLanguage\":\"de\",\"@id\":\"https:\/\/www.csj-emballages.com\/de\/produit\/packung-mit-250-etiketten-fuer-kontrollproben\/#primaryimage\",\"url\":\"https:\/\/www.csj-emballages.com\/wp-content\/uploads\/2025\/06\/129602.webp\",\"contentUrl\":\"https:\/\/www.csj-emballages.com\/wp-content\/uploads\/2025\/06\/129602.webp\",\"width\":800,\"height\":800,\"caption\":\"\u00c9tiquette \u00e9chantillon t\u00e9moin\"},{\"@type\":\"BreadcrumbList\",\"@id\":\"https:\/\/www.csj-emballages.com\/de\/produit\/packung-mit-250-etiketten-fuer-kontrollproben\/#breadcrumb\",\"itemListElement\":[{\"@type\":\"ListItem\",\"position\":1,\"name\":\"Accueil\",\"item\":\"https:\/\/www.csj-emballages.com\/de\/universum-lebensmittelverpackungen\/\"},{\"@type\":\"ListItem\",\"position\":2,\"name\":\"Shop\",\"item\":\"https:\/\/www.csj-emballages.com\/shop\/\"},{\"@type\":\"ListItem\",\"position\":3,\"name\":\"Etikett f\u00fcr Kontrollprobe pro 250\"}]},{\"@type\":\"WebSite\",\"@id\":\"https:\/\/www.csj-emballages.com\/de\/#website\",\"url\":\"https:\/\/www.csj-emballages.com\/de\/\",\"name\":\"CSJ Emballages\",\"description\":\"\",\"publisher\":{\"@id\":\"https:\/\/www.csj-emballages.com\/de\/#organization\"},\"potentialAction\":[{\"@type\":\"SearchAction\",\"target\":{\"@type\":\"EntryPoint\",\"urlTemplate\":\"https:\/\/www.csj-emballages.com\/de\/?s={search_term_string}\"},\"query-input\":{\"@type\":\"PropertyValueSpecification\",\"valueRequired\":true,\"valueName\":\"search_term_string\"}}],\"inLanguage\":\"de\"},{\"@type\":\"Organization\",\"@id\":\"https:\/\/www.csj-emballages.com\/de\/#Organization\/\",\"name\":\"CSJ Emballages\",\"url\":\"https:\/\/www.csj-emballages.com\/de\/\",\"logo\":{\"@type\":\"ImageObject\",\"inLanguage\":\"de\",\"@id\":\"https:\/\/www.csj-emballages.com\/de\/#\/schema\/logo\/image\/\",\"url\":\"https:\/\/www.csj-emballages.com\/wp-content\/uploads\/2023\/10\/logo_csj.webp\",\"contentUrl\":\"https:\/\/www.csj-emballages.com\/wp-content\/uploads\/2023\/10\/logo_csj.webp\",\"width\":250,\"height\":95,\"caption\":\"CSJ Emballages\"},\"image\":{\"@id\":\"https:\/\/www.csj-emballages.com\/de\/#\/schema\/logo\/image\/\"},\"sameAs\":[\"https:\/\/www.facebook.com\/csjemballages\"],\"address\":{\"@type\":\"PostalAddress\",\"streetAddress\":\"ZI La Lechere\",\"addressLocality\":\"Patornay\",\"postalCode\":\"39130\",\"addressCountry\":\"FR\"},\"contactPoint\":[{\"@type\":\"ContactPoint\",\"contactType\":\"Service client\",\"telephone\":\"0384254272\",\"email\":\"contact@csj-emballages.com\"}]}]}<\/script>\n<!-- \/ Yoast SEO Premium plugin. -->","yoast_head_json":{"title":"Etikett Probe Kontrollprobe pro 250","description":"Kontrollmuster-Etikett pro 250 zum Aufkleben auf Schalen, Gl\u00e4ser oder Beutel: R\u00fcckverfolgbarkeit, Lebensmittelsicherheit, HACCP-Konformit\u00e4t in der Gro\u00dfk\u00fcche.","robots":{"index":"index","follow":"follow","max-snippet":"max-snippet:-1","max-image-preview":"max-image-preview:large","max-video-preview":"max-video-preview:-1"},"canonical":"https:\/\/www.csj-emballages.com\/de\/produit\/packung-mit-250-etiketten-fuer-kontrollproben\/","og_locale":"de_DE","og_type":"article","og_title":"Etikett f\u00fcr Kontrollprobe pro 250","og_description":"Kontrollmuster-Etikett pro 250 zum Aufkleben auf Schalen, Gl\u00e4ser oder Beutel: R\u00fcckverfolgbarkeit, Lebensmittelsicherheit, HACCP-Konformit\u00e4t in der Gro\u00dfk\u00fcche.","og_url":"https:\/\/www.csj-emballages.com\/de\/produit\/packung-mit-250-etiketten-fuer-kontrollproben\/","og_site_name":"CSJ Emballages","article_publisher":"https:\/\/www.facebook.com\/csjemballages","article_modified_time":"2026-03-12T15:05:52+00:00","og_image":[{"width":800,"height":800,"url":"https:\/\/www.csj-emballages.com\/wp-content\/uploads\/2025\/06\/129602.webp","type":"image\/webp"}],"twitter_card":"summary_large_image","twitter_misc":{"Gesch\u00e4tzte Lesezeit":"1\u00a0Minute"},"schema":{"@context":"https:\/\/schema.org","@graph":[{"@type":"WebPage","@id":"https:\/\/www.csj-emballages.com\/de\/produit\/packung-mit-250-etiketten-fuer-kontrollproben\/","url":"https:\/\/www.csj-emballages.com\/de\/produit\/packung-mit-250-etiketten-fuer-kontrollproben\/","name":"Etikett Probe Kontrollprobe pro 250","isPartOf":{"@id":"https:\/\/www.csj-emballages.com\/de\/#website"},"primaryImageOfPage":{"@id":"https:\/\/www.csj-emballages.com\/de\/produit\/packung-mit-250-etiketten-fuer-kontrollproben\/#primaryimage"},"image":{"@id":"https:\/\/www.csj-emballages.com\/de\/produit\/packung-mit-250-etiketten-fuer-kontrollproben\/#primaryimage"},"thumbnailUrl":"https:\/\/www.csj-emballages.com\/wp-content\/uploads\/2025\/06\/129602.webp","datePublished":"2025-06-18T07:52:52+00:00","dateModified":"2026-03-12T15:05:52+00:00","description":"Kontrollmuster-Etikett pro 250 zum Aufkleben auf Schalen, Gl\u00e4ser oder Beutel: R\u00fcckverfolgbarkeit, Lebensmittelsicherheit, HACCP-Konformit\u00e4t in der Gro\u00dfk\u00fcche.","breadcrumb":{"@id":"https:\/\/www.csj-emballages.com\/de\/produit\/packung-mit-250-etiketten-fuer-kontrollproben\/#breadcrumb"},"inLanguage":"de","potentialAction":[{"@type":"ReadAction","target":["https:\/\/www.csj-emballages.com\/de\/produit\/packung-mit-250-etiketten-fuer-kontrollproben\/"]}]},{"@type":"ImageObject","inLanguage":"de","@id":"https:\/\/www.csj-emballages.com\/de\/produit\/packung-mit-250-etiketten-fuer-kontrollproben\/#primaryimage","url":"https:\/\/www.csj-emballages.com\/wp-content\/uploads\/2025\/06\/129602.webp","contentUrl":"https:\/\/www.csj-emballages.com\/wp-content\/uploads\/2025\/06\/129602.webp","width":800,"height":800,"caption":"\u00c9tiquette \u00e9chantillon t\u00e9moin"},{"@type":"BreadcrumbList","@id":"https:\/\/www.csj-emballages.com\/de\/produit\/packung-mit-250-etiketten-fuer-kontrollproben\/#breadcrumb","itemListElement":[{"@type":"ListItem","position":1,"name":"Accueil","item":"https:\/\/www.csj-emballages.com\/de\/universum-lebensmittelverpackungen\/"},{"@type":"ListItem","position":2,"name":"Shop","item":"https:\/\/www.csj-emballages.com\/shop\/"},{"@type":"ListItem","position":3,"name":"Etikett f\u00fcr Kontrollprobe pro 250"}]},{"@type":"WebSite","@id":"https:\/\/www.csj-emballages.com\/de\/#website","url":"https:\/\/www.csj-emballages.com\/de\/","name":"CSJ Emballages","description":"","publisher":{"@id":"https:\/\/www.csj-emballages.com\/de\/#organization"},"potentialAction":[{"@type":"SearchAction","target":{"@type":"EntryPoint","urlTemplate":"https:\/\/www.csj-emballages.com\/de\/?s={search_term_string}"},"query-input":{"@type":"PropertyValueSpecification","valueRequired":true,"valueName":"search_term_string"}}],"inLanguage":"de"},{"@type":"Organization","@id":"https:\/\/www.csj-emballages.com\/de\/#Organization\/","name":"CSJ Emballages","url":"https:\/\/www.csj-emballages.com\/de\/","logo":{"@type":"ImageObject","inLanguage":"de","@id":"https:\/\/www.csj-emballages.com\/de\/#\/schema\/logo\/image\/","url":"https:\/\/www.csj-emballages.com\/wp-content\/uploads\/2023\/10\/logo_csj.webp","contentUrl":"https:\/\/www.csj-emballages.com\/wp-content\/uploads\/2023\/10\/logo_csj.webp","width":250,"height":95,"caption":"CSJ Emballages"},"image":{"@id":"https:\/\/www.csj-emballages.com\/de\/#\/schema\/logo\/image\/"},"sameAs":["https:\/\/www.facebook.com\/csjemballages"],"address":{"@type":"PostalAddress","streetAddress":"ZI La Lechere","addressLocality":"Patornay","postalCode":"39130","addressCountry":"FR"},"contactPoint":[{"@type":"ContactPoint","contactType":"Service client","telephone":"0384254272","email":"contact@csj-emballages.com"}]}]}},"df_price":26.66,"df_sale_price":"","df_regular_price":26.66,"df_image_link":"https:\/\/www.csj-emballages.com\/wp-content\/uploads\/2025\/06\/129602-300x300.webp","tiered_pricing_type":"fixed","tiered_pricing_fixed_rules":[],"tiered_pricing_percentage_rules":[],"tiered_pricing_minimum":1,"tiered_pricing_roles_data":[],"_links":{"self":[{"href":"https:\/\/www.csj-emballages.com\/de\/wp-json\/wp\/v2\/product\/235972","targetHints":{"allow":["GET"]}}],"collection":[{"href":"https:\/\/www.csj-emballages.com\/de\/wp-json\/wp\/v2\/product"}],"about":[{"href":"https:\/\/www.csj-emballages.com\/de\/wp-json\/wp\/v2\/types\/product"}],"wp:featuredmedia":[{"embeddable":true,"href":"https:\/\/www.csj-emballages.com\/de\/wp-json\/wp\/v2\/media\/235962"}],"wp:attachment":[{"href":"https:\/\/www.csj-emballages.com\/de\/wp-json\/wp\/v2\/media?parent=235972"}],"wp:term":[{"taxonomy":"product_brand","embeddable":true,"href":"https:\/\/www.csj-emballages.com\/de\/wp-json\/wp\/v2\/product_brand?post=235972"},{"taxonomy":"product_cat","embeddable":true,"href":"https:\/\/www.csj-emballages.com\/de\/wp-json\/wp\/v2\/product_cat?post=235972"},{"taxonomy":"product_tag","embeddable":true,"href":"https:\/\/www.csj-emballages.com\/de\/wp-json\/wp\/v2\/product_tag?post=235972"}],"curies":[{"name":"wp","href":"https:\/\/api.w.org\/{rel}","templated":true}]}}