{"id":23584,"date":"2024-03-01T16:49:12","date_gmt":"2024-03-01T15:49:12","guid":{"rendered":"https:\/\/u15jnbdpoq.preview.infomaniak.website\/produit\/50-beutel-mit-goldener-sohle-160-80-x-420-mm\/"},"modified":"2026-03-25T02:16:34","modified_gmt":"2026-03-25T01:16:34","slug":"50-beutel-mit-goldener-sohle-160-80-x-420-mm","status":"publish","type":"product","link":"https:\/\/www.csj-emballages.com\/de\/produit\/50-beutel-mit-goldener-sohle-160-80-x-420-mm\/","title":{"rendered":"Formbeutel mit goldener Sohle 160 + 80 x 420 mm pro 100"},"content":{"rendered":"<h2 class=\"p1\">Beutel Gie\u00dfen<\/h2>\n<hr>\n<h3>Beschreibung von unserem Formbeutel mit goldener Sohle 160 + 80 x 420 mm pro 100<\/h3>\n<p><!--more--><\/p>\n<p data-start=\"19\" data-end=\"530\">Der <strong data-start=\"22\" data-end=\"74\">Formbeutel mit Goldsohle 160 + 80 x 420 mm<\/strong> ist die ideale Verpackung f\u00fcr Ihre Backwaren, S\u00fc\u00dfwaren oder andere Artikel, die eine elegante und professionelle Pr\u00e4sentation erfordern. Dieser Beutel ist so konzipiert, dass er einen optimalen Schutz gew\u00e4hrleistet und gleichzeitig das Produkt dank seiner <strong>raffinierten goldenen Sohle<\/strong> hervorhebt. Praktisch und widerstandsf\u00e4hig, eignet er sich perfekt f\u00fcr den Einsatz in der Lebensmittelbranche und bietet sowohl Sicherheit beim Transport als auch eine hochwertige Pr\u00e4sentation.  <\/p>\n<p data-start=\"19\" data-end=\"530\">35-Mikron-Pappbodenbeutel, die haupts\u00e4chlich von B\u00e4ckereien, Konditoreien, Schokoladenfabriken oder auch Privatpersonen verwendet werden, um Ihre Gussst\u00fccke einfach zu verkaufen. Dieser neutrale S\u00fc\u00dfwarenbeutel eignet sich dank seiner Form hervorragend, um Ihre kleinen Kunstwerke hervorzuheben.<\/p>\n<p>Dieser Beutel ist vom Typ Polypro.<\/p>\n<p>&nbsp;<\/p>\n<p><!--more--><\/p>\n<h4>Ihre Vorteile :<\/h4>\n<ul>\n<li data-start=\"749\" data-end=\"823\"><strong data-start=\"751\" data-end=\"773\">Premium-\u00c4sthetik<\/strong>: Vergoldete Sohle f\u00fcr einen raffinierten Auftritt.<\/li>\n<li data-start=\"824\" data-end=\"920\"><strong data-start=\"826\" data-end=\"849\">Optimaler Schutz<\/strong>: Widerstandsf\u00e4hig, sch\u00fctzt Ihre Produkte und bietet gleichzeitig eine klare Sicht.<\/li>\n<li data-start=\"921\" data-end=\"1017\"><strong data-start=\"923\" data-end=\"938\">Vielseitig<\/strong>: Ideal zum Verpacken von Geb\u00e4ck, S\u00fc\u00dfwaren oder anderen empfindlichen Artikeln.<\/li>\n<li data-start=\"1018\" data-end=\"1113\"><strong data-start=\"1020\" data-end=\"1032\">Praktisch<\/strong>: Einfach zu verwenden und auf die Bed\u00fcrfnisse von Lebensmittelprofis zugeschnitten.<\/li>\n<li data-start=\"1114\" data-end=\"1199\"><strong data-start=\"1116\" data-end=\"1128\">Sparsam<\/strong>: Wird in Packungen zu 100 St\u00fcck verkauft, ideal f\u00fcr gro\u00dfe Bestellmengen.<\/li>\n<\/ul>\n<p>&nbsp;<\/p>\n<p><!--more--><\/p>\n<h4>Weitere Informationen :<\/h4>\n<ul>\n<li><strong>Verpackung<\/strong>: 100er-Karton mit 100 Beuteln und 100 Einlegesohlen.<\/li>\n<li><strong>Abmessungen<\/strong>: 160 + 80 x 420 ( Boden des Beutels x h in mm)<\/li>\n<li><strong>Material<\/strong>: Polypropylen<\/li>\n<li><strong>Hintergrundfarbe<\/strong>: Gold<\/li>\n<li><strong>Widerstand<\/strong>: 35 Mikron<\/li>\n<\/ul>\n<p>&nbsp;<\/p>\n<p><!--more--><\/p>\n<p>Dieses Produkt ist in verschiedenen Gr\u00f6\u00dfen erh\u00e4ltlich : <span style=\"color: #d12727\"><a style=\"color: #d12727\" href=\"https:\/\/www.csj-emballages.com\/de\/produit\/100-beutel-mit-abformungen-sohle-gold-230-110-x-570-mm\/\">230 + 110 x 570 mm<\/a><\/span><\/p>\n<p>&nbsp;<\/p>\n<p><!--more--><\/p>\n<p><a href=\"https:\/\/www.csj-emballages.com\/de\/categorie-produit\/lebensmittelverpackungen\/backerei-und-konditorei\/sacke-beutel-und-papier\/beutel-fur-suswaren\/beutel-mit-formteilen\/\">Sehen Sie sich den Rest unseres Sortiments an Beuteln an.<\/a><\/p>\n","protected":false},"excerpt":{"rendered":"<p>Beutel Gie\u00dfen Beschreibung von unserem Formbeutel mit goldener Sohle 160 + 80 x 420 mm pro 100<\/p>\n","protected":false},"featured_media":225996,"template":"","meta":{"_acf_changed":false},"product_brand":[],"product_cat":[1137,1171,1678,3495],"product_tag":[],"class_list":{"0":"post-23584","1":"product","2":"type-product","3":"status-publish","4":"has-post-thumbnail","6":"product_cat-lebensmittelverpackungen","7":"product_cat-backerei-und-konditorei","8":"product_cat-beutel-fur-suswaren","9":"product_cat-beutel-mit-formteilen","11":"first","12":"instock","13":"taxable","14":"shipping-taxable","15":"purchasable","16":"product-type-simple"},"acf":[],"yoast_head":"<!-- This site is optimized with the Yoast SEO Premium plugin v26.6 (Yoast SEO v26.6) - https:\/\/yoast.com\/wordpress\/plugins\/seo\/ -->\n<title>Beutel Moulage mit Sohle gold 160 + 80 x 420 mm pro 100<\/title>\n<meta name=\"description\" content=\"Entdecken Sie unseren Formbeutel mit Goldsohle 160 + 80 x 420 mm, der ideal ist, um Ihre Kreationen elegant zu verpacken. Perfekt f\u00fcr Geb\u00e4ck und S\u00fc\u00dfigkeiten.\" \/>\n<meta name=\"robots\" content=\"index, follow, max-snippet:-1, max-image-preview:large, max-video-preview:-1\" \/>\n<link rel=\"canonical\" href=\"https:\/\/www.csj-emballages.com\/de\/produit\/50-beutel-mit-goldener-sohle-160-80-x-420-mm\/\" \/>\n<meta property=\"og:locale\" content=\"de_DE\" \/>\n<meta property=\"og:type\" content=\"article\" \/>\n<meta property=\"og:title\" content=\"Formbeutel mit goldener Sohle 160 + 80 x 420 mm pro 100\" \/>\n<meta property=\"og:description\" content=\"Entdecken Sie unseren Formbeutel mit Goldsohle 160 + 80 x 420 mm, der ideal ist, um Ihre Kreationen elegant zu verpacken. Perfekt f\u00fcr Geb\u00e4ck und S\u00fc\u00dfigkeiten.\" \/>\n<meta property=\"og:url\" content=\"https:\/\/www.csj-emballages.com\/de\/produit\/50-beutel-mit-goldener-sohle-160-80-x-420-mm\/\" \/>\n<meta property=\"og:site_name\" content=\"CSJ Emballages\" \/>\n<meta property=\"article:publisher\" content=\"https:\/\/www.facebook.com\/csjemballages\" \/>\n<meta property=\"article:modified_time\" content=\"2026-03-25T01:16:34+00:00\" \/>\n<meta property=\"og:image\" content=\"https:\/\/www.csj-emballages.com\/wp-content\/uploads\/2024\/03\/sachet-moulage.webp\" \/>\n\t<meta property=\"og:image:width\" content=\"800\" \/>\n\t<meta property=\"og:image:height\" content=\"800\" \/>\n\t<meta property=\"og:image:type\" content=\"image\/webp\" \/>\n<meta name=\"twitter:card\" content=\"summary_large_image\" \/>\n<meta name=\"twitter:label1\" content=\"Gesch\u00e4tzte Lesezeit\" \/>\n\t<meta name=\"twitter:data1\" content=\"1\u00a0Minute\" \/>\n<script type=\"application\/ld+json\" class=\"yoast-schema-graph\">{\"@context\":\"https:\/\/schema.org\",\"@graph\":[{\"@type\":\"WebPage\",\"@id\":\"https:\/\/www.csj-emballages.com\/de\/produit\/50-beutel-mit-goldener-sohle-160-80-x-420-mm\/\",\"url\":\"https:\/\/www.csj-emballages.com\/de\/produit\/50-beutel-mit-goldener-sohle-160-80-x-420-mm\/\",\"name\":\"Beutel Moulage mit Sohle gold 160 + 80 x 420 mm pro 100\",\"isPartOf\":{\"@id\":\"https:\/\/www.csj-emballages.com\/de\/#website\"},\"primaryImageOfPage\":{\"@id\":\"https:\/\/www.csj-emballages.com\/de\/produit\/50-beutel-mit-goldener-sohle-160-80-x-420-mm\/#primaryimage\"},\"image\":{\"@id\":\"https:\/\/www.csj-emballages.com\/de\/produit\/50-beutel-mit-goldener-sohle-160-80-x-420-mm\/#primaryimage\"},\"thumbnailUrl\":\"https:\/\/www.csj-emballages.com\/wp-content\/uploads\/2024\/03\/sachet-moulage.webp\",\"datePublished\":\"2024-03-01T15:49:12+00:00\",\"dateModified\":\"2026-03-25T01:16:34+00:00\",\"description\":\"Entdecken Sie unseren Formbeutel mit Goldsohle 160 + 80 x 420 mm, der ideal ist, um Ihre Kreationen elegant zu verpacken. Perfekt f\u00fcr Geb\u00e4ck und S\u00fc\u00dfigkeiten.\",\"breadcrumb\":{\"@id\":\"https:\/\/www.csj-emballages.com\/de\/produit\/50-beutel-mit-goldener-sohle-160-80-x-420-mm\/#breadcrumb\"},\"inLanguage\":\"de\",\"potentialAction\":[{\"@type\":\"ReadAction\",\"target\":[\"https:\/\/www.csj-emballages.com\/de\/produit\/50-beutel-mit-goldener-sohle-160-80-x-420-mm\/\"]}]},{\"@type\":\"ImageObject\",\"inLanguage\":\"de\",\"@id\":\"https:\/\/www.csj-emballages.com\/de\/produit\/50-beutel-mit-goldener-sohle-160-80-x-420-mm\/#primaryimage\",\"url\":\"https:\/\/www.csj-emballages.com\/wp-content\/uploads\/2024\/03\/sachet-moulage.webp\",\"contentUrl\":\"https:\/\/www.csj-emballages.com\/wp-content\/uploads\/2024\/03\/sachet-moulage.webp\",\"width\":800,\"height\":800,\"caption\":\"Sachet moulage\"},{\"@type\":\"BreadcrumbList\",\"@id\":\"https:\/\/www.csj-emballages.com\/de\/produit\/50-beutel-mit-goldener-sohle-160-80-x-420-mm\/#breadcrumb\",\"itemListElement\":[{\"@type\":\"ListItem\",\"position\":1,\"name\":\"Accueil\",\"item\":\"https:\/\/www.csj-emballages.com\/de\/universum-lebensmittelverpackungen\/\"},{\"@type\":\"ListItem\",\"position\":2,\"name\":\"Shop\",\"item\":\"https:\/\/www.csj-emballages.com\/shop\/\"},{\"@type\":\"ListItem\",\"position\":3,\"name\":\"Formbeutel mit goldener Sohle 160 + 80 x 420 mm pro 100\"}]},{\"@type\":\"WebSite\",\"@id\":\"https:\/\/www.csj-emballages.com\/de\/#website\",\"url\":\"https:\/\/www.csj-emballages.com\/de\/\",\"name\":\"CSJ Emballages\",\"description\":\"\",\"publisher\":{\"@id\":\"https:\/\/www.csj-emballages.com\/de\/#organization\"},\"potentialAction\":[{\"@type\":\"SearchAction\",\"target\":{\"@type\":\"EntryPoint\",\"urlTemplate\":\"https:\/\/www.csj-emballages.com\/de\/?s={search_term_string}\"},\"query-input\":{\"@type\":\"PropertyValueSpecification\",\"valueRequired\":true,\"valueName\":\"search_term_string\"}}],\"inLanguage\":\"de\"},{\"@type\":\"Organization\",\"@id\":\"https:\/\/www.csj-emballages.com\/de\/#Organization\/\",\"name\":\"CSJ Emballages\",\"url\":\"https:\/\/www.csj-emballages.com\/de\/\",\"logo\":{\"@type\":\"ImageObject\",\"inLanguage\":\"de\",\"@id\":\"https:\/\/www.csj-emballages.com\/de\/#\/schema\/logo\/image\/\",\"url\":\"https:\/\/www.csj-emballages.com\/wp-content\/uploads\/2023\/10\/logo_csj.webp\",\"contentUrl\":\"https:\/\/www.csj-emballages.com\/wp-content\/uploads\/2023\/10\/logo_csj.webp\",\"width\":250,\"height\":95,\"caption\":\"CSJ Emballages\"},\"image\":{\"@id\":\"https:\/\/www.csj-emballages.com\/de\/#\/schema\/logo\/image\/\"},\"sameAs\":[\"https:\/\/www.facebook.com\/csjemballages\"],\"address\":{\"@type\":\"PostalAddress\",\"streetAddress\":\"ZI La Lechere\",\"addressLocality\":\"Patornay\",\"postalCode\":\"39130\",\"addressCountry\":\"FR\"},\"contactPoint\":[{\"@type\":\"ContactPoint\",\"contactType\":\"Service client\",\"telephone\":\"0384254272\",\"email\":\"contact@csj-emballages.com\"}]}]}<\/script>\n<!-- \/ Yoast SEO Premium plugin. -->","yoast_head_json":{"title":"Beutel Moulage mit Sohle gold 160 + 80 x 420 mm pro 100","description":"Entdecken Sie unseren Formbeutel mit Goldsohle 160 + 80 x 420 mm, der ideal ist, um Ihre Kreationen elegant zu verpacken. Perfekt f\u00fcr Geb\u00e4ck und S\u00fc\u00dfigkeiten.","robots":{"index":"index","follow":"follow","max-snippet":"max-snippet:-1","max-image-preview":"max-image-preview:large","max-video-preview":"max-video-preview:-1"},"canonical":"https:\/\/www.csj-emballages.com\/de\/produit\/50-beutel-mit-goldener-sohle-160-80-x-420-mm\/","og_locale":"de_DE","og_type":"article","og_title":"Formbeutel mit goldener Sohle 160 + 80 x 420 mm pro 100","og_description":"Entdecken Sie unseren Formbeutel mit Goldsohle 160 + 80 x 420 mm, der ideal ist, um Ihre Kreationen elegant zu verpacken. Perfekt f\u00fcr Geb\u00e4ck und S\u00fc\u00dfigkeiten.","og_url":"https:\/\/www.csj-emballages.com\/de\/produit\/50-beutel-mit-goldener-sohle-160-80-x-420-mm\/","og_site_name":"CSJ Emballages","article_publisher":"https:\/\/www.facebook.com\/csjemballages","article_modified_time":"2026-03-25T01:16:34+00:00","og_image":[{"width":800,"height":800,"url":"https:\/\/www.csj-emballages.com\/wp-content\/uploads\/2024\/03\/sachet-moulage.webp","type":"image\/webp"}],"twitter_card":"summary_large_image","twitter_misc":{"Gesch\u00e4tzte Lesezeit":"1\u00a0Minute"},"schema":{"@context":"https:\/\/schema.org","@graph":[{"@type":"WebPage","@id":"https:\/\/www.csj-emballages.com\/de\/produit\/50-beutel-mit-goldener-sohle-160-80-x-420-mm\/","url":"https:\/\/www.csj-emballages.com\/de\/produit\/50-beutel-mit-goldener-sohle-160-80-x-420-mm\/","name":"Beutel Moulage mit Sohle gold 160 + 80 x 420 mm pro 100","isPartOf":{"@id":"https:\/\/www.csj-emballages.com\/de\/#website"},"primaryImageOfPage":{"@id":"https:\/\/www.csj-emballages.com\/de\/produit\/50-beutel-mit-goldener-sohle-160-80-x-420-mm\/#primaryimage"},"image":{"@id":"https:\/\/www.csj-emballages.com\/de\/produit\/50-beutel-mit-goldener-sohle-160-80-x-420-mm\/#primaryimage"},"thumbnailUrl":"https:\/\/www.csj-emballages.com\/wp-content\/uploads\/2024\/03\/sachet-moulage.webp","datePublished":"2024-03-01T15:49:12+00:00","dateModified":"2026-03-25T01:16:34+00:00","description":"Entdecken Sie unseren Formbeutel mit Goldsohle 160 + 80 x 420 mm, der ideal ist, um Ihre Kreationen elegant zu verpacken. Perfekt f\u00fcr Geb\u00e4ck und S\u00fc\u00dfigkeiten.","breadcrumb":{"@id":"https:\/\/www.csj-emballages.com\/de\/produit\/50-beutel-mit-goldener-sohle-160-80-x-420-mm\/#breadcrumb"},"inLanguage":"de","potentialAction":[{"@type":"ReadAction","target":["https:\/\/www.csj-emballages.com\/de\/produit\/50-beutel-mit-goldener-sohle-160-80-x-420-mm\/"]}]},{"@type":"ImageObject","inLanguage":"de","@id":"https:\/\/www.csj-emballages.com\/de\/produit\/50-beutel-mit-goldener-sohle-160-80-x-420-mm\/#primaryimage","url":"https:\/\/www.csj-emballages.com\/wp-content\/uploads\/2024\/03\/sachet-moulage.webp","contentUrl":"https:\/\/www.csj-emballages.com\/wp-content\/uploads\/2024\/03\/sachet-moulage.webp","width":800,"height":800,"caption":"Sachet moulage"},{"@type":"BreadcrumbList","@id":"https:\/\/www.csj-emballages.com\/de\/produit\/50-beutel-mit-goldener-sohle-160-80-x-420-mm\/#breadcrumb","itemListElement":[{"@type":"ListItem","position":1,"name":"Accueil","item":"https:\/\/www.csj-emballages.com\/de\/universum-lebensmittelverpackungen\/"},{"@type":"ListItem","position":2,"name":"Shop","item":"https:\/\/www.csj-emballages.com\/shop\/"},{"@type":"ListItem","position":3,"name":"Formbeutel mit goldener Sohle 160 + 80 x 420 mm pro 100"}]},{"@type":"WebSite","@id":"https:\/\/www.csj-emballages.com\/de\/#website","url":"https:\/\/www.csj-emballages.com\/de\/","name":"CSJ Emballages","description":"","publisher":{"@id":"https:\/\/www.csj-emballages.com\/de\/#organization"},"potentialAction":[{"@type":"SearchAction","target":{"@type":"EntryPoint","urlTemplate":"https:\/\/www.csj-emballages.com\/de\/?s={search_term_string}"},"query-input":{"@type":"PropertyValueSpecification","valueRequired":true,"valueName":"search_term_string"}}],"inLanguage":"de"},{"@type":"Organization","@id":"https:\/\/www.csj-emballages.com\/de\/#Organization\/","name":"CSJ Emballages","url":"https:\/\/www.csj-emballages.com\/de\/","logo":{"@type":"ImageObject","inLanguage":"de","@id":"https:\/\/www.csj-emballages.com\/de\/#\/schema\/logo\/image\/","url":"https:\/\/www.csj-emballages.com\/wp-content\/uploads\/2023\/10\/logo_csj.webp","contentUrl":"https:\/\/www.csj-emballages.com\/wp-content\/uploads\/2023\/10\/logo_csj.webp","width":250,"height":95,"caption":"CSJ Emballages"},"image":{"@id":"https:\/\/www.csj-emballages.com\/de\/#\/schema\/logo\/image\/"},"sameAs":["https:\/\/www.facebook.com\/csjemballages"],"address":{"@type":"PostalAddress","streetAddress":"ZI La Lechere","addressLocality":"Patornay","postalCode":"39130","addressCountry":"FR"},"contactPoint":[{"@type":"ContactPoint","contactType":"Service client","telephone":"0384254272","email":"contact@csj-emballages.com"}]}]}},"df_price":33.29,"df_sale_price":"","df_regular_price":33.29,"df_image_link":"https:\/\/www.csj-emballages.com\/wp-content\/uploads\/2024\/03\/sachet-moulage-300x300.webp","tiered_pricing_type":"fixed","tiered_pricing_fixed_rules":[],"tiered_pricing_percentage_rules":[],"tiered_pricing_minimum":1,"tiered_pricing_roles_data":[],"_links":{"self":[{"href":"https:\/\/www.csj-emballages.com\/de\/wp-json\/wp\/v2\/product\/23584","targetHints":{"allow":["GET"]}}],"collection":[{"href":"https:\/\/www.csj-emballages.com\/de\/wp-json\/wp\/v2\/product"}],"about":[{"href":"https:\/\/www.csj-emballages.com\/de\/wp-json\/wp\/v2\/types\/product"}],"wp:featuredmedia":[{"embeddable":true,"href":"https:\/\/www.csj-emballages.com\/de\/wp-json\/wp\/v2\/media\/225996"}],"wp:attachment":[{"href":"https:\/\/www.csj-emballages.com\/de\/wp-json\/wp\/v2\/media?parent=23584"}],"wp:term":[{"taxonomy":"product_brand","embeddable":true,"href":"https:\/\/www.csj-emballages.com\/de\/wp-json\/wp\/v2\/product_brand?post=23584"},{"taxonomy":"product_cat","embeddable":true,"href":"https:\/\/www.csj-emballages.com\/de\/wp-json\/wp\/v2\/product_cat?post=23584"},{"taxonomy":"product_tag","embeddable":true,"href":"https:\/\/www.csj-emballages.com\/de\/wp-json\/wp\/v2\/product_tag?post=23584"}],"curies":[{"name":"wp","href":"https:\/\/api.w.org\/{rel}","templated":true}]}}