{"id":23577,"date":"2024-03-01T16:49:14","date_gmt":"2024-03-01T15:49:14","guid":{"rendered":"https:\/\/u15jnbdpoq.preview.infomaniak.website\/produit\/100-kraftkarton-fondsbeutel-100-x-180-mm\/"},"modified":"2026-05-05T02:19:29","modified_gmt":"2026-05-05T00:19:29","slug":"100-kraftkarton-fondsbeutel-100-x-180-mm","status":"publish","type":"product","link":"https:\/\/www.csj-emballages.com\/de\/produit\/100-kraftkarton-fondsbeutel-100-x-180-mm\/","title":{"rendered":"S\u00fc\u00dfigkeitenbeutel mit Kraftkartonboden 100 x 180 mm, 100 St\u00fcck"},"content":{"rendered":"<h2>S\u00fc\u00dfwarenbeutel Ostern<\/h2>\n<hr>\n<h3>Entdecken Sie unsere Oster-S\u00fc\u00dfigkeitent\u00fcte mit Kartonboden &#8222;Eiersuche&#8220; 100 x 220 mm, 100 St\u00fcck<\/h3>\n<p><!--more--><\/p>\n<p data-start=\"254\" data-end=\"538\">Der <strong>S\u00fc\u00dfigkeitenbeutel mit Kraftkartonboden 100 x 180 mm<\/strong> ist ideal, um Ihre s\u00fc\u00dfen K\u00f6stlichkeiten einfach und elegant zu pr\u00e4sentieren und zu verpacken. Sein <strong>integrierter Kartonboden<\/strong> sorgt f\u00fcr hervorragende Standfestigkeit und erleichtert die Pr\u00e4sentation im Schaufenster und im Laden. <\/p>\n<p data-start=\"540\" data-end=\"810\">Seine transparente Struktur setzt den Inhalt perfekt in Szene, w\u00e4hrend der <strong>Kraftboden<\/strong> f\u00fcr eine nat\u00fcrliche und authentische Note sorgt. Dieser Kontrast schafft eine gepflegte Pr\u00e4sentation, die sich gleicherma\u00dfen f\u00fcr Chocolatiers, Konditoren, B\u00e4ckereien und Fachgesch\u00e4fte eignet. <\/p>\n<p data-start=\"812\" data-end=\"1131\">Mit seinen <strong>Ma\u00dfen 100 x 180 mm<\/strong> eignet sich dieser Beutel perfekt f\u00fcr die Verpackung von <strong>Macarons, Pralinen, Bonbons, Keksen, Dragees oder kleinen Feinkost-Sortimenten<\/strong>. Er l\u00e4sst sich leicht mit einem Band, Kr\u00e4uselband oder einem dekorativen Verschluss schlie\u00dfen und erm\u00f6glicht so eine individuelle Gestaltung f\u00fcr jeden Anlass oder jede Jahreszeit. <\/p>\n<p data-start=\"1133\" data-end=\"1418\">Praktisch und vielseitig ist er die ideale L\u00f6sung f\u00fcr den Au\u00dfer-Haus-Verkauf, Geschenksets oder Sonderaktionen. Verpackt in Einheiten von <strong>100 St\u00fcck<\/strong>, erf\u00fcllt er perfekt die Bed\u00fcrfnisse von Profis, die eine \u00e4sthetische und funktionale Verpackung suchen. <\/p>\n<p data-start=\"1133\" data-end=\"1418\">\n<p data-start=\"1116\" data-end=\"1400\"><!--more--><\/p>\n<h4>Vorteile :<\/h4>\n<ul>\n<li data-start=\"1456\" data-end=\"1500\">Kraftkartonboden f\u00fcr gute Standfestigkeit.<\/li>\n<li data-start=\"1549\" data-end=\"1601\">Format <strong>100 x 180 mm<\/strong>, geeignet f\u00fcr kleine S\u00fc\u00dfwaren.<\/li>\n<li data-start=\"1604\" data-end=\"1640\">Nat\u00fcrliche und elegante Pr\u00e4sentation.<\/li>\n<li data-start=\"1643\" data-end=\"1687\">Individueller Verschluss (Band, Kr\u00e4uselband\u2026).<\/li>\n<li data-start=\"1690\" data-end=\"1743\">Ideal f\u00fcr Pralinen, Macarons, Bonbons und Kekse.<\/li>\n<li data-start=\"1792\" data-end=\"1834\">Praktische Verpackungseinheit von <strong>100 Beuteln<\/strong>.<\/li>\n<\/ul>\n<p>&nbsp;<\/p>\n<p><!--more--><\/p>\n<h4>Weitere Informationen :<\/h4>\n<ul>\n<li><strong>Verpackung<\/strong>: Packung mit 100 St\u00fcck<\/li>\n<li><strong>Ma\u00dfe<\/strong>: 100 x 180 (B x H in mm)<\/li>\n<li><strong>Gr\u00f6\u00dfe des Kartonbodens<\/strong>: 40 x 50 mm<\/li>\n<li><strong>Material<\/strong>: Polypropylen<\/li>\n<li><strong>Dicke<\/strong>: 35 Mikron<\/li>\n<\/ul>\n<p>&nbsp;<\/p>\n<p><!--more--><\/p>\n<p><a href=\"https:\/\/www.csj-emballages.com\/de\/categorie-produit\/lebensmittelverpackungen\/backerei-und-konditorei\/sacke-beutel-und-papier\/beutel-fur-suswaren\/neutrale-beutel-mit-boden\/\">Entdecken Sie unser restliches Sortiment an Beuteln mit Silberkartonboden<\/a><\/p>\n","protected":false},"excerpt":{"rendered":"<p>S\u00fc\u00dfwarenbeutel Ostern Entdecken Sie unsere Oster-S\u00fc\u00dfigkeitent\u00fcte mit Kartonboden &#8222;Eiersuche&#8220; 100 x 220 mm, 100 St\u00fcck<\/p>\n","protected":false},"featured_media":264806,"template":"","meta":{"_acf_changed":false},"product_brand":[],"product_cat":[1137,1171,1678,3490,1487,1265],"product_tag":[],"class_list":{"0":"post-23577","1":"product","2":"type-product","3":"status-publish","4":"has-post-thumbnail","6":"product_cat-lebensmittelverpackungen","7":"product_cat-backerei-und-konditorei","8":"product_cat-beutel-fur-suswaren","9":"product_cat-neutrale-beutel-mit-boden","10":"product_cat-boutique-und-geschaft","11":"product_cat-lagerbestande-promotion","13":"first","14":"outofstock","15":"sale","16":"taxable","17":"shipping-taxable","18":"purchasable","19":"product-type-simple"},"acf":[],"yoast_head":"<!-- This site is optimized with the Yoast SEO Premium plugin v26.6 (Yoast SEO v26.6) - https:\/\/yoast.com\/wordpress\/plugins\/seo\/ -->\n<title>S\u00fc\u00dfigkeitenbeutel mit Kraftkartonboden 100 x 180 mm, 100 St\u00fcck<\/title>\n<meta name=\"description\" content=\"S\u00fc\u00dfigkeitenbeutel mit Kraftkartonboden 100 x 180 mm, 100 St\u00fcck. Ideal f\u00fcr Pralinen, Macarons oder andere kulinarische Geschenke.\" \/>\n<meta name=\"robots\" content=\"index, follow, max-snippet:-1, max-image-preview:large, max-video-preview:-1\" \/>\n<link rel=\"canonical\" href=\"https:\/\/www.csj-emballages.com\/de\/produit\/100-kraftkarton-fondsbeutel-100-x-180-mm\/\" \/>\n<meta property=\"og:locale\" content=\"de_DE\" \/>\n<meta property=\"og:type\" content=\"article\" \/>\n<meta property=\"og:title\" content=\"S\u00fc\u00dfigkeitenbeutel mit Kraftkartonboden 100 x 180 mm, 100 St\u00fcck\" \/>\n<meta property=\"og:description\" content=\"S\u00fc\u00dfigkeitenbeutel mit Kraftkartonboden 100 x 180 mm, 100 St\u00fcck. Ideal f\u00fcr Pralinen, Macarons oder andere kulinarische Geschenke.\" \/>\n<meta property=\"og:url\" content=\"https:\/\/www.csj-emballages.com\/de\/produit\/100-kraftkarton-fondsbeutel-100-x-180-mm\/\" \/>\n<meta property=\"og:site_name\" content=\"CSJ Emballages\" \/>\n<meta property=\"article:publisher\" content=\"https:\/\/www.facebook.com\/csjemballages\" \/>\n<meta property=\"article:modified_time\" content=\"2026-05-05T00:19:29+00:00\" \/>\n<meta property=\"og:image\" content=\"https:\/\/www.csj-emballages.com\/wp-content\/uploads\/2024\/03\/SFNT2K.webp\" \/>\n\t<meta property=\"og:image:width\" content=\"800\" \/>\n\t<meta property=\"og:image:height\" content=\"800\" \/>\n\t<meta property=\"og:image:type\" content=\"image\/webp\" \/>\n<meta name=\"twitter:card\" content=\"summary_large_image\" \/>\n<meta name=\"twitter:label1\" content=\"Gesch\u00e4tzte Lesezeit\" \/>\n\t<meta name=\"twitter:data1\" content=\"1\u00a0Minute\" \/>\n<script type=\"application\/ld+json\" class=\"yoast-schema-graph\">{\"@context\":\"https:\/\/schema.org\",\"@graph\":[{\"@type\":\"WebPage\",\"@id\":\"https:\/\/www.csj-emballages.com\/de\/produit\/100-kraftkarton-fondsbeutel-100-x-180-mm\/\",\"url\":\"https:\/\/www.csj-emballages.com\/de\/produit\/100-kraftkarton-fondsbeutel-100-x-180-mm\/\",\"name\":\"S\u00fc\u00dfigkeitenbeutel mit Kraftkartonboden 100 x 180 mm, 100 St\u00fcck\",\"isPartOf\":{\"@id\":\"https:\/\/www.csj-emballages.com\/de\/#website\"},\"primaryImageOfPage\":{\"@id\":\"https:\/\/www.csj-emballages.com\/de\/produit\/100-kraftkarton-fondsbeutel-100-x-180-mm\/#primaryimage\"},\"image\":{\"@id\":\"https:\/\/www.csj-emballages.com\/de\/produit\/100-kraftkarton-fondsbeutel-100-x-180-mm\/#primaryimage\"},\"thumbnailUrl\":\"https:\/\/www.csj-emballages.com\/wp-content\/uploads\/2024\/03\/SFNT2K.webp\",\"datePublished\":\"2024-03-01T15:49:14+00:00\",\"dateModified\":\"2026-05-05T00:19:29+00:00\",\"description\":\"S\u00fc\u00dfigkeitenbeutel mit Kraftkartonboden 100 x 180 mm, 100 St\u00fcck. Ideal f\u00fcr Pralinen, Macarons oder andere kulinarische Geschenke.\",\"breadcrumb\":{\"@id\":\"https:\/\/www.csj-emballages.com\/de\/produit\/100-kraftkarton-fondsbeutel-100-x-180-mm\/#breadcrumb\"},\"inLanguage\":\"de\",\"potentialAction\":[{\"@type\":\"ReadAction\",\"target\":[\"https:\/\/www.csj-emballages.com\/de\/produit\/100-kraftkarton-fondsbeutel-100-x-180-mm\/\"]}]},{\"@type\":\"ImageObject\",\"inLanguage\":\"de\",\"@id\":\"https:\/\/www.csj-emballages.com\/de\/produit\/100-kraftkarton-fondsbeutel-100-x-180-mm\/#primaryimage\",\"url\":\"https:\/\/www.csj-emballages.com\/wp-content\/uploads\/2024\/03\/SFNT2K.webp\",\"contentUrl\":\"https:\/\/www.csj-emballages.com\/wp-content\/uploads\/2024\/03\/SFNT2K.webp\",\"width\":800,\"height\":800,\"caption\":\"Sachet confiseries\"},{\"@type\":\"BreadcrumbList\",\"@id\":\"https:\/\/www.csj-emballages.com\/de\/produit\/100-kraftkarton-fondsbeutel-100-x-180-mm\/#breadcrumb\",\"itemListElement\":[{\"@type\":\"ListItem\",\"position\":1,\"name\":\"Accueil\",\"item\":\"https:\/\/www.csj-emballages.com\/de\/universum-lebensmittelverpackungen\/\"},{\"@type\":\"ListItem\",\"position\":2,\"name\":\"Shop\",\"item\":\"https:\/\/www.csj-emballages.com\/shop\/\"},{\"@type\":\"ListItem\",\"position\":3,\"name\":\"S\u00fc\u00dfigkeitenbeutel mit Kraftkartonboden 100 x 180 mm, 100 St\u00fcck\"}]},{\"@type\":\"WebSite\",\"@id\":\"https:\/\/www.csj-emballages.com\/de\/#website\",\"url\":\"https:\/\/www.csj-emballages.com\/de\/\",\"name\":\"CSJ Emballages\",\"description\":\"\",\"publisher\":{\"@id\":\"https:\/\/www.csj-emballages.com\/de\/#organization\"},\"potentialAction\":[{\"@type\":\"SearchAction\",\"target\":{\"@type\":\"EntryPoint\",\"urlTemplate\":\"https:\/\/www.csj-emballages.com\/de\/?s={search_term_string}\"},\"query-input\":{\"@type\":\"PropertyValueSpecification\",\"valueRequired\":true,\"valueName\":\"search_term_string\"}}],\"inLanguage\":\"de\"},{\"@type\":\"Organization\",\"@id\":\"https:\/\/www.csj-emballages.com\/de\/#Organization\/\",\"name\":\"CSJ Emballages\",\"url\":\"https:\/\/www.csj-emballages.com\/de\/\",\"logo\":{\"@type\":\"ImageObject\",\"inLanguage\":\"de\",\"@id\":\"https:\/\/www.csj-emballages.com\/de\/#\/schema\/logo\/image\/\",\"url\":\"https:\/\/www.csj-emballages.com\/wp-content\/uploads\/2023\/10\/logo_csj.webp\",\"contentUrl\":\"https:\/\/www.csj-emballages.com\/wp-content\/uploads\/2023\/10\/logo_csj.webp\",\"width\":250,\"height\":95,\"caption\":\"CSJ Emballages\"},\"image\":{\"@id\":\"https:\/\/www.csj-emballages.com\/de\/#\/schema\/logo\/image\/\"},\"sameAs\":[\"https:\/\/www.facebook.com\/csjemballages\"],\"address\":{\"@type\":\"PostalAddress\",\"streetAddress\":\"ZI La Lechere\",\"addressLocality\":\"Patornay\",\"postalCode\":\"39130\",\"addressCountry\":\"FR\"},\"contactPoint\":[{\"@type\":\"ContactPoint\",\"contactType\":\"Service client\",\"telephone\":\"0384254272\",\"email\":\"contact@csj-emballages.com\"}]}]}<\/script>\n<!-- \/ Yoast SEO Premium plugin. -->","yoast_head_json":{"title":"S\u00fc\u00dfigkeitenbeutel mit Kraftkartonboden 100 x 180 mm, 100 St\u00fcck","description":"S\u00fc\u00dfigkeitenbeutel mit Kraftkartonboden 100 x 180 mm, 100 St\u00fcck. Ideal f\u00fcr Pralinen, Macarons oder andere kulinarische Geschenke.","robots":{"index":"index","follow":"follow","max-snippet":"max-snippet:-1","max-image-preview":"max-image-preview:large","max-video-preview":"max-video-preview:-1"},"canonical":"https:\/\/www.csj-emballages.com\/de\/produit\/100-kraftkarton-fondsbeutel-100-x-180-mm\/","og_locale":"de_DE","og_type":"article","og_title":"S\u00fc\u00dfigkeitenbeutel mit Kraftkartonboden 100 x 180 mm, 100 St\u00fcck","og_description":"S\u00fc\u00dfigkeitenbeutel mit Kraftkartonboden 100 x 180 mm, 100 St\u00fcck. Ideal f\u00fcr Pralinen, Macarons oder andere kulinarische Geschenke.","og_url":"https:\/\/www.csj-emballages.com\/de\/produit\/100-kraftkarton-fondsbeutel-100-x-180-mm\/","og_site_name":"CSJ Emballages","article_publisher":"https:\/\/www.facebook.com\/csjemballages","article_modified_time":"2026-05-05T00:19:29+00:00","og_image":[{"width":800,"height":800,"url":"https:\/\/www.csj-emballages.com\/wp-content\/uploads\/2024\/03\/SFNT2K.webp","type":"image\/webp"}],"twitter_card":"summary_large_image","twitter_misc":{"Gesch\u00e4tzte Lesezeit":"1\u00a0Minute"},"schema":{"@context":"https:\/\/schema.org","@graph":[{"@type":"WebPage","@id":"https:\/\/www.csj-emballages.com\/de\/produit\/100-kraftkarton-fondsbeutel-100-x-180-mm\/","url":"https:\/\/www.csj-emballages.com\/de\/produit\/100-kraftkarton-fondsbeutel-100-x-180-mm\/","name":"S\u00fc\u00dfigkeitenbeutel mit Kraftkartonboden 100 x 180 mm, 100 St\u00fcck","isPartOf":{"@id":"https:\/\/www.csj-emballages.com\/de\/#website"},"primaryImageOfPage":{"@id":"https:\/\/www.csj-emballages.com\/de\/produit\/100-kraftkarton-fondsbeutel-100-x-180-mm\/#primaryimage"},"image":{"@id":"https:\/\/www.csj-emballages.com\/de\/produit\/100-kraftkarton-fondsbeutel-100-x-180-mm\/#primaryimage"},"thumbnailUrl":"https:\/\/www.csj-emballages.com\/wp-content\/uploads\/2024\/03\/SFNT2K.webp","datePublished":"2024-03-01T15:49:14+00:00","dateModified":"2026-05-05T00:19:29+00:00","description":"S\u00fc\u00dfigkeitenbeutel mit Kraftkartonboden 100 x 180 mm, 100 St\u00fcck. Ideal f\u00fcr Pralinen, Macarons oder andere kulinarische Geschenke.","breadcrumb":{"@id":"https:\/\/www.csj-emballages.com\/de\/produit\/100-kraftkarton-fondsbeutel-100-x-180-mm\/#breadcrumb"},"inLanguage":"de","potentialAction":[{"@type":"ReadAction","target":["https:\/\/www.csj-emballages.com\/de\/produit\/100-kraftkarton-fondsbeutel-100-x-180-mm\/"]}]},{"@type":"ImageObject","inLanguage":"de","@id":"https:\/\/www.csj-emballages.com\/de\/produit\/100-kraftkarton-fondsbeutel-100-x-180-mm\/#primaryimage","url":"https:\/\/www.csj-emballages.com\/wp-content\/uploads\/2024\/03\/SFNT2K.webp","contentUrl":"https:\/\/www.csj-emballages.com\/wp-content\/uploads\/2024\/03\/SFNT2K.webp","width":800,"height":800,"caption":"Sachet confiseries"},{"@type":"BreadcrumbList","@id":"https:\/\/www.csj-emballages.com\/de\/produit\/100-kraftkarton-fondsbeutel-100-x-180-mm\/#breadcrumb","itemListElement":[{"@type":"ListItem","position":1,"name":"Accueil","item":"https:\/\/www.csj-emballages.com\/de\/universum-lebensmittelverpackungen\/"},{"@type":"ListItem","position":2,"name":"Shop","item":"https:\/\/www.csj-emballages.com\/shop\/"},{"@type":"ListItem","position":3,"name":"S\u00fc\u00dfigkeitenbeutel mit Kraftkartonboden 100 x 180 mm, 100 St\u00fcck"}]},{"@type":"WebSite","@id":"https:\/\/www.csj-emballages.com\/de\/#website","url":"https:\/\/www.csj-emballages.com\/de\/","name":"CSJ Emballages","description":"","publisher":{"@id":"https:\/\/www.csj-emballages.com\/de\/#organization"},"potentialAction":[{"@type":"SearchAction","target":{"@type":"EntryPoint","urlTemplate":"https:\/\/www.csj-emballages.com\/de\/?s={search_term_string}"},"query-input":{"@type":"PropertyValueSpecification","valueRequired":true,"valueName":"search_term_string"}}],"inLanguage":"de"},{"@type":"Organization","@id":"https:\/\/www.csj-emballages.com\/de\/#Organization\/","name":"CSJ Emballages","url":"https:\/\/www.csj-emballages.com\/de\/","logo":{"@type":"ImageObject","inLanguage":"de","@id":"https:\/\/www.csj-emballages.com\/de\/#\/schema\/logo\/image\/","url":"https:\/\/www.csj-emballages.com\/wp-content\/uploads\/2023\/10\/logo_csj.webp","contentUrl":"https:\/\/www.csj-emballages.com\/wp-content\/uploads\/2023\/10\/logo_csj.webp","width":250,"height":95,"caption":"CSJ Emballages"},"image":{"@id":"https:\/\/www.csj-emballages.com\/de\/#\/schema\/logo\/image\/"},"sameAs":["https:\/\/www.facebook.com\/csjemballages"],"address":{"@type":"PostalAddress","streetAddress":"ZI La Lechere","addressLocality":"Patornay","postalCode":"39130","addressCountry":"FR"},"contactPoint":[{"@type":"ContactPoint","contactType":"Service client","telephone":"0384254272","email":"contact@csj-emballages.com"}]}]}},"df_price":7.32,"df_sale_price":7.32,"df_regular_price":10.46,"df_image_link":"https:\/\/www.csj-emballages.com\/wp-content\/uploads\/2024\/03\/SFNT2K-300x300.webp","tiered_pricing_type":"fixed","tiered_pricing_fixed_rules":[],"tiered_pricing_percentage_rules":[],"tiered_pricing_minimum":1,"tiered_pricing_roles_data":[],"_links":{"self":[{"href":"https:\/\/www.csj-emballages.com\/de\/wp-json\/wp\/v2\/product\/23577","targetHints":{"allow":["GET"]}}],"collection":[{"href":"https:\/\/www.csj-emballages.com\/de\/wp-json\/wp\/v2\/product"}],"about":[{"href":"https:\/\/www.csj-emballages.com\/de\/wp-json\/wp\/v2\/types\/product"}],"wp:featuredmedia":[{"embeddable":true,"href":"https:\/\/www.csj-emballages.com\/de\/wp-json\/wp\/v2\/media\/264806"}],"wp:attachment":[{"href":"https:\/\/www.csj-emballages.com\/de\/wp-json\/wp\/v2\/media?parent=23577"}],"wp:term":[{"taxonomy":"product_brand","embeddable":true,"href":"https:\/\/www.csj-emballages.com\/de\/wp-json\/wp\/v2\/product_brand?post=23577"},{"taxonomy":"product_cat","embeddable":true,"href":"https:\/\/www.csj-emballages.com\/de\/wp-json\/wp\/v2\/product_cat?post=23577"},{"taxonomy":"product_tag","embeddable":true,"href":"https:\/\/www.csj-emballages.com\/de\/wp-json\/wp\/v2\/product_tag?post=23577"}],"curies":[{"name":"wp","href":"https:\/\/api.w.org\/{rel}","templated":true}]}}