{"id":23575,"date":"2024-03-01T16:49:14","date_gmt":"2024-03-01T15:49:14","guid":{"rendered":"https:\/\/u15jnbdpoq.preview.infomaniak.website\/produit\/100-beutel-aus-silbernem-karton-100-x-220-mm\/"},"modified":"2026-05-08T02:16:09","modified_gmt":"2026-05-08T00:16:09","slug":"100-beutel-aus-silbernem-karton-100-x-220-mm","status":"publish","type":"product","link":"https:\/\/www.csj-emballages.com\/de\/produit\/100-beutel-aus-silbernem-karton-100-x-220-mm\/","title":{"rendered":"Bodenbeutel mit Kartonboden, silber, 100 x 220 mm, 100 St\u00fcck"},"content":{"rendered":"<div style=\"font-family: Roboto, sans-serif;\">\n<div style=\"font-family: Roboto, sans-serif;\">\n<div style=\"font-family: Roboto, sans-serif;\">\n<div style=\"font-family: Roboto, sans-serif;\">\n<div style=\"font-family: Roboto, sans-serif;\">\n<div style=\"font-family: Roboto, sans-serif;\">\n<div style=\"font-family: Roboto, sans-serif;\">\n<div style=\"font-family: Roboto, sans-serif;\">\n<div style=\"font-family: Roboto, sans-serif;\">\n<div style=\"font-family: Roboto, sans-serif;\">\n<div style=\"font-family: Roboto, sans-serif;\">\n<div style=\"font-family: Roboto, sans-serif;\">\n<div style=\"font-family: Roboto, sans-serif;\">\n<div style=\"font-family: Roboto, sans-serif;\">\n<div style=\"font-family: Roboto, sans-serif;\">\n<div style=\"font-family: Roboto, sans-serif;\">\n<div style=\"font-family: Roboto, sans-serif;\">\n<div style=\"font-family: Roboto, sans-serif;\">\n<div class=\"flex flex-grow flex-col max-w-full\">\n<div class=\"min-h-[20px] text-message flex flex-col items-start whitespace-pre-wrap break-words [.text-message+&amp;]:mt-5 juice:w-full juice:items-end overflow-x-auto gap-2\" dir=\"auto\" data-message-author-role=\"assistant\" data-message-id=\"2034782e-88f9-44ef-b4dc-07dd7bf0115f\">\n<div class=\"flex w-full flex-col gap-1 juice:empty:hidden juice:first:pt-[3px]\">\n<div class=\"markdown prose w-full break-words dark:prose-invert light\">\n<div style=\"font-family: Roboto, sans-serif;\">\n<div style=\"font-family: Roboto, sans-serif;\">\n<div style=\"font-family: Roboto, sans-serif;\">\n<div style=\"font-family: Roboto, sans-serif;\">\n<div style=\"font-family: Roboto, sans-serif;\">\n<div style=\"font-family: Roboto, sans-serif;\">\n<h2>Kartonbodenbeutel<\/h2>\n<div style=\"font-family: Roboto, sans-serif;\">\n<div style=\"font-family: Roboto, sans-serif;\">\n<div style=\"font-family: Roboto, sans-serif;\">\n<div style=\"text-align: center;\">\n<div style=\"font-family: Roboto, sans-serif;\">\n<div style=\"font-family: Roboto, sans-serif;\">\n<div style=\"font-family: Roboto, sans-serif;\">\n<div style=\"font-family: Roboto, sans-serif;\">\n<div style=\"font-family: Roboto, sans-serif;\">\n<div style=\"font-family: Roboto, sans-serif; text-align: left;\">\n<hr>\n<h3 style=\"text-align: left;\">Beschreibung unseres Bodenbeutels mit Kartonboden, silber, 100 x 220 mm, 100 St\u00fcck<!--more--><\/h3>\n<div class=\"flex max-w-full flex-col flex-grow\">\n<div class=\"min-h-8 text-message flex w-full flex-col items-end gap-2 whitespace-normal break-words [.text-message+&amp;]:mt-5\" dir=\"auto\" data-message-author-role=\"assistant\" data-message-id=\"04612210-3050-4d56-a9ea-c0287ae476e9\" data-message-model-slug=\"gpt-4o\">\n<div class=\"flex w-full flex-col gap-1 empty:hidden first:pt-[3px]\">\n<div class=\"markdown prose w-full break-words dark:prose-invert light\">\n<p>Entdecken Sie unsere <strong>Beutel<\/strong> mit <strong>Kartonboden<\/strong> (35 Mikron), die f\u00fcr Ihre professionellen oder pers\u00f6nlichen Verpackungsbed\u00fcrfnisse entwickelt wurden. Diese <strong>transparenten Beutel<\/strong> werden haupts\u00e4chlich von B\u00e4ckereien, Konditoreien und Chocolaterien verwendet, sind aber auch f\u00fcr Privatpersonen geeignet. Sie sind ideal f\u00fcr die Verpackung von S\u00fc\u00dfwaren, kleiner Schokolade, Bonbons, Papilloten und vielem mehr. Dar\u00fcber hinaus ist der <strong>transparente Beutel<\/strong> in der Gr\u00f6\u00dfe <strong>100 x 220 mm<\/strong> f\u00fcr kleine Artikel geeignet.<\/p>\n<p>Diese <strong>transparenten Plastikt\u00fcten<\/strong> bieten dank ihres <strong>Kartonbodens<\/strong> eine gepflegte Pr\u00e4sentation Ihrer Produkte und garantieren gleichzeitig einen perfekten Halt. Sie sind die ideale L\u00f6sung, um Ihre handgefertigten Kreationen aufzuwerten und jedem Anlass einen eleganten Touch zu verleihen. Das praktische Format erleichtert den Transport und sorgt f\u00fcr optimale Sicherheit auf Reisen, sei es f\u00fcr den pers\u00f6nlichen Gebrauch oder f\u00fcr Ihre Kunden.<\/p>\n<p>Die Transparenz erm\u00f6glicht eine sch\u00f6ne visuelle Pr\u00e4sentation, die Ihre S\u00fc\u00dfigkeiten zeigt, ohne ihren Schutz zu beeintr\u00e4chtigen. Zusammenfassend sind diese <strong>Beutel<\/strong> <strong>S\u00fc\u00dfwaren<\/strong> <strong>neutralen<\/strong> eine einfache und effektive Alternative, um Ihre Leckereien zu verkaufen und zu transportieren, w\u00e4hrend sie ihre Frische und ihr Aussehen bewahren.<\/p>\n<p>In der \u00dcbergangszeit sind sie aufgrund ihrer einfachen Handhabung sowohl f\u00fcr die professionelle S\u00fc\u00dfwarenindustrie als auch f\u00fcr den anspruchsvollen Privathaushalt unverzichtbar. Entscheiden Sie sich f\u00fcr diesen praktischen und \u00e4sthetischen <strong>transparenten Plastikbeutel<\/strong>, der ein angenehmes Einkaufs- und Genusserlebnis garantiert.<\/p>\n<p>&nbsp;<\/p>\n<\/div>\n<\/div>\n<\/div>\n<\/div>\n<\/div>\n<\/div>\n<\/div>\n<\/div>\n<\/div>\n<\/div>\n<\/div>\n<\/div>\n<\/div>\n<\/div>\n<\/div>\n<\/div>\n<\/div>\n<\/div>\n<\/div>\n<\/div>\n<\/div>\n<\/div>\n<\/div>\n<\/div>\n<div class=\"flex flex-grow flex-col max-w-full\">\n<div class=\"min-h-[20px] text-message flex flex-col items-start whitespace-pre-wrap break-words [.text-message+&amp;]:mt-5 juice:w-full juice:items-end overflow-x-auto gap-2\" dir=\"auto\" data-message-author-role=\"assistant\" data-message-id=\"2034782e-88f9-44ef-b4dc-07dd7bf0115f\">\n<div class=\"flex w-full flex-col gap-1 juice:empty:hidden juice:first:pt-[3px]\">\n<div class=\"markdown prose w-full break-words dark:prose-invert light\">\n<div style=\"font-family: Roboto, sans-serif;\">\n<div style=\"font-family: Roboto, sans-serif;\">\n<div style=\"font-family: Roboto, sans-serif;\">\n<div style=\"font-family: Roboto, sans-serif;\">\n<div style=\"font-family: Roboto, sans-serif;\">\n<div style=\"font-family: Roboto, sans-serif;\">\n<p><!--more--><\/p>\n<h4 style=\"text-align: left;\"><strong>Die Vorteile von Klarsichtbeuteln mit Boden aus silbernem Karton 100 x 220 mm :<\/strong><\/h4>\n<ul style=\"text-align: left;\">\n<li><strong>Optimaler Schutz<\/strong>: Diese <strong>Beutel<\/strong> bieten eine effektive Barriere gegen Feuchtigkeit und Staub und sch\u00fctzen so Ihre Produkte.<\/li>\n<li><strong>Gepflegte \u00c4sthetik<\/strong>: Dank ihrer Transparenz und dem Kartonboden bringen sie Ihre S\u00fc\u00dfwaren zur Geltung und sehen dabei elegant aus.<\/li>\n<li><strong>Vielseitigkeit<\/strong>: Sie eignen sich f\u00fcr eine Vielzahl von Produkten, sowohl f\u00fcr Schokolade als auch f\u00fcr Bonbons und Papilloten.<\/li>\n<li><strong>Praktisch<\/strong>: Das praktische Format erleichtert das Verpacken und den Transport Ihrer kleinen Leckereien, ideal f\u00fcr den professionellen und privaten Gebrauch.<\/li>\n<\/ul>\n<\/div>\n<\/div>\n<\/div>\n<\/div>\n<\/div>\n<\/div>\n<\/div>\n<\/div>\n<\/div>\n<\/div>\n<\/div>\n<\/div>\n<p>&nbsp;<\/p>\n<\/div>\n<\/div>\n<\/div>\n<\/div>\n<\/div>\n<\/div>\n<\/div>\n<\/div>\n<\/div>\n<\/div>\n<\/div>\n<p><!--more--><\/p>\n<h4>Weitere Informationen :<\/h4>\n<ul style=\"font-family: Roboto, sans-serif;\">\n<li><strong>Gr\u00f6\u00dfe des Kartonbodens <\/strong><strong>:<\/strong> 60 mm x 37 mm<\/li>\n<li><strong>Verpackung<\/strong>: 100 transparente Beutel pro Packung und 10 Packungen pro Karton<\/li>\n<li><strong>Verschluss: <\/strong>Diese Beutel k\u00f6nnen hei\u00dfgesiegelt werden.<\/li>\n<\/ul>\n<p>&nbsp;<\/p>\n<p style=\"text-align: left;\"><!--more--><\/p>\n<p><a href=\"\/?product_cat=sachets-neutres-avec-fond\">Sehen Sie sich den Rest unseres Sortiments an neutralen Beuteln mit Boden an<\/a><\/p>\n<\/div>\n<\/div>\n<\/div>\n<\/div>\n<\/div>\n","protected":false},"excerpt":{"rendered":"<p>Beutel f\u00fcr S\u00fc\u00dfwaren wie Bonbons, Schokolade, Kekse&#8230;<\/p>\n<p>Konfektioniert aus OPP mit silbernem Kartonboden.<\/p>\n","protected":false},"featured_media":259031,"template":"","meta":{"_acf_changed":false},"product_brand":[],"product_cat":[1137,1171,1678,3490],"product_tag":[],"class_list":{"0":"post-23575","1":"product","2":"type-product","3":"status-publish","4":"has-post-thumbnail","6":"product_cat-lebensmittelverpackungen","7":"product_cat-backerei-und-konditorei","8":"product_cat-beutel-fur-suswaren","9":"product_cat-neutrale-beutel-mit-boden","11":"first","12":"instock","13":"taxable","14":"shipping-taxable","15":"purchasable","16":"product-type-simple"},"acf":[],"yoast_head":"<!-- This site is optimized with the Yoast SEO Premium plugin v26.6 (Yoast SEO v26.6) - https:\/\/yoast.com\/wordpress\/plugins\/seo\/ -->\n<title>Transparenter Beutel f\u00fcr Lebensmittel mit Kartonboden 100 x 220 mm<\/title>\n<meta name=\"description\" content=\"Kaufen Sie Transparente T\u00fcte &quot;Neutral&quot; mit Kartonboden. Ideal zum Pr\u00e4sentieren und Verpacken Ihrer h\u00fcbschen Konfektzusammenstellungen!\" \/>\n<meta name=\"robots\" content=\"index, follow, max-snippet:-1, max-image-preview:large, max-video-preview:-1\" \/>\n<link rel=\"canonical\" href=\"https:\/\/www.csj-emballages.com\/de\/produit\/100-beutel-aus-silbernem-karton-100-x-220-mm\/\" \/>\n<meta property=\"og:locale\" content=\"de_DE\" \/>\n<meta property=\"og:type\" content=\"article\" \/>\n<meta property=\"og:title\" content=\"Transparenter Beutel - f\u00fcr S\u00fc\u00dfwaren 100 x 220 mm\" \/>\n<meta property=\"og:description\" content=\"Kaufen Sie Transparente T\u00fcte &quot;Neutral&quot; mit Kartonboden. Ideal zum Pr\u00e4sentieren und Verpacken Ihrer h\u00fcbschen Konfektzusammenstellungen!\" \/>\n<meta property=\"og:url\" content=\"https:\/\/www.csj-emballages.com\/de\/produit\/100-beutel-aus-silbernem-karton-100-x-220-mm\/\" \/>\n<meta property=\"og:site_name\" content=\"CSJ Emballages\" \/>\n<meta property=\"article:publisher\" content=\"https:\/\/www.facebook.com\/csjemballages\" \/>\n<meta property=\"article:modified_time\" content=\"2026-05-08T00:16:09+00:00\" \/>\n<meta property=\"og:image\" content=\"https:\/\/www.csj-emballages.com\/wp-content\/uploads\/2024\/03\/SFNEUTRET.webp\" \/>\n\t<meta property=\"og:image:width\" content=\"800\" \/>\n\t<meta property=\"og:image:height\" content=\"800\" \/>\n\t<meta property=\"og:image:type\" content=\"image\/webp\" \/>\n<meta name=\"twitter:card\" content=\"summary_large_image\" \/>\n<meta name=\"twitter:title\" content=\"Bodenbeutel mit Kartonboden, silber, 100 x 220 mm, 100 St\u00fcck\" \/>\n<meta name=\"twitter:label1\" content=\"Gesch\u00e4tzte Lesezeit\" \/>\n\t<meta name=\"twitter:data1\" content=\"2 Minuten\" \/>\n<script type=\"application\/ld+json\" class=\"yoast-schema-graph\">{\"@context\":\"https:\/\/schema.org\",\"@graph\":[{\"@type\":\"WebPage\",\"@id\":\"https:\/\/www.csj-emballages.com\/de\/produit\/100-beutel-aus-silbernem-karton-100-x-220-mm\/\",\"url\":\"https:\/\/www.csj-emballages.com\/de\/produit\/100-beutel-aus-silbernem-karton-100-x-220-mm\/\",\"name\":\"Transparenter Beutel f\u00fcr Lebensmittel mit Kartonboden 100 x 220 mm\",\"isPartOf\":{\"@id\":\"https:\/\/www.csj-emballages.com\/de\/#website\"},\"primaryImageOfPage\":{\"@id\":\"https:\/\/www.csj-emballages.com\/de\/produit\/100-beutel-aus-silbernem-karton-100-x-220-mm\/#primaryimage\"},\"image\":{\"@id\":\"https:\/\/www.csj-emballages.com\/de\/produit\/100-beutel-aus-silbernem-karton-100-x-220-mm\/#primaryimage\"},\"thumbnailUrl\":\"https:\/\/www.csj-emballages.com\/wp-content\/uploads\/2024\/03\/SFNEUTRET.webp\",\"datePublished\":\"2024-03-01T15:49:14+00:00\",\"dateModified\":\"2026-05-08T00:16:09+00:00\",\"description\":\"Kaufen Sie Transparente T\u00fcte \\\"Neutral\\\" mit Kartonboden. Ideal zum Pr\u00e4sentieren und Verpacken Ihrer h\u00fcbschen Konfektzusammenstellungen!\",\"breadcrumb\":{\"@id\":\"https:\/\/www.csj-emballages.com\/de\/produit\/100-beutel-aus-silbernem-karton-100-x-220-mm\/#breadcrumb\"},\"inLanguage\":\"de\",\"potentialAction\":[{\"@type\":\"ReadAction\",\"target\":[\"https:\/\/www.csj-emballages.com\/de\/produit\/100-beutel-aus-silbernem-karton-100-x-220-mm\/\"]}]},{\"@type\":\"ImageObject\",\"inLanguage\":\"de\",\"@id\":\"https:\/\/www.csj-emballages.com\/de\/produit\/100-beutel-aus-silbernem-karton-100-x-220-mm\/#primaryimage\",\"url\":\"https:\/\/www.csj-emballages.com\/wp-content\/uploads\/2024\/03\/SFNEUTRET.webp\",\"contentUrl\":\"https:\/\/www.csj-emballages.com\/wp-content\/uploads\/2024\/03\/SFNEUTRET.webp\",\"width\":800,\"height\":800,\"caption\":\"Sachet fond carton\"},{\"@type\":\"BreadcrumbList\",\"@id\":\"https:\/\/www.csj-emballages.com\/de\/produit\/100-beutel-aus-silbernem-karton-100-x-220-mm\/#breadcrumb\",\"itemListElement\":[{\"@type\":\"ListItem\",\"position\":1,\"name\":\"Accueil\",\"item\":\"https:\/\/www.csj-emballages.com\/de\/universum-lebensmittelverpackungen\/\"},{\"@type\":\"ListItem\",\"position\":2,\"name\":\"Shop\",\"item\":\"https:\/\/www.csj-emballages.com\/shop\/\"},{\"@type\":\"ListItem\",\"position\":3,\"name\":\"Bodenbeutel mit Kartonboden, silber, 100 x 220 mm, 100 St\u00fcck\"}]},{\"@type\":\"WebSite\",\"@id\":\"https:\/\/www.csj-emballages.com\/de\/#website\",\"url\":\"https:\/\/www.csj-emballages.com\/de\/\",\"name\":\"CSJ Emballages\",\"description\":\"\",\"publisher\":{\"@id\":\"https:\/\/www.csj-emballages.com\/de\/#organization\"},\"potentialAction\":[{\"@type\":\"SearchAction\",\"target\":{\"@type\":\"EntryPoint\",\"urlTemplate\":\"https:\/\/www.csj-emballages.com\/de\/?s={search_term_string}\"},\"query-input\":{\"@type\":\"PropertyValueSpecification\",\"valueRequired\":true,\"valueName\":\"search_term_string\"}}],\"inLanguage\":\"de\"},{\"@type\":\"Organization\",\"@id\":\"https:\/\/www.csj-emballages.com\/de\/#Organization\/\",\"name\":\"CSJ Emballages\",\"url\":\"https:\/\/www.csj-emballages.com\/de\/\",\"logo\":{\"@type\":\"ImageObject\",\"inLanguage\":\"de\",\"@id\":\"https:\/\/www.csj-emballages.com\/de\/#\/schema\/logo\/image\/\",\"url\":\"https:\/\/www.csj-emballages.com\/wp-content\/uploads\/2023\/10\/logo_csj.webp\",\"contentUrl\":\"https:\/\/www.csj-emballages.com\/wp-content\/uploads\/2023\/10\/logo_csj.webp\",\"width\":250,\"height\":95,\"caption\":\"CSJ Emballages\"},\"image\":{\"@id\":\"https:\/\/www.csj-emballages.com\/de\/#\/schema\/logo\/image\/\"},\"sameAs\":[\"https:\/\/www.facebook.com\/csjemballages\"],\"address\":{\"@type\":\"PostalAddress\",\"streetAddress\":\"ZI La Lechere\",\"addressLocality\":\"Patornay\",\"postalCode\":\"39130\",\"addressCountry\":\"FR\"},\"contactPoint\":[{\"@type\":\"ContactPoint\",\"contactType\":\"Service client\",\"telephone\":\"0384254272\",\"email\":\"contact@csj-emballages.com\"}]}]}<\/script>\n<!-- \/ Yoast SEO Premium plugin. -->","yoast_head_json":{"title":"Transparenter Beutel f\u00fcr Lebensmittel mit Kartonboden 100 x 220 mm","description":"Kaufen Sie Transparente T\u00fcte \"Neutral\" mit Kartonboden. Ideal zum Pr\u00e4sentieren und Verpacken Ihrer h\u00fcbschen Konfektzusammenstellungen!","robots":{"index":"index","follow":"follow","max-snippet":"max-snippet:-1","max-image-preview":"max-image-preview:large","max-video-preview":"max-video-preview:-1"},"canonical":"https:\/\/www.csj-emballages.com\/de\/produit\/100-beutel-aus-silbernem-karton-100-x-220-mm\/","og_locale":"de_DE","og_type":"article","og_title":"Transparenter Beutel - f\u00fcr S\u00fc\u00dfwaren 100 x 220 mm","og_description":"Kaufen Sie Transparente T\u00fcte \"Neutral\" mit Kartonboden. Ideal zum Pr\u00e4sentieren und Verpacken Ihrer h\u00fcbschen Konfektzusammenstellungen!","og_url":"https:\/\/www.csj-emballages.com\/de\/produit\/100-beutel-aus-silbernem-karton-100-x-220-mm\/","og_site_name":"CSJ Emballages","article_publisher":"https:\/\/www.facebook.com\/csjemballages","article_modified_time":"2026-05-08T00:16:09+00:00","og_image":[{"width":800,"height":800,"url":"https:\/\/www.csj-emballages.com\/wp-content\/uploads\/2024\/03\/SFNEUTRET.webp","type":"image\/webp"}],"twitter_card":"summary_large_image","twitter_title":"Bodenbeutel mit Kartonboden, silber, 100 x 220 mm, 100 St\u00fcck","twitter_misc":{"Gesch\u00e4tzte Lesezeit":"2 Minuten"},"schema":{"@context":"https:\/\/schema.org","@graph":[{"@type":"WebPage","@id":"https:\/\/www.csj-emballages.com\/de\/produit\/100-beutel-aus-silbernem-karton-100-x-220-mm\/","url":"https:\/\/www.csj-emballages.com\/de\/produit\/100-beutel-aus-silbernem-karton-100-x-220-mm\/","name":"Transparenter Beutel f\u00fcr Lebensmittel mit Kartonboden 100 x 220 mm","isPartOf":{"@id":"https:\/\/www.csj-emballages.com\/de\/#website"},"primaryImageOfPage":{"@id":"https:\/\/www.csj-emballages.com\/de\/produit\/100-beutel-aus-silbernem-karton-100-x-220-mm\/#primaryimage"},"image":{"@id":"https:\/\/www.csj-emballages.com\/de\/produit\/100-beutel-aus-silbernem-karton-100-x-220-mm\/#primaryimage"},"thumbnailUrl":"https:\/\/www.csj-emballages.com\/wp-content\/uploads\/2024\/03\/SFNEUTRET.webp","datePublished":"2024-03-01T15:49:14+00:00","dateModified":"2026-05-08T00:16:09+00:00","description":"Kaufen Sie Transparente T\u00fcte \"Neutral\" mit Kartonboden. Ideal zum Pr\u00e4sentieren und Verpacken Ihrer h\u00fcbschen Konfektzusammenstellungen!","breadcrumb":{"@id":"https:\/\/www.csj-emballages.com\/de\/produit\/100-beutel-aus-silbernem-karton-100-x-220-mm\/#breadcrumb"},"inLanguage":"de","potentialAction":[{"@type":"ReadAction","target":["https:\/\/www.csj-emballages.com\/de\/produit\/100-beutel-aus-silbernem-karton-100-x-220-mm\/"]}]},{"@type":"ImageObject","inLanguage":"de","@id":"https:\/\/www.csj-emballages.com\/de\/produit\/100-beutel-aus-silbernem-karton-100-x-220-mm\/#primaryimage","url":"https:\/\/www.csj-emballages.com\/wp-content\/uploads\/2024\/03\/SFNEUTRET.webp","contentUrl":"https:\/\/www.csj-emballages.com\/wp-content\/uploads\/2024\/03\/SFNEUTRET.webp","width":800,"height":800,"caption":"Sachet fond carton"},{"@type":"BreadcrumbList","@id":"https:\/\/www.csj-emballages.com\/de\/produit\/100-beutel-aus-silbernem-karton-100-x-220-mm\/#breadcrumb","itemListElement":[{"@type":"ListItem","position":1,"name":"Accueil","item":"https:\/\/www.csj-emballages.com\/de\/universum-lebensmittelverpackungen\/"},{"@type":"ListItem","position":2,"name":"Shop","item":"https:\/\/www.csj-emballages.com\/shop\/"},{"@type":"ListItem","position":3,"name":"Bodenbeutel mit Kartonboden, silber, 100 x 220 mm, 100 St\u00fcck"}]},{"@type":"WebSite","@id":"https:\/\/www.csj-emballages.com\/de\/#website","url":"https:\/\/www.csj-emballages.com\/de\/","name":"CSJ Emballages","description":"","publisher":{"@id":"https:\/\/www.csj-emballages.com\/de\/#organization"},"potentialAction":[{"@type":"SearchAction","target":{"@type":"EntryPoint","urlTemplate":"https:\/\/www.csj-emballages.com\/de\/?s={search_term_string}"},"query-input":{"@type":"PropertyValueSpecification","valueRequired":true,"valueName":"search_term_string"}}],"inLanguage":"de"},{"@type":"Organization","@id":"https:\/\/www.csj-emballages.com\/de\/#Organization\/","name":"CSJ Emballages","url":"https:\/\/www.csj-emballages.com\/de\/","logo":{"@type":"ImageObject","inLanguage":"de","@id":"https:\/\/www.csj-emballages.com\/de\/#\/schema\/logo\/image\/","url":"https:\/\/www.csj-emballages.com\/wp-content\/uploads\/2023\/10\/logo_csj.webp","contentUrl":"https:\/\/www.csj-emballages.com\/wp-content\/uploads\/2023\/10\/logo_csj.webp","width":250,"height":95,"caption":"CSJ Emballages"},"image":{"@id":"https:\/\/www.csj-emballages.com\/de\/#\/schema\/logo\/image\/"},"sameAs":["https:\/\/www.facebook.com\/csjemballages"],"address":{"@type":"PostalAddress","streetAddress":"ZI La Lechere","addressLocality":"Patornay","postalCode":"39130","addressCountry":"FR"},"contactPoint":[{"@type":"ContactPoint","contactType":"Service client","telephone":"0384254272","email":"contact@csj-emballages.com"}]}]}},"df_price":8.28,"df_sale_price":"","df_regular_price":8.28,"df_image_link":"https:\/\/www.csj-emballages.com\/wp-content\/uploads\/2024\/03\/SFNEUTRET-300x300.webp","tiered_pricing_type":"fixed","tiered_pricing_fixed_rules":[],"tiered_pricing_percentage_rules":[],"tiered_pricing_minimum":1,"tiered_pricing_roles_data":[],"_links":{"self":[{"href":"https:\/\/www.csj-emballages.com\/de\/wp-json\/wp\/v2\/product\/23575","targetHints":{"allow":["GET"]}}],"collection":[{"href":"https:\/\/www.csj-emballages.com\/de\/wp-json\/wp\/v2\/product"}],"about":[{"href":"https:\/\/www.csj-emballages.com\/de\/wp-json\/wp\/v2\/types\/product"}],"wp:featuredmedia":[{"embeddable":true,"href":"https:\/\/www.csj-emballages.com\/de\/wp-json\/wp\/v2\/media\/259031"}],"wp:attachment":[{"href":"https:\/\/www.csj-emballages.com\/de\/wp-json\/wp\/v2\/media?parent=23575"}],"wp:term":[{"taxonomy":"product_brand","embeddable":true,"href":"https:\/\/www.csj-emballages.com\/de\/wp-json\/wp\/v2\/product_brand?post=23575"},{"taxonomy":"product_cat","embeddable":true,"href":"https:\/\/www.csj-emballages.com\/de\/wp-json\/wp\/v2\/product_cat?post=23575"},{"taxonomy":"product_tag","embeddable":true,"href":"https:\/\/www.csj-emballages.com\/de\/wp-json\/wp\/v2\/product_tag?post=23575"}],"curies":[{"name":"wp","href":"https:\/\/api.w.org\/{rel}","templated":true}]}}