{"id":235456,"date":"2025-06-11T17:00:24","date_gmt":"2025-06-11T15:00:24","guid":{"rendered":"https:\/\/www.csj-emballages.com\/produit\/pappbecher-weiss-17-5-cl-pro-1000\/"},"modified":"2026-03-18T02:10:29","modified_gmt":"2026-03-18T01:10:29","slug":"pappbecher-weiss-17-5-cl-pro-1000","status":"publish","type":"product","link":"https:\/\/www.csj-emballages.com\/de\/produit\/pappbecher-weiss-17-5-cl-pro-1000\/","title":{"rendered":"Pappbecher einzeln verpackt wei\u00df 17.5 cl pro 1000"},"content":{"rendered":"<h2 class=\"p1 ai-optimize-26\">Verpackter Pappbecher<\/h2>\n<hr>\n<h3 class=\"ai-optimize-34\">Beschreibung von unserem Pappbecher einzeln verpackt wei\u00df 17.5 cl pro 1000<\/h3>\n<p><!--more--><\/p>\n<p class=\"ai-optimize-28 ai-optimize-introduction\" data-start=\"136\" data-end=\"400\">Diese<strong data-start=\"264\" data-end=\"302\"> wei\u00df<\/strong> <strong>verpackten Pappbecher<\/strong> mit einem Fassungsverm\u00f6gen<strong data-start=\"264\" data-end=\"302\"> von 17,5 cl<\/strong> sind ideal f\u00fcr Gastronomie- und Hotelfachleute, Caterer oder hygienebewusste Unternehmen. Sie sind <strong data-start=\"307\" data-end=\"335\">einzeln verpackt<\/strong>, um bei jedem Gebrauch eine einwandfreie Sauberkeit zu gew\u00e4hrleisten. Denn er ist praktisch, diskret und <strong>zu 100 % recycelbar<\/strong> und erf\u00fcllt perfekt die Anforderungen von Einrichtungen mit Publikumsverkehr: Hotels, Wartezimmer, Veranstaltungen, Take-away-Service usw. Jeder Becher ist <strong data-start=\"601\" data-end=\"641\">einzeln verpackt<\/strong>, was die Handhabung erleichtert und das Risiko einer Kreuzkontamination verringert. Dies ist ein echter Pluspunkt, um das Vertrauen Ihrer Kunden zu bewahren, insbesondere in medizinischen Umgebungen, B\u00fcros oder an Orten, an denen Hygiene eine hohe Priorit\u00e4t hat.   <\/p>\n<p class=\"ai-optimize-30\" data-start=\"893\" data-end=\"1260\">Diese aus hochwertigem <strong>Karton<\/strong> hergestellten, <strong>verpackten Pappbecher<\/strong> eignen sich sowohl f\u00fcr Hei\u00dfgetr\u00e4nke (wie Kaffee oder Tee) als auch f\u00fcr Kaltgetr\u00e4nke. Dank ihres Formats von <strong data-start=\"1033\" data-end=\"1044\">17,5 cl <\/strong>sind sie ideal f\u00fcr einen schnellen Service, eine Kaffeepause oder eine Verkostung. Ihr schlichtes Design in <strong data-start=\"1133\" data-end=\"1146\">einfarbigem Wei\u00df<\/strong> passt sich jeder Umgebung an, ohne optisch \u00fcberladen zu wirken, und vermittelt gleichzeitig ein gepflegtes und professionelles Image.  <\/p>\n<p class=\"ai-optimize-31\" data-start=\"1262\" data-end=\"1585\">Mit einer Packungsgr\u00f6\u00dfe von <strong data-start=\"1278\" data-end=\"1293\">1000 St\u00fcck<\/strong> k\u00f6nnen Sie auch einen gro\u00dfen Ansturm bew\u00e4ltigen und gleichzeitig ein hohes Ma\u00df an Sicherheit und Zweckm\u00e4\u00dfigkeit gew\u00e4hrleisten. Ob Sie nun ein anspruchsvoller Gesch\u00e4ftsmann oder ein Privatmann sind, der bei Familienfeiern auf Hygiene achtet, dieser Einzelbecher ist eine einfache, saubere und zuverl\u00e4ssige L\u00f6sung. <\/p>\n<p data-start=\"1262\" data-end=\"1585\">\n<p><!--more--><\/p>\n<h4 class=\"ai-optimize-37\"><strong>Seine Vorteile :<\/strong><\/h4>\n<ul>\n<li class=\"ai-optimize-38\">Maximale Hygiene durch Einzelverpackung.<\/li>\n<li class=\"ai-optimize-39\">Diese verpackten Pappbecher eignen sich f\u00fcr hei\u00dfe und kalte Getr\u00e4nke.<\/li>\n<li class=\"ai-optimize-40\">Perfekt f\u00fcr Hotels, Arztpraxen, B\u00fcros und Veranstaltungen.<\/li>\n<li class=\"ai-optimize-42\">Praktisches Format mit 17,5 cl.<\/li>\n<li class=\"ai-optimize-43\">Sparsame Verpackung zu 1000 St\u00fcck.<\/li>\n<\/ul>\n<p>&nbsp;<\/p>\n<p><!--more--><\/p>\n<h4 class=\"ai-optimize-44\">Weitere Informationen :<\/h4>\n<ul>\n<li class=\"ai-optimize-45\"><strong>Verpackung<\/strong>: Karton mit 1000 St\u00fcck<\/li>\n<li class=\"ai-optimize-47\"><strong>Verwendung<\/strong>: Individuell<\/li>\n<li class=\"ai-optimize-48\"><b>Unterer Durchmesser <\/b>: 45 mm<\/li>\n<li class=\"ai-optimize-48\"><b>Durchmesser oben <\/b>: 68 mm<\/li>\n<li class=\"ai-optimize-32\"><strong>Farbe<\/strong>: Wei\u00df<\/li>\n<li class=\"ai-optimize-33\"><strong>Material<\/strong>: Karton<\/li>\n<\/ul>\n<p>&nbsp;<\/p>\n<p><!--more--><\/p>\n<p class=\"ai-optimize-34\">Hier finden Sie unseren Pappbecher Wasser 17,5 cl pro 50 St\u00fcck: <span style=\"color: #d12727\"><a style=\"color: #d12727\" href=\"https:\/\/www.csj-emballages.com\/de\/produit\/50-becher-wasserspender-karton-17-5-cl\/\">376WA<\/a><\/span><\/p>\n<p>&nbsp;<\/p>\n<p><!--more--><\/p>\n<p class=\"ai-optimize-41\"><a href=\"https:\/\/www.csj-emballages.com\/de\/categorie-produit\/lebensmittelverpackungen\/restauration-de\/becher-glaser-eimer-flaschen\/pappbecher\/weise-becher\/\">Sehen Sie sich den Rest unseres Sortiments an Pappbechern an<\/a><\/p>\n","protected":false},"excerpt":{"rendered":"<p>Verpackter Pappbecher Beschreibung von unserem Pappbecher einzeln verpackt wei\u00df 17.5 cl pro 1000<\/p>\n","protected":false},"featured_media":235450,"template":"","meta":{"_acf_changed":false},"product_brand":[],"product_cat":[1137,1134,1469,9244],"product_tag":[],"class_list":{"0":"post-235456","1":"product","2":"type-product","3":"status-publish","4":"has-post-thumbnail","6":"product_cat-lebensmittelverpackungen","7":"product_cat-restauration-de","8":"product_cat-becher-glaser-eimer-flaschen","9":"product_cat-pappbecher","11":"first","12":"instock","13":"taxable","14":"shipping-taxable","15":"purchasable","16":"product-type-simple"},"acf":[],"yoast_head":"<!-- This site is optimized with the Yoast SEO Premium plugin v26.6 (Yoast SEO v26.6) - https:\/\/yoast.com\/wordpress\/plugins\/seo\/ -->\n<title>Becher Karton Einzeln verpackt Wei\u00df 17.5 cl pro 1000<\/title>\n<meta name=\"description\" content=\"Einzeln verpackter Pappbecher wei\u00df 17,5 cl pro 1000. Perfekt f\u00fcr eine verbesserte Hygiene in Hotels, B\u00fcros oder bei Veranstaltungen.\" \/>\n<meta name=\"robots\" content=\"index, follow, max-snippet:-1, max-image-preview:large, max-video-preview:-1\" \/>\n<link rel=\"canonical\" href=\"https:\/\/www.csj-emballages.com\/de\/produit\/pappbecher-weiss-17-5-cl-pro-1000\/\" \/>\n<meta property=\"og:locale\" content=\"de_DE\" \/>\n<meta property=\"og:type\" content=\"article\" \/>\n<meta property=\"og:title\" content=\"Pappbecher einzeln verpackt wei\u00df 17.5 cl pro 1000\" \/>\n<meta property=\"og:description\" content=\"Einzeln verpackter Pappbecher wei\u00df 17,5 cl pro 1000. Perfekt f\u00fcr eine verbesserte Hygiene in Hotels, B\u00fcros oder bei Veranstaltungen.\" \/>\n<meta property=\"og:url\" content=\"https:\/\/www.csj-emballages.com\/de\/produit\/pappbecher-weiss-17-5-cl-pro-1000\/\" \/>\n<meta property=\"og:site_name\" content=\"CSJ Emballages\" \/>\n<meta property=\"article:publisher\" content=\"https:\/\/www.facebook.com\/csjemballages\" \/>\n<meta property=\"article:modified_time\" content=\"2026-03-18T01:10:29+00:00\" \/>\n<meta property=\"og:image\" content=\"https:\/\/www.csj-emballages.com\/wp-content\/uploads\/2025\/06\/376INDIV.webp\" \/>\n\t<meta property=\"og:image:width\" content=\"800\" \/>\n\t<meta property=\"og:image:height\" content=\"800\" \/>\n\t<meta property=\"og:image:type\" content=\"image\/webp\" \/>\n<meta name=\"twitter:card\" content=\"summary_large_image\" \/>\n<meta name=\"twitter:label1\" content=\"Gesch\u00e4tzte Lesezeit\" \/>\n\t<meta name=\"twitter:data1\" content=\"2 Minuten\" \/>\n<script type=\"application\/ld+json\" class=\"yoast-schema-graph\">{\"@context\":\"https:\/\/schema.org\",\"@graph\":[{\"@type\":\"WebPage\",\"@id\":\"https:\/\/www.csj-emballages.com\/de\/produit\/pappbecher-weiss-17-5-cl-pro-1000\/\",\"url\":\"https:\/\/www.csj-emballages.com\/de\/produit\/pappbecher-weiss-17-5-cl-pro-1000\/\",\"name\":\"Becher Karton Einzeln verpackt Wei\u00df 17.5 cl pro 1000\",\"isPartOf\":{\"@id\":\"https:\/\/www.csj-emballages.com\/de\/#website\"},\"primaryImageOfPage\":{\"@id\":\"https:\/\/www.csj-emballages.com\/de\/produit\/pappbecher-weiss-17-5-cl-pro-1000\/#primaryimage\"},\"image\":{\"@id\":\"https:\/\/www.csj-emballages.com\/de\/produit\/pappbecher-weiss-17-5-cl-pro-1000\/#primaryimage\"},\"thumbnailUrl\":\"https:\/\/www.csj-emballages.com\/wp-content\/uploads\/2025\/06\/376INDIV.webp\",\"datePublished\":\"2025-06-11T15:00:24+00:00\",\"dateModified\":\"2026-03-18T01:10:29+00:00\",\"description\":\"Einzeln verpackter Pappbecher wei\u00df 17,5 cl pro 1000. Perfekt f\u00fcr eine verbesserte Hygiene in Hotels, B\u00fcros oder bei Veranstaltungen.\",\"breadcrumb\":{\"@id\":\"https:\/\/www.csj-emballages.com\/de\/produit\/pappbecher-weiss-17-5-cl-pro-1000\/#breadcrumb\"},\"inLanguage\":\"de\",\"potentialAction\":[{\"@type\":\"ReadAction\",\"target\":[\"https:\/\/www.csj-emballages.com\/de\/produit\/pappbecher-weiss-17-5-cl-pro-1000\/\"]}]},{\"@type\":\"ImageObject\",\"inLanguage\":\"de\",\"@id\":\"https:\/\/www.csj-emballages.com\/de\/produit\/pappbecher-weiss-17-5-cl-pro-1000\/#primaryimage\",\"url\":\"https:\/\/www.csj-emballages.com\/wp-content\/uploads\/2025\/06\/376INDIV.webp\",\"contentUrl\":\"https:\/\/www.csj-emballages.com\/wp-content\/uploads\/2025\/06\/376INDIV.webp\",\"width\":800,\"height\":800,\"caption\":\"gobelet carton emball\u00e9\"},{\"@type\":\"BreadcrumbList\",\"@id\":\"https:\/\/www.csj-emballages.com\/de\/produit\/pappbecher-weiss-17-5-cl-pro-1000\/#breadcrumb\",\"itemListElement\":[{\"@type\":\"ListItem\",\"position\":1,\"name\":\"Accueil\",\"item\":\"https:\/\/www.csj-emballages.com\/de\/universum-lebensmittelverpackungen\/\"},{\"@type\":\"ListItem\",\"position\":2,\"name\":\"Shop\",\"item\":\"https:\/\/www.csj-emballages.com\/shop\/\"},{\"@type\":\"ListItem\",\"position\":3,\"name\":\"Pappbecher einzeln verpackt wei\u00df 17.5 cl pro 1000\"}]},{\"@type\":\"WebSite\",\"@id\":\"https:\/\/www.csj-emballages.com\/de\/#website\",\"url\":\"https:\/\/www.csj-emballages.com\/de\/\",\"name\":\"CSJ Emballages\",\"description\":\"\",\"publisher\":{\"@id\":\"https:\/\/www.csj-emballages.com\/de\/#organization\"},\"potentialAction\":[{\"@type\":\"SearchAction\",\"target\":{\"@type\":\"EntryPoint\",\"urlTemplate\":\"https:\/\/www.csj-emballages.com\/de\/?s={search_term_string}\"},\"query-input\":{\"@type\":\"PropertyValueSpecification\",\"valueRequired\":true,\"valueName\":\"search_term_string\"}}],\"inLanguage\":\"de\"},{\"@type\":\"Organization\",\"@id\":\"https:\/\/www.csj-emballages.com\/de\/#Organization\/\",\"name\":\"CSJ Emballages\",\"url\":\"https:\/\/www.csj-emballages.com\/de\/\",\"logo\":{\"@type\":\"ImageObject\",\"inLanguage\":\"de\",\"@id\":\"https:\/\/www.csj-emballages.com\/de\/#\/schema\/logo\/image\/\",\"url\":\"https:\/\/www.csj-emballages.com\/wp-content\/uploads\/2023\/10\/logo_csj.webp\",\"contentUrl\":\"https:\/\/www.csj-emballages.com\/wp-content\/uploads\/2023\/10\/logo_csj.webp\",\"width\":250,\"height\":95,\"caption\":\"CSJ Emballages\"},\"image\":{\"@id\":\"https:\/\/www.csj-emballages.com\/de\/#\/schema\/logo\/image\/\"},\"sameAs\":[\"https:\/\/www.facebook.com\/csjemballages\"],\"address\":{\"@type\":\"PostalAddress\",\"streetAddress\":\"ZI La Lechere\",\"addressLocality\":\"Patornay\",\"postalCode\":\"39130\",\"addressCountry\":\"FR\"},\"contactPoint\":[{\"@type\":\"ContactPoint\",\"contactType\":\"Service client\",\"telephone\":\"0384254272\",\"email\":\"contact@csj-emballages.com\"}]}]}<\/script>\n<!-- \/ Yoast SEO Premium plugin. -->","yoast_head_json":{"title":"Becher Karton Einzeln verpackt Wei\u00df 17.5 cl pro 1000","description":"Einzeln verpackter Pappbecher wei\u00df 17,5 cl pro 1000. Perfekt f\u00fcr eine verbesserte Hygiene in Hotels, B\u00fcros oder bei Veranstaltungen.","robots":{"index":"index","follow":"follow","max-snippet":"max-snippet:-1","max-image-preview":"max-image-preview:large","max-video-preview":"max-video-preview:-1"},"canonical":"https:\/\/www.csj-emballages.com\/de\/produit\/pappbecher-weiss-17-5-cl-pro-1000\/","og_locale":"de_DE","og_type":"article","og_title":"Pappbecher einzeln verpackt wei\u00df 17.5 cl pro 1000","og_description":"Einzeln verpackter Pappbecher wei\u00df 17,5 cl pro 1000. Perfekt f\u00fcr eine verbesserte Hygiene in Hotels, B\u00fcros oder bei Veranstaltungen.","og_url":"https:\/\/www.csj-emballages.com\/de\/produit\/pappbecher-weiss-17-5-cl-pro-1000\/","og_site_name":"CSJ Emballages","article_publisher":"https:\/\/www.facebook.com\/csjemballages","article_modified_time":"2026-03-18T01:10:29+00:00","og_image":[{"width":800,"height":800,"url":"https:\/\/www.csj-emballages.com\/wp-content\/uploads\/2025\/06\/376INDIV.webp","type":"image\/webp"}],"twitter_card":"summary_large_image","twitter_misc":{"Gesch\u00e4tzte Lesezeit":"2 Minuten"},"schema":{"@context":"https:\/\/schema.org","@graph":[{"@type":"WebPage","@id":"https:\/\/www.csj-emballages.com\/de\/produit\/pappbecher-weiss-17-5-cl-pro-1000\/","url":"https:\/\/www.csj-emballages.com\/de\/produit\/pappbecher-weiss-17-5-cl-pro-1000\/","name":"Becher Karton Einzeln verpackt Wei\u00df 17.5 cl pro 1000","isPartOf":{"@id":"https:\/\/www.csj-emballages.com\/de\/#website"},"primaryImageOfPage":{"@id":"https:\/\/www.csj-emballages.com\/de\/produit\/pappbecher-weiss-17-5-cl-pro-1000\/#primaryimage"},"image":{"@id":"https:\/\/www.csj-emballages.com\/de\/produit\/pappbecher-weiss-17-5-cl-pro-1000\/#primaryimage"},"thumbnailUrl":"https:\/\/www.csj-emballages.com\/wp-content\/uploads\/2025\/06\/376INDIV.webp","datePublished":"2025-06-11T15:00:24+00:00","dateModified":"2026-03-18T01:10:29+00:00","description":"Einzeln verpackter Pappbecher wei\u00df 17,5 cl pro 1000. Perfekt f\u00fcr eine verbesserte Hygiene in Hotels, B\u00fcros oder bei Veranstaltungen.","breadcrumb":{"@id":"https:\/\/www.csj-emballages.com\/de\/produit\/pappbecher-weiss-17-5-cl-pro-1000\/#breadcrumb"},"inLanguage":"de","potentialAction":[{"@type":"ReadAction","target":["https:\/\/www.csj-emballages.com\/de\/produit\/pappbecher-weiss-17-5-cl-pro-1000\/"]}]},{"@type":"ImageObject","inLanguage":"de","@id":"https:\/\/www.csj-emballages.com\/de\/produit\/pappbecher-weiss-17-5-cl-pro-1000\/#primaryimage","url":"https:\/\/www.csj-emballages.com\/wp-content\/uploads\/2025\/06\/376INDIV.webp","contentUrl":"https:\/\/www.csj-emballages.com\/wp-content\/uploads\/2025\/06\/376INDIV.webp","width":800,"height":800,"caption":"gobelet carton emball\u00e9"},{"@type":"BreadcrumbList","@id":"https:\/\/www.csj-emballages.com\/de\/produit\/pappbecher-weiss-17-5-cl-pro-1000\/#breadcrumb","itemListElement":[{"@type":"ListItem","position":1,"name":"Accueil","item":"https:\/\/www.csj-emballages.com\/de\/universum-lebensmittelverpackungen\/"},{"@type":"ListItem","position":2,"name":"Shop","item":"https:\/\/www.csj-emballages.com\/shop\/"},{"@type":"ListItem","position":3,"name":"Pappbecher einzeln verpackt wei\u00df 17.5 cl pro 1000"}]},{"@type":"WebSite","@id":"https:\/\/www.csj-emballages.com\/de\/#website","url":"https:\/\/www.csj-emballages.com\/de\/","name":"CSJ Emballages","description":"","publisher":{"@id":"https:\/\/www.csj-emballages.com\/de\/#organization"},"potentialAction":[{"@type":"SearchAction","target":{"@type":"EntryPoint","urlTemplate":"https:\/\/www.csj-emballages.com\/de\/?s={search_term_string}"},"query-input":{"@type":"PropertyValueSpecification","valueRequired":true,"valueName":"search_term_string"}}],"inLanguage":"de"},{"@type":"Organization","@id":"https:\/\/www.csj-emballages.com\/de\/#Organization\/","name":"CSJ Emballages","url":"https:\/\/www.csj-emballages.com\/de\/","logo":{"@type":"ImageObject","inLanguage":"de","@id":"https:\/\/www.csj-emballages.com\/de\/#\/schema\/logo\/image\/","url":"https:\/\/www.csj-emballages.com\/wp-content\/uploads\/2023\/10\/logo_csj.webp","contentUrl":"https:\/\/www.csj-emballages.com\/wp-content\/uploads\/2023\/10\/logo_csj.webp","width":250,"height":95,"caption":"CSJ Emballages"},"image":{"@id":"https:\/\/www.csj-emballages.com\/de\/#\/schema\/logo\/image\/"},"sameAs":["https:\/\/www.facebook.com\/csjemballages"],"address":{"@type":"PostalAddress","streetAddress":"ZI La Lechere","addressLocality":"Patornay","postalCode":"39130","addressCountry":"FR"},"contactPoint":[{"@type":"ContactPoint","contactType":"Service client","telephone":"0384254272","email":"contact@csj-emballages.com"}]}]}},"df_price":76.12,"df_sale_price":"","df_regular_price":76.12,"df_image_link":"https:\/\/www.csj-emballages.com\/wp-content\/uploads\/2025\/06\/376INDIV-300x300.webp","tiered_pricing_type":"fixed","tiered_pricing_fixed_rules":[],"tiered_pricing_percentage_rules":[],"tiered_pricing_minimum":1,"tiered_pricing_roles_data":[],"_links":{"self":[{"href":"https:\/\/www.csj-emballages.com\/de\/wp-json\/wp\/v2\/product\/235456","targetHints":{"allow":["GET"]}}],"collection":[{"href":"https:\/\/www.csj-emballages.com\/de\/wp-json\/wp\/v2\/product"}],"about":[{"href":"https:\/\/www.csj-emballages.com\/de\/wp-json\/wp\/v2\/types\/product"}],"wp:featuredmedia":[{"embeddable":true,"href":"https:\/\/www.csj-emballages.com\/de\/wp-json\/wp\/v2\/media\/235450"}],"wp:attachment":[{"href":"https:\/\/www.csj-emballages.com\/de\/wp-json\/wp\/v2\/media?parent=235456"}],"wp:term":[{"taxonomy":"product_brand","embeddable":true,"href":"https:\/\/www.csj-emballages.com\/de\/wp-json\/wp\/v2\/product_brand?post=235456"},{"taxonomy":"product_cat","embeddable":true,"href":"https:\/\/www.csj-emballages.com\/de\/wp-json\/wp\/v2\/product_cat?post=235456"},{"taxonomy":"product_tag","embeddable":true,"href":"https:\/\/www.csj-emballages.com\/de\/wp-json\/wp\/v2\/product_tag?post=235456"}],"curies":[{"name":"wp","href":"https:\/\/api.w.org\/{rel}","templated":true}]}}