{"id":235356,"date":"2025-04-30T09:44:23","date_gmt":"2025-04-30T07:44:23","guid":{"rendered":"https:\/\/www.csj-emballages.com\/?post_type=product&#038;p=235356"},"modified":"2026-04-03T02:19:45","modified_gmt":"2026-04-03T00:19:45","slug":"amerikanische-tute-offnung-2-seiten-weises-papier-34-x-12-cm-pro-1000","status":"publish","type":"product","link":"https:\/\/www.csj-emballages.com\/de\/produit\/amerikanische-tute-offnung-2-seiten-weises-papier-34-x-12-cm-pro-1000\/","title":{"rendered":"Amerikanische T\u00fcte \u00d6ffnung 2 Seiten wei\u00dfes Papier 34 x 12 cm pro 2500"},"content":{"rendered":"<h2>Amerikanische T\u00fcte<\/h2>\n<hr>\n<h3>Beschreibung unseres amerikanischen Beutels \u00d6ffnung 2 Seiten wei\u00dfes Papier 34 x 12 cm pro 2500<\/h3>\n<p><!--more--><\/p>\n<p data-start=\"261\" data-end=\"618\">Der <strong data-start=\"264\" data-end=\"329\">amerikanische Beutel \u00d6ffnung 2 Seiten aus wei\u00dfem Papier 34 x 12 cm<\/strong> ist ein Muss f\u00fcr alle, die in der Schnellimbissbranche t\u00e4tig sind. Denn ihr praktisches Format und ihr ausgekl\u00fcgeltes Design machen sie zu einer <strong data-start=\"512\" data-end=\"558\">einfachen, kosteng\u00fcnstigen und vielseitigen Verpackung<\/strong>, die sich f\u00fcr eine Vielzahl von Sandwiches eignet. Die aus <strong data-start=\"632\" data-end=\"659\">wei\u00dfem Papier<\/strong> hergestellte <strong>amerikanische Sandwich-T\u00fcte<\/strong> hat <strong data-start=\"683\" data-end=\"727\">zwei \u00d6ffnungen (seitlich und oben)<\/strong>, was das Bef\u00fcllen sowie den Verzehr vor Ort oder zum Mitnehmen erheblich erleichtert. Ebenso ist sie besonders beliebt zum Verpacken von Sandwiches oder Paninis.   <\/p>\n<p data-start=\"986\" data-end=\"1220\">Dank seiner gepflegten Aufmachung aus <strong>wei\u00dfem Papier<\/strong> bietet es ein sauberes und professionelles Image, das f\u00fcr jede Art von Einrichtung geeignet ist. Er kann auch mit einem Stempel, einem Aufkleber oder einem Logo personalisiert werden, um Ihre Markenidentit\u00e4t zu st\u00e4rken. <\/p>\n<p data-start=\"1222\" data-end=\"1462\">Dieser <strong>amerikanische Sandwich-Beutel<\/strong> wird in <strong data-start=\"1238\" data-end=\"1260\">Packungen zu 2500 St\u00fcck<\/strong> verpackt und ist ideal f\u00fcr Einrichtungen mit hohem Durchsatz. Er <strong data-start=\"1341\" data-end=\"1379\">spart Zeit beim Servieren<\/strong> und sorgt dank des einfachen \u00d6ffnens f\u00fcr ein reibungsloses <strong data-start=\"1402\" data-end=\"1430\">Kundenerlebnis<\/strong>. <\/p>\n<p data-start=\"1464\" data-end=\"1636\">\u00d6kologisch, wirtschaftlich und praktisch: Dieser <strong>Beutel<\/strong> hat alles! Er ist eine <strong data-start=\"1545\" data-end=\"1574\">clevere Wahl f\u00fcr Profis<\/strong>, die nach einer schnellen und effizienten Verpackungsl\u00f6sung suchen. <\/p>\n<p data-start=\"1274\" data-end=\"1542\"><!--more--><\/p>\n<h4 data-start=\"1274\" data-end=\"1542\">Ihre Vorteile :<\/h4>\n<ul>\n<li><strong>2-Seiten-\u00d6ffnung<\/strong>: Praktisch zum Bef\u00fcllen und Verzehren.<\/li>\n<li><strong>Neutrales wei\u00dfes Papier<\/strong>: sauberes und professionelles Aussehen<\/li>\n<li><strong>Vielseitiges Format<\/strong>: geeignet f\u00fcr zahlreiche Produkte (Sandwiches, Paninis,&#8230;).<\/li>\n<li><strong>Packung zu 2500<\/strong>: ideal f\u00fcr den intensiven Gebrauch.<\/li>\n<li>Dieser <strong>amerikanische Beutel<\/strong> ist f\u00fcr eine individuelle Gestaltung (Stempel, Aufkleber) geeignet.<\/li>\n<\/ul>\n<p>&nbsp;<\/p>\n<p><!--more--><\/p>\n<h4>Weitere Informationen :<\/h4>\n<ul>\n<li data-start=\"1274\" data-end=\"1542\"><strong>Verpackung<\/strong>: Karton mit 2500 St\u00fcck<\/li>\n<li data-start=\"1274\" data-end=\"1542\"><strong>Ma\u00dfe<\/strong>: 34 x 12 cm<\/li>\n<li data-start=\"1274\" data-end=\"1542\"><strong>Material<\/strong>: Fettdichtes Papier<\/li>\n<li data-start=\"1274\" data-end=\"1542\"><strong>Farbe<\/strong>: Wei\u00df<\/li>\n<\/ul>\n<p>&nbsp;<\/p>\n<p><!--more--><\/p>\n<p><a href=\"https:\/\/www.csj-emballages.com\/de\/categorie-produit\/lebensmittelverpackungen\/restauration-de\/sacke-und-papier\/sandwich-taschen-de\/\">Sehen Sie sich den Rest unseres Sortiments an Sandwich-Taschen an<\/a><\/p>\n","protected":false},"excerpt":{"rendered":"<p>Amerikanische T\u00fcte Beschreibung unseres amerikanischen Beutels \u00d6ffnung 2 Seiten wei\u00dfes Papier 34 x 12 cm pro 2500<\/p>\n","protected":false},"featured_media":238580,"template":"","meta":{"_acf_changed":false},"product_brand":[],"product_cat":[1137,1134,3976,3480],"product_tag":[],"class_list":{"0":"post-235356","1":"product","2":"type-product","3":"status-publish","4":"has-post-thumbnail","6":"product_cat-lebensmittelverpackungen","7":"product_cat-restauration-de","8":"product_cat-sacke-und-papier","9":"product_cat-sandwich-taschen-de","11":"first","12":"instock","13":"taxable","14":"shipping-taxable","15":"purchasable","16":"product-type-simple"},"acf":[],"yoast_head":"<!-- This site is optimized with the Yoast SEO Premium plugin v26.6 (Yoast SEO v26.6) - https:\/\/yoast.com\/wordpress\/plugins\/seo\/ -->\n<title>Amerikanischer Beutel, 2-seitig \u00f6ffnend Papier Wei\u00df 34 x 12 cm<\/title>\n<meta name=\"description\" content=\"Amerikanische T\u00fcte aus wei\u00dfem Papier mit beidseitiger \u00d6ffnung 34 x 12 cm pro 2500 - ideal f\u00fcr Snacks, Catering, B\u00e4ckereien. Praktisch, preiswert und individuell gestaltbar.\" \/>\n<meta name=\"robots\" content=\"index, follow, max-snippet:-1, max-image-preview:large, max-video-preview:-1\" \/>\n<link rel=\"canonical\" href=\"https:\/\/www.csj-emballages.com\/de\/produit\/amerikanische-tute-offnung-2-seiten-weises-papier-34-x-12-cm-pro-1000\/\" \/>\n<meta property=\"og:locale\" content=\"de_DE\" \/>\n<meta property=\"og:type\" content=\"article\" \/>\n<meta property=\"og:title\" content=\"Amerikanische T\u00fcte \u00d6ffnung 2 Seiten wei\u00dfes Papier 34 x 12 cm pro 2500\" \/>\n<meta property=\"og:description\" content=\"Amerikanische T\u00fcte aus wei\u00dfem Papier mit beidseitiger \u00d6ffnung 34 x 12 cm pro 2500 - ideal f\u00fcr Snacks, Catering, B\u00e4ckereien. Praktisch, preiswert und individuell gestaltbar.\" \/>\n<meta property=\"og:url\" content=\"https:\/\/www.csj-emballages.com\/de\/produit\/amerikanische-tute-offnung-2-seiten-weises-papier-34-x-12-cm-pro-1000\/\" \/>\n<meta property=\"og:site_name\" content=\"CSJ Emballages\" \/>\n<meta property=\"article:publisher\" content=\"https:\/\/www.facebook.com\/csjemballages\" \/>\n<meta property=\"article:modified_time\" content=\"2026-04-03T00:19:45+00:00\" \/>\n<meta property=\"og:image\" content=\"https:\/\/www.csj-emballages.com\/wp-content\/uploads\/2025\/04\/SA3412.jpeg\" \/>\n\t<meta property=\"og:image:width\" content=\"800\" \/>\n\t<meta property=\"og:image:height\" content=\"800\" \/>\n\t<meta property=\"og:image:type\" content=\"image\/jpeg\" \/>\n<meta name=\"twitter:card\" content=\"summary_large_image\" \/>\n<meta name=\"twitter:label1\" content=\"Gesch\u00e4tzte Lesezeit\" \/>\n\t<meta name=\"twitter:data1\" content=\"1\u00a0Minute\" \/>\n<script type=\"application\/ld+json\" class=\"yoast-schema-graph\">{\"@context\":\"https:\/\/schema.org\",\"@graph\":[{\"@type\":\"WebPage\",\"@id\":\"https:\/\/www.csj-emballages.com\/de\/produit\/amerikanische-tute-offnung-2-seiten-weises-papier-34-x-12-cm-pro-1000\/\",\"url\":\"https:\/\/www.csj-emballages.com\/de\/produit\/amerikanische-tute-offnung-2-seiten-weises-papier-34-x-12-cm-pro-1000\/\",\"name\":\"Amerikanischer Beutel, 2-seitig \u00f6ffnend Papier Wei\u00df 34 x 12 cm\",\"isPartOf\":{\"@id\":\"https:\/\/www.csj-emballages.com\/de\/#website\"},\"primaryImageOfPage\":{\"@id\":\"https:\/\/www.csj-emballages.com\/de\/produit\/amerikanische-tute-offnung-2-seiten-weises-papier-34-x-12-cm-pro-1000\/#primaryimage\"},\"image\":{\"@id\":\"https:\/\/www.csj-emballages.com\/de\/produit\/amerikanische-tute-offnung-2-seiten-weises-papier-34-x-12-cm-pro-1000\/#primaryimage\"},\"thumbnailUrl\":\"https:\/\/www.csj-emballages.com\/wp-content\/uploads\/2025\/04\/SA3412.jpeg\",\"datePublished\":\"2025-04-30T07:44:23+00:00\",\"dateModified\":\"2026-04-03T00:19:45+00:00\",\"description\":\"Amerikanische T\u00fcte aus wei\u00dfem Papier mit beidseitiger \u00d6ffnung 34 x 12 cm pro 2500 - ideal f\u00fcr Snacks, Catering, B\u00e4ckereien. Praktisch, preiswert und individuell gestaltbar.\",\"breadcrumb\":{\"@id\":\"https:\/\/www.csj-emballages.com\/de\/produit\/amerikanische-tute-offnung-2-seiten-weises-papier-34-x-12-cm-pro-1000\/#breadcrumb\"},\"inLanguage\":\"de\",\"potentialAction\":[{\"@type\":\"ReadAction\",\"target\":[\"https:\/\/www.csj-emballages.com\/de\/produit\/amerikanische-tute-offnung-2-seiten-weises-papier-34-x-12-cm-pro-1000\/\"]}]},{\"@type\":\"ImageObject\",\"inLanguage\":\"de\",\"@id\":\"https:\/\/www.csj-emballages.com\/de\/produit\/amerikanische-tute-offnung-2-seiten-weises-papier-34-x-12-cm-pro-1000\/#primaryimage\",\"url\":\"https:\/\/www.csj-emballages.com\/wp-content\/uploads\/2025\/04\/SA3412.jpeg\",\"contentUrl\":\"https:\/\/www.csj-emballages.com\/wp-content\/uploads\/2025\/04\/SA3412.jpeg\",\"width\":800,\"height\":800,\"caption\":\"Sachet am\u00e9ricain\"},{\"@type\":\"BreadcrumbList\",\"@id\":\"https:\/\/www.csj-emballages.com\/de\/produit\/amerikanische-tute-offnung-2-seiten-weises-papier-34-x-12-cm-pro-1000\/#breadcrumb\",\"itemListElement\":[{\"@type\":\"ListItem\",\"position\":1,\"name\":\"Accueil\",\"item\":\"https:\/\/www.csj-emballages.com\/de\/universum-lebensmittelverpackungen\/\"},{\"@type\":\"ListItem\",\"position\":2,\"name\":\"Shop\",\"item\":\"https:\/\/www.csj-emballages.com\/shop\/\"},{\"@type\":\"ListItem\",\"position\":3,\"name\":\"Amerikanische T\u00fcte \u00d6ffnung 2 Seiten wei\u00dfes Papier 34 x 12 cm pro 2500\"}]},{\"@type\":\"WebSite\",\"@id\":\"https:\/\/www.csj-emballages.com\/de\/#website\",\"url\":\"https:\/\/www.csj-emballages.com\/de\/\",\"name\":\"CSJ Emballages\",\"description\":\"\",\"publisher\":{\"@id\":\"https:\/\/www.csj-emballages.com\/de\/#organization\"},\"potentialAction\":[{\"@type\":\"SearchAction\",\"target\":{\"@type\":\"EntryPoint\",\"urlTemplate\":\"https:\/\/www.csj-emballages.com\/de\/?s={search_term_string}\"},\"query-input\":{\"@type\":\"PropertyValueSpecification\",\"valueRequired\":true,\"valueName\":\"search_term_string\"}}],\"inLanguage\":\"de\"},{\"@type\":\"Organization\",\"@id\":\"https:\/\/www.csj-emballages.com\/de\/#Organization\/\",\"name\":\"CSJ Emballages\",\"url\":\"https:\/\/www.csj-emballages.com\/de\/\",\"logo\":{\"@type\":\"ImageObject\",\"inLanguage\":\"de\",\"@id\":\"https:\/\/www.csj-emballages.com\/de\/#\/schema\/logo\/image\/\",\"url\":\"https:\/\/www.csj-emballages.com\/wp-content\/uploads\/2023\/10\/logo_csj.webp\",\"contentUrl\":\"https:\/\/www.csj-emballages.com\/wp-content\/uploads\/2023\/10\/logo_csj.webp\",\"width\":250,\"height\":95,\"caption\":\"CSJ Emballages\"},\"image\":{\"@id\":\"https:\/\/www.csj-emballages.com\/de\/#\/schema\/logo\/image\/\"},\"sameAs\":[\"https:\/\/www.facebook.com\/csjemballages\"],\"address\":{\"@type\":\"PostalAddress\",\"streetAddress\":\"ZI La Lechere\",\"addressLocality\":\"Patornay\",\"postalCode\":\"39130\",\"addressCountry\":\"FR\"},\"contactPoint\":[{\"@type\":\"ContactPoint\",\"contactType\":\"Service client\",\"telephone\":\"0384254272\",\"email\":\"contact@csj-emballages.com\"}]}]}<\/script>\n<!-- \/ Yoast SEO Premium plugin. -->","yoast_head_json":{"title":"Amerikanischer Beutel, 2-seitig \u00f6ffnend Papier Wei\u00df 34 x 12 cm","description":"Amerikanische T\u00fcte aus wei\u00dfem Papier mit beidseitiger \u00d6ffnung 34 x 12 cm pro 2500 - ideal f\u00fcr Snacks, Catering, B\u00e4ckereien. Praktisch, preiswert und individuell gestaltbar.","robots":{"index":"index","follow":"follow","max-snippet":"max-snippet:-1","max-image-preview":"max-image-preview:large","max-video-preview":"max-video-preview:-1"},"canonical":"https:\/\/www.csj-emballages.com\/de\/produit\/amerikanische-tute-offnung-2-seiten-weises-papier-34-x-12-cm-pro-1000\/","og_locale":"de_DE","og_type":"article","og_title":"Amerikanische T\u00fcte \u00d6ffnung 2 Seiten wei\u00dfes Papier 34 x 12 cm pro 2500","og_description":"Amerikanische T\u00fcte aus wei\u00dfem Papier mit beidseitiger \u00d6ffnung 34 x 12 cm pro 2500 - ideal f\u00fcr Snacks, Catering, B\u00e4ckereien. Praktisch, preiswert und individuell gestaltbar.","og_url":"https:\/\/www.csj-emballages.com\/de\/produit\/amerikanische-tute-offnung-2-seiten-weises-papier-34-x-12-cm-pro-1000\/","og_site_name":"CSJ Emballages","article_publisher":"https:\/\/www.facebook.com\/csjemballages","article_modified_time":"2026-04-03T00:19:45+00:00","og_image":[{"width":800,"height":800,"url":"https:\/\/www.csj-emballages.com\/wp-content\/uploads\/2025\/04\/SA3412.jpeg","type":"image\/jpeg"}],"twitter_card":"summary_large_image","twitter_misc":{"Gesch\u00e4tzte Lesezeit":"1\u00a0Minute"},"schema":{"@context":"https:\/\/schema.org","@graph":[{"@type":"WebPage","@id":"https:\/\/www.csj-emballages.com\/de\/produit\/amerikanische-tute-offnung-2-seiten-weises-papier-34-x-12-cm-pro-1000\/","url":"https:\/\/www.csj-emballages.com\/de\/produit\/amerikanische-tute-offnung-2-seiten-weises-papier-34-x-12-cm-pro-1000\/","name":"Amerikanischer Beutel, 2-seitig \u00f6ffnend Papier Wei\u00df 34 x 12 cm","isPartOf":{"@id":"https:\/\/www.csj-emballages.com\/de\/#website"},"primaryImageOfPage":{"@id":"https:\/\/www.csj-emballages.com\/de\/produit\/amerikanische-tute-offnung-2-seiten-weises-papier-34-x-12-cm-pro-1000\/#primaryimage"},"image":{"@id":"https:\/\/www.csj-emballages.com\/de\/produit\/amerikanische-tute-offnung-2-seiten-weises-papier-34-x-12-cm-pro-1000\/#primaryimage"},"thumbnailUrl":"https:\/\/www.csj-emballages.com\/wp-content\/uploads\/2025\/04\/SA3412.jpeg","datePublished":"2025-04-30T07:44:23+00:00","dateModified":"2026-04-03T00:19:45+00:00","description":"Amerikanische T\u00fcte aus wei\u00dfem Papier mit beidseitiger \u00d6ffnung 34 x 12 cm pro 2500 - ideal f\u00fcr Snacks, Catering, B\u00e4ckereien. Praktisch, preiswert und individuell gestaltbar.","breadcrumb":{"@id":"https:\/\/www.csj-emballages.com\/de\/produit\/amerikanische-tute-offnung-2-seiten-weises-papier-34-x-12-cm-pro-1000\/#breadcrumb"},"inLanguage":"de","potentialAction":[{"@type":"ReadAction","target":["https:\/\/www.csj-emballages.com\/de\/produit\/amerikanische-tute-offnung-2-seiten-weises-papier-34-x-12-cm-pro-1000\/"]}]},{"@type":"ImageObject","inLanguage":"de","@id":"https:\/\/www.csj-emballages.com\/de\/produit\/amerikanische-tute-offnung-2-seiten-weises-papier-34-x-12-cm-pro-1000\/#primaryimage","url":"https:\/\/www.csj-emballages.com\/wp-content\/uploads\/2025\/04\/SA3412.jpeg","contentUrl":"https:\/\/www.csj-emballages.com\/wp-content\/uploads\/2025\/04\/SA3412.jpeg","width":800,"height":800,"caption":"Sachet am\u00e9ricain"},{"@type":"BreadcrumbList","@id":"https:\/\/www.csj-emballages.com\/de\/produit\/amerikanische-tute-offnung-2-seiten-weises-papier-34-x-12-cm-pro-1000\/#breadcrumb","itemListElement":[{"@type":"ListItem","position":1,"name":"Accueil","item":"https:\/\/www.csj-emballages.com\/de\/universum-lebensmittelverpackungen\/"},{"@type":"ListItem","position":2,"name":"Shop","item":"https:\/\/www.csj-emballages.com\/shop\/"},{"@type":"ListItem","position":3,"name":"Amerikanische T\u00fcte \u00d6ffnung 2 Seiten wei\u00dfes Papier 34 x 12 cm pro 2500"}]},{"@type":"WebSite","@id":"https:\/\/www.csj-emballages.com\/de\/#website","url":"https:\/\/www.csj-emballages.com\/de\/","name":"CSJ Emballages","description":"","publisher":{"@id":"https:\/\/www.csj-emballages.com\/de\/#organization"},"potentialAction":[{"@type":"SearchAction","target":{"@type":"EntryPoint","urlTemplate":"https:\/\/www.csj-emballages.com\/de\/?s={search_term_string}"},"query-input":{"@type":"PropertyValueSpecification","valueRequired":true,"valueName":"search_term_string"}}],"inLanguage":"de"},{"@type":"Organization","@id":"https:\/\/www.csj-emballages.com\/de\/#Organization\/","name":"CSJ Emballages","url":"https:\/\/www.csj-emballages.com\/de\/","logo":{"@type":"ImageObject","inLanguage":"de","@id":"https:\/\/www.csj-emballages.com\/de\/#\/schema\/logo\/image\/","url":"https:\/\/www.csj-emballages.com\/wp-content\/uploads\/2023\/10\/logo_csj.webp","contentUrl":"https:\/\/www.csj-emballages.com\/wp-content\/uploads\/2023\/10\/logo_csj.webp","width":250,"height":95,"caption":"CSJ Emballages"},"image":{"@id":"https:\/\/www.csj-emballages.com\/de\/#\/schema\/logo\/image\/"},"sameAs":["https:\/\/www.facebook.com\/csjemballages"],"address":{"@type":"PostalAddress","streetAddress":"ZI La Lechere","addressLocality":"Patornay","postalCode":"39130","addressCountry":"FR"},"contactPoint":[{"@type":"ContactPoint","contactType":"Service client","telephone":"0384254272","email":"contact@csj-emballages.com"}]}]}},"df_price":75.64,"df_sale_price":"","df_regular_price":75.64,"df_image_link":"https:\/\/www.csj-emballages.com\/wp-content\/uploads\/2025\/04\/SA3412-300x300.jpeg","tiered_pricing_type":"fixed","tiered_pricing_fixed_rules":[],"tiered_pricing_percentage_rules":[],"tiered_pricing_minimum":1,"tiered_pricing_roles_data":[],"_links":{"self":[{"href":"https:\/\/www.csj-emballages.com\/de\/wp-json\/wp\/v2\/product\/235356","targetHints":{"allow":["GET"]}}],"collection":[{"href":"https:\/\/www.csj-emballages.com\/de\/wp-json\/wp\/v2\/product"}],"about":[{"href":"https:\/\/www.csj-emballages.com\/de\/wp-json\/wp\/v2\/types\/product"}],"wp:featuredmedia":[{"embeddable":true,"href":"https:\/\/www.csj-emballages.com\/de\/wp-json\/wp\/v2\/media\/238580"}],"wp:attachment":[{"href":"https:\/\/www.csj-emballages.com\/de\/wp-json\/wp\/v2\/media?parent=235356"}],"wp:term":[{"taxonomy":"product_brand","embeddable":true,"href":"https:\/\/www.csj-emballages.com\/de\/wp-json\/wp\/v2\/product_brand?post=235356"},{"taxonomy":"product_cat","embeddable":true,"href":"https:\/\/www.csj-emballages.com\/de\/wp-json\/wp\/v2\/product_cat?post=235356"},{"taxonomy":"product_tag","embeddable":true,"href":"https:\/\/www.csj-emballages.com\/de\/wp-json\/wp\/v2\/product_tag?post=235356"}],"curies":[{"name":"wp","href":"https:\/\/api.w.org\/{rel}","templated":true}]}}