{"id":235340,"date":"2025-04-16T02:18:37","date_gmt":"2025-04-16T00:18:37","guid":{"rendered":"https:\/\/www.csj-emballages.com\/?post_type=product&#038;p=235340"},"modified":"2026-03-27T02:12:57","modified_gmt":"2026-03-27T01:12:57","slug":"1-tischlaufer-0-40-x-48-m-vorgeschnitten-auf-30-cm-oko-natur","status":"publish","type":"product","link":"https:\/\/www.csj-emballages.com\/de\/produit\/1-tischlaufer-0-40-x-48-m-vorgeschnitten-auf-30-cm-oko-natur\/","title":{"rendered":"Tischl\u00e4ufer 0.40 x 48 m vorgeschnitten auf 30 cm \u00d6ko Natur"},"content":{"rendered":"<h2>Tischl\u00e4ufer beige<\/h2>\n<hr>\n<h3>Beschreibung unseres Tischl\u00e4ufers 0.40 x 48 m vorgeschnitten auf 30 cm Beige<\/h3>\n<p><!--more--><\/p>\n<p data-start=\"87\" data-end=\"416\">Bringen Sie Eleganz auf Ihre Tische mit dem <strong data-start=\"139\" data-end=\"195\">beigefarbenen Tischl\u00e4ufer 0,40 x 48 m, der auf 30 cm vorgeschnitten<\/strong> ist. Er wurde f\u00fcr professionelle Gastronomen, Caterer, aber auch f\u00fcr anspruchsvolle Privatpersonen entworfen und bietet eine \u00e4sthetische und funktionelle L\u00f6sung f\u00fcr alle Ihre Empf\u00e4nge, Buffets oder t\u00e4glichen Mahlzeiten. <\/p>\n<p data-start=\"418\" data-end=\"847\">Dieser <strong>Tischl\u00e4ufer<\/strong> wird als<strong data-start=\"430\" data-end=\"459\">Air Soft\u00ae-Rolle<\/strong>, auch <em data-start=\"478\" data-end=\"490\">Tissue-Dry<\/em> genannt, hergestellt und zeichnet sich durch sein stoff\u00e4hnliches Aussehen und seine Qualit\u00e4t aus, ist aber <strong data-start=\"585\" data-end=\"627\">nat\u00fcrlicher, hygienischer und wirtschaftlicher.<\/strong> Er besteht aus <strong data-start=\"640\" data-end=\"665\">Zellulose<\/strong> und vereint Geschmeidigkeit, Widerstandsf\u00e4higkeit und Tragekomfort. Seine weiche Textur verleiht Ihren Dressings einen echten Premium-Touch, ohne die mit Textilien verbundenen Pflegeanforderungen.  <\/p>\n<p data-start=\"849\" data-end=\"1175\">Sie hat ein gro\u00dfz\u00fcgiges Format von <strong data-start=\"873\" data-end=\"893\">0,40 x 48 Metern<\/strong> und ist <strong data-start=\"902\" data-end=\"932\">alle 30 cm vorgeschnitten<\/strong>, so dass Sie sie leicht an Ihre Bed\u00fcrfnisse anpassen k\u00f6nnen, ohne etwas zu verschwenden. Die schlichte und raffinierte <strong data-start=\"1009\" data-end=\"1026\">beige Farbe<\/strong> passt zu all Ihren Tischdekorationen, egal ob es sich um ein Gesch\u00e4ftsessen, eine Zeremonie oder ein geselliges Abendessen handelt. <\/p>\n<p data-start=\"1177\" data-end=\"1545\">Mit einem <strong>Fl\u00e4chengewicht<\/strong> von <strong data-start=\"1194\" data-end=\"1206\">55 gr\/m\u00b2 pro Blatt<\/strong> zeichnet sich dieser <strong>beigefarbene Tischl\u00e4ufer<\/strong> durch seine Robustheit und seine au\u00dfergew\u00f6hnliche Saugf\u00e4higkeit aus, die bis zum <strong data-start=\"1328\" data-end=\"1360\">Zehnfachen seines Gewichts an Fl\u00fcssigkeit<\/strong> aufnehmen kann. Eine Leistung, die w\u00e4hrend der gesamten Veranstaltung f\u00fcr Komfort und Sauberkeit sorgt. In einer <strong data-start=\"1455\" data-end=\"1478\">Schachtel mit 6 Rollen<\/strong> verpackt, sorgt er f\u00fcr einen praktischen und kosteng\u00fcnstigen Vorrat f\u00fcr alle Zwecke.  <\/p>\n<p data-start=\"1547\" data-end=\"1721\">Dieser <strong data-start=\"1581\" data-end=\"1606\">beige Tischl\u00e4ufer<\/strong> vereint Eleganz und Zweckm\u00e4\u00dfigkeit und ist die ideale L\u00f6sung, um Ihre Tische geschmackvoll zu pr\u00e4sentieren und gleichzeitig das Servieren und die Pflege zu erleichtern.<\/p>\n<p><!--more--><\/p>\n<h4>Vorteile :<\/h4>\n<ul>\n<li>Sieht aus wie Stoffqualit\u00e4t, ist aber hygienischer und kosteng\u00fcnstiger.<\/li>\n<li><strong>Hohe Absorption<\/strong>: h\u00e4lt bis zum 10-fachen seines Gewichts an Fl\u00fcssigkeit fest<\/li>\n<li>Vorgeschnitten auf 30 cm f\u00fcr eine praktische und abfallfreie Verwendung<\/li>\n<li><strong>Vielseitig<\/strong>: geeignet f\u00fcr Gesch\u00e4ftsessen, Hochzeiten, Buffets oder den Hausgebrauch<\/li>\n<li>Elegante <strong data-start=\"139\" data-end=\"195\">beige<\/strong> Farbe, passt zu jeder Tischdekoration<\/li>\n<\/ul>\n<p>&nbsp;<\/p>\n<p><!--more--><\/p>\n<h4>Weitere Informationen :<\/h4>\n<ul>\n<li><strong>Verpackung<\/strong>: Einzeln<\/li>\n<li><strong>Ma\u00dfe<\/strong>: 0,40 x 48 m<\/li>\n<li>Vorgeschnitten alle 30 cm<\/li>\n<li><strong>Gewicht<\/strong>: 55 gr\/m\u00b2.<\/li>\n<li><strong>Farbe<\/strong>: Beige<\/li>\n<li><strong>Material<\/strong>: Zellulose<\/li>\n<\/ul>\n<p>&nbsp;<\/p>\n<p><!--more--><\/p>\n<p>Dieser Tischl\u00e4ufer ist in verschiedenen Farben erh\u00e4ltlich : <span style=\"color: #d12727;\"><a style=\"color: #d12727;\" href=\"https:\/\/www.csj-emballages.com\/de\/produit\/1-tischlaufer-0-40-x-48-m-vorgeschnitten-bei-30-cm-holz\/\">Holz<\/a><\/span> \/ <span style=\"color: #d12727;\"><a style=\"color: #d12727;\" href=\"https:\/\/www.csj-emballages.com\/de\/produit\/1-tischlaufer-0-40-x-48-m-vorgeschnitten-auf-30-cm-weis\/\">Wei\u00df<\/a><\/span><\/p>\n<p>&nbsp;<\/p>\n<p><!--more--><\/p>\n<p><a href=\"https:\/\/www.csj-emballages.com\/de\/categorie-produit\/lebensmittelverpackungen\/restauration-de\/servietten-tischsets-tischdecken\/tischlaufer\/\">Sehen Sie sich den Rest unseres Sortiments an Tischl\u00e4ufern an<\/a><\/p>\n","protected":false},"excerpt":{"rendered":"<p>Tischl\u00e4ufer beige Beschreibung unseres Tischl\u00e4ufers 0.40 x 48 m vorgeschnitten auf 30 cm Beige<\/p>\n","protected":false},"featured_media":241098,"template":"","meta":{"_acf_changed":false},"product_brand":[],"product_cat":[1137,1134,1135,1136],"product_tag":[],"class_list":{"0":"post-235340","1":"product","2":"type-product","3":"status-publish","4":"has-post-thumbnail","6":"product_cat-lebensmittelverpackungen","7":"product_cat-restauration-de","8":"product_cat-servietten-tischsets-tischdecken","9":"product_cat-tischlaufer","11":"first","12":"instock","13":"taxable","14":"shipping-taxable","15":"purchasable","16":"product-type-simple"},"acf":[],"yoast_head":"<!-- This site is optimized with the Yoast SEO Premium plugin v26.6 (Yoast SEO v26.6) - https:\/\/yoast.com\/wordpress\/plugins\/seo\/ -->\n<title>Tischl\u00e4ufer 0.40 x 48 m Vorgeschnitten auf 30 cm Beige<\/title>\n<meta name=\"description\" content=\"Der elegante und praktische Tischl\u00e4ufer 0.40 x 48 m beige vorgeschnitten bietet Stoffqualit\u00e4t, hohe Saugf\u00e4higkeit und Hygiene f\u00fcr alle Ihre Empf\u00e4nge.\" \/>\n<meta name=\"robots\" content=\"index, follow, max-snippet:-1, max-image-preview:large, max-video-preview:-1\" \/>\n<link rel=\"canonical\" href=\"https:\/\/www.csj-emballages.com\/de\/produit\/1-tischlaufer-0-40-x-48-m-vorgeschnitten-auf-30-cm-oko-natur\/\" \/>\n<meta property=\"og:locale\" content=\"de_DE\" \/>\n<meta property=\"og:type\" content=\"article\" \/>\n<meta property=\"og:title\" content=\"Tischl\u00e4ufer 0.40 x 48 m vorgeschnitten auf 30 cm \u00d6ko Natur\" \/>\n<meta property=\"og:description\" content=\"Der elegante und praktische Tischl\u00e4ufer 0.40 x 48 m beige vorgeschnitten bietet Stoffqualit\u00e4t, hohe Saugf\u00e4higkeit und Hygiene f\u00fcr alle Ihre Empf\u00e4nge.\" \/>\n<meta property=\"og:url\" content=\"https:\/\/www.csj-emballages.com\/de\/produit\/1-tischlaufer-0-40-x-48-m-vorgeschnitten-auf-30-cm-oko-natur\/\" \/>\n<meta property=\"og:site_name\" content=\"CSJ Emballages\" \/>\n<meta property=\"article:publisher\" content=\"https:\/\/www.facebook.com\/csjemballages\" \/>\n<meta property=\"article:modified_time\" content=\"2026-03-27T01:12:57+00:00\" \/>\n<meta property=\"og:image\" content=\"https:\/\/www.csj-emballages.com\/wp-content\/uploads\/2025\/04\/CHE4048ECO.jpeg\" \/>\n\t<meta property=\"og:image:width\" content=\"900\" \/>\n\t<meta property=\"og:image:height\" content=\"900\" \/>\n\t<meta property=\"og:image:type\" content=\"image\/jpeg\" \/>\n<meta name=\"twitter:card\" content=\"summary_large_image\" \/>\n<meta name=\"twitter:label1\" content=\"Gesch\u00e4tzte Lesezeit\" \/>\n\t<meta name=\"twitter:data1\" content=\"2 Minuten\" \/>\n<script type=\"application\/ld+json\" class=\"yoast-schema-graph\">{\"@context\":\"https:\/\/schema.org\",\"@graph\":[{\"@type\":\"WebPage\",\"@id\":\"https:\/\/www.csj-emballages.com\/de\/produit\/1-tischlaufer-0-40-x-48-m-vorgeschnitten-auf-30-cm-oko-natur\/\",\"url\":\"https:\/\/www.csj-emballages.com\/de\/produit\/1-tischlaufer-0-40-x-48-m-vorgeschnitten-auf-30-cm-oko-natur\/\",\"name\":\"Tischl\u00e4ufer 0.40 x 48 m Vorgeschnitten auf 30 cm Beige\",\"isPartOf\":{\"@id\":\"https:\/\/www.csj-emballages.com\/de\/#website\"},\"primaryImageOfPage\":{\"@id\":\"https:\/\/www.csj-emballages.com\/de\/produit\/1-tischlaufer-0-40-x-48-m-vorgeschnitten-auf-30-cm-oko-natur\/#primaryimage\"},\"image\":{\"@id\":\"https:\/\/www.csj-emballages.com\/de\/produit\/1-tischlaufer-0-40-x-48-m-vorgeschnitten-auf-30-cm-oko-natur\/#primaryimage\"},\"thumbnailUrl\":\"https:\/\/www.csj-emballages.com\/wp-content\/uploads\/2025\/04\/CHE4048ECO.jpeg\",\"datePublished\":\"2025-04-16T00:18:37+00:00\",\"dateModified\":\"2026-03-27T01:12:57+00:00\",\"description\":\"Der elegante und praktische Tischl\u00e4ufer 0.40 x 48 m beige vorgeschnitten bietet Stoffqualit\u00e4t, hohe Saugf\u00e4higkeit und Hygiene f\u00fcr alle Ihre Empf\u00e4nge.\",\"breadcrumb\":{\"@id\":\"https:\/\/www.csj-emballages.com\/de\/produit\/1-tischlaufer-0-40-x-48-m-vorgeschnitten-auf-30-cm-oko-natur\/#breadcrumb\"},\"inLanguage\":\"de\",\"potentialAction\":[{\"@type\":\"ReadAction\",\"target\":[\"https:\/\/www.csj-emballages.com\/de\/produit\/1-tischlaufer-0-40-x-48-m-vorgeschnitten-auf-30-cm-oko-natur\/\"]}]},{\"@type\":\"ImageObject\",\"inLanguage\":\"de\",\"@id\":\"https:\/\/www.csj-emballages.com\/de\/produit\/1-tischlaufer-0-40-x-48-m-vorgeschnitten-auf-30-cm-oko-natur\/#primaryimage\",\"url\":\"https:\/\/www.csj-emballages.com\/wp-content\/uploads\/2025\/04\/CHE4048ECO.jpeg\",\"contentUrl\":\"https:\/\/www.csj-emballages.com\/wp-content\/uploads\/2025\/04\/CHE4048ECO.jpeg\",\"width\":900,\"height\":900,\"caption\":\"Chemin de table\"},{\"@type\":\"BreadcrumbList\",\"@id\":\"https:\/\/www.csj-emballages.com\/de\/produit\/1-tischlaufer-0-40-x-48-m-vorgeschnitten-auf-30-cm-oko-natur\/#breadcrumb\",\"itemListElement\":[{\"@type\":\"ListItem\",\"position\":1,\"name\":\"Accueil\",\"item\":\"https:\/\/www.csj-emballages.com\/de\/universum-lebensmittelverpackungen\/\"},{\"@type\":\"ListItem\",\"position\":2,\"name\":\"Shop\",\"item\":\"https:\/\/www.csj-emballages.com\/shop\/\"},{\"@type\":\"ListItem\",\"position\":3,\"name\":\"Tischl\u00e4ufer 0.40 x 48 m vorgeschnitten auf 30 cm \u00d6ko Natur\"}]},{\"@type\":\"WebSite\",\"@id\":\"https:\/\/www.csj-emballages.com\/de\/#website\",\"url\":\"https:\/\/www.csj-emballages.com\/de\/\",\"name\":\"CSJ Emballages\",\"description\":\"\",\"publisher\":{\"@id\":\"https:\/\/www.csj-emballages.com\/de\/#organization\"},\"potentialAction\":[{\"@type\":\"SearchAction\",\"target\":{\"@type\":\"EntryPoint\",\"urlTemplate\":\"https:\/\/www.csj-emballages.com\/de\/?s={search_term_string}\"},\"query-input\":{\"@type\":\"PropertyValueSpecification\",\"valueRequired\":true,\"valueName\":\"search_term_string\"}}],\"inLanguage\":\"de\"},{\"@type\":\"Organization\",\"@id\":\"https:\/\/www.csj-emballages.com\/de\/#Organization\/\",\"name\":\"CSJ Emballages\",\"url\":\"https:\/\/www.csj-emballages.com\/de\/\",\"logo\":{\"@type\":\"ImageObject\",\"inLanguage\":\"de\",\"@id\":\"https:\/\/www.csj-emballages.com\/de\/#\/schema\/logo\/image\/\",\"url\":\"https:\/\/www.csj-emballages.com\/wp-content\/uploads\/2023\/10\/logo_csj.webp\",\"contentUrl\":\"https:\/\/www.csj-emballages.com\/wp-content\/uploads\/2023\/10\/logo_csj.webp\",\"width\":250,\"height\":95,\"caption\":\"CSJ Emballages\"},\"image\":{\"@id\":\"https:\/\/www.csj-emballages.com\/de\/#\/schema\/logo\/image\/\"},\"sameAs\":[\"https:\/\/www.facebook.com\/csjemballages\"],\"address\":{\"@type\":\"PostalAddress\",\"streetAddress\":\"ZI La Lechere\",\"addressLocality\":\"Patornay\",\"postalCode\":\"39130\",\"addressCountry\":\"FR\"},\"contactPoint\":[{\"@type\":\"ContactPoint\",\"contactType\":\"Service client\",\"telephone\":\"0384254272\",\"email\":\"contact@csj-emballages.com\"}]}]}<\/script>\n<!-- \/ Yoast SEO Premium plugin. -->","yoast_head_json":{"title":"Tischl\u00e4ufer 0.40 x 48 m Vorgeschnitten auf 30 cm Beige","description":"Der elegante und praktische Tischl\u00e4ufer 0.40 x 48 m beige vorgeschnitten bietet Stoffqualit\u00e4t, hohe Saugf\u00e4higkeit und Hygiene f\u00fcr alle Ihre Empf\u00e4nge.","robots":{"index":"index","follow":"follow","max-snippet":"max-snippet:-1","max-image-preview":"max-image-preview:large","max-video-preview":"max-video-preview:-1"},"canonical":"https:\/\/www.csj-emballages.com\/de\/produit\/1-tischlaufer-0-40-x-48-m-vorgeschnitten-auf-30-cm-oko-natur\/","og_locale":"de_DE","og_type":"article","og_title":"Tischl\u00e4ufer 0.40 x 48 m vorgeschnitten auf 30 cm \u00d6ko Natur","og_description":"Der elegante und praktische Tischl\u00e4ufer 0.40 x 48 m beige vorgeschnitten bietet Stoffqualit\u00e4t, hohe Saugf\u00e4higkeit und Hygiene f\u00fcr alle Ihre Empf\u00e4nge.","og_url":"https:\/\/www.csj-emballages.com\/de\/produit\/1-tischlaufer-0-40-x-48-m-vorgeschnitten-auf-30-cm-oko-natur\/","og_site_name":"CSJ Emballages","article_publisher":"https:\/\/www.facebook.com\/csjemballages","article_modified_time":"2026-03-27T01:12:57+00:00","og_image":[{"width":900,"height":900,"url":"https:\/\/www.csj-emballages.com\/wp-content\/uploads\/2025\/04\/CHE4048ECO.jpeg","type":"image\/jpeg"}],"twitter_card":"summary_large_image","twitter_misc":{"Gesch\u00e4tzte Lesezeit":"2 Minuten"},"schema":{"@context":"https:\/\/schema.org","@graph":[{"@type":"WebPage","@id":"https:\/\/www.csj-emballages.com\/de\/produit\/1-tischlaufer-0-40-x-48-m-vorgeschnitten-auf-30-cm-oko-natur\/","url":"https:\/\/www.csj-emballages.com\/de\/produit\/1-tischlaufer-0-40-x-48-m-vorgeschnitten-auf-30-cm-oko-natur\/","name":"Tischl\u00e4ufer 0.40 x 48 m Vorgeschnitten auf 30 cm Beige","isPartOf":{"@id":"https:\/\/www.csj-emballages.com\/de\/#website"},"primaryImageOfPage":{"@id":"https:\/\/www.csj-emballages.com\/de\/produit\/1-tischlaufer-0-40-x-48-m-vorgeschnitten-auf-30-cm-oko-natur\/#primaryimage"},"image":{"@id":"https:\/\/www.csj-emballages.com\/de\/produit\/1-tischlaufer-0-40-x-48-m-vorgeschnitten-auf-30-cm-oko-natur\/#primaryimage"},"thumbnailUrl":"https:\/\/www.csj-emballages.com\/wp-content\/uploads\/2025\/04\/CHE4048ECO.jpeg","datePublished":"2025-04-16T00:18:37+00:00","dateModified":"2026-03-27T01:12:57+00:00","description":"Der elegante und praktische Tischl\u00e4ufer 0.40 x 48 m beige vorgeschnitten bietet Stoffqualit\u00e4t, hohe Saugf\u00e4higkeit und Hygiene f\u00fcr alle Ihre Empf\u00e4nge.","breadcrumb":{"@id":"https:\/\/www.csj-emballages.com\/de\/produit\/1-tischlaufer-0-40-x-48-m-vorgeschnitten-auf-30-cm-oko-natur\/#breadcrumb"},"inLanguage":"de","potentialAction":[{"@type":"ReadAction","target":["https:\/\/www.csj-emballages.com\/de\/produit\/1-tischlaufer-0-40-x-48-m-vorgeschnitten-auf-30-cm-oko-natur\/"]}]},{"@type":"ImageObject","inLanguage":"de","@id":"https:\/\/www.csj-emballages.com\/de\/produit\/1-tischlaufer-0-40-x-48-m-vorgeschnitten-auf-30-cm-oko-natur\/#primaryimage","url":"https:\/\/www.csj-emballages.com\/wp-content\/uploads\/2025\/04\/CHE4048ECO.jpeg","contentUrl":"https:\/\/www.csj-emballages.com\/wp-content\/uploads\/2025\/04\/CHE4048ECO.jpeg","width":900,"height":900,"caption":"Chemin de table"},{"@type":"BreadcrumbList","@id":"https:\/\/www.csj-emballages.com\/de\/produit\/1-tischlaufer-0-40-x-48-m-vorgeschnitten-auf-30-cm-oko-natur\/#breadcrumb","itemListElement":[{"@type":"ListItem","position":1,"name":"Accueil","item":"https:\/\/www.csj-emballages.com\/de\/universum-lebensmittelverpackungen\/"},{"@type":"ListItem","position":2,"name":"Shop","item":"https:\/\/www.csj-emballages.com\/shop\/"},{"@type":"ListItem","position":3,"name":"Tischl\u00e4ufer 0.40 x 48 m vorgeschnitten auf 30 cm \u00d6ko Natur"}]},{"@type":"WebSite","@id":"https:\/\/www.csj-emballages.com\/de\/#website","url":"https:\/\/www.csj-emballages.com\/de\/","name":"CSJ Emballages","description":"","publisher":{"@id":"https:\/\/www.csj-emballages.com\/de\/#organization"},"potentialAction":[{"@type":"SearchAction","target":{"@type":"EntryPoint","urlTemplate":"https:\/\/www.csj-emballages.com\/de\/?s={search_term_string}"},"query-input":{"@type":"PropertyValueSpecification","valueRequired":true,"valueName":"search_term_string"}}],"inLanguage":"de"},{"@type":"Organization","@id":"https:\/\/www.csj-emballages.com\/de\/#Organization\/","name":"CSJ Emballages","url":"https:\/\/www.csj-emballages.com\/de\/","logo":{"@type":"ImageObject","inLanguage":"de","@id":"https:\/\/www.csj-emballages.com\/de\/#\/schema\/logo\/image\/","url":"https:\/\/www.csj-emballages.com\/wp-content\/uploads\/2023\/10\/logo_csj.webp","contentUrl":"https:\/\/www.csj-emballages.com\/wp-content\/uploads\/2023\/10\/logo_csj.webp","width":250,"height":95,"caption":"CSJ Emballages"},"image":{"@id":"https:\/\/www.csj-emballages.com\/de\/#\/schema\/logo\/image\/"},"sameAs":["https:\/\/www.facebook.com\/csjemballages"],"address":{"@type":"PostalAddress","streetAddress":"ZI La Lechere","addressLocality":"Patornay","postalCode":"39130","addressCountry":"FR"},"contactPoint":[{"@type":"ContactPoint","contactType":"Service client","telephone":"0384254272","email":"contact@csj-emballages.com"}]}]}},"df_price":23.6,"df_sale_price":"","df_regular_price":23.6,"df_image_link":"https:\/\/www.csj-emballages.com\/wp-content\/uploads\/2025\/04\/CHE4048ECO-300x300.jpeg","tiered_pricing_type":"fixed","tiered_pricing_fixed_rules":[],"tiered_pricing_percentage_rules":[],"tiered_pricing_minimum":1,"tiered_pricing_roles_data":[],"_links":{"self":[{"href":"https:\/\/www.csj-emballages.com\/de\/wp-json\/wp\/v2\/product\/235340","targetHints":{"allow":["GET"]}}],"collection":[{"href":"https:\/\/www.csj-emballages.com\/de\/wp-json\/wp\/v2\/product"}],"about":[{"href":"https:\/\/www.csj-emballages.com\/de\/wp-json\/wp\/v2\/types\/product"}],"wp:featuredmedia":[{"embeddable":true,"href":"https:\/\/www.csj-emballages.com\/de\/wp-json\/wp\/v2\/media\/241098"}],"wp:attachment":[{"href":"https:\/\/www.csj-emballages.com\/de\/wp-json\/wp\/v2\/media?parent=235340"}],"wp:term":[{"taxonomy":"product_brand","embeddable":true,"href":"https:\/\/www.csj-emballages.com\/de\/wp-json\/wp\/v2\/product_brand?post=235340"},{"taxonomy":"product_cat","embeddable":true,"href":"https:\/\/www.csj-emballages.com\/de\/wp-json\/wp\/v2\/product_cat?post=235340"},{"taxonomy":"product_tag","embeddable":true,"href":"https:\/\/www.csj-emballages.com\/de\/wp-json\/wp\/v2\/product_tag?post=235340"}],"curies":[{"name":"wp","href":"https:\/\/api.w.org\/{rel}","templated":true}]}}