{"id":23471,"date":"2024-03-01T16:49:18","date_gmt":"2024-03-01T15:49:18","guid":{"rendered":"https:\/\/u15jnbdpoq.preview.infomaniak.website\/produit\/ungebleichter-gepraegter-wischmopp\/"},"modified":"2026-05-04T08:02:05","modified_gmt":"2026-05-04T06:02:05","slug":"ungebleichter-gepraegter-wischmopp","status":"publish","type":"product","link":"https:\/\/www.csj-emballages.com\/de\/produit\/ungebleichter-gepraegter-wischmopp\/","title":{"rendered":"Ungebleichter, gepr\u00e4gter Wischmopp"},"content":{"rendered":"<h2>Wischmopp<\/h2>\n<hr>\n<h3>Ungebleichter, gepr\u00e4gter Wischmopp<\/h3>\n<p><!--more--><\/p>\n<p data-start=\"259\" data-end=\"595\">Dieser <strong>ecrufarbene Waffel-Wischmopp<\/strong> ist f\u00fcr all jene konzipiert, die eine einfache, effiziente und langlebige L\u00f6sung f\u00fcr die Bodenpflege suchen. Dank seines <strong>Waffelgewebes<\/strong> nimmt er Schmutz perfekt auf und erleichtert gleichzeitig das Waschen und Sp\u00fclen. Das Ergebnis: Der Boden wird schneller sauber, mit weniger Aufwand und weniger Durchg\u00e4ngen.  <\/p>\n<p data-start=\"597\" data-end=\"982\">Hergestellt aus <strong>recycelten Fasern<\/strong>, mit einem <strong>Baumwollanteil von mindestens 60 %<\/strong>, vereint er Effizienz und verantwortungsbewusstes Handeln. Die Baumwolle sorgt f\u00fcr eine gute Saugf\u00e4higkeit, w\u00e4hrend die Waffelstruktur die Aufnahme von R\u00fcckst\u00e4nden und Wasser verbessert. Dieser <strong>Wischmopp<\/strong> passt sich somit allen Arten von <strong>B\u00f6den an, ob Fliesen, glatt, versiegelt oder technisch anspruchsvoller<\/strong>.  <\/p>\n<p data-start=\"984\" data-end=\"1357\">F\u00fcr den professionellen Einsatz konzipiert, h\u00e4lt er wiederholtem Waschen sehr gut stand. Er ist maschinenwaschbar bis <strong data-start=\"1094\" data-end=\"1103\">90 \u00b0C<\/strong>, was eine optimale Hygiene gew\u00e4hrleistet, selbst in anspruchsvollen Umgebungen wie \u00f6ffentlichen Einrichtungen, Gro\u00dfk\u00fcchen, Werkst\u00e4tten oder Industrier\u00e4umen. Sie k\u00f6nnen ihn daher t\u00e4glich verwenden, ohne vorzeitigen Verschlei\u00df bef\u00fcrchten zu m\u00fcssen.  <\/p>\n<p data-start=\"1359\" data-end=\"1649\">Seine <strong>ecrufarbene Farbe<\/strong> erm\u00f6glicht es zudem, den Reinheitsgrad leicht zu erkennen und das Waschen zu antizipieren. Praktisch, robust und vielseitig, wird dieser <strong>Wischmopp<\/strong> schnell zu einem unverzichtbaren Reinigungshelfer, sowohl f\u00fcr Wartungsteams als auch f\u00fcr Reinigungsprofis. <\/p>\n<p data-start=\"1651\" data-end=\"1782\">Zusammenfassend ist dies ein zuverl\u00e4ssiges, langlebiges und einfach zu handhabendes Produkt, das den Anforderungen der professionellen Reinigung perfekt entspricht.<\/p>\n<p data-start=\"1651\" data-end=\"1782\"><!--more--><\/p>\n<h4 data-start=\"1651\" data-end=\"1782\">Vorteile :<\/h4>\n<ul>\n<li data-start=\"1810\" data-end=\"1869\"><strong>Waffelgewebe<\/strong> f\u00fcr bessere Reinigungseffizienz.<\/li>\n<li data-start=\"1872\" data-end=\"1925\">Recycelte Fasern mit <strong>Baumwollanteil (min. 60 %)<\/strong>.<\/li>\n<li data-start=\"1928\" data-end=\"1959\">F\u00fcr alle Bodenarten geeignet.<\/li>\n<li data-start=\"1962\" data-end=\"1996\">Maschinenwaschbar bis <strong>90 \u00b0C<\/strong>.<\/li>\n<li data-start=\"1999\" data-end=\"2047\">F\u00fcr intensiven und professionellen Einsatz konzipiert.<\/li>\n<\/ul>\n<p>&nbsp;<\/p>\n<p data-start=\"1651\" data-end=\"1782\"><!--more--><\/p>\n<h4 data-start=\"1651\" data-end=\"1782\">Weitere Informationen :<\/h4>\n<ul>\n<li><strong>Verpackung<\/strong>: Einzeln<\/li>\n<li><strong>Material<\/strong>: Recycelte Baumwollfasern<\/li>\n<\/ul>\n<p>&nbsp;<\/p>\n<p><!--more--><\/p>\n<p><a href=\"https:\/\/www.csj-emballages.com\/de\/hygiene-universum\/\">Entdecken Sie unser gesamtes Hygienesortiment<\/a><\/p>\n","protected":false},"excerpt":{"rendered":"<p>Wischmopp Ungebleichter, gepr\u00e4gter Wischmopp<\/p>\n","protected":false},"featured_media":261925,"template":"","meta":{"_acf_changed":false},"product_brand":[],"product_cat":[1218,1423,3486],"product_tag":[],"class_list":{"0":"post-23471","1":"product","2":"type-product","3":"status-publish","4":"has-post-thumbnail","6":"product_cat-hygiene-und-pflege","7":"product_cat-schwamme-spultucher-kuchentucher","8":"product_cat-mopps","10":"first","11":"instock","12":"taxable","13":"shipping-taxable","14":"purchasable","15":"product-type-simple"},"acf":[],"yoast_head":"<!-- This site is optimized with the Yoast SEO Premium plugin v26.6 (Yoast SEO v26.6) - https:\/\/yoast.com\/wordpress\/plugins\/seo\/ -->\n<title>Waffel-Wischmopp Ecru<\/title>\n<meta name=\"description\" content=\"Saugf\u00e4higer und strapazierf\u00e4higer Waffel-Wischmopp in Ecru, ideal f\u00fcr die Bodenreinigung. Praktisches Format f\u00fcr den professionellen oder privaten Einsatz.\" \/>\n<meta name=\"robots\" content=\"index, follow, max-snippet:-1, max-image-preview:large, max-video-preview:-1\" \/>\n<link rel=\"canonical\" href=\"https:\/\/www.csj-emballages.com\/de\/produit\/ungebleichter-gepraegter-wischmopp\/\" \/>\n<meta property=\"og:locale\" content=\"de_DE\" \/>\n<meta property=\"og:type\" content=\"article\" \/>\n<meta property=\"og:title\" content=\"Ungebleichter, gepr\u00e4gter Wischmopp\" \/>\n<meta property=\"og:description\" content=\"Saugf\u00e4higer und strapazierf\u00e4higer Waffel-Wischmopp in Ecru, ideal f\u00fcr die Bodenreinigung. Praktisches Format f\u00fcr den professionellen oder privaten Einsatz.\" \/>\n<meta property=\"og:url\" content=\"https:\/\/www.csj-emballages.com\/de\/produit\/ungebleichter-gepraegter-wischmopp\/\" \/>\n<meta property=\"og:site_name\" content=\"CSJ Emballages\" \/>\n<meta property=\"article:publisher\" content=\"https:\/\/www.facebook.com\/csjemballages\" \/>\n<meta property=\"article:modified_time\" content=\"2026-05-04T06:02:05+00:00\" \/>\n<meta property=\"og:image\" content=\"https:\/\/www.csj-emballages.com\/wp-content\/uploads\/2024\/03\/Serpilliere.webp\" \/>\n\t<meta property=\"og:image:width\" content=\"800\" \/>\n\t<meta property=\"og:image:height\" content=\"800\" \/>\n\t<meta property=\"og:image:type\" content=\"image\/webp\" \/>\n<meta name=\"twitter:card\" content=\"summary_large_image\" \/>\n<meta name=\"twitter:label1\" content=\"Gesch\u00e4tzte Lesezeit\" \/>\n\t<meta name=\"twitter:data1\" content=\"1\u00a0Minute\" \/>\n<script type=\"application\/ld+json\" class=\"yoast-schema-graph\">{\"@context\":\"https:\/\/schema.org\",\"@graph\":[{\"@type\":\"WebPage\",\"@id\":\"https:\/\/www.csj-emballages.com\/de\/produit\/ungebleichter-gepraegter-wischmopp\/\",\"url\":\"https:\/\/www.csj-emballages.com\/de\/produit\/ungebleichter-gepraegter-wischmopp\/\",\"name\":\"Waffel-Wischmopp Ecru\",\"isPartOf\":{\"@id\":\"https:\/\/www.csj-emballages.com\/de\/#website\"},\"primaryImageOfPage\":{\"@id\":\"https:\/\/www.csj-emballages.com\/de\/produit\/ungebleichter-gepraegter-wischmopp\/#primaryimage\"},\"image\":{\"@id\":\"https:\/\/www.csj-emballages.com\/de\/produit\/ungebleichter-gepraegter-wischmopp\/#primaryimage\"},\"thumbnailUrl\":\"https:\/\/www.csj-emballages.com\/wp-content\/uploads\/2024\/03\/Serpilliere.webp\",\"datePublished\":\"2024-03-01T15:49:18+00:00\",\"dateModified\":\"2026-05-04T06:02:05+00:00\",\"description\":\"Saugf\u00e4higer und strapazierf\u00e4higer Waffel-Wischmopp in Ecru, ideal f\u00fcr die Bodenreinigung. Praktisches Format f\u00fcr den professionellen oder privaten Einsatz.\",\"breadcrumb\":{\"@id\":\"https:\/\/www.csj-emballages.com\/de\/produit\/ungebleichter-gepraegter-wischmopp\/#breadcrumb\"},\"inLanguage\":\"de\",\"potentialAction\":[{\"@type\":\"ReadAction\",\"target\":[\"https:\/\/www.csj-emballages.com\/de\/produit\/ungebleichter-gepraegter-wischmopp\/\"]}]},{\"@type\":\"ImageObject\",\"inLanguage\":\"de\",\"@id\":\"https:\/\/www.csj-emballages.com\/de\/produit\/ungebleichter-gepraegter-wischmopp\/#primaryimage\",\"url\":\"https:\/\/www.csj-emballages.com\/wp-content\/uploads\/2024\/03\/Serpilliere.webp\",\"contentUrl\":\"https:\/\/www.csj-emballages.com\/wp-content\/uploads\/2024\/03\/Serpilliere.webp\",\"width\":800,\"height\":800,\"caption\":\"Serpilli\u00e8re\"},{\"@type\":\"BreadcrumbList\",\"@id\":\"https:\/\/www.csj-emballages.com\/de\/produit\/ungebleichter-gepraegter-wischmopp\/#breadcrumb\",\"itemListElement\":[{\"@type\":\"ListItem\",\"position\":1,\"name\":\"Accueil\",\"item\":\"https:\/\/www.csj-emballages.com\/de\/universum-lebensmittelverpackungen\/\"},{\"@type\":\"ListItem\",\"position\":2,\"name\":\"Shop\",\"item\":\"https:\/\/www.csj-emballages.com\/shop\/\"},{\"@type\":\"ListItem\",\"position\":3,\"name\":\"Ungebleichter, gepr\u00e4gter Wischmopp\"}]},{\"@type\":\"WebSite\",\"@id\":\"https:\/\/www.csj-emballages.com\/de\/#website\",\"url\":\"https:\/\/www.csj-emballages.com\/de\/\",\"name\":\"CSJ Emballages\",\"description\":\"\",\"publisher\":{\"@id\":\"https:\/\/www.csj-emballages.com\/de\/#organization\"},\"potentialAction\":[{\"@type\":\"SearchAction\",\"target\":{\"@type\":\"EntryPoint\",\"urlTemplate\":\"https:\/\/www.csj-emballages.com\/de\/?s={search_term_string}\"},\"query-input\":{\"@type\":\"PropertyValueSpecification\",\"valueRequired\":true,\"valueName\":\"search_term_string\"}}],\"inLanguage\":\"de\"},{\"@type\":\"Organization\",\"@id\":\"https:\/\/www.csj-emballages.com\/de\/#Organization\/\",\"name\":\"CSJ Emballages\",\"url\":\"https:\/\/www.csj-emballages.com\/de\/\",\"logo\":{\"@type\":\"ImageObject\",\"inLanguage\":\"de\",\"@id\":\"https:\/\/www.csj-emballages.com\/de\/#\/schema\/logo\/image\/\",\"url\":\"https:\/\/www.csj-emballages.com\/wp-content\/uploads\/2023\/10\/logo_csj.webp\",\"contentUrl\":\"https:\/\/www.csj-emballages.com\/wp-content\/uploads\/2023\/10\/logo_csj.webp\",\"width\":250,\"height\":95,\"caption\":\"CSJ Emballages\"},\"image\":{\"@id\":\"https:\/\/www.csj-emballages.com\/de\/#\/schema\/logo\/image\/\"},\"sameAs\":[\"https:\/\/www.facebook.com\/csjemballages\"],\"address\":{\"@type\":\"PostalAddress\",\"streetAddress\":\"ZI La Lechere\",\"addressLocality\":\"Patornay\",\"postalCode\":\"39130\",\"addressCountry\":\"FR\"},\"contactPoint\":[{\"@type\":\"ContactPoint\",\"contactType\":\"Service client\",\"telephone\":\"0384254272\",\"email\":\"contact@csj-emballages.com\"}]}]}<\/script>\n<!-- \/ Yoast SEO Premium plugin. -->","yoast_head_json":{"title":"Waffel-Wischmopp Ecru","description":"Saugf\u00e4higer und strapazierf\u00e4higer Waffel-Wischmopp in Ecru, ideal f\u00fcr die Bodenreinigung. Praktisches Format f\u00fcr den professionellen oder privaten Einsatz.","robots":{"index":"index","follow":"follow","max-snippet":"max-snippet:-1","max-image-preview":"max-image-preview:large","max-video-preview":"max-video-preview:-1"},"canonical":"https:\/\/www.csj-emballages.com\/de\/produit\/ungebleichter-gepraegter-wischmopp\/","og_locale":"de_DE","og_type":"article","og_title":"Ungebleichter, gepr\u00e4gter Wischmopp","og_description":"Saugf\u00e4higer und strapazierf\u00e4higer Waffel-Wischmopp in Ecru, ideal f\u00fcr die Bodenreinigung. Praktisches Format f\u00fcr den professionellen oder privaten Einsatz.","og_url":"https:\/\/www.csj-emballages.com\/de\/produit\/ungebleichter-gepraegter-wischmopp\/","og_site_name":"CSJ Emballages","article_publisher":"https:\/\/www.facebook.com\/csjemballages","article_modified_time":"2026-05-04T06:02:05+00:00","og_image":[{"width":800,"height":800,"url":"https:\/\/www.csj-emballages.com\/wp-content\/uploads\/2024\/03\/Serpilliere.webp","type":"image\/webp"}],"twitter_card":"summary_large_image","twitter_misc":{"Gesch\u00e4tzte Lesezeit":"1\u00a0Minute"},"schema":{"@context":"https:\/\/schema.org","@graph":[{"@type":"WebPage","@id":"https:\/\/www.csj-emballages.com\/de\/produit\/ungebleichter-gepraegter-wischmopp\/","url":"https:\/\/www.csj-emballages.com\/de\/produit\/ungebleichter-gepraegter-wischmopp\/","name":"Waffel-Wischmopp Ecru","isPartOf":{"@id":"https:\/\/www.csj-emballages.com\/de\/#website"},"primaryImageOfPage":{"@id":"https:\/\/www.csj-emballages.com\/de\/produit\/ungebleichter-gepraegter-wischmopp\/#primaryimage"},"image":{"@id":"https:\/\/www.csj-emballages.com\/de\/produit\/ungebleichter-gepraegter-wischmopp\/#primaryimage"},"thumbnailUrl":"https:\/\/www.csj-emballages.com\/wp-content\/uploads\/2024\/03\/Serpilliere.webp","datePublished":"2024-03-01T15:49:18+00:00","dateModified":"2026-05-04T06:02:05+00:00","description":"Saugf\u00e4higer und strapazierf\u00e4higer Waffel-Wischmopp in Ecru, ideal f\u00fcr die Bodenreinigung. Praktisches Format f\u00fcr den professionellen oder privaten Einsatz.","breadcrumb":{"@id":"https:\/\/www.csj-emballages.com\/de\/produit\/ungebleichter-gepraegter-wischmopp\/#breadcrumb"},"inLanguage":"de","potentialAction":[{"@type":"ReadAction","target":["https:\/\/www.csj-emballages.com\/de\/produit\/ungebleichter-gepraegter-wischmopp\/"]}]},{"@type":"ImageObject","inLanguage":"de","@id":"https:\/\/www.csj-emballages.com\/de\/produit\/ungebleichter-gepraegter-wischmopp\/#primaryimage","url":"https:\/\/www.csj-emballages.com\/wp-content\/uploads\/2024\/03\/Serpilliere.webp","contentUrl":"https:\/\/www.csj-emballages.com\/wp-content\/uploads\/2024\/03\/Serpilliere.webp","width":800,"height":800,"caption":"Serpilli\u00e8re"},{"@type":"BreadcrumbList","@id":"https:\/\/www.csj-emballages.com\/de\/produit\/ungebleichter-gepraegter-wischmopp\/#breadcrumb","itemListElement":[{"@type":"ListItem","position":1,"name":"Accueil","item":"https:\/\/www.csj-emballages.com\/de\/universum-lebensmittelverpackungen\/"},{"@type":"ListItem","position":2,"name":"Shop","item":"https:\/\/www.csj-emballages.com\/shop\/"},{"@type":"ListItem","position":3,"name":"Ungebleichter, gepr\u00e4gter Wischmopp"}]},{"@type":"WebSite","@id":"https:\/\/www.csj-emballages.com\/de\/#website","url":"https:\/\/www.csj-emballages.com\/de\/","name":"CSJ Emballages","description":"","publisher":{"@id":"https:\/\/www.csj-emballages.com\/de\/#organization"},"potentialAction":[{"@type":"SearchAction","target":{"@type":"EntryPoint","urlTemplate":"https:\/\/www.csj-emballages.com\/de\/?s={search_term_string}"},"query-input":{"@type":"PropertyValueSpecification","valueRequired":true,"valueName":"search_term_string"}}],"inLanguage":"de"},{"@type":"Organization","@id":"https:\/\/www.csj-emballages.com\/de\/#Organization\/","name":"CSJ Emballages","url":"https:\/\/www.csj-emballages.com\/de\/","logo":{"@type":"ImageObject","inLanguage":"de","@id":"https:\/\/www.csj-emballages.com\/de\/#\/schema\/logo\/image\/","url":"https:\/\/www.csj-emballages.com\/wp-content\/uploads\/2023\/10\/logo_csj.webp","contentUrl":"https:\/\/www.csj-emballages.com\/wp-content\/uploads\/2023\/10\/logo_csj.webp","width":250,"height":95,"caption":"CSJ Emballages"},"image":{"@id":"https:\/\/www.csj-emballages.com\/de\/#\/schema\/logo\/image\/"},"sameAs":["https:\/\/www.facebook.com\/csjemballages"],"address":{"@type":"PostalAddress","streetAddress":"ZI La Lechere","addressLocality":"Patornay","postalCode":"39130","addressCountry":"FR"},"contactPoint":[{"@type":"ContactPoint","contactType":"Service client","telephone":"0384254272","email":"contact@csj-emballages.com"}]}]}},"df_price":1.5,"df_sale_price":"","df_regular_price":1.5,"df_image_link":"https:\/\/www.csj-emballages.com\/wp-content\/uploads\/2024\/03\/Serpilliere-300x300.webp","tiered_pricing_type":"fixed","tiered_pricing_fixed_rules":[],"tiered_pricing_percentage_rules":[],"tiered_pricing_minimum":1,"tiered_pricing_roles_data":[],"_links":{"self":[{"href":"https:\/\/www.csj-emballages.com\/de\/wp-json\/wp\/v2\/product\/23471","targetHints":{"allow":["GET"]}}],"collection":[{"href":"https:\/\/www.csj-emballages.com\/de\/wp-json\/wp\/v2\/product"}],"about":[{"href":"https:\/\/www.csj-emballages.com\/de\/wp-json\/wp\/v2\/types\/product"}],"wp:featuredmedia":[{"embeddable":true,"href":"https:\/\/www.csj-emballages.com\/de\/wp-json\/wp\/v2\/media\/261925"}],"wp:attachment":[{"href":"https:\/\/www.csj-emballages.com\/de\/wp-json\/wp\/v2\/media?parent=23471"}],"wp:term":[{"taxonomy":"product_brand","embeddable":true,"href":"https:\/\/www.csj-emballages.com\/de\/wp-json\/wp\/v2\/product_brand?post=23471"},{"taxonomy":"product_cat","embeddable":true,"href":"https:\/\/www.csj-emballages.com\/de\/wp-json\/wp\/v2\/product_cat?post=23471"},{"taxonomy":"product_tag","embeddable":true,"href":"https:\/\/www.csj-emballages.com\/de\/wp-json\/wp\/v2\/product_tag?post=23471"}],"curies":[{"name":"wp","href":"https:\/\/api.w.org\/{rel}","templated":true}]}}