{"id":23454,"date":"2024-03-01T16:49:19","date_gmt":"2024-03-01T15:49:19","guid":{"rendered":"https:\/\/u15jnbdpoq.preview.infomaniak.website\/produit\/100-entrindete-beutel-mit-geformtem-boden-100-x-175-mm\/"},"modified":"2026-03-17T02:17:26","modified_gmt":"2026-03-17T01:17:26","slug":"100-entrindete-beutel-mit-geformtem-boden-100-x-175-mm","status":"publish","type":"product","link":"https:\/\/www.csj-emballages.com\/de\/produit\/100-entrindete-beutel-mit-geformtem-boden-100-x-175-mm\/","title":{"rendered":"Kreuzbodenbeutel 100 x 175 mm pro 100"},"content":{"rendered":"<div style=\"box-sizing: inherit; font-family: Roboto, sans-serif;\">\n<div style=\"box-sizing: inherit; font-family: Roboto, sans-serif;\">\n<div style=\"box-sizing: inherit; font-family: Roboto, sans-serif;\">\n<div style=\"box-sizing: inherit; font-family: Roboto, sans-serif;\">\n<div style=\"box-sizing: inherit; font-family: Roboto, sans-serif;\">\n<div style=\"box-sizing: inherit; font-family: Roboto, sans-serif;\">\n<div style=\"box-sizing: inherit; font-family: Roboto, sans-serif;\">\n<div style=\"box-sizing: inherit; font-family: Roboto, sans-serif;\">\n<div style=\"box-sizing: inherit; font-family: Roboto, sans-serif;\">\n<div style=\"box-sizing: inherit; font-family: Roboto, sans-serif;\">\n<div style=\"box-sizing: inherit; font-family: Roboto, sans-serif;\">\n<div style=\"box-sizing: inherit; font-family: Roboto, sans-serif;\">\n<div style=\"box-sizing: inherit; font-family: Roboto, sans-serif;\">\n<div class=\"flex flex-grow flex-col max-w-full\">\n<div class=\"min-h-[20px] text-message flex flex-col items-start whitespace-pre-wrap break-words [.text-message+&amp;]:mt-5 juice:w-full juice:items-end overflow-x-auto gap-2\" dir=\"auto\" data-message-author-role=\"assistant\" data-message-id=\"2034782e-88f9-44ef-b4dc-07dd7bf0115f\">\n<div class=\"flex w-full flex-col gap-1 juice:empty:hidden juice:first:pt-[3px]\">\n<div class=\"markdown prose w-full break-words dark:prose-invert light\">\n<div style=\"box-sizing: inherit; font-family: Roboto, sans-serif;\">\n<div style=\"box-sizing: inherit; font-family: Roboto, sans-serif;\">\n<div style=\"box-sizing: inherit; font-family: Roboto, sans-serif;\">\n<div style=\"box-sizing: inherit; font-family: Roboto, sans-serif;\">\n<div style=\"box-sizing: inherit; font-family: Roboto, sans-serif;\">\n<div style=\"box-sizing: inherit; font-family: Roboto, sans-serif;\">\n<h2>Kreuzbodenbeutel<\/h2>\n<div style=\"box-sizing: inherit; font-family: Roboto, sans-serif;\">\n<div style=\"box-sizing: inherit; font-family: Roboto, sans-serif;\">\n<div style=\"box-sizing: inherit; font-family: Roboto, sans-serif;\">\n<div style=\"text-align: center;\">\n<div style=\"box-sizing: inherit; font-family: Roboto, sans-serif;\">\n<div style=\"box-sizing: inherit; font-family: Roboto, sans-serif;\">\n<div style=\"box-sizing: inherit; font-family: Roboto, sans-serif;\">\n<div style=\"box-sizing: inherit; font-family: Roboto, sans-serif;\">\n<div style=\"box-sizing: inherit; font-family: Roboto, sans-serif;\">\n<div style=\"box-sizing: inherit; font-family: Roboto, sans-serif; text-align: left;\">\n<hr>\n<h3 style=\"text-align: left;\">Beschreibung von unserem Kreuzbodenbeutel 100 x 175 mm pro 100<\/h3>\n<h3 style=\"text-align: left;\"><!--more--><\/h3>\n<\/div>\n<\/div>\n<\/div>\n<\/div>\n<\/div>\n<\/div>\n<\/div>\n<\/div>\n<\/div>\n<\/div>\n<\/div>\n<\/div>\n<\/div>\n<\/div>\n<\/div>\n<\/div>\n<\/div>\n<\/div>\n<\/div>\n<\/div>\n<\/div>\n<\/div>\n<\/div>\n<\/div>\n<\/div>\n<\/div>\n<\/div>\n<\/div>\n<\/div>\n<\/div>\n<\/div>\n<\/div>\n<\/div>\n<div style=\"box-sizing: inherit; font-family: Roboto, sans-serif;\">\n<div style=\"box-sizing: inherit; font-family: Roboto, sans-serif;\">\n<div style=\"box-sizing: inherit; font-family: Roboto, sans-serif;\">\n<div style=\"box-sizing: inherit; font-family: Roboto, sans-serif;\">\n<div style=\"box-sizing: inherit; font-family: Roboto, sans-serif;\">\n<div style=\"box-sizing: inherit; font-family: Roboto, sans-serif;\">\n<div style=\"box-sizing: inherit; font-family: Roboto, sans-serif;\">\n<div style=\"box-sizing: inherit; font-family: Roboto, sans-serif;\">\n<div style=\"box-sizing: inherit; font-family: Roboto, sans-serif;\">\n<div style=\"box-sizing: inherit; font-family: Roboto, sans-serif;\">\n<div style=\"box-sizing: inherit; font-family: Roboto, sans-serif;\">\n<div style=\"box-sizing: inherit; font-family: Roboto, sans-serif;\">\n<div style=\"box-sizing: inherit; font-family: Roboto, sans-serif;\">\n<div class=\"flex flex-grow flex-col max-w-full\">\n<div class=\"min-h-[20px] text-message flex flex-col items-start whitespace-pre-wrap break-words [.text-message+&amp;]:mt-5 juice:w-full juice:items-end overflow-x-auto gap-2\" dir=\"auto\" data-message-author-role=\"assistant\" data-message-id=\"2034782e-88f9-44ef-b4dc-07dd7bf0115f\">\n<div class=\"flex w-full flex-col gap-1 juice:empty:hidden juice:first:pt-[3px]\">\n<div class=\"markdown prose w-full break-words dark:prose-invert light\">\n<div style=\"box-sizing: inherit; font-family: Roboto, sans-serif;\">\n<div style=\"box-sizing: inherit; font-family: Roboto, sans-serif;\">\n<div style=\"box-sizing: inherit; font-family: Roboto, sans-serif;\">\n<div style=\"box-sizing: inherit; font-family: Roboto, sans-serif;\">\n<div style=\"box-sizing: inherit; font-family: Roboto, sans-serif;\">\n<div style=\"box-sizing: inherit; font-family: Roboto, sans-serif;\">\n<p data-start=\"0\" data-end=\"457\">Entdecken Sie den <strong data-start=\"50\" data-end=\"86\">Kreuzbodenbeutel 100 x 175 mm<\/strong>, die unverzichtbare Verpackung, um Ihre S\u00fc\u00dfigkeiten und kleinen Geschenke zur Geltung zu bringen. Dank seines ausgekl\u00fcgelten <strong data-start=\"180\" data-end=\"200\">Designs<\/strong> bietet dieser <strong>entrindete Beutel<\/strong> eine stabile Basis, die perfekt aufrecht steht und das Bef\u00fcllen und Pr\u00e4sentieren erleichtert. Egal, ob Sie <strong data-start=\"345\" data-end=\"357\">Schokolade<\/strong>, <strong data-start=\"363\" data-end=\"382\">knackige N\u00fcsse<\/strong> oder k\u00f6stliche <strong data-start=\"399\" data-end=\"410\">S\u00fc\u00dfigkeiten<\/strong> verpacken m\u00f6chten, er passt sich all Ihren s\u00fc\u00dfen W\u00fcnschen an.  <\/p>\n<p data-start=\"459\" data-end=\"830\">Dieser <strong>Kreuzbodenbeutel<\/strong> ist auch ideal f\u00fcr ausgefallenere Kreationen: <strong data-start=\"530\" data-end=\"555\">Schokoladenfiguren<\/strong>, kleine <strong data-start=\"568\" data-end=\"595\">handgefertigte Geb\u00e4ckst\u00fccke<\/strong> oder sogar h\u00fcbsche <strong data-start=\"613\" data-end=\"634\">Gastgeschenke<\/strong> bei besonderen Anl\u00e4ssen. Seine Transparenz hebt Ihre Produkte auf elegante Weise hervor, sodass Ihre Kunden die Qualit\u00e4t und die Farben Ihrer Zubereitungen auf den ersten Blick bewundern k\u00f6nnen. <\/p>\n<p data-start=\"832\" data-end=\"1175\">Dieser Beutel besteht aus <strong data-start=\"844\" data-end=\"856\">OPP 30 \u00b5<\/strong>, einem Material, das f\u00fcr seine <strong data-start=\"886\" data-end=\"900\">St\u00e4rke<\/strong> und <strong data-start=\"907\" data-end=\"929\">kristallklare Klarheit<\/strong> bekannt ist. Er sch\u00fctzt Ihre Produkte wirksam und bietet ihnen gleichzeitig eine professionelle Pr\u00e4sentation. Der einfache Verschluss erm\u00f6glicht das Anbringen eines Bandes, eines individuellen Etiketts oder eines dekorativen Clips f\u00fcr ein noch sch\u00f6neres Erscheinungsbild. <\/p>\n<p data-start=\"1177\" data-end=\"1631\">Mit diesem <strong data-start=\"1195\" data-end=\"1219\">Kreuzbodenbeutel<\/strong> entscheiden Sie sich f\u00fcr eine Verpackung, die <strong data-start=\"1260\" data-end=\"1272\">praktisch<\/strong>, <strong data-start=\"1274\" data-end=\"1288\">\u00e4sthetisch<\/strong> und <strong data-start=\"1292\" data-end=\"1306\">vielseitig<\/strong> ist. Er eignet sich sowohl f\u00fcr Schokoladenhersteller als auch f\u00fcr Konditoren, Confiseure oder Veranstaltungsorganisatoren, die ein zuverl\u00e4ssiges und elegantes Produkt suchen. Mit ihren <strong>Abmessungen von 100 x 175 mm<\/strong> nimmt sie problemlos Einzelportionen oder kleine Sortimente auf und ben\u00f6tigt dabei nur ein Minimum an Lagerraum.  <\/p>\n<p data-start=\"1633\" data-end=\"1884\">Kurz gesagt: Dieser <strong>S\u00fc\u00dfwarenbeutel<\/strong> stellt Ihre Kreationen in den Vordergrund, erleichtert Ihre Organisation und verf\u00fchrt Ihre Kunden. Bieten Sie Ihren Produkten die Pr\u00e4sentation, die sie verdienen: ein <strong data-start=\"1804\" data-end=\"1828\">Kreuzbodenbeutel<\/strong>, der Sch\u00f6nheit, Zweckm\u00e4\u00dfigkeit und professionelle Qualit\u00e4t vereint. <\/p>\n<p><!--more--><\/p>\n<h4 style=\"text-align: left;\">Vorteile :<\/h4>\n<ul style=\"text-align: left;\">\n<li><strong data-start=\"2098\" data-end=\"2123\">Elegante Pr\u00e4sentation<\/strong> dank kristallklarer Transparenz.<\/li>\n<li><strong data-start=\"2165\" data-end=\"2187\">Optimale Stabilit\u00e4t<\/strong> mit einer leicht zu bef\u00fcllenden Kreuzbasis.<\/li>\n<li><strong data-start=\"2232\" data-end=\"2254\">Widerstandsf\u00e4higes<\/strong> OPP 30 <strong data-start=\"2232\" data-end=\"2254\">\u00b5-Material<\/strong> f\u00fcr zuverl\u00e4ssigen Schutz.<\/li>\n<li><strong data-start=\"2296\" data-end=\"2310\">Vielseitig<\/strong> einsetzbar: perfekt f\u00fcr Schokolade, Bonbons, N\u00fcsse, Geschenke oder Figuren.<\/li>\n<li><strong data-start=\"2378\" data-end=\"2397\">Individuell gestaltbar<\/strong> mit B\u00e4ndern oder Etiketten f\u00fcr einen einzigartigen Stil.<\/li>\n<\/ul>\n<\/div>\n<\/div>\n<\/div>\n<\/div>\n<\/div>\n<\/div>\n<\/div>\n<\/div>\n<\/div>\n<\/div>\n<\/div>\n<\/div>\n<p>&nbsp;<\/p>\n<\/div>\n<\/div>\n<\/div>\n<\/div>\n<\/div>\n<\/div>\n<\/div>\n<\/div>\n<\/div>\n<\/div>\n<\/div>\n<p><!--more--><\/p>\n<h4>Weitere Informationen :<\/h4>\n<ul style=\"box-sizing: inherit; font-family: Roboto, sans-serif;\">\n<li><strong>Verpackung<\/strong>: Packung mit 100 St\u00fcck<\/li>\n<li><span style=\"font-weight: bold;\">Ma\u00dfe<\/span>: 100 x 175 mm<\/li>\n<li><strong>Material<\/strong>: OPP<\/li>\n<li><strong>Farbe<\/strong>: Transparent<\/li>\n<li><strong>Widerstand<\/strong>: 30\u00b5<\/li>\n<\/ul>\n<p>&nbsp;<\/p>\n<p><!--more--><\/p>\n<div style=\"box-sizing: inherit; font-family: Roboto, sans-serif;\">\n<div style=\"box-sizing: inherit; font-family: Roboto, sans-serif;\">\n<div style=\"box-sizing: inherit; font-family: Roboto, sans-serif;\">\n<div style=\"box-sizing: inherit; font-family: Roboto, sans-serif;\">\n<div style=\"box-sizing: inherit; font-family: Roboto, sans-serif;\">\n<div style=\"box-sizing: inherit; font-family: Roboto, sans-serif;\">\n<p>Erh\u00e4ltlich in verschiedenen Gr\u00f6\u00dfen: <span style=\"color: #d12727;\"><a style=\"color: #d12727;\" href=\"https:\/\/www.csj-emballages.com\/produit\/100-sachets-ecornes-fond-forme-75-x-135-mm\/\"><span style=\"color: #d12727;\">75 x 135 mm<\/span><\/a><\/span> \/  <span style=\"color: #d12727;\"><a style=\"color: #d12727;\" href=\"https:\/\/www.csj-emballages.com\/produit\/100-sachets-ecornes-fond-forme-85-x-145-mm\/\">85 x 145 mm<\/a><\/span> \/  <span style=\"color: #d12727;\"><a style=\"color: #d12727;\" href=\"https:\/\/www.csj-emballages.com\/produit\/100-sachets-ecornes-fond-forme-95-x-160-mm\/\">95 x 160 mm<\/a> <\/span>\/  <span style=\"color: #d12727;\"><a style=\"color: #d12727;\" href=\"https:\/\/www.csj-emballages.com\/de\/produit\/100-beutel-entrindet-mit-geformtem-boden-180-x-300-mm\/\">180 x 300 mm<\/a><\/span> \/  <span style=\"color: #d12727;\"><a style=\"color: #d12727;\" href=\"https:\/\/www.csj-emballages.com\/de\/produit\/100-entrindete-beutel-mit-geformtem-boden-160-x-270-mm\/\">160 x 270 mm<\/a><\/span> \/  <span style=\"color: #d12727;\"><a style=\"color: #d12727;\" href=\"https:\/\/www.csj-emballages.com\/de\/produit\/100-beutel-entrindet-mit-geformtem-boden-145-x-235-mm\/\">145 x 235 mm<\/a><\/span> \/  <span style=\"color: #d12727;\"><a style=\"color: #d12727;\" href=\"https:\/\/www.csj-emballages.com\/de\/produit\/100-beutel-entrindet-mit-geformtem-boden-120-x-225-mm\/\">120 x 225 mm<\/a><\/span> \/  <span style=\"color: #d12727;\"><a style=\"color: #d12727;\" href=\"https:\/\/www.csj-emballages.com\/de\/produit\/100-beutel-entrindet-mit-geformtem-boden-115-x-190-mm\/\">115 x 190 mm<\/a><\/span> \/  <span style=\"color: #d12727;\"><a style=\"color: #d12727;\" href=\"https:\/\/www.csj-emballages.com\/de\/produit\/100-entrindete-beutel-mit-geformtem-boden-160-x-350-mm\/\">160 x 350 mm<\/a><\/span> \/  <span style=\"color: #d12727;\"><a style=\"color: #d12727;\" href=\"https:\/\/www.csj-emballages.com\/de\/produit\/100-beutel-entrindet-mit-geformtem-boden-180-x-380-mm\/\">180 x 380 mm<\/a><\/span> \/  <span style=\"color: #d12727;\"><a style=\"color: #d12727;\" href=\"https:\/\/www.csj-emballages.com\/de\/produit\/100-beutel-entrindet-mit-geformtem-boden-230-x-370-mm\/\">230 x 370 mm<\/a><\/span><\/p>\n<p>&nbsp;<\/p>\n<p><!--more--><\/p>\n<p><a href=\"https:\/\/www.csj-emballages.com\/de\/categorie-produit\/lebensmittelverpackungen\/backerei-und-konditorei\/sacke-beutel-und-papier\/beutel-fur-suswaren\/beutel-ohne-boden-de\/abgeplatzte-beutel\/\">Sehen Sie sich den Rest unseres Sortiments an Kreuzbodenbeuteln an<\/a><\/p>\n<\/div>\n<\/div>\n<\/div>\n<\/div>\n<\/div>\n<\/div>\n","protected":false},"excerpt":{"rendered":"<p>Kreuzbodenbeutel Beschreibung von unserem Kreuzbodenbeutel 100 x 175 mm pro 100<\/p>\n","protected":false},"featured_media":243691,"template":"","meta":{"_acf_changed":false},"product_brand":[],"product_cat":[1137,1171,3967,1678,3950,5984],"product_tag":[],"class_list":{"0":"post-23454","1":"product","2":"type-product","3":"status-publish","4":"has-post-thumbnail","6":"product_cat-lebensmittelverpackungen","7":"product_cat-backerei-und-konditorei","8":"product_cat-sacke-beutel-und-papier","9":"product_cat-beutel-fur-suswaren","10":"product_cat-beutel-ohne-boden-de","11":"product_cat-abgeplatzte-beutel","13":"first","14":"instock","15":"taxable","16":"shipping-taxable","17":"purchasable","18":"product-type-simple"},"acf":[],"yoast_head":"<!-- This site is optimized with the Yoast SEO Premium plugin v26.6 (Yoast SEO v26.6) - https:\/\/yoast.com\/wordpress\/plugins\/seo\/ -->\n<title>Kreuzbodenbeutel 100 x 175 mm pro 100 St\u00fcck<\/title>\n<meta name=\"description\" content=\"Kreuzbodenbeutel 100 x 175 mm aus OPP 30 \u00b5, transparent und widerstandsf\u00e4hig. Ideal f\u00fcr Schokolade, Bonbons, N\u00fcsse und kleine Geschenke.\" \/>\n<meta name=\"robots\" content=\"index, follow, max-snippet:-1, max-image-preview:large, max-video-preview:-1\" \/>\n<link rel=\"canonical\" href=\"https:\/\/www.csj-emballages.com\/de\/produit\/100-entrindete-beutel-mit-geformtem-boden-100-x-175-mm\/\" \/>\n<meta property=\"og:locale\" content=\"de_DE\" \/>\n<meta property=\"og:type\" content=\"article\" \/>\n<meta property=\"og:title\" content=\"Kreuzbodenbeutel 100 x 175 mm pro 100\" \/>\n<meta property=\"og:description\" content=\"Kreuzbodenbeutel 100 x 175 mm aus OPP 30 \u00b5, transparent und widerstandsf\u00e4hig. Ideal f\u00fcr Schokolade, Bonbons, N\u00fcsse und kleine Geschenke.\" \/>\n<meta property=\"og:url\" content=\"https:\/\/www.csj-emballages.com\/de\/produit\/100-entrindete-beutel-mit-geformtem-boden-100-x-175-mm\/\" \/>\n<meta property=\"og:site_name\" content=\"CSJ Emballages\" \/>\n<meta property=\"article:publisher\" content=\"https:\/\/www.facebook.com\/csjemballages\" \/>\n<meta property=\"article:modified_time\" content=\"2026-03-17T01:17:26+00:00\" \/>\n<meta property=\"og:image\" content=\"https:\/\/www.csj-emballages.com\/wp-content\/uploads\/2024\/03\/Sachets-a-fond-croise.webp\" \/>\n\t<meta property=\"og:image:width\" content=\"800\" \/>\n\t<meta property=\"og:image:height\" content=\"800\" \/>\n\t<meta property=\"og:image:type\" content=\"image\/webp\" \/>\n<meta name=\"twitter:card\" content=\"summary_large_image\" \/>\n<meta name=\"twitter:label1\" content=\"Gesch\u00e4tzte Lesezeit\" \/>\n\t<meta name=\"twitter:data1\" content=\"2 Minuten\" \/>\n<script type=\"application\/ld+json\" class=\"yoast-schema-graph\">{\"@context\":\"https:\/\/schema.org\",\"@graph\":[{\"@type\":\"WebPage\",\"@id\":\"https:\/\/www.csj-emballages.com\/de\/produit\/100-entrindete-beutel-mit-geformtem-boden-100-x-175-mm\/\",\"url\":\"https:\/\/www.csj-emballages.com\/de\/produit\/100-entrindete-beutel-mit-geformtem-boden-100-x-175-mm\/\",\"name\":\"Kreuzbodenbeutel 100 x 175 mm pro 100 St\u00fcck\",\"isPartOf\":{\"@id\":\"https:\/\/www.csj-emballages.com\/de\/#website\"},\"primaryImageOfPage\":{\"@id\":\"https:\/\/www.csj-emballages.com\/de\/produit\/100-entrindete-beutel-mit-geformtem-boden-100-x-175-mm\/#primaryimage\"},\"image\":{\"@id\":\"https:\/\/www.csj-emballages.com\/de\/produit\/100-entrindete-beutel-mit-geformtem-boden-100-x-175-mm\/#primaryimage\"},\"thumbnailUrl\":\"https:\/\/www.csj-emballages.com\/wp-content\/uploads\/2024\/03\/Sachets-a-fond-croise.webp\",\"datePublished\":\"2024-03-01T15:49:19+00:00\",\"dateModified\":\"2026-03-17T01:17:26+00:00\",\"description\":\"Kreuzbodenbeutel 100 x 175 mm aus OPP 30 \u00b5, transparent und widerstandsf\u00e4hig. Ideal f\u00fcr Schokolade, Bonbons, N\u00fcsse und kleine Geschenke.\",\"breadcrumb\":{\"@id\":\"https:\/\/www.csj-emballages.com\/de\/produit\/100-entrindete-beutel-mit-geformtem-boden-100-x-175-mm\/#breadcrumb\"},\"inLanguage\":\"de\",\"potentialAction\":[{\"@type\":\"ReadAction\",\"target\":[\"https:\/\/www.csj-emballages.com\/de\/produit\/100-entrindete-beutel-mit-geformtem-boden-100-x-175-mm\/\"]}]},{\"@type\":\"ImageObject\",\"inLanguage\":\"de\",\"@id\":\"https:\/\/www.csj-emballages.com\/de\/produit\/100-entrindete-beutel-mit-geformtem-boden-100-x-175-mm\/#primaryimage\",\"url\":\"https:\/\/www.csj-emballages.com\/wp-content\/uploads\/2024\/03\/Sachets-a-fond-croise.webp\",\"contentUrl\":\"https:\/\/www.csj-emballages.com\/wp-content\/uploads\/2024\/03\/Sachets-a-fond-croise.webp\",\"width\":800,\"height\":800,\"caption\":\"Sachet \u00e0 fond crois\u00e9\"},{\"@type\":\"BreadcrumbList\",\"@id\":\"https:\/\/www.csj-emballages.com\/de\/produit\/100-entrindete-beutel-mit-geformtem-boden-100-x-175-mm\/#breadcrumb\",\"itemListElement\":[{\"@type\":\"ListItem\",\"position\":1,\"name\":\"Accueil\",\"item\":\"https:\/\/www.csj-emballages.com\/de\/universum-lebensmittelverpackungen\/\"},{\"@type\":\"ListItem\",\"position\":2,\"name\":\"Shop\",\"item\":\"https:\/\/www.csj-emballages.com\/shop\/\"},{\"@type\":\"ListItem\",\"position\":3,\"name\":\"Kreuzbodenbeutel 100 x 175 mm pro 100\"}]},{\"@type\":\"WebSite\",\"@id\":\"https:\/\/www.csj-emballages.com\/de\/#website\",\"url\":\"https:\/\/www.csj-emballages.com\/de\/\",\"name\":\"CSJ Emballages\",\"description\":\"\",\"publisher\":{\"@id\":\"https:\/\/www.csj-emballages.com\/de\/#organization\"},\"potentialAction\":[{\"@type\":\"SearchAction\",\"target\":{\"@type\":\"EntryPoint\",\"urlTemplate\":\"https:\/\/www.csj-emballages.com\/de\/?s={search_term_string}\"},\"query-input\":{\"@type\":\"PropertyValueSpecification\",\"valueRequired\":true,\"valueName\":\"search_term_string\"}}],\"inLanguage\":\"de\"},{\"@type\":\"Organization\",\"@id\":\"https:\/\/www.csj-emballages.com\/de\/#Organization\/\",\"name\":\"CSJ Emballages\",\"url\":\"https:\/\/www.csj-emballages.com\/de\/\",\"logo\":{\"@type\":\"ImageObject\",\"inLanguage\":\"de\",\"@id\":\"https:\/\/www.csj-emballages.com\/de\/#\/schema\/logo\/image\/\",\"url\":\"https:\/\/www.csj-emballages.com\/wp-content\/uploads\/2023\/10\/logo_csj.webp\",\"contentUrl\":\"https:\/\/www.csj-emballages.com\/wp-content\/uploads\/2023\/10\/logo_csj.webp\",\"width\":250,\"height\":95,\"caption\":\"CSJ Emballages\"},\"image\":{\"@id\":\"https:\/\/www.csj-emballages.com\/de\/#\/schema\/logo\/image\/\"},\"sameAs\":[\"https:\/\/www.facebook.com\/csjemballages\"],\"address\":{\"@type\":\"PostalAddress\",\"streetAddress\":\"ZI La Lechere\",\"addressLocality\":\"Patornay\",\"postalCode\":\"39130\",\"addressCountry\":\"FR\"},\"contactPoint\":[{\"@type\":\"ContactPoint\",\"contactType\":\"Service client\",\"telephone\":\"0384254272\",\"email\":\"contact@csj-emballages.com\"}]}]}<\/script>\n<!-- \/ Yoast SEO Premium plugin. -->","yoast_head_json":{"title":"Kreuzbodenbeutel 100 x 175 mm pro 100 St\u00fcck","description":"Kreuzbodenbeutel 100 x 175 mm aus OPP 30 \u00b5, transparent und widerstandsf\u00e4hig. Ideal f\u00fcr Schokolade, Bonbons, N\u00fcsse und kleine Geschenke.","robots":{"index":"index","follow":"follow","max-snippet":"max-snippet:-1","max-image-preview":"max-image-preview:large","max-video-preview":"max-video-preview:-1"},"canonical":"https:\/\/www.csj-emballages.com\/de\/produit\/100-entrindete-beutel-mit-geformtem-boden-100-x-175-mm\/","og_locale":"de_DE","og_type":"article","og_title":"Kreuzbodenbeutel 100 x 175 mm pro 100","og_description":"Kreuzbodenbeutel 100 x 175 mm aus OPP 30 \u00b5, transparent und widerstandsf\u00e4hig. Ideal f\u00fcr Schokolade, Bonbons, N\u00fcsse und kleine Geschenke.","og_url":"https:\/\/www.csj-emballages.com\/de\/produit\/100-entrindete-beutel-mit-geformtem-boden-100-x-175-mm\/","og_site_name":"CSJ Emballages","article_publisher":"https:\/\/www.facebook.com\/csjemballages","article_modified_time":"2026-03-17T01:17:26+00:00","og_image":[{"width":800,"height":800,"url":"https:\/\/www.csj-emballages.com\/wp-content\/uploads\/2024\/03\/Sachets-a-fond-croise.webp","type":"image\/webp"}],"twitter_card":"summary_large_image","twitter_misc":{"Gesch\u00e4tzte Lesezeit":"2 Minuten"},"schema":{"@context":"https:\/\/schema.org","@graph":[{"@type":"WebPage","@id":"https:\/\/www.csj-emballages.com\/de\/produit\/100-entrindete-beutel-mit-geformtem-boden-100-x-175-mm\/","url":"https:\/\/www.csj-emballages.com\/de\/produit\/100-entrindete-beutel-mit-geformtem-boden-100-x-175-mm\/","name":"Kreuzbodenbeutel 100 x 175 mm pro 100 St\u00fcck","isPartOf":{"@id":"https:\/\/www.csj-emballages.com\/de\/#website"},"primaryImageOfPage":{"@id":"https:\/\/www.csj-emballages.com\/de\/produit\/100-entrindete-beutel-mit-geformtem-boden-100-x-175-mm\/#primaryimage"},"image":{"@id":"https:\/\/www.csj-emballages.com\/de\/produit\/100-entrindete-beutel-mit-geformtem-boden-100-x-175-mm\/#primaryimage"},"thumbnailUrl":"https:\/\/www.csj-emballages.com\/wp-content\/uploads\/2024\/03\/Sachets-a-fond-croise.webp","datePublished":"2024-03-01T15:49:19+00:00","dateModified":"2026-03-17T01:17:26+00:00","description":"Kreuzbodenbeutel 100 x 175 mm aus OPP 30 \u00b5, transparent und widerstandsf\u00e4hig. Ideal f\u00fcr Schokolade, Bonbons, N\u00fcsse und kleine Geschenke.","breadcrumb":{"@id":"https:\/\/www.csj-emballages.com\/de\/produit\/100-entrindete-beutel-mit-geformtem-boden-100-x-175-mm\/#breadcrumb"},"inLanguage":"de","potentialAction":[{"@type":"ReadAction","target":["https:\/\/www.csj-emballages.com\/de\/produit\/100-entrindete-beutel-mit-geformtem-boden-100-x-175-mm\/"]}]},{"@type":"ImageObject","inLanguage":"de","@id":"https:\/\/www.csj-emballages.com\/de\/produit\/100-entrindete-beutel-mit-geformtem-boden-100-x-175-mm\/#primaryimage","url":"https:\/\/www.csj-emballages.com\/wp-content\/uploads\/2024\/03\/Sachets-a-fond-croise.webp","contentUrl":"https:\/\/www.csj-emballages.com\/wp-content\/uploads\/2024\/03\/Sachets-a-fond-croise.webp","width":800,"height":800,"caption":"Sachet \u00e0 fond crois\u00e9"},{"@type":"BreadcrumbList","@id":"https:\/\/www.csj-emballages.com\/de\/produit\/100-entrindete-beutel-mit-geformtem-boden-100-x-175-mm\/#breadcrumb","itemListElement":[{"@type":"ListItem","position":1,"name":"Accueil","item":"https:\/\/www.csj-emballages.com\/de\/universum-lebensmittelverpackungen\/"},{"@type":"ListItem","position":2,"name":"Shop","item":"https:\/\/www.csj-emballages.com\/shop\/"},{"@type":"ListItem","position":3,"name":"Kreuzbodenbeutel 100 x 175 mm pro 100"}]},{"@type":"WebSite","@id":"https:\/\/www.csj-emballages.com\/de\/#website","url":"https:\/\/www.csj-emballages.com\/de\/","name":"CSJ Emballages","description":"","publisher":{"@id":"https:\/\/www.csj-emballages.com\/de\/#organization"},"potentialAction":[{"@type":"SearchAction","target":{"@type":"EntryPoint","urlTemplate":"https:\/\/www.csj-emballages.com\/de\/?s={search_term_string}"},"query-input":{"@type":"PropertyValueSpecification","valueRequired":true,"valueName":"search_term_string"}}],"inLanguage":"de"},{"@type":"Organization","@id":"https:\/\/www.csj-emballages.com\/de\/#Organization\/","name":"CSJ Emballages","url":"https:\/\/www.csj-emballages.com\/de\/","logo":{"@type":"ImageObject","inLanguage":"de","@id":"https:\/\/www.csj-emballages.com\/de\/#\/schema\/logo\/image\/","url":"https:\/\/www.csj-emballages.com\/wp-content\/uploads\/2023\/10\/logo_csj.webp","contentUrl":"https:\/\/www.csj-emballages.com\/wp-content\/uploads\/2023\/10\/logo_csj.webp","width":250,"height":95,"caption":"CSJ Emballages"},"image":{"@id":"https:\/\/www.csj-emballages.com\/de\/#\/schema\/logo\/image\/"},"sameAs":["https:\/\/www.facebook.com\/csjemballages"],"address":{"@type":"PostalAddress","streetAddress":"ZI La Lechere","addressLocality":"Patornay","postalCode":"39130","addressCountry":"FR"},"contactPoint":[{"@type":"ContactPoint","contactType":"Service client","telephone":"0384254272","email":"contact@csj-emballages.com"}]}]}},"df_price":6.24,"df_sale_price":"","df_regular_price":6.24,"df_image_link":"https:\/\/www.csj-emballages.com\/wp-content\/uploads\/2024\/03\/Sachets-a-fond-croise-300x300.webp","tiered_pricing_type":"fixed","tiered_pricing_fixed_rules":[],"tiered_pricing_percentage_rules":[],"tiered_pricing_minimum":1,"tiered_pricing_roles_data":[],"_links":{"self":[{"href":"https:\/\/www.csj-emballages.com\/de\/wp-json\/wp\/v2\/product\/23454","targetHints":{"allow":["GET"]}}],"collection":[{"href":"https:\/\/www.csj-emballages.com\/de\/wp-json\/wp\/v2\/product"}],"about":[{"href":"https:\/\/www.csj-emballages.com\/de\/wp-json\/wp\/v2\/types\/product"}],"wp:featuredmedia":[{"embeddable":true,"href":"https:\/\/www.csj-emballages.com\/de\/wp-json\/wp\/v2\/media\/243691"}],"wp:attachment":[{"href":"https:\/\/www.csj-emballages.com\/de\/wp-json\/wp\/v2\/media?parent=23454"}],"wp:term":[{"taxonomy":"product_brand","embeddable":true,"href":"https:\/\/www.csj-emballages.com\/de\/wp-json\/wp\/v2\/product_brand?post=23454"},{"taxonomy":"product_cat","embeddable":true,"href":"https:\/\/www.csj-emballages.com\/de\/wp-json\/wp\/v2\/product_cat?post=23454"},{"taxonomy":"product_tag","embeddable":true,"href":"https:\/\/www.csj-emballages.com\/de\/wp-json\/wp\/v2\/product_tag?post=23454"}],"curies":[{"name":"wp","href":"https:\/\/api.w.org\/{rel}","templated":true}]}}