{"id":234258,"date":"2025-05-28T09:54:03","date_gmt":"2025-05-28T07:54:03","guid":{"rendered":"https:\/\/www.csj-emballages.com\/produit\/1000-beutel-103-croissants-neutral-14-7-x-21-cm\/"},"modified":"2026-05-13T12:01:49","modified_gmt":"2026-05-13T10:01:49","slug":"1000-beutel-103-croissants-neutral-14-7-x-21-cm","status":"publish","type":"product","link":"https:\/\/www.csj-emballages.com\/de\/produit\/1000-beutel-103-croissants-neutral-14-7-x-21-cm\/","title":{"rendered":"Neutrale Halbmondtasche 103 14 + 6 x 19 cm pro 1000"},"content":{"rendered":"<h2><strong>Neutrale Croissant-Tasche<\/strong><\/h2>\n<hr>\n<h3>Beschreibung von unserem Neutralen Halbmondtasche 103 14 + 6 x 19 cm pro 1000<\/h3>\n<p><!--more--><\/p>\n<p data-start=\"283\" data-end=\"691\">Diese <strong data-start=\"372\" data-end=\"412\">neutrale Croissant-T\u00fcte aus Kraftpapier<\/strong> ist unverzichtbar f\u00fcr B\u00e4ckereien, Konditoreien, Sandwichl\u00e4den oder auch Imbisse. Sie eignet sich zum <strong data-start=\"428\" data-end=\"465\">einfachen und schnellen Verpacken<\/strong> von Geb\u00e4ck, Br\u00f6tchen, Quiche-St\u00fccken oder auch kalten Sandwiches. Da sie aus <strong data-start=\"564\" data-end=\"581\">nat\u00fcrlichem Kraftpapier<\/strong> hergestellt wird, ist sie gleichzeitig <strong data-start=\"600\" data-end=\"639\">robust, praktisch und umweltfreundlich<\/strong> und somit ideal f\u00fcr den t\u00e4glichen intensiven Gebrauch. <\/p>\n<p data-start=\"693\" data-end=\"1008\">Mit ihren <strong>Ma\u00dfen<\/strong> von <strong data-start=\"716\" data-end=\"734\">14 + 6 x 19 cm<\/strong> bietet diese <strong>Tasche<\/strong> Platz f\u00fcr eine Vielzahl von Produkten, wobei sie gut in der Hand liegt und schlicht, aber gepflegt aussieht. Ihr <strong>neutraler<\/strong> Farbton passt perfekt zu jeder Art von Gesch\u00e4ft, egal ob Sie Handwerksb\u00e4cker oder Take-away-Restaurantbesitzer sind. <\/p>\n<p data-start=\"1010\" data-end=\"1269\">In Bezug auf die Hygiene erf\u00fcllt er seinen Zweck: Er sch\u00fctzt das Produkt wirksam und erm\u00f6glicht gleichzeitig eine saubere Handhabung. Und da er <strong data-start=\"1142\" data-end=\"1161\">in Packungen zu 1000 St\u00fcck<\/strong> verkauft wird, sind Sie f\u00fcr eine ganze Weile auf der sicheren Seite und haben gen\u00fcgend Vorrat, um auch in Zeiten mit gro\u00dfem Andrang reagieren zu k\u00f6nnen. <\/p>\n<p data-start=\"1271\" data-end=\"1495\">Diese Art von <strong>Beutel<\/strong> ist auch bei Fachleuten beliebt, die optisch \u00fcberladene oder plastifizierte Verpackungen vermeiden m\u00f6chten. Zusammenfassend l\u00e4sst sich sagen: einfach, zuverl\u00e4ssig, kosteng\u00fcnstig: ein bew\u00e4hrter <strong data-start=\"1448\" data-end=\"1471\">Klassiker der Branche<\/strong>. <\/p>\n<p data-start=\"1550\" data-end=\"1767\"><!--more--><\/p>\n<h4>Ihre Vorteile :<\/h4>\n<ul>\n<li>Nat\u00fcrliches Kraftpapier, unbedruckt, 100 % recycelbar.<\/li>\n<li>Robust und perfekt geeignet f\u00fcr Geb\u00e4ck und kleine Snacks.<\/li>\n<li><strong>Praktisches Format<\/strong>: 14 + 6 x 19 cm.<\/li>\n<li>Wird in gro\u00dfen Mengen verkauft: Posten von 1000.<\/li>\n<li><strong>Neutral und n\u00fcchtern<\/strong>: passt sich allen visuellen Welten an.<\/li>\n<\/ul>\n<p>&nbsp;<\/p>\n<p><!--more--><\/p>\n<h4>Weitere Informationen :<\/h4>\n<ul>\n<li><strong>Verpackung<\/strong>: Karton mit 1000 St\u00fcck<\/li>\n<li><strong>Ma\u00dfe<\/strong>: 14 + 6 x 19 cm<\/li>\n<li><strong>Material<\/strong>: Papier<\/li>\n<li><strong>Farbe<\/strong>: Braun<\/li>\n<\/ul>\n<p>&nbsp;<\/p>\n<p><!--more--><\/p>\n<p>Diese halbmondf\u00f6rmige Tasche ist in einer gr\u00f6\u00dferen Gr\u00f6\u00dfe erh\u00e4ltlich : <span style=\"color: #d12727;\"><a style=\"color: #d12727;\" href=\"https:\/\/www.csj-emballages.com\/es\/produit\/1000-bolsas-105-kraft-17-7-x-31-cm-tamano-105\/\"><span style=\"color: #d62727;\">17 + 7 x 31 cm<\/span><\/a><\/span><\/p>\n<p>&nbsp;<\/p>\n<p><!--more--><\/p>\n<p><a href=\"https:\/\/www.csj-emballages.com\/de\/categorie-produit\/lebensmittelverpackungen\/backerei-und-konditorei\/sacke-beutel-und-papier\/sacheries-de\/taschen-mit-croissants\/\">Sehen Sie sich den Rest unseres Sortiments an Croissanttaschen an<\/a><\/p>\n","protected":false},"excerpt":{"rendered":"<p>Neutrale Croissant-Tasche Beschreibung von unserem Neutralen Halbmondtasche 103 14 + 6 x 19 cm pro 1000<\/p>\n","protected":false},"featured_media":234262,"template":"","meta":{"_acf_changed":false},"product_brand":[],"product_cat":[1137,1171,3967,1661,3321],"product_tag":[],"class_list":{"0":"post-234258","1":"product","2":"type-product","3":"status-publish","4":"has-post-thumbnail","6":"product_cat-lebensmittelverpackungen","7":"product_cat-backerei-und-konditorei","8":"product_cat-sacke-beutel-und-papier","9":"product_cat-sacheries-de","10":"product_cat-taschen-mit-croissants","12":"first","13":"instock","14":"taxable","15":"shipping-taxable","16":"purchasable","17":"product-type-simple"},"acf":[],"yoast_head":"<!-- This site is optimized with the Yoast SEO Premium plugin v26.6 (Yoast SEO v26.6) - https:\/\/yoast.com\/wordpress\/plugins\/seo\/ -->\n<title>Tasche Neutraler Halbmond - 103 14 + 6 x 19 cm pro 1000<\/title>\n<meta name=\"description\" content=\"Neutrale Kraft Croissanttasche 14+7x21 cm - Packung zu 1000. Solide, umweltfreundlich und praktisch f\u00fcr Geb\u00e4ck und Snacks zum Mitnehmen.\" \/>\n<meta name=\"robots\" content=\"index, follow, max-snippet:-1, max-image-preview:large, max-video-preview:-1\" \/>\n<link rel=\"canonical\" href=\"https:\/\/www.csj-emballages.com\/de\/produit\/1000-beutel-103-croissants-neutral-14-7-x-21-cm\/\" \/>\n<meta property=\"og:locale\" content=\"de_DE\" \/>\n<meta property=\"og:type\" content=\"article\" \/>\n<meta property=\"og:title\" content=\"Neutrale Halbmondtasche 103 14 + 6 x 19 cm pro 1000\" \/>\n<meta property=\"og:description\" content=\"Neutrale Kraft Croissanttasche 14+7x21 cm - Packung zu 1000. Solide, umweltfreundlich und praktisch f\u00fcr Geb\u00e4ck und Snacks zum Mitnehmen.\" \/>\n<meta property=\"og:url\" content=\"https:\/\/www.csj-emballages.com\/de\/produit\/1000-beutel-103-croissants-neutral-14-7-x-21-cm\/\" \/>\n<meta property=\"og:site_name\" content=\"CSJ Emballages\" \/>\n<meta property=\"article:publisher\" content=\"https:\/\/www.facebook.com\/csjemballages\" \/>\n<meta property=\"article:modified_time\" content=\"2026-05-13T10:01:49+00:00\" \/>\n<meta property=\"og:image\" content=\"https:\/\/www.csj-emballages.com\/wp-content\/uploads\/2025\/05\/SNR3-1.webp\" \/>\n\t<meta property=\"og:image:width\" content=\"800\" \/>\n\t<meta property=\"og:image:height\" content=\"800\" \/>\n\t<meta property=\"og:image:type\" content=\"image\/webp\" \/>\n<meta name=\"twitter:card\" content=\"summary_large_image\" \/>\n<meta name=\"twitter:label1\" content=\"Gesch\u00e4tzte Lesezeit\" \/>\n\t<meta name=\"twitter:data1\" content=\"1\u00a0Minute\" \/>\n<script type=\"application\/ld+json\" class=\"yoast-schema-graph\">{\"@context\":\"https:\/\/schema.org\",\"@graph\":[{\"@type\":\"WebPage\",\"@id\":\"https:\/\/www.csj-emballages.com\/de\/produit\/1000-beutel-103-croissants-neutral-14-7-x-21-cm\/\",\"url\":\"https:\/\/www.csj-emballages.com\/de\/produit\/1000-beutel-103-croissants-neutral-14-7-x-21-cm\/\",\"name\":\"Tasche Neutraler Halbmond - 103 14 + 6 x 19 cm pro 1000\",\"isPartOf\":{\"@id\":\"https:\/\/www.csj-emballages.com\/de\/#website\"},\"primaryImageOfPage\":{\"@id\":\"https:\/\/www.csj-emballages.com\/de\/produit\/1000-beutel-103-croissants-neutral-14-7-x-21-cm\/#primaryimage\"},\"image\":{\"@id\":\"https:\/\/www.csj-emballages.com\/de\/produit\/1000-beutel-103-croissants-neutral-14-7-x-21-cm\/#primaryimage\"},\"thumbnailUrl\":\"https:\/\/www.csj-emballages.com\/wp-content\/uploads\/2025\/05\/SNR3-1.webp\",\"datePublished\":\"2025-05-28T07:54:03+00:00\",\"dateModified\":\"2026-05-13T10:01:49+00:00\",\"description\":\"Neutrale Kraft Croissanttasche 14+7x21 cm - Packung zu 1000. Solide, umweltfreundlich und praktisch f\u00fcr Geb\u00e4ck und Snacks zum Mitnehmen.\",\"breadcrumb\":{\"@id\":\"https:\/\/www.csj-emballages.com\/de\/produit\/1000-beutel-103-croissants-neutral-14-7-x-21-cm\/#breadcrumb\"},\"inLanguage\":\"de\",\"potentialAction\":[{\"@type\":\"ReadAction\",\"target\":[\"https:\/\/www.csj-emballages.com\/de\/produit\/1000-beutel-103-croissants-neutral-14-7-x-21-cm\/\"]}]},{\"@type\":\"ImageObject\",\"inLanguage\":\"de\",\"@id\":\"https:\/\/www.csj-emballages.com\/de\/produit\/1000-beutel-103-croissants-neutral-14-7-x-21-cm\/#primaryimage\",\"url\":\"https:\/\/www.csj-emballages.com\/wp-content\/uploads\/2025\/05\/SNR3-1.webp\",\"contentUrl\":\"https:\/\/www.csj-emballages.com\/wp-content\/uploads\/2025\/05\/SNR3-1.webp\",\"width\":800,\"height\":800,\"caption\":\"Sac croissant neutre\"},{\"@type\":\"BreadcrumbList\",\"@id\":\"https:\/\/www.csj-emballages.com\/de\/produit\/1000-beutel-103-croissants-neutral-14-7-x-21-cm\/#breadcrumb\",\"itemListElement\":[{\"@type\":\"ListItem\",\"position\":1,\"name\":\"Accueil\",\"item\":\"https:\/\/www.csj-emballages.com\/de\/universum-lebensmittelverpackungen\/\"},{\"@type\":\"ListItem\",\"position\":2,\"name\":\"Shop\",\"item\":\"https:\/\/www.csj-emballages.com\/shop\/\"},{\"@type\":\"ListItem\",\"position\":3,\"name\":\"Neutrale Halbmondtasche 103 14 + 6 x 19 cm pro 1000\"}]},{\"@type\":\"WebSite\",\"@id\":\"https:\/\/www.csj-emballages.com\/de\/#website\",\"url\":\"https:\/\/www.csj-emballages.com\/de\/\",\"name\":\"CSJ Emballages\",\"description\":\"\",\"publisher\":{\"@id\":\"https:\/\/www.csj-emballages.com\/de\/#organization\"},\"potentialAction\":[{\"@type\":\"SearchAction\",\"target\":{\"@type\":\"EntryPoint\",\"urlTemplate\":\"https:\/\/www.csj-emballages.com\/de\/?s={search_term_string}\"},\"query-input\":{\"@type\":\"PropertyValueSpecification\",\"valueRequired\":true,\"valueName\":\"search_term_string\"}}],\"inLanguage\":\"de\"},{\"@type\":\"Organization\",\"@id\":\"https:\/\/www.csj-emballages.com\/de\/#Organization\/\",\"name\":\"CSJ Emballages\",\"url\":\"https:\/\/www.csj-emballages.com\/de\/\",\"logo\":{\"@type\":\"ImageObject\",\"inLanguage\":\"de\",\"@id\":\"https:\/\/www.csj-emballages.com\/de\/#\/schema\/logo\/image\/\",\"url\":\"https:\/\/www.csj-emballages.com\/wp-content\/uploads\/2023\/10\/logo_csj.webp\",\"contentUrl\":\"https:\/\/www.csj-emballages.com\/wp-content\/uploads\/2023\/10\/logo_csj.webp\",\"width\":250,\"height\":95,\"caption\":\"CSJ Emballages\"},\"image\":{\"@id\":\"https:\/\/www.csj-emballages.com\/de\/#\/schema\/logo\/image\/\"},\"sameAs\":[\"https:\/\/www.facebook.com\/csjemballages\"],\"address\":{\"@type\":\"PostalAddress\",\"streetAddress\":\"ZI La Lechere\",\"addressLocality\":\"Patornay\",\"postalCode\":\"39130\",\"addressCountry\":\"FR\"},\"contactPoint\":[{\"@type\":\"ContactPoint\",\"contactType\":\"Service client\",\"telephone\":\"0384254272\",\"email\":\"contact@csj-emballages.com\"}]}]}<\/script>\n<!-- \/ Yoast SEO Premium plugin. -->","yoast_head_json":{"title":"Tasche Neutraler Halbmond - 103 14 + 6 x 19 cm pro 1000","description":"Neutrale Kraft Croissanttasche 14+7x21 cm - Packung zu 1000. Solide, umweltfreundlich und praktisch f\u00fcr Geb\u00e4ck und Snacks zum Mitnehmen.","robots":{"index":"index","follow":"follow","max-snippet":"max-snippet:-1","max-image-preview":"max-image-preview:large","max-video-preview":"max-video-preview:-1"},"canonical":"https:\/\/www.csj-emballages.com\/de\/produit\/1000-beutel-103-croissants-neutral-14-7-x-21-cm\/","og_locale":"de_DE","og_type":"article","og_title":"Neutrale Halbmondtasche 103 14 + 6 x 19 cm pro 1000","og_description":"Neutrale Kraft Croissanttasche 14+7x21 cm - Packung zu 1000. Solide, umweltfreundlich und praktisch f\u00fcr Geb\u00e4ck und Snacks zum Mitnehmen.","og_url":"https:\/\/www.csj-emballages.com\/de\/produit\/1000-beutel-103-croissants-neutral-14-7-x-21-cm\/","og_site_name":"CSJ Emballages","article_publisher":"https:\/\/www.facebook.com\/csjemballages","article_modified_time":"2026-05-13T10:01:49+00:00","og_image":[{"width":800,"height":800,"url":"https:\/\/www.csj-emballages.com\/wp-content\/uploads\/2025\/05\/SNR3-1.webp","type":"image\/webp"}],"twitter_card":"summary_large_image","twitter_misc":{"Gesch\u00e4tzte Lesezeit":"1\u00a0Minute"},"schema":{"@context":"https:\/\/schema.org","@graph":[{"@type":"WebPage","@id":"https:\/\/www.csj-emballages.com\/de\/produit\/1000-beutel-103-croissants-neutral-14-7-x-21-cm\/","url":"https:\/\/www.csj-emballages.com\/de\/produit\/1000-beutel-103-croissants-neutral-14-7-x-21-cm\/","name":"Tasche Neutraler Halbmond - 103 14 + 6 x 19 cm pro 1000","isPartOf":{"@id":"https:\/\/www.csj-emballages.com\/de\/#website"},"primaryImageOfPage":{"@id":"https:\/\/www.csj-emballages.com\/de\/produit\/1000-beutel-103-croissants-neutral-14-7-x-21-cm\/#primaryimage"},"image":{"@id":"https:\/\/www.csj-emballages.com\/de\/produit\/1000-beutel-103-croissants-neutral-14-7-x-21-cm\/#primaryimage"},"thumbnailUrl":"https:\/\/www.csj-emballages.com\/wp-content\/uploads\/2025\/05\/SNR3-1.webp","datePublished":"2025-05-28T07:54:03+00:00","dateModified":"2026-05-13T10:01:49+00:00","description":"Neutrale Kraft Croissanttasche 14+7x21 cm - Packung zu 1000. Solide, umweltfreundlich und praktisch f\u00fcr Geb\u00e4ck und Snacks zum Mitnehmen.","breadcrumb":{"@id":"https:\/\/www.csj-emballages.com\/de\/produit\/1000-beutel-103-croissants-neutral-14-7-x-21-cm\/#breadcrumb"},"inLanguage":"de","potentialAction":[{"@type":"ReadAction","target":["https:\/\/www.csj-emballages.com\/de\/produit\/1000-beutel-103-croissants-neutral-14-7-x-21-cm\/"]}]},{"@type":"ImageObject","inLanguage":"de","@id":"https:\/\/www.csj-emballages.com\/de\/produit\/1000-beutel-103-croissants-neutral-14-7-x-21-cm\/#primaryimage","url":"https:\/\/www.csj-emballages.com\/wp-content\/uploads\/2025\/05\/SNR3-1.webp","contentUrl":"https:\/\/www.csj-emballages.com\/wp-content\/uploads\/2025\/05\/SNR3-1.webp","width":800,"height":800,"caption":"Sac croissant neutre"},{"@type":"BreadcrumbList","@id":"https:\/\/www.csj-emballages.com\/de\/produit\/1000-beutel-103-croissants-neutral-14-7-x-21-cm\/#breadcrumb","itemListElement":[{"@type":"ListItem","position":1,"name":"Accueil","item":"https:\/\/www.csj-emballages.com\/de\/universum-lebensmittelverpackungen\/"},{"@type":"ListItem","position":2,"name":"Shop","item":"https:\/\/www.csj-emballages.com\/shop\/"},{"@type":"ListItem","position":3,"name":"Neutrale Halbmondtasche 103 14 + 6 x 19 cm pro 1000"}]},{"@type":"WebSite","@id":"https:\/\/www.csj-emballages.com\/de\/#website","url":"https:\/\/www.csj-emballages.com\/de\/","name":"CSJ Emballages","description":"","publisher":{"@id":"https:\/\/www.csj-emballages.com\/de\/#organization"},"potentialAction":[{"@type":"SearchAction","target":{"@type":"EntryPoint","urlTemplate":"https:\/\/www.csj-emballages.com\/de\/?s={search_term_string}"},"query-input":{"@type":"PropertyValueSpecification","valueRequired":true,"valueName":"search_term_string"}}],"inLanguage":"de"},{"@type":"Organization","@id":"https:\/\/www.csj-emballages.com\/de\/#Organization\/","name":"CSJ Emballages","url":"https:\/\/www.csj-emballages.com\/de\/","logo":{"@type":"ImageObject","inLanguage":"de","@id":"https:\/\/www.csj-emballages.com\/de\/#\/schema\/logo\/image\/","url":"https:\/\/www.csj-emballages.com\/wp-content\/uploads\/2023\/10\/logo_csj.webp","contentUrl":"https:\/\/www.csj-emballages.com\/wp-content\/uploads\/2023\/10\/logo_csj.webp","width":250,"height":95,"caption":"CSJ Emballages"},"image":{"@id":"https:\/\/www.csj-emballages.com\/de\/#\/schema\/logo\/image\/"},"sameAs":["https:\/\/www.facebook.com\/csjemballages"],"address":{"@type":"PostalAddress","streetAddress":"ZI La Lechere","addressLocality":"Patornay","postalCode":"39130","addressCountry":"FR"},"contactPoint":[{"@type":"ContactPoint","contactType":"Service client","telephone":"0384254272","email":"contact@csj-emballages.com"}]}]}},"df_price":12.8,"df_sale_price":"","df_regular_price":12.8,"df_image_link":"https:\/\/www.csj-emballages.com\/wp-content\/uploads\/2025\/05\/SNR3-1-300x300.webp","tiered_pricing_type":"fixed","tiered_pricing_fixed_rules":[],"tiered_pricing_percentage_rules":[],"tiered_pricing_minimum":1,"tiered_pricing_roles_data":[],"_links":{"self":[{"href":"https:\/\/www.csj-emballages.com\/de\/wp-json\/wp\/v2\/product\/234258","targetHints":{"allow":["GET"]}}],"collection":[{"href":"https:\/\/www.csj-emballages.com\/de\/wp-json\/wp\/v2\/product"}],"about":[{"href":"https:\/\/www.csj-emballages.com\/de\/wp-json\/wp\/v2\/types\/product"}],"wp:featuredmedia":[{"embeddable":true,"href":"https:\/\/www.csj-emballages.com\/de\/wp-json\/wp\/v2\/media\/234262"}],"wp:attachment":[{"href":"https:\/\/www.csj-emballages.com\/de\/wp-json\/wp\/v2\/media?parent=234258"}],"wp:term":[{"taxonomy":"product_brand","embeddable":true,"href":"https:\/\/www.csj-emballages.com\/de\/wp-json\/wp\/v2\/product_brand?post=234258"},{"taxonomy":"product_cat","embeddable":true,"href":"https:\/\/www.csj-emballages.com\/de\/wp-json\/wp\/v2\/product_cat?post=234258"},{"taxonomy":"product_tag","embeddable":true,"href":"https:\/\/www.csj-emballages.com\/de\/wp-json\/wp\/v2\/product_tag?post=234258"}],"curies":[{"name":"wp","href":"https:\/\/api.w.org\/{rel}","templated":true}]}}