{"id":23421,"date":"2024-03-01T16:49:19","date_gmt":"2024-03-01T15:49:19","guid":{"rendered":"https:\/\/u15jnbdpoq.preview.infomaniak.website\/produit\/100-beutel-entrindet-mit-geformtem-boden-145-x-235-mm\/"},"modified":"2026-03-31T02:17:37","modified_gmt":"2026-03-31T00:17:37","slug":"100-beutel-entrindet-mit-geformtem-boden-145-x-235-mm","status":"publish","type":"product","link":"https:\/\/www.csj-emballages.com\/de\/produit\/100-beutel-entrindet-mit-geformtem-boden-145-x-235-mm\/","title":{"rendered":"Kreuzbodenbeutel 145 x 235 mm pro 100"},"content":{"rendered":"<div style=\"box-sizing: inherit; font-family: Roboto, sans-serif;\">\n<div style=\"box-sizing: inherit; font-family: Roboto, sans-serif;\">\n<div style=\"box-sizing: inherit; font-family: Roboto, sans-serif;\">\n<div style=\"box-sizing: inherit; font-family: Roboto, sans-serif;\">\n<div style=\"box-sizing: inherit; font-family: Roboto, sans-serif;\">\n<div style=\"box-sizing: inherit; font-family: Roboto, sans-serif;\">\n<div style=\"box-sizing: inherit; font-family: Roboto, sans-serif;\">\n<div style=\"box-sizing: inherit; font-family: Roboto, sans-serif;\">\n<div style=\"box-sizing: inherit; font-family: Roboto, sans-serif;\">\n<div style=\"box-sizing: inherit; font-family: Roboto, sans-serif;\">\n<div style=\"box-sizing: inherit; font-family: Roboto, sans-serif;\">\n<div style=\"box-sizing: inherit; font-family: Roboto, sans-serif;\">\n<div style=\"box-sizing: inherit; font-family: Roboto, sans-serif;\">\n<div class=\"flex flex-grow flex-col max-w-full\">\n<div class=\"min-h-[20px] text-message flex flex-col items-start whitespace-pre-wrap break-words [.text-message+&amp;]:mt-5 juice:w-full juice:items-end overflow-x-auto gap-2\" dir=\"auto\" data-message-author-role=\"assistant\" data-message-id=\"2034782e-88f9-44ef-b4dc-07dd7bf0115f\">\n<div class=\"flex w-full flex-col gap-1 juice:empty:hidden juice:first:pt-[3px]\">\n<div class=\"markdown prose w-full break-words dark:prose-invert light\">\n<div style=\"box-sizing: inherit; font-family: Roboto, sans-serif;\">\n<div style=\"box-sizing: inherit; font-family: Roboto, sans-serif;\">\n<div style=\"box-sizing: inherit; font-family: Roboto, sans-serif;\">\n<div style=\"box-sizing: inherit; font-family: Roboto, sans-serif;\">\n<div style=\"box-sizing: inherit; font-family: Roboto, sans-serif;\">\n<div style=\"box-sizing: inherit; font-family: Roboto, sans-serif;\">\n<h2>Kreuzbodenbeutel<\/h2>\n<div style=\"box-sizing: inherit; font-family: Roboto, sans-serif;\">\n<div style=\"box-sizing: inherit; font-family: Roboto, sans-serif;\">\n<div style=\"box-sizing: inherit; font-family: Roboto, sans-serif;\">\n<div style=\"text-align: center;\">\n<div style=\"box-sizing: inherit; font-family: Roboto, sans-serif;\">\n<div style=\"box-sizing: inherit; font-family: Roboto, sans-serif;\">\n<div style=\"box-sizing: inherit; font-family: Roboto, sans-serif;\">\n<div style=\"box-sizing: inherit; font-family: Roboto, sans-serif;\">\n<div style=\"box-sizing: inherit; font-family: Roboto, sans-serif;\">\n<div style=\"box-sizing: inherit; font-family: Roboto, sans-serif; text-align: left;\">\n<hr>\n<h3 style=\"text-align: left;\">Beschreibung von unserem Kreuzbodenbeutel 145 x 235 mm pro 100<\/h3>\n<h3 style=\"text-align: left;\"><!--more--><\/h3>\n<\/div>\n<\/div>\n<\/div>\n<\/div>\n<\/div>\n<\/div>\n<\/div>\n<\/div>\n<\/div>\n<\/div>\n<\/div>\n<\/div>\n<\/div>\n<\/div>\n<\/div>\n<\/div>\n<\/div>\n<\/div>\n<\/div>\n<\/div>\n<\/div>\n<\/div>\n<\/div>\n<\/div>\n<\/div>\n<\/div>\n<\/div>\n<\/div>\n<\/div>\n<\/div>\n<\/div>\n<\/div>\n<\/div>\n<div style=\"box-sizing: inherit; font-family: Roboto, sans-serif;\">\n<div style=\"box-sizing: inherit; font-family: Roboto, sans-serif;\">\n<div style=\"box-sizing: inherit; font-family: Roboto, sans-serif;\">\n<div style=\"box-sizing: inherit; font-family: Roboto, sans-serif;\">\n<div style=\"box-sizing: inherit; font-family: Roboto, sans-serif;\">\n<div style=\"box-sizing: inherit; font-family: Roboto, sans-serif;\">\n<div style=\"box-sizing: inherit; font-family: Roboto, sans-serif;\">\n<div style=\"box-sizing: inherit; font-family: Roboto, sans-serif;\">\n<div style=\"box-sizing: inherit; font-family: Roboto, sans-serif;\">\n<div style=\"box-sizing: inherit; font-family: Roboto, sans-serif;\">\n<div style=\"box-sizing: inherit; font-family: Roboto, sans-serif;\">\n<div style=\"box-sizing: inherit; font-family: Roboto, sans-serif;\">\n<div style=\"box-sizing: inherit; font-family: Roboto, sans-serif;\">\n<div class=\"flex flex-grow flex-col max-w-full\">\n<div class=\"min-h-[20px] text-message flex flex-col items-start whitespace-pre-wrap break-words [.text-message+&amp;]:mt-5 juice:w-full juice:items-end overflow-x-auto gap-2\" dir=\"auto\" data-message-author-role=\"assistant\" data-message-id=\"2034782e-88f9-44ef-b4dc-07dd7bf0115f\">\n<div class=\"flex w-full flex-col gap-1 juice:empty:hidden juice:first:pt-[3px]\">\n<div class=\"markdown prose w-full break-words dark:prose-invert light\">\n<div style=\"box-sizing: inherit; font-family: Roboto, sans-serif;\">\n<div style=\"box-sizing: inherit; font-family: Roboto, sans-serif;\">\n<div style=\"box-sizing: inherit; font-family: Roboto, sans-serif;\">\n<div style=\"box-sizing: inherit; font-family: Roboto, sans-serif;\">\n<div style=\"box-sizing: inherit; font-family: Roboto, sans-serif;\">\n<div style=\"box-sizing: inherit; font-family: Roboto, sans-serif;\">\n<p data-start=\"0\" data-end=\"472\">Entdecken Sie unseren <strong data-start=\"53\" data-end=\"98\">Kreuzbodenbeutel 145 x 235 mm zu 100 St\u00fcck<\/strong>, die ideale Verpackung, um Ihre S\u00fc\u00dfigkeiten und kleinen Geschenke zur Geltung zu bringen. Dank seiner <strong data-start=\"183\" data-end=\"211\">kristallklaren Transparenz<\/strong> zieht er sofort die Blicke auf Ihre Kreationen und sch\u00fctzt sie gleichzeitig. Ihr Design aus <strong data-start=\"306\" data-end=\"318\">30 \u00b5 OPP<\/strong> garantiert eine hervorragende <strong data-start=\"343\" data-end=\"357\">Festigkeit<\/strong> und eine <strong data-start=\"365\" data-end=\"386\">wirksame Barriere<\/strong> gegen Feuchtigkeit.  <\/p>\n<p data-start=\"474\" data-end=\"992\">Diese <strong data-start=\"477\" data-end=\"498\">Kreuzboden-Tasche<\/strong> zeichnet sich durch ihren <strong data-start=\"520\" data-end=\"535\">stabilen Boden<\/strong> aus, der einen besseren Halt bietet, auch wenn Sie runde Produkte wie <strong data-start=\"623\" data-end=\"648\">Schokoladenfiguren<\/strong> oder kleine s\u00fc\u00dfe <strong data-start=\"662\" data-end=\"683\">Geschenke<\/strong> darin verstauen. Im <strong data-start=\"780\" data-end=\"803\">Handumdrehen<\/strong> erhalten Sie eine elegante und professionelle Pr\u00e4sentation, die sich perfekt f\u00fcr einen <strong data-start=\"780\" data-end=\"803\">Handwerksladen<\/strong>, eine <strong data-start=\"809\" data-end=\"823\">Konditorei<\/strong> oder eine festliche Veranstaltung eignet. Auch das <strong data-start=\"860\" data-end=\"885\">schnelle Eint\u00fcten<\/strong> erleichtert das Verpacken in Zeiten hoher Auslastung &#8211; ein wertvoller Vorteil, wenn Sie Zeit sparen m\u00f6chten.  <\/p>\n<p data-start=\"994\" data-end=\"1382\">Au\u00dferdem l\u00e4sst das <strong data-start=\"1019\" data-end=\"1034\">unbedruckte<\/strong> Design Ihrer Kreativit\u00e4t freien Lauf: F\u00fcgen Sie ein buntes Band, ein pers\u00f6nliches Etikett oder einen Aufkleber mit Ihrem Bild hinzu, um ein einzigartiges Ergebnis zu erzielen. Dank seiner <strong data-start=\"1189\" data-end=\"1204\">Vielseitigkeit<\/strong> eignet sich dieser Beutel sowohl f\u00fcr <strong data-start=\"1236\" data-end=\"1261\">Lebensmittel<\/strong> als auch f\u00fcr kleine dekorative Gegenst\u00e4nde, was ihn zu einem Muss f\u00fcr Gesch\u00e4fts- und Privatkunden macht. <\/p>\n<p data-start=\"1384\" data-end=\"1691\">Mit diesen <strong data-start=\"1403\" data-end=\"1428\">Kreuzbodenbeuteln<\/strong> entscheiden Sie sich f\u00fcr eine Verpackungsl\u00f6sung, die Ihre Produkte aufwertet. Geben Sie Ihren Kreationen die <strong data-start=\"1601\" data-end=\"1620\">elegante Unterst\u00fctzung<\/strong>, die sie verdienen, und begeistern Sie Ihre Kunden auf den ersten Blick. <\/p>\n<p><!--more--><\/p>\n<h4 style=\"text-align: left;\">Vorteile :<\/h4>\n<ul style=\"text-align: left;\">\n<li><strong data-start=\"1915\" data-end=\"1938\">Klare Transparenz<\/strong> f\u00fcr eine sofortige Hervorhebung der Produkte.<\/li>\n<li><strong data-start=\"1990\" data-end=\"2012\">Stabiler Kreuzboden<\/strong> f\u00fcr die Aufnahme von Schokolade, Bonbons oder Figuren.<\/li>\n<li><strong data-start=\"2065\" data-end=\"2087\">Strapazierf\u00e4higes OPP 30 \u00b5<\/strong> bietet Schutz und Frische.<\/li>\n<li><strong data-start=\"2125\" data-end=\"2158\">Vielseitig und individuell gestaltbar<\/strong> f\u00fcr alle Arten von Veranstaltungen oder Gesch\u00e4ften.<\/li>\n<\/ul>\n<\/div>\n<\/div>\n<\/div>\n<\/div>\n<\/div>\n<\/div>\n<\/div>\n<\/div>\n<\/div>\n<\/div>\n<\/div>\n<\/div>\n<p>&nbsp;<\/p>\n<\/div>\n<\/div>\n<\/div>\n<\/div>\n<\/div>\n<\/div>\n<\/div>\n<\/div>\n<\/div>\n<\/div>\n<\/div>\n<p><!--more--><\/p>\n<h4>Weitere Informationen :<\/h4>\n<ul style=\"box-sizing: inherit; font-family: Roboto, sans-serif;\">\n<li><strong>Verpackung<\/strong>: Packung mit 100 St\u00fcck<\/li>\n<li><span style=\"font-weight: bold;\">Ma\u00dfe<\/span>: 145 x 235 mm<\/li>\n<li><strong>Material<\/strong>: OPP<\/li>\n<li><strong>Farbe<\/strong>: Transparent<\/li>\n<li><strong>Widerstand<\/strong>: 30\u00b5<\/li>\n<\/ul>\n<p>&nbsp;<\/p>\n<p><!--more--><\/p>\n<div style=\"box-sizing: inherit; font-family: Roboto, sans-serif;\">\n<div style=\"box-sizing: inherit; font-family: Roboto, sans-serif;\">\n<div style=\"box-sizing: inherit; font-family: Roboto, sans-serif;\">\n<div style=\"box-sizing: inherit; font-family: Roboto, sans-serif;\">\n<div style=\"box-sizing: inherit; font-family: Roboto, sans-serif;\">\n<div style=\"box-sizing: inherit; font-family: Roboto, sans-serif;\">\n<p>Erh\u00e4ltlich in verschiedenen Gr\u00f6\u00dfen: <span style=\"color: #d12727;\"><a style=\"color: #d12727;\" href=\"https:\/\/www.csj-emballages.com\/produit\/100-sachets-ecornes-fond-forme-75-x-135-mm\/\">75 x 135 mm<\/a><\/span> \/  <span style=\"color: #d12727;\"><a style=\"color: #d12727;\" href=\"https:\/\/www.csj-emballages.com\/produit\/100-sachets-ecornes-fond-forme-100-x-175-mm\/\">100 x 175 mm<\/a><\/span> \/  <span style=\"color: #d12727;\"><a style=\"color: #d12727;\" href=\"https:\/\/www.csj-emballages.com\/de\/produit\/100-beutel-entrindet-mit-geformtem-boden-180-x-300-mm\/\">180 x 300 mm<\/a><\/span> \/  <span style=\"color: #d12727;\"><a style=\"color: #d12727;\" href=\"https:\/\/www.csj-emballages.com\/de\/produit\/100-entrindete-beutel-mit-geformtem-boden-160-x-270-mm\/\"><span style=\"color: #d12727;\">160 x 270 mm<\/span><\/a><\/span> \/  <span style=\"color: #d12727;\"><a style=\"color: #d12727;\" href=\"https:\/\/www.csj-emballages.com\/produit\/100-sachets-ecornes-fond-forme-120-x-225-mm\/\">120 x 225 mm<\/a><\/span> \/  <span style=\"color: #d12727;\"><a style=\"color: #d12727;\" href=\"https:\/\/www.csj-emballages.com\/produit\/100-sachets-ecornes-fond-forme-115-x-190-mm\/\">115 x 190 mm<\/a><\/span> \/  <span style=\"color: #d12727;\"><a style=\"color: #d12727;\" href=\"https:\/\/www.csj-emballages.com\/de\/produit\/100-entrindete-beutel-mit-geformtem-boden-160-x-350-mm\/\">160 x 350 mm<\/a><\/span> \/  <span style=\"color: #d12727;\"><a style=\"color: #d12727;\" href=\"https:\/\/www.csj-emballages.com\/de\/produit\/100-beutel-entrindet-mit-geformtem-boden-180-x-380-mm\/\">180 x 380 mm<\/a><\/span> \/  <span style=\"color: #d12727;\"><a style=\"color: #d12727;\" href=\"https:\/\/www.csj-emballages.com\/de\/produit\/100-beutel-entrindet-mit-geformtem-boden-230-x-370-mm\/\">230 x 370 mm<\/a><\/span> \/  <span style=\"color: #d12727;\"><a style=\"color: #d12727;\" href=\"https:\/\/www.csj-emballages.com\/produit\/100-sachets-ecornes-fond-forme-85-x-145-mm\/\">85 x 145 mm<\/a><\/span> \/  <span style=\"color: #d12727;\"><a style=\"color: #d12727;\" href=\"https:\/\/www.csj-emballages.com\/produit\/100-sachets-ecornes-fond-forme-95-x-160-mm\/\">95 x 160 mm<\/a><\/span><\/p>\n<p>&nbsp;<\/p>\n<p><!--more--><\/p>\n<p><a href=\"\/?product_cat=sachets-ecornes\">Sehen Sie sich den Rest unseres Sortiments an gesch\u00e4lten Beuteln an.<\/a><\/p>\n<\/div>\n<\/div>\n<\/div>\n<\/div>\n<\/div>\n<\/div>\n","protected":false},"excerpt":{"rendered":"<p>Kreuzbodenbeutel Beschreibung von unserem Kreuzbodenbeutel 145 x 235 mm pro 100<\/p>\n","protected":false},"featured_media":243691,"template":"","meta":{"_acf_changed":false},"product_brand":[],"product_cat":[1137,1171,3967,1678,3950,5984],"product_tag":[],"class_list":{"0":"post-23421","1":"product","2":"type-product","3":"status-publish","4":"has-post-thumbnail","6":"product_cat-lebensmittelverpackungen","7":"product_cat-backerei-und-konditorei","8":"product_cat-sacke-beutel-und-papier","9":"product_cat-beutel-fur-suswaren","10":"product_cat-beutel-ohne-boden-de","11":"product_cat-abgeplatzte-beutel","13":"first","14":"instock","15":"taxable","16":"shipping-taxable","17":"purchasable","18":"product-type-simple"},"acf":[],"yoast_head":"<!-- This site is optimized with the Yoast SEO Premium plugin v26.6 (Yoast SEO v26.6) - https:\/\/yoast.com\/wordpress\/plugins\/seo\/ -->\n<title>Kreuzbodenbeutel 145 x 235 mm pro 100<\/title>\n<meta name=\"description\" content=\"Kreuzbodenbeutel 145 x 235 mm, transparent aus OPP 30 \u00b5, ideal f\u00fcr Schokolade, S\u00fc\u00dfigkeiten und Geschenke. Elegante und praktische Aufmachung.\" \/>\n<meta name=\"robots\" content=\"index, follow, max-snippet:-1, max-image-preview:large, max-video-preview:-1\" \/>\n<link rel=\"canonical\" href=\"https:\/\/www.csj-emballages.com\/de\/produit\/100-beutel-entrindet-mit-geformtem-boden-145-x-235-mm\/\" \/>\n<meta property=\"og:locale\" content=\"de_DE\" \/>\n<meta property=\"og:type\" content=\"article\" \/>\n<meta property=\"og:title\" content=\"Kreuzbodenbeutel 145 x 235 mm pro 100\" \/>\n<meta property=\"og:description\" content=\"Kreuzbodenbeutel 145 x 235 mm, transparent aus OPP 30 \u00b5, ideal f\u00fcr Schokolade, S\u00fc\u00dfigkeiten und Geschenke. Elegante und praktische Aufmachung.\" \/>\n<meta property=\"og:url\" content=\"https:\/\/www.csj-emballages.com\/de\/produit\/100-beutel-entrindet-mit-geformtem-boden-145-x-235-mm\/\" \/>\n<meta property=\"og:site_name\" content=\"CSJ Emballages\" \/>\n<meta property=\"article:publisher\" content=\"https:\/\/www.facebook.com\/csjemballages\" \/>\n<meta property=\"article:modified_time\" content=\"2026-03-31T00:17:37+00:00\" \/>\n<meta property=\"og:image\" content=\"https:\/\/www.csj-emballages.com\/wp-content\/uploads\/2024\/03\/Sachets-a-fond-croise.webp\" \/>\n\t<meta property=\"og:image:width\" content=\"800\" \/>\n\t<meta property=\"og:image:height\" content=\"800\" \/>\n\t<meta property=\"og:image:type\" content=\"image\/webp\" \/>\n<meta name=\"twitter:card\" content=\"summary_large_image\" \/>\n<meta name=\"twitter:label1\" content=\"Gesch\u00e4tzte Lesezeit\" \/>\n\t<meta name=\"twitter:data1\" content=\"2 Minuten\" \/>\n<script type=\"application\/ld+json\" class=\"yoast-schema-graph\">{\"@context\":\"https:\/\/schema.org\",\"@graph\":[{\"@type\":\"WebPage\",\"@id\":\"https:\/\/www.csj-emballages.com\/de\/produit\/100-beutel-entrindet-mit-geformtem-boden-145-x-235-mm\/\",\"url\":\"https:\/\/www.csj-emballages.com\/de\/produit\/100-beutel-entrindet-mit-geformtem-boden-145-x-235-mm\/\",\"name\":\"Kreuzbodenbeutel 145 x 235 mm pro 100\",\"isPartOf\":{\"@id\":\"https:\/\/www.csj-emballages.com\/de\/#website\"},\"primaryImageOfPage\":{\"@id\":\"https:\/\/www.csj-emballages.com\/de\/produit\/100-beutel-entrindet-mit-geformtem-boden-145-x-235-mm\/#primaryimage\"},\"image\":{\"@id\":\"https:\/\/www.csj-emballages.com\/de\/produit\/100-beutel-entrindet-mit-geformtem-boden-145-x-235-mm\/#primaryimage\"},\"thumbnailUrl\":\"https:\/\/www.csj-emballages.com\/wp-content\/uploads\/2024\/03\/Sachets-a-fond-croise.webp\",\"datePublished\":\"2024-03-01T15:49:19+00:00\",\"dateModified\":\"2026-03-31T00:17:37+00:00\",\"description\":\"Kreuzbodenbeutel 145 x 235 mm, transparent aus OPP 30 \u00b5, ideal f\u00fcr Schokolade, S\u00fc\u00dfigkeiten und Geschenke. Elegante und praktische Aufmachung.\",\"breadcrumb\":{\"@id\":\"https:\/\/www.csj-emballages.com\/de\/produit\/100-beutel-entrindet-mit-geformtem-boden-145-x-235-mm\/#breadcrumb\"},\"inLanguage\":\"de\",\"potentialAction\":[{\"@type\":\"ReadAction\",\"target\":[\"https:\/\/www.csj-emballages.com\/de\/produit\/100-beutel-entrindet-mit-geformtem-boden-145-x-235-mm\/\"]}]},{\"@type\":\"ImageObject\",\"inLanguage\":\"de\",\"@id\":\"https:\/\/www.csj-emballages.com\/de\/produit\/100-beutel-entrindet-mit-geformtem-boden-145-x-235-mm\/#primaryimage\",\"url\":\"https:\/\/www.csj-emballages.com\/wp-content\/uploads\/2024\/03\/Sachets-a-fond-croise.webp\",\"contentUrl\":\"https:\/\/www.csj-emballages.com\/wp-content\/uploads\/2024\/03\/Sachets-a-fond-croise.webp\",\"width\":800,\"height\":800,\"caption\":\"Sachet \u00e0 fond crois\u00e9\"},{\"@type\":\"BreadcrumbList\",\"@id\":\"https:\/\/www.csj-emballages.com\/de\/produit\/100-beutel-entrindet-mit-geformtem-boden-145-x-235-mm\/#breadcrumb\",\"itemListElement\":[{\"@type\":\"ListItem\",\"position\":1,\"name\":\"Accueil\",\"item\":\"https:\/\/www.csj-emballages.com\/de\/universum-lebensmittelverpackungen\/\"},{\"@type\":\"ListItem\",\"position\":2,\"name\":\"Shop\",\"item\":\"https:\/\/www.csj-emballages.com\/shop\/\"},{\"@type\":\"ListItem\",\"position\":3,\"name\":\"Kreuzbodenbeutel 145 x 235 mm pro 100\"}]},{\"@type\":\"WebSite\",\"@id\":\"https:\/\/www.csj-emballages.com\/de\/#website\",\"url\":\"https:\/\/www.csj-emballages.com\/de\/\",\"name\":\"CSJ Emballages\",\"description\":\"\",\"publisher\":{\"@id\":\"https:\/\/www.csj-emballages.com\/de\/#organization\"},\"potentialAction\":[{\"@type\":\"SearchAction\",\"target\":{\"@type\":\"EntryPoint\",\"urlTemplate\":\"https:\/\/www.csj-emballages.com\/de\/?s={search_term_string}\"},\"query-input\":{\"@type\":\"PropertyValueSpecification\",\"valueRequired\":true,\"valueName\":\"search_term_string\"}}],\"inLanguage\":\"de\"},{\"@type\":\"Organization\",\"@id\":\"https:\/\/www.csj-emballages.com\/de\/#Organization\/\",\"name\":\"CSJ Emballages\",\"url\":\"https:\/\/www.csj-emballages.com\/de\/\",\"logo\":{\"@type\":\"ImageObject\",\"inLanguage\":\"de\",\"@id\":\"https:\/\/www.csj-emballages.com\/de\/#\/schema\/logo\/image\/\",\"url\":\"https:\/\/www.csj-emballages.com\/wp-content\/uploads\/2023\/10\/logo_csj.webp\",\"contentUrl\":\"https:\/\/www.csj-emballages.com\/wp-content\/uploads\/2023\/10\/logo_csj.webp\",\"width\":250,\"height\":95,\"caption\":\"CSJ Emballages\"},\"image\":{\"@id\":\"https:\/\/www.csj-emballages.com\/de\/#\/schema\/logo\/image\/\"},\"sameAs\":[\"https:\/\/www.facebook.com\/csjemballages\"],\"address\":{\"@type\":\"PostalAddress\",\"streetAddress\":\"ZI La Lechere\",\"addressLocality\":\"Patornay\",\"postalCode\":\"39130\",\"addressCountry\":\"FR\"},\"contactPoint\":[{\"@type\":\"ContactPoint\",\"contactType\":\"Service client\",\"telephone\":\"0384254272\",\"email\":\"contact@csj-emballages.com\"}]}]}<\/script>\n<!-- \/ Yoast SEO Premium plugin. -->","yoast_head_json":{"title":"Kreuzbodenbeutel 145 x 235 mm pro 100","description":"Kreuzbodenbeutel 145 x 235 mm, transparent aus OPP 30 \u00b5, ideal f\u00fcr Schokolade, S\u00fc\u00dfigkeiten und Geschenke. Elegante und praktische Aufmachung.","robots":{"index":"index","follow":"follow","max-snippet":"max-snippet:-1","max-image-preview":"max-image-preview:large","max-video-preview":"max-video-preview:-1"},"canonical":"https:\/\/www.csj-emballages.com\/de\/produit\/100-beutel-entrindet-mit-geformtem-boden-145-x-235-mm\/","og_locale":"de_DE","og_type":"article","og_title":"Kreuzbodenbeutel 145 x 235 mm pro 100","og_description":"Kreuzbodenbeutel 145 x 235 mm, transparent aus OPP 30 \u00b5, ideal f\u00fcr Schokolade, S\u00fc\u00dfigkeiten und Geschenke. Elegante und praktische Aufmachung.","og_url":"https:\/\/www.csj-emballages.com\/de\/produit\/100-beutel-entrindet-mit-geformtem-boden-145-x-235-mm\/","og_site_name":"CSJ Emballages","article_publisher":"https:\/\/www.facebook.com\/csjemballages","article_modified_time":"2026-03-31T00:17:37+00:00","og_image":[{"width":800,"height":800,"url":"https:\/\/www.csj-emballages.com\/wp-content\/uploads\/2024\/03\/Sachets-a-fond-croise.webp","type":"image\/webp"}],"twitter_card":"summary_large_image","twitter_misc":{"Gesch\u00e4tzte Lesezeit":"2 Minuten"},"schema":{"@context":"https:\/\/schema.org","@graph":[{"@type":"WebPage","@id":"https:\/\/www.csj-emballages.com\/de\/produit\/100-beutel-entrindet-mit-geformtem-boden-145-x-235-mm\/","url":"https:\/\/www.csj-emballages.com\/de\/produit\/100-beutel-entrindet-mit-geformtem-boden-145-x-235-mm\/","name":"Kreuzbodenbeutel 145 x 235 mm pro 100","isPartOf":{"@id":"https:\/\/www.csj-emballages.com\/de\/#website"},"primaryImageOfPage":{"@id":"https:\/\/www.csj-emballages.com\/de\/produit\/100-beutel-entrindet-mit-geformtem-boden-145-x-235-mm\/#primaryimage"},"image":{"@id":"https:\/\/www.csj-emballages.com\/de\/produit\/100-beutel-entrindet-mit-geformtem-boden-145-x-235-mm\/#primaryimage"},"thumbnailUrl":"https:\/\/www.csj-emballages.com\/wp-content\/uploads\/2024\/03\/Sachets-a-fond-croise.webp","datePublished":"2024-03-01T15:49:19+00:00","dateModified":"2026-03-31T00:17:37+00:00","description":"Kreuzbodenbeutel 145 x 235 mm, transparent aus OPP 30 \u00b5, ideal f\u00fcr Schokolade, S\u00fc\u00dfigkeiten und Geschenke. Elegante und praktische Aufmachung.","breadcrumb":{"@id":"https:\/\/www.csj-emballages.com\/de\/produit\/100-beutel-entrindet-mit-geformtem-boden-145-x-235-mm\/#breadcrumb"},"inLanguage":"de","potentialAction":[{"@type":"ReadAction","target":["https:\/\/www.csj-emballages.com\/de\/produit\/100-beutel-entrindet-mit-geformtem-boden-145-x-235-mm\/"]}]},{"@type":"ImageObject","inLanguage":"de","@id":"https:\/\/www.csj-emballages.com\/de\/produit\/100-beutel-entrindet-mit-geformtem-boden-145-x-235-mm\/#primaryimage","url":"https:\/\/www.csj-emballages.com\/wp-content\/uploads\/2024\/03\/Sachets-a-fond-croise.webp","contentUrl":"https:\/\/www.csj-emballages.com\/wp-content\/uploads\/2024\/03\/Sachets-a-fond-croise.webp","width":800,"height":800,"caption":"Sachet \u00e0 fond crois\u00e9"},{"@type":"BreadcrumbList","@id":"https:\/\/www.csj-emballages.com\/de\/produit\/100-beutel-entrindet-mit-geformtem-boden-145-x-235-mm\/#breadcrumb","itemListElement":[{"@type":"ListItem","position":1,"name":"Accueil","item":"https:\/\/www.csj-emballages.com\/de\/universum-lebensmittelverpackungen\/"},{"@type":"ListItem","position":2,"name":"Shop","item":"https:\/\/www.csj-emballages.com\/shop\/"},{"@type":"ListItem","position":3,"name":"Kreuzbodenbeutel 145 x 235 mm pro 100"}]},{"@type":"WebSite","@id":"https:\/\/www.csj-emballages.com\/de\/#website","url":"https:\/\/www.csj-emballages.com\/de\/","name":"CSJ Emballages","description":"","publisher":{"@id":"https:\/\/www.csj-emballages.com\/de\/#organization"},"potentialAction":[{"@type":"SearchAction","target":{"@type":"EntryPoint","urlTemplate":"https:\/\/www.csj-emballages.com\/de\/?s={search_term_string}"},"query-input":{"@type":"PropertyValueSpecification","valueRequired":true,"valueName":"search_term_string"}}],"inLanguage":"de"},{"@type":"Organization","@id":"https:\/\/www.csj-emballages.com\/de\/#Organization\/","name":"CSJ Emballages","url":"https:\/\/www.csj-emballages.com\/de\/","logo":{"@type":"ImageObject","inLanguage":"de","@id":"https:\/\/www.csj-emballages.com\/de\/#\/schema\/logo\/image\/","url":"https:\/\/www.csj-emballages.com\/wp-content\/uploads\/2023\/10\/logo_csj.webp","contentUrl":"https:\/\/www.csj-emballages.com\/wp-content\/uploads\/2023\/10\/logo_csj.webp","width":250,"height":95,"caption":"CSJ Emballages"},"image":{"@id":"https:\/\/www.csj-emballages.com\/de\/#\/schema\/logo\/image\/"},"sameAs":["https:\/\/www.facebook.com\/csjemballages"],"address":{"@type":"PostalAddress","streetAddress":"ZI La Lechere","addressLocality":"Patornay","postalCode":"39130","addressCountry":"FR"},"contactPoint":[{"@type":"ContactPoint","contactType":"Service client","telephone":"0384254272","email":"contact@csj-emballages.com"}]}]}},"df_price":8.22,"df_sale_price":"","df_regular_price":8.22,"df_image_link":"https:\/\/www.csj-emballages.com\/wp-content\/uploads\/2024\/03\/Sachets-a-fond-croise-300x300.webp","tiered_pricing_type":"fixed","tiered_pricing_fixed_rules":[],"tiered_pricing_percentage_rules":[],"tiered_pricing_minimum":1,"tiered_pricing_roles_data":[],"_links":{"self":[{"href":"https:\/\/www.csj-emballages.com\/de\/wp-json\/wp\/v2\/product\/23421","targetHints":{"allow":["GET"]}}],"collection":[{"href":"https:\/\/www.csj-emballages.com\/de\/wp-json\/wp\/v2\/product"}],"about":[{"href":"https:\/\/www.csj-emballages.com\/de\/wp-json\/wp\/v2\/types\/product"}],"wp:featuredmedia":[{"embeddable":true,"href":"https:\/\/www.csj-emballages.com\/de\/wp-json\/wp\/v2\/media\/243691"}],"wp:attachment":[{"href":"https:\/\/www.csj-emballages.com\/de\/wp-json\/wp\/v2\/media?parent=23421"}],"wp:term":[{"taxonomy":"product_brand","embeddable":true,"href":"https:\/\/www.csj-emballages.com\/de\/wp-json\/wp\/v2\/product_brand?post=23421"},{"taxonomy":"product_cat","embeddable":true,"href":"https:\/\/www.csj-emballages.com\/de\/wp-json\/wp\/v2\/product_cat?post=23421"},{"taxonomy":"product_tag","embeddable":true,"href":"https:\/\/www.csj-emballages.com\/de\/wp-json\/wp\/v2\/product_tag?post=23421"}],"curies":[{"name":"wp","href":"https:\/\/api.w.org\/{rel}","templated":true}]}}