{"id":23413,"date":"2024-03-01T16:49:19","date_gmt":"2024-03-01T15:49:19","guid":{"rendered":"https:\/\/u15jnbdpoq.preview.infomaniak.website\/produit\/1000-kraftsandwichtueten-mit-fenster-10-4-x-36-cm\/"},"modified":"2026-03-12T16:39:58","modified_gmt":"2026-03-12T15:39:58","slug":"1000-kraftsandwichtueten-mit-fenster-10-4-x-36-cm","status":"publish","type":"product","link":"https:\/\/www.csj-emballages.com\/de\/produit\/1000-kraftsandwichtueten-mit-fenster-10-4-x-36-cm\/","title":{"rendered":"1000 Sandwichbeutel aus wei\u00dfem Kraftpapier mit Fenster 10 + 4 x 36 cm"},"content":{"rendered":"<h2>Sandwich-Taschen aus Kraftpapier wei\u00df mit Fenster 10 + 4 x 36 cm &#8211; pro 1000 St\u00fcck<\/h2>\n<hr>\n<h3>Beschreibung des Produkts<\/h3>\n<p><!--more--><\/p>\n<p>Entdecken Sie unsere wei\u00dfen Sandwich-Taschen mit Fenster in den Ma\u00dfen 10 + 4 x 36 cm, die sich perfekt zum Servieren Ihrer Sandwiches eignen. Dank des transparenten Fensters werden Ihre Sandwiches elegant in Szene gesetzt und ziehen sofort die Aufmerksamkeit der Kunden auf sich. <\/p>\n<p>Sie sind praktisch und erm\u00f6glichen eine schnelle und sichere Verpackung Ihrer Produkte. Diese Taschen sind ideal f\u00fcr den Verkauf zum Mitnehmen, da sie auch recycelbar sind und somit den aktuellen Umweltanforderungen entsprechen. Dank ihres Formats lassen sich auch gro\u00dfz\u00fcgige Sandwiches problemlos darin verstauen.  <\/p>\n<p>Diese wei\u00dfen Krafts\u00e4cke eignen sich f\u00fcr alle Arten von Sandwiches, egal ob kalt oder warm. Entscheiden Sie sich f\u00fcr eine umweltfreundliche Pr\u00e4sentation, um Ihren Verkauf anzukurbeln. <\/p>\n<p>&nbsp;<\/p>\n<p><!--more--><\/p>\n<p>\u00dcbernehmen Sie jetzt diese unverzichtbaren Taschen f\u00fcr einen schnellen Service, egal ob Sie Hobbyk\u00f6che oder professionelle Take-away-Anbieter sind!<\/p>\n<p>&nbsp;<\/p>\n<p><!--more--><\/p>\n<p><strong>Ihre Vorteile :<\/strong><\/p>\n<ul>\n<li><strong>Design<\/strong>: Diese Taschen wurden mit einem Fenster entworfen, um Ihre Sandwiches hervorzuheben.<\/li>\n<li><strong>Praktisch<\/strong>: Einfach zu entfalten, spart wertvolle Zeit.<\/li>\n<li><strong>Umweltfreundlich<\/strong>: Diese Taschen sind vollst\u00e4ndig recycelbar und somit umweltfreundlich.<\/li>\n<li><strong>Vielseitig<\/strong> einsetzbar : K\u00f6nnen sowohl von Hobbyk\u00f6chen als auch von Profis verwendet werden.<\/li>\n<\/ul>\n<p>&nbsp;<\/p>\n<p><!--more--><\/p>\n<p>Diese Taschen sind auch erh\u00e4ltlich in <span style=\"color: #d12727;\"><a style=\"color: #d12727;\" href=\"https:\/\/www.csj-emballages.com\/produit\/1000-sacs-sandwichs-kraft-10-5-x-32-cm\/\">Kraftfarbe<\/a><\/span> und <span style=\"color: #d12727;\"><a style=\"color: #d12727;\" href=\"https:\/\/www.csj-emballages.com\/produit\/1000-sacs-sandwichs-krafts-blancs-12-5-x-30-cm\/\">ohne Fenster<\/a><\/span><\/p>\n<p>&nbsp;<\/p>\n<p><!--more--><\/p>\n<p>Finden Sie hier unsere <span style=\"color: #d12727;\"><a style=\"color: #d12727;\" href=\"https:\/\/www.csj-emballages.com\/produit\/250-sacs-cuissons-panini-11-3-5-x-33-cm\/\">Kochbeutel f\u00fcr Paninis<\/a><\/span><\/p>\n<p>&nbsp;<\/p>\n<p><!--more--><\/p>\n<p><a href=\"https:\/\/www.csj-emballages.com\/de\/categorie-produit\/lebensmittelverpackungen\/restauration-de\/sacke-und-papier\/sandwich-taschen-de\/\">Sehen Sie sich den Rest unseres Sortiments an Sandwich-Taschen an<\/a><\/p>\n","protected":false},"excerpt":{"rendered":"<p>Sandwich-Taschen aus Kraftpapier wei\u00df mit Fenster 10 + 4 x 36 cm &#8211; pro 1000 St\u00fcck Beschreibung des Produkts<\/p>\n","protected":false},"featured_media":89983,"template":"","meta":{"_acf_changed":false},"product_brand":[],"product_cat":[1137,1171,1661,3479,1134,3480],"product_tag":[],"class_list":{"0":"post-23413","1":"product","2":"type-product","3":"status-publish","4":"has-post-thumbnail","6":"product_cat-lebensmittelverpackungen","7":"product_cat-backerei-und-konditorei","8":"product_cat-sacheries-de","9":"product_cat-sandwich-taschen","10":"product_cat-restauration-de","11":"product_cat-sandwich-taschen-de","13":"first","14":"instock","15":"taxable","16":"shipping-taxable","17":"purchasable","18":"product-type-simple"},"acf":[],"yoast_head":"<!-- This site is optimized with the Yoast SEO Premium plugin v26.6 (Yoast SEO v26.6) - https:\/\/yoast.com\/wordpress\/plugins\/seo\/ -->\n<title>Wei\u00dfe Sandwich-Taschen mit Fenster - 10 + 4 x 36 cm \/ CSJ Verpackungen<\/title>\n<meta name=\"description\" content=\"Entdecken Sie unsere wei\u00dfen Sandwich-Taschen mit Fenster, Abm. 100 + 40 x 360 mm! Entscheiden Sie sich f\u00fcr einen Karton mit 1000 Sandwich-T\u00fcten, ideal f\u00fcr den Verkauf zum Mitnehmen!\" \/>\n<meta name=\"robots\" content=\"index, follow, max-snippet:-1, max-image-preview:large, max-video-preview:-1\" \/>\n<link rel=\"canonical\" href=\"https:\/\/www.csj-emballages.com\/de\/produit\/1000-kraftsandwichtueten-mit-fenster-10-4-x-36-cm\/\" \/>\n<meta property=\"og:locale\" content=\"de_DE\" \/>\n<meta property=\"og:type\" content=\"article\" \/>\n<meta property=\"og:title\" content=\"1000 Sandwichbeutel aus wei\u00dfem Kraftpapier mit Fenster 10 + 4 x 36 cm\" \/>\n<meta property=\"og:description\" content=\"Entdecken Sie unsere wei\u00dfen Sandwich-Taschen mit Fenster, Abm. 100 + 40 x 360 mm! Entscheiden Sie sich f\u00fcr einen Karton mit 1000 Sandwich-T\u00fcten, ideal f\u00fcr den Verkauf zum Mitnehmen!\" \/>\n<meta property=\"og:url\" content=\"https:\/\/www.csj-emballages.com\/de\/produit\/1000-kraftsandwichtueten-mit-fenster-10-4-x-36-cm\/\" \/>\n<meta property=\"og:site_name\" content=\"CSJ Emballages\" \/>\n<meta property=\"article:publisher\" content=\"https:\/\/www.facebook.com\/csjemballages\" \/>\n<meta property=\"article:modified_time\" content=\"2026-03-12T15:39:58+00:00\" \/>\n<meta property=\"og:image\" content=\"https:\/\/www.csj-emballages.com\/wp-content\/uploads\/2024\/03\/01047c88-da49-4fbf-8b24-0041b88ded9f__1_-removebg-preview-1-e1724406722271.png\" \/>\n\t<meta property=\"og:image:width\" content=\"1277\" \/>\n\t<meta property=\"og:image:height\" content=\"1280\" \/>\n\t<meta property=\"og:image:type\" content=\"image\/png\" \/>\n<meta name=\"twitter:card\" content=\"summary_large_image\" \/>\n<meta name=\"twitter:label1\" content=\"Gesch\u00e4tzte Lesezeit\" \/>\n\t<meta name=\"twitter:data1\" content=\"1\u00a0Minute\" \/>\n<script type=\"application\/ld+json\" class=\"yoast-schema-graph\">{\"@context\":\"https:\/\/schema.org\",\"@graph\":[{\"@type\":\"WebPage\",\"@id\":\"https:\/\/www.csj-emballages.com\/de\/produit\/1000-kraftsandwichtueten-mit-fenster-10-4-x-36-cm\/\",\"url\":\"https:\/\/www.csj-emballages.com\/de\/produit\/1000-kraftsandwichtueten-mit-fenster-10-4-x-36-cm\/\",\"name\":\"Wei\u00dfe Sandwich-Taschen mit Fenster - 10 + 4 x 36 cm \/ CSJ Verpackungen\",\"isPartOf\":{\"@id\":\"https:\/\/www.csj-emballages.com\/de\/#website\"},\"primaryImageOfPage\":{\"@id\":\"https:\/\/www.csj-emballages.com\/de\/produit\/1000-kraftsandwichtueten-mit-fenster-10-4-x-36-cm\/#primaryimage\"},\"image\":{\"@id\":\"https:\/\/www.csj-emballages.com\/de\/produit\/1000-kraftsandwichtueten-mit-fenster-10-4-x-36-cm\/#primaryimage\"},\"thumbnailUrl\":\"https:\/\/www.csj-emballages.com\/wp-content\/uploads\/2024\/03\/01047c88-da49-4fbf-8b24-0041b88ded9f__1_-removebg-preview-1-e1724406722271.png\",\"datePublished\":\"2024-03-01T15:49:19+00:00\",\"dateModified\":\"2026-03-12T15:39:58+00:00\",\"description\":\"Entdecken Sie unsere wei\u00dfen Sandwich-Taschen mit Fenster, Abm. 100 + 40 x 360 mm! Entscheiden Sie sich f\u00fcr einen Karton mit 1000 Sandwich-T\u00fcten, ideal f\u00fcr den Verkauf zum Mitnehmen!\",\"breadcrumb\":{\"@id\":\"https:\/\/www.csj-emballages.com\/de\/produit\/1000-kraftsandwichtueten-mit-fenster-10-4-x-36-cm\/#breadcrumb\"},\"inLanguage\":\"de\",\"potentialAction\":[{\"@type\":\"ReadAction\",\"target\":[\"https:\/\/www.csj-emballages.com\/de\/produit\/1000-kraftsandwichtueten-mit-fenster-10-4-x-36-cm\/\"]}]},{\"@type\":\"ImageObject\",\"inLanguage\":\"de\",\"@id\":\"https:\/\/www.csj-emballages.com\/de\/produit\/1000-kraftsandwichtueten-mit-fenster-10-4-x-36-cm\/#primaryimage\",\"url\":\"https:\/\/www.csj-emballages.com\/wp-content\/uploads\/2024\/03\/01047c88-da49-4fbf-8b24-0041b88ded9f__1_-removebg-preview-1-e1724406722271.png\",\"contentUrl\":\"https:\/\/www.csj-emballages.com\/wp-content\/uploads\/2024\/03\/01047c88-da49-4fbf-8b24-0041b88ded9f__1_-removebg-preview-1-e1724406722271.png\",\"width\":1277,\"height\":1280,\"caption\":\"Sacs sandwichs blancs fen\u00eatr\u00e9s\"},{\"@type\":\"BreadcrumbList\",\"@id\":\"https:\/\/www.csj-emballages.com\/de\/produit\/1000-kraftsandwichtueten-mit-fenster-10-4-x-36-cm\/#breadcrumb\",\"itemListElement\":[{\"@type\":\"ListItem\",\"position\":1,\"name\":\"Accueil\",\"item\":\"https:\/\/www.csj-emballages.com\/de\/universum-lebensmittelverpackungen\/\"},{\"@type\":\"ListItem\",\"position\":2,\"name\":\"Shop\",\"item\":\"https:\/\/www.csj-emballages.com\/shop\/\"},{\"@type\":\"ListItem\",\"position\":3,\"name\":\"1000 Sandwichbeutel aus wei\u00dfem Kraftpapier mit Fenster 10 + 4 x 36 cm\"}]},{\"@type\":\"WebSite\",\"@id\":\"https:\/\/www.csj-emballages.com\/de\/#website\",\"url\":\"https:\/\/www.csj-emballages.com\/de\/\",\"name\":\"CSJ Emballages\",\"description\":\"\",\"publisher\":{\"@id\":\"https:\/\/www.csj-emballages.com\/de\/#organization\"},\"potentialAction\":[{\"@type\":\"SearchAction\",\"target\":{\"@type\":\"EntryPoint\",\"urlTemplate\":\"https:\/\/www.csj-emballages.com\/de\/?s={search_term_string}\"},\"query-input\":{\"@type\":\"PropertyValueSpecification\",\"valueRequired\":true,\"valueName\":\"search_term_string\"}}],\"inLanguage\":\"de\"},{\"@type\":\"Organization\",\"@id\":\"https:\/\/www.csj-emballages.com\/de\/#Organization\/\",\"name\":\"CSJ Emballages\",\"url\":\"https:\/\/www.csj-emballages.com\/de\/\",\"logo\":{\"@type\":\"ImageObject\",\"inLanguage\":\"de\",\"@id\":\"https:\/\/www.csj-emballages.com\/de\/#\/schema\/logo\/image\/\",\"url\":\"https:\/\/www.csj-emballages.com\/wp-content\/uploads\/2023\/10\/logo_csj.webp\",\"contentUrl\":\"https:\/\/www.csj-emballages.com\/wp-content\/uploads\/2023\/10\/logo_csj.webp\",\"width\":250,\"height\":95,\"caption\":\"CSJ Emballages\"},\"image\":{\"@id\":\"https:\/\/www.csj-emballages.com\/de\/#\/schema\/logo\/image\/\"},\"sameAs\":[\"https:\/\/www.facebook.com\/csjemballages\"],\"address\":{\"@type\":\"PostalAddress\",\"streetAddress\":\"ZI La Lechere\",\"addressLocality\":\"Patornay\",\"postalCode\":\"39130\",\"addressCountry\":\"FR\"},\"contactPoint\":[{\"@type\":\"ContactPoint\",\"contactType\":\"Service client\",\"telephone\":\"0384254272\",\"email\":\"contact@csj-emballages.com\"}]}]}<\/script>\n<!-- \/ Yoast SEO Premium plugin. -->","yoast_head_json":{"title":"Wei\u00dfe Sandwich-Taschen mit Fenster - 10 + 4 x 36 cm \/ CSJ Verpackungen","description":"Entdecken Sie unsere wei\u00dfen Sandwich-Taschen mit Fenster, Abm. 100 + 40 x 360 mm! Entscheiden Sie sich f\u00fcr einen Karton mit 1000 Sandwich-T\u00fcten, ideal f\u00fcr den Verkauf zum Mitnehmen!","robots":{"index":"index","follow":"follow","max-snippet":"max-snippet:-1","max-image-preview":"max-image-preview:large","max-video-preview":"max-video-preview:-1"},"canonical":"https:\/\/www.csj-emballages.com\/de\/produit\/1000-kraftsandwichtueten-mit-fenster-10-4-x-36-cm\/","og_locale":"de_DE","og_type":"article","og_title":"1000 Sandwichbeutel aus wei\u00dfem Kraftpapier mit Fenster 10 + 4 x 36 cm","og_description":"Entdecken Sie unsere wei\u00dfen Sandwich-Taschen mit Fenster, Abm. 100 + 40 x 360 mm! Entscheiden Sie sich f\u00fcr einen Karton mit 1000 Sandwich-T\u00fcten, ideal f\u00fcr den Verkauf zum Mitnehmen!","og_url":"https:\/\/www.csj-emballages.com\/de\/produit\/1000-kraftsandwichtueten-mit-fenster-10-4-x-36-cm\/","og_site_name":"CSJ Emballages","article_publisher":"https:\/\/www.facebook.com\/csjemballages","article_modified_time":"2026-03-12T15:39:58+00:00","og_image":[{"width":1277,"height":1280,"url":"https:\/\/www.csj-emballages.com\/wp-content\/uploads\/2024\/03\/01047c88-da49-4fbf-8b24-0041b88ded9f__1_-removebg-preview-1-e1724406722271.png","type":"image\/png"}],"twitter_card":"summary_large_image","twitter_misc":{"Gesch\u00e4tzte Lesezeit":"1\u00a0Minute"},"schema":{"@context":"https:\/\/schema.org","@graph":[{"@type":"WebPage","@id":"https:\/\/www.csj-emballages.com\/de\/produit\/1000-kraftsandwichtueten-mit-fenster-10-4-x-36-cm\/","url":"https:\/\/www.csj-emballages.com\/de\/produit\/1000-kraftsandwichtueten-mit-fenster-10-4-x-36-cm\/","name":"Wei\u00dfe Sandwich-Taschen mit Fenster - 10 + 4 x 36 cm \/ CSJ Verpackungen","isPartOf":{"@id":"https:\/\/www.csj-emballages.com\/de\/#website"},"primaryImageOfPage":{"@id":"https:\/\/www.csj-emballages.com\/de\/produit\/1000-kraftsandwichtueten-mit-fenster-10-4-x-36-cm\/#primaryimage"},"image":{"@id":"https:\/\/www.csj-emballages.com\/de\/produit\/1000-kraftsandwichtueten-mit-fenster-10-4-x-36-cm\/#primaryimage"},"thumbnailUrl":"https:\/\/www.csj-emballages.com\/wp-content\/uploads\/2024\/03\/01047c88-da49-4fbf-8b24-0041b88ded9f__1_-removebg-preview-1-e1724406722271.png","datePublished":"2024-03-01T15:49:19+00:00","dateModified":"2026-03-12T15:39:58+00:00","description":"Entdecken Sie unsere wei\u00dfen Sandwich-Taschen mit Fenster, Abm. 100 + 40 x 360 mm! Entscheiden Sie sich f\u00fcr einen Karton mit 1000 Sandwich-T\u00fcten, ideal f\u00fcr den Verkauf zum Mitnehmen!","breadcrumb":{"@id":"https:\/\/www.csj-emballages.com\/de\/produit\/1000-kraftsandwichtueten-mit-fenster-10-4-x-36-cm\/#breadcrumb"},"inLanguage":"de","potentialAction":[{"@type":"ReadAction","target":["https:\/\/www.csj-emballages.com\/de\/produit\/1000-kraftsandwichtueten-mit-fenster-10-4-x-36-cm\/"]}]},{"@type":"ImageObject","inLanguage":"de","@id":"https:\/\/www.csj-emballages.com\/de\/produit\/1000-kraftsandwichtueten-mit-fenster-10-4-x-36-cm\/#primaryimage","url":"https:\/\/www.csj-emballages.com\/wp-content\/uploads\/2024\/03\/01047c88-da49-4fbf-8b24-0041b88ded9f__1_-removebg-preview-1-e1724406722271.png","contentUrl":"https:\/\/www.csj-emballages.com\/wp-content\/uploads\/2024\/03\/01047c88-da49-4fbf-8b24-0041b88ded9f__1_-removebg-preview-1-e1724406722271.png","width":1277,"height":1280,"caption":"Sacs sandwichs blancs fen\u00eatr\u00e9s"},{"@type":"BreadcrumbList","@id":"https:\/\/www.csj-emballages.com\/de\/produit\/1000-kraftsandwichtueten-mit-fenster-10-4-x-36-cm\/#breadcrumb","itemListElement":[{"@type":"ListItem","position":1,"name":"Accueil","item":"https:\/\/www.csj-emballages.com\/de\/universum-lebensmittelverpackungen\/"},{"@type":"ListItem","position":2,"name":"Shop","item":"https:\/\/www.csj-emballages.com\/shop\/"},{"@type":"ListItem","position":3,"name":"1000 Sandwichbeutel aus wei\u00dfem Kraftpapier mit Fenster 10 + 4 x 36 cm"}]},{"@type":"WebSite","@id":"https:\/\/www.csj-emballages.com\/de\/#website","url":"https:\/\/www.csj-emballages.com\/de\/","name":"CSJ Emballages","description":"","publisher":{"@id":"https:\/\/www.csj-emballages.com\/de\/#organization"},"potentialAction":[{"@type":"SearchAction","target":{"@type":"EntryPoint","urlTemplate":"https:\/\/www.csj-emballages.com\/de\/?s={search_term_string}"},"query-input":{"@type":"PropertyValueSpecification","valueRequired":true,"valueName":"search_term_string"}}],"inLanguage":"de"},{"@type":"Organization","@id":"https:\/\/www.csj-emballages.com\/de\/#Organization\/","name":"CSJ Emballages","url":"https:\/\/www.csj-emballages.com\/de\/","logo":{"@type":"ImageObject","inLanguage":"de","@id":"https:\/\/www.csj-emballages.com\/de\/#\/schema\/logo\/image\/","url":"https:\/\/www.csj-emballages.com\/wp-content\/uploads\/2023\/10\/logo_csj.webp","contentUrl":"https:\/\/www.csj-emballages.com\/wp-content\/uploads\/2023\/10\/logo_csj.webp","width":250,"height":95,"caption":"CSJ Emballages"},"image":{"@id":"https:\/\/www.csj-emballages.com\/de\/#\/schema\/logo\/image\/"},"sameAs":["https:\/\/www.facebook.com\/csjemballages"],"address":{"@type":"PostalAddress","streetAddress":"ZI La Lechere","addressLocality":"Patornay","postalCode":"39130","addressCountry":"FR"},"contactPoint":[{"@type":"ContactPoint","contactType":"Service client","telephone":"0384254272","email":"contact@csj-emballages.com"}]}]}},"df_price":28.56,"df_sale_price":"","df_regular_price":28.56,"df_image_link":"https:\/\/www.csj-emballages.com\/wp-content\/uploads\/2024\/03\/01047c88-da49-4fbf-8b24-0041b88ded9f__1_-removebg-preview-1-300x300.png","tiered_pricing_type":"fixed","tiered_pricing_fixed_rules":[],"tiered_pricing_percentage_rules":[],"tiered_pricing_minimum":1,"tiered_pricing_roles_data":[],"_links":{"self":[{"href":"https:\/\/www.csj-emballages.com\/de\/wp-json\/wp\/v2\/product\/23413","targetHints":{"allow":["GET"]}}],"collection":[{"href":"https:\/\/www.csj-emballages.com\/de\/wp-json\/wp\/v2\/product"}],"about":[{"href":"https:\/\/www.csj-emballages.com\/de\/wp-json\/wp\/v2\/types\/product"}],"wp:featuredmedia":[{"embeddable":true,"href":"https:\/\/www.csj-emballages.com\/de\/wp-json\/wp\/v2\/media\/89983"}],"wp:attachment":[{"href":"https:\/\/www.csj-emballages.com\/de\/wp-json\/wp\/v2\/media?parent=23413"}],"wp:term":[{"taxonomy":"product_brand","embeddable":true,"href":"https:\/\/www.csj-emballages.com\/de\/wp-json\/wp\/v2\/product_brand?post=23413"},{"taxonomy":"product_cat","embeddable":true,"href":"https:\/\/www.csj-emballages.com\/de\/wp-json\/wp\/v2\/product_cat?post=23413"},{"taxonomy":"product_tag","embeddable":true,"href":"https:\/\/www.csj-emballages.com\/de\/wp-json\/wp\/v2\/product_tag?post=23413"}],"curies":[{"name":"wp","href":"https:\/\/api.w.org\/{rel}","templated":true}]}}