{"id":23406,"date":"2024-03-01T16:49:20","date_gmt":"2024-03-01T15:49:20","guid":{"rendered":"https:\/\/u15jnbdpoq.preview.infomaniak.website\/produit\/50-transparente-diamantbeutel-110-4-faltenbaelge-von-50-mm-x-600-mm\/"},"modified":"2026-04-03T02:20:18","modified_gmt":"2026-04-03T00:20:18","slug":"50-transparente-diamantbeutel-110-4-faltenbaelge-von-50-mm-x-600-mm","status":"publish","type":"product","link":"https:\/\/www.csj-emballages.com\/de\/produit\/50-transparente-diamantbeutel-110-4-faltenbaelge-von-50-mm-x-600-mm\/","title":{"rendered":"Durchsichtiger Diamantbeutel 110 + (4 Faltenb\u00e4lge \u00e0 50 mm) x 600 mm per 50"},"content":{"rendered":"<h2 class=\"p1\">Diamant-Beutel<\/h2>\n<hr>\n<h3>Beschreibung von unserem Diamantbeutel transparent 110 + (4 Faltenb\u00e4lge von 50 mm) x 600 mm per 50<\/h3>\n<p><!--more--><\/p>\n<p data-start=\"30\" data-end=\"491\">Verleihen Sie Ihren Kreationen eine <strong data-start=\"41\" data-end=\"66\">elegante<\/strong> und professionelle <strong data-start=\"41\" data-end=\"66\">Pr\u00e4sentation<\/strong> mit dem <strong data-start=\"111\" data-end=\"186\">transparenten Diamantbeutel 110 + (4 Seitenfalten \u00e0 50 mm) x 600 mm<\/strong>. Der aus hochwertigem <strong data-start=\"197\" data-end=\"203\">PP<\/strong> (Polypropylen) gefertigte <strong data-start=\"241\" data-end=\"267\">Seitenfaltenbeutel<\/strong> vereint <strong data-start=\"276\" data-end=\"288\">Stabilit\u00e4t<\/strong>, <strong data-start=\"290\" data-end=\"318\">kristallklare Transparenz<\/strong> und Praktikabilit\u00e4t. Dank der <strong data-start=\"345\" data-end=\"372\">doppelten<\/strong> <strong>50-mm-Seitenfalte<\/strong> passt sie sich perfekt an gro\u00dfz\u00fcgige Formen an, wobei der Inhalt immer noch optimal zur Geltung kommt.  <\/p>\n<p data-start=\"493\" data-end=\"897\">So wird sie zur idealen L\u00f6sung f\u00fcr das Verpacken von <strong data-start=\"660\" data-end=\"685\">Schokoladenfiguren<\/strong>, leckeren <strong data-start=\"691\" data-end=\"725\">Obstverpackungen<\/strong> oder <strong data-start=\"741\" data-end=\"776\">raffinierten Blumenarrangements<\/strong>. Die <strong data-start=\"781\" data-end=\"802\">H\u00f6he von 580 mm<\/strong> erm\u00f6glicht es, die Produkte gut gesch\u00fctzt zu halten und gleichzeitig eine makellose Pr\u00e4sentation zu bieten. <\/p>\n<p data-start=\"899\" data-end=\"1294\">Au\u00dferdem hebt die <strong data-start=\"911\" data-end=\"936\">perfekte Transparenz<\/strong> dieses <strong>Diamantbeutels<\/strong> die Farbe, die Textur und die Originalit\u00e4t Ihrer Kreationen hervor, was ihn zu einem gro\u00dfen Vorteil f\u00fcr Profis in der <strong data-start=\"1079\" data-end=\"1093\">S\u00fc\u00dfwarenindustrie<\/strong>, der <strong data-start=\"1101\" data-end=\"1115\">Konditorei<\/strong> oder der <strong data-start=\"1125\" data-end=\"1147\">Blumendekoration<\/strong> macht. Sie k\u00f6nnen die Verpackung ganz einfach mit einem Band, einem Etikett oder einem Aufkleber personalisieren, um die visuelle Identit\u00e4t Ihrer Marke zu verst\u00e4rken. <\/p>\n<p data-start=\"1296\" data-end=\"1724\">Wenn Sie sich f\u00fcr diesen <strong>Beutel<\/strong> entscheiden, erhalten Sie eine <strong data-start=\"1343\" data-end=\"1379\">praktische und \u00e4sthetische Verpackung<\/strong>, die bereit ist, Ihre Kunden schon auf den ersten Blick zu begeistern. Die Rei\u00dffestigkeit des Beutels garantiert die Sicherheit der Produkte, selbst beim Transport oder bei der Handhabung im Gesch\u00e4ft. Der Beutel wird in Packungen zu <strong>50 St\u00fcck<\/strong> verkauft und bietet ein hervorragendes Preis-Leistungs-Verh\u00e4ltnis f\u00fcr Gesch\u00e4ftsleute, die eine hochwertige und funktionale <strong data-start=\"1679\" data-end=\"1706\">Verpackung<\/strong> suchen.  <\/p>\n<p data-start=\"1367\" data-end=\"1669\"><!--more--><\/p>\n<h4 data-start=\"1367\" data-end=\"1669\">Vorteile :<\/h4>\n<ul>\n<li data-start=\"1367\" data-end=\"1669\"><strong data-start=\"1948\" data-end=\"1975\">Doppelter Seitenfaltenbalg<\/strong> f\u00fcr gro\u00dfz\u00fcgiges Volumen und einfache Formgebung.<\/li>\n<li data-start=\"1367\" data-end=\"1669\"><strong data-start=\"2033\" data-end=\"2057\">Kristallklare Transparenz<\/strong>, die Ihre Gourmet- oder dekorativen Kreationen aufwertet.<\/li>\n<li data-start=\"1367\" data-end=\"1669\"><strong data-start=\"2116\" data-end=\"2135\">Praktisches Format,<\/strong> das sich f\u00fcr gro\u00dfe Geschenke eignet.<\/li>\n<li data-start=\"1367\" data-end=\"1669\"><strong data-start=\"2191\" data-end=\"2218\">Strapazierf\u00e4higes Polypropylen<\/strong>, perfekt f\u00fcr den Transport und die Pr\u00e4sentation.<\/li>\n<\/ul>\n<p>&nbsp;<\/p>\n<p><!--more--><\/p>\n<h4>Weitere Informationen :<\/h4>\n<ul>\n<li><strong>Verpackung<\/strong>: Packung mit 50 St\u00fcck<\/li>\n<li><strong>Ma\u00dfe<\/strong>: 110 + (4 Faltenb\u00e4lge \u00e0 50 mm) x 600 mm<\/li>\n<li><strong>Farbe<\/strong>: Transparent<\/li>\n<li><strong>Material<\/strong>: PP (Polypropylen)<\/li>\n<\/ul>\n<p>&nbsp;<\/p>\n<p><!--more--><\/p>\n<p>Dieser Diamantbeutel ist in verschiedenen Gr\u00f6\u00dfen erh\u00e4ltlich : <span style=\"color: #d12727;\"><a style=\"color: #d12727;\" href=\"https:\/\/www.csj-emballages.com\/produit\/50-sachets-diamant-transparents-65-4-soufflets-de-30-mm-x-400-mm\/\">65 + (4 Faltenb\u00e4lge \u00e0 30 mm) x 400 mm \u00d811,5 cm.<\/a><\/span> \/ <span style=\"color: #d12727;\"><a style=\"color: #d12727;\" href=\"https:\/\/www.csj-emballages.com\/produit\/50-sachets-diamant-transparents-60-4-soufflets-de-30-mm-x-580-mm\/\">85 + (4 Faltenb\u00e4lge \u00e0 40 mm) x 500 mm \u00d816 cm.<\/a><\/span> \/ <span style=\"color: #d12727;\"><a style=\"color: #d12727;\" href=\"https:\/\/www.csj-emballages.com\/produit\/50-sachets-diamant-transparents-60-4-soufflets-de-30-mm-x-580-mm\/\">60 + (4 Faltenb\u00e4lge \u00e0 30 mm) x 580 mm<\/a><\/span><\/p>\n<p>&nbsp;<\/p>\n<p><!--more--><\/p>\n<p><a href=\"https:\/\/www.csj-emballages.com\/de\/categorie-produit\/lebensmittelverpackungen\/backerei-und-konditorei\/sacke-beutel-und-papier\/beutel-fur-suswaren\/diamantbeutel\/\">Sehen Sie sich den Rest unseres Sortiments an Diamantbeuteln an<\/a><\/p>\n","protected":false},"excerpt":{"rendered":"<p>Diamant-Beutel Beschreibung von unserem Diamantbeutel transparent 110 + (4 Faltenb\u00e4lge von 50 mm) x 600 mm per 50<\/p>\n","protected":false},"featured_media":243431,"template":"","meta":{"_acf_changed":false},"product_brand":[],"product_cat":[1137,1171,1678,3473,1487],"product_tag":[],"class_list":{"0":"post-23406","1":"product","2":"type-product","3":"status-publish","4":"has-post-thumbnail","6":"product_cat-lebensmittelverpackungen","7":"product_cat-backerei-und-konditorei","8":"product_cat-beutel-fur-suswaren","9":"product_cat-diamantbeutel","10":"product_cat-boutique-und-geschaft","12":"first","13":"instock","14":"taxable","15":"shipping-taxable","16":"purchasable","17":"product-type-simple"},"acf":[],"yoast_head":"<!-- This site is optimized with the Yoast SEO Premium plugin v26.6 (Yoast SEO v26.6) - https:\/\/yoast.com\/wordpress\/plugins\/seo\/ -->\n<title>Beutel Diamant 110 + (4 Faltenb\u00e4lge \u00e0 50 mm) x 600 mm<\/title>\n<meta name=\"description\" content=\"Transparente Diamantt\u00fcte mit doppelter Seitenfalte, ideal f\u00fcr Schokolade, Obst oder Blumen. Packung mit 50 St\u00fcck f\u00fcr eine elegante und stabile Verpackung.\" \/>\n<meta name=\"robots\" content=\"index, follow, max-snippet:-1, max-image-preview:large, max-video-preview:-1\" \/>\n<link rel=\"canonical\" href=\"https:\/\/www.csj-emballages.com\/de\/produit\/50-transparente-diamantbeutel-110-4-faltenbaelge-von-50-mm-x-600-mm\/\" \/>\n<meta property=\"og:locale\" content=\"de_DE\" \/>\n<meta property=\"og:type\" content=\"article\" \/>\n<meta property=\"og:title\" content=\"Durchsichtiger Diamantbeutel 110 + (4 Faltenb\u00e4lge \u00e0 50 mm) x 600 mm per 50\" \/>\n<meta property=\"og:description\" content=\"Transparente Diamantt\u00fcte mit doppelter Seitenfalte, ideal f\u00fcr Schokolade, Obst oder Blumen. Packung mit 50 St\u00fcck f\u00fcr eine elegante und stabile Verpackung.\" \/>\n<meta property=\"og:url\" content=\"https:\/\/www.csj-emballages.com\/de\/produit\/50-transparente-diamantbeutel-110-4-faltenbaelge-von-50-mm-x-600-mm\/\" \/>\n<meta property=\"og:site_name\" content=\"CSJ Emballages\" \/>\n<meta property=\"article:publisher\" content=\"https:\/\/www.facebook.com\/csjemballages\" \/>\n<meta property=\"article:modified_time\" content=\"2026-04-03T00:20:18+00:00\" \/>\n<meta property=\"og:image\" content=\"https:\/\/www.csj-emballages.com\/wp-content\/uploads\/2024\/03\/Sachets-diamants.webp\" \/>\n\t<meta property=\"og:image:width\" content=\"800\" \/>\n\t<meta property=\"og:image:height\" content=\"800\" \/>\n\t<meta property=\"og:image:type\" content=\"image\/webp\" \/>\n<meta name=\"twitter:card\" content=\"summary_large_image\" \/>\n<meta name=\"twitter:label1\" content=\"Gesch\u00e4tzte Lesezeit\" \/>\n\t<meta name=\"twitter:data1\" content=\"2 Minuten\" \/>\n<script type=\"application\/ld+json\" class=\"yoast-schema-graph\">{\"@context\":\"https:\/\/schema.org\",\"@graph\":[{\"@type\":\"WebPage\",\"@id\":\"https:\/\/www.csj-emballages.com\/de\/produit\/50-transparente-diamantbeutel-110-4-faltenbaelge-von-50-mm-x-600-mm\/\",\"url\":\"https:\/\/www.csj-emballages.com\/de\/produit\/50-transparente-diamantbeutel-110-4-faltenbaelge-von-50-mm-x-600-mm\/\",\"name\":\"Beutel Diamant 110 + (4 Faltenb\u00e4lge \u00e0 50 mm) x 600 mm\",\"isPartOf\":{\"@id\":\"https:\/\/www.csj-emballages.com\/de\/#website\"},\"primaryImageOfPage\":{\"@id\":\"https:\/\/www.csj-emballages.com\/de\/produit\/50-transparente-diamantbeutel-110-4-faltenbaelge-von-50-mm-x-600-mm\/#primaryimage\"},\"image\":{\"@id\":\"https:\/\/www.csj-emballages.com\/de\/produit\/50-transparente-diamantbeutel-110-4-faltenbaelge-von-50-mm-x-600-mm\/#primaryimage\"},\"thumbnailUrl\":\"https:\/\/www.csj-emballages.com\/wp-content\/uploads\/2024\/03\/Sachets-diamants.webp\",\"datePublished\":\"2024-03-01T15:49:20+00:00\",\"dateModified\":\"2026-04-03T00:20:18+00:00\",\"description\":\"Transparente Diamantt\u00fcte mit doppelter Seitenfalte, ideal f\u00fcr Schokolade, Obst oder Blumen. Packung mit 50 St\u00fcck f\u00fcr eine elegante und stabile Verpackung.\",\"breadcrumb\":{\"@id\":\"https:\/\/www.csj-emballages.com\/de\/produit\/50-transparente-diamantbeutel-110-4-faltenbaelge-von-50-mm-x-600-mm\/#breadcrumb\"},\"inLanguage\":\"de\",\"potentialAction\":[{\"@type\":\"ReadAction\",\"target\":[\"https:\/\/www.csj-emballages.com\/de\/produit\/50-transparente-diamantbeutel-110-4-faltenbaelge-von-50-mm-x-600-mm\/\"]}]},{\"@type\":\"ImageObject\",\"inLanguage\":\"de\",\"@id\":\"https:\/\/www.csj-emballages.com\/de\/produit\/50-transparente-diamantbeutel-110-4-faltenbaelge-von-50-mm-x-600-mm\/#primaryimage\",\"url\":\"https:\/\/www.csj-emballages.com\/wp-content\/uploads\/2024\/03\/Sachets-diamants.webp\",\"contentUrl\":\"https:\/\/www.csj-emballages.com\/wp-content\/uploads\/2024\/03\/Sachets-diamants.webp\",\"width\":800,\"height\":800,\"caption\":\"Sachet diamant\"},{\"@type\":\"BreadcrumbList\",\"@id\":\"https:\/\/www.csj-emballages.com\/de\/produit\/50-transparente-diamantbeutel-110-4-faltenbaelge-von-50-mm-x-600-mm\/#breadcrumb\",\"itemListElement\":[{\"@type\":\"ListItem\",\"position\":1,\"name\":\"Accueil\",\"item\":\"https:\/\/www.csj-emballages.com\/de\/universum-lebensmittelverpackungen\/\"},{\"@type\":\"ListItem\",\"position\":2,\"name\":\"Shop\",\"item\":\"https:\/\/www.csj-emballages.com\/shop\/\"},{\"@type\":\"ListItem\",\"position\":3,\"name\":\"Durchsichtiger Diamantbeutel 110 + (4 Faltenb\u00e4lge \u00e0 50 mm) x 600 mm per 50\"}]},{\"@type\":\"WebSite\",\"@id\":\"https:\/\/www.csj-emballages.com\/de\/#website\",\"url\":\"https:\/\/www.csj-emballages.com\/de\/\",\"name\":\"CSJ Emballages\",\"description\":\"\",\"publisher\":{\"@id\":\"https:\/\/www.csj-emballages.com\/de\/#organization\"},\"potentialAction\":[{\"@type\":\"SearchAction\",\"target\":{\"@type\":\"EntryPoint\",\"urlTemplate\":\"https:\/\/www.csj-emballages.com\/de\/?s={search_term_string}\"},\"query-input\":{\"@type\":\"PropertyValueSpecification\",\"valueRequired\":true,\"valueName\":\"search_term_string\"}}],\"inLanguage\":\"de\"},{\"@type\":\"Organization\",\"@id\":\"https:\/\/www.csj-emballages.com\/de\/#Organization\/\",\"name\":\"CSJ Emballages\",\"url\":\"https:\/\/www.csj-emballages.com\/de\/\",\"logo\":{\"@type\":\"ImageObject\",\"inLanguage\":\"de\",\"@id\":\"https:\/\/www.csj-emballages.com\/de\/#\/schema\/logo\/image\/\",\"url\":\"https:\/\/www.csj-emballages.com\/wp-content\/uploads\/2023\/10\/logo_csj.webp\",\"contentUrl\":\"https:\/\/www.csj-emballages.com\/wp-content\/uploads\/2023\/10\/logo_csj.webp\",\"width\":250,\"height\":95,\"caption\":\"CSJ Emballages\"},\"image\":{\"@id\":\"https:\/\/www.csj-emballages.com\/de\/#\/schema\/logo\/image\/\"},\"sameAs\":[\"https:\/\/www.facebook.com\/csjemballages\"],\"address\":{\"@type\":\"PostalAddress\",\"streetAddress\":\"ZI La Lechere\",\"addressLocality\":\"Patornay\",\"postalCode\":\"39130\",\"addressCountry\":\"FR\"},\"contactPoint\":[{\"@type\":\"ContactPoint\",\"contactType\":\"Service client\",\"telephone\":\"0384254272\",\"email\":\"contact@csj-emballages.com\"}]}]}<\/script>\n<!-- \/ Yoast SEO Premium plugin. -->","yoast_head_json":{"title":"Beutel Diamant 110 + (4 Faltenb\u00e4lge \u00e0 50 mm) x 600 mm","description":"Transparente Diamantt\u00fcte mit doppelter Seitenfalte, ideal f\u00fcr Schokolade, Obst oder Blumen. Packung mit 50 St\u00fcck f\u00fcr eine elegante und stabile Verpackung.","robots":{"index":"index","follow":"follow","max-snippet":"max-snippet:-1","max-image-preview":"max-image-preview:large","max-video-preview":"max-video-preview:-1"},"canonical":"https:\/\/www.csj-emballages.com\/de\/produit\/50-transparente-diamantbeutel-110-4-faltenbaelge-von-50-mm-x-600-mm\/","og_locale":"de_DE","og_type":"article","og_title":"Durchsichtiger Diamantbeutel 110 + (4 Faltenb\u00e4lge \u00e0 50 mm) x 600 mm per 50","og_description":"Transparente Diamantt\u00fcte mit doppelter Seitenfalte, ideal f\u00fcr Schokolade, Obst oder Blumen. Packung mit 50 St\u00fcck f\u00fcr eine elegante und stabile Verpackung.","og_url":"https:\/\/www.csj-emballages.com\/de\/produit\/50-transparente-diamantbeutel-110-4-faltenbaelge-von-50-mm-x-600-mm\/","og_site_name":"CSJ Emballages","article_publisher":"https:\/\/www.facebook.com\/csjemballages","article_modified_time":"2026-04-03T00:20:18+00:00","og_image":[{"width":800,"height":800,"url":"https:\/\/www.csj-emballages.com\/wp-content\/uploads\/2024\/03\/Sachets-diamants.webp","type":"image\/webp"}],"twitter_card":"summary_large_image","twitter_misc":{"Gesch\u00e4tzte Lesezeit":"2 Minuten"},"schema":{"@context":"https:\/\/schema.org","@graph":[{"@type":"WebPage","@id":"https:\/\/www.csj-emballages.com\/de\/produit\/50-transparente-diamantbeutel-110-4-faltenbaelge-von-50-mm-x-600-mm\/","url":"https:\/\/www.csj-emballages.com\/de\/produit\/50-transparente-diamantbeutel-110-4-faltenbaelge-von-50-mm-x-600-mm\/","name":"Beutel Diamant 110 + (4 Faltenb\u00e4lge \u00e0 50 mm) x 600 mm","isPartOf":{"@id":"https:\/\/www.csj-emballages.com\/de\/#website"},"primaryImageOfPage":{"@id":"https:\/\/www.csj-emballages.com\/de\/produit\/50-transparente-diamantbeutel-110-4-faltenbaelge-von-50-mm-x-600-mm\/#primaryimage"},"image":{"@id":"https:\/\/www.csj-emballages.com\/de\/produit\/50-transparente-diamantbeutel-110-4-faltenbaelge-von-50-mm-x-600-mm\/#primaryimage"},"thumbnailUrl":"https:\/\/www.csj-emballages.com\/wp-content\/uploads\/2024\/03\/Sachets-diamants.webp","datePublished":"2024-03-01T15:49:20+00:00","dateModified":"2026-04-03T00:20:18+00:00","description":"Transparente Diamantt\u00fcte mit doppelter Seitenfalte, ideal f\u00fcr Schokolade, Obst oder Blumen. Packung mit 50 St\u00fcck f\u00fcr eine elegante und stabile Verpackung.","breadcrumb":{"@id":"https:\/\/www.csj-emballages.com\/de\/produit\/50-transparente-diamantbeutel-110-4-faltenbaelge-von-50-mm-x-600-mm\/#breadcrumb"},"inLanguage":"de","potentialAction":[{"@type":"ReadAction","target":["https:\/\/www.csj-emballages.com\/de\/produit\/50-transparente-diamantbeutel-110-4-faltenbaelge-von-50-mm-x-600-mm\/"]}]},{"@type":"ImageObject","inLanguage":"de","@id":"https:\/\/www.csj-emballages.com\/de\/produit\/50-transparente-diamantbeutel-110-4-faltenbaelge-von-50-mm-x-600-mm\/#primaryimage","url":"https:\/\/www.csj-emballages.com\/wp-content\/uploads\/2024\/03\/Sachets-diamants.webp","contentUrl":"https:\/\/www.csj-emballages.com\/wp-content\/uploads\/2024\/03\/Sachets-diamants.webp","width":800,"height":800,"caption":"Sachet diamant"},{"@type":"BreadcrumbList","@id":"https:\/\/www.csj-emballages.com\/de\/produit\/50-transparente-diamantbeutel-110-4-faltenbaelge-von-50-mm-x-600-mm\/#breadcrumb","itemListElement":[{"@type":"ListItem","position":1,"name":"Accueil","item":"https:\/\/www.csj-emballages.com\/de\/universum-lebensmittelverpackungen\/"},{"@type":"ListItem","position":2,"name":"Shop","item":"https:\/\/www.csj-emballages.com\/shop\/"},{"@type":"ListItem","position":3,"name":"Durchsichtiger Diamantbeutel 110 + (4 Faltenb\u00e4lge \u00e0 50 mm) x 600 mm per 50"}]},{"@type":"WebSite","@id":"https:\/\/www.csj-emballages.com\/de\/#website","url":"https:\/\/www.csj-emballages.com\/de\/","name":"CSJ Emballages","description":"","publisher":{"@id":"https:\/\/www.csj-emballages.com\/de\/#organization"},"potentialAction":[{"@type":"SearchAction","target":{"@type":"EntryPoint","urlTemplate":"https:\/\/www.csj-emballages.com\/de\/?s={search_term_string}"},"query-input":{"@type":"PropertyValueSpecification","valueRequired":true,"valueName":"search_term_string"}}],"inLanguage":"de"},{"@type":"Organization","@id":"https:\/\/www.csj-emballages.com\/de\/#Organization\/","name":"CSJ Emballages","url":"https:\/\/www.csj-emballages.com\/de\/","logo":{"@type":"ImageObject","inLanguage":"de","@id":"https:\/\/www.csj-emballages.com\/de\/#\/schema\/logo\/image\/","url":"https:\/\/www.csj-emballages.com\/wp-content\/uploads\/2023\/10\/logo_csj.webp","contentUrl":"https:\/\/www.csj-emballages.com\/wp-content\/uploads\/2023\/10\/logo_csj.webp","width":250,"height":95,"caption":"CSJ Emballages"},"image":{"@id":"https:\/\/www.csj-emballages.com\/de\/#\/schema\/logo\/image\/"},"sameAs":["https:\/\/www.facebook.com\/csjemballages"],"address":{"@type":"PostalAddress","streetAddress":"ZI La Lechere","addressLocality":"Patornay","postalCode":"39130","addressCountry":"FR"},"contactPoint":[{"@type":"ContactPoint","contactType":"Service client","telephone":"0384254272","email":"contact@csj-emballages.com"}]}]}},"df_price":10.91,"df_sale_price":"","df_regular_price":10.91,"df_image_link":"https:\/\/www.csj-emballages.com\/wp-content\/uploads\/2024\/03\/Sachets-diamants-300x300.webp","tiered_pricing_type":"fixed","tiered_pricing_fixed_rules":[],"tiered_pricing_percentage_rules":[],"tiered_pricing_minimum":1,"tiered_pricing_roles_data":[],"_links":{"self":[{"href":"https:\/\/www.csj-emballages.com\/de\/wp-json\/wp\/v2\/product\/23406","targetHints":{"allow":["GET"]}}],"collection":[{"href":"https:\/\/www.csj-emballages.com\/de\/wp-json\/wp\/v2\/product"}],"about":[{"href":"https:\/\/www.csj-emballages.com\/de\/wp-json\/wp\/v2\/types\/product"}],"wp:featuredmedia":[{"embeddable":true,"href":"https:\/\/www.csj-emballages.com\/de\/wp-json\/wp\/v2\/media\/243431"}],"wp:attachment":[{"href":"https:\/\/www.csj-emballages.com\/de\/wp-json\/wp\/v2\/media?parent=23406"}],"wp:term":[{"taxonomy":"product_brand","embeddable":true,"href":"https:\/\/www.csj-emballages.com\/de\/wp-json\/wp\/v2\/product_brand?post=23406"},{"taxonomy":"product_cat","embeddable":true,"href":"https:\/\/www.csj-emballages.com\/de\/wp-json\/wp\/v2\/product_cat?post=23406"},{"taxonomy":"product_tag","embeddable":true,"href":"https:\/\/www.csj-emballages.com\/de\/wp-json\/wp\/v2\/product_tag?post=23406"}],"curies":[{"name":"wp","href":"https:\/\/api.w.org\/{rel}","templated":true}]}}