{"id":23395,"date":"2024-03-01T16:49:20","date_gmt":"2024-03-01T15:49:20","guid":{"rendered":"https:\/\/u15jnbdpoq.preview.infomaniak.website\/produit\/100-beutel-suesswaren-spitze-gold-120-x-260-mm\/"},"modified":"2026-04-03T02:20:17","modified_gmt":"2026-04-03T00:20:17","slug":"100-beutel-suesswaren-spitze-gold-120-x-260-mm","status":"publish","type":"product","link":"https:\/\/www.csj-emballages.com\/de\/produit\/100-beutel-suesswaren-spitze-gold-120-x-260-mm\/","title":{"rendered":"S\u00fc\u00dfwarenbeutel Spitze Gold 120 x 260 mm pro 100"},"content":{"rendered":"<h2 class=\"p1\">S\u00fc\u00dfwarenbeutel<\/h2>\n<hr>\n<h3>Beschreibung von unserem S\u00fc\u00dfwarenbeutel Spitze Gold 120 x 260 mm pro 100<\/h3>\n<p><!--more--><\/p>\n<p data-start=\"0\" data-end=\"481\">Setzen Sie Ihre s\u00fc\u00dfen K\u00f6stlichkeiten ins rechte Licht mit diesem <strong data-start=\"69\" data-end=\"124\">S\u00fc\u00dfwarenbeutel Spitze Gold 120 x 260 mm pro 100 St\u00fcck<\/strong>, einer Verpackung, die <strong data-start=\"149\" data-end=\"161\">Eleganz<\/strong> und <strong data-start=\"165\" data-end=\"178\">Praktikabilit\u00e4t<\/strong> vereint. Das <strong data-start=\"184\" data-end=\"216\">ikonische und zeitlose Muster<\/strong> aus <strong data-start=\"220\" data-end=\"235\">goldener Spitze<\/strong> l\u00e4sst Kekse, Schokolade, Dragees, Nougat oder feine Backwaren sofort erstrahlen. Dank ihrer raffinierten Transparenz mit <strong>Golddekor<\/strong> wertet sie Ihre Feinschmeckerkreationen auf und schafft gleichzeitig einen &#8222;Geschenkeffekt&#8220;, der auf den ersten Blick verf\u00fchrt.  <\/p>\n<p data-start=\"483\" data-end=\"1076\">Dieser <strong data-start=\"517\" data-end=\"540\">Formbodenbeutel<\/strong> ist f\u00fcr den professionellen Gebrauch gedacht und sorgt f\u00fcr eine <strong>sch\u00f6ne<\/strong> <strong data-start=\"552\" data-end=\"577\">Pr\u00e4sentation<\/strong>: Ihre Produkte stehen perfekt aufrecht, egal ob sie im Gesch\u00e4ft verkauft, an einem Stand ausgestellt oder bei einer Veranstaltung verschenkt werden. Dank seines <strong data-start=\"714\" data-end=\"729\">festen Bodens<\/strong> garantiert er eine ideale <strong data-start=\"743\" data-end=\"756\">Stabilit\u00e4t<\/strong>, selbst bei empfindlichen St\u00fccken oder schwereren Sortimenten. Dar\u00fcber hinaus ist die Weiterentwicklung des Materials ein echter Pluspunkt: Fr\u00fcher bestand der Boden aus Karton, heute aus <strong data-start=\"936\" data-end=\"967\">Polypropylen<\/strong> aus <strong data-start=\"936\" data-end=\"967\">einem einzigen Material<\/strong>. Eine verantwortungsvolle Entscheidung, die den Beutel <strong data-start=\"1009\" data-end=\"1023\">recycelbar<\/strong> macht und den Zielen des <strong data-start=\"1056\" data-end=\"1073\">AGEC 2025<\/strong> entspricht.  <\/p>\n<p data-start=\"1078\" data-end=\"1502\">Im Alltag werden Sie seine <strong data-start=\"1112\" data-end=\"1127\">Vielseitigkeit<\/strong> zu sch\u00e4tzen wissen. Ob handwerklich hergestellte S\u00fc\u00dfwaren, selbstgebackene Kekse oder kleine Geschenke, dieser Beutel ist perfekt auf die Bed\u00fcrfnisse von <strong data-start=\"1275\" data-end=\"1290\">Keks-<\/strong> und <strong data-start=\"1310\" data-end=\"1324\">Schokoladenherstellern<\/strong>, Zuckerb\u00e4ckern, <strong data-start=\"1326\" data-end=\"1340\">Drageeherstellern<\/strong>, <strong data-start=\"1342\" data-end=\"1356\">Nougatherstellern<\/strong> und <strong data-start=\"1360\" data-end=\"1374\">Konditoren<\/strong> zugeschnitten. Au\u00dferdem ist sein Design <strong data-start=\"1394\" data-end=\"1425\">f\u00fcr den Kontakt mit Lebensmitteln geeignet<\/strong>, wodurch ein einwandfreier Schutz und die Einhaltung der Hygienestandards gew\u00e4hrleistet sind.  <\/p>\n<p data-start=\"1504\" data-end=\"1922\">Wenn Sie sich f\u00fcr diesen <strong>Plastikbeutel<\/strong> entscheiden, verbinden Sie <strong data-start=\"1544\" data-end=\"1559\">Raffinesse<\/strong>, <strong data-start=\"1561\" data-end=\"1585\">Lebensmittelsicherheit<\/strong> und <strong data-start=\"1589\" data-end=\"1616\">umweltbewusstes Handeln<\/strong>. Er wird schnell zu einem unverzichtbaren Bestandteil Ihres Verpackungssortiments werden und Ihren Kunden ein harmonisches Seh- und Geschmackserlebnis bieten. Entscheiden Sie sich noch heute f\u00fcr den <strong data-start=\"1787\" data-end=\"1821\">goldenen Spitzenbeutel<\/strong> f\u00fcr <strong data-start=\"1787\" data-end=\"1821\">S\u00fc\u00dfwaren<\/strong>, der f\u00fcr Qualit\u00e4t und Modernit\u00e4t steht, und geben Sie Ihren Kreationen die Inszenierung, die sie verdienen.  <\/p>\n<p data-start=\"1367\" data-end=\"1669\"><!--more--><\/p>\n<h4 data-start=\"1367\" data-end=\"1669\">Vorteile :<\/h4>\n<ul>\n<li data-start=\"1367\" data-end=\"1669\">Schickes und zeitloses <strong data-start=\"2138\" data-end=\"2159\">Spitzenmuster in Gold<\/strong> f\u00fcr einen eleganten Auftritt.<\/li>\n<li data-start=\"1367\" data-end=\"1669\"><strong data-start=\"2216\" data-end=\"2237\">Starrer geformter Boden<\/strong> bietet Stabilit\u00e4t und eine gepflegte Pr\u00e4sentation.<\/li>\n<li data-start=\"1367\" data-end=\"1669\"><strong data-start=\"2284\" data-end=\"2315\">Polypropylen-Mono-Material<\/strong>, vollst\u00e4ndig <strong data-start=\"2329\" data-end=\"2343\">recycelbar<\/strong> und AGEC 2025-konform.<\/li>\n<li data-start=\"1367\" data-end=\"1669\"><strong data-start=\"2370\" data-end=\"2402\">Geeignet f\u00fcr den Kontakt mit Lebensmitteln<\/strong>, ideal f\u00fcr Chocolatiers, Biskuithersteller und Konditoren.<\/li>\n<\/ul>\n<p>&nbsp;<\/p>\n<p><!--more--><\/p>\n<h4>Weitere Informationen :<\/h4>\n<ul>\n<li><strong>Verpackung<\/strong>: Packung mit 100 St\u00fcck<\/li>\n<li><strong>Ma\u00dfe<\/strong>: 120 x 260 mm<\/li>\n<li><strong>Farbe<\/strong>: Transparent \/ Gold<\/li>\n<li><strong>Material<\/strong>: OPP<\/li>\n<li><strong>Dicke<\/strong>: 35 Mikron<\/li>\n<\/ul>\n<p>&nbsp;<\/p>\n<p><!--more--><\/p>\n<p>Dieser Plastikbeutel ist in einer kleineren Gr\u00f6\u00dfe erh\u00e4ltlich : <span style=\"color: #d12727;\"><a style=\"color: #d12727;\" href=\"https:\/\/www.csj-emballages.com\/produit\/100-sachets-confiseries-dentelle-or-100-x-220-mm\/\">100 x 220 mm<\/a><\/span><\/p>\n<p>&nbsp;<\/p>\n<p><!--more--><\/p>\n<p>Finden Sie diesen Beutel auch in wei\u00dfer Farbe : <span style=\"color: #d12727;\"><a style=\"color: #d12727;\" href=\"https:\/\/www.csj-emballages.com\/de\/produit\/100-beutel-mit-weisser-spitze-120-x-260-mm\/\">SDENTELLEBLT2<\/a><\/span><\/p>\n<p>&nbsp;<\/p>\n<p><!--more--><\/p>\n<p><a href=\"https:\/\/www.csj-emballages.com\/de\/categorie-produit\/lebensmittelverpackungen\/backerei-und-konditorei\/sacke-beutel-und-papier\/beutel-fur-suswaren\/themenbeutel\/klassische-beutel\/\">Sehen Sie sich den Rest unseres Sortiments an klassischen S\u00fc\u00dfwarenbeuteln an<\/a><\/p>\n","protected":false},"excerpt":{"rendered":"<p>S\u00fc\u00dfwarenbeutel Beschreibung von unserem S\u00fc\u00dfwarenbeutel Spitze Gold 120 x 260 mm pro 100<\/p>\n","protected":false},"featured_media":243469,"template":"","meta":{"_acf_changed":false},"product_brand":[],"product_cat":[1137,1171,1678,1692,1487],"product_tag":[],"class_list":{"0":"post-23395","1":"product","2":"type-product","3":"status-publish","4":"has-post-thumbnail","6":"product_cat-lebensmittelverpackungen","7":"product_cat-backerei-und-konditorei","8":"product_cat-beutel-fur-suswaren","9":"product_cat-klassische-beutel","10":"product_cat-boutique-und-geschaft","12":"first","13":"instock","14":"taxable","15":"shipping-taxable","16":"purchasable","17":"product-type-simple"},"acf":[],"yoast_head":"<!-- This site is optimized with the Yoast SEO Premium plugin v26.6 (Yoast SEO v26.6) - https:\/\/yoast.com\/wordpress\/plugins\/seo\/ -->\n<title>Beutel S\u00fc\u00dfigkeiten Goldene Spitze 120 x 260 mm pro 100<\/title>\n<meta name=\"description\" content=\"Wiederverwertbarer S\u00fc\u00dfwarenbeutel mit goldener Spitze 120 x 260 mm, fester und eleganter Boden, um Kekse, Schokolade und handgemachte S\u00fc\u00dfigkeiten zu veredeln.\" \/>\n<meta name=\"robots\" content=\"index, follow, max-snippet:-1, max-image-preview:large, max-video-preview:-1\" \/>\n<link rel=\"canonical\" href=\"https:\/\/www.csj-emballages.com\/de\/produit\/100-beutel-suesswaren-spitze-gold-120-x-260-mm\/\" \/>\n<meta property=\"og:locale\" content=\"de_DE\" \/>\n<meta property=\"og:type\" content=\"article\" \/>\n<meta property=\"og:title\" content=\"S\u00fc\u00dfwarenbeutel Spitze Gold 120 x 260 mm pro 100\" \/>\n<meta property=\"og:description\" content=\"Wiederverwertbarer S\u00fc\u00dfwarenbeutel mit goldener Spitze 120 x 260 mm, fester und eleganter Boden, um Kekse, Schokolade und handgemachte S\u00fc\u00dfigkeiten zu veredeln.\" \/>\n<meta property=\"og:url\" content=\"https:\/\/www.csj-emballages.com\/de\/produit\/100-beutel-suesswaren-spitze-gold-120-x-260-mm\/\" \/>\n<meta property=\"og:site_name\" content=\"CSJ Emballages\" \/>\n<meta property=\"article:publisher\" content=\"https:\/\/www.facebook.com\/csjemballages\" \/>\n<meta property=\"article:modified_time\" content=\"2026-04-03T00:20:17+00:00\" \/>\n<meta property=\"og:image\" content=\"https:\/\/www.csj-emballages.com\/wp-content\/uploads\/2025\/09\/Sachets-classiques.webp\" \/>\n\t<meta property=\"og:image:width\" content=\"800\" \/>\n\t<meta property=\"og:image:height\" content=\"800\" \/>\n\t<meta property=\"og:image:type\" content=\"image\/webp\" \/>\n<meta name=\"twitter:card\" content=\"summary_large_image\" \/>\n<meta name=\"twitter:label1\" content=\"Gesch\u00e4tzte Lesezeit\" \/>\n\t<meta name=\"twitter:data1\" content=\"2 Minuten\" \/>\n<script type=\"application\/ld+json\" class=\"yoast-schema-graph\">{\"@context\":\"https:\/\/schema.org\",\"@graph\":[{\"@type\":\"WebPage\",\"@id\":\"https:\/\/www.csj-emballages.com\/de\/produit\/100-beutel-suesswaren-spitze-gold-120-x-260-mm\/\",\"url\":\"https:\/\/www.csj-emballages.com\/de\/produit\/100-beutel-suesswaren-spitze-gold-120-x-260-mm\/\",\"name\":\"Beutel S\u00fc\u00dfigkeiten Goldene Spitze 120 x 260 mm pro 100\",\"isPartOf\":{\"@id\":\"https:\/\/www.csj-emballages.com\/de\/#website\"},\"primaryImageOfPage\":{\"@id\":\"https:\/\/www.csj-emballages.com\/de\/produit\/100-beutel-suesswaren-spitze-gold-120-x-260-mm\/#primaryimage\"},\"image\":{\"@id\":\"https:\/\/www.csj-emballages.com\/de\/produit\/100-beutel-suesswaren-spitze-gold-120-x-260-mm\/#primaryimage\"},\"thumbnailUrl\":\"https:\/\/www.csj-emballages.com\/wp-content\/uploads\/2025\/09\/Sachets-classiques.webp\",\"datePublished\":\"2024-03-01T15:49:20+00:00\",\"dateModified\":\"2026-04-03T00:20:17+00:00\",\"description\":\"Wiederverwertbarer S\u00fc\u00dfwarenbeutel mit goldener Spitze 120 x 260 mm, fester und eleganter Boden, um Kekse, Schokolade und handgemachte S\u00fc\u00dfigkeiten zu veredeln.\",\"breadcrumb\":{\"@id\":\"https:\/\/www.csj-emballages.com\/de\/produit\/100-beutel-suesswaren-spitze-gold-120-x-260-mm\/#breadcrumb\"},\"inLanguage\":\"de\",\"potentialAction\":[{\"@type\":\"ReadAction\",\"target\":[\"https:\/\/www.csj-emballages.com\/de\/produit\/100-beutel-suesswaren-spitze-gold-120-x-260-mm\/\"]}]},{\"@type\":\"ImageObject\",\"inLanguage\":\"de\",\"@id\":\"https:\/\/www.csj-emballages.com\/de\/produit\/100-beutel-suesswaren-spitze-gold-120-x-260-mm\/#primaryimage\",\"url\":\"https:\/\/www.csj-emballages.com\/wp-content\/uploads\/2025\/09\/Sachets-classiques.webp\",\"contentUrl\":\"https:\/\/www.csj-emballages.com\/wp-content\/uploads\/2025\/09\/Sachets-classiques.webp\",\"width\":800,\"height\":800,\"caption\":\"Sachets classiques\"},{\"@type\":\"BreadcrumbList\",\"@id\":\"https:\/\/www.csj-emballages.com\/de\/produit\/100-beutel-suesswaren-spitze-gold-120-x-260-mm\/#breadcrumb\",\"itemListElement\":[{\"@type\":\"ListItem\",\"position\":1,\"name\":\"Accueil\",\"item\":\"https:\/\/www.csj-emballages.com\/de\/universum-lebensmittelverpackungen\/\"},{\"@type\":\"ListItem\",\"position\":2,\"name\":\"Shop\",\"item\":\"https:\/\/www.csj-emballages.com\/shop\/\"},{\"@type\":\"ListItem\",\"position\":3,\"name\":\"S\u00fc\u00dfwarenbeutel Spitze Gold 120 x 260 mm pro 100\"}]},{\"@type\":\"WebSite\",\"@id\":\"https:\/\/www.csj-emballages.com\/de\/#website\",\"url\":\"https:\/\/www.csj-emballages.com\/de\/\",\"name\":\"CSJ Emballages\",\"description\":\"\",\"publisher\":{\"@id\":\"https:\/\/www.csj-emballages.com\/de\/#organization\"},\"potentialAction\":[{\"@type\":\"SearchAction\",\"target\":{\"@type\":\"EntryPoint\",\"urlTemplate\":\"https:\/\/www.csj-emballages.com\/de\/?s={search_term_string}\"},\"query-input\":{\"@type\":\"PropertyValueSpecification\",\"valueRequired\":true,\"valueName\":\"search_term_string\"}}],\"inLanguage\":\"de\"},{\"@type\":\"Organization\",\"@id\":\"https:\/\/www.csj-emballages.com\/de\/#Organization\/\",\"name\":\"CSJ Emballages\",\"url\":\"https:\/\/www.csj-emballages.com\/de\/\",\"logo\":{\"@type\":\"ImageObject\",\"inLanguage\":\"de\",\"@id\":\"https:\/\/www.csj-emballages.com\/de\/#\/schema\/logo\/image\/\",\"url\":\"https:\/\/www.csj-emballages.com\/wp-content\/uploads\/2023\/10\/logo_csj.webp\",\"contentUrl\":\"https:\/\/www.csj-emballages.com\/wp-content\/uploads\/2023\/10\/logo_csj.webp\",\"width\":250,\"height\":95,\"caption\":\"CSJ Emballages\"},\"image\":{\"@id\":\"https:\/\/www.csj-emballages.com\/de\/#\/schema\/logo\/image\/\"},\"sameAs\":[\"https:\/\/www.facebook.com\/csjemballages\"],\"address\":{\"@type\":\"PostalAddress\",\"streetAddress\":\"ZI La Lechere\",\"addressLocality\":\"Patornay\",\"postalCode\":\"39130\",\"addressCountry\":\"FR\"},\"contactPoint\":[{\"@type\":\"ContactPoint\",\"contactType\":\"Service client\",\"telephone\":\"0384254272\",\"email\":\"contact@csj-emballages.com\"}]}]}<\/script>\n<!-- \/ Yoast SEO Premium plugin. -->","yoast_head_json":{"title":"Beutel S\u00fc\u00dfigkeiten Goldene Spitze 120 x 260 mm pro 100","description":"Wiederverwertbarer S\u00fc\u00dfwarenbeutel mit goldener Spitze 120 x 260 mm, fester und eleganter Boden, um Kekse, Schokolade und handgemachte S\u00fc\u00dfigkeiten zu veredeln.","robots":{"index":"index","follow":"follow","max-snippet":"max-snippet:-1","max-image-preview":"max-image-preview:large","max-video-preview":"max-video-preview:-1"},"canonical":"https:\/\/www.csj-emballages.com\/de\/produit\/100-beutel-suesswaren-spitze-gold-120-x-260-mm\/","og_locale":"de_DE","og_type":"article","og_title":"S\u00fc\u00dfwarenbeutel Spitze Gold 120 x 260 mm pro 100","og_description":"Wiederverwertbarer S\u00fc\u00dfwarenbeutel mit goldener Spitze 120 x 260 mm, fester und eleganter Boden, um Kekse, Schokolade und handgemachte S\u00fc\u00dfigkeiten zu veredeln.","og_url":"https:\/\/www.csj-emballages.com\/de\/produit\/100-beutel-suesswaren-spitze-gold-120-x-260-mm\/","og_site_name":"CSJ Emballages","article_publisher":"https:\/\/www.facebook.com\/csjemballages","article_modified_time":"2026-04-03T00:20:17+00:00","og_image":[{"width":800,"height":800,"url":"https:\/\/www.csj-emballages.com\/wp-content\/uploads\/2025\/09\/Sachets-classiques.webp","type":"image\/webp"}],"twitter_card":"summary_large_image","twitter_misc":{"Gesch\u00e4tzte Lesezeit":"2 Minuten"},"schema":{"@context":"https:\/\/schema.org","@graph":[{"@type":"WebPage","@id":"https:\/\/www.csj-emballages.com\/de\/produit\/100-beutel-suesswaren-spitze-gold-120-x-260-mm\/","url":"https:\/\/www.csj-emballages.com\/de\/produit\/100-beutel-suesswaren-spitze-gold-120-x-260-mm\/","name":"Beutel S\u00fc\u00dfigkeiten Goldene Spitze 120 x 260 mm pro 100","isPartOf":{"@id":"https:\/\/www.csj-emballages.com\/de\/#website"},"primaryImageOfPage":{"@id":"https:\/\/www.csj-emballages.com\/de\/produit\/100-beutel-suesswaren-spitze-gold-120-x-260-mm\/#primaryimage"},"image":{"@id":"https:\/\/www.csj-emballages.com\/de\/produit\/100-beutel-suesswaren-spitze-gold-120-x-260-mm\/#primaryimage"},"thumbnailUrl":"https:\/\/www.csj-emballages.com\/wp-content\/uploads\/2025\/09\/Sachets-classiques.webp","datePublished":"2024-03-01T15:49:20+00:00","dateModified":"2026-04-03T00:20:17+00:00","description":"Wiederverwertbarer S\u00fc\u00dfwarenbeutel mit goldener Spitze 120 x 260 mm, fester und eleganter Boden, um Kekse, Schokolade und handgemachte S\u00fc\u00dfigkeiten zu veredeln.","breadcrumb":{"@id":"https:\/\/www.csj-emballages.com\/de\/produit\/100-beutel-suesswaren-spitze-gold-120-x-260-mm\/#breadcrumb"},"inLanguage":"de","potentialAction":[{"@type":"ReadAction","target":["https:\/\/www.csj-emballages.com\/de\/produit\/100-beutel-suesswaren-spitze-gold-120-x-260-mm\/"]}]},{"@type":"ImageObject","inLanguage":"de","@id":"https:\/\/www.csj-emballages.com\/de\/produit\/100-beutel-suesswaren-spitze-gold-120-x-260-mm\/#primaryimage","url":"https:\/\/www.csj-emballages.com\/wp-content\/uploads\/2025\/09\/Sachets-classiques.webp","contentUrl":"https:\/\/www.csj-emballages.com\/wp-content\/uploads\/2025\/09\/Sachets-classiques.webp","width":800,"height":800,"caption":"Sachets classiques"},{"@type":"BreadcrumbList","@id":"https:\/\/www.csj-emballages.com\/de\/produit\/100-beutel-suesswaren-spitze-gold-120-x-260-mm\/#breadcrumb","itemListElement":[{"@type":"ListItem","position":1,"name":"Accueil","item":"https:\/\/www.csj-emballages.com\/de\/universum-lebensmittelverpackungen\/"},{"@type":"ListItem","position":2,"name":"Shop","item":"https:\/\/www.csj-emballages.com\/shop\/"},{"@type":"ListItem","position":3,"name":"S\u00fc\u00dfwarenbeutel Spitze Gold 120 x 260 mm pro 100"}]},{"@type":"WebSite","@id":"https:\/\/www.csj-emballages.com\/de\/#website","url":"https:\/\/www.csj-emballages.com\/de\/","name":"CSJ Emballages","description":"","publisher":{"@id":"https:\/\/www.csj-emballages.com\/de\/#organization"},"potentialAction":[{"@type":"SearchAction","target":{"@type":"EntryPoint","urlTemplate":"https:\/\/www.csj-emballages.com\/de\/?s={search_term_string}"},"query-input":{"@type":"PropertyValueSpecification","valueRequired":true,"valueName":"search_term_string"}}],"inLanguage":"de"},{"@type":"Organization","@id":"https:\/\/www.csj-emballages.com\/de\/#Organization\/","name":"CSJ Emballages","url":"https:\/\/www.csj-emballages.com\/de\/","logo":{"@type":"ImageObject","inLanguage":"de","@id":"https:\/\/www.csj-emballages.com\/de\/#\/schema\/logo\/image\/","url":"https:\/\/www.csj-emballages.com\/wp-content\/uploads\/2023\/10\/logo_csj.webp","contentUrl":"https:\/\/www.csj-emballages.com\/wp-content\/uploads\/2023\/10\/logo_csj.webp","width":250,"height":95,"caption":"CSJ Emballages"},"image":{"@id":"https:\/\/www.csj-emballages.com\/de\/#\/schema\/logo\/image\/"},"sameAs":["https:\/\/www.facebook.com\/csjemballages"],"address":{"@type":"PostalAddress","streetAddress":"ZI La Lechere","addressLocality":"Patornay","postalCode":"39130","addressCountry":"FR"},"contactPoint":[{"@type":"ContactPoint","contactType":"Service client","telephone":"0384254272","email":"contact@csj-emballages.com"}]}]}},"df_price":17.1,"df_sale_price":"","df_regular_price":17.1,"df_image_link":"https:\/\/www.csj-emballages.com\/wp-content\/uploads\/2025\/09\/Sachets-classiques-300x300.webp","tiered_pricing_type":"fixed","tiered_pricing_fixed_rules":[],"tiered_pricing_percentage_rules":[],"tiered_pricing_minimum":1,"tiered_pricing_roles_data":[],"_links":{"self":[{"href":"https:\/\/www.csj-emballages.com\/de\/wp-json\/wp\/v2\/product\/23395","targetHints":{"allow":["GET"]}}],"collection":[{"href":"https:\/\/www.csj-emballages.com\/de\/wp-json\/wp\/v2\/product"}],"about":[{"href":"https:\/\/www.csj-emballages.com\/de\/wp-json\/wp\/v2\/types\/product"}],"wp:featuredmedia":[{"embeddable":true,"href":"https:\/\/www.csj-emballages.com\/de\/wp-json\/wp\/v2\/media\/243469"}],"wp:attachment":[{"href":"https:\/\/www.csj-emballages.com\/de\/wp-json\/wp\/v2\/media?parent=23395"}],"wp:term":[{"taxonomy":"product_brand","embeddable":true,"href":"https:\/\/www.csj-emballages.com\/de\/wp-json\/wp\/v2\/product_brand?post=23395"},{"taxonomy":"product_cat","embeddable":true,"href":"https:\/\/www.csj-emballages.com\/de\/wp-json\/wp\/v2\/product_cat?post=23395"},{"taxonomy":"product_tag","embeddable":true,"href":"https:\/\/www.csj-emballages.com\/de\/wp-json\/wp\/v2\/product_tag?post=23395"}],"curies":[{"name":"wp","href":"https:\/\/api.w.org\/{rel}","templated":true}]}}