{"id":233826,"date":"2025-04-25T12:52:12","date_gmt":"2025-04-25T10:52:12","guid":{"rendered":"https:\/\/www.csj-emballages.com\/produit\/optima-kuchenform-900-ml-pro-15\/"},"modified":"2026-03-12T16:29:51","modified_gmt":"2026-03-12T15:29:51","slug":"optima-kuchenform-900-ml-pro-15","status":"publish","type":"product","link":"https:\/\/www.csj-emballages.com\/de\/produit\/optima-kuchenform-900-ml-pro-15\/","title":{"rendered":"OPTIMA-Kuchenform 900 ml pro 15"},"content":{"rendered":"<h2 class=\"keyword-text _ngcontent-hfn-103\" aria-label=\"moule tourti\u00e8re (mot cl\u00e9 que vous avez fourni).\"><span class=\"keyword _ngcontent-hfn-103\" aria-hidden=\"false\">Kuchenform<\/span><\/h2>\n<hr>\n<h3>Beschreibung unserer OPTIMA Cakeform 900 ml pro 15<\/h3>\n<p><!--more--><\/p>\n<p data-start=\"143\" data-end=\"500\">Die <strong data-start=\"235\" data-end=\"265\">Kuchenform OPTIMA 900 ml<\/strong> wurde entwickelt, um den Anspr\u00fcchen von Profis und Backfans gleicherma\u00dfen gerecht zu werden, und ist ein Muss f\u00fcr alle Ihre s\u00fc\u00dfen und herzhaften Backwaren. Sie besteht aus festem, widerstandsf\u00e4higem <strong>Backkarton<\/strong> und kann sowohl im Ofen gebacken als auch tiefgefroren werden, ohne die Form oder das Aussehen Ihrer Kreationen zu ver\u00e4ndern. <\/p>\n<p data-start=\"502\" data-end=\"852\">Mit einem Fassungsverm\u00f6gen von <strong>900 ml<\/strong> ist diese <strong>Einwegbackform<\/strong> perfekt f\u00fcr die Zubereitung von <strong>Kuchen<\/strong>, Brot, Brownies oder sogar Terrinen geeignet. Dank ihres intelligenten Designs, das die W\u00e4rmeverteilung f\u00f6rdert, sorgt sie f\u00fcr ein gleichm\u00e4\u00dfiges Backen. Das Ergebnis: eine sch\u00f6ne goldbraune Kruste, ein gleichm\u00e4\u00dfiges Backen und ein reibungsloses Herausl\u00f6sen aus der Form.  <\/p>\n<p data-start=\"854\" data-end=\"1177\">Er wird in einem Set von <strong>15 St\u00fcck<\/strong> verkauft und ist ideal f\u00fcr <strong data-start=\"908\" data-end=\"921\">Caterer<\/strong>, <strong data-start=\"923\" data-end=\"937\">B\u00e4cker<\/strong>, <strong data-start=\"939\" data-end=\"956\">Restaurantbesitzer<\/strong>, aber auch f\u00fcr <strong data-start=\"973\" data-end=\"989\">Privatpersonen<\/strong>, die Portionen im Voraus oder f\u00fcr Veranstaltungen (Buffets, Brunch, Snacks&#8230;) herstellen m\u00f6chten. Er spart Ihnen Zeit: kein Einfetten, kein Reinigen nach dem Gebrauch. <\/p>\n<p data-start=\"1179\" data-end=\"1396\">Diese <strong>Cakeform<\/strong> ist ein echter Gewinn an Praxistauglichkeit, vor allem wenn Sie in gro\u00dfen Mengen arbeiten oder im Rahmen von Veranstaltungen. Au\u00dferdem passt ihr schlichtes und professionelles Design zu allen Pr\u00e4sentationen, von einfach bis raffiniert. <\/p>\n<p data-start=\"1398\" data-end=\"1502\"><strong data-start=\"1398\" data-end=\"1502\">Kurz gesagt: Entscheiden Sie sich f\u00fcr eine zuverl\u00e4ssige, saubere und effiziente Form, damit das Kochen gelingt und der Service gepflegt wird.<\/strong><\/p>\n<p><!--more--><\/p>\n<h4>Ihre Vorteile :<\/h4>\n<ul>\n<li data-start=\"959\" data-end=\"1054\">Ideales Fassungsverm\u00f6gen f\u00fcr Einzel- oder Gemeinschaftsportionen.<\/li>\n<li data-start=\"959\" data-end=\"1054\">Fettbest\u00e4ndig.<\/li>\n<li data-start=\"959\" data-end=\"1054\">Gleichm\u00e4\u00dfiges Backen und leichtes Herausl\u00f6sen aus der Form.<\/li>\n<li data-start=\"959\" data-end=\"1054\">Gebrauchsfertig, kein Einfetten n\u00f6tig.<\/li>\n<li data-start=\"959\" data-end=\"1054\">Diese Kuchenform wird in einem g\u00fcnstigen Set von 30 Formen verkauft.<\/li>\n<\/ul>\n<p>&nbsp;<\/p>\n<p><!--more--><\/p>\n<h4>Weitere Informationen :<\/h4>\n<ul>\n<li><strong>Verpackung<\/strong>: Packung mit 15 St\u00fcck<\/li>\n<li><strong>Au\u00dfenma\u00dfe<\/strong>: 205 x 110 (L x B in mm)<\/li>\n<li><strong>Innenma\u00dfe<\/strong>: 180 x 80 (L x B in mm)<\/li>\n<li><strong>H\u00f6he<\/strong>: 50 mm<\/li>\n<li><strong>Volumen<\/strong>: 900 ml<\/li>\n<li><strong>Material<\/strong>: Pappe \/ Papier<\/li>\n<li><strong>Farbe<\/strong>: Braun \/ Wei\u00df<\/li>\n<\/ul>\n<p>&nbsp;<\/p>\n<p><!--more--><\/p>\n<p>Hier finden Sie alle verf\u00fcgbaren Gr\u00f6\u00dfen f\u00fcr diese Kuchenform : <span style=\"color: #d12727;\"><a style=\"color: #d12727;\" href=\"https:\/\/www.csj-emballages.com\/es\/produit\/optima-molde-600-ml-por-30\/\">600 ml<\/a><\/span> \/ <span style=\"color: #d12727;\"><a style=\"color: #d12727;\" href=\"https:\/\/www.csj-emballages.com\/es\/produit\/molde-para-tartas-optima-1100-ml-por-40\/\">1100 ml<\/a><\/span> \/ <span style=\"color: #d12727;\"><a style=\"color: #d12727;\" href=\"https:\/\/www.csj-emballages.com\/es\/produit\/molde-optima-1600-ml-por-40\/\">1600 ml<\/a><\/span><\/p>\n<p>&nbsp;<\/p>\n<p><!--more--><\/p>\n<p><a href=\"https:\/\/www.csj-emballages.com\/de\/categorie-produit\/lebensmittelverpackungen\/backerei-und-konditorei\/kochen\/backformen-karton-optima\/\">Sehen Sie sich den Rest unseres Sortiments an OPTIMA-Kartonbackformen an.<\/a><\/p>\n<p>&nbsp;<\/p>\n","protected":false},"excerpt":{"rendered":"<p>Kuchenform Beschreibung unserer OPTIMA Cakeform 900 ml pro 15<\/p>\n","protected":false},"featured_media":233821,"template":"","meta":{"_acf_changed":false},"product_brand":[],"product_cat":[1137,1171,3968,9372],"product_tag":[],"class_list":{"0":"post-233826","1":"product","2":"type-product","3":"status-publish","4":"has-post-thumbnail","6":"product_cat-lebensmittelverpackungen","7":"product_cat-backerei-und-konditorei","8":"product_cat-kochen","9":"product_cat-backformen-karton-optima","11":"first","12":"instock","13":"taxable","14":"shipping-taxable","15":"purchasable","16":"product-type-simple"},"acf":[],"yoast_head":"<!-- This site is optimized with the Yoast SEO Premium plugin v26.6 (Yoast SEO v26.6) - https:\/\/yoast.com\/wordpress\/plugins\/seo\/ -->\n<title>OPTIMA Cakeform 900 ml pro 15<\/title>\n<meta name=\"description\" content=\"OPTIMA Cakeform 900 ml x15: ideal zum Backen, Einfrieren, f\u00fcr Catering &amp; Privatpersonen. Widerstandsf\u00e4hig, gebrauchsfertig, f\u00fcr perfektes Backen.\" \/>\n<meta name=\"robots\" content=\"index, follow, max-snippet:-1, max-image-preview:large, max-video-preview:-1\" \/>\n<link rel=\"canonical\" href=\"https:\/\/www.csj-emballages.com\/de\/produit\/optima-kuchenform-900-ml-pro-15\/\" \/>\n<meta property=\"og:locale\" content=\"de_DE\" \/>\n<meta property=\"og:type\" content=\"article\" \/>\n<meta property=\"og:title\" content=\"OPTIMA-Kuchenform 900 ml pro 15\" \/>\n<meta property=\"og:description\" content=\"OPTIMA Cakeform 900 ml x15: ideal zum Backen, Einfrieren, f\u00fcr Catering &amp; Privatpersonen. Widerstandsf\u00e4hig, gebrauchsfertig, f\u00fcr perfektes Backen.\" \/>\n<meta property=\"og:url\" content=\"https:\/\/www.csj-emballages.com\/de\/produit\/optima-kuchenform-900-ml-pro-15\/\" \/>\n<meta property=\"og:site_name\" content=\"CSJ Emballages\" \/>\n<meta property=\"article:publisher\" content=\"https:\/\/www.facebook.com\/csjemballages\" \/>\n<meta property=\"article:modified_time\" content=\"2026-03-12T15:29:51+00:00\" \/>\n<meta property=\"og:image\" content=\"https:\/\/www.csj-emballages.com\/wp-content\/uploads\/2025\/04\/MO900OPTI.webp\" \/>\n\t<meta property=\"og:image:width\" content=\"800\" \/>\n\t<meta property=\"og:image:height\" content=\"800\" \/>\n\t<meta property=\"og:image:type\" content=\"image\/webp\" \/>\n<meta name=\"twitter:card\" content=\"summary_large_image\" \/>\n<meta name=\"twitter:label1\" content=\"Gesch\u00e4tzte Lesezeit\" \/>\n\t<meta name=\"twitter:data1\" content=\"2 Minuten\" \/>\n<script type=\"application\/ld+json\" class=\"yoast-schema-graph\">{\"@context\":\"https:\/\/schema.org\",\"@graph\":[{\"@type\":\"WebPage\",\"@id\":\"https:\/\/www.csj-emballages.com\/de\/produit\/optima-kuchenform-900-ml-pro-15\/\",\"url\":\"https:\/\/www.csj-emballages.com\/de\/produit\/optima-kuchenform-900-ml-pro-15\/\",\"name\":\"OPTIMA Cakeform 900 ml pro 15\",\"isPartOf\":{\"@id\":\"https:\/\/www.csj-emballages.com\/de\/#website\"},\"primaryImageOfPage\":{\"@id\":\"https:\/\/www.csj-emballages.com\/de\/produit\/optima-kuchenform-900-ml-pro-15\/#primaryimage\"},\"image\":{\"@id\":\"https:\/\/www.csj-emballages.com\/de\/produit\/optima-kuchenform-900-ml-pro-15\/#primaryimage\"},\"thumbnailUrl\":\"https:\/\/www.csj-emballages.com\/wp-content\/uploads\/2025\/04\/MO900OPTI.webp\",\"datePublished\":\"2025-04-25T10:52:12+00:00\",\"dateModified\":\"2026-03-12T15:29:51+00:00\",\"description\":\"OPTIMA Cakeform 900 ml x15: ideal zum Backen, Einfrieren, f\u00fcr Catering & Privatpersonen. Widerstandsf\u00e4hig, gebrauchsfertig, f\u00fcr perfektes Backen.\",\"breadcrumb\":{\"@id\":\"https:\/\/www.csj-emballages.com\/de\/produit\/optima-kuchenform-900-ml-pro-15\/#breadcrumb\"},\"inLanguage\":\"de\",\"potentialAction\":[{\"@type\":\"ReadAction\",\"target\":[\"https:\/\/www.csj-emballages.com\/de\/produit\/optima-kuchenform-900-ml-pro-15\/\"]}]},{\"@type\":\"ImageObject\",\"inLanguage\":\"de\",\"@id\":\"https:\/\/www.csj-emballages.com\/de\/produit\/optima-kuchenform-900-ml-pro-15\/#primaryimage\",\"url\":\"https:\/\/www.csj-emballages.com\/wp-content\/uploads\/2025\/04\/MO900OPTI.webp\",\"contentUrl\":\"https:\/\/www.csj-emballages.com\/wp-content\/uploads\/2025\/04\/MO900OPTI.webp\",\"width\":800,\"height\":800,\"caption\":\"Moule \u00e0 cake\"},{\"@type\":\"BreadcrumbList\",\"@id\":\"https:\/\/www.csj-emballages.com\/de\/produit\/optima-kuchenform-900-ml-pro-15\/#breadcrumb\",\"itemListElement\":[{\"@type\":\"ListItem\",\"position\":1,\"name\":\"Accueil\",\"item\":\"https:\/\/www.csj-emballages.com\/de\/universum-lebensmittelverpackungen\/\"},{\"@type\":\"ListItem\",\"position\":2,\"name\":\"Shop\",\"item\":\"https:\/\/www.csj-emballages.com\/shop\/\"},{\"@type\":\"ListItem\",\"position\":3,\"name\":\"OPTIMA-Kuchenform 900 ml pro 15\"}]},{\"@type\":\"WebSite\",\"@id\":\"https:\/\/www.csj-emballages.com\/de\/#website\",\"url\":\"https:\/\/www.csj-emballages.com\/de\/\",\"name\":\"CSJ Emballages\",\"description\":\"\",\"publisher\":{\"@id\":\"https:\/\/www.csj-emballages.com\/de\/#organization\"},\"potentialAction\":[{\"@type\":\"SearchAction\",\"target\":{\"@type\":\"EntryPoint\",\"urlTemplate\":\"https:\/\/www.csj-emballages.com\/de\/?s={search_term_string}\"},\"query-input\":{\"@type\":\"PropertyValueSpecification\",\"valueRequired\":true,\"valueName\":\"search_term_string\"}}],\"inLanguage\":\"de\"},{\"@type\":\"Organization\",\"@id\":\"https:\/\/www.csj-emballages.com\/de\/#Organization\/\",\"name\":\"CSJ Emballages\",\"url\":\"https:\/\/www.csj-emballages.com\/de\/\",\"logo\":{\"@type\":\"ImageObject\",\"inLanguage\":\"de\",\"@id\":\"https:\/\/www.csj-emballages.com\/de\/#\/schema\/logo\/image\/\",\"url\":\"https:\/\/www.csj-emballages.com\/wp-content\/uploads\/2023\/10\/logo_csj.webp\",\"contentUrl\":\"https:\/\/www.csj-emballages.com\/wp-content\/uploads\/2023\/10\/logo_csj.webp\",\"width\":250,\"height\":95,\"caption\":\"CSJ Emballages\"},\"image\":{\"@id\":\"https:\/\/www.csj-emballages.com\/de\/#\/schema\/logo\/image\/\"},\"sameAs\":[\"https:\/\/www.facebook.com\/csjemballages\"],\"address\":{\"@type\":\"PostalAddress\",\"streetAddress\":\"ZI La Lechere\",\"addressLocality\":\"Patornay\",\"postalCode\":\"39130\",\"addressCountry\":\"FR\"},\"contactPoint\":[{\"@type\":\"ContactPoint\",\"contactType\":\"Service client\",\"telephone\":\"0384254272\",\"email\":\"contact@csj-emballages.com\"}]}]}<\/script>\n<!-- \/ Yoast SEO Premium plugin. -->","yoast_head_json":{"title":"OPTIMA Cakeform 900 ml pro 15","description":"OPTIMA Cakeform 900 ml x15: ideal zum Backen, Einfrieren, f\u00fcr Catering & Privatpersonen. Widerstandsf\u00e4hig, gebrauchsfertig, f\u00fcr perfektes Backen.","robots":{"index":"index","follow":"follow","max-snippet":"max-snippet:-1","max-image-preview":"max-image-preview:large","max-video-preview":"max-video-preview:-1"},"canonical":"https:\/\/www.csj-emballages.com\/de\/produit\/optima-kuchenform-900-ml-pro-15\/","og_locale":"de_DE","og_type":"article","og_title":"OPTIMA-Kuchenform 900 ml pro 15","og_description":"OPTIMA Cakeform 900 ml x15: ideal zum Backen, Einfrieren, f\u00fcr Catering & Privatpersonen. Widerstandsf\u00e4hig, gebrauchsfertig, f\u00fcr perfektes Backen.","og_url":"https:\/\/www.csj-emballages.com\/de\/produit\/optima-kuchenform-900-ml-pro-15\/","og_site_name":"CSJ Emballages","article_publisher":"https:\/\/www.facebook.com\/csjemballages","article_modified_time":"2026-03-12T15:29:51+00:00","og_image":[{"width":800,"height":800,"url":"https:\/\/www.csj-emballages.com\/wp-content\/uploads\/2025\/04\/MO900OPTI.webp","type":"image\/webp"}],"twitter_card":"summary_large_image","twitter_misc":{"Gesch\u00e4tzte Lesezeit":"2 Minuten"},"schema":{"@context":"https:\/\/schema.org","@graph":[{"@type":"WebPage","@id":"https:\/\/www.csj-emballages.com\/de\/produit\/optima-kuchenform-900-ml-pro-15\/","url":"https:\/\/www.csj-emballages.com\/de\/produit\/optima-kuchenform-900-ml-pro-15\/","name":"OPTIMA Cakeform 900 ml pro 15","isPartOf":{"@id":"https:\/\/www.csj-emballages.com\/de\/#website"},"primaryImageOfPage":{"@id":"https:\/\/www.csj-emballages.com\/de\/produit\/optima-kuchenform-900-ml-pro-15\/#primaryimage"},"image":{"@id":"https:\/\/www.csj-emballages.com\/de\/produit\/optima-kuchenform-900-ml-pro-15\/#primaryimage"},"thumbnailUrl":"https:\/\/www.csj-emballages.com\/wp-content\/uploads\/2025\/04\/MO900OPTI.webp","datePublished":"2025-04-25T10:52:12+00:00","dateModified":"2026-03-12T15:29:51+00:00","description":"OPTIMA Cakeform 900 ml x15: ideal zum Backen, Einfrieren, f\u00fcr Catering & Privatpersonen. Widerstandsf\u00e4hig, gebrauchsfertig, f\u00fcr perfektes Backen.","breadcrumb":{"@id":"https:\/\/www.csj-emballages.com\/de\/produit\/optima-kuchenform-900-ml-pro-15\/#breadcrumb"},"inLanguage":"de","potentialAction":[{"@type":"ReadAction","target":["https:\/\/www.csj-emballages.com\/de\/produit\/optima-kuchenform-900-ml-pro-15\/"]}]},{"@type":"ImageObject","inLanguage":"de","@id":"https:\/\/www.csj-emballages.com\/de\/produit\/optima-kuchenform-900-ml-pro-15\/#primaryimage","url":"https:\/\/www.csj-emballages.com\/wp-content\/uploads\/2025\/04\/MO900OPTI.webp","contentUrl":"https:\/\/www.csj-emballages.com\/wp-content\/uploads\/2025\/04\/MO900OPTI.webp","width":800,"height":800,"caption":"Moule \u00e0 cake"},{"@type":"BreadcrumbList","@id":"https:\/\/www.csj-emballages.com\/de\/produit\/optima-kuchenform-900-ml-pro-15\/#breadcrumb","itemListElement":[{"@type":"ListItem","position":1,"name":"Accueil","item":"https:\/\/www.csj-emballages.com\/de\/universum-lebensmittelverpackungen\/"},{"@type":"ListItem","position":2,"name":"Shop","item":"https:\/\/www.csj-emballages.com\/shop\/"},{"@type":"ListItem","position":3,"name":"OPTIMA-Kuchenform 900 ml pro 15"}]},{"@type":"WebSite","@id":"https:\/\/www.csj-emballages.com\/de\/#website","url":"https:\/\/www.csj-emballages.com\/de\/","name":"CSJ Emballages","description":"","publisher":{"@id":"https:\/\/www.csj-emballages.com\/de\/#organization"},"potentialAction":[{"@type":"SearchAction","target":{"@type":"EntryPoint","urlTemplate":"https:\/\/www.csj-emballages.com\/de\/?s={search_term_string}"},"query-input":{"@type":"PropertyValueSpecification","valueRequired":true,"valueName":"search_term_string"}}],"inLanguage":"de"},{"@type":"Organization","@id":"https:\/\/www.csj-emballages.com\/de\/#Organization\/","name":"CSJ Emballages","url":"https:\/\/www.csj-emballages.com\/de\/","logo":{"@type":"ImageObject","inLanguage":"de","@id":"https:\/\/www.csj-emballages.com\/de\/#\/schema\/logo\/image\/","url":"https:\/\/www.csj-emballages.com\/wp-content\/uploads\/2023\/10\/logo_csj.webp","contentUrl":"https:\/\/www.csj-emballages.com\/wp-content\/uploads\/2023\/10\/logo_csj.webp","width":250,"height":95,"caption":"CSJ Emballages"},"image":{"@id":"https:\/\/www.csj-emballages.com\/de\/#\/schema\/logo\/image\/"},"sameAs":["https:\/\/www.facebook.com\/csjemballages"],"address":{"@type":"PostalAddress","streetAddress":"ZI La Lechere","addressLocality":"Patornay","postalCode":"39130","addressCountry":"FR"},"contactPoint":[{"@type":"ContactPoint","contactType":"Service client","telephone":"0384254272","email":"contact@csj-emballages.com"}]}]}},"df_price":10.45,"df_sale_price":"","df_regular_price":10.45,"df_image_link":"https:\/\/www.csj-emballages.com\/wp-content\/uploads\/2025\/04\/MO900OPTI-300x300.webp","tiered_pricing_type":"fixed","tiered_pricing_fixed_rules":[],"tiered_pricing_percentage_rules":[],"tiered_pricing_minimum":1,"tiered_pricing_roles_data":[],"_links":{"self":[{"href":"https:\/\/www.csj-emballages.com\/de\/wp-json\/wp\/v2\/product\/233826","targetHints":{"allow":["GET"]}}],"collection":[{"href":"https:\/\/www.csj-emballages.com\/de\/wp-json\/wp\/v2\/product"}],"about":[{"href":"https:\/\/www.csj-emballages.com\/de\/wp-json\/wp\/v2\/types\/product"}],"wp:featuredmedia":[{"embeddable":true,"href":"https:\/\/www.csj-emballages.com\/de\/wp-json\/wp\/v2\/media\/233821"}],"wp:attachment":[{"href":"https:\/\/www.csj-emballages.com\/de\/wp-json\/wp\/v2\/media?parent=233826"}],"wp:term":[{"taxonomy":"product_brand","embeddable":true,"href":"https:\/\/www.csj-emballages.com\/de\/wp-json\/wp\/v2\/product_brand?post=233826"},{"taxonomy":"product_cat","embeddable":true,"href":"https:\/\/www.csj-emballages.com\/de\/wp-json\/wp\/v2\/product_cat?post=233826"},{"taxonomy":"product_tag","embeddable":true,"href":"https:\/\/www.csj-emballages.com\/de\/wp-json\/wp\/v2\/product_tag?post=233826"}],"curies":[{"name":"wp","href":"https:\/\/api.w.org\/{rel}","templated":true}]}}