{"id":233808,"date":"2025-04-25T13:31:34","date_gmt":"2025-04-25T11:31:34","guid":{"rendered":"https:\/\/www.csj-emballages.com\/produit\/optima-tortenform-185-mm-pro-250\/"},"modified":"2026-03-12T16:47:09","modified_gmt":"2026-03-12T15:47:09","slug":"optima-tortenform-185-mm-pro-250","status":"publish","type":"product","link":"https:\/\/www.csj-emballages.com\/de\/produit\/optima-tortenform-185-mm-pro-250\/","title":{"rendered":"OPTIMA-Tortenform 185 mm pro 250"},"content":{"rendered":"<h2 class=\"keyword-text _ngcontent-hfn-103\" aria-label=\"moule tourti\u00e8re (mot cl\u00e9 que vous avez fourni).\"><span class=\"keyword _ngcontent-hfn-103\" aria-hidden=\"false\">Tortenform<\/span><\/h2>\n<hr>\n<h3>Beschreibung unserer OPTIMA-Tortenform 185 mm pro 250 St\u00fcck<\/h3>\n<p><!--more--><\/p>\n<p class=\"\" data-start=\"170\" data-end=\"463\">Die <strong>OPTIMA-Tortenform 185 mm<\/strong> ist ein Muss f\u00fcr alle, die in der Gastronomie t\u00e4tig sind und gerne selbst kochen. Sie wurde f\u00fcr ein gleichm\u00e4\u00dfiges Backen und ein leichtes Herausl\u00f6sen aus der Form entwickelt und bietet einen hervorragenden Kompromiss zwischen Zweckm\u00e4\u00dfigkeit, Robustheit und \u00c4sthetik. <\/p>\n<p class=\"\" data-start=\"465\" data-end=\"789\">Mit einem <strong>Durchmesser von 185 mm<\/strong> und <strong>einer H\u00f6he von 20 mm<\/strong> ist diese Form perfekt f\u00fcr <strong>kleine, dicke Quiches, s\u00fc\u00dfe oder herzhafte Tartes<\/strong> oder auch individuelle Zubereitungen f\u00fcr raffinierte Tellerservices. Ihre tiefe Form bietet Platz f\u00fcr reichhaltige F\u00fcllungen, ohne dass die Gefahr des \u00dcberlaufens besteht. <\/p>\n<p class=\"\" data-start=\"791\" data-end=\"1034\">Aus <strong data-start=\"808\" data-end=\"843\">hitzebest\u00e4ndigem Material<\/strong> gefertigt, sorgt er f\u00fcr ein gleichm\u00e4\u00dfiges Garen mit einer sch\u00f6nen Br\u00e4unung und einer kontrollierten Textur. Egal, ob Sie ihn in einem herk\u00f6mmlichen Ofen oder mit Umluft verwenden, er garantiert ein sauberes und professionelles Ergebnis. <\/p>\n<p class=\"\" data-start=\"1036\" data-end=\"1359\">Diese <strong>Tortenform<\/strong> wurde entwickelt, um in der K\u00fcche Zeit zu sparen: Sie ist stapelbar, leicht und einfach zu handhaben und passt vom Ofen auf die Arbeitsfl\u00e4che, ohne den Raum zu blockieren. Sie eignet sich sowohl f\u00fcr Caterer, B\u00e4ckereien, Konditoreien und Restaurants als auch f\u00fcr Privatpersonen, die auf der Suche nach einem zuverl\u00e4ssigen und langlebigen Material sind. <\/p>\n<p><!--more--><\/p>\n<h4>Ihre Vorteile :<\/h4>\n<ul>\n<li data-start=\"959\" data-end=\"1054\">Gleichm\u00e4\u00dfiges Garen f\u00fcr ein perfektes Ergebnis<\/li>\n<li data-start=\"959\" data-end=\"1054\">Ideale H\u00f6he f\u00fcr gro\u00dfz\u00fcgige Garnituren.<\/li>\n<li data-start=\"959\" data-end=\"1054\">Einfach zu handhaben und zu stapeln.<\/li>\n<li data-start=\"959\" data-end=\"1054\">Robustes und langlebiges Material.<\/li>\n<li data-start=\"959\" data-end=\"1054\"><strong data-start=\"1671\" data-end=\"1695\">Verkauft in 250 Einheiten<\/strong>: Perfekt f\u00fcr gro\u00dfe Bestellungen und Veranstaltungen.<\/li>\n<\/ul>\n<p>&nbsp;<\/p>\n<p><!--more--><\/p>\n<h4>Weitere Informationen :<\/h4>\n<ul>\n<li><strong>Verpackung<\/strong>: Packung mit 250<\/li>\n<li><strong>Au\u00dfendurchmesser<\/strong>: 217 mm<\/li>\n<li><strong>Innendurchmesser<\/strong>: 185 mm<\/li>\n<li><strong>H\u00f6he<\/strong>: 20 mm<\/li>\n<li><strong>Material<\/strong>: Pappe \/ Papier<\/li>\n<li><strong>Farbe<\/strong>: Braun \/ Wei\u00df<\/li>\n<\/ul>\n<p>&nbsp;<\/p>\n<p><!--more--><\/p>\n<p>Hier finden Sie alle verf\u00fcgbaren Gr\u00f6\u00dfen f\u00fcr diese Tortenform: <span style=\"color: #d12727;\"><a style=\"color: #d12727;\" href=\"https:\/\/www.csj-emballages.com\/de\/produit\/optima-tortenform-147-mm-pro-75\/\">147 mm<\/a><\/span> \/ <span style=\"color: #d12727;\"><a style=\"color: #d12727;\" href=\"https:\/\/www.csj-emballages.com\/de\/produit\/optima-tortenform-170-mm-pro-70\/\">170 mm<\/a><\/span> \/ <span style=\"color: #d12727;\"><a style=\"color: #d12727;\" href=\"https:\/\/www.csj-emballages.com\/de\/produit\/optima-tortenform-218-mm-pro-200\/\">218 mm<\/a><\/span> \/ <span style=\"color: #d12727;\"><a style=\"color: #d12727;\" href=\"https:\/\/www.csj-emballages.com\/de\/produit\/optima-tortenform-248-mm-pro-c\/\">248 mm<\/a><\/span><\/p>\n<p>&nbsp;<\/p>\n<p><!--more--><\/p>\n<p><a href=\"https:\/\/www.csj-emballages.com\/de\/categorie-produit\/lebensmittelverpackungen\/backerei-und-konditorei\/kochen\/backformen-karton-optima\/\">Sehen Sie sich den Rest unseres Sortiments an OPTIMA-Kartonbackformen an.<\/a><\/p>\n<p>&nbsp;<\/p>\n","protected":false},"excerpt":{"rendered":"<p>Tortenform Beschreibung unserer OPTIMA-Tortenform 185 mm pro 250 St\u00fcck<\/p>\n","protected":false},"featured_media":233804,"template":"","meta":{"_acf_changed":false},"product_brand":[],"product_cat":[1137,1171,3968,9372],"product_tag":[],"class_list":{"0":"post-233808","1":"product","2":"type-product","3":"status-publish","4":"has-post-thumbnail","6":"product_cat-lebensmittelverpackungen","7":"product_cat-backerei-und-konditorei","8":"product_cat-kochen","9":"product_cat-backformen-karton-optima","11":"first","12":"instock","13":"taxable","14":"shipping-taxable","15":"purchasable","16":"product-type-simple"},"acf":[],"yoast_head":"<!-- This site is optimized with the Yoast SEO Premium plugin v26.6 (Yoast SEO v26.6) - https:\/\/yoast.com\/wordpress\/plugins\/seo\/ -->\n<title>OPTIMA-Tortenform 185 mm pro 250 St\u00fcck<\/title>\n<meta name=\"description\" content=\"Die 185 mm OPTIMA-Tortenform ist ideal f\u00fcr dicke Torten und Kuchen. Robust, praktisch und perfekt f\u00fcr Profis und Privatpersonen.\" \/>\n<meta name=\"robots\" content=\"index, follow, max-snippet:-1, max-image-preview:large, max-video-preview:-1\" \/>\n<link rel=\"canonical\" href=\"https:\/\/www.csj-emballages.com\/de\/produit\/optima-tortenform-185-mm-pro-250\/\" \/>\n<meta property=\"og:locale\" content=\"de_DE\" \/>\n<meta property=\"og:type\" content=\"article\" \/>\n<meta property=\"og:title\" content=\"OPTIMA-Tortenform 185 mm pro 250\" \/>\n<meta property=\"og:description\" content=\"Die 185 mm OPTIMA-Tortenform ist ideal f\u00fcr dicke Torten und Kuchen. Robust, praktisch und perfekt f\u00fcr Profis und Privatpersonen.\" \/>\n<meta property=\"og:url\" content=\"https:\/\/www.csj-emballages.com\/de\/produit\/optima-tortenform-185-mm-pro-250\/\" \/>\n<meta property=\"og:site_name\" content=\"CSJ Emballages\" \/>\n<meta property=\"article:publisher\" content=\"https:\/\/www.facebook.com\/csjemballages\" \/>\n<meta property=\"article:modified_time\" content=\"2026-03-12T15:47:09+00:00\" \/>\n<meta property=\"og:image\" content=\"https:\/\/www.csj-emballages.com\/wp-content\/uploads\/2025\/04\/TO214OPTI.webp\" \/>\n\t<meta property=\"og:image:width\" content=\"800\" \/>\n\t<meta property=\"og:image:height\" content=\"800\" \/>\n\t<meta property=\"og:image:type\" content=\"image\/webp\" \/>\n<meta name=\"twitter:card\" content=\"summary_large_image\" \/>\n<meta name=\"twitter:label1\" content=\"Gesch\u00e4tzte Lesezeit\" \/>\n\t<meta name=\"twitter:data1\" content=\"2 Minuten\" \/>\n<script type=\"application\/ld+json\" class=\"yoast-schema-graph\">{\"@context\":\"https:\/\/schema.org\",\"@graph\":[{\"@type\":\"WebPage\",\"@id\":\"https:\/\/www.csj-emballages.com\/de\/produit\/optima-tortenform-185-mm-pro-250\/\",\"url\":\"https:\/\/www.csj-emballages.com\/de\/produit\/optima-tortenform-185-mm-pro-250\/\",\"name\":\"OPTIMA-Tortenform 185 mm pro 250 St\u00fcck\",\"isPartOf\":{\"@id\":\"https:\/\/www.csj-emballages.com\/de\/#website\"},\"primaryImageOfPage\":{\"@id\":\"https:\/\/www.csj-emballages.com\/de\/produit\/optima-tortenform-185-mm-pro-250\/#primaryimage\"},\"image\":{\"@id\":\"https:\/\/www.csj-emballages.com\/de\/produit\/optima-tortenform-185-mm-pro-250\/#primaryimage\"},\"thumbnailUrl\":\"https:\/\/www.csj-emballages.com\/wp-content\/uploads\/2025\/04\/TO214OPTI.webp\",\"datePublished\":\"2025-04-25T11:31:34+00:00\",\"dateModified\":\"2026-03-12T15:47:09+00:00\",\"description\":\"Die 185 mm OPTIMA-Tortenform ist ideal f\u00fcr dicke Torten und Kuchen. Robust, praktisch und perfekt f\u00fcr Profis und Privatpersonen.\",\"breadcrumb\":{\"@id\":\"https:\/\/www.csj-emballages.com\/de\/produit\/optima-tortenform-185-mm-pro-250\/#breadcrumb\"},\"inLanguage\":\"de\",\"potentialAction\":[{\"@type\":\"ReadAction\",\"target\":[\"https:\/\/www.csj-emballages.com\/de\/produit\/optima-tortenform-185-mm-pro-250\/\"]}]},{\"@type\":\"ImageObject\",\"inLanguage\":\"de\",\"@id\":\"https:\/\/www.csj-emballages.com\/de\/produit\/optima-tortenform-185-mm-pro-250\/#primaryimage\",\"url\":\"https:\/\/www.csj-emballages.com\/wp-content\/uploads\/2025\/04\/TO214OPTI.webp\",\"contentUrl\":\"https:\/\/www.csj-emballages.com\/wp-content\/uploads\/2025\/04\/TO214OPTI.webp\",\"width\":800,\"height\":800,\"caption\":\"Moule tourti\u00e8re\"},{\"@type\":\"BreadcrumbList\",\"@id\":\"https:\/\/www.csj-emballages.com\/de\/produit\/optima-tortenform-185-mm-pro-250\/#breadcrumb\",\"itemListElement\":[{\"@type\":\"ListItem\",\"position\":1,\"name\":\"Accueil\",\"item\":\"https:\/\/www.csj-emballages.com\/de\/universum-lebensmittelverpackungen\/\"},{\"@type\":\"ListItem\",\"position\":2,\"name\":\"Shop\",\"item\":\"https:\/\/www.csj-emballages.com\/shop\/\"},{\"@type\":\"ListItem\",\"position\":3,\"name\":\"OPTIMA-Tortenform 185 mm pro 250\"}]},{\"@type\":\"WebSite\",\"@id\":\"https:\/\/www.csj-emballages.com\/de\/#website\",\"url\":\"https:\/\/www.csj-emballages.com\/de\/\",\"name\":\"CSJ Emballages\",\"description\":\"\",\"publisher\":{\"@id\":\"https:\/\/www.csj-emballages.com\/de\/#organization\"},\"potentialAction\":[{\"@type\":\"SearchAction\",\"target\":{\"@type\":\"EntryPoint\",\"urlTemplate\":\"https:\/\/www.csj-emballages.com\/de\/?s={search_term_string}\"},\"query-input\":{\"@type\":\"PropertyValueSpecification\",\"valueRequired\":true,\"valueName\":\"search_term_string\"}}],\"inLanguage\":\"de\"},{\"@type\":\"Organization\",\"@id\":\"https:\/\/www.csj-emballages.com\/de\/#Organization\/\",\"name\":\"CSJ Emballages\",\"url\":\"https:\/\/www.csj-emballages.com\/de\/\",\"logo\":{\"@type\":\"ImageObject\",\"inLanguage\":\"de\",\"@id\":\"https:\/\/www.csj-emballages.com\/de\/#\/schema\/logo\/image\/\",\"url\":\"https:\/\/www.csj-emballages.com\/wp-content\/uploads\/2023\/10\/logo_csj.webp\",\"contentUrl\":\"https:\/\/www.csj-emballages.com\/wp-content\/uploads\/2023\/10\/logo_csj.webp\",\"width\":250,\"height\":95,\"caption\":\"CSJ Emballages\"},\"image\":{\"@id\":\"https:\/\/www.csj-emballages.com\/de\/#\/schema\/logo\/image\/\"},\"sameAs\":[\"https:\/\/www.facebook.com\/csjemballages\"],\"address\":{\"@type\":\"PostalAddress\",\"streetAddress\":\"ZI La Lechere\",\"addressLocality\":\"Patornay\",\"postalCode\":\"39130\",\"addressCountry\":\"FR\"},\"contactPoint\":[{\"@type\":\"ContactPoint\",\"contactType\":\"Service client\",\"telephone\":\"0384254272\",\"email\":\"contact@csj-emballages.com\"}]}]}<\/script>\n<!-- \/ Yoast SEO Premium plugin. -->","yoast_head_json":{"title":"OPTIMA-Tortenform 185 mm pro 250 St\u00fcck","description":"Die 185 mm OPTIMA-Tortenform ist ideal f\u00fcr dicke Torten und Kuchen. Robust, praktisch und perfekt f\u00fcr Profis und Privatpersonen.","robots":{"index":"index","follow":"follow","max-snippet":"max-snippet:-1","max-image-preview":"max-image-preview:large","max-video-preview":"max-video-preview:-1"},"canonical":"https:\/\/www.csj-emballages.com\/de\/produit\/optima-tortenform-185-mm-pro-250\/","og_locale":"de_DE","og_type":"article","og_title":"OPTIMA-Tortenform 185 mm pro 250","og_description":"Die 185 mm OPTIMA-Tortenform ist ideal f\u00fcr dicke Torten und Kuchen. Robust, praktisch und perfekt f\u00fcr Profis und Privatpersonen.","og_url":"https:\/\/www.csj-emballages.com\/de\/produit\/optima-tortenform-185-mm-pro-250\/","og_site_name":"CSJ Emballages","article_publisher":"https:\/\/www.facebook.com\/csjemballages","article_modified_time":"2026-03-12T15:47:09+00:00","og_image":[{"width":800,"height":800,"url":"https:\/\/www.csj-emballages.com\/wp-content\/uploads\/2025\/04\/TO214OPTI.webp","type":"image\/webp"}],"twitter_card":"summary_large_image","twitter_misc":{"Gesch\u00e4tzte Lesezeit":"2 Minuten"},"schema":{"@context":"https:\/\/schema.org","@graph":[{"@type":"WebPage","@id":"https:\/\/www.csj-emballages.com\/de\/produit\/optima-tortenform-185-mm-pro-250\/","url":"https:\/\/www.csj-emballages.com\/de\/produit\/optima-tortenform-185-mm-pro-250\/","name":"OPTIMA-Tortenform 185 mm pro 250 St\u00fcck","isPartOf":{"@id":"https:\/\/www.csj-emballages.com\/de\/#website"},"primaryImageOfPage":{"@id":"https:\/\/www.csj-emballages.com\/de\/produit\/optima-tortenform-185-mm-pro-250\/#primaryimage"},"image":{"@id":"https:\/\/www.csj-emballages.com\/de\/produit\/optima-tortenform-185-mm-pro-250\/#primaryimage"},"thumbnailUrl":"https:\/\/www.csj-emballages.com\/wp-content\/uploads\/2025\/04\/TO214OPTI.webp","datePublished":"2025-04-25T11:31:34+00:00","dateModified":"2026-03-12T15:47:09+00:00","description":"Die 185 mm OPTIMA-Tortenform ist ideal f\u00fcr dicke Torten und Kuchen. Robust, praktisch und perfekt f\u00fcr Profis und Privatpersonen.","breadcrumb":{"@id":"https:\/\/www.csj-emballages.com\/de\/produit\/optima-tortenform-185-mm-pro-250\/#breadcrumb"},"inLanguage":"de","potentialAction":[{"@type":"ReadAction","target":["https:\/\/www.csj-emballages.com\/de\/produit\/optima-tortenform-185-mm-pro-250\/"]}]},{"@type":"ImageObject","inLanguage":"de","@id":"https:\/\/www.csj-emballages.com\/de\/produit\/optima-tortenform-185-mm-pro-250\/#primaryimage","url":"https:\/\/www.csj-emballages.com\/wp-content\/uploads\/2025\/04\/TO214OPTI.webp","contentUrl":"https:\/\/www.csj-emballages.com\/wp-content\/uploads\/2025\/04\/TO214OPTI.webp","width":800,"height":800,"caption":"Moule tourti\u00e8re"},{"@type":"BreadcrumbList","@id":"https:\/\/www.csj-emballages.com\/de\/produit\/optima-tortenform-185-mm-pro-250\/#breadcrumb","itemListElement":[{"@type":"ListItem","position":1,"name":"Accueil","item":"https:\/\/www.csj-emballages.com\/de\/universum-lebensmittelverpackungen\/"},{"@type":"ListItem","position":2,"name":"Shop","item":"https:\/\/www.csj-emballages.com\/shop\/"},{"@type":"ListItem","position":3,"name":"OPTIMA-Tortenform 185 mm pro 250"}]},{"@type":"WebSite","@id":"https:\/\/www.csj-emballages.com\/de\/#website","url":"https:\/\/www.csj-emballages.com\/de\/","name":"CSJ Emballages","description":"","publisher":{"@id":"https:\/\/www.csj-emballages.com\/de\/#organization"},"potentialAction":[{"@type":"SearchAction","target":{"@type":"EntryPoint","urlTemplate":"https:\/\/www.csj-emballages.com\/de\/?s={search_term_string}"},"query-input":{"@type":"PropertyValueSpecification","valueRequired":true,"valueName":"search_term_string"}}],"inLanguage":"de"},{"@type":"Organization","@id":"https:\/\/www.csj-emballages.com\/de\/#Organization\/","name":"CSJ Emballages","url":"https:\/\/www.csj-emballages.com\/de\/","logo":{"@type":"ImageObject","inLanguage":"de","@id":"https:\/\/www.csj-emballages.com\/de\/#\/schema\/logo\/image\/","url":"https:\/\/www.csj-emballages.com\/wp-content\/uploads\/2023\/10\/logo_csj.webp","contentUrl":"https:\/\/www.csj-emballages.com\/wp-content\/uploads\/2023\/10\/logo_csj.webp","width":250,"height":95,"caption":"CSJ Emballages"},"image":{"@id":"https:\/\/www.csj-emballages.com\/de\/#\/schema\/logo\/image\/"},"sameAs":["https:\/\/www.facebook.com\/csjemballages"],"address":{"@type":"PostalAddress","streetAddress":"ZI La Lechere","addressLocality":"Patornay","postalCode":"39130","addressCountry":"FR"},"contactPoint":[{"@type":"ContactPoint","contactType":"Service client","telephone":"0384254272","email":"contact@csj-emballages.com"}]}]}},"df_price":93.04,"df_sale_price":"","df_regular_price":93.04,"df_image_link":"https:\/\/www.csj-emballages.com\/wp-content\/uploads\/2025\/04\/TO214OPTI-300x300.webp","tiered_pricing_type":"fixed","tiered_pricing_fixed_rules":[],"tiered_pricing_percentage_rules":[],"tiered_pricing_minimum":1,"tiered_pricing_roles_data":[],"_links":{"self":[{"href":"https:\/\/www.csj-emballages.com\/de\/wp-json\/wp\/v2\/product\/233808","targetHints":{"allow":["GET"]}}],"collection":[{"href":"https:\/\/www.csj-emballages.com\/de\/wp-json\/wp\/v2\/product"}],"about":[{"href":"https:\/\/www.csj-emballages.com\/de\/wp-json\/wp\/v2\/types\/product"}],"wp:featuredmedia":[{"embeddable":true,"href":"https:\/\/www.csj-emballages.com\/de\/wp-json\/wp\/v2\/media\/233804"}],"wp:attachment":[{"href":"https:\/\/www.csj-emballages.com\/de\/wp-json\/wp\/v2\/media?parent=233808"}],"wp:term":[{"taxonomy":"product_brand","embeddable":true,"href":"https:\/\/www.csj-emballages.com\/de\/wp-json\/wp\/v2\/product_brand?post=233808"},{"taxonomy":"product_cat","embeddable":true,"href":"https:\/\/www.csj-emballages.com\/de\/wp-json\/wp\/v2\/product_cat?post=233808"},{"taxonomy":"product_tag","embeddable":true,"href":"https:\/\/www.csj-emballages.com\/de\/wp-json\/wp\/v2\/product_tag?post=233808"}],"curies":[{"name":"wp","href":"https:\/\/api.w.org\/{rel}","templated":true}]}}