{"id":23368,"date":"2024-03-01T16:49:21","date_gmt":"2024-03-01T15:49:21","guid":{"rendered":"https:\/\/u15jnbdpoq.preview.infomaniak.website\/produit\/100-beutel-mit-weisser-spitze-120-x-260-mm\/"},"modified":"2026-03-12T16:39:42","modified_gmt":"2026-03-12T15:39:42","slug":"100-beutel-mit-weisser-spitze-120-x-260-mm","status":"publish","type":"product","link":"https:\/\/www.csj-emballages.com\/de\/produit\/100-beutel-mit-weisser-spitze-120-x-260-mm\/","title":{"rendered":"S\u00fc\u00dfwarenbeutel wei\u00dfe Spitze 120 x 260 mm pro 100"},"content":{"rendered":"<h2 class=\"p1\">S\u00fc\u00dfwarenbeutel<\/h2>\n<hr>\n<h3>Beschreibung von unserem S\u00fc\u00dfwarenbeutel Wei\u00dfe Spitze 120 x 260 mm pro 100<\/h3>\n<p><!--more--><\/p>\n<p data-start=\"0\" data-end=\"507\">Schenken Sie Ihren s\u00fc\u00dfen K\u00f6stlichkeiten eine <strong data-start=\"48\" data-end=\"73\">elegante Pr\u00e4sentation<\/strong> mit unserem <strong data-start=\"100\" data-end=\"159\">Beutel Confiserie Wei\u00dfe Spitze 100 x 220 mm pro 100 St\u00fcck<\/strong>. Sein <strong data-start=\"165\" data-end=\"197\">ikonisches und zeitloses Motiv<\/strong> aus <strong>wei\u00dfer Spitze<\/strong> bringt jede k\u00f6stliche Kreation subtil zur Geltung, ob es sich nun um <strong data-start=\"289\" data-end=\"301\">Kekse<\/strong>, <strong data-start=\"303\" data-end=\"316\">Schokolade<\/strong>, Dragees, Nougat oder feines Geb\u00e4ck handelt. Dank des <strong data-start=\"369\" data-end=\"383\">geformten Bodens<\/strong> sorgt dieser <strong>Beutel<\/strong> f\u00fcr <strong data-start=\"406\" data-end=\"428\">perfekte Stabilit\u00e4t<\/strong> und erm\u00f6glicht eine sorgf\u00e4ltige Pr\u00e4sentation auf Ihren Regalen oder in Ihren Vitrinen.  <\/p>\n<p data-start=\"509\" data-end=\"923\">Fr\u00fcher hatte dieser <strong>Beutel<\/strong> einen Boden aus Pappe, jetzt hat er einen <strong data-start=\"575\" data-end=\"607\">festen Boden aus Polypropylen<\/strong>, eine Innovation, die ihn zu <strong data-start=\"636\" data-end=\"653\">einem Mono-Material<\/strong> und damit <strong data-start=\"662\" data-end=\"688\">vollst\u00e4ndig recycelbar<\/strong> macht. Diese verantwortungsvolle Entscheidung entspricht den Normen des <strong data-start=\"732\" data-end=\"759\">Umweltgesetzbuches<\/strong> und greift den Anforderungen des Gesetzes <strong data-start=\"796\" data-end=\"809\">AGEC 2025<\/strong> vor, w\u00e4hrend Sie gleichzeitig Ihren Abfall reduzieren und aktiv zum Erhalt unseres Planeten beitragen k\u00f6nnen. <\/p>\n<p data-start=\"925\" data-end=\"1285\">Dieser Beutel ist leicht zu bef\u00fcllen und f\u00fchlt sich angenehm an. Er vereint <strong data-start=\"984\" data-end=\"997\">Zweckm\u00e4\u00dfigkeit<\/strong> und <strong data-start=\"1001\" data-end=\"1015\">\u00c4sthetik<\/strong>. Sein raffiniertes Design zieht die Blicke auf sich, w\u00e4hrend seine teilweise Transparenz eine sch\u00f6ne Sicht auf Ihre Produkte bietet und so den Kaufwunsch anregt. Dar\u00fcber hinaus eignet sich das <strong data-start=\"1182\" data-end=\"1205\">Format 120 x 260 mm<\/strong> perfekt f\u00fcr eine Vielzahl von S\u00fc\u00dfwaren oder Petit Fours.  <\/p>\n<p data-start=\"1287\" data-end=\"1652\">Mit der Wahl dieses Beutels werten Sie nicht nur Ihre Kreationen auf, sondern bekr\u00e4ftigen auch Ihr Engagement f\u00fcr eine <strong data-start=\"1413\" data-end=\"1434\">nachhaltige<\/strong> und <strong data-start=\"1438\" data-end=\"1452\">umweltfreundliche<\/strong> <strong data-start=\"1413\" data-end=\"1434\">Verpackung<\/strong>. Er eignet sich sowohl f\u00fcr <strong data-start=\"1482\" data-end=\"1497\">Keks-<\/strong>, <strong data-start=\"1499\" data-end=\"1515\">Schokoladen-<\/strong>, <strong data-start=\"1517\" data-end=\"1531\">S\u00fc\u00dfwaren-<\/strong>, <strong data-start=\"1533\" data-end=\"1547\">Dragee-<\/strong> und <strong data-start=\"1549\" data-end=\"1563\">Nougathersteller<\/strong> als auch f\u00fcr qualit\u00e4ts- und umweltbewusste <strong data-start=\"1571\" data-end=\"1585\">Konditoren<\/strong> oder <strong data-start=\"1589\" data-end=\"1604\">Keksb\u00e4cker<\/strong>. <\/p>\n<p data-start=\"1654\" data-end=\"1798\">Nehmen Sie diesen wei\u00dfen Spitzenbeutel an, um Ihre s\u00fc\u00dfen K\u00f6stlichkeiten zu veredeln und Ihren Kunden ein ebenso sch\u00f6nes wie verantwortungsvolles Erlebnis zu bieten.<\/p>\n<p data-start=\"1367\" data-end=\"1669\"><!--more--><\/p>\n<h4 data-start=\"1367\" data-end=\"1669\">Vorteile :<\/h4>\n<ul>\n<li data-start=\"1367\" data-end=\"1669\"><strong data-start=\"2016\" data-end=\"2034\">Raffiniertes Design<\/strong> mit zeitlosem wei\u00dfem Spitzenmuster.<\/li>\n<li data-start=\"1367\" data-end=\"1669\"><strong data-start=\"2078\" data-end=\"2110\">Starrer Boden aus Polypropylen<\/strong>: Stabilit\u00e4t und Wiederverwertbarkeit.<\/li>\n<li data-start=\"1367\" data-end=\"1669\"><strong data-start=\"2144\" data-end=\"2156\">Entspricht<\/strong> dem Umweltgesetzbuch und dem Gesetz AGEC 2025.<\/li>\n<li data-start=\"1367\" data-end=\"1669\">Ideal f\u00fcr <strong data-start=\"2221\" data-end=\"2275\" data-is-last-node=\"\">Kekse, Schokolade, Dragees, Nougat, Geb\u00e4ck.<\/strong><\/li>\n<\/ul>\n<p>&nbsp;<\/p>\n<p><!--more--><\/p>\n<h4>Weitere Informationen :<\/h4>\n<ul>\n<li><strong>Verpackung<\/strong>: Packung mit 100 St\u00fcck<\/li>\n<li><strong>Ma\u00dfe<\/strong>: 120 x 260 mm<\/li>\n<li><strong>Farbe<\/strong>: Transparent \/ Wei\u00df<\/li>\n<li><strong>Material<\/strong>: OPP<\/li>\n<li><strong>Dicke<\/strong>: 35 Mikron<\/li>\n<\/ul>\n<p>&nbsp;<\/p>\n<p><!--more--><\/p>\n<p>Dieser Plastikbeutel ist in einer kleineren Gr\u00f6\u00dfe erh\u00e4ltlich : <span style=\"color: #d12727;\"><a style=\"color: #d12727;\" href=\"https:\/\/www.csj-emballages.com\/de\/produit\/100-beutel-mit-weisser-spitze-100-x-220-mm\/\">100 x 220 mm<\/a><\/span><\/p>\n<p>&nbsp;<\/p>\n<p><!--more--><\/p>\n<p>Finden Sie diesen Beutel auch in der Farbe Gold : <span style=\"color: #d12727;\"><a style=\"color: #d12727;\" href=\"https:\/\/www.csj-emballages.com\/de\/produit\/100-beutel-suesswaren-spitze-gold-120-x-260-mm\/\">SDENTELLEORT2<\/a><\/span><\/p>\n<p>&nbsp;<\/p>\n<p><!--more--><\/p>\n<p><a href=\"https:\/\/www.csj-emballages.com\/de\/categorie-produit\/lebensmittelverpackungen\/backerei-und-konditorei\/sacke-beutel-und-papier\/beutel-fur-suswaren\/themenbeutel\/klassische-beutel\/\">Sehen Sie sich den Rest unseres Sortiments an klassischen S\u00fc\u00dfwarenbeuteln an<\/a><\/p>\n","protected":false},"excerpt":{"rendered":"<p>S\u00fc\u00dfwarenbeutel Beschreibung von unserem S\u00fc\u00dfwarenbeutel Wei\u00dfe Spitze 120 x 260 mm pro 100<\/p>\n","protected":false},"featured_media":243478,"template":"","meta":{"_acf_changed":false},"product_brand":[],"product_cat":[1137,1171,1678,1692,1487],"product_tag":[],"class_list":{"0":"post-23368","1":"product","2":"type-product","3":"status-publish","4":"has-post-thumbnail","6":"product_cat-lebensmittelverpackungen","7":"product_cat-backerei-und-konditorei","8":"product_cat-beutel-fur-suswaren","9":"product_cat-klassische-beutel","10":"product_cat-boutique-und-geschaft","12":"first","13":"instock","14":"taxable","15":"shipping-taxable","16":"purchasable","17":"product-type-simple"},"acf":[],"yoast_head":"<!-- This site is optimized with the Yoast SEO Premium plugin v26.6 (Yoast SEO v26.6) - https:\/\/yoast.com\/wordpress\/plugins\/seo\/ -->\n<title>Beutel S\u00fc\u00dfwaren Wei\u00dfe Spitze 120 x 260 mm pro 100<\/title>\n<meta name=\"description\" content=\"Wei\u00dfer Spitzen-S\u00fc\u00dfwarenbeutel 120 x 260 mm, recycelbar, elegant und stabil, um Kekse, Schokolade und Dragees zur Geltung zu bringen.\" \/>\n<meta name=\"robots\" content=\"index, follow, max-snippet:-1, max-image-preview:large, max-video-preview:-1\" \/>\n<link rel=\"canonical\" href=\"https:\/\/www.csj-emballages.com\/de\/produit\/100-beutel-mit-weisser-spitze-120-x-260-mm\/\" \/>\n<meta property=\"og:locale\" content=\"de_DE\" \/>\n<meta property=\"og:type\" content=\"article\" \/>\n<meta property=\"og:title\" content=\"S\u00fc\u00dfwarenbeutel wei\u00dfe Spitze 120 x 260 mm pro 100\" \/>\n<meta property=\"og:description\" content=\"Wei\u00dfer Spitzen-S\u00fc\u00dfwarenbeutel 120 x 260 mm, recycelbar, elegant und stabil, um Kekse, Schokolade und Dragees zur Geltung zu bringen.\" \/>\n<meta property=\"og:url\" content=\"https:\/\/www.csj-emballages.com\/de\/produit\/100-beutel-mit-weisser-spitze-120-x-260-mm\/\" \/>\n<meta property=\"og:site_name\" content=\"CSJ Emballages\" \/>\n<meta property=\"article:publisher\" content=\"https:\/\/www.facebook.com\/csjemballages\" \/>\n<meta property=\"article:modified_time\" content=\"2026-03-12T15:39:42+00:00\" \/>\n<meta property=\"og:image\" content=\"https:\/\/www.csj-emballages.com\/wp-content\/uploads\/2024\/03\/SDENTELLEBLT.webp\" \/>\n\t<meta property=\"og:image:width\" content=\"800\" \/>\n\t<meta property=\"og:image:height\" content=\"800\" \/>\n\t<meta property=\"og:image:type\" content=\"image\/webp\" \/>\n<meta name=\"twitter:card\" content=\"summary_large_image\" \/>\n<meta name=\"twitter:label1\" content=\"Gesch\u00e4tzte Lesezeit\" \/>\n\t<meta name=\"twitter:data1\" content=\"2 Minuten\" \/>\n<script type=\"application\/ld+json\" class=\"yoast-schema-graph\">{\"@context\":\"https:\/\/schema.org\",\"@graph\":[{\"@type\":\"WebPage\",\"@id\":\"https:\/\/www.csj-emballages.com\/de\/produit\/100-beutel-mit-weisser-spitze-120-x-260-mm\/\",\"url\":\"https:\/\/www.csj-emballages.com\/de\/produit\/100-beutel-mit-weisser-spitze-120-x-260-mm\/\",\"name\":\"Beutel S\u00fc\u00dfwaren Wei\u00dfe Spitze 120 x 260 mm pro 100\",\"isPartOf\":{\"@id\":\"https:\/\/www.csj-emballages.com\/de\/#website\"},\"primaryImageOfPage\":{\"@id\":\"https:\/\/www.csj-emballages.com\/de\/produit\/100-beutel-mit-weisser-spitze-120-x-260-mm\/#primaryimage\"},\"image\":{\"@id\":\"https:\/\/www.csj-emballages.com\/de\/produit\/100-beutel-mit-weisser-spitze-120-x-260-mm\/#primaryimage\"},\"thumbnailUrl\":\"https:\/\/www.csj-emballages.com\/wp-content\/uploads\/2024\/03\/SDENTELLEBLT.webp\",\"datePublished\":\"2024-03-01T15:49:21+00:00\",\"dateModified\":\"2026-03-12T15:39:42+00:00\",\"description\":\"Wei\u00dfer Spitzen-S\u00fc\u00dfwarenbeutel 120 x 260 mm, recycelbar, elegant und stabil, um Kekse, Schokolade und Dragees zur Geltung zu bringen.\",\"breadcrumb\":{\"@id\":\"https:\/\/www.csj-emballages.com\/de\/produit\/100-beutel-mit-weisser-spitze-120-x-260-mm\/#breadcrumb\"},\"inLanguage\":\"de\",\"potentialAction\":[{\"@type\":\"ReadAction\",\"target\":[\"https:\/\/www.csj-emballages.com\/de\/produit\/100-beutel-mit-weisser-spitze-120-x-260-mm\/\"]}]},{\"@type\":\"ImageObject\",\"inLanguage\":\"de\",\"@id\":\"https:\/\/www.csj-emballages.com\/de\/produit\/100-beutel-mit-weisser-spitze-120-x-260-mm\/#primaryimage\",\"url\":\"https:\/\/www.csj-emballages.com\/wp-content\/uploads\/2024\/03\/SDENTELLEBLT.webp\",\"contentUrl\":\"https:\/\/www.csj-emballages.com\/wp-content\/uploads\/2024\/03\/SDENTELLEBLT.webp\",\"width\":800,\"height\":800,\"caption\":\"Sachet confiserie\"},{\"@type\":\"BreadcrumbList\",\"@id\":\"https:\/\/www.csj-emballages.com\/de\/produit\/100-beutel-mit-weisser-spitze-120-x-260-mm\/#breadcrumb\",\"itemListElement\":[{\"@type\":\"ListItem\",\"position\":1,\"name\":\"Accueil\",\"item\":\"https:\/\/www.csj-emballages.com\/de\/universum-lebensmittelverpackungen\/\"},{\"@type\":\"ListItem\",\"position\":2,\"name\":\"Shop\",\"item\":\"https:\/\/www.csj-emballages.com\/shop\/\"},{\"@type\":\"ListItem\",\"position\":3,\"name\":\"S\u00fc\u00dfwarenbeutel wei\u00dfe Spitze 120 x 260 mm pro 100\"}]},{\"@type\":\"WebSite\",\"@id\":\"https:\/\/www.csj-emballages.com\/de\/#website\",\"url\":\"https:\/\/www.csj-emballages.com\/de\/\",\"name\":\"CSJ Emballages\",\"description\":\"\",\"publisher\":{\"@id\":\"https:\/\/www.csj-emballages.com\/de\/#organization\"},\"potentialAction\":[{\"@type\":\"SearchAction\",\"target\":{\"@type\":\"EntryPoint\",\"urlTemplate\":\"https:\/\/www.csj-emballages.com\/de\/?s={search_term_string}\"},\"query-input\":{\"@type\":\"PropertyValueSpecification\",\"valueRequired\":true,\"valueName\":\"search_term_string\"}}],\"inLanguage\":\"de\"},{\"@type\":\"Organization\",\"@id\":\"https:\/\/www.csj-emballages.com\/de\/#Organization\/\",\"name\":\"CSJ Emballages\",\"url\":\"https:\/\/www.csj-emballages.com\/de\/\",\"logo\":{\"@type\":\"ImageObject\",\"inLanguage\":\"de\",\"@id\":\"https:\/\/www.csj-emballages.com\/de\/#\/schema\/logo\/image\/\",\"url\":\"https:\/\/www.csj-emballages.com\/wp-content\/uploads\/2023\/10\/logo_csj.webp\",\"contentUrl\":\"https:\/\/www.csj-emballages.com\/wp-content\/uploads\/2023\/10\/logo_csj.webp\",\"width\":250,\"height\":95,\"caption\":\"CSJ Emballages\"},\"image\":{\"@id\":\"https:\/\/www.csj-emballages.com\/de\/#\/schema\/logo\/image\/\"},\"sameAs\":[\"https:\/\/www.facebook.com\/csjemballages\"],\"address\":{\"@type\":\"PostalAddress\",\"streetAddress\":\"ZI La Lechere\",\"addressLocality\":\"Patornay\",\"postalCode\":\"39130\",\"addressCountry\":\"FR\"},\"contactPoint\":[{\"@type\":\"ContactPoint\",\"contactType\":\"Service client\",\"telephone\":\"0384254272\",\"email\":\"contact@csj-emballages.com\"}]}]}<\/script>\n<!-- \/ Yoast SEO Premium plugin. -->","yoast_head_json":{"title":"Beutel S\u00fc\u00dfwaren Wei\u00dfe Spitze 120 x 260 mm pro 100","description":"Wei\u00dfer Spitzen-S\u00fc\u00dfwarenbeutel 120 x 260 mm, recycelbar, elegant und stabil, um Kekse, Schokolade und Dragees zur Geltung zu bringen.","robots":{"index":"index","follow":"follow","max-snippet":"max-snippet:-1","max-image-preview":"max-image-preview:large","max-video-preview":"max-video-preview:-1"},"canonical":"https:\/\/www.csj-emballages.com\/de\/produit\/100-beutel-mit-weisser-spitze-120-x-260-mm\/","og_locale":"de_DE","og_type":"article","og_title":"S\u00fc\u00dfwarenbeutel wei\u00dfe Spitze 120 x 260 mm pro 100","og_description":"Wei\u00dfer Spitzen-S\u00fc\u00dfwarenbeutel 120 x 260 mm, recycelbar, elegant und stabil, um Kekse, Schokolade und Dragees zur Geltung zu bringen.","og_url":"https:\/\/www.csj-emballages.com\/de\/produit\/100-beutel-mit-weisser-spitze-120-x-260-mm\/","og_site_name":"CSJ Emballages","article_publisher":"https:\/\/www.facebook.com\/csjemballages","article_modified_time":"2026-03-12T15:39:42+00:00","og_image":[{"width":800,"height":800,"url":"https:\/\/www.csj-emballages.com\/wp-content\/uploads\/2024\/03\/SDENTELLEBLT.webp","type":"image\/webp"}],"twitter_card":"summary_large_image","twitter_misc":{"Gesch\u00e4tzte Lesezeit":"2 Minuten"},"schema":{"@context":"https:\/\/schema.org","@graph":[{"@type":"WebPage","@id":"https:\/\/www.csj-emballages.com\/de\/produit\/100-beutel-mit-weisser-spitze-120-x-260-mm\/","url":"https:\/\/www.csj-emballages.com\/de\/produit\/100-beutel-mit-weisser-spitze-120-x-260-mm\/","name":"Beutel S\u00fc\u00dfwaren Wei\u00dfe Spitze 120 x 260 mm pro 100","isPartOf":{"@id":"https:\/\/www.csj-emballages.com\/de\/#website"},"primaryImageOfPage":{"@id":"https:\/\/www.csj-emballages.com\/de\/produit\/100-beutel-mit-weisser-spitze-120-x-260-mm\/#primaryimage"},"image":{"@id":"https:\/\/www.csj-emballages.com\/de\/produit\/100-beutel-mit-weisser-spitze-120-x-260-mm\/#primaryimage"},"thumbnailUrl":"https:\/\/www.csj-emballages.com\/wp-content\/uploads\/2024\/03\/SDENTELLEBLT.webp","datePublished":"2024-03-01T15:49:21+00:00","dateModified":"2026-03-12T15:39:42+00:00","description":"Wei\u00dfer Spitzen-S\u00fc\u00dfwarenbeutel 120 x 260 mm, recycelbar, elegant und stabil, um Kekse, Schokolade und Dragees zur Geltung zu bringen.","breadcrumb":{"@id":"https:\/\/www.csj-emballages.com\/de\/produit\/100-beutel-mit-weisser-spitze-120-x-260-mm\/#breadcrumb"},"inLanguage":"de","potentialAction":[{"@type":"ReadAction","target":["https:\/\/www.csj-emballages.com\/de\/produit\/100-beutel-mit-weisser-spitze-120-x-260-mm\/"]}]},{"@type":"ImageObject","inLanguage":"de","@id":"https:\/\/www.csj-emballages.com\/de\/produit\/100-beutel-mit-weisser-spitze-120-x-260-mm\/#primaryimage","url":"https:\/\/www.csj-emballages.com\/wp-content\/uploads\/2024\/03\/SDENTELLEBLT.webp","contentUrl":"https:\/\/www.csj-emballages.com\/wp-content\/uploads\/2024\/03\/SDENTELLEBLT.webp","width":800,"height":800,"caption":"Sachet confiserie"},{"@type":"BreadcrumbList","@id":"https:\/\/www.csj-emballages.com\/de\/produit\/100-beutel-mit-weisser-spitze-120-x-260-mm\/#breadcrumb","itemListElement":[{"@type":"ListItem","position":1,"name":"Accueil","item":"https:\/\/www.csj-emballages.com\/de\/universum-lebensmittelverpackungen\/"},{"@type":"ListItem","position":2,"name":"Shop","item":"https:\/\/www.csj-emballages.com\/shop\/"},{"@type":"ListItem","position":3,"name":"S\u00fc\u00dfwarenbeutel wei\u00dfe Spitze 120 x 260 mm pro 100"}]},{"@type":"WebSite","@id":"https:\/\/www.csj-emballages.com\/de\/#website","url":"https:\/\/www.csj-emballages.com\/de\/","name":"CSJ Emballages","description":"","publisher":{"@id":"https:\/\/www.csj-emballages.com\/de\/#organization"},"potentialAction":[{"@type":"SearchAction","target":{"@type":"EntryPoint","urlTemplate":"https:\/\/www.csj-emballages.com\/de\/?s={search_term_string}"},"query-input":{"@type":"PropertyValueSpecification","valueRequired":true,"valueName":"search_term_string"}}],"inLanguage":"de"},{"@type":"Organization","@id":"https:\/\/www.csj-emballages.com\/de\/#Organization\/","name":"CSJ Emballages","url":"https:\/\/www.csj-emballages.com\/de\/","logo":{"@type":"ImageObject","inLanguage":"de","@id":"https:\/\/www.csj-emballages.com\/de\/#\/schema\/logo\/image\/","url":"https:\/\/www.csj-emballages.com\/wp-content\/uploads\/2023\/10\/logo_csj.webp","contentUrl":"https:\/\/www.csj-emballages.com\/wp-content\/uploads\/2023\/10\/logo_csj.webp","width":250,"height":95,"caption":"CSJ Emballages"},"image":{"@id":"https:\/\/www.csj-emballages.com\/de\/#\/schema\/logo\/image\/"},"sameAs":["https:\/\/www.facebook.com\/csjemballages"],"address":{"@type":"PostalAddress","streetAddress":"ZI La Lechere","addressLocality":"Patornay","postalCode":"39130","addressCountry":"FR"},"contactPoint":[{"@type":"ContactPoint","contactType":"Service client","telephone":"0384254272","email":"contact@csj-emballages.com"}]}]}},"df_price":20.1,"df_sale_price":"","df_regular_price":20.1,"df_image_link":"https:\/\/www.csj-emballages.com\/wp-content\/uploads\/2024\/03\/SDENTELLEBLT-300x300.webp","tiered_pricing_type":"fixed","tiered_pricing_fixed_rules":[],"tiered_pricing_percentage_rules":[],"tiered_pricing_minimum":1,"tiered_pricing_roles_data":[],"_links":{"self":[{"href":"https:\/\/www.csj-emballages.com\/de\/wp-json\/wp\/v2\/product\/23368","targetHints":{"allow":["GET"]}}],"collection":[{"href":"https:\/\/www.csj-emballages.com\/de\/wp-json\/wp\/v2\/product"}],"about":[{"href":"https:\/\/www.csj-emballages.com\/de\/wp-json\/wp\/v2\/types\/product"}],"wp:featuredmedia":[{"embeddable":true,"href":"https:\/\/www.csj-emballages.com\/de\/wp-json\/wp\/v2\/media\/243478"}],"wp:attachment":[{"href":"https:\/\/www.csj-emballages.com\/de\/wp-json\/wp\/v2\/media?parent=23368"}],"wp:term":[{"taxonomy":"product_brand","embeddable":true,"href":"https:\/\/www.csj-emballages.com\/de\/wp-json\/wp\/v2\/product_brand?post=23368"},{"taxonomy":"product_cat","embeddable":true,"href":"https:\/\/www.csj-emballages.com\/de\/wp-json\/wp\/v2\/product_cat?post=23368"},{"taxonomy":"product_tag","embeddable":true,"href":"https:\/\/www.csj-emballages.com\/de\/wp-json\/wp\/v2\/product_tag?post=23368"}],"curies":[{"name":"wp","href":"https:\/\/api.w.org\/{rel}","templated":true}]}}