{"id":233531,"date":"2025-04-25T13:31:11","date_gmt":"2025-04-25T11:31:11","guid":{"rendered":"https:\/\/www.csj-emballages.com\/produit\/optima-tortenform-170-mm-pro-70\/"},"modified":"2026-03-12T16:47:00","modified_gmt":"2026-03-12T15:47:00","slug":"optima-tortenform-170-mm-pro-70","status":"publish","type":"product","link":"https:\/\/www.csj-emballages.com\/de\/produit\/optima-tortenform-170-mm-pro-70\/","title":{"rendered":"OPTIMA-Tortenform 170 mm pro 70"},"content":{"rendered":"<h2 class=\"keyword-text _ngcontent-hfn-103\" aria-label=\"moule tourti\u00e8re (mot cl\u00e9 que vous avez fourni).\"><span class=\"keyword _ngcontent-hfn-103\" aria-hidden=\"false\">Tortenform<\/span><\/h2>\n<hr>\n<h3>Beschreibung unserer OPTIMA Turteltaubenform 170 mm mal 70<\/h3>\n<p><!--more--><\/p>\n<p class=\"\" data-start=\"170\" data-end=\"463\">Die <strong>OPTIMA-Tortenform 170 mm<\/strong> ist ein Muss f\u00fcr alle, die in der Gastronomie t\u00e4tig sind und gerne selbst kochen. Sie wurde f\u00fcr ein gleichm\u00e4\u00dfiges Backen und ein leichtes Herausl\u00f6sen aus der Form entwickelt und bietet einen hervorragenden Kompromiss zwischen Zweckm\u00e4\u00dfigkeit, Robustheit und \u00c4sthetik. <\/p>\n<p class=\"\" data-start=\"465\" data-end=\"789\">Mit einem <strong data-start=\"474\" data-end=\"496\">Durchmesser von 170 mm<\/strong> und <strong>einer H\u00f6he von 35 mm<\/strong> ist diese Form perfekt f\u00fcr <strong>kleine, dicke Quiches, s\u00fc\u00dfe oder herzhafte Tartes<\/strong> oder auch individuelle Zubereitungen f\u00fcr raffinierte Tellerservices. Ihre tiefe Form bietet Platz f\u00fcr reichhaltige F\u00fcllungen, ohne dass die Gefahr des \u00dcberlaufens besteht. <\/p>\n<p class=\"\" data-start=\"791\" data-end=\"1034\">Aus <strong data-start=\"808\" data-end=\"843\">hitzebest\u00e4ndigem Material<\/strong> gefertigt, sorgt er f\u00fcr ein gleichm\u00e4\u00dfiges Garen mit einer sch\u00f6nen Br\u00e4unung und einer kontrollierten Textur. Egal, ob Sie ihn in einem herk\u00f6mmlichen Ofen oder mit Umluft verwenden, er garantiert ein sauberes und professionelles Ergebnis. <\/p>\n<p class=\"\" data-start=\"1036\" data-end=\"1359\">Diese <strong>Tortenform<\/strong> wurde entwickelt, um in der K\u00fcche Zeit zu sparen: Sie ist stapelbar, leicht und einfach zu handhaben und passt vom Ofen auf die Arbeitsfl\u00e4che, ohne den Raum zu blockieren. Sie eignet sich sowohl f\u00fcr Caterer, B\u00e4ckereien, Konditoreien und Restaurants als auch f\u00fcr Privatpersonen, die auf der Suche nach einem zuverl\u00e4ssigen und langlebigen Material sind. <\/p>\n<p><!--more--><\/p>\n<h4>Ihre Vorteile :<\/h4>\n<ul>\n<li data-start=\"959\" data-end=\"1054\">Gleichm\u00e4\u00dfiges Garen f\u00fcr ein perfektes Ergebnis<\/li>\n<li data-start=\"959\" data-end=\"1054\">Ideale H\u00f6he f\u00fcr gro\u00dfz\u00fcgige Garnituren.<\/li>\n<li data-start=\"959\" data-end=\"1054\">Einfach zu handhaben und zu stapeln.<\/li>\n<li data-start=\"959\" data-end=\"1054\">Robustes und langlebiges Material.<\/li>\n<li data-start=\"959\" data-end=\"1054\"><strong data-start=\"1671\" data-end=\"1695\">Verkauft in 70 Einheiten<\/strong>: Perfekt f\u00fcr gro\u00dfe Bestellungen und Veranstaltungen.<\/li>\n<\/ul>\n<p>&nbsp;<\/p>\n<p><!--more--><\/p>\n<h4>Weitere Informationen :<\/h4>\n<ul>\n<li><strong>Verpackung<\/strong>: Packung mit 70<\/li>\n<li><strong>Au\u00dfendurchmesser<\/strong>: 195 mm<\/li>\n<li><strong>Innendurchmesser<\/strong>: 170 mm<\/li>\n<li><strong>H\u00f6he<\/strong>: 35 mm<\/li>\n<li><strong>Material<\/strong>: Pappe \/ Papier<\/li>\n<\/ul>\n<p>&nbsp;<\/p>\n<p><!--more--><\/p>\n<p>Hier finden Sie alle verf\u00fcgbaren Gr\u00f6\u00dfen f\u00fcr diese Tortenform: <span style=\"color: #d12727\"><a style=\"color: #d12727\" href=\"https:\/\/www.csj-emballages.com\/es\/produit\/optima-molde-147-mm-par-75\/\">147 mm<\/a><\/span> \/ <span style=\"color: #d12727\"><a style=\"color: #d12727\" href=\"https:\/\/www.csj-emballages.com\/es\/produit\/molde-para-tourtiere-optima-185-mm-250-unid\/\">185 mm<\/a><\/span> \/ <span style=\"color: #d12727\"><a style=\"color: #d12727\" href=\"https:\/\/www.csj-emballages.com\/es\/produit\/optima-molde-218-mm-por-200\/\">218 mm<\/a><\/span> \/ <span style=\"color: #d12727\"><a style=\"color: #d12727\" href=\"https:\/\/www.csj-emballages.com\/es\/produit\/molde-optima-tourtiere-248-mm-por-c\/\">248 mm<\/a><\/span><\/p>\n<p>&nbsp;<\/p>\n<p><!--more--><\/p>\n<p><a href=\"https:\/\/www.csj-emballages.com\/de\/categorie-produit\/lebensmittelverpackungen\/backerei-und-konditorei\/kochen\/backformen-karton-optima\/\">Sehen Sie sich den Rest unseres Sortiments an OPTIMA-Kartonbackformen an.<\/a><\/p>\n<p>&nbsp;<\/p>\n","protected":false},"excerpt":{"rendered":"<p>Tortenform Beschreibung unserer OPTIMA Turteltaubenform 170 mm mal 70<\/p>\n","protected":false},"featured_media":233514,"template":"","meta":{"_acf_changed":false},"product_brand":[],"product_cat":[1137,1171,3968,9372],"product_tag":[],"class_list":{"0":"post-233531","1":"product","2":"type-product","3":"status-publish","4":"has-post-thumbnail","6":"product_cat-lebensmittelverpackungen","7":"product_cat-backerei-und-konditorei","8":"product_cat-kochen","9":"product_cat-backformen-karton-optima","11":"first","12":"instock","13":"taxable","14":"shipping-taxable","15":"purchasable","16":"product-type-simple"},"acf":[],"yoast_head":"<!-- This site is optimized with the Yoast SEO Premium plugin v26.6 (Yoast SEO v26.6) - https:\/\/yoast.com\/wordpress\/plugins\/seo\/ -->\n<title>OPTIMA-Tortenform 170 mm pro 70<\/title>\n<meta name=\"description\" content=\"OPTIMA-Tortenform 170x70 mm ideal f\u00fcr dicke Torten und Kuchen. Robust, praktisch und perfekt f\u00fcr Profis und Privatpersonen.\" \/>\n<meta name=\"robots\" content=\"index, follow, max-snippet:-1, max-image-preview:large, max-video-preview:-1\" \/>\n<link rel=\"canonical\" href=\"https:\/\/www.csj-emballages.com\/de\/produit\/optima-tortenform-170-mm-pro-70\/\" \/>\n<meta property=\"og:locale\" content=\"de_DE\" \/>\n<meta property=\"og:type\" content=\"article\" \/>\n<meta property=\"og:title\" content=\"OPTIMA-Tortenform 170 mm pro 70\" \/>\n<meta property=\"og:description\" content=\"OPTIMA-Tortenform 170x70 mm ideal f\u00fcr dicke Torten und Kuchen. Robust, praktisch und perfekt f\u00fcr Profis und Privatpersonen.\" \/>\n<meta property=\"og:url\" content=\"https:\/\/www.csj-emballages.com\/de\/produit\/optima-tortenform-170-mm-pro-70\/\" \/>\n<meta property=\"og:site_name\" content=\"CSJ Emballages\" \/>\n<meta property=\"article:publisher\" content=\"https:\/\/www.facebook.com\/csjemballages\" \/>\n<meta property=\"article:modified_time\" content=\"2026-03-12T15:47:00+00:00\" \/>\n<meta property=\"og:image\" content=\"https:\/\/www.csj-emballages.com\/wp-content\/uploads\/2025\/04\/MP-2264-140454_Retif_PH_01.webp\" \/>\n\t<meta property=\"og:image:width\" content=\"794\" \/>\n\t<meta property=\"og:image:height\" content=\"794\" \/>\n\t<meta property=\"og:image:type\" content=\"image\/webp\" \/>\n<meta name=\"twitter:card\" content=\"summary_large_image\" \/>\n<meta name=\"twitter:label1\" content=\"Gesch\u00e4tzte Lesezeit\" \/>\n\t<meta name=\"twitter:data1\" content=\"1\u00a0Minute\" \/>\n<script type=\"application\/ld+json\" class=\"yoast-schema-graph\">{\"@context\":\"https:\/\/schema.org\",\"@graph\":[{\"@type\":\"WebPage\",\"@id\":\"https:\/\/www.csj-emballages.com\/de\/produit\/optima-tortenform-170-mm-pro-70\/\",\"url\":\"https:\/\/www.csj-emballages.com\/de\/produit\/optima-tortenform-170-mm-pro-70\/\",\"name\":\"OPTIMA-Tortenform 170 mm pro 70\",\"isPartOf\":{\"@id\":\"https:\/\/www.csj-emballages.com\/de\/#website\"},\"primaryImageOfPage\":{\"@id\":\"https:\/\/www.csj-emballages.com\/de\/produit\/optima-tortenform-170-mm-pro-70\/#primaryimage\"},\"image\":{\"@id\":\"https:\/\/www.csj-emballages.com\/de\/produit\/optima-tortenform-170-mm-pro-70\/#primaryimage\"},\"thumbnailUrl\":\"https:\/\/www.csj-emballages.com\/wp-content\/uploads\/2025\/04\/MP-2264-140454_Retif_PH_01.webp\",\"datePublished\":\"2025-04-25T11:31:11+00:00\",\"dateModified\":\"2026-03-12T15:47:00+00:00\",\"description\":\"OPTIMA-Tortenform 170x70 mm ideal f\u00fcr dicke Torten und Kuchen. Robust, praktisch und perfekt f\u00fcr Profis und Privatpersonen.\",\"breadcrumb\":{\"@id\":\"https:\/\/www.csj-emballages.com\/de\/produit\/optima-tortenform-170-mm-pro-70\/#breadcrumb\"},\"inLanguage\":\"de\",\"potentialAction\":[{\"@type\":\"ReadAction\",\"target\":[\"https:\/\/www.csj-emballages.com\/de\/produit\/optima-tortenform-170-mm-pro-70\/\"]}]},{\"@type\":\"ImageObject\",\"inLanguage\":\"de\",\"@id\":\"https:\/\/www.csj-emballages.com\/de\/produit\/optima-tortenform-170-mm-pro-70\/#primaryimage\",\"url\":\"https:\/\/www.csj-emballages.com\/wp-content\/uploads\/2025\/04\/MP-2264-140454_Retif_PH_01.webp\",\"contentUrl\":\"https:\/\/www.csj-emballages.com\/wp-content\/uploads\/2025\/04\/MP-2264-140454_Retif_PH_01.webp\",\"width\":794,\"height\":794,\"caption\":\"Assiette \u00e0 escargots Description de notre assiette \u00e0 escargots aluminium \u00d8138 mm par 100 L\u2019assiette \u00e0 escargots en aluminium \u00d8138 mm est un indispensable pour les professionnels de la restauration et les amateurs de cuisine traditionnelle. Con\u00e7ue sp\u00e9cialement pour la cuisson et le service des escargots, elle permet une pr\u00e9sentation \u00e9l\u00e9gante et un maintien optimal des coquilles gr\u00e2ce \u00e0 ses cavit\u00e9s adapt\u00e9es. Sa fabrication en aluminium l\u00e9ger et r\u00e9sistant garantit une excellente r\u00e9partition de la chaleur pour une cuisson homog\u00e8ne tout en offrant une grande facilit\u00e9 d'utilisation. En effet, vendu par lot de 100 assiettes, ce produit est id\u00e9al pour les traiteurs, restaurateurs, et particuliers, souhaitant proposer un service soign\u00e9 lors de repas gastronomiques ou d\u2019\u00e9v\u00e9nements sp\u00e9ciaux. En r\u00e9sum\u00e9, que ce soit pour une utilisation en cuisine professionnelle ou \u00e0 domicile, cette assiette \u00e0 escargots est la solution parfaite pour sublimer vos pr\u00e9parations et offrir \u00e0 vos convives une exp\u00e9rience authentique et raffin\u00e9e. Leurs avantages : Format pratique : Diam\u00e8tre de 138 mm, id\u00e9al pour une portion d\u2019escargots bien pr\u00e9sent\u00e9e. Mat\u00e9riau de qualit\u00e9 : Aluminium l\u00e9ger, r\u00e9sistant \u00e0 la chaleur et recyclable. Cuisson homog\u00e8ne : Excellente r\u00e9partition thermique pour une pr\u00e9paration parfaite. Utilisation professionnelle et domestique : Convient aux restaurateurs, traiteurs et particuliers. Vendu par 100 unit\u00e9s : Parfait pour les grandes commandes et les \u00e9v\u00e9nements. Autres informations : Conditionnement : Paquet de 100 Diam\u00e8tre ext\u00e9rieur : 135 mm Diam\u00e8tre int\u00e9rieur : 114 mm Mati\u00e8re : Aluminium Dimension creux : \u00d820 mm Temp\u00e9rature d'utilisation : -20\u00b0C \/ +350\u00b0C Consultez le reste de notre de notre gamme d'emballages en aluminium\"},{\"@type\":\"BreadcrumbList\",\"@id\":\"https:\/\/www.csj-emballages.com\/de\/produit\/optima-tortenform-170-mm-pro-70\/#breadcrumb\",\"itemListElement\":[{\"@type\":\"ListItem\",\"position\":1,\"name\":\"Accueil\",\"item\":\"https:\/\/www.csj-emballages.com\/de\/universum-lebensmittelverpackungen\/\"},{\"@type\":\"ListItem\",\"position\":2,\"name\":\"Shop\",\"item\":\"https:\/\/www.csj-emballages.com\/shop\/\"},{\"@type\":\"ListItem\",\"position\":3,\"name\":\"OPTIMA-Tortenform 170 mm pro 70\"}]},{\"@type\":\"WebSite\",\"@id\":\"https:\/\/www.csj-emballages.com\/de\/#website\",\"url\":\"https:\/\/www.csj-emballages.com\/de\/\",\"name\":\"CSJ Emballages\",\"description\":\"\",\"publisher\":{\"@id\":\"https:\/\/www.csj-emballages.com\/de\/#organization\"},\"potentialAction\":[{\"@type\":\"SearchAction\",\"target\":{\"@type\":\"EntryPoint\",\"urlTemplate\":\"https:\/\/www.csj-emballages.com\/de\/?s={search_term_string}\"},\"query-input\":{\"@type\":\"PropertyValueSpecification\",\"valueRequired\":true,\"valueName\":\"search_term_string\"}}],\"inLanguage\":\"de\"},{\"@type\":\"Organization\",\"@id\":\"https:\/\/www.csj-emballages.com\/de\/#Organization\/\",\"name\":\"CSJ Emballages\",\"url\":\"https:\/\/www.csj-emballages.com\/de\/\",\"logo\":{\"@type\":\"ImageObject\",\"inLanguage\":\"de\",\"@id\":\"https:\/\/www.csj-emballages.com\/de\/#\/schema\/logo\/image\/\",\"url\":\"https:\/\/www.csj-emballages.com\/wp-content\/uploads\/2023\/10\/logo_csj.webp\",\"contentUrl\":\"https:\/\/www.csj-emballages.com\/wp-content\/uploads\/2023\/10\/logo_csj.webp\",\"width\":250,\"height\":95,\"caption\":\"CSJ Emballages\"},\"image\":{\"@id\":\"https:\/\/www.csj-emballages.com\/de\/#\/schema\/logo\/image\/\"},\"sameAs\":[\"https:\/\/www.facebook.com\/csjemballages\"],\"address\":{\"@type\":\"PostalAddress\",\"streetAddress\":\"ZI La Lechere\",\"addressLocality\":\"Patornay\",\"postalCode\":\"39130\",\"addressCountry\":\"FR\"},\"contactPoint\":[{\"@type\":\"ContactPoint\",\"contactType\":\"Service client\",\"telephone\":\"0384254272\",\"email\":\"contact@csj-emballages.com\"}]}]}<\/script>\n<!-- \/ Yoast SEO Premium plugin. -->","yoast_head_json":{"title":"OPTIMA-Tortenform 170 mm pro 70","description":"OPTIMA-Tortenform 170x70 mm ideal f\u00fcr dicke Torten und Kuchen. Robust, praktisch und perfekt f\u00fcr Profis und Privatpersonen.","robots":{"index":"index","follow":"follow","max-snippet":"max-snippet:-1","max-image-preview":"max-image-preview:large","max-video-preview":"max-video-preview:-1"},"canonical":"https:\/\/www.csj-emballages.com\/de\/produit\/optima-tortenform-170-mm-pro-70\/","og_locale":"de_DE","og_type":"article","og_title":"OPTIMA-Tortenform 170 mm pro 70","og_description":"OPTIMA-Tortenform 170x70 mm ideal f\u00fcr dicke Torten und Kuchen. Robust, praktisch und perfekt f\u00fcr Profis und Privatpersonen.","og_url":"https:\/\/www.csj-emballages.com\/de\/produit\/optima-tortenform-170-mm-pro-70\/","og_site_name":"CSJ Emballages","article_publisher":"https:\/\/www.facebook.com\/csjemballages","article_modified_time":"2026-03-12T15:47:00+00:00","og_image":[{"width":794,"height":794,"url":"https:\/\/www.csj-emballages.com\/wp-content\/uploads\/2025\/04\/MP-2264-140454_Retif_PH_01.webp","type":"image\/webp"}],"twitter_card":"summary_large_image","twitter_misc":{"Gesch\u00e4tzte Lesezeit":"1\u00a0Minute"},"schema":{"@context":"https:\/\/schema.org","@graph":[{"@type":"WebPage","@id":"https:\/\/www.csj-emballages.com\/de\/produit\/optima-tortenform-170-mm-pro-70\/","url":"https:\/\/www.csj-emballages.com\/de\/produit\/optima-tortenform-170-mm-pro-70\/","name":"OPTIMA-Tortenform 170 mm pro 70","isPartOf":{"@id":"https:\/\/www.csj-emballages.com\/de\/#website"},"primaryImageOfPage":{"@id":"https:\/\/www.csj-emballages.com\/de\/produit\/optima-tortenform-170-mm-pro-70\/#primaryimage"},"image":{"@id":"https:\/\/www.csj-emballages.com\/de\/produit\/optima-tortenform-170-mm-pro-70\/#primaryimage"},"thumbnailUrl":"https:\/\/www.csj-emballages.com\/wp-content\/uploads\/2025\/04\/MP-2264-140454_Retif_PH_01.webp","datePublished":"2025-04-25T11:31:11+00:00","dateModified":"2026-03-12T15:47:00+00:00","description":"OPTIMA-Tortenform 170x70 mm ideal f\u00fcr dicke Torten und Kuchen. Robust, praktisch und perfekt f\u00fcr Profis und Privatpersonen.","breadcrumb":{"@id":"https:\/\/www.csj-emballages.com\/de\/produit\/optima-tortenform-170-mm-pro-70\/#breadcrumb"},"inLanguage":"de","potentialAction":[{"@type":"ReadAction","target":["https:\/\/www.csj-emballages.com\/de\/produit\/optima-tortenform-170-mm-pro-70\/"]}]},{"@type":"ImageObject","inLanguage":"de","@id":"https:\/\/www.csj-emballages.com\/de\/produit\/optima-tortenform-170-mm-pro-70\/#primaryimage","url":"https:\/\/www.csj-emballages.com\/wp-content\/uploads\/2025\/04\/MP-2264-140454_Retif_PH_01.webp","contentUrl":"https:\/\/www.csj-emballages.com\/wp-content\/uploads\/2025\/04\/MP-2264-140454_Retif_PH_01.webp","width":794,"height":794,"caption":"Assiette \u00e0 escargots Description de notre assiette \u00e0 escargots aluminium \u00d8138 mm par 100 L\u2019assiette \u00e0 escargots en aluminium \u00d8138 mm est un indispensable pour les professionnels de la restauration et les amateurs de cuisine traditionnelle. Con\u00e7ue sp\u00e9cialement pour la cuisson et le service des escargots, elle permet une pr\u00e9sentation \u00e9l\u00e9gante et un maintien optimal des coquilles gr\u00e2ce \u00e0 ses cavit\u00e9s adapt\u00e9es. Sa fabrication en aluminium l\u00e9ger et r\u00e9sistant garantit une excellente r\u00e9partition de la chaleur pour une cuisson homog\u00e8ne tout en offrant une grande facilit\u00e9 d'utilisation. En effet, vendu par lot de 100 assiettes, ce produit est id\u00e9al pour les traiteurs, restaurateurs, et particuliers, souhaitant proposer un service soign\u00e9 lors de repas gastronomiques ou d\u2019\u00e9v\u00e9nements sp\u00e9ciaux. En r\u00e9sum\u00e9, que ce soit pour une utilisation en cuisine professionnelle ou \u00e0 domicile, cette assiette \u00e0 escargots est la solution parfaite pour sublimer vos pr\u00e9parations et offrir \u00e0 vos convives une exp\u00e9rience authentique et raffin\u00e9e. Leurs avantages : Format pratique : Diam\u00e8tre de 138 mm, id\u00e9al pour une portion d\u2019escargots bien pr\u00e9sent\u00e9e. Mat\u00e9riau de qualit\u00e9 : Aluminium l\u00e9ger, r\u00e9sistant \u00e0 la chaleur et recyclable. Cuisson homog\u00e8ne : Excellente r\u00e9partition thermique pour une pr\u00e9paration parfaite. Utilisation professionnelle et domestique : Convient aux restaurateurs, traiteurs et particuliers. Vendu par 100 unit\u00e9s : Parfait pour les grandes commandes et les \u00e9v\u00e9nements. Autres informations : Conditionnement : Paquet de 100 Diam\u00e8tre ext\u00e9rieur : 135 mm Diam\u00e8tre int\u00e9rieur : 114 mm Mati\u00e8re : Aluminium Dimension creux : \u00d820 mm Temp\u00e9rature d'utilisation : -20\u00b0C \/ +350\u00b0C Consultez le reste de notre de notre gamme d'emballages en aluminium"},{"@type":"BreadcrumbList","@id":"https:\/\/www.csj-emballages.com\/de\/produit\/optima-tortenform-170-mm-pro-70\/#breadcrumb","itemListElement":[{"@type":"ListItem","position":1,"name":"Accueil","item":"https:\/\/www.csj-emballages.com\/de\/universum-lebensmittelverpackungen\/"},{"@type":"ListItem","position":2,"name":"Shop","item":"https:\/\/www.csj-emballages.com\/shop\/"},{"@type":"ListItem","position":3,"name":"OPTIMA-Tortenform 170 mm pro 70"}]},{"@type":"WebSite","@id":"https:\/\/www.csj-emballages.com\/de\/#website","url":"https:\/\/www.csj-emballages.com\/de\/","name":"CSJ Emballages","description":"","publisher":{"@id":"https:\/\/www.csj-emballages.com\/de\/#organization"},"potentialAction":[{"@type":"SearchAction","target":{"@type":"EntryPoint","urlTemplate":"https:\/\/www.csj-emballages.com\/de\/?s={search_term_string}"},"query-input":{"@type":"PropertyValueSpecification","valueRequired":true,"valueName":"search_term_string"}}],"inLanguage":"de"},{"@type":"Organization","@id":"https:\/\/www.csj-emballages.com\/de\/#Organization\/","name":"CSJ Emballages","url":"https:\/\/www.csj-emballages.com\/de\/","logo":{"@type":"ImageObject","inLanguage":"de","@id":"https:\/\/www.csj-emballages.com\/de\/#\/schema\/logo\/image\/","url":"https:\/\/www.csj-emballages.com\/wp-content\/uploads\/2023\/10\/logo_csj.webp","contentUrl":"https:\/\/www.csj-emballages.com\/wp-content\/uploads\/2023\/10\/logo_csj.webp","width":250,"height":95,"caption":"CSJ Emballages"},"image":{"@id":"https:\/\/www.csj-emballages.com\/de\/#\/schema\/logo\/image\/"},"sameAs":["https:\/\/www.facebook.com\/csjemballages"],"address":{"@type":"PostalAddress","streetAddress":"ZI La Lechere","addressLocality":"Patornay","postalCode":"39130","addressCountry":"FR"},"contactPoint":[{"@type":"ContactPoint","contactType":"Service client","telephone":"0384254272","email":"contact@csj-emballages.com"}]}]}},"df_price":31.12,"df_sale_price":"","df_regular_price":31.12,"df_image_link":"https:\/\/www.csj-emballages.com\/wp-content\/uploads\/2025\/04\/MP-2264-140454_Retif_PH_01-300x300.webp","tiered_pricing_type":"fixed","tiered_pricing_fixed_rules":[],"tiered_pricing_percentage_rules":[],"tiered_pricing_minimum":1,"tiered_pricing_roles_data":[],"_links":{"self":[{"href":"https:\/\/www.csj-emballages.com\/de\/wp-json\/wp\/v2\/product\/233531","targetHints":{"allow":["GET"]}}],"collection":[{"href":"https:\/\/www.csj-emballages.com\/de\/wp-json\/wp\/v2\/product"}],"about":[{"href":"https:\/\/www.csj-emballages.com\/de\/wp-json\/wp\/v2\/types\/product"}],"wp:featuredmedia":[{"embeddable":true,"href":"https:\/\/www.csj-emballages.com\/de\/wp-json\/wp\/v2\/media\/233514"}],"wp:attachment":[{"href":"https:\/\/www.csj-emballages.com\/de\/wp-json\/wp\/v2\/media?parent=233531"}],"wp:term":[{"taxonomy":"product_brand","embeddable":true,"href":"https:\/\/www.csj-emballages.com\/de\/wp-json\/wp\/v2\/product_brand?post=233531"},{"taxonomy":"product_cat","embeddable":true,"href":"https:\/\/www.csj-emballages.com\/de\/wp-json\/wp\/v2\/product_cat?post=233531"},{"taxonomy":"product_tag","embeddable":true,"href":"https:\/\/www.csj-emballages.com\/de\/wp-json\/wp\/v2\/product_tag?post=233531"}],"curies":[{"name":"wp","href":"https:\/\/api.w.org\/{rel}","templated":true}]}}