{"id":23342,"date":"2024-03-01T16:49:24","date_gmt":"2024-03-01T15:49:24","guid":{"rendered":"https:\/\/u15jnbdpoq.preview.infomaniak.website\/produit\/braunes-klebeband-bopp-48mm-x-126m\/"},"modified":"2026-05-03T02:11:33","modified_gmt":"2026-05-03T00:11:33","slug":"braunes-klebeband-bopp-48mm-x-126m","status":"publish","type":"product","link":"https:\/\/www.csj-emballages.com\/de\/produit\/braunes-klebeband-bopp-48mm-x-126m\/","title":{"rendered":"Braunes PVC-Klebeband 48mm x 126m"},"content":{"rendered":"<h2>Braunes Klebeband<\/h2>\n<hr>\n<h3>Entdecken Sie unser braunes PVC-Klebeband 48mm x 126m<\/h3>\n<p><!--more--><\/p>\n<p data-start=\"199\" data-end=\"570\">Das <strong>braune PVC-Klebeband 48 mm x 126 m<\/strong> ist speziell daf\u00fcr konzipiert, einen <strong data-start=\"283\" data-end=\"317\">sicheren und dauerhaften Verschluss<\/strong> Ihrer <strong>Kartons<\/strong> zu gew\u00e4hrleisten, unabh\u00e4ngig von Ihrem Verpackungstempo. Hergestellt aus einer hochwertigen <strong>PVC-Folie<\/strong>, bietet es eine <strong data-start=\"465\" data-end=\"496\">hohe mechanische Festigkeit<\/strong>, wodurch das Risiko von Rissen beim Anbringen oder Transport minimiert wird. <\/p>\n<p data-start=\"572\" data-end=\"955\">Tats\u00e4chlich erm\u00f6glicht seine <strong>Breite von 48 mm<\/strong> eine optimale Abdeckung der Laschen und gew\u00e4hrleistet eine <strong data-start=\"648\" data-end=\"680\">gleichm\u00e4\u00dfige und zuverl\u00e4ssige Haftung<\/strong> auf <strong>ein- oder zweiwelligen<\/strong> Kartons, einschlie\u00dflich recycelter Kartons. Dank seines <strong>leistungsstarken Klebstoffs<\/strong> h\u00e4lt dieses <strong>Klebeband<\/strong> Pakete \u00fcber lange Zeitr\u00e4ume effektiv verschlossen, selbst bei wiederholtem Handling, l\u00e4ngerer Lagerung oder Langstreckentransport. <\/p>\n<p data-start=\"957\" data-end=\"1299\">Zudem bietet dieses <strong>gro\u00dfz\u00fcgigen L\u00e4nge von 126 Metern<\/strong> eine <strong>braune Packband<\/strong> mit einer <strong data-start=\"1026\" data-end=\"1049\">hervorragende Ergiebigkeit<\/strong>, reduziert die H\u00e4ufigkeit des Rollenwechsels und verbessert die Produktivit\u00e4t an den Packstationen. Sein reibungsloses Abrollen gew\u00e4hrleistet ein schnelles und gleichm\u00e4\u00dfiges Anbringen, von Hand oder mit einem Abroller, f\u00fcr optimalen Bedienkomfort. <\/p>\n<p data-start=\"1301\" data-end=\"1643\">Seine <strong>braune Farbe<\/strong> sorgt f\u00fcr ein <strong data-start=\"1330\" data-end=\"1362\">diskretes und gepflegtes Erscheinungsbild<\/strong>. Zusammenfassend ist dieses <strong>PVC-Klebeband<\/strong> unverzichtbar, um Ihre Sendungen zu sichern und gleichzeitig eine professionelle Pr\u00e4sentation Ihrer Pakete zu gew\u00e4hrleisten. <\/p>\n<p><!--more--><\/p>\n<h4>Vorteile :<\/h4>\n<ul>\n<li data-start=\"1667\" data-end=\"1712\">Stabiler und dauerhafter Verschluss von Kartons.<\/li>\n<li data-start=\"1715\" data-end=\"1778\"><strong>Effektive Haftung<\/strong> auf neuen, recycelten oder Wellpappkartons.<\/li>\n<li data-start=\"1781\" data-end=\"1829\"><strong>Hochfeste PVC-Folie<\/strong>, rei\u00dffest.<\/li>\n<li data-start=\"1832\" data-end=\"1881\">L\u00e4nge 126 m f\u00fcr erh\u00f6hte Produktivit\u00e4t.<\/li>\n<li data-start=\"1884\" data-end=\"1944\">Reibungsloses Abrollen, kompatibel mit manuellen Abrollern.<\/li>\n<li data-start=\"1947\" data-end=\"2014\"><strong>Diskretes braunes Aussehen<\/strong>, ideal f\u00fcr Versand und Lagerung.<\/li>\n<\/ul>\n<p>&nbsp;<\/p>\n<p><!--more--><\/p>\n<h4>Weitere Informationen :<\/h4>\n<ul>\n<li><strong>Verpackung<\/strong>: Einzeln<\/li>\n<li><strong>Breite<\/strong> : 48mm<\/li>\n<li><strong>L\u00e4nge<\/strong>: 126m<\/li>\n<li><strong>Farbe<\/strong>: Braun<\/li>\n<li><strong>Material<\/strong>: PVC<\/li>\n<\/ul>\n<p>&nbsp;<\/p>\n<p><!--more--><\/p>\n<p>Hier finden Sie unseren Klebebandabroller: <span style=\"color: #d12727;\"><a style=\"color: #d12727;\" href=\"https:\/\/www.csj-emballages.com\/it\/produit\/dispenser-per-nastro-adesivo-eco-50-mm\/\">DEVIRUB<\/a><\/span><\/p>\n<p>&nbsp;<\/p>\n<p><!--more--><\/p>\n<p>Wir bieten Ihnen auch unser transparentes PVC-Klebeband 19mm x 66m an: <span style=\"color: #d12727;\"><a style=\"color: #d12727;\" href=\"https:\/\/www.csj-emballages.com\/it\/produit\/nastro-adesivo-trasparente-pvc-19-mm-x-66-m\/\">13520<\/a><\/span><\/p>\n<p>&nbsp;<\/p>\n<p><!--more--><\/p>\n<p><a href=\"https:\/\/www.csj-emballages.com\/de\/categorie-produit\/industrielle-verpackungen\/abroller-und-klebebander\/\">Entdecken Sie unser weiteres Sortiment an Abrollern und Klebeb\u00e4ndern<\/a><\/p>\n<p>&nbsp;<\/p>\n","protected":false},"excerpt":{"rendered":"<p>Braunes Klebeband Entdecken Sie unser braunes PVC-Klebeband 48mm x 126m<\/p>\n","protected":false},"featured_media":263385,"template":"","meta":{"_acf_changed":false},"product_brand":[],"product_cat":[1137,1206,1913],"product_tag":[],"class_list":{"0":"post-23342","1":"product","2":"type-product","3":"status-publish","4":"has-post-thumbnail","6":"product_cat-lebensmittelverpackungen","7":"product_cat-industrielle-verpackungen","8":"product_cat-abroller-und-klebebander","10":"first","11":"instock","12":"taxable","13":"shipping-taxable","14":"purchasable","15":"product-type-simple"},"acf":[],"yoast_head":"<!-- This site is optimized with the Yoast SEO Premium plugin v26.6 (Yoast SEO v26.6) - https:\/\/yoast.com\/wordpress\/plugins\/seo\/ -->\n<title>Braunes PVC-Klebeband 48mm x 126m<\/title>\n<meta name=\"description\" content=\"Braunes BOPP-Klebeband 48 mm x 126 m, hohe Rei\u00dffestigkeit und ausgezeichnete Haftung f\u00fcr den sicheren Verschluss von Verpackungskartons.\" \/>\n<meta name=\"robots\" content=\"index, follow, max-snippet:-1, max-image-preview:large, max-video-preview:-1\" \/>\n<link rel=\"canonical\" href=\"https:\/\/www.csj-emballages.com\/de\/produit\/braunes-klebeband-bopp-48mm-x-126m\/\" \/>\n<meta property=\"og:locale\" content=\"de_DE\" \/>\n<meta property=\"og:type\" content=\"article\" \/>\n<meta property=\"og:title\" content=\"Braunes PVC-Klebeband 48mm x 126m\" \/>\n<meta property=\"og:description\" content=\"Braunes BOPP-Klebeband 48 mm x 126 m, hohe Rei\u00dffestigkeit und ausgezeichnete Haftung f\u00fcr den sicheren Verschluss von Verpackungskartons.\" \/>\n<meta property=\"og:url\" content=\"https:\/\/www.csj-emballages.com\/de\/produit\/braunes-klebeband-bopp-48mm-x-126m\/\" \/>\n<meta property=\"og:site_name\" content=\"CSJ Emballages\" \/>\n<meta property=\"article:publisher\" content=\"https:\/\/www.facebook.com\/csjemballages\" \/>\n<meta property=\"article:modified_time\" content=\"2026-05-03T00:11:33+00:00\" \/>\n<meta property=\"og:image\" content=\"https:\/\/www.csj-emballages.com\/wp-content\/uploads\/2024\/03\/SCOTCHPVC.webp\" \/>\n\t<meta property=\"og:image:width\" content=\"800\" \/>\n\t<meta property=\"og:image:height\" content=\"800\" \/>\n\t<meta property=\"og:image:type\" content=\"image\/webp\" \/>\n<meta name=\"twitter:card\" content=\"summary_large_image\" \/>\n<meta name=\"twitter:label1\" content=\"Gesch\u00e4tzte Lesezeit\" \/>\n\t<meta name=\"twitter:data1\" content=\"1\u00a0Minute\" \/>\n<script type=\"application\/ld+json\" class=\"yoast-schema-graph\">{\"@context\":\"https:\/\/schema.org\",\"@graph\":[{\"@type\":\"WebPage\",\"@id\":\"https:\/\/www.csj-emballages.com\/de\/produit\/braunes-klebeband-bopp-48mm-x-126m\/\",\"url\":\"https:\/\/www.csj-emballages.com\/de\/produit\/braunes-klebeband-bopp-48mm-x-126m\/\",\"name\":\"Braunes PVC-Klebeband 48mm x 126m\",\"isPartOf\":{\"@id\":\"https:\/\/www.csj-emballages.com\/de\/#website\"},\"primaryImageOfPage\":{\"@id\":\"https:\/\/www.csj-emballages.com\/de\/produit\/braunes-klebeband-bopp-48mm-x-126m\/#primaryimage\"},\"image\":{\"@id\":\"https:\/\/www.csj-emballages.com\/de\/produit\/braunes-klebeband-bopp-48mm-x-126m\/#primaryimage\"},\"thumbnailUrl\":\"https:\/\/www.csj-emballages.com\/wp-content\/uploads\/2024\/03\/SCOTCHPVC.webp\",\"datePublished\":\"2024-03-01T15:49:24+00:00\",\"dateModified\":\"2026-05-03T00:11:33+00:00\",\"description\":\"Braunes BOPP-Klebeband 48 mm x 126 m, hohe Rei\u00dffestigkeit und ausgezeichnete Haftung f\u00fcr den sicheren Verschluss von Verpackungskartons.\",\"breadcrumb\":{\"@id\":\"https:\/\/www.csj-emballages.com\/de\/produit\/braunes-klebeband-bopp-48mm-x-126m\/#breadcrumb\"},\"inLanguage\":\"de\",\"potentialAction\":[{\"@type\":\"ReadAction\",\"target\":[\"https:\/\/www.csj-emballages.com\/de\/produit\/braunes-klebeband-bopp-48mm-x-126m\/\"]}]},{\"@type\":\"ImageObject\",\"inLanguage\":\"de\",\"@id\":\"https:\/\/www.csj-emballages.com\/de\/produit\/braunes-klebeband-bopp-48mm-x-126m\/#primaryimage\",\"url\":\"https:\/\/www.csj-emballages.com\/wp-content\/uploads\/2024\/03\/SCOTCHPVC.webp\",\"contentUrl\":\"https:\/\/www.csj-emballages.com\/wp-content\/uploads\/2024\/03\/SCOTCHPVC.webp\",\"width\":800,\"height\":800,\"caption\":\"Ruban adh\u00e9sif\"},{\"@type\":\"BreadcrumbList\",\"@id\":\"https:\/\/www.csj-emballages.com\/de\/produit\/braunes-klebeband-bopp-48mm-x-126m\/#breadcrumb\",\"itemListElement\":[{\"@type\":\"ListItem\",\"position\":1,\"name\":\"Accueil\",\"item\":\"https:\/\/www.csj-emballages.com\/de\/universum-lebensmittelverpackungen\/\"},{\"@type\":\"ListItem\",\"position\":2,\"name\":\"Shop\",\"item\":\"https:\/\/www.csj-emballages.com\/shop\/\"},{\"@type\":\"ListItem\",\"position\":3,\"name\":\"Braunes PVC-Klebeband 48mm x 126m\"}]},{\"@type\":\"WebSite\",\"@id\":\"https:\/\/www.csj-emballages.com\/de\/#website\",\"url\":\"https:\/\/www.csj-emballages.com\/de\/\",\"name\":\"CSJ Emballages\",\"description\":\"\",\"publisher\":{\"@id\":\"https:\/\/www.csj-emballages.com\/de\/#organization\"},\"potentialAction\":[{\"@type\":\"SearchAction\",\"target\":{\"@type\":\"EntryPoint\",\"urlTemplate\":\"https:\/\/www.csj-emballages.com\/de\/?s={search_term_string}\"},\"query-input\":{\"@type\":\"PropertyValueSpecification\",\"valueRequired\":true,\"valueName\":\"search_term_string\"}}],\"inLanguage\":\"de\"},{\"@type\":\"Organization\",\"@id\":\"https:\/\/www.csj-emballages.com\/de\/#Organization\/\",\"name\":\"CSJ Emballages\",\"url\":\"https:\/\/www.csj-emballages.com\/de\/\",\"logo\":{\"@type\":\"ImageObject\",\"inLanguage\":\"de\",\"@id\":\"https:\/\/www.csj-emballages.com\/de\/#\/schema\/logo\/image\/\",\"url\":\"https:\/\/www.csj-emballages.com\/wp-content\/uploads\/2023\/10\/logo_csj.webp\",\"contentUrl\":\"https:\/\/www.csj-emballages.com\/wp-content\/uploads\/2023\/10\/logo_csj.webp\",\"width\":250,\"height\":95,\"caption\":\"CSJ Emballages\"},\"image\":{\"@id\":\"https:\/\/www.csj-emballages.com\/de\/#\/schema\/logo\/image\/\"},\"sameAs\":[\"https:\/\/www.facebook.com\/csjemballages\"],\"address\":{\"@type\":\"PostalAddress\",\"streetAddress\":\"ZI La Lechere\",\"addressLocality\":\"Patornay\",\"postalCode\":\"39130\",\"addressCountry\":\"FR\"},\"contactPoint\":[{\"@type\":\"ContactPoint\",\"contactType\":\"Service client\",\"telephone\":\"0384254272\",\"email\":\"contact@csj-emballages.com\"}]}]}<\/script>\n<!-- \/ Yoast SEO Premium plugin. -->","yoast_head_json":{"title":"Braunes PVC-Klebeband 48mm x 126m","description":"Braunes BOPP-Klebeband 48 mm x 126 m, hohe Rei\u00dffestigkeit und ausgezeichnete Haftung f\u00fcr den sicheren Verschluss von Verpackungskartons.","robots":{"index":"index","follow":"follow","max-snippet":"max-snippet:-1","max-image-preview":"max-image-preview:large","max-video-preview":"max-video-preview:-1"},"canonical":"https:\/\/www.csj-emballages.com\/de\/produit\/braunes-klebeband-bopp-48mm-x-126m\/","og_locale":"de_DE","og_type":"article","og_title":"Braunes PVC-Klebeband 48mm x 126m","og_description":"Braunes BOPP-Klebeband 48 mm x 126 m, hohe Rei\u00dffestigkeit und ausgezeichnete Haftung f\u00fcr den sicheren Verschluss von Verpackungskartons.","og_url":"https:\/\/www.csj-emballages.com\/de\/produit\/braunes-klebeband-bopp-48mm-x-126m\/","og_site_name":"CSJ Emballages","article_publisher":"https:\/\/www.facebook.com\/csjemballages","article_modified_time":"2026-05-03T00:11:33+00:00","og_image":[{"width":800,"height":800,"url":"https:\/\/www.csj-emballages.com\/wp-content\/uploads\/2024\/03\/SCOTCHPVC.webp","type":"image\/webp"}],"twitter_card":"summary_large_image","twitter_misc":{"Gesch\u00e4tzte Lesezeit":"1\u00a0Minute"},"schema":{"@context":"https:\/\/schema.org","@graph":[{"@type":"WebPage","@id":"https:\/\/www.csj-emballages.com\/de\/produit\/braunes-klebeband-bopp-48mm-x-126m\/","url":"https:\/\/www.csj-emballages.com\/de\/produit\/braunes-klebeband-bopp-48mm-x-126m\/","name":"Braunes PVC-Klebeband 48mm x 126m","isPartOf":{"@id":"https:\/\/www.csj-emballages.com\/de\/#website"},"primaryImageOfPage":{"@id":"https:\/\/www.csj-emballages.com\/de\/produit\/braunes-klebeband-bopp-48mm-x-126m\/#primaryimage"},"image":{"@id":"https:\/\/www.csj-emballages.com\/de\/produit\/braunes-klebeband-bopp-48mm-x-126m\/#primaryimage"},"thumbnailUrl":"https:\/\/www.csj-emballages.com\/wp-content\/uploads\/2024\/03\/SCOTCHPVC.webp","datePublished":"2024-03-01T15:49:24+00:00","dateModified":"2026-05-03T00:11:33+00:00","description":"Braunes BOPP-Klebeband 48 mm x 126 m, hohe Rei\u00dffestigkeit und ausgezeichnete Haftung f\u00fcr den sicheren Verschluss von Verpackungskartons.","breadcrumb":{"@id":"https:\/\/www.csj-emballages.com\/de\/produit\/braunes-klebeband-bopp-48mm-x-126m\/#breadcrumb"},"inLanguage":"de","potentialAction":[{"@type":"ReadAction","target":["https:\/\/www.csj-emballages.com\/de\/produit\/braunes-klebeband-bopp-48mm-x-126m\/"]}]},{"@type":"ImageObject","inLanguage":"de","@id":"https:\/\/www.csj-emballages.com\/de\/produit\/braunes-klebeband-bopp-48mm-x-126m\/#primaryimage","url":"https:\/\/www.csj-emballages.com\/wp-content\/uploads\/2024\/03\/SCOTCHPVC.webp","contentUrl":"https:\/\/www.csj-emballages.com\/wp-content\/uploads\/2024\/03\/SCOTCHPVC.webp","width":800,"height":800,"caption":"Ruban adh\u00e9sif"},{"@type":"BreadcrumbList","@id":"https:\/\/www.csj-emballages.com\/de\/produit\/braunes-klebeband-bopp-48mm-x-126m\/#breadcrumb","itemListElement":[{"@type":"ListItem","position":1,"name":"Accueil","item":"https:\/\/www.csj-emballages.com\/de\/universum-lebensmittelverpackungen\/"},{"@type":"ListItem","position":2,"name":"Shop","item":"https:\/\/www.csj-emballages.com\/shop\/"},{"@type":"ListItem","position":3,"name":"Braunes PVC-Klebeband 48mm x 126m"}]},{"@type":"WebSite","@id":"https:\/\/www.csj-emballages.com\/de\/#website","url":"https:\/\/www.csj-emballages.com\/de\/","name":"CSJ Emballages","description":"","publisher":{"@id":"https:\/\/www.csj-emballages.com\/de\/#organization"},"potentialAction":[{"@type":"SearchAction","target":{"@type":"EntryPoint","urlTemplate":"https:\/\/www.csj-emballages.com\/de\/?s={search_term_string}"},"query-input":{"@type":"PropertyValueSpecification","valueRequired":true,"valueName":"search_term_string"}}],"inLanguage":"de"},{"@type":"Organization","@id":"https:\/\/www.csj-emballages.com\/de\/#Organization\/","name":"CSJ Emballages","url":"https:\/\/www.csj-emballages.com\/de\/","logo":{"@type":"ImageObject","inLanguage":"de","@id":"https:\/\/www.csj-emballages.com\/de\/#\/schema\/logo\/image\/","url":"https:\/\/www.csj-emballages.com\/wp-content\/uploads\/2023\/10\/logo_csj.webp","contentUrl":"https:\/\/www.csj-emballages.com\/wp-content\/uploads\/2023\/10\/logo_csj.webp","width":250,"height":95,"caption":"CSJ Emballages"},"image":{"@id":"https:\/\/www.csj-emballages.com\/de\/#\/schema\/logo\/image\/"},"sameAs":["https:\/\/www.facebook.com\/csjemballages"],"address":{"@type":"PostalAddress","streetAddress":"ZI La Lechere","addressLocality":"Patornay","postalCode":"39130","addressCountry":"FR"},"contactPoint":[{"@type":"ContactPoint","contactType":"Service client","telephone":"0384254272","email":"contact@csj-emballages.com"}]}]}},"df_price":2.95,"df_sale_price":"","df_regular_price":2.95,"df_image_link":"https:\/\/www.csj-emballages.com\/wp-content\/uploads\/2024\/03\/SCOTCHPVC-300x300.webp","tiered_pricing_type":"fixed","tiered_pricing_fixed_rules":[],"tiered_pricing_percentage_rules":[],"tiered_pricing_minimum":1,"tiered_pricing_roles_data":[],"_links":{"self":[{"href":"https:\/\/www.csj-emballages.com\/de\/wp-json\/wp\/v2\/product\/23342","targetHints":{"allow":["GET"]}}],"collection":[{"href":"https:\/\/www.csj-emballages.com\/de\/wp-json\/wp\/v2\/product"}],"about":[{"href":"https:\/\/www.csj-emballages.com\/de\/wp-json\/wp\/v2\/types\/product"}],"wp:featuredmedia":[{"embeddable":true,"href":"https:\/\/www.csj-emballages.com\/de\/wp-json\/wp\/v2\/media\/263385"}],"wp:attachment":[{"href":"https:\/\/www.csj-emballages.com\/de\/wp-json\/wp\/v2\/media?parent=23342"}],"wp:term":[{"taxonomy":"product_brand","embeddable":true,"href":"https:\/\/www.csj-emballages.com\/de\/wp-json\/wp\/v2\/product_brand?post=23342"},{"taxonomy":"product_cat","embeddable":true,"href":"https:\/\/www.csj-emballages.com\/de\/wp-json\/wp\/v2\/product_cat?post=23342"},{"taxonomy":"product_tag","embeddable":true,"href":"https:\/\/www.csj-emballages.com\/de\/wp-json\/wp\/v2\/product_tag?post=23342"}],"curies":[{"name":"wp","href":"https:\/\/api.w.org\/{rel}","templated":true}]}}